{"id":35,"date":"2024-12-11T13:18:42","date_gmt":"2024-12-11T12:18:42","guid":{"rendered":"https:\/\/iwhiteinstant.com\/be\/?page_id=35"},"modified":"2025-06-23T14:34:02","modified_gmt":"2025-06-23T12:34:02","slug":"faq","status":"publish","type":"page","link":"https:\/\/iwhiteinstant.com\/be\/fr\/faq\/","title":{"rendered":"FAQ"},"content":{"rendered":"\n<div class=\"wp-block-karopharma-free-text pt-large pb-large bg-center bg-cover bg-no-repeat bg-box is-style-primary\" style=\"background-image:url(https:\/\/iwhiteinstant.com\/cdn-cgi\/image\/format=auto\/app\/uploads\/sites\/19\/2024\/12\/faq.jpg)\"><div class=\"free-text-wrapper container max-w-small text-center\">\n<h1 class=\"wp-block-heading is-style-heading-huge has-primary-color has-text-color\">Foires aux questions<\/h1>\n\n\n\n<h2 class=\"wp-block-heading is-style-heading-h3\">Trouvez la r\u00e9ponse aux questions les plus fr\u00e9quentes.<\/h2>\n<\/div><\/div>\n\n\n\n<div class=\"wp-block-karopharma-accordions\"><div class=\"container\">\n<details class=\"wp-block-karopharma-accordion\"><summary><h2 class=\"accordion-title\">Quel r\u00e9sultat puis-je esp\u00e9rer ?<\/h2><\/summary><div class=\"accordion-content\">\n<p>Les r\u00e9sultats du blanchiment varient d\u2019un utilisateur \u00e0 l\u2019autre et d\u00e9pendent de l\u2019origine des t\u00e2ches sur les dents ou de la densit\u00e9 de vos dents. Cependant, les essais cliniques montrent que l\u2019on peut obtenir jusqu\u2019\u00e0 8 teintes en seulement 20 minutes. Ces r\u00e9sultats ont \u00e9t\u00e9 soumis \u00e0 un notaire. Tout d\u00e9pend aussi du degr\u00e9 de d\u00e9coloration des dents avant le traitement. Plus on a de t\u00e2ches, plus le produit aura de l\u2019effet.<\/p>\n<\/div><\/details>\n\n\n\n<details class=\"wp-block-karopharma-accordion\"><summary><h2 class=\"accordion-title\">Combien de temps durent les r\u00e9sultats ?<\/h2><\/summary><div class=\"accordion-content\">\n<p>Cela d\u00e9pendra de votre hygi\u00e8ne buccale. Les produits comme le tabac, le vin rouge, le th\u00e9 et le caf\u00e9 peuvent provoquer de nouvelles d\u00e9colorations. Le dentifrice blanchissant iWhite vous aide \u00e0 garder un beau sourire et assure une protection quotidienne \u00e0 vos dents.<\/p>\n<\/div><\/details>\n\n\n\n<details class=\"wp-block-karopharma-accordion\"><summary><h2 class=\"accordion-title\">\u00c0 quelle fr\u00e9quence puis-je utiliser le traitement de blanchiment iWhite Instant ?<\/h2><\/summary><div class=\"accordion-content\">\n<p>Cela d\u00e9pend du produit iWhite que vous utilisez. Par exemple, les kits de blanchiment peuvent \u00eatre utilis\u00e9s tous les jours pendant 5 jours cons\u00e9cutifs. Il est conseill\u00e9 de v\u00e9rifier le mode d&#8217;emploi de chaque produit avant de l&rsquo;utiliser.<\/p>\n<\/div><\/details>\n\n\n\n<details class=\"wp-block-karopharma-accordion\"><summary><h2 class=\"accordion-title\">Les produits de blanchiment des dents iWhite sont-ils s\u00fbrs ?<\/h2><\/summary><div class=\"accordion-content\">\n<p>Oui, absolument, les produits de blanchiment des dents iWhite sont des produits cosm\u00e9tiques enregistr\u00e9s et contiennent des ingr\u00e9dients cosm\u00e9tiques europ\u00e9ens approuv\u00e9s. Comme les produits de blanchiment des dents iWhite ne contiennent pas de peroxyde d&rsquo;hydrog\u00e8ne, les dents et\/ou les gencives ne seront pas endommag\u00e9es et\/ou sensibles.<\/p>\n<\/div><\/details>\n\n\n\n<details class=\"wp-block-karopharma-accordion\"><summary><h2 class=\"accordion-title\">Puis-je utiliser iWhite Instant si je souffre de probl\u00e8mes de gencives ?<\/h2><\/summary><div class=\"accordion-content\">\n<p>Si vous avez des probl\u00e8mes de gencives, vous devriez consulter un dentiste avant d\u2019utiliser ce produit.<\/p>\n<\/div><\/details>\n\n\n\n<details class=\"wp-block-karopharma-accordion\"><summary><h2 class=\"accordion-title\">Puis-je utiliser iWhite Instant si j\u2019ai subi des soins dentaires ?<\/h2><\/summary><div class=\"accordion-content\">\n<p>N\u2019utilisez pas ce produit moins de deux semaines avant ou apr\u00e8s avoir subi des soins dentaires ou un traitement d\u2019orthodontie (plombage, couronne, implant\u2026)<\/p>\n<\/div><\/details>\n\n\n\n<details class=\"wp-block-karopharma-accordion\"><summary><h2 class=\"accordion-title\">iWhite Instant a-t-il un effet sur les plombages, couronnes et facettes ?<\/h2><\/summary><div class=\"accordion-content\">\n<p>Les couronnes, facettes et plombages ne blanchissent pas, mais ne seront pas alt\u00e9r\u00e9s par le traitement.<\/p>\n<\/div><\/details>\n\n\n\n<details class=\"wp-block-karopharma-accordion\"><summary><h2 class=\"accordion-title\">La gamme de produits de blanchiment iWhite peut-elle \u00eatre utilis\u00e9e pendant la grossesse et\/ou l&rsquo;allaitement ?<\/h2><\/summary><div class=\"accordion-content\">\n<p>Nous ne recommandons pas l&rsquo;utilisation de la gamme iWhite pendant la grossesse ou l&rsquo;allaitement.<\/p>\n<\/div><\/details>\n<\/div><\/div>\n","protected":false},"excerpt":{"rendered":"","protected":false},"author":2,"featured_media":0,"parent":0,"menu_order":0,"comment_status":"closed","ping_status":"closed","template":"","meta":{"_acf_changed":false,"footnotes":""},"from-article-database":[],"class_list":["post-35","page","type-page","status-publish","hentry"],"acf":[],"yoast_head":"<!-- This site is optimized with the Yoast SEO plugin v26.6 - https:\/\/yoast.com\/wordpress\/plugins\/seo\/ -->\n<title>FAQ - iWhite<\/title>\n<meta name=\"description\" content=\"Trouvez la r\u00e9ponse aux questions les plus fr\u00e9quentes: Quel r\u00e9sultat puis-je esp\u00e9rer ? Combien de temps durent les r\u00e9sultats ?\" \/>\n<meta name=\"robots\" content=\"index, follow, max-snippet:-1, max-image-preview:large, max-video-preview:-1\" \/>\n<link rel=\"canonical\" href=\"https:\/\/iwhiteinstant.com\/be\/fr\/faq\/\" \/>\n<meta property=\"og:locale\" content=\"fr_FR\" \/>\n<meta property=\"og:type\" content=\"article\" \/>\n<meta property=\"og:title\" content=\"FAQ - iWhite\" \/>\n<meta property=\"og:description\" content=\"Trouvez la r\u00e9ponse aux questions les plus fr\u00e9quentes: Quel r\u00e9sultat puis-je esp\u00e9rer ? Combien de temps durent les r\u00e9sultats ?\" \/>\n<meta property=\"og:url\" content=\"https:\/\/iwhiteinstant.com\/be\/fr\/faq\/\" \/>\n<meta property=\"og:site_name\" content=\"iWhite\" \/>\n<meta property=\"article:modified_time\" content=\"2025-06-23T12:34:02+00:00\" \/>\n<meta name=\"twitter:card\" content=\"summary_large_image\" \/>\n<meta name=\"twitter:label1\" content=\"Est. reading time\" \/>\n\t<meta name=\"twitter:data1\" content=\"2 minutes\" \/>\n<script type=\"application\/ld+json\" class=\"yoast-schema-graph\">{\"@context\":\"https:\/\/schema.org\",\"@graph\":[{\"@type\":\"WebPage\",\"@id\":\"https:\/\/iwhiteinstant.com\/be\/fr\/faq\/\",\"url\":\"https:\/\/iwhiteinstant.com\/be\/fr\/faq\/\",\"name\":\"FAQ - iWhite\",\"isPartOf\":{\"@id\":\"https:\/\/iwhiteinstant.com\/be\/fr\/#website\"},\"datePublished\":\"2024-12-11T12:18:42+00:00\",\"dateModified\":\"2025-06-23T12:34:02+00:00\",\"description\":\"Trouvez la r\u00e9ponse aux questions les plus fr\u00e9quentes: Quel r\u00e9sultat puis-je esp\u00e9rer ? Combien de temps durent les r\u00e9sultats ?\",\"breadcrumb\":{\"@id\":\"https:\/\/iwhiteinstant.com\/be\/fr\/faq\/#breadcrumb\"},\"inLanguage\":\"fr-FR\",\"potentialAction\":[{\"@type\":\"ReadAction\",\"target\":[\"https:\/\/iwhiteinstant.com\/be\/fr\/faq\/\"]}]},{\"@type\":\"BreadcrumbList\",\"@id\":\"https:\/\/iwhiteinstant.com\/be\/fr\/faq\/#breadcrumb\",\"itemListElement\":[{\"@type\":\"ListItem\",\"position\":1,\"name\":\"Home\",\"item\":\"https:\/\/iwhiteinstant.com\/be\/fr\/\"},{\"@type\":\"ListItem\",\"position\":2,\"name\":\"FAQ\"}]},{\"@type\":\"WebSite\",\"@id\":\"https:\/\/iwhiteinstant.com\/be\/fr\/#website\",\"url\":\"https:\/\/iwhiteinstant.com\/be\/fr\/\",\"name\":\"iWhite\",\"description\":\"\",\"publisher\":{\"@id\":\"https:\/\/iwhiteinstant.com\/be\/fr\/#organization\"},\"potentialAction\":[{\"@type\":\"SearchAction\",\"target\":{\"@type\":\"EntryPoint\",\"urlTemplate\":\"https:\/\/iwhiteinstant.com\/be\/fr\/?s={search_term_string}\"},\"query-input\":{\"@type\":\"PropertyValueSpecification\",\"valueRequired\":true,\"valueName\":\"search_term_string\"}}],\"inLanguage\":\"fr-FR\"},{\"@type\":\"Organization\",\"@id\":\"https:\/\/iwhiteinstant.com\/be\/fr\/#organization\",\"name\":\"iWhite\",\"url\":\"https:\/\/iwhiteinstant.com\/be\/fr\/\",\"logo\":{\"@type\":\"ImageObject\",\"inLanguage\":\"fr-FR\",\"@id\":\"https:\/\/iwhiteinstant.com\/be\/fr\/#\/schema\/logo\/image\/\",\"url\":\"https:\/\/iwhiteinstant.com\/app\/uploads\/sites\/19\/2024\/12\/Iwhite-logo.png\",\"contentUrl\":\"https:\/\/iwhiteinstant.com\/app\/uploads\/sites\/19\/2024\/12\/Iwhite-logo.png\",\"width\":160,\"height\":40,\"caption\":\"iWhite\"},\"image\":{\"@id\":\"https:\/\/iwhiteinstant.com\/be\/fr\/#\/schema\/logo\/image\/\"}}]}<\/script>\n<!-- \/ Yoast SEO plugin. -->","yoast_head_json":{"title":"FAQ - iWhite","description":"Trouvez la r\u00e9ponse aux questions les plus fr\u00e9quentes: Quel r\u00e9sultat puis-je esp\u00e9rer ? Combien de temps durent les r\u00e9sultats ?","robots":{"index":"index","follow":"follow","max-snippet":"max-snippet:-1","max-image-preview":"max-image-preview:large","max-video-preview":"max-video-preview:-1"},"canonical":"https:\/\/iwhiteinstant.com\/be\/fr\/faq\/","og_locale":"fr_FR","og_type":"article","og_title":"FAQ - iWhite","og_description":"Trouvez la r\u00e9ponse aux questions les plus fr\u00e9quentes: Quel r\u00e9sultat puis-je esp\u00e9rer ? Combien de temps durent les r\u00e9sultats ?","og_url":"https:\/\/iwhiteinstant.com\/be\/fr\/faq\/","og_site_name":"iWhite","article_modified_time":"2025-06-23T12:34:02+00:00","twitter_card":"summary_large_image","twitter_misc":{"Est. reading time":"2 minutes"},"schema":{"@context":"https:\/\/schema.org","@graph":[{"@type":"WebPage","@id":"https:\/\/iwhiteinstant.com\/be\/fr\/faq\/","url":"https:\/\/iwhiteinstant.com\/be\/fr\/faq\/","name":"FAQ - iWhite","isPartOf":{"@id":"https:\/\/iwhiteinstant.com\/be\/fr\/#website"},"datePublished":"2024-12-11T12:18:42+00:00","dateModified":"2025-06-23T12:34:02+00:00","description":"Trouvez la r\u00e9ponse aux questions les plus fr\u00e9quentes: Quel r\u00e9sultat puis-je esp\u00e9rer ? Combien de temps durent les r\u00e9sultats ?","breadcrumb":{"@id":"https:\/\/iwhiteinstant.com\/be\/fr\/faq\/#breadcrumb"},"inLanguage":"fr-FR","potentialAction":[{"@type":"ReadAction","target":["https:\/\/iwhiteinstant.com\/be\/fr\/faq\/"]}]},{"@type":"BreadcrumbList","@id":"https:\/\/iwhiteinstant.com\/be\/fr\/faq\/#breadcrumb","itemListElement":[{"@type":"ListItem","position":1,"name":"Home","item":"https:\/\/iwhiteinstant.com\/be\/fr\/"},{"@type":"ListItem","position":2,"name":"FAQ"}]},{"@type":"WebSite","@id":"https:\/\/iwhiteinstant.com\/be\/fr\/#website","url":"https:\/\/iwhiteinstant.com\/be\/fr\/","name":"iWhite","description":"","publisher":{"@id":"https:\/\/iwhiteinstant.com\/be\/fr\/#organization"},"potentialAction":[{"@type":"SearchAction","target":{"@type":"EntryPoint","urlTemplate":"https:\/\/iwhiteinstant.com\/be\/fr\/?s={search_term_string}"},"query-input":{"@type":"PropertyValueSpecification","valueRequired":true,"valueName":"search_term_string"}}],"inLanguage":"fr-FR"},{"@type":"Organization","@id":"https:\/\/iwhiteinstant.com\/be\/fr\/#organization","name":"iWhite","url":"https:\/\/iwhiteinstant.com\/be\/fr\/","logo":{"@type":"ImageObject","inLanguage":"fr-FR","@id":"https:\/\/iwhiteinstant.com\/be\/fr\/#\/schema\/logo\/image\/","url":"https:\/\/iwhiteinstant.com\/app\/uploads\/sites\/19\/2024\/12\/Iwhite-logo.png","contentUrl":"https:\/\/iwhiteinstant.com\/app\/uploads\/sites\/19\/2024\/12\/Iwhite-logo.png","width":160,"height":40,"caption":"iWhite"},"image":{"@id":"https:\/\/iwhiteinstant.com\/be\/fr\/#\/schema\/logo\/image\/"}}]}},"_links":{"self":[{"href":"https:\/\/iwhiteinstant.com\/be\/fr\/wp-json\/wp\/v2\/pages\/35","targetHints":{"allow":["GET"]}}],"collection":[{"href":"https:\/\/iwhiteinstant.com\/be\/fr\/wp-json\/wp\/v2\/pages"}],"about":[{"href":"https:\/\/iwhiteinstant.com\/be\/fr\/wp-json\/wp\/v2\/types\/page"}],"author":[{"embeddable":true,"href":"https:\/\/iwhiteinstant.com\/be\/fr\/wp-json\/wp\/v2\/users\/2"}],"replies":[{"embeddable":true,"href":"https:\/\/iwhiteinstant.com\/be\/fr\/wp-json\/wp\/v2\/comments?post=35"}],"version-history":[{"count":3,"href":"https:\/\/iwhiteinstant.com\/be\/fr\/wp-json\/wp\/v2\/pages\/35\/revisions"}],"predecessor-version":[{"id":402,"href":"https:\/\/iwhiteinstant.com\/be\/fr\/wp-json\/wp\/v2\/pages\/35\/revisions\/402"}],"wp:attachment":[{"href":"https:\/\/iwhiteinstant.com\/be\/fr\/wp-json\/wp\/v2\/media?parent=35"}],"wp:term":[{"taxonomy":"from-article-database","embeddable":true,"href":"https:\/\/iwhiteinstant.com\/be\/fr\/wp-json\/wp\/v2\/from-article-database?post=35"}],"curies":[{"name":"wp","href":"https:\/\/api.w.org\/{rel}","templated":true}]}}