{"id":37,"date":"2024-12-11T13:18:23","date_gmt":"2024-12-11T12:18:23","guid":{"rendered":"https:\/\/iwhiteinstant.com\/be\/?page_id=37"},"modified":"2024-12-16T15:47:16","modified_gmt":"2024-12-16T14:47:16","slug":"technologie-iwhite","status":"publish","type":"page","link":"https:\/\/iwhiteinstant.com\/be\/fr\/technologie-iwhite\/","title":{"rendered":"Technologie iWhite"},"content":{"rendered":"\n<div class=\"wp-block-karopharma-free-text pt-large pb-large bg-center bg-cover bg-no-repeat\" style=\"background-image:url()\"><div class=\"free-text-wrapper container max-w-medium text-left\">\n<h1 class=\"wp-block-heading is-style-heading-huge has-primary-color has-text-color\">Technologie iWhite<sup>\u00a9<\/sup><\/h1>\n\n\n\n<p>Nous avons invent\u00e9 un nouveau traitement de blanchiment des dents\u00a0sans peroxyde d&rsquo;hydrog\u00e8ne\u00a0et encore\u00a0plus efficace, gr\u00e2ce \u00e0 une technologie unique, la FCC (Film de Calcium Cristallin).<\/p>\n\n\n\n<p>De petits cristaux blancs bioactifs sont alli\u00e9s \u00e0 un agent filmog\u00e8ne polym\u00e8re r\u00e9sistant. Gr\u00e2ce \u00e0 cette technologie innovante, les cristaux bioactifs blancs se d\u00e9posent physiquement sur la surface de la dent. Le d\u00e9p\u00f4t physique des cristaux blancs produit un effet de blanchiment optique. La technologie FCC est renforc\u00e9e par une innovation en mati\u00e8re de blanchiment dentaire : le P.A.P. C\u2019est une mol\u00e9cule puissante qui \u00e9limine les t\u00e2ches et d\u00e9compose la d\u00e9coloration des dents en petits morceaux sans alt\u00e9rer la structure de la dent.<\/p>\n\n\n\n<p>Des \u00e9tudes cliniques ont prouv\u00e9 qu\u2019iWhite Instant est 100% s\u00fbr pour les dents\u00a0et qu\u2019il procure\u00a0un effet de blanchiment\u00a0imm\u00e9diat\u00a0d\u00e8s la\u00a0premi\u00e8re application. Certains patients ont vu leurs dents progresser jusqu\u2019\u00e0 8 teintes d\u00e8s le premier traitement. Cependant, les r\u00e9sultats varient d\u2019une personne \u00e0 l\u2019autre.<\/p>\n<\/div><\/div>\n\n\n\n<div class=\"wp-block-karopharma-free-text pt-large pb-large bg-center bg-cover bg-no-repeat  is-style-primary\" style=\"background-image:url()\"><div class=\"free-text-wrapper container max-w-medium text-left\">\n<h2 class=\"wp-block-heading is-style-heading-h2\">R\u00e9sultats instantan\u00e9s<sup>****<\/sup><\/h2>\n\n\n\n<p>Un essai clinique a \u00e9t\u00e9 effectu\u00e9 au cabinet d\u2019un expert ind\u00e9pendant et r\u00e9put\u00e9. Ce dentiste est l\u2019ancien pr\u00e9sident de l\u2019Acad\u00e9mie Belge d\u2019Esth\u00e9tique Dentaire (AED), elle est membre de plusieurs acad\u00e9mies d\u2019enqu\u00eate sur les proc\u00e9dures esth\u00e9tiques et r\u00e9alise des proc\u00e9dures de blanchiment depuis plus de 20 ans. Les r\u00e9sultats de cette \u00e9tude sur l\u2019efficacit\u00e9 d\u2019iWhite Instant indiquent une moyenne de 4,8 teintes, tandis que certains patients ont eu les dents jusqu\u2019\u00e0 8 teintes plus blanches apr\u00e8s un seul traitement de 20 minutes !<\/p>\n<\/div><\/div>\n\n\n\n<div class=\"wp-block-karopharma-free-text pt-large pb-large bg-center bg-cover bg-no-repeat\" style=\"background-image:url()\"><div class=\"free-text-wrapper container max-w-medium text-left\">\n<figure class=\"wp-block-table is-style-secondary-stripes\"><table><thead><tr><th>Am\u00e9lioration de la teinte (SH)<\/th><th>Pourcentage de Patients (%)<\/th><\/tr><\/thead><tbody><tr><td>SH 0<\/td><td>4%<\/td><\/tr><tr><td>SH 1<\/td><td>0%<\/td><\/tr><tr><td>SH 2<\/td><td>4%<\/td><\/tr><tr><td>SH 3<\/td><td>24%<\/td><\/tr><tr><td>SH 4<\/td><td>16%<\/td><\/tr><tr><td>SH 5<\/td><td>8%<\/td><\/tr><tr><td>SH 6<\/td><td>12%<\/td><\/tr><tr><td>SH 7<\/td><td>24%<\/td><\/tr><tr><td>SH 8<\/td><td>8%<\/td><\/tr><\/tbody><\/table><figcaption class=\"wp-element-caption\"><small>Tableau 1\u00a0: R\u00e9partition de l&rsquo;am\u00e9lioration de la teinte<\/small><\/figcaption><\/figure>\n<\/div><\/div>\n\n\n\n<div class=\"wp-block-karopharma-free-text pt-large pb-large bg-center bg-cover bg-no-repeat  is-style-primary\" style=\"background-image:url()\"><div class=\"free-text-wrapper container max-w-medium text-left\">\n<h2 class=\"wp-block-heading is-style-heading-h2\">100% S\u00dbR<\/h2>\n\n\n\n<p>Aucun des patients n\u2019a souffert de probl\u00e8mes de gencives ni de sensibilit\u00e9 apr\u00e8s le traitement et tous ont \u00e9t\u00e9 satisfaits de la commodit\u00e9 d\u2019ensemble des goutti\u00e8res pr\u00eates \u00e0 l\u2019emploi.<\/p>\n<\/div><\/div>\n\n\n\n<div class=\"wp-block-karopharma-free-text pt-large pb-large bg-center bg-cover bg-no-repeat\" style=\"background-image:url()\"><div class=\"free-text-wrapper container max-w-medium text-left\">\n<figure class=\"wp-block-table is-style-secondary-stripes\"><table><thead><tr><th>Question<\/th><th>R\u00e9ponse<\/th><th>T1 (n)<\/th><th>T2 (n)<\/th><\/tr><\/thead><tbody><tr><td>Le patient souffre-t-il d\u2019ulc\u00e8res aphteux ?<\/td><td>Nee<br>Ja<\/td><td>100%<br>0<\/td><td>100%<br>0<\/td><\/tr><tr><td>Le patient pr\u00e9sente-t-il des points blancs sur les tissus mous ?<\/td><td>Nee<br>Ja<\/td><td>100%<br>0<\/td><td>100%<br>0<\/td><\/tr><tr><td>Avez-vous mal aux dents, ressentez-vous une sensibilit\u00e9 ?<\/td><td>Nee<br>Ja<\/td><td>100%<br>0<\/td><td>100%<br>0<\/td><\/tr><\/tbody><\/table><figcaption class=\"wp-element-caption\"><small>Tableau 2 : R\u00e9partition des donn\u00e9es de tol\u00e9rance<\/small><\/figcaption><\/figure>\n\n\n\n<p class=\"is-style-paragraph-small\">**** \u00c9tude clinique (essai clinique randomis\u00e9 en double aveugle d&rsquo;un produit de blanchiment des dents par rapport \u00e0 un placebo).<\/p>\n<\/div><\/div>\n","protected":false},"excerpt":{"rendered":"","protected":false},"author":2,"featured_media":0,"parent":0,"menu_order":0,"comment_status":"closed","ping_status":"closed","template":"","meta":{"_acf_changed":false,"footnotes":""},"from-article-database":[],"class_list":["post-37","page","type-page","status-publish","hentry"],"acf":[],"yoast_head":"<!-- This site is optimized with the Yoast SEO plugin v26.6 - https:\/\/yoast.com\/wordpress\/plugins\/seo\/ -->\n<title>Technologie iWhite - iWhite<\/title>\n<meta name=\"description\" content=\"Nous avons invent\u00e9 un nouveau traitement de blanchiment des dents\u00a0sans peroxyde d&#039;hydrog\u00e8ne\u00a0et encore\u00a0plus efficace, gr\u00e2ce \u00e0 une technologie unique, la FCC (Film de Calcium Cristallin).\" \/>\n<meta name=\"robots\" content=\"index, follow, max-snippet:-1, max-image-preview:large, max-video-preview:-1\" \/>\n<link rel=\"canonical\" href=\"https:\/\/iwhiteinstant.com\/be\/fr\/technologie-iwhite\/\" \/>\n<meta property=\"og:locale\" content=\"fr_FR\" \/>\n<meta property=\"og:type\" content=\"article\" \/>\n<meta property=\"og:title\" content=\"Technologie iWhite - iWhite\" \/>\n<meta property=\"og:description\" content=\"Nous avons invent\u00e9 un nouveau traitement de blanchiment des dents\u00a0sans peroxyde d&#039;hydrog\u00e8ne\u00a0et encore\u00a0plus efficace, gr\u00e2ce \u00e0 une technologie unique, la FCC (Film de Calcium Cristallin).\" \/>\n<meta property=\"og:url\" content=\"https:\/\/iwhiteinstant.com\/be\/fr\/technologie-iwhite\/\" \/>\n<meta property=\"og:site_name\" content=\"iWhite\" \/>\n<meta property=\"article:modified_time\" content=\"2024-12-16T14:47:16+00:00\" \/>\n<meta name=\"twitter:card\" content=\"summary_large_image\" \/>\n<meta name=\"twitter:label1\" content=\"Est. reading time\" \/>\n\t<meta name=\"twitter:data1\" content=\"2 minutes\" \/>\n<script type=\"application\/ld+json\" class=\"yoast-schema-graph\">{\"@context\":\"https:\/\/schema.org\",\"@graph\":[{\"@type\":\"WebPage\",\"@id\":\"https:\/\/iwhiteinstant.com\/be\/fr\/technologie-iwhite\/\",\"url\":\"https:\/\/iwhiteinstant.com\/be\/fr\/technologie-iwhite\/\",\"name\":\"Technologie iWhite - iWhite\",\"isPartOf\":{\"@id\":\"https:\/\/iwhiteinstant.com\/be\/fr\/#website\"},\"datePublished\":\"2024-12-11T12:18:23+00:00\",\"dateModified\":\"2024-12-16T14:47:16+00:00\",\"description\":\"Nous avons invent\u00e9 un nouveau traitement de blanchiment des dents\u00a0sans peroxyde d'hydrog\u00e8ne\u00a0et encore\u00a0plus efficace, gr\u00e2ce \u00e0 une technologie unique, la FCC (Film de Calcium Cristallin).\",\"breadcrumb\":{\"@id\":\"https:\/\/iwhiteinstant.com\/be\/fr\/technologie-iwhite\/#breadcrumb\"},\"inLanguage\":\"fr-FR\",\"potentialAction\":[{\"@type\":\"ReadAction\",\"target\":[\"https:\/\/iwhiteinstant.com\/be\/fr\/technologie-iwhite\/\"]}]},{\"@type\":\"BreadcrumbList\",\"@id\":\"https:\/\/iwhiteinstant.com\/be\/fr\/technologie-iwhite\/#breadcrumb\",\"itemListElement\":[{\"@type\":\"ListItem\",\"position\":1,\"name\":\"Home\",\"item\":\"https:\/\/iwhiteinstant.com\/be\/fr\/\"},{\"@type\":\"ListItem\",\"position\":2,\"name\":\"Technologie iWhite\"}]},{\"@type\":\"WebSite\",\"@id\":\"https:\/\/iwhiteinstant.com\/be\/fr\/#website\",\"url\":\"https:\/\/iwhiteinstant.com\/be\/fr\/\",\"name\":\"iWhite\",\"description\":\"\",\"publisher\":{\"@id\":\"https:\/\/iwhiteinstant.com\/be\/fr\/#organization\"},\"potentialAction\":[{\"@type\":\"SearchAction\",\"target\":{\"@type\":\"EntryPoint\",\"urlTemplate\":\"https:\/\/iwhiteinstant.com\/be\/fr\/?s={search_term_string}\"},\"query-input\":{\"@type\":\"PropertyValueSpecification\",\"valueRequired\":true,\"valueName\":\"search_term_string\"}}],\"inLanguage\":\"fr-FR\"},{\"@type\":\"Organization\",\"@id\":\"https:\/\/iwhiteinstant.com\/be\/fr\/#organization\",\"name\":\"iWhite\",\"url\":\"https:\/\/iwhiteinstant.com\/be\/fr\/\",\"logo\":{\"@type\":\"ImageObject\",\"inLanguage\":\"fr-FR\",\"@id\":\"https:\/\/iwhiteinstant.com\/be\/fr\/#\/schema\/logo\/image\/\",\"url\":\"https:\/\/iwhiteinstant.com\/app\/uploads\/sites\/19\/2024\/12\/Iwhite-logo.png\",\"contentUrl\":\"https:\/\/iwhiteinstant.com\/app\/uploads\/sites\/19\/2024\/12\/Iwhite-logo.png\",\"width\":160,\"height\":40,\"caption\":\"iWhite\"},\"image\":{\"@id\":\"https:\/\/iwhiteinstant.com\/be\/fr\/#\/schema\/logo\/image\/\"}}]}<\/script>\n<!-- \/ Yoast SEO plugin. -->","yoast_head_json":{"title":"Technologie iWhite - iWhite","description":"Nous avons invent\u00e9 un nouveau traitement de blanchiment des dents\u00a0sans peroxyde d'hydrog\u00e8ne\u00a0et encore\u00a0plus efficace, gr\u00e2ce \u00e0 une technologie unique, la FCC (Film de Calcium Cristallin).","robots":{"index":"index","follow":"follow","max-snippet":"max-snippet:-1","max-image-preview":"max-image-preview:large","max-video-preview":"max-video-preview:-1"},"canonical":"https:\/\/iwhiteinstant.com\/be\/fr\/technologie-iwhite\/","og_locale":"fr_FR","og_type":"article","og_title":"Technologie iWhite - iWhite","og_description":"Nous avons invent\u00e9 un nouveau traitement de blanchiment des dents\u00a0sans peroxyde d'hydrog\u00e8ne\u00a0et encore\u00a0plus efficace, gr\u00e2ce \u00e0 une technologie unique, la FCC (Film de Calcium Cristallin).","og_url":"https:\/\/iwhiteinstant.com\/be\/fr\/technologie-iwhite\/","og_site_name":"iWhite","article_modified_time":"2024-12-16T14:47:16+00:00","twitter_card":"summary_large_image","twitter_misc":{"Est. reading time":"2 minutes"},"schema":{"@context":"https:\/\/schema.org","@graph":[{"@type":"WebPage","@id":"https:\/\/iwhiteinstant.com\/be\/fr\/technologie-iwhite\/","url":"https:\/\/iwhiteinstant.com\/be\/fr\/technologie-iwhite\/","name":"Technologie iWhite - iWhite","isPartOf":{"@id":"https:\/\/iwhiteinstant.com\/be\/fr\/#website"},"datePublished":"2024-12-11T12:18:23+00:00","dateModified":"2024-12-16T14:47:16+00:00","description":"Nous avons invent\u00e9 un nouveau traitement de blanchiment des dents\u00a0sans peroxyde d'hydrog\u00e8ne\u00a0et encore\u00a0plus efficace, gr\u00e2ce \u00e0 une technologie unique, la FCC (Film de Calcium Cristallin).","breadcrumb":{"@id":"https:\/\/iwhiteinstant.com\/be\/fr\/technologie-iwhite\/#breadcrumb"},"inLanguage":"fr-FR","potentialAction":[{"@type":"ReadAction","target":["https:\/\/iwhiteinstant.com\/be\/fr\/technologie-iwhite\/"]}]},{"@type":"BreadcrumbList","@id":"https:\/\/iwhiteinstant.com\/be\/fr\/technologie-iwhite\/#breadcrumb","itemListElement":[{"@type":"ListItem","position":1,"name":"Home","item":"https:\/\/iwhiteinstant.com\/be\/fr\/"},{"@type":"ListItem","position":2,"name":"Technologie iWhite"}]},{"@type":"WebSite","@id":"https:\/\/iwhiteinstant.com\/be\/fr\/#website","url":"https:\/\/iwhiteinstant.com\/be\/fr\/","name":"iWhite","description":"","publisher":{"@id":"https:\/\/iwhiteinstant.com\/be\/fr\/#organization"},"potentialAction":[{"@type":"SearchAction","target":{"@type":"EntryPoint","urlTemplate":"https:\/\/iwhiteinstant.com\/be\/fr\/?s={search_term_string}"},"query-input":{"@type":"PropertyValueSpecification","valueRequired":true,"valueName":"search_term_string"}}],"inLanguage":"fr-FR"},{"@type":"Organization","@id":"https:\/\/iwhiteinstant.com\/be\/fr\/#organization","name":"iWhite","url":"https:\/\/iwhiteinstant.com\/be\/fr\/","logo":{"@type":"ImageObject","inLanguage":"fr-FR","@id":"https:\/\/iwhiteinstant.com\/be\/fr\/#\/schema\/logo\/image\/","url":"https:\/\/iwhiteinstant.com\/app\/uploads\/sites\/19\/2024\/12\/Iwhite-logo.png","contentUrl":"https:\/\/iwhiteinstant.com\/app\/uploads\/sites\/19\/2024\/12\/Iwhite-logo.png","width":160,"height":40,"caption":"iWhite"},"image":{"@id":"https:\/\/iwhiteinstant.com\/be\/fr\/#\/schema\/logo\/image\/"}}]}},"_links":{"self":[{"href":"https:\/\/iwhiteinstant.com\/be\/fr\/wp-json\/wp\/v2\/pages\/37","targetHints":{"allow":["GET"]}}],"collection":[{"href":"https:\/\/iwhiteinstant.com\/be\/fr\/wp-json\/wp\/v2\/pages"}],"about":[{"href":"https:\/\/iwhiteinstant.com\/be\/fr\/wp-json\/wp\/v2\/types\/page"}],"author":[{"embeddable":true,"href":"https:\/\/iwhiteinstant.com\/be\/fr\/wp-json\/wp\/v2\/users\/2"}],"replies":[{"embeddable":true,"href":"https:\/\/iwhiteinstant.com\/be\/fr\/wp-json\/wp\/v2\/comments?post=37"}],"version-history":[{"count":5,"href":"https:\/\/iwhiteinstant.com\/be\/fr\/wp-json\/wp\/v2\/pages\/37\/revisions"}],"predecessor-version":[{"id":314,"href":"https:\/\/iwhiteinstant.com\/be\/fr\/wp-json\/wp\/v2\/pages\/37\/revisions\/314"}],"wp:attachment":[{"href":"https:\/\/iwhiteinstant.com\/be\/fr\/wp-json\/wp\/v2\/media?parent=37"}],"wp:term":[{"taxonomy":"from-article-database","embeddable":true,"href":"https:\/\/iwhiteinstant.com\/be\/fr\/wp-json\/wp\/v2\/from-article-database?post=37"}],"curies":[{"name":"wp","href":"https:\/\/api.w.org\/{rel}","templated":true}]}}