{"id":41,"date":"2024-12-11T13:19:12","date_gmt":"2024-12-11T12:19:12","guid":{"rendered":"https:\/\/iwhiteinstant.com\/be\/?page_id=41"},"modified":"2024-12-30T10:02:31","modified_gmt":"2024-12-30T09:02:31","slug":"a-propos-de-iwhite","status":"publish","type":"page","link":"https:\/\/iwhiteinstant.com\/be\/fr\/a-propos-de-iwhite\/","title":{"rendered":"A propos de iWhite"},"content":{"rendered":"\n<div class=\"wp-block-karopharma-free-text pt-large pb-large bg-center bg-cover bg-no-repeat bg-box\" style=\"background-image:url(https:\/\/iwhiteinstant.com\/cdn-cgi\/image\/format=auto\/app\/uploads\/sites\/19\/2024\/12\/about-iwhite.jpg)\"><div class=\"free-text-wrapper container max-w-small text-left\">\n<h1 class=\"wp-block-heading is-style-heading-huge has-primary-color has-text-color\">A propos d&rsquo;iWhite<\/h1>\n\n\n\n<p>iWhite Instant Teeth Whitening met sur le march\u00e9 un assortiment de produits de blanchiment r\u00e9volutionnaires depuis 2008. Les produits iWhite ont pour but de blanchir vos dents et d&rsquo;en enlever les taches. iWhite est aujourd&rsquo;hui disponible dans pr\u00e8s de 50 pays.<\/p>\n<\/div><\/div>\n\n\n\n<div class=\"wp-block-karopharma-free-text pt-large pb-large bg-center bg-cover bg-no-repeat\" style=\"background-image:url()\"><div class=\"free-text-wrapper container max-w-medium text-left\">\n<p>Tous les produits iWhite sont sans peroxyde d&rsquo;hydrog\u00e8ne, test\u00e9s cliniquement et 100 % s\u00fbrs. iWhite est disponible dans les drogueries et pharmacies. Les produits sont faciles \u00e0 utiliser \u00e0 domicile.<\/p>\n\n\n\n<p><strong>Contr\u00f4les de qualit\u00e9<\/strong><\/p>\n\n\n\n<p>Une \u00e9quipe de d\u00e9veloppement de produits sp\u00e9cialis\u00e9e assure une innovation continue au niveau des produits, adapt\u00e9e aux besoins sp\u00e9cifiques des consommateurs. Des contr\u00f4les de qualit\u00e9 rigoureux, selon les normes ISO 13485 et ISO 22716, assurent que nos produits conservent constamment un haut niveau et satisfassent \u00e0 la Directive pour les dispositifs m\u00e9dicaux et \u00e0 la l\u00e9gislation cosm\u00e9tique. Nous sommes, en outre, enregistr\u00e9s aupr\u00e8s de l&rsquo;Agence f\u00e9d\u00e9rale des m\u00e9dicaments et des produits de sant\u00e9 (AFMPS) et sommes \u00e9galement soumis \u00e0 des inspections en notre qualit\u00e9 de fabricant de soins m\u00e9dicaux. Toutes les recherches et tous les d\u00e9veloppements se d\u00e9roulent dans un environnement r\u00e9gul\u00e9 et de qualit\u00e9 au sein de notre implantation \u00e0 Deurle, Belgique.<\/p>\n<\/div><\/div>\n","protected":false},"excerpt":{"rendered":"","protected":false},"author":2,"featured_media":0,"parent":0,"menu_order":0,"comment_status":"closed","ping_status":"closed","template":"","meta":{"_acf_changed":false,"footnotes":""},"from-article-database":[],"class_list":["post-41","page","type-page","status-publish","hentry"],"acf":[],"yoast_head":"<!-- This site is optimized with the Yoast SEO plugin v26.6 - https:\/\/yoast.com\/wordpress\/plugins\/seo\/ -->\n<title>A propos de iWhite - iWhite<\/title>\n<meta name=\"description\" content=\"iWhite Instant Teeth Whitening met sur le march\u00e9 un assortiment de produits de blanchiment r\u00e9volutionnaires depuis 2008.\" \/>\n<meta name=\"robots\" content=\"index, follow, max-snippet:-1, max-image-preview:large, max-video-preview:-1\" \/>\n<link rel=\"canonical\" href=\"https:\/\/iwhiteinstant.com\/be\/fr\/a-propos-de-iwhite\/\" \/>\n<meta property=\"og:locale\" content=\"fr_FR\" \/>\n<meta property=\"og:type\" content=\"article\" \/>\n<meta property=\"og:title\" content=\"A propos de iWhite - iWhite\" \/>\n<meta property=\"og:description\" content=\"iWhite Instant Teeth Whitening met sur le march\u00e9 un assortiment de produits de blanchiment r\u00e9volutionnaires depuis 2008.\" \/>\n<meta property=\"og:url\" content=\"https:\/\/iwhiteinstant.com\/be\/fr\/a-propos-de-iwhite\/\" \/>\n<meta property=\"og:site_name\" content=\"iWhite\" \/>\n<meta property=\"article:modified_time\" content=\"2024-12-30T09:02:31+00:00\" \/>\n<meta name=\"twitter:card\" content=\"summary_large_image\" \/>\n<meta name=\"twitter:label1\" content=\"Est. reading time\" \/>\n\t<meta name=\"twitter:data1\" content=\"1 minute\" \/>\n<script type=\"application\/ld+json\" class=\"yoast-schema-graph\">{\"@context\":\"https:\/\/schema.org\",\"@graph\":[{\"@type\":\"WebPage\",\"@id\":\"https:\/\/iwhiteinstant.com\/be\/fr\/a-propos-de-iwhite\/\",\"url\":\"https:\/\/iwhiteinstant.com\/be\/fr\/a-propos-de-iwhite\/\",\"name\":\"A propos de iWhite - iWhite\",\"isPartOf\":{\"@id\":\"https:\/\/iwhiteinstant.com\/be\/fr\/#website\"},\"datePublished\":\"2024-12-11T12:19:12+00:00\",\"dateModified\":\"2024-12-30T09:02:31+00:00\",\"description\":\"iWhite Instant Teeth Whitening met sur le march\u00e9 un assortiment de produits de blanchiment r\u00e9volutionnaires depuis 2008.\",\"breadcrumb\":{\"@id\":\"https:\/\/iwhiteinstant.com\/be\/fr\/a-propos-de-iwhite\/#breadcrumb\"},\"inLanguage\":\"fr-FR\",\"potentialAction\":[{\"@type\":\"ReadAction\",\"target\":[\"https:\/\/iwhiteinstant.com\/be\/fr\/a-propos-de-iwhite\/\"]}]},{\"@type\":\"BreadcrumbList\",\"@id\":\"https:\/\/iwhiteinstant.com\/be\/fr\/a-propos-de-iwhite\/#breadcrumb\",\"itemListElement\":[{\"@type\":\"ListItem\",\"position\":1,\"name\":\"Home\",\"item\":\"https:\/\/iwhiteinstant.com\/be\/fr\/\"},{\"@type\":\"ListItem\",\"position\":2,\"name\":\"A propos de iWhite\"}]},{\"@type\":\"WebSite\",\"@id\":\"https:\/\/iwhiteinstant.com\/be\/fr\/#website\",\"url\":\"https:\/\/iwhiteinstant.com\/be\/fr\/\",\"name\":\"iWhite\",\"description\":\"\",\"publisher\":{\"@id\":\"https:\/\/iwhiteinstant.com\/be\/fr\/#organization\"},\"potentialAction\":[{\"@type\":\"SearchAction\",\"target\":{\"@type\":\"EntryPoint\",\"urlTemplate\":\"https:\/\/iwhiteinstant.com\/be\/fr\/?s={search_term_string}\"},\"query-input\":{\"@type\":\"PropertyValueSpecification\",\"valueRequired\":true,\"valueName\":\"search_term_string\"}}],\"inLanguage\":\"fr-FR\"},{\"@type\":\"Organization\",\"@id\":\"https:\/\/iwhiteinstant.com\/be\/fr\/#organization\",\"name\":\"iWhite\",\"url\":\"https:\/\/iwhiteinstant.com\/be\/fr\/\",\"logo\":{\"@type\":\"ImageObject\",\"inLanguage\":\"fr-FR\",\"@id\":\"https:\/\/iwhiteinstant.com\/be\/fr\/#\/schema\/logo\/image\/\",\"url\":\"https:\/\/iwhiteinstant.com\/app\/uploads\/sites\/19\/2024\/12\/Iwhite-logo.png\",\"contentUrl\":\"https:\/\/iwhiteinstant.com\/app\/uploads\/sites\/19\/2024\/12\/Iwhite-logo.png\",\"width\":160,\"height\":40,\"caption\":\"iWhite\"},\"image\":{\"@id\":\"https:\/\/iwhiteinstant.com\/be\/fr\/#\/schema\/logo\/image\/\"}}]}<\/script>\n<!-- \/ Yoast SEO plugin. -->","yoast_head_json":{"title":"A propos de iWhite - iWhite","description":"iWhite Instant Teeth Whitening met sur le march\u00e9 un assortiment de produits de blanchiment r\u00e9volutionnaires depuis 2008.","robots":{"index":"index","follow":"follow","max-snippet":"max-snippet:-1","max-image-preview":"max-image-preview:large","max-video-preview":"max-video-preview:-1"},"canonical":"https:\/\/iwhiteinstant.com\/be\/fr\/a-propos-de-iwhite\/","og_locale":"fr_FR","og_type":"article","og_title":"A propos de iWhite - iWhite","og_description":"iWhite Instant Teeth Whitening met sur le march\u00e9 un assortiment de produits de blanchiment r\u00e9volutionnaires depuis 2008.","og_url":"https:\/\/iwhiteinstant.com\/be\/fr\/a-propos-de-iwhite\/","og_site_name":"iWhite","article_modified_time":"2024-12-30T09:02:31+00:00","twitter_card":"summary_large_image","twitter_misc":{"Est. reading time":"1 minute"},"schema":{"@context":"https:\/\/schema.org","@graph":[{"@type":"WebPage","@id":"https:\/\/iwhiteinstant.com\/be\/fr\/a-propos-de-iwhite\/","url":"https:\/\/iwhiteinstant.com\/be\/fr\/a-propos-de-iwhite\/","name":"A propos de iWhite - iWhite","isPartOf":{"@id":"https:\/\/iwhiteinstant.com\/be\/fr\/#website"},"datePublished":"2024-12-11T12:19:12+00:00","dateModified":"2024-12-30T09:02:31+00:00","description":"iWhite Instant Teeth Whitening met sur le march\u00e9 un assortiment de produits de blanchiment r\u00e9volutionnaires depuis 2008.","breadcrumb":{"@id":"https:\/\/iwhiteinstant.com\/be\/fr\/a-propos-de-iwhite\/#breadcrumb"},"inLanguage":"fr-FR","potentialAction":[{"@type":"ReadAction","target":["https:\/\/iwhiteinstant.com\/be\/fr\/a-propos-de-iwhite\/"]}]},{"@type":"BreadcrumbList","@id":"https:\/\/iwhiteinstant.com\/be\/fr\/a-propos-de-iwhite\/#breadcrumb","itemListElement":[{"@type":"ListItem","position":1,"name":"Home","item":"https:\/\/iwhiteinstant.com\/be\/fr\/"},{"@type":"ListItem","position":2,"name":"A propos de iWhite"}]},{"@type":"WebSite","@id":"https:\/\/iwhiteinstant.com\/be\/fr\/#website","url":"https:\/\/iwhiteinstant.com\/be\/fr\/","name":"iWhite","description":"","publisher":{"@id":"https:\/\/iwhiteinstant.com\/be\/fr\/#organization"},"potentialAction":[{"@type":"SearchAction","target":{"@type":"EntryPoint","urlTemplate":"https:\/\/iwhiteinstant.com\/be\/fr\/?s={search_term_string}"},"query-input":{"@type":"PropertyValueSpecification","valueRequired":true,"valueName":"search_term_string"}}],"inLanguage":"fr-FR"},{"@type":"Organization","@id":"https:\/\/iwhiteinstant.com\/be\/fr\/#organization","name":"iWhite","url":"https:\/\/iwhiteinstant.com\/be\/fr\/","logo":{"@type":"ImageObject","inLanguage":"fr-FR","@id":"https:\/\/iwhiteinstant.com\/be\/fr\/#\/schema\/logo\/image\/","url":"https:\/\/iwhiteinstant.com\/app\/uploads\/sites\/19\/2024\/12\/Iwhite-logo.png","contentUrl":"https:\/\/iwhiteinstant.com\/app\/uploads\/sites\/19\/2024\/12\/Iwhite-logo.png","width":160,"height":40,"caption":"iWhite"},"image":{"@id":"https:\/\/iwhiteinstant.com\/be\/fr\/#\/schema\/logo\/image\/"}}]}},"_links":{"self":[{"href":"https:\/\/iwhiteinstant.com\/be\/fr\/wp-json\/wp\/v2\/pages\/41","targetHints":{"allow":["GET"]}}],"collection":[{"href":"https:\/\/iwhiteinstant.com\/be\/fr\/wp-json\/wp\/v2\/pages"}],"about":[{"href":"https:\/\/iwhiteinstant.com\/be\/fr\/wp-json\/wp\/v2\/types\/page"}],"author":[{"embeddable":true,"href":"https:\/\/iwhiteinstant.com\/be\/fr\/wp-json\/wp\/v2\/users\/2"}],"replies":[{"embeddable":true,"href":"https:\/\/iwhiteinstant.com\/be\/fr\/wp-json\/wp\/v2\/comments?post=41"}],"version-history":[{"count":4,"href":"https:\/\/iwhiteinstant.com\/be\/fr\/wp-json\/wp\/v2\/pages\/41\/revisions"}],"predecessor-version":[{"id":394,"href":"https:\/\/iwhiteinstant.com\/be\/fr\/wp-json\/wp\/v2\/pages\/41\/revisions\/394"}],"wp:attachment":[{"href":"https:\/\/iwhiteinstant.com\/be\/fr\/wp-json\/wp\/v2\/media?parent=41"}],"wp:term":[{"taxonomy":"from-article-database","embeddable":true,"href":"https:\/\/iwhiteinstant.com\/be\/fr\/wp-json\/wp\/v2\/from-article-database?post=41"}],"curies":[{"name":"wp","href":"https:\/\/api.w.org\/{rel}","templated":true}]}}