{"id":45,"date":"2024-12-11T13:18:56","date_gmt":"2024-12-11T12:18:56","guid":{"rendered":"https:\/\/iwhiteinstant.com\/be\/?page_id=45"},"modified":"2024-12-30T10:01:47","modified_gmt":"2024-12-30T09:01:47","slug":"trucs-et-astuces","status":"publish","type":"page","link":"https:\/\/iwhiteinstant.com\/be\/fr\/trucs-et-astuces\/","title":{"rendered":"Trucs et astuces"},"content":{"rendered":"\n<div class=\"wp-block-karopharma-free-text pt-large pb-large bg-bottom bg-cover bg-no-repeat bg-box is-style-primary\" style=\"background-image:url(https:\/\/iwhiteinstant.com\/cdn-cgi\/image\/format=auto\/app\/uploads\/sites\/19\/2024\/12\/tips-tricks.jpg)\"><div class=\"free-text-wrapper container max-w-small text-center\">\n<h1 class=\"wp-block-heading is-style-heading-huge has-primary-color has-text-color\">Trucs et astuces<\/h1>\n\n\n\n<h2 class=\"wp-block-heading is-style-heading-h3\">iWhite s\u2019engage \u00e0 pr\u00e9server votre sant\u00e9 bucco-dentaire. D\u00e9couvrez nos trucs et astuces pour vous aider \u00e0 renforcer votre sant\u00e9 bucco-dentaire.<\/h2>\n<\/div><\/div>\n\n\n\n<div class=\"wp-block-karopharma-accordions\"><div class=\"container\">\n<details class=\"wp-block-karopharma-accordion\"><summary><h2 class=\"accordion-title\">Combien de temps doit-on se brosser les dents?<\/h2><\/summary><div class=\"accordion-content\">\n<p>Brossez-vous les dents pendant au moins 2 minutes pour un r\u00e9sultat optimal et pour \u00e9liminer la plaque, les restes de nourriture, les impuret\u00e9s et les bact\u00e9ries. Brossez chacune des 4 zones pendant au moins 30 secondes.<\/p>\n\n\n\n<figure class=\"wp-block-image size-large is-resized\"><img loading=\"lazy\" decoding=\"async\" width=\"1024\" height=\"1024\" src=\"https:\/\/iwhiteinstant.com\/app\/uploads\/sites\/19\/2024\/12\/combien-de-temps-doit-on-se-brosser-les-dents-1024x1024.jpg\" alt=\"combien-de-temps-doit-on-se-brosser-les-dents\" class=\"wp-image-302\" style=\"width:512px;height:512px\" srcset=\"https:\/\/iwhiteinstant.com\/app\/uploads\/sites\/19\/2024\/12\/combien-de-temps-doit-on-se-brosser-les-dents-1024x1024.jpg 1024w, https:\/\/iwhiteinstant.com\/app\/uploads\/sites\/19\/2024\/12\/combien-de-temps-doit-on-se-brosser-les-dents-320x320.jpg 320w, https:\/\/iwhiteinstant.com\/app\/uploads\/sites\/19\/2024\/12\/combien-de-temps-doit-on-se-brosser-les-dents-150x150.jpg 150w, https:\/\/iwhiteinstant.com\/app\/uploads\/sites\/19\/2024\/12\/combien-de-temps-doit-on-se-brosser-les-dents-768x768.jpg 768w, https:\/\/iwhiteinstant.com\/app\/uploads\/sites\/19\/2024\/12\/combien-de-temps-doit-on-se-brosser-les-dents-300x300.jpg 300w, https:\/\/iwhiteinstant.com\/app\/uploads\/sites\/19\/2024\/12\/combien-de-temps-doit-on-se-brosser-les-dents-600x600.jpg 600w, https:\/\/iwhiteinstant.com\/app\/uploads\/sites\/19\/2024\/12\/combien-de-temps-doit-on-se-brosser-les-dents-100x100.jpg 100w, https:\/\/iwhiteinstant.com\/app\/uploads\/sites\/19\/2024\/12\/combien-de-temps-doit-on-se-brosser-les-dents.jpg 1200w\" sizes=\"auto, (max-width: 1024px) 100vw, 1024px\" \/><\/figure>\n<\/div><\/details>\n\n\n\n<details class=\"wp-block-karopharma-accordion\"><summary><h2 class=\"accordion-title\">\u00c0 quelle fr\u00e9quence devez-vous changer de brosse \u00e0 dents?<\/h2><\/summary><div class=\"accordion-content\">\n<p>Remplacez votre brosse \u00e0 dents tous les 3 mois. Remplacez-la plus rapidement si vous avez \u00e9t\u00e9 malade, surtout si la brosse \u00e0 dents est rang\u00e9e \u00e0 proximit\u00e9 d\u2019autres brosses.<\/p>\n\n\n\n<figure class=\"wp-block-image size-full is-resized\"><img loading=\"lazy\" decoding=\"async\" width=\"1116\" height=\"924\" src=\"https:\/\/iwhiteinstant.com\/app\/uploads\/sites\/19\/2024\/12\/A-quelle-frequence-devez-vous-changer-de-brosse-a-dents.jpg\" alt=\"A-quelle-frequence-devez-vous-changer-de-brosse-a-dents\" class=\"wp-image-300\" style=\"width:512px\" srcset=\"https:\/\/iwhiteinstant.com\/app\/uploads\/sites\/19\/2024\/12\/A-quelle-frequence-devez-vous-changer-de-brosse-a-dents.jpg 1116w, https:\/\/iwhiteinstant.com\/app\/uploads\/sites\/19\/2024\/12\/A-quelle-frequence-devez-vous-changer-de-brosse-a-dents-320x265.jpg 320w, https:\/\/iwhiteinstant.com\/app\/uploads\/sites\/19\/2024\/12\/A-quelle-frequence-devez-vous-changer-de-brosse-a-dents-1024x848.jpg 1024w, https:\/\/iwhiteinstant.com\/app\/uploads\/sites\/19\/2024\/12\/A-quelle-frequence-devez-vous-changer-de-brosse-a-dents-768x636.jpg 768w, https:\/\/iwhiteinstant.com\/app\/uploads\/sites\/19\/2024\/12\/A-quelle-frequence-devez-vous-changer-de-brosse-a-dents-600x497.jpg 600w\" sizes=\"auto, (max-width: 1116px) 100vw, 1116px\" \/><\/figure>\n<\/div><\/details>\n\n\n\n<details class=\"wp-block-karopharma-accordion\"><summary><h2 class=\"accordion-title\">Quand se laver les dents?<\/h2><\/summary><div class=\"accordion-content\">\n<p>Il est pr\u00e9f\u00e9rable de se brosser les dents avant le petit-d\u00e9jeuner. En r\u00e9alit\u00e9, si vous vous brossez les dents avant le petit-d\u00e9jeuner, vous serez peut-\u00eatre plus \u00e0 m\u00eame de pr\u00e9venir les caries, car vous \u00e9liminerez alors autant de bact\u00e9ries que possible au lieu de les \u00ab nourrir \u00bb. Nous vous conseillons de vous brosser les dents deux fois par jour pendant 2 minutes.<\/p>\n\n\n\n<figure class=\"wp-block-image size-large is-resized\"><img loading=\"lazy\" decoding=\"async\" width=\"1024\" height=\"1024\" src=\"https:\/\/iwhiteinstant.com\/app\/uploads\/sites\/19\/2024\/12\/Quand-se-laver-les-dents-1024x1024.jpg\" alt=\"Quand-se-laver-les-dents\" class=\"wp-image-306\" style=\"width:512px;height:512px\" srcset=\"https:\/\/iwhiteinstant.com\/app\/uploads\/sites\/19\/2024\/12\/Quand-se-laver-les-dents-1024x1024.jpg 1024w, https:\/\/iwhiteinstant.com\/app\/uploads\/sites\/19\/2024\/12\/Quand-se-laver-les-dents-320x320.jpg 320w, https:\/\/iwhiteinstant.com\/app\/uploads\/sites\/19\/2024\/12\/Quand-se-laver-les-dents-150x150.jpg 150w, https:\/\/iwhiteinstant.com\/app\/uploads\/sites\/19\/2024\/12\/Quand-se-laver-les-dents-768x768.jpg 768w, https:\/\/iwhiteinstant.com\/app\/uploads\/sites\/19\/2024\/12\/Quand-se-laver-les-dents-300x300.jpg 300w, https:\/\/iwhiteinstant.com\/app\/uploads\/sites\/19\/2024\/12\/Quand-se-laver-les-dents-600x600.jpg 600w, https:\/\/iwhiteinstant.com\/app\/uploads\/sites\/19\/2024\/12\/Quand-se-laver-les-dents-100x100.jpg 100w, https:\/\/iwhiteinstant.com\/app\/uploads\/sites\/19\/2024\/12\/Quand-se-laver-les-dents.jpg 1200w\" sizes=\"auto, (max-width: 1024px) 100vw, 1024px\" \/><\/figure>\n<\/div><\/details>\n\n\n\n<details class=\"wp-block-karopharma-accordion\"><summary><h2 class=\"accordion-title\">3 raisons pour lesquelles vous devriez utiliser un bain de bouche<\/h2><\/summary><div class=\"accordion-content\">\n<p>Il blanchit imm\u00e9diatement les dents, \u00e9limine et pr\u00e9vient la plaque dentaire, renforce et remin\u00e9ralise les dents. Appr\u00e9ciez votre sourire intense et lumineux !<\/p>\n\n\n\n<figure class=\"wp-block-image size-large is-resized\"><img loading=\"lazy\" decoding=\"async\" width=\"1024\" height=\"1024\" src=\"https:\/\/iwhiteinstant.com\/app\/uploads\/sites\/19\/2024\/12\/three-reasons-1024x1024.jpg\" alt=\"3 raisons\" class=\"wp-image-86\" style=\"width:512px;height:512px\" srcset=\"https:\/\/iwhiteinstant.com\/app\/uploads\/sites\/19\/2024\/12\/three-reasons-1024x1024.jpg 1024w, https:\/\/iwhiteinstant.com\/app\/uploads\/sites\/19\/2024\/12\/three-reasons-300x300.jpg 300w, https:\/\/iwhiteinstant.com\/app\/uploads\/sites\/19\/2024\/12\/three-reasons-150x150.jpg 150w, https:\/\/iwhiteinstant.com\/app\/uploads\/sites\/19\/2024\/12\/three-reasons-768x768.jpg 768w, https:\/\/iwhiteinstant.com\/app\/uploads\/sites\/19\/2024\/12\/three-reasons-600x600.jpg 600w, https:\/\/iwhiteinstant.com\/app\/uploads\/sites\/19\/2024\/12\/three-reasons-100x100.jpg 100w, https:\/\/iwhiteinstant.com\/app\/uploads\/sites\/19\/2024\/12\/three-reasons.jpg 1080w\" sizes=\"auto, (max-width: 1024px) 100vw, 1024px\" \/><\/figure>\n<\/div><\/details>\n\n\n\n<details class=\"wp-block-karopharma-accordion\"><summary><h2 class=\"accordion-title\">Que faire apr\u00e8s avoir mang\u00e9 ou bu un fruit acide ?<\/h2><\/summary><div class=\"accordion-content\">\n<p>Il est pr\u00e9f\u00e9rable de se rincer la bouche avec de l&rsquo;eau apr\u00e8s avoir mang\u00e9 ces fruits et de ne pas se brosser les dents. L&rsquo;acide naturel du fruit qui reste dans votre bouche apr\u00e8s l&rsquo;avoir mang\u00e9 peut temporairement ramollir la couche externe de la dent. Ce ramollissement temporaire pourrait permettre \u00e0 votre brosse \u00e0 dents de frotter l&rsquo;\u00e9mail de vos dents. C&rsquo;est pourquoi il est pr\u00e9f\u00e9rable de se rincer la bouche avec de l&rsquo;eau.<\/p>\n\n\n\n<figure class=\"wp-block-image size-large is-resized\"><img loading=\"lazy\" decoding=\"async\" width=\"1024\" height=\"1024\" src=\"https:\/\/iwhiteinstant.com\/app\/uploads\/sites\/19\/2024\/12\/des-fruits-acides-1024x1024.png\" alt=\"des-fruits-acides\" class=\"wp-image-304\" style=\"width:512px;height:512px\" srcset=\"https:\/\/iwhiteinstant.com\/app\/uploads\/sites\/19\/2024\/12\/des-fruits-acides-1024x1024.png 1024w, https:\/\/iwhiteinstant.com\/app\/uploads\/sites\/19\/2024\/12\/des-fruits-acides-320x320.png 320w, https:\/\/iwhiteinstant.com\/app\/uploads\/sites\/19\/2024\/12\/des-fruits-acides-150x150.png 150w, https:\/\/iwhiteinstant.com\/app\/uploads\/sites\/19\/2024\/12\/des-fruits-acides-768x768.png 768w, https:\/\/iwhiteinstant.com\/app\/uploads\/sites\/19\/2024\/12\/des-fruits-acides-300x300.png 300w, https:\/\/iwhiteinstant.com\/app\/uploads\/sites\/19\/2024\/12\/des-fruits-acides-600x600.png 600w, https:\/\/iwhiteinstant.com\/app\/uploads\/sites\/19\/2024\/12\/des-fruits-acides-100x100.png 100w, https:\/\/iwhiteinstant.com\/app\/uploads\/sites\/19\/2024\/12\/des-fruits-acides.png 1200w\" sizes=\"auto, (max-width: 1024px) 100vw, 1024px\" \/><\/figure>\n<\/div><\/details>\n\n\n\n<details class=\"wp-block-karopharma-accordion\"><summary><h2 class=\"accordion-title\">Pourquoi les fraises sont-elles bonnes pour les dents ?<\/h2><\/summary><div class=\"accordion-content\">\n<p>Les fraises aident \u00e0 dissoudre les taches et contiennent de la vitamine C qui renforce les dents.<\/p>\n\n\n\n<figure class=\"wp-block-image size-large is-resized\"><img loading=\"lazy\" decoding=\"async\" width=\"1024\" height=\"1024\" src=\"https:\/\/iwhiteinstant.com\/app\/uploads\/sites\/19\/2024\/12\/why-are-strawberries-1024x1024.jpg\" alt=\"Pourquoi les fraises sont-elles bonnes pour les dents ?\" class=\"wp-image-90\" style=\"width:512px;height:512px\" srcset=\"https:\/\/iwhiteinstant.com\/app\/uploads\/sites\/19\/2024\/12\/why-are-strawberries-1024x1024.jpg 1024w, https:\/\/iwhiteinstant.com\/app\/uploads\/sites\/19\/2024\/12\/why-are-strawberries-300x300.jpg 300w, https:\/\/iwhiteinstant.com\/app\/uploads\/sites\/19\/2024\/12\/why-are-strawberries-150x150.jpg 150w, https:\/\/iwhiteinstant.com\/app\/uploads\/sites\/19\/2024\/12\/why-are-strawberries-768x768.jpg 768w, https:\/\/iwhiteinstant.com\/app\/uploads\/sites\/19\/2024\/12\/why-are-strawberries-600x600.jpg 600w, https:\/\/iwhiteinstant.com\/app\/uploads\/sites\/19\/2024\/12\/why-are-strawberries-100x100.jpg 100w, https:\/\/iwhiteinstant.com\/app\/uploads\/sites\/19\/2024\/12\/why-are-strawberries.jpg 1099w\" sizes=\"auto, (max-width: 1024px) 100vw, 1024px\" \/><\/figure>\n<\/div><\/details>\n\n\n\n<details class=\"wp-block-karopharma-accordion\"><summary><h2 class=\"accordion-title\">Saviez-vous que le chocolat noir aide \u00e0 prot\u00e9ger vos dents ?<\/h2><\/summary><div class=\"accordion-content\">\n<p>Le chocolat noir contient de la th\u00e9obromine qui aide \u00e0 renforcer l&rsquo;\u00e9mail.<\/p>\n\n\n\n<figure class=\"wp-block-image size-full is-resized\"><img loading=\"lazy\" decoding=\"async\" width=\"991\" height=\"991\" src=\"https:\/\/iwhiteinstant.com\/app\/uploads\/sites\/19\/2024\/12\/dark-chocolate.jpg\" alt=\"Saviez-vous que le chocolat noir aide \u00e0 prot\u00e9ger vos dents ?\" class=\"wp-image-60\" style=\"width:496px;height:496px\" srcset=\"https:\/\/iwhiteinstant.com\/app\/uploads\/sites\/19\/2024\/12\/dark-chocolate.jpg 991w, https:\/\/iwhiteinstant.com\/app\/uploads\/sites\/19\/2024\/12\/dark-chocolate-300x300.jpg 300w, https:\/\/iwhiteinstant.com\/app\/uploads\/sites\/19\/2024\/12\/dark-chocolate-150x150.jpg 150w, https:\/\/iwhiteinstant.com\/app\/uploads\/sites\/19\/2024\/12\/dark-chocolate-768x768.jpg 768w, https:\/\/iwhiteinstant.com\/app\/uploads\/sites\/19\/2024\/12\/dark-chocolate-600x600.jpg 600w, https:\/\/iwhiteinstant.com\/app\/uploads\/sites\/19\/2024\/12\/dark-chocolate-100x100.jpg 100w\" sizes=\"auto, (max-width: 991px) 100vw, 991px\" \/><\/figure>\n<\/div><\/details>\n\n\n\n<details class=\"wp-block-karopharma-accordion\"><summary><h2 class=\"accordion-title\">L&rsquo;\u00e9mail se r\u00e9g\u00e9n\u00e8re ?<\/h2><\/summary><div class=\"accordion-content\">\n<p>Non, m\u00eame s\u2019il s\u2019agit du mat\u00e9riau le plus dur du corps, il est parfois soumis \u00e0 la pression d\u2019aliments acides, de boissons ou d\u2019un brossage excessif.<\/p>\n\n\n\n<figure class=\"wp-block-image size-full is-resized\"><img loading=\"lazy\" decoding=\"async\" width=\"860\" height=\"608\" src=\"https:\/\/iwhiteinstant.com\/app\/uploads\/sites\/19\/2024\/12\/instant-whitening-kits.jpg\" alt=\"L'\u00e9mail se r\u00e9g\u00e9n\u00e8re ?\" class=\"wp-image-68\" style=\"width:430px;height:304px\" srcset=\"https:\/\/iwhiteinstant.com\/app\/uploads\/sites\/19\/2024\/12\/instant-whitening-kits.jpg 860w, https:\/\/iwhiteinstant.com\/app\/uploads\/sites\/19\/2024\/12\/instant-whitening-kits-300x212.jpg 300w, https:\/\/iwhiteinstant.com\/app\/uploads\/sites\/19\/2024\/12\/instant-whitening-kits-768x543.jpg 768w, https:\/\/iwhiteinstant.com\/app\/uploads\/sites\/19\/2024\/12\/instant-whitening-kits-600x424.jpg 600w\" sizes=\"auto, (max-width: 860px) 100vw, 860px\" \/><\/figure>\n<\/div><\/details>\n\n\n\n<details class=\"wp-block-karopharma-accordion\"><summary><h2 class=\"accordion-title\">Saviez-vous qu&rsquo;il est pr\u00e9f\u00e9rable de se brosser les dents avant d&rsquo;appliquer iWhite Dark Stains ?<\/h2><\/summary><div class=\"accordion-content\">\n<p>Le brossage \u00e9limine le biofilm de vos dents. En \u00e9liminant cette couche lubrifiante naturelle, le produit peut agir plus efficacement sur la surface dentaire.<\/p>\n\n\n\n<figure class=\"wp-block-image size-large is-resized\"><img loading=\"lazy\" decoding=\"async\" width=\"1024\" height=\"1024\" src=\"https:\/\/iwhiteinstant.com\/app\/uploads\/sites\/19\/2024\/12\/darkstains-new-1024x1024.jpg\" alt=\"Saviez-vous qu'il est pr\u00e9f\u00e9rable de se brosser les dents avant d'appliquer iWhite Dark Stains ?\" class=\"wp-image-62\" style=\"width:512px;height:512px\" srcset=\"https:\/\/iwhiteinstant.com\/app\/uploads\/sites\/19\/2024\/12\/darkstains-new-1024x1024.jpg 1024w, https:\/\/iwhiteinstant.com\/app\/uploads\/sites\/19\/2024\/12\/darkstains-new-300x300.jpg 300w, https:\/\/iwhiteinstant.com\/app\/uploads\/sites\/19\/2024\/12\/darkstains-new-150x150.jpg 150w, https:\/\/iwhiteinstant.com\/app\/uploads\/sites\/19\/2024\/12\/darkstains-new-768x768.jpg 768w, https:\/\/iwhiteinstant.com\/app\/uploads\/sites\/19\/2024\/12\/darkstains-new-600x600.jpg 600w, https:\/\/iwhiteinstant.com\/app\/uploads\/sites\/19\/2024\/12\/darkstains-new-100x100.jpg 100w, https:\/\/iwhiteinstant.com\/app\/uploads\/sites\/19\/2024\/12\/darkstains-new.jpg 1418w\" sizes=\"auto, (max-width: 1024px) 100vw, 1024px\" \/><\/figure>\n<\/div><\/details>\n\n\n\n<details class=\"wp-block-karopharma-accordion\"><summary><h2 class=\"accordion-title\">Le potiron est-il bon pour vos dents?<\/h2><\/summary><div class=\"accordion-content\">\n<p>Oui ! Le potiron est riche en zinc, magn\u00e9sium, vitamine A et vitamine C : tous b\u00e9n\u00e9fiques pour vos gencives, l\u2019\u00e9mail et la sant\u00e9 bucco-dentaire en g\u00e9n\u00e9ral.<\/p>\n\n\n\n<figure class=\"wp-block-image size-large is-resized\"><img decoding=\"async\" src=\"https:\/\/iwhiteinstant.com\/app\/uploads\/sites\/17\/2024\/11\/pumpkin-1024x1024.jpg\" alt=\"Le potiron est-il bon pour vos dents?\" class=\"wp-image-46\" style=\"width:512px;height:512px\"\/><\/figure>\n<\/div><\/details>\n<\/div><\/div>\n","protected":false},"excerpt":{"rendered":"","protected":false},"author":2,"featured_media":0,"parent":0,"menu_order":0,"comment_status":"closed","ping_status":"closed","template":"","meta":{"_acf_changed":false,"footnotes":""},"from-article-database":[],"class_list":["post-45","page","type-page","status-publish","hentry"],"acf":[],"yoast_head":"<!-- This site is optimized with the Yoast SEO plugin v26.6 - https:\/\/yoast.com\/wordpress\/plugins\/seo\/ -->\n<title>Trucs et astuces - iWhite<\/title>\n<meta name=\"description\" content=\"iWhite s\u2019engage \u00e0 pr\u00e9server votre sant\u00e9 bucco-dentaire. D\u00e9couvrez nos trucs et astuces pour vous aider \u00e0 renforcer votre sant\u00e9 bucco-dentaire.\" \/>\n<meta name=\"robots\" content=\"index, follow, max-snippet:-1, max-image-preview:large, max-video-preview:-1\" \/>\n<link rel=\"canonical\" href=\"https:\/\/iwhiteinstant.com\/be\/fr\/trucs-et-astuces\/\" \/>\n<meta property=\"og:locale\" content=\"fr_FR\" \/>\n<meta property=\"og:type\" content=\"article\" \/>\n<meta property=\"og:title\" content=\"Trucs et astuces - iWhite\" \/>\n<meta property=\"og:description\" content=\"iWhite s\u2019engage \u00e0 pr\u00e9server votre sant\u00e9 bucco-dentaire. D\u00e9couvrez nos trucs et astuces pour vous aider \u00e0 renforcer votre sant\u00e9 bucco-dentaire.\" \/>\n<meta property=\"og:url\" content=\"https:\/\/iwhiteinstant.com\/be\/fr\/trucs-et-astuces\/\" \/>\n<meta property=\"og:site_name\" content=\"iWhite\" \/>\n<meta property=\"article:modified_time\" content=\"2024-12-30T09:01:47+00:00\" \/>\n<meta property=\"og:image\" content=\"https:\/\/iwhiteinstant.com\/app\/uploads\/sites\/19\/2024\/12\/combien-de-temps-doit-on-se-brosser-les-dents.jpg\" \/>\n\t<meta property=\"og:image:width\" content=\"1200\" \/>\n\t<meta property=\"og:image:height\" content=\"1200\" \/>\n\t<meta property=\"og:image:type\" content=\"image\/jpeg\" \/>\n<meta name=\"twitter:card\" content=\"summary_large_image\" \/>\n<meta name=\"twitter:label1\" content=\"Est. reading time\" \/>\n\t<meta name=\"twitter:data1\" content=\"4 minutes\" \/>\n<script type=\"application\/ld+json\" class=\"yoast-schema-graph\">{\"@context\":\"https:\/\/schema.org\",\"@graph\":[{\"@type\":\"WebPage\",\"@id\":\"https:\/\/iwhiteinstant.com\/be\/fr\/trucs-et-astuces\/\",\"url\":\"https:\/\/iwhiteinstant.com\/be\/fr\/trucs-et-astuces\/\",\"name\":\"Trucs et astuces - iWhite\",\"isPartOf\":{\"@id\":\"https:\/\/iwhiteinstant.com\/be\/fr\/#website\"},\"primaryImageOfPage\":{\"@id\":\"https:\/\/iwhiteinstant.com\/be\/fr\/trucs-et-astuces\/#primaryimage\"},\"image\":{\"@id\":\"https:\/\/iwhiteinstant.com\/be\/fr\/trucs-et-astuces\/#primaryimage\"},\"thumbnailUrl\":\"https:\/\/iwhiteinstant.com\/app\/uploads\/sites\/19\/2024\/12\/combien-de-temps-doit-on-se-brosser-les-dents-1024x1024.jpg\",\"datePublished\":\"2024-12-11T12:18:56+00:00\",\"dateModified\":\"2024-12-30T09:01:47+00:00\",\"description\":\"iWhite s\u2019engage \u00e0 pr\u00e9server votre sant\u00e9 bucco-dentaire. D\u00e9couvrez nos trucs et astuces pour vous aider \u00e0 renforcer votre sant\u00e9 bucco-dentaire.\",\"breadcrumb\":{\"@id\":\"https:\/\/iwhiteinstant.com\/be\/fr\/trucs-et-astuces\/#breadcrumb\"},\"inLanguage\":\"fr-FR\",\"potentialAction\":[{\"@type\":\"ReadAction\",\"target\":[\"https:\/\/iwhiteinstant.com\/be\/fr\/trucs-et-astuces\/\"]}]},{\"@type\":\"ImageObject\",\"inLanguage\":\"fr-FR\",\"@id\":\"https:\/\/iwhiteinstant.com\/be\/fr\/trucs-et-astuces\/#primaryimage\",\"url\":\"https:\/\/iwhiteinstant.com\/app\/uploads\/sites\/19\/2024\/12\/combien-de-temps-doit-on-se-brosser-les-dents-1024x1024.jpg\",\"contentUrl\":\"https:\/\/iwhiteinstant.com\/app\/uploads\/sites\/19\/2024\/12\/combien-de-temps-doit-on-se-brosser-les-dents-1024x1024.jpg\"},{\"@type\":\"BreadcrumbList\",\"@id\":\"https:\/\/iwhiteinstant.com\/be\/fr\/trucs-et-astuces\/#breadcrumb\",\"itemListElement\":[{\"@type\":\"ListItem\",\"position\":1,\"name\":\"Home\",\"item\":\"https:\/\/iwhiteinstant.com\/be\/fr\/\"},{\"@type\":\"ListItem\",\"position\":2,\"name\":\"Trucs et astuces\"}]},{\"@type\":\"WebSite\",\"@id\":\"https:\/\/iwhiteinstant.com\/be\/fr\/#website\",\"url\":\"https:\/\/iwhiteinstant.com\/be\/fr\/\",\"name\":\"iWhite\",\"description\":\"\",\"publisher\":{\"@id\":\"https:\/\/iwhiteinstant.com\/be\/fr\/#organization\"},\"potentialAction\":[{\"@type\":\"SearchAction\",\"target\":{\"@type\":\"EntryPoint\",\"urlTemplate\":\"https:\/\/iwhiteinstant.com\/be\/fr\/?s={search_term_string}\"},\"query-input\":{\"@type\":\"PropertyValueSpecification\",\"valueRequired\":true,\"valueName\":\"search_term_string\"}}],\"inLanguage\":\"fr-FR\"},{\"@type\":\"Organization\",\"@id\":\"https:\/\/iwhiteinstant.com\/be\/fr\/#organization\",\"name\":\"iWhite\",\"url\":\"https:\/\/iwhiteinstant.com\/be\/fr\/\",\"logo\":{\"@type\":\"ImageObject\",\"inLanguage\":\"fr-FR\",\"@id\":\"https:\/\/iwhiteinstant.com\/be\/fr\/#\/schema\/logo\/image\/\",\"url\":\"https:\/\/iwhiteinstant.com\/app\/uploads\/sites\/19\/2024\/12\/Iwhite-logo.png\",\"contentUrl\":\"https:\/\/iwhiteinstant.com\/app\/uploads\/sites\/19\/2024\/12\/Iwhite-logo.png\",\"width\":160,\"height\":40,\"caption\":\"iWhite\"},\"image\":{\"@id\":\"https:\/\/iwhiteinstant.com\/be\/fr\/#\/schema\/logo\/image\/\"}}]}<\/script>\n<!-- \/ Yoast SEO plugin. -->","yoast_head_json":{"title":"Trucs et astuces - iWhite","description":"iWhite s\u2019engage \u00e0 pr\u00e9server votre sant\u00e9 bucco-dentaire. D\u00e9couvrez nos trucs et astuces pour vous aider \u00e0 renforcer votre sant\u00e9 bucco-dentaire.","robots":{"index":"index","follow":"follow","max-snippet":"max-snippet:-1","max-image-preview":"max-image-preview:large","max-video-preview":"max-video-preview:-1"},"canonical":"https:\/\/iwhiteinstant.com\/be\/fr\/trucs-et-astuces\/","og_locale":"fr_FR","og_type":"article","og_title":"Trucs et astuces - iWhite","og_description":"iWhite s\u2019engage \u00e0 pr\u00e9server votre sant\u00e9 bucco-dentaire. D\u00e9couvrez nos trucs et astuces pour vous aider \u00e0 renforcer votre sant\u00e9 bucco-dentaire.","og_url":"https:\/\/iwhiteinstant.com\/be\/fr\/trucs-et-astuces\/","og_site_name":"iWhite","article_modified_time":"2024-12-30T09:01:47+00:00","og_image":[{"width":1200,"height":1200,"url":"https:\/\/iwhiteinstant.com\/app\/uploads\/sites\/19\/2024\/12\/combien-de-temps-doit-on-se-brosser-les-dents.jpg","type":"image\/jpeg"}],"twitter_card":"summary_large_image","twitter_misc":{"Est. reading time":"4 minutes"},"schema":{"@context":"https:\/\/schema.org","@graph":[{"@type":"WebPage","@id":"https:\/\/iwhiteinstant.com\/be\/fr\/trucs-et-astuces\/","url":"https:\/\/iwhiteinstant.com\/be\/fr\/trucs-et-astuces\/","name":"Trucs et astuces - iWhite","isPartOf":{"@id":"https:\/\/iwhiteinstant.com\/be\/fr\/#website"},"primaryImageOfPage":{"@id":"https:\/\/iwhiteinstant.com\/be\/fr\/trucs-et-astuces\/#primaryimage"},"image":{"@id":"https:\/\/iwhiteinstant.com\/be\/fr\/trucs-et-astuces\/#primaryimage"},"thumbnailUrl":"https:\/\/iwhiteinstant.com\/app\/uploads\/sites\/19\/2024\/12\/combien-de-temps-doit-on-se-brosser-les-dents-1024x1024.jpg","datePublished":"2024-12-11T12:18:56+00:00","dateModified":"2024-12-30T09:01:47+00:00","description":"iWhite s\u2019engage \u00e0 pr\u00e9server votre sant\u00e9 bucco-dentaire. D\u00e9couvrez nos trucs et astuces pour vous aider \u00e0 renforcer votre sant\u00e9 bucco-dentaire.","breadcrumb":{"@id":"https:\/\/iwhiteinstant.com\/be\/fr\/trucs-et-astuces\/#breadcrumb"},"inLanguage":"fr-FR","potentialAction":[{"@type":"ReadAction","target":["https:\/\/iwhiteinstant.com\/be\/fr\/trucs-et-astuces\/"]}]},{"@type":"ImageObject","inLanguage":"fr-FR","@id":"https:\/\/iwhiteinstant.com\/be\/fr\/trucs-et-astuces\/#primaryimage","url":"https:\/\/iwhiteinstant.com\/app\/uploads\/sites\/19\/2024\/12\/combien-de-temps-doit-on-se-brosser-les-dents-1024x1024.jpg","contentUrl":"https:\/\/iwhiteinstant.com\/app\/uploads\/sites\/19\/2024\/12\/combien-de-temps-doit-on-se-brosser-les-dents-1024x1024.jpg"},{"@type":"BreadcrumbList","@id":"https:\/\/iwhiteinstant.com\/be\/fr\/trucs-et-astuces\/#breadcrumb","itemListElement":[{"@type":"ListItem","position":1,"name":"Home","item":"https:\/\/iwhiteinstant.com\/be\/fr\/"},{"@type":"ListItem","position":2,"name":"Trucs et astuces"}]},{"@type":"WebSite","@id":"https:\/\/iwhiteinstant.com\/be\/fr\/#website","url":"https:\/\/iwhiteinstant.com\/be\/fr\/","name":"iWhite","description":"","publisher":{"@id":"https:\/\/iwhiteinstant.com\/be\/fr\/#organization"},"potentialAction":[{"@type":"SearchAction","target":{"@type":"EntryPoint","urlTemplate":"https:\/\/iwhiteinstant.com\/be\/fr\/?s={search_term_string}"},"query-input":{"@type":"PropertyValueSpecification","valueRequired":true,"valueName":"search_term_string"}}],"inLanguage":"fr-FR"},{"@type":"Organization","@id":"https:\/\/iwhiteinstant.com\/be\/fr\/#organization","name":"iWhite","url":"https:\/\/iwhiteinstant.com\/be\/fr\/","logo":{"@type":"ImageObject","inLanguage":"fr-FR","@id":"https:\/\/iwhiteinstant.com\/be\/fr\/#\/schema\/logo\/image\/","url":"https:\/\/iwhiteinstant.com\/app\/uploads\/sites\/19\/2024\/12\/Iwhite-logo.png","contentUrl":"https:\/\/iwhiteinstant.com\/app\/uploads\/sites\/19\/2024\/12\/Iwhite-logo.png","width":160,"height":40,"caption":"iWhite"},"image":{"@id":"https:\/\/iwhiteinstant.com\/be\/fr\/#\/schema\/logo\/image\/"}}]}},"_links":{"self":[{"href":"https:\/\/iwhiteinstant.com\/be\/fr\/wp-json\/wp\/v2\/pages\/45","targetHints":{"allow":["GET"]}}],"collection":[{"href":"https:\/\/iwhiteinstant.com\/be\/fr\/wp-json\/wp\/v2\/pages"}],"about":[{"href":"https:\/\/iwhiteinstant.com\/be\/fr\/wp-json\/wp\/v2\/types\/page"}],"author":[{"embeddable":true,"href":"https:\/\/iwhiteinstant.com\/be\/fr\/wp-json\/wp\/v2\/users\/2"}],"replies":[{"embeddable":true,"href":"https:\/\/iwhiteinstant.com\/be\/fr\/wp-json\/wp\/v2\/comments?post=45"}],"version-history":[{"count":5,"href":"https:\/\/iwhiteinstant.com\/be\/fr\/wp-json\/wp\/v2\/pages\/45\/revisions"}],"predecessor-version":[{"id":393,"href":"https:\/\/iwhiteinstant.com\/be\/fr\/wp-json\/wp\/v2\/pages\/45\/revisions\/393"}],"wp:attachment":[{"href":"https:\/\/iwhiteinstant.com\/be\/fr\/wp-json\/wp\/v2\/media?parent=45"}],"wp:term":[{"taxonomy":"from-article-database","embeddable":true,"href":"https:\/\/iwhiteinstant.com\/be\/fr\/wp-json\/wp\/v2\/from-article-database?post=45"}],"curies":[{"name":"wp","href":"https:\/\/api.w.org\/{rel}","templated":true}]}}