{"id":239,"date":"2024-12-12T10:38:31","date_gmt":"2024-12-12T09:38:31","guid":{"rendered":"https:\/\/iwhiteinstant.com\/be\/?post_type=product&#038;p=239"},"modified":"2024-12-16T15:46:15","modified_gmt":"2024-12-16T14:46:15","slug":"iwhite-superior-whitening-kit","status":"publish","type":"product","link":"https:\/\/iwhiteinstant.com\/be\/fr\/produit\/iwhite-superior-whitening-kit\/","title":{"rendered":"iWhite Superior Whitening Kit"},"content":{"rendered":"\n<div style=\"height:100px\" aria-hidden=\"true\" class=\"wp-block-spacer is-style-responsive-small\"><\/div>\n\n\n\n<section class=\"wp-block-karopharma-image-with-text image-with-text image-with-text__not-full-width is-style-primary\"><div class=\"image-with-text-container \"><div class=\"image-with-text-container-image-container\"><img decoding=\"async\" loading=\"lazy\" src=\"https:\/\/iwhiteinstant.com\/cdn-cgi\/image\/format=auto\/app\/uploads\/sites\/19\/2024\/12\/superior-image.jpg\" alt=\"superior-image\"\/><\/div><div class=\"image-with-text-container-content\" style=\"text-align:left\" data-test=\"content\"><div class=\"content\"><h2>Facile d\u2019utilisation et \u00e0 porter en bouche<\/h2><p class=\"body\" data-test=\"body\">Ce traitement professionnel \u00e0 domicile est facile d\u2019utilisation et \u00e0 porter en bouche. Les goutti\u00e8res jetables iWhite sont con\u00e7ues dans un mat\u00e9riau souple et fin qui assure un ajustement, un confort et des r\u00e9sultats optimaux. Elles contiennent le nouveau gel blanchissant puissant d\u2019iWhite qui renferme du bicarbonate de soude et des min\u00e9raux blanchissant pour un sourire d\u2019une blancheur \u00e9clatante. De plus, la nouvelle formule est renforc\u00e9e par du calcium et du xylitol, des principes actifs essentiels dont l&rsquo;efficacit\u00e9 pour renforcer les dents a \u00e9t\u00e9 prouv\u00e9e par des \u00e9tudes cliniques.<\/p>\n<div class=\"wp-block-buttons is-layout-flex wp-block-buttons-is-layout-flex\"><\/div>\n<\/div><\/div><\/div><\/section>\n\n\n\n<div class=\"wp-block-karopharma-accordions is-style-secondary\"><div class=\"container\">\n<details class=\"wp-block-karopharma-accordion\"><summary><h2 class=\"accordion-title\">Comment utiliser<\/h2><\/summary><div class=\"accordion-content\">\n<p>Ce traitement \u00e0 domicile ne doit \u00eatre port\u00e9 que 20 minutes par jour et l&rsquo;effet blanchissant est imm\u00e9diat d\u00e8s la premi\u00e8re application, jusqu&rsquo;\u00e0 8 teintes de dents plus blanches ! Utilisez-le pendant 5 jours cons\u00e9cutifs pour un r\u00e9sultat des plus \u00e9blouissants.<\/p>\n<\/div><\/details>\n\n\n\n<details class=\"wp-block-karopharma-accordion\"><summary><h2 class=\"accordion-title\">Comment iWhite Superior blanchit-il et renforce-t-il vos dents ?<\/h2><\/summary><div class=\"accordion-content\">\n<p><strong>Action 1:<\/strong> la technologie iWhite est renforc\u00e9e par des ingr\u00e9dients acc\u00e9l\u00e9rateurs de blanchiment :<\/p>\n\n\n\n<ul class=\"wp-block-list is-style-default\">\n<li>Bicarbonate de soude 100 % naturel : c&rsquo;est un actif naturel de blanchiment des dents, \u00e9galement efficace pour \u00e9liminer les taches et vous donner un sourire plus \u00e9clatant.<\/li>\n\n\n\n<li>Min\u00e9ral volcanique naturel innovant, sp\u00e9cialement con\u00e7u pour maximiser l&rsquo;efficacit\u00e9 du blanchiment tout en respectant l&rsquo;\u00e9mail.<\/li>\n<\/ul>\n\n\n\n<p><strong>Action 2:<\/strong> Les dents vieillissant, il est \u00e9galement important de renforcer et de stimuler l&rsquo;\u00e9mail afin de prot\u00e9ger la blancheur des dents :<\/p>\n\n\n\n<ul class=\"wp-block-list is-style-default\">\n<li>Microperles de calcium : la perte de calcium due au vieillissement influence la couleur des dents. En ajoutant du calcium \u00e0 notre traitement de blanchiment, nous alimentons, renfor\u00e7ons et reconstruisons l&rsquo;\u00e9mail. La technologie des microperles permet une lib\u00e9ration concentr\u00e9e et cibl\u00e9e des actifs, ce qui signifie que vous d\u00e9cidez du moment et de l&rsquo;endroit o\u00f9 les actifs concentr\u00e9s sont lib\u00e9r\u00e9s. Ainsi, lorsque vous ins\u00e9rez les goutti\u00e8res dans votre bouche, vous devez les pousser doucement sur vos dents, les microperles \u00e9clatent et c&rsquo;est seulement \u00e0 ce moment-l\u00e0 que les actifs concentr\u00e9s sont lib\u00e9r\u00e9s directement sur l&rsquo;\u00e9mail.<\/li>\n\n\n\n<li>Xylitol : est un ingr\u00e9dient actif important pour garantir l&rsquo;hygi\u00e8ne dentaire. Comment ? En interf\u00e9rant avec la capacit\u00e9 des bact\u00e9ries \u00e0 produire de l&rsquo;acide et en augmentant le pH, ce qui permet de pr\u00e9venir et m\u00eame de restaurer les dommages caus\u00e9s \u00e0 l&rsquo;\u00e9mail.<\/li>\n<\/ul>\n<\/div><\/details>\n\n\n\n<details class=\"wp-block-karopharma-accordion\"><summary><h2 class=\"accordion-title\">Technologie iWhite Micropearl = quoi ?<\/h2><\/summary><div class=\"accordion-content\">\n<p>Une technologie innovante qui permet une lib\u00e9ration concentr\u00e9e et cibl\u00e9e des actifs contenus dans le produit. Cela signifie que vous d\u00e9cidez du moment et de l&rsquo;endroit o\u00f9 les actifs concentr\u00e9s sont lib\u00e9r\u00e9s directement dans l&rsquo;\u00e9mail. Dans le kit de blanchiment iWhite Dark Stains, les microperles actives sont charg\u00e9es de calcium.<\/p>\n<\/div><\/details>\n<\/div><\/div>\n\n\n\n<div class=\"wp-block-karopharma-free-text pt-large pb-none bg-center bg-cover bg-no-repeat\" style=\"background-image:url()\"><div class=\"free-text-wrapper container max-w-medium text-center\">\n<h2 class=\"wp-block-heading\">3 \u00e9tapes pour un sourire blanc et \u00e9clatant\u2026<\/h2>\n<\/div><\/div>\n\n\n\n<section class=\"wp-block-karopharma-usp usp undefined\"><div class=\"usp-wrapper\">\n<section class=\"wp-block-karopharma-usp-single usp-single undefined\"><div class=\"icon\"><svg width=\"21\" height=\"16\" viewBox=\"0 0 21 16\" fill=\"none\" xmlns=\"http:\/\/www.w3.org\/2000\/svg\"><path d=\"M19.2567 0.164742L6.13095 13.2905L1.49056 8.65006C1.2709 8.4304 0.914742 8.4304 0.695039 8.65006L0.164742 9.18036C-0.0549141 9.40001 -0.0549141 9.75617 0.164742 9.97587L5.73321 15.5443C5.95287 15.764 6.30903 15.764 6.52873 15.5443L20.5825 1.4906C20.8021 1.27095 20.8021 0.914789 20.5825 0.695086L20.0521 0.164742C19.8325 -0.0549141 19.4763 -0.0549141 19.2567 0.164742Z\" fill=\"white\"><\/path><\/svg><\/div>\n<h4 class=\"wp-block-heading has-text-align-center is-style-heading-h4\">1. PRESSER<\/h4>\n\n\n\n<p class=\"has-text-align-center is-style-body-text\">En poussant doucement sur les goutti\u00e8res, les microperles \u00e9clatent.<\/p>\n<\/section>\n\n\n\n<section class=\"wp-block-karopharma-usp-single usp-single undefined\"><div class=\"icon\"><svg width=\"21\" height=\"16\" viewBox=\"0 0 21 16\" fill=\"none\" xmlns=\"http:\/\/www.w3.org\/2000\/svg\"><path d=\"M19.2567 0.164742L6.13095 13.2905L1.49056 8.65006C1.2709 8.4304 0.914742 8.4304 0.695039 8.65006L0.164742 9.18036C-0.0549141 9.40001 -0.0549141 9.75617 0.164742 9.97587L5.73321 15.5443C5.95287 15.764 6.30903 15.764 6.52873 15.5443L20.5825 1.4906C20.8021 1.27095 20.8021 0.914789 20.5825 0.695086L20.0521 0.164742C19.8325 -0.0549141 19.4763 -0.0549141 19.2567 0.164742Z\" fill=\"white\"><\/path><\/svg><\/div>\n<h4 class=\"wp-block-heading has-text-align-center is-style-heading-h4\">2. ACTIVER<\/h4>\n\n\n\n<p class=\"has-text-align-center is-style-body-text\">Les actifs concentr\u00e9s dans les microperles sont lib\u00e9r\u00e9s.<\/p>\n<\/section>\n\n\n\n<section class=\"wp-block-karopharma-usp-single usp-single undefined\"><div class=\"icon\"><svg width=\"21\" height=\"16\" viewBox=\"0 0 21 16\" fill=\"none\" xmlns=\"http:\/\/www.w3.org\/2000\/svg\"><path d=\"M19.2567 0.164742L6.13095 13.2905L1.49056 8.65006C1.2709 8.4304 0.914742 8.4304 0.695039 8.65006L0.164742 9.18036C-0.0549141 9.40001 -0.0549141 9.75617 0.164742 9.97587L5.73321 15.5443C5.95287 15.764 6.30903 15.764 6.52873 15.5443L20.5825 1.4906C20.8021 1.27095 20.8021 0.914789 20.5825 0.695086L20.0521 0.164742C19.8325 -0.0549141 19.4763 -0.0549141 19.2567 0.164742Z\" fill=\"white\"><\/path><\/svg><\/div>\n<h4 class=\"wp-block-heading has-text-align-center is-style-heading-h4\">3. R\u00c9SULTAT<\/h4>\n\n\n\n<p class=\"has-text-align-center is-style-body-text\">Gel blanchissant iWhite + Micropearls = <br>MAGIQUE !<br>Portez-le pendant 20 minutes et constatez vous-m\u00eame les r\u00e9sultats instantan\u00e9s !<\/p>\n<\/section>\n<\/div><\/section>\n","protected":false},"excerpt":{"rendered":"<p>Blanchit et renforce instantan\u00e9ment vos dents.<\/p>\n","protected":false},"featured_media":147,"comment_status":"closed","ping_status":"closed","template":"","meta":{"_acf_changed":false,"footnotes":""},"product_brand":[],"product_cat":[34],"product_tag":[],"class_list":{"0":"post-239","1":"product","2":"type-product","3":"status-publish","4":"has-post-thumbnail","6":"product_cat-kit-de-blanchiment","8":"first","9":"instock","10":"shipping-taxable","11":"product-type-simple"},"acf":[],"yoast_head":"<!-- This site is optimized with the Yoast SEO plugin v26.6 - https:\/\/yoast.com\/wordpress\/plugins\/seo\/ -->\n<title>iWhite Superior Whitening Kit - iWhite<\/title>\n<meta name=\"description\" content=\"Le kit de blanchiment dentaire iWhite Superior est dot\u00e9 de la nouvelle technologie unique de blanchiment dentaire iWhite, qui renforce et rend instantan\u00e9ment les dents jusqu\u2019\u00e0 8 teintes plus blanches.\" \/>\n<meta name=\"robots\" content=\"index, follow, max-snippet:-1, max-image-preview:large, max-video-preview:-1\" \/>\n<link rel=\"canonical\" href=\"https:\/\/iwhiteinstant.com\/be\/fr\/produit\/iwhite-superior-whitening-kit\/\" \/>\n<meta property=\"og:locale\" content=\"fr_FR\" \/>\n<meta property=\"og:type\" content=\"article\" \/>\n<meta property=\"og:title\" content=\"iWhite Superior Whitening Kit - iWhite\" \/>\n<meta property=\"og:description\" content=\"Le kit de blanchiment dentaire iWhite Superior est dot\u00e9 de la nouvelle technologie unique de blanchiment dentaire iWhite, qui renforce et rend instantan\u00e9ment les dents jusqu\u2019\u00e0 8 teintes plus blanches.\" \/>\n<meta property=\"og:url\" content=\"https:\/\/iwhiteinstant.com\/be\/fr\/produit\/iwhite-superior-whitening-kit\/\" \/>\n<meta property=\"og:site_name\" content=\"iWhite\" \/>\n<meta property=\"article:modified_time\" content=\"2024-12-16T14:46:15+00:00\" \/>\n<meta property=\"og:image\" content=\"https:\/\/iwhiteinstant.com\/app\/uploads\/sites\/19\/2024\/12\/iWhite-Superior-whitening-kit.png\" \/>\n\t<meta property=\"og:image:width\" content=\"800\" \/>\n\t<meta property=\"og:image:height\" content=\"800\" \/>\n\t<meta property=\"og:image:type\" content=\"image\/png\" \/>\n<meta name=\"twitter:card\" content=\"summary_large_image\" \/>\n<meta name=\"twitter:label1\" content=\"Est. reading time\" \/>\n\t<meta name=\"twitter:data1\" content=\"3 minutes\" \/>\n<script type=\"application\/ld+json\" class=\"yoast-schema-graph\">{\"@context\":\"https:\/\/schema.org\",\"@graph\":[{\"@type\":\"WebPage\",\"@id\":\"https:\/\/iwhiteinstant.com\/be\/fr\/produit\/iwhite-superior-whitening-kit\/\",\"url\":\"https:\/\/iwhiteinstant.com\/be\/fr\/produit\/iwhite-superior-whitening-kit\/\",\"name\":\"iWhite Superior Whitening Kit - iWhite\",\"isPartOf\":{\"@id\":\"https:\/\/iwhiteinstant.com\/be\/fr\/#website\"},\"primaryImageOfPage\":{\"@id\":\"https:\/\/iwhiteinstant.com\/be\/fr\/produit\/iwhite-superior-whitening-kit\/#primaryimage\"},\"image\":{\"@id\":\"https:\/\/iwhiteinstant.com\/be\/fr\/produit\/iwhite-superior-whitening-kit\/#primaryimage\"},\"thumbnailUrl\":\"https:\/\/iwhiteinstant.com\/app\/uploads\/sites\/19\/2024\/12\/iWhite-Superior-whitening-kit.png\",\"datePublished\":\"2024-12-12T09:38:31+00:00\",\"dateModified\":\"2024-12-16T14:46:15+00:00\",\"description\":\"Le kit de blanchiment dentaire iWhite Superior est dot\u00e9 de la nouvelle technologie unique de blanchiment dentaire iWhite, qui renforce et rend instantan\u00e9ment les dents jusqu\u2019\u00e0 8 teintes plus blanches.\",\"breadcrumb\":{\"@id\":\"https:\/\/iwhiteinstant.com\/be\/fr\/produit\/iwhite-superior-whitening-kit\/#breadcrumb\"},\"inLanguage\":\"fr-FR\",\"potentialAction\":[{\"@type\":\"ReadAction\",\"target\":[\"https:\/\/iwhiteinstant.com\/be\/fr\/produit\/iwhite-superior-whitening-kit\/\"]}]},{\"@type\":\"ImageObject\",\"inLanguage\":\"fr-FR\",\"@id\":\"https:\/\/iwhiteinstant.com\/be\/fr\/produit\/iwhite-superior-whitening-kit\/#primaryimage\",\"url\":\"https:\/\/iwhiteinstant.com\/app\/uploads\/sites\/19\/2024\/12\/iWhite-Superior-whitening-kit.png\",\"contentUrl\":\"https:\/\/iwhiteinstant.com\/app\/uploads\/sites\/19\/2024\/12\/iWhite-Superior-whitening-kit.png\",\"width\":800,\"height\":800,\"caption\":\"iWhite-Superior-whitening-kit\"},{\"@type\":\"BreadcrumbList\",\"@id\":\"https:\/\/iwhiteinstant.com\/be\/fr\/produit\/iwhite-superior-whitening-kit\/#breadcrumb\",\"itemListElement\":[{\"@type\":\"ListItem\",\"position\":1,\"name\":\"Home\",\"item\":\"https:\/\/iwhiteinstant.com\/be\/fr\/\"},{\"@type\":\"ListItem\",\"position\":2,\"name\":\"Produits\",\"item\":\"https:\/\/iwhiteinstant.com\/be\/fr\/produits\/\"},{\"@type\":\"ListItem\",\"position\":3,\"name\":\"iWhite Superior Whitening Kit\"}]},{\"@type\":\"WebSite\",\"@id\":\"https:\/\/iwhiteinstant.com\/be\/fr\/#website\",\"url\":\"https:\/\/iwhiteinstant.com\/be\/fr\/\",\"name\":\"iWhite\",\"description\":\"\",\"publisher\":{\"@id\":\"https:\/\/iwhiteinstant.com\/be\/fr\/#organization\"},\"potentialAction\":[{\"@type\":\"SearchAction\",\"target\":{\"@type\":\"EntryPoint\",\"urlTemplate\":\"https:\/\/iwhiteinstant.com\/be\/fr\/?s={search_term_string}\"},\"query-input\":{\"@type\":\"PropertyValueSpecification\",\"valueRequired\":true,\"valueName\":\"search_term_string\"}}],\"inLanguage\":\"fr-FR\"},{\"@type\":\"Organization\",\"@id\":\"https:\/\/iwhiteinstant.com\/be\/fr\/#organization\",\"name\":\"iWhite\",\"url\":\"https:\/\/iwhiteinstant.com\/be\/fr\/\",\"logo\":{\"@type\":\"ImageObject\",\"inLanguage\":\"fr-FR\",\"@id\":\"https:\/\/iwhiteinstant.com\/be\/fr\/#\/schema\/logo\/image\/\",\"url\":\"https:\/\/iwhiteinstant.com\/app\/uploads\/sites\/19\/2024\/12\/Iwhite-logo.png\",\"contentUrl\":\"https:\/\/iwhiteinstant.com\/app\/uploads\/sites\/19\/2024\/12\/Iwhite-logo.png\",\"width\":160,\"height\":40,\"caption\":\"iWhite\"},\"image\":{\"@id\":\"https:\/\/iwhiteinstant.com\/be\/fr\/#\/schema\/logo\/image\/\"}}]}<\/script>\n<!-- \/ Yoast SEO plugin. -->","yoast_head_json":{"title":"iWhite Superior Whitening Kit - iWhite","description":"Le kit de blanchiment dentaire iWhite Superior est dot\u00e9 de la nouvelle technologie unique de blanchiment dentaire iWhite, qui renforce et rend instantan\u00e9ment les dents jusqu\u2019\u00e0 8 teintes plus blanches.","robots":{"index":"index","follow":"follow","max-snippet":"max-snippet:-1","max-image-preview":"max-image-preview:large","max-video-preview":"max-video-preview:-1"},"canonical":"https:\/\/iwhiteinstant.com\/be\/fr\/produit\/iwhite-superior-whitening-kit\/","og_locale":"fr_FR","og_type":"article","og_title":"iWhite Superior Whitening Kit - iWhite","og_description":"Le kit de blanchiment dentaire iWhite Superior est dot\u00e9 de la nouvelle technologie unique de blanchiment dentaire iWhite, qui renforce et rend instantan\u00e9ment les dents jusqu\u2019\u00e0 8 teintes plus blanches.","og_url":"https:\/\/iwhiteinstant.com\/be\/fr\/produit\/iwhite-superior-whitening-kit\/","og_site_name":"iWhite","article_modified_time":"2024-12-16T14:46:15+00:00","og_image":[{"width":800,"height":800,"url":"https:\/\/iwhiteinstant.com\/app\/uploads\/sites\/19\/2024\/12\/iWhite-Superior-whitening-kit.png","type":"image\/png"}],"twitter_card":"summary_large_image","twitter_misc":{"Est. reading time":"3 minutes"},"schema":{"@context":"https:\/\/schema.org","@graph":[{"@type":"WebPage","@id":"https:\/\/iwhiteinstant.com\/be\/fr\/produit\/iwhite-superior-whitening-kit\/","url":"https:\/\/iwhiteinstant.com\/be\/fr\/produit\/iwhite-superior-whitening-kit\/","name":"iWhite Superior Whitening Kit - iWhite","isPartOf":{"@id":"https:\/\/iwhiteinstant.com\/be\/fr\/#website"},"primaryImageOfPage":{"@id":"https:\/\/iwhiteinstant.com\/be\/fr\/produit\/iwhite-superior-whitening-kit\/#primaryimage"},"image":{"@id":"https:\/\/iwhiteinstant.com\/be\/fr\/produit\/iwhite-superior-whitening-kit\/#primaryimage"},"thumbnailUrl":"https:\/\/iwhiteinstant.com\/app\/uploads\/sites\/19\/2024\/12\/iWhite-Superior-whitening-kit.png","datePublished":"2024-12-12T09:38:31+00:00","dateModified":"2024-12-16T14:46:15+00:00","description":"Le kit de blanchiment dentaire iWhite Superior est dot\u00e9 de la nouvelle technologie unique de blanchiment dentaire iWhite, qui renforce et rend instantan\u00e9ment les dents jusqu\u2019\u00e0 8 teintes plus blanches.","breadcrumb":{"@id":"https:\/\/iwhiteinstant.com\/be\/fr\/produit\/iwhite-superior-whitening-kit\/#breadcrumb"},"inLanguage":"fr-FR","potentialAction":[{"@type":"ReadAction","target":["https:\/\/iwhiteinstant.com\/be\/fr\/produit\/iwhite-superior-whitening-kit\/"]}]},{"@type":"ImageObject","inLanguage":"fr-FR","@id":"https:\/\/iwhiteinstant.com\/be\/fr\/produit\/iwhite-superior-whitening-kit\/#primaryimage","url":"https:\/\/iwhiteinstant.com\/app\/uploads\/sites\/19\/2024\/12\/iWhite-Superior-whitening-kit.png","contentUrl":"https:\/\/iwhiteinstant.com\/app\/uploads\/sites\/19\/2024\/12\/iWhite-Superior-whitening-kit.png","width":800,"height":800,"caption":"iWhite-Superior-whitening-kit"},{"@type":"BreadcrumbList","@id":"https:\/\/iwhiteinstant.com\/be\/fr\/produit\/iwhite-superior-whitening-kit\/#breadcrumb","itemListElement":[{"@type":"ListItem","position":1,"name":"Home","item":"https:\/\/iwhiteinstant.com\/be\/fr\/"},{"@type":"ListItem","position":2,"name":"Produits","item":"https:\/\/iwhiteinstant.com\/be\/fr\/produits\/"},{"@type":"ListItem","position":3,"name":"iWhite Superior Whitening Kit"}]},{"@type":"WebSite","@id":"https:\/\/iwhiteinstant.com\/be\/fr\/#website","url":"https:\/\/iwhiteinstant.com\/be\/fr\/","name":"iWhite","description":"","publisher":{"@id":"https:\/\/iwhiteinstant.com\/be\/fr\/#organization"},"potentialAction":[{"@type":"SearchAction","target":{"@type":"EntryPoint","urlTemplate":"https:\/\/iwhiteinstant.com\/be\/fr\/?s={search_term_string}"},"query-input":{"@type":"PropertyValueSpecification","valueRequired":true,"valueName":"search_term_string"}}],"inLanguage":"fr-FR"},{"@type":"Organization","@id":"https:\/\/iwhiteinstant.com\/be\/fr\/#organization","name":"iWhite","url":"https:\/\/iwhiteinstant.com\/be\/fr\/","logo":{"@type":"ImageObject","inLanguage":"fr-FR","@id":"https:\/\/iwhiteinstant.com\/be\/fr\/#\/schema\/logo\/image\/","url":"https:\/\/iwhiteinstant.com\/app\/uploads\/sites\/19\/2024\/12\/Iwhite-logo.png","contentUrl":"https:\/\/iwhiteinstant.com\/app\/uploads\/sites\/19\/2024\/12\/Iwhite-logo.png","width":160,"height":40,"caption":"iWhite"},"image":{"@id":"https:\/\/iwhiteinstant.com\/be\/fr\/#\/schema\/logo\/image\/"}}]}},"_links":{"self":[{"href":"https:\/\/iwhiteinstant.com\/be\/fr\/wp-json\/wp\/v2\/product\/239","targetHints":{"allow":["GET"]}}],"collection":[{"href":"https:\/\/iwhiteinstant.com\/be\/fr\/wp-json\/wp\/v2\/product"}],"about":[{"href":"https:\/\/iwhiteinstant.com\/be\/fr\/wp-json\/wp\/v2\/types\/product"}],"replies":[{"embeddable":true,"href":"https:\/\/iwhiteinstant.com\/be\/fr\/wp-json\/wp\/v2\/comments?post=239"}],"version-history":[{"count":3,"href":"https:\/\/iwhiteinstant.com\/be\/fr\/wp-json\/wp\/v2\/product\/239\/revisions"}],"predecessor-version":[{"id":363,"href":"https:\/\/iwhiteinstant.com\/be\/fr\/wp-json\/wp\/v2\/product\/239\/revisions\/363"}],"wp:featuredmedia":[{"embeddable":true,"href":"https:\/\/iwhiteinstant.com\/be\/fr\/wp-json\/wp\/v2\/media\/147"}],"wp:attachment":[{"href":"https:\/\/iwhiteinstant.com\/be\/fr\/wp-json\/wp\/v2\/media?parent=239"}],"wp:term":[{"taxonomy":"product_brand","embeddable":true,"href":"https:\/\/iwhiteinstant.com\/be\/fr\/wp-json\/wp\/v2\/product_brand?post=239"},{"taxonomy":"product_cat","embeddable":true,"href":"https:\/\/iwhiteinstant.com\/be\/fr\/wp-json\/wp\/v2\/product_cat?post=239"},{"taxonomy":"product_tag","embeddable":true,"href":"https:\/\/iwhiteinstant.com\/be\/fr\/wp-json\/wp\/v2\/product_tag?post=239"}],"curies":[{"name":"wp","href":"https:\/\/api.w.org\/{rel}","templated":true}]}}