{"id":244,"date":"2024-12-12T10:34:46","date_gmt":"2024-12-12T09:34:46","guid":{"rendered":"https:\/\/iwhiteinstant.com\/be\/?post_type=product&#038;p=244"},"modified":"2024-12-16T15:46:23","modified_gmt":"2024-12-16T14:46:23","slug":"dentifrice-iwhite-sensitive","status":"publish","type":"product","link":"https:\/\/iwhiteinstant.com\/be\/fr\/produit\/dentifrice-iwhite-sensitive\/","title":{"rendered":"iWhite Sensitive Tandpasta"},"content":{"rendered":"\n<div class=\"wp-block-karopharma-free-text pt-large pb-small bg-center bg-cover bg-no-repeat\" style=\"background-image:url()\"><div class=\"free-text-wrapper container max-w-medium text-left\">\n<h2 class=\"wp-block-heading is-style-heading-h2\">La technologie Active Micropearl, l&rsquo;innovation ultime en mati\u00e8re de blanchiment<\/h2>\n\n\n\n<p>La technologie Active Micropearl encapsule un actif de d\u00e9sensibilisation des dents : le nitrate de potassium. Ces ingr\u00e9dients actifs sont lib\u00e9r\u00e9s chaque fois que vous vous brossez les dents. Les principes actifs restent dans les capsules jusqu&rsquo;\u00e0 ce que vous d\u00e9cidiez d&rsquo;utiliser le dentifrice et c&rsquo;est alors que les principes actifs sont activ\u00e9s. Les principes actifs d\u00e9sensibilisants p\u00e9n\u00e8trent l&rsquo;\u00e9mail et atteignent les nerfs \u00e0 l&rsquo;int\u00e9rieur. Ils bloquent les signaux des nerfs qui d\u00e9clenchent l&rsquo;inconfort dentaire.<\/p>\n\n\n\n<p>En combinant la technologie iWhite P.A.P. et la technologie Active Micropearl, ce dentifrice \u00e9limine non seulement la sensibilit\u00e9 dentaire, mais renforce et prot\u00e8ge \u00e9galement vos dents (fluorure de sodium). La combinaison unique de ces deux technologies permet d&rsquo;obtenir des dents moins sensibles et nettement plus blanches. Un sourire d&rsquo;une blancheur \u00e9clatante !<\/p>\n<\/div><\/div>\n\n\n\n<div class=\"wp-block-karopharma-product-promotion text-align-right pt-medium pb-medium bg-center bg-cover bg-no-repeat\" style=\"background-image:url()\"><div class=\"container max-w-medium\">\n<div class=\"wp-block-group is-layout-flow wp-block-group-is-layout-flow\">\n<figure class=\"wp-block-karopharma-product-promotion-image product-promotion-image\"><img fetchpriority=\"high\" decoding=\"async\" datatest=\"image\" src=\"https:\/\/iwhiteinstant.com\/cdn-cgi\/image\/format=auto\/app\/uploads\/sites\/19\/2024\/12\/iWhite-Sensitive-Technology.png\" loading=\"eager\" alt=\"iWhite-Sensitive-Technology\" width=\"518\" height=\"438\" srcset=\"https:\/\/iwhiteinstant.com\/cdn-cgi\/image\/format=auto,width=584\/app\/uploads\/sites\/19\/2024\/12\/iWhite-Sensitive-Technology.png 584w, https:\/\/iwhiteinstant.com\/cdn-cgi\/image\/format=auto,width=272\/app\/uploads\/sites\/19\/2024\/12\/iWhite-Sensitive-Technology.png 272w\" sizes=\"(max-width: 584px) 100vw, 584px\"\/><\/figure>\n<\/div>\n\n\n\n<div class=\"wp-block-group is-layout-flow wp-block-group-is-layout-flow\">\n<h2 class=\"wp-block-heading heading is-style-heading-h4\">Bloquer intentionnellement les signaux douloureux<\/h2>\n\n\n\n<p>En utilisant le dentifrice iWhite Sensitive Teeth Whitening, les principes actifs d\u00e9sensibilisants p\u00e9n\u00e8trent l&rsquo;\u00e9mail jusqu&rsquo;aux nerfs et bloquent les transmissions d&rsquo;influx nerveux responsables des maux de dents. Ce dentifrice remin\u00e9ralise en outre l&rsquo;\u00e9mail et pr\u00e9vient les caries.<\/p>\n\n\n\n<p>Un sourire plus blanc et plus \u00e9clatant sans douleur !<\/p>\n<\/div>\n<\/div><\/div>\n\n\n\n<div class=\"wp-block-karopharma-free-text pt-large pb-none bg-center bg-cover bg-no-repeat  is-style-primary\" style=\"background-image:url()\"><div class=\"free-text-wrapper container max-w-medium text-center\">\n<h3 class=\"wp-block-heading is-style-heading-h2\">La routine donne les meilleurs r\u00e9sultats<\/h3>\n\n\n\n<p class=\"is-style-paragraph-preamble\">Pour obtenir les meilleurs r\u00e9sultats de blanchiment, il est important de suivre une routine. Vous pouvez combiner notre dentifrice avec notre kit de blanchiment (mensuel) et avec notre bain de bouche &amp; blanchiment interdentaire (quotidien).<\/p>\n\n\n\n<div class=\"wp-block-buttons is-layout-flex wp-block-buttons-is-layout-flex\">\n<div class=\"wp-block-button\"><a class=\"wp-block-button__link wp-element-button\" href=\"https:\/\/iwhiteinstant.com\/be\/fr\/iwhite-routine\/\">En savoir plus sur la routine iWhite<\/a><\/div>\n<\/div>\n<\/div><\/div>\n\n\n<div class=\"product-list wp-block-karopharma-product-list is-style-primary\" data-testid=\"product-list\">\n      <div class=\"swiper-container\">\n      <div class=\"swiper\">\n        <div class=\"swiper-wrapper\">\n                      <div class=\"swiper-slide\">\n              <div class=\"product-card\" data-testid=\"product-card\">\n  <a\n    href=https:\/\/iwhiteinstant.com\/be\/fr\/produit\/iwhite-instant-bain-de-bouche-blanchissant\/\n    class=\"product-card-link\"\n    title=\"iWhite Instant bain de bouche blanchissant\"\n  >\n  <figure class=\"product-card-image\" data-testid=\"product-image\">\n                          <img decoding=\"async\" src=\"https:\/\/iwhiteinstant.com\/cdn-cgi\/image\/width=700,format=auto\/app\/uploads\/sites\/19\/2024\/12\/iWhite-Instant-Whitening-Mouthwash.png\"\n        srcset=\"https:\/\/iwhiteinstant.com\/cdn-cgi\/image\/width=250,format=auto\/app\/uploads\/sites\/19\/2024\/12\/iWhite-Instant-Whitening-Mouthwash.png 250w,\n                https:\/\/iwhiteinstant.com\/cdn-cgi\/image\/width=500,format=auto\/app\/uploads\/sites\/19\/2024\/12\/iWhite-Instant-Whitening-Mouthwash.png 500w,\n                https:\/\/iwhiteinstant.com\/cdn-cgi\/image\/width=700,format=auto\/app\/uploads\/sites\/19\/2024\/12\/iWhite-Instant-Whitening-Mouthwash.png 700w\"\n        sizes=\"(max-width: 400px) 250px, (max-width: 800px) 500px, 700px\"\n        alt=\"iWhite-Instant-Whitening-Mouthwash\"\n        class=\"img\">\n            <\/figure>\n    <div class=\"product-card-content\">\n      <div class=\"heading-wrapper\">\n        <h2 class=\"heading\">iWhite Instant bain de bouche blanchissant<\/h2>\n      <\/div>\n      <div class=\"product-card-description\">Bain de bouche blanchissant pour un usage quotidien. Dissout la d\u00e9coloration des dents.<\/div>\n                      <\/div>\n  <\/a>\n          <div class=\"button-wrapper buy-now \" data-testid=\"buy-now\">\n      <div class=\"buy-now-container dropdown-container\">\n      <div class=\"theme-button button-primary-color dropdown-link\" aria-label=\"Acheter maintenant\">\n          Acheter maintenant <i class=\"dropdown\"><\/i>\n      <\/div>\n      <ul class=\"reseller-list submenu\">\n                    <li>\n              <a\n                href=\"https:\/\/www.bol.com\/be\/nl\/p\/iwhite-mondwater-500ml\/9200000049087086\/\" onclick=\"dataLayer.push({'event':'ga_event', 'eventCategory':'Click on Reseller', 'eventAction':'Bol', 'eventLabel':'iWhite Instant bain de bouche blanchissant', 'eventValue': undefined})\" rel=\"noopener\" target=\"_blank\" title=\"Bol\"\n                data-testid=\"buy-now-reseller\">\n                <i class=\"fa-solid fa-arrow-right\"><\/i> Bol\n              <\/a>\n          <\/li>\n                    <li>\n              <a\n                href=\"https:\/\/www.farmaline.be\/fr\/schoonheid\/BE03195245\/i-white-instant-mondwater-sylphar.htm\" onclick=\"dataLayer.push({'event':'ga_event', 'eventCategory':'Click on Reseller', 'eventAction':'Farmaline', 'eventLabel':'iWhite Instant bain de bouche blanchissant', 'eventValue': undefined})\" rel=\"noopener\" target=\"_blank\" title=\"Farmaline\"\n                data-testid=\"buy-now-reseller\">\n                <i class=\"fa-solid fa-arrow-right\"><\/i> Farmaline\n              <\/a>\n          <\/li>\n                    <li>\n              <a\n                href=\"https:\/\/www.newpharma.be\/apotheek\/iwhite\/505983\/iwhite-instant-teeth-whitening-mondwater-fles-500ml.html\" onclick=\"dataLayer.push({'event':'ga_event', 'eventCategory':'Click on Reseller', 'eventAction':'Newpharma', 'eventLabel':'iWhite Instant bain de bouche blanchissant', 'eventValue': undefined})\" rel=\"noopener\" target=\"_blank\" title=\"Newpharma\"\n                data-testid=\"buy-now-reseller\">\n                <i class=\"fa-solid fa-arrow-right\"><\/i> Newpharma\n              <\/a>\n          <\/li>\n                    <li>\n              <a\n                href=\"https:\/\/www.viata.be\/sylphar-i-white-mondwater-antiplak-dagelijks-gebruik-mondspoeling-500-ml-nl\" onclick=\"dataLayer.push({'event':'ga_event', 'eventCategory':'Click on Reseller', 'eventAction':'Viata', 'eventLabel':'iWhite Instant bain de bouche blanchissant', 'eventValue': undefined})\" rel=\"noopener\" target=\"_blank\" title=\"Viata\"\n                data-testid=\"buy-now-reseller\">\n                <i class=\"fa-solid fa-arrow-right\"><\/i> Viata\n              <\/a>\n          <\/li>\n                <\/ul>\n    <\/div>\n  <\/div>\n  <\/div>\n            <\/div>\n                  <\/div>\n        <div class=\"swiper-scrollbar\"><\/div>\n      <\/div>\n    <\/div>\n  <\/div>\n","protected":false},"excerpt":{"rendered":"<p>Un dentifrice qui bloque les signaux des nerfs afin de r\u00e9duire la sensibilit\u00e9 dentaire.<\/p>\n","protected":false},"featured_media":143,"comment_status":"closed","ping_status":"closed","template":"","meta":{"_acf_changed":false,"footnotes":""},"product_brand":[],"product_cat":[37,36],"product_tag":[],"class_list":{"0":"post-244","1":"product","2":"type-product","3":"status-publish","4":"has-post-thumbnail","6":"product_cat-blanchiment-quotidien","7":"product_cat-dentifrice","9":"first","10":"instock","11":"shipping-taxable","12":"product-type-simple"},"acf":[],"yoast_head":"<!-- This site is optimized with the Yoast SEO plugin v26.6 - https:\/\/yoast.com\/wordpress\/plugins\/seo\/ -->\n<title>iWhite Sensitive Tandpasta - iWhite<\/title>\n<meta name=\"description\" content=\"Vive douleur ou soudaine sensation d\u00e9sagr\u00e9able en mangeant une glace ou en buvant une boisson chaude ? Nombreux sont ceux qui en ont d\u00e9j\u00e0 fait l&#039;exp\u00e9rience.\" \/>\n<meta name=\"robots\" content=\"index, follow, max-snippet:-1, max-image-preview:large, max-video-preview:-1\" \/>\n<link rel=\"canonical\" href=\"https:\/\/iwhiteinstant.com\/be\/fr\/produit\/dentifrice-iwhite-sensitive\/\" \/>\n<meta property=\"og:locale\" content=\"fr_FR\" \/>\n<meta property=\"og:type\" content=\"article\" \/>\n<meta property=\"og:title\" content=\"iWhite Sensitive Tandpasta - iWhite\" \/>\n<meta property=\"og:description\" content=\"Vive douleur ou soudaine sensation d\u00e9sagr\u00e9able en mangeant une glace ou en buvant une boisson chaude ? Nombreux sont ceux qui en ont d\u00e9j\u00e0 fait l&#039;exp\u00e9rience.\" \/>\n<meta property=\"og:url\" content=\"https:\/\/iwhiteinstant.com\/be\/fr\/produit\/dentifrice-iwhite-sensitive\/\" \/>\n<meta property=\"og:site_name\" content=\"iWhite\" \/>\n<meta property=\"article:modified_time\" content=\"2024-12-16T14:46:23+00:00\" \/>\n<meta property=\"og:image\" content=\"https:\/\/iwhiteinstant.com\/app\/uploads\/sites\/19\/2024\/12\/iWhite-Sensitive-Toothpaste.png\" \/>\n\t<meta property=\"og:image:width\" content=\"800\" \/>\n\t<meta property=\"og:image:height\" content=\"800\" \/>\n\t<meta property=\"og:image:type\" content=\"image\/png\" \/>\n<meta name=\"twitter:card\" content=\"summary_large_image\" \/>\n<meta name=\"twitter:label1\" content=\"Est. reading time\" \/>\n\t<meta name=\"twitter:data1\" content=\"2 minutes\" \/>\n<script type=\"application\/ld+json\" class=\"yoast-schema-graph\">{\"@context\":\"https:\/\/schema.org\",\"@graph\":[{\"@type\":\"WebPage\",\"@id\":\"https:\/\/iwhiteinstant.com\/be\/fr\/produit\/dentifrice-iwhite-sensitive\/\",\"url\":\"https:\/\/iwhiteinstant.com\/be\/fr\/produit\/dentifrice-iwhite-sensitive\/\",\"name\":\"iWhite Sensitive Tandpasta - iWhite\",\"isPartOf\":{\"@id\":\"https:\/\/iwhiteinstant.com\/be\/fr\/#website\"},\"primaryImageOfPage\":{\"@id\":\"https:\/\/iwhiteinstant.com\/be\/fr\/produit\/dentifrice-iwhite-sensitive\/#primaryimage\"},\"image\":{\"@id\":\"https:\/\/iwhiteinstant.com\/be\/fr\/produit\/dentifrice-iwhite-sensitive\/#primaryimage\"},\"thumbnailUrl\":\"https:\/\/iwhiteinstant.com\/app\/uploads\/sites\/19\/2024\/12\/iWhite-Sensitive-Toothpaste.png\",\"datePublished\":\"2024-12-12T09:34:46+00:00\",\"dateModified\":\"2024-12-16T14:46:23+00:00\",\"description\":\"Vive douleur ou soudaine sensation d\u00e9sagr\u00e9able en mangeant une glace ou en buvant une boisson chaude ? Nombreux sont ceux qui en ont d\u00e9j\u00e0 fait l'exp\u00e9rience.\",\"breadcrumb\":{\"@id\":\"https:\/\/iwhiteinstant.com\/be\/fr\/produit\/dentifrice-iwhite-sensitive\/#breadcrumb\"},\"inLanguage\":\"fr-FR\",\"potentialAction\":[{\"@type\":\"ReadAction\",\"target\":[\"https:\/\/iwhiteinstant.com\/be\/fr\/produit\/dentifrice-iwhite-sensitive\/\"]}]},{\"@type\":\"ImageObject\",\"inLanguage\":\"fr-FR\",\"@id\":\"https:\/\/iwhiteinstant.com\/be\/fr\/produit\/dentifrice-iwhite-sensitive\/#primaryimage\",\"url\":\"https:\/\/iwhiteinstant.com\/app\/uploads\/sites\/19\/2024\/12\/iWhite-Sensitive-Toothpaste.png\",\"contentUrl\":\"https:\/\/iwhiteinstant.com\/app\/uploads\/sites\/19\/2024\/12\/iWhite-Sensitive-Toothpaste.png\",\"width\":800,\"height\":800,\"caption\":\"iWhite-Sensitive-Toothpaste\"},{\"@type\":\"BreadcrumbList\",\"@id\":\"https:\/\/iwhiteinstant.com\/be\/fr\/produit\/dentifrice-iwhite-sensitive\/#breadcrumb\",\"itemListElement\":[{\"@type\":\"ListItem\",\"position\":1,\"name\":\"Home\",\"item\":\"https:\/\/iwhiteinstant.com\/be\/fr\/\"},{\"@type\":\"ListItem\",\"position\":2,\"name\":\"Produits\",\"item\":\"https:\/\/iwhiteinstant.com\/be\/fr\/produits\/\"},{\"@type\":\"ListItem\",\"position\":3,\"name\":\"iWhite Sensitive Tandpasta\"}]},{\"@type\":\"WebSite\",\"@id\":\"https:\/\/iwhiteinstant.com\/be\/fr\/#website\",\"url\":\"https:\/\/iwhiteinstant.com\/be\/fr\/\",\"name\":\"iWhite\",\"description\":\"\",\"publisher\":{\"@id\":\"https:\/\/iwhiteinstant.com\/be\/fr\/#organization\"},\"potentialAction\":[{\"@type\":\"SearchAction\",\"target\":{\"@type\":\"EntryPoint\",\"urlTemplate\":\"https:\/\/iwhiteinstant.com\/be\/fr\/?s={search_term_string}\"},\"query-input\":{\"@type\":\"PropertyValueSpecification\",\"valueRequired\":true,\"valueName\":\"search_term_string\"}}],\"inLanguage\":\"fr-FR\"},{\"@type\":\"Organization\",\"@id\":\"https:\/\/iwhiteinstant.com\/be\/fr\/#organization\",\"name\":\"iWhite\",\"url\":\"https:\/\/iwhiteinstant.com\/be\/fr\/\",\"logo\":{\"@type\":\"ImageObject\",\"inLanguage\":\"fr-FR\",\"@id\":\"https:\/\/iwhiteinstant.com\/be\/fr\/#\/schema\/logo\/image\/\",\"url\":\"https:\/\/iwhiteinstant.com\/app\/uploads\/sites\/19\/2024\/12\/Iwhite-logo.png\",\"contentUrl\":\"https:\/\/iwhiteinstant.com\/app\/uploads\/sites\/19\/2024\/12\/Iwhite-logo.png\",\"width\":160,\"height\":40,\"caption\":\"iWhite\"},\"image\":{\"@id\":\"https:\/\/iwhiteinstant.com\/be\/fr\/#\/schema\/logo\/image\/\"}}]}<\/script>\n<!-- \/ Yoast SEO plugin. -->","yoast_head_json":{"title":"iWhite Sensitive Tandpasta - iWhite","description":"Vive douleur ou soudaine sensation d\u00e9sagr\u00e9able en mangeant une glace ou en buvant une boisson chaude ? Nombreux sont ceux qui en ont d\u00e9j\u00e0 fait l'exp\u00e9rience.","robots":{"index":"index","follow":"follow","max-snippet":"max-snippet:-1","max-image-preview":"max-image-preview:large","max-video-preview":"max-video-preview:-1"},"canonical":"https:\/\/iwhiteinstant.com\/be\/fr\/produit\/dentifrice-iwhite-sensitive\/","og_locale":"fr_FR","og_type":"article","og_title":"iWhite Sensitive Tandpasta - iWhite","og_description":"Vive douleur ou soudaine sensation d\u00e9sagr\u00e9able en mangeant une glace ou en buvant une boisson chaude ? Nombreux sont ceux qui en ont d\u00e9j\u00e0 fait l'exp\u00e9rience.","og_url":"https:\/\/iwhiteinstant.com\/be\/fr\/produit\/dentifrice-iwhite-sensitive\/","og_site_name":"iWhite","article_modified_time":"2024-12-16T14:46:23+00:00","og_image":[{"width":800,"height":800,"url":"https:\/\/iwhiteinstant.com\/app\/uploads\/sites\/19\/2024\/12\/iWhite-Sensitive-Toothpaste.png","type":"image\/png"}],"twitter_card":"summary_large_image","twitter_misc":{"Est. reading time":"2 minutes"},"schema":{"@context":"https:\/\/schema.org","@graph":[{"@type":"WebPage","@id":"https:\/\/iwhiteinstant.com\/be\/fr\/produit\/dentifrice-iwhite-sensitive\/","url":"https:\/\/iwhiteinstant.com\/be\/fr\/produit\/dentifrice-iwhite-sensitive\/","name":"iWhite Sensitive Tandpasta - iWhite","isPartOf":{"@id":"https:\/\/iwhiteinstant.com\/be\/fr\/#website"},"primaryImageOfPage":{"@id":"https:\/\/iwhiteinstant.com\/be\/fr\/produit\/dentifrice-iwhite-sensitive\/#primaryimage"},"image":{"@id":"https:\/\/iwhiteinstant.com\/be\/fr\/produit\/dentifrice-iwhite-sensitive\/#primaryimage"},"thumbnailUrl":"https:\/\/iwhiteinstant.com\/app\/uploads\/sites\/19\/2024\/12\/iWhite-Sensitive-Toothpaste.png","datePublished":"2024-12-12T09:34:46+00:00","dateModified":"2024-12-16T14:46:23+00:00","description":"Vive douleur ou soudaine sensation d\u00e9sagr\u00e9able en mangeant une glace ou en buvant une boisson chaude ? Nombreux sont ceux qui en ont d\u00e9j\u00e0 fait l'exp\u00e9rience.","breadcrumb":{"@id":"https:\/\/iwhiteinstant.com\/be\/fr\/produit\/dentifrice-iwhite-sensitive\/#breadcrumb"},"inLanguage":"fr-FR","potentialAction":[{"@type":"ReadAction","target":["https:\/\/iwhiteinstant.com\/be\/fr\/produit\/dentifrice-iwhite-sensitive\/"]}]},{"@type":"ImageObject","inLanguage":"fr-FR","@id":"https:\/\/iwhiteinstant.com\/be\/fr\/produit\/dentifrice-iwhite-sensitive\/#primaryimage","url":"https:\/\/iwhiteinstant.com\/app\/uploads\/sites\/19\/2024\/12\/iWhite-Sensitive-Toothpaste.png","contentUrl":"https:\/\/iwhiteinstant.com\/app\/uploads\/sites\/19\/2024\/12\/iWhite-Sensitive-Toothpaste.png","width":800,"height":800,"caption":"iWhite-Sensitive-Toothpaste"},{"@type":"BreadcrumbList","@id":"https:\/\/iwhiteinstant.com\/be\/fr\/produit\/dentifrice-iwhite-sensitive\/#breadcrumb","itemListElement":[{"@type":"ListItem","position":1,"name":"Home","item":"https:\/\/iwhiteinstant.com\/be\/fr\/"},{"@type":"ListItem","position":2,"name":"Produits","item":"https:\/\/iwhiteinstant.com\/be\/fr\/produits\/"},{"@type":"ListItem","position":3,"name":"iWhite Sensitive Tandpasta"}]},{"@type":"WebSite","@id":"https:\/\/iwhiteinstant.com\/be\/fr\/#website","url":"https:\/\/iwhiteinstant.com\/be\/fr\/","name":"iWhite","description":"","publisher":{"@id":"https:\/\/iwhiteinstant.com\/be\/fr\/#organization"},"potentialAction":[{"@type":"SearchAction","target":{"@type":"EntryPoint","urlTemplate":"https:\/\/iwhiteinstant.com\/be\/fr\/?s={search_term_string}"},"query-input":{"@type":"PropertyValueSpecification","valueRequired":true,"valueName":"search_term_string"}}],"inLanguage":"fr-FR"},{"@type":"Organization","@id":"https:\/\/iwhiteinstant.com\/be\/fr\/#organization","name":"iWhite","url":"https:\/\/iwhiteinstant.com\/be\/fr\/","logo":{"@type":"ImageObject","inLanguage":"fr-FR","@id":"https:\/\/iwhiteinstant.com\/be\/fr\/#\/schema\/logo\/image\/","url":"https:\/\/iwhiteinstant.com\/app\/uploads\/sites\/19\/2024\/12\/Iwhite-logo.png","contentUrl":"https:\/\/iwhiteinstant.com\/app\/uploads\/sites\/19\/2024\/12\/Iwhite-logo.png","width":160,"height":40,"caption":"iWhite"},"image":{"@id":"https:\/\/iwhiteinstant.com\/be\/fr\/#\/schema\/logo\/image\/"}}]}},"_links":{"self":[{"href":"https:\/\/iwhiteinstant.com\/be\/fr\/wp-json\/wp\/v2\/product\/244","targetHints":{"allow":["GET"]}}],"collection":[{"href":"https:\/\/iwhiteinstant.com\/be\/fr\/wp-json\/wp\/v2\/product"}],"about":[{"href":"https:\/\/iwhiteinstant.com\/be\/fr\/wp-json\/wp\/v2\/types\/product"}],"replies":[{"embeddable":true,"href":"https:\/\/iwhiteinstant.com\/be\/fr\/wp-json\/wp\/v2\/comments?post=244"}],"version-history":[{"count":4,"href":"https:\/\/iwhiteinstant.com\/be\/fr\/wp-json\/wp\/v2\/product\/244\/revisions"}],"predecessor-version":[{"id":371,"href":"https:\/\/iwhiteinstant.com\/be\/fr\/wp-json\/wp\/v2\/product\/244\/revisions\/371"}],"wp:featuredmedia":[{"embeddable":true,"href":"https:\/\/iwhiteinstant.com\/be\/fr\/wp-json\/wp\/v2\/media\/143"}],"wp:attachment":[{"href":"https:\/\/iwhiteinstant.com\/be\/fr\/wp-json\/wp\/v2\/media?parent=244"}],"wp:term":[{"taxonomy":"product_brand","embeddable":true,"href":"https:\/\/iwhiteinstant.com\/be\/fr\/wp-json\/wp\/v2\/product_brand?post=244"},{"taxonomy":"product_cat","embeddable":true,"href":"https:\/\/iwhiteinstant.com\/be\/fr\/wp-json\/wp\/v2\/product_cat?post=244"},{"taxonomy":"product_tag","embeddable":true,"href":"https:\/\/iwhiteinstant.com\/be\/fr\/wp-json\/wp\/v2\/product_tag?post=244"}],"curies":[{"name":"wp","href":"https:\/\/api.w.org\/{rel}","templated":true}]}}