{"id":248,"date":"2024-12-12T10:30:06","date_gmt":"2024-12-12T09:30:06","guid":{"rendered":"https:\/\/iwhiteinstant.com\/be\/?post_type=product&#038;p=248"},"modified":"2024-12-16T15:46:31","modified_gmt":"2024-12-16T14:46:31","slug":"iwhite-instant-bain-de-bouche-blanchissant","status":"publish","type":"product","link":"https:\/\/iwhiteinstant.com\/be\/fr\/produit\/iwhite-instant-bain-de-bouche-blanchissant\/","title":{"rendered":"iWhite Instant bain de bouche blanchissant"},"content":{"rendered":"\n<section class=\"wp-block-karopharma-image-with-text image-with-text image-with-text__not-full-width is-style-primary\"><div class=\"image-with-text-container \"><div class=\"image-with-text-container-image-container\"><img decoding=\"async\" loading=\"lazy\" src=\"https:\/\/iwhiteinstant.com\/cdn-cgi\/image\/format=auto\/app\/uploads\/sites\/19\/2024\/12\/three-reasons.jpg\" alt=\"three-reasons\"\/><\/div><div class=\"image-with-text-container-content\" style=\"text-align:left\" data-test=\"content\"><div class=\"content\"><h2>3 raisons pour lesquelles vous devriez effectuer un bain de bouche<\/h2><p class=\"body\" data-test=\"body\">1. Il blanchit vos dents imm\u00e9diatement<br>2. Il enl\u00e8ve et pr\u00e9vient la plaque dentaire<br>3. Il enforce et remin\u00e9ralise vos dents<\/p>\n<div class=\"wp-block-buttons is-layout-flex wp-block-buttons-is-layout-flex\">\n<div class=\"wp-block-button\"><a class=\"wp-block-button__link wp-element-button\" href=\"https:\/\/iwhiteinstant.com\/be\/fr\/iwhite-routine\/\">D\u00e9couvrez votre routine de blanchiment des dents id\u00e9ale<\/a><\/div>\n<\/div>\n<\/div><\/div><\/div><\/section>\n\n\n\n<div class=\"wp-block-karopharma-free-text pt-large pb-none bg-center bg-cover bg-no-repeat  is-style-secondary\" style=\"background-image:url()\"><div class=\"free-text-wrapper container max-w-medium text-center\">\n<p class=\"has-text-align-center is-style-paragraph-preamble\">En compl\u00e9ment du bain de bouche iWhite Instant, utilisez le dentifrice iWhite Instant et le kit iWhite Instant Whitening pour un blanchiment dentaire encore plus durable.<\/p>\n<\/div><\/div>\n\n\n<div class=\"product-list wp-block-karopharma-product-list is-style-secondary\" data-testid=\"product-list\">\n      <div class=\"swiper-container\">\n      <div class=\"swiper\">\n        <div class=\"swiper-wrapper\">\n                      <div class=\"swiper-slide\">\n              <div class=\"product-card\" data-testid=\"product-card\">\n  <a\n    href=https:\/\/iwhiteinstant.com\/be\/fr\/produit\/brosse-a-dents-sonique-iwhite\/\n    class=\"product-card-link\"\n    title=\"Brosse \u00e0 dents sonique iWhite\"\n  >\n  <figure class=\"product-card-image\" data-testid=\"product-image\">\n                          <img decoding=\"async\" src=\"https:\/\/iwhiteinstant.com\/cdn-cgi\/image\/width=700,format=auto\/app\/uploads\/sites\/19\/2024\/12\/iWhite-Sonic-Toothbrush.png\"\n        srcset=\"https:\/\/iwhiteinstant.com\/cdn-cgi\/image\/width=250,format=auto\/app\/uploads\/sites\/19\/2024\/12\/iWhite-Sonic-Toothbrush.png 250w,\n                https:\/\/iwhiteinstant.com\/cdn-cgi\/image\/width=500,format=auto\/app\/uploads\/sites\/19\/2024\/12\/iWhite-Sonic-Toothbrush.png 500w,\n                https:\/\/iwhiteinstant.com\/cdn-cgi\/image\/width=700,format=auto\/app\/uploads\/sites\/19\/2024\/12\/iWhite-Sonic-Toothbrush.png 700w\"\n        sizes=\"(max-width: 400px) 250px, (max-width: 800px) 500px, 700px\"\n        alt=\"iWhite-Sonic-Toothbrush\"\n        class=\"img\">\n            <\/figure>\n    <div class=\"product-card-content\">\n      <div class=\"heading-wrapper\">\n        <h2 class=\"heading\">Brosse \u00e0 dents sonique iWhite<\/h2>\n      <\/div>\n      <div class=\"product-card-description\">Brosse \u00e0 dents sonique infus\u00e9e de charbon pour un blanchiment sup\u00e9rieur.<\/div>\n                      <\/div>\n  <\/a>\n          <div class=\"button-wrapper buy-now no-resellers\" data-testid=\"buy-now\">\n          <div class=\"buy-now-container dropdown-container\">\n    <a\n      class=\"theme-button button-primary-color rounded-button\"\n      href=\"https:\/\/www.farmaline.be\/fr\/schoonheid\/BE03925260\/iwhite-dark-stains-elektrische-tandenborstel.htm\" onclick=\"dataLayer.push({'event':'ga_event', 'eventCategory':'Click on Reseller', 'eventAction':'Farmaline', 'eventLabel':'Brosse \u00e0 dents sonique iWhite', 'eventValue': undefined})\" rel=\"noopener\" target=\"_blank\" title=\"Farmaline\"\n      data-testid=\"buy-now-reseller\">\n      Acheter maintenant\n    <\/a>\n    <\/div>\n  <\/div>\n  <\/div>\n            <\/div>\n                  <\/div>\n        <div class=\"swiper-scrollbar\"><\/div>\n      <\/div>\n    <\/div>\n  <\/div>\n","protected":false},"excerpt":{"rendered":"<p>Bain de bouche blanchissant pour un usage quotidien. Dissout la d\u00e9coloration des dents.<\/p>\n","protected":false},"featured_media":133,"comment_status":"closed","ping_status":"closed","template":"","meta":{"_acf_changed":false,"footnotes":""},"product_brand":[],"product_cat":[35,37],"product_tag":[],"class_list":{"0":"post-248","1":"product","2":"type-product","3":"status-publish","4":"has-post-thumbnail","6":"product_cat-bain-de-bouche","7":"product_cat-blanchiment-quotidien","9":"first","10":"instock","11":"shipping-taxable","12":"product-type-simple"},"acf":[],"yoast_head":"<!-- This site is optimized with the Yoast SEO plugin v26.6 - https:\/\/yoast.com\/wordpress\/plugins\/seo\/ -->\n<title>iWhite Instant bain de bouche blanchissant - iWhite<\/title>\n<meta name=\"description\" content=\"Des dents imm\u00e9diatement plus brillantes et plus blanches apr\u00e8s l&#039;utilisation d&#039;un bain de bouche, est-ce possible ? Gr\u00e2ce \u00e0 la technologie de blanchiment \u00e0 triple action d&#039;iWhite, c&#039;est possible.\" \/>\n<meta name=\"robots\" content=\"index, follow, max-snippet:-1, max-image-preview:large, max-video-preview:-1\" \/>\n<link rel=\"canonical\" href=\"https:\/\/iwhiteinstant.com\/be\/fr\/produit\/iwhite-instant-bain-de-bouche-blanchissant\/\" \/>\n<meta property=\"og:locale\" content=\"fr_FR\" \/>\n<meta property=\"og:type\" content=\"article\" \/>\n<meta property=\"og:title\" content=\"iWhite Instant bain de bouche blanchissant - iWhite\" \/>\n<meta property=\"og:description\" content=\"Des dents imm\u00e9diatement plus brillantes et plus blanches apr\u00e8s l&#039;utilisation d&#039;un bain de bouche, est-ce possible ? Gr\u00e2ce \u00e0 la technologie de blanchiment \u00e0 triple action d&#039;iWhite, c&#039;est possible.\" \/>\n<meta property=\"og:url\" content=\"https:\/\/iwhiteinstant.com\/be\/fr\/produit\/iwhite-instant-bain-de-bouche-blanchissant\/\" \/>\n<meta property=\"og:site_name\" content=\"iWhite\" \/>\n<meta property=\"article:modified_time\" content=\"2024-12-16T14:46:31+00:00\" \/>\n<meta property=\"og:image\" content=\"https:\/\/iwhiteinstant.com\/app\/uploads\/sites\/19\/2024\/12\/iWhite-Instant-Whitening-Mouthwash.png\" \/>\n\t<meta property=\"og:image:width\" content=\"800\" \/>\n\t<meta property=\"og:image:height\" content=\"800\" \/>\n\t<meta property=\"og:image:type\" content=\"image\/png\" \/>\n<meta name=\"twitter:card\" content=\"summary_large_image\" \/>\n<meta name=\"twitter:label1\" content=\"Est. reading time\" \/>\n\t<meta name=\"twitter:data1\" content=\"1 minute\" \/>\n<script type=\"application\/ld+json\" class=\"yoast-schema-graph\">{\"@context\":\"https:\/\/schema.org\",\"@graph\":[{\"@type\":\"WebPage\",\"@id\":\"https:\/\/iwhiteinstant.com\/be\/fr\/produit\/iwhite-instant-bain-de-bouche-blanchissant\/\",\"url\":\"https:\/\/iwhiteinstant.com\/be\/fr\/produit\/iwhite-instant-bain-de-bouche-blanchissant\/\",\"name\":\"iWhite Instant bain de bouche blanchissant - iWhite\",\"isPartOf\":{\"@id\":\"https:\/\/iwhiteinstant.com\/be\/fr\/#website\"},\"primaryImageOfPage\":{\"@id\":\"https:\/\/iwhiteinstant.com\/be\/fr\/produit\/iwhite-instant-bain-de-bouche-blanchissant\/#primaryimage\"},\"image\":{\"@id\":\"https:\/\/iwhiteinstant.com\/be\/fr\/produit\/iwhite-instant-bain-de-bouche-blanchissant\/#primaryimage\"},\"thumbnailUrl\":\"https:\/\/iwhiteinstant.com\/app\/uploads\/sites\/19\/2024\/12\/iWhite-Instant-Whitening-Mouthwash.png\",\"datePublished\":\"2024-12-12T09:30:06+00:00\",\"dateModified\":\"2024-12-16T14:46:31+00:00\",\"description\":\"Des dents imm\u00e9diatement plus brillantes et plus blanches apr\u00e8s l'utilisation d'un bain de bouche, est-ce possible ? Gr\u00e2ce \u00e0 la technologie de blanchiment \u00e0 triple action d'iWhite, c'est possible.\",\"breadcrumb\":{\"@id\":\"https:\/\/iwhiteinstant.com\/be\/fr\/produit\/iwhite-instant-bain-de-bouche-blanchissant\/#breadcrumb\"},\"inLanguage\":\"fr-FR\",\"potentialAction\":[{\"@type\":\"ReadAction\",\"target\":[\"https:\/\/iwhiteinstant.com\/be\/fr\/produit\/iwhite-instant-bain-de-bouche-blanchissant\/\"]}]},{\"@type\":\"ImageObject\",\"inLanguage\":\"fr-FR\",\"@id\":\"https:\/\/iwhiteinstant.com\/be\/fr\/produit\/iwhite-instant-bain-de-bouche-blanchissant\/#primaryimage\",\"url\":\"https:\/\/iwhiteinstant.com\/app\/uploads\/sites\/19\/2024\/12\/iWhite-Instant-Whitening-Mouthwash.png\",\"contentUrl\":\"https:\/\/iwhiteinstant.com\/app\/uploads\/sites\/19\/2024\/12\/iWhite-Instant-Whitening-Mouthwash.png\",\"width\":800,\"height\":800,\"caption\":\"iWhite-Instant-Whitening-Mouthwash\"},{\"@type\":\"BreadcrumbList\",\"@id\":\"https:\/\/iwhiteinstant.com\/be\/fr\/produit\/iwhite-instant-bain-de-bouche-blanchissant\/#breadcrumb\",\"itemListElement\":[{\"@type\":\"ListItem\",\"position\":1,\"name\":\"Home\",\"item\":\"https:\/\/iwhiteinstant.com\/be\/fr\/\"},{\"@type\":\"ListItem\",\"position\":2,\"name\":\"Produits\",\"item\":\"https:\/\/iwhiteinstant.com\/be\/fr\/produits\/\"},{\"@type\":\"ListItem\",\"position\":3,\"name\":\"iWhite Instant bain de bouche blanchissant\"}]},{\"@type\":\"WebSite\",\"@id\":\"https:\/\/iwhiteinstant.com\/be\/fr\/#website\",\"url\":\"https:\/\/iwhiteinstant.com\/be\/fr\/\",\"name\":\"iWhite\",\"description\":\"\",\"publisher\":{\"@id\":\"https:\/\/iwhiteinstant.com\/be\/fr\/#organization\"},\"potentialAction\":[{\"@type\":\"SearchAction\",\"target\":{\"@type\":\"EntryPoint\",\"urlTemplate\":\"https:\/\/iwhiteinstant.com\/be\/fr\/?s={search_term_string}\"},\"query-input\":{\"@type\":\"PropertyValueSpecification\",\"valueRequired\":true,\"valueName\":\"search_term_string\"}}],\"inLanguage\":\"fr-FR\"},{\"@type\":\"Organization\",\"@id\":\"https:\/\/iwhiteinstant.com\/be\/fr\/#organization\",\"name\":\"iWhite\",\"url\":\"https:\/\/iwhiteinstant.com\/be\/fr\/\",\"logo\":{\"@type\":\"ImageObject\",\"inLanguage\":\"fr-FR\",\"@id\":\"https:\/\/iwhiteinstant.com\/be\/fr\/#\/schema\/logo\/image\/\",\"url\":\"https:\/\/iwhiteinstant.com\/app\/uploads\/sites\/19\/2024\/12\/Iwhite-logo.png\",\"contentUrl\":\"https:\/\/iwhiteinstant.com\/app\/uploads\/sites\/19\/2024\/12\/Iwhite-logo.png\",\"width\":160,\"height\":40,\"caption\":\"iWhite\"},\"image\":{\"@id\":\"https:\/\/iwhiteinstant.com\/be\/fr\/#\/schema\/logo\/image\/\"}}]}<\/script>\n<!-- \/ Yoast SEO plugin. -->","yoast_head_json":{"title":"iWhite Instant bain de bouche blanchissant - iWhite","description":"Des dents imm\u00e9diatement plus brillantes et plus blanches apr\u00e8s l'utilisation d'un bain de bouche, est-ce possible ? Gr\u00e2ce \u00e0 la technologie de blanchiment \u00e0 triple action d'iWhite, c'est possible.","robots":{"index":"index","follow":"follow","max-snippet":"max-snippet:-1","max-image-preview":"max-image-preview:large","max-video-preview":"max-video-preview:-1"},"canonical":"https:\/\/iwhiteinstant.com\/be\/fr\/produit\/iwhite-instant-bain-de-bouche-blanchissant\/","og_locale":"fr_FR","og_type":"article","og_title":"iWhite Instant bain de bouche blanchissant - iWhite","og_description":"Des dents imm\u00e9diatement plus brillantes et plus blanches apr\u00e8s l'utilisation d'un bain de bouche, est-ce possible ? Gr\u00e2ce \u00e0 la technologie de blanchiment \u00e0 triple action d'iWhite, c'est possible.","og_url":"https:\/\/iwhiteinstant.com\/be\/fr\/produit\/iwhite-instant-bain-de-bouche-blanchissant\/","og_site_name":"iWhite","article_modified_time":"2024-12-16T14:46:31+00:00","og_image":[{"width":800,"height":800,"url":"https:\/\/iwhiteinstant.com\/app\/uploads\/sites\/19\/2024\/12\/iWhite-Instant-Whitening-Mouthwash.png","type":"image\/png"}],"twitter_card":"summary_large_image","twitter_misc":{"Est. reading time":"1 minute"},"schema":{"@context":"https:\/\/schema.org","@graph":[{"@type":"WebPage","@id":"https:\/\/iwhiteinstant.com\/be\/fr\/produit\/iwhite-instant-bain-de-bouche-blanchissant\/","url":"https:\/\/iwhiteinstant.com\/be\/fr\/produit\/iwhite-instant-bain-de-bouche-blanchissant\/","name":"iWhite Instant bain de bouche blanchissant - iWhite","isPartOf":{"@id":"https:\/\/iwhiteinstant.com\/be\/fr\/#website"},"primaryImageOfPage":{"@id":"https:\/\/iwhiteinstant.com\/be\/fr\/produit\/iwhite-instant-bain-de-bouche-blanchissant\/#primaryimage"},"image":{"@id":"https:\/\/iwhiteinstant.com\/be\/fr\/produit\/iwhite-instant-bain-de-bouche-blanchissant\/#primaryimage"},"thumbnailUrl":"https:\/\/iwhiteinstant.com\/app\/uploads\/sites\/19\/2024\/12\/iWhite-Instant-Whitening-Mouthwash.png","datePublished":"2024-12-12T09:30:06+00:00","dateModified":"2024-12-16T14:46:31+00:00","description":"Des dents imm\u00e9diatement plus brillantes et plus blanches apr\u00e8s l'utilisation d'un bain de bouche, est-ce possible ? Gr\u00e2ce \u00e0 la technologie de blanchiment \u00e0 triple action d'iWhite, c'est possible.","breadcrumb":{"@id":"https:\/\/iwhiteinstant.com\/be\/fr\/produit\/iwhite-instant-bain-de-bouche-blanchissant\/#breadcrumb"},"inLanguage":"fr-FR","potentialAction":[{"@type":"ReadAction","target":["https:\/\/iwhiteinstant.com\/be\/fr\/produit\/iwhite-instant-bain-de-bouche-blanchissant\/"]}]},{"@type":"ImageObject","inLanguage":"fr-FR","@id":"https:\/\/iwhiteinstant.com\/be\/fr\/produit\/iwhite-instant-bain-de-bouche-blanchissant\/#primaryimage","url":"https:\/\/iwhiteinstant.com\/app\/uploads\/sites\/19\/2024\/12\/iWhite-Instant-Whitening-Mouthwash.png","contentUrl":"https:\/\/iwhiteinstant.com\/app\/uploads\/sites\/19\/2024\/12\/iWhite-Instant-Whitening-Mouthwash.png","width":800,"height":800,"caption":"iWhite-Instant-Whitening-Mouthwash"},{"@type":"BreadcrumbList","@id":"https:\/\/iwhiteinstant.com\/be\/fr\/produit\/iwhite-instant-bain-de-bouche-blanchissant\/#breadcrumb","itemListElement":[{"@type":"ListItem","position":1,"name":"Home","item":"https:\/\/iwhiteinstant.com\/be\/fr\/"},{"@type":"ListItem","position":2,"name":"Produits","item":"https:\/\/iwhiteinstant.com\/be\/fr\/produits\/"},{"@type":"ListItem","position":3,"name":"iWhite Instant bain de bouche blanchissant"}]},{"@type":"WebSite","@id":"https:\/\/iwhiteinstant.com\/be\/fr\/#website","url":"https:\/\/iwhiteinstant.com\/be\/fr\/","name":"iWhite","description":"","publisher":{"@id":"https:\/\/iwhiteinstant.com\/be\/fr\/#organization"},"potentialAction":[{"@type":"SearchAction","target":{"@type":"EntryPoint","urlTemplate":"https:\/\/iwhiteinstant.com\/be\/fr\/?s={search_term_string}"},"query-input":{"@type":"PropertyValueSpecification","valueRequired":true,"valueName":"search_term_string"}}],"inLanguage":"fr-FR"},{"@type":"Organization","@id":"https:\/\/iwhiteinstant.com\/be\/fr\/#organization","name":"iWhite","url":"https:\/\/iwhiteinstant.com\/be\/fr\/","logo":{"@type":"ImageObject","inLanguage":"fr-FR","@id":"https:\/\/iwhiteinstant.com\/be\/fr\/#\/schema\/logo\/image\/","url":"https:\/\/iwhiteinstant.com\/app\/uploads\/sites\/19\/2024\/12\/Iwhite-logo.png","contentUrl":"https:\/\/iwhiteinstant.com\/app\/uploads\/sites\/19\/2024\/12\/Iwhite-logo.png","width":160,"height":40,"caption":"iWhite"},"image":{"@id":"https:\/\/iwhiteinstant.com\/be\/fr\/#\/schema\/logo\/image\/"}}]}},"_links":{"self":[{"href":"https:\/\/iwhiteinstant.com\/be\/fr\/wp-json\/wp\/v2\/product\/248","targetHints":{"allow":["GET"]}}],"collection":[{"href":"https:\/\/iwhiteinstant.com\/be\/fr\/wp-json\/wp\/v2\/product"}],"about":[{"href":"https:\/\/iwhiteinstant.com\/be\/fr\/wp-json\/wp\/v2\/types\/product"}],"replies":[{"embeddable":true,"href":"https:\/\/iwhiteinstant.com\/be\/fr\/wp-json\/wp\/v2\/comments?post=248"}],"version-history":[{"count":3,"href":"https:\/\/iwhiteinstant.com\/be\/fr\/wp-json\/wp\/v2\/product\/248\/revisions"}],"predecessor-version":[{"id":365,"href":"https:\/\/iwhiteinstant.com\/be\/fr\/wp-json\/wp\/v2\/product\/248\/revisions\/365"}],"wp:featuredmedia":[{"embeddable":true,"href":"https:\/\/iwhiteinstant.com\/be\/fr\/wp-json\/wp\/v2\/media\/133"}],"wp:attachment":[{"href":"https:\/\/iwhiteinstant.com\/be\/fr\/wp-json\/wp\/v2\/media?parent=248"}],"wp:term":[{"taxonomy":"product_brand","embeddable":true,"href":"https:\/\/iwhiteinstant.com\/be\/fr\/wp-json\/wp\/v2\/product_brand?post=248"},{"taxonomy":"product_cat","embeddable":true,"href":"https:\/\/iwhiteinstant.com\/be\/fr\/wp-json\/wp\/v2\/product_cat?post=248"},{"taxonomy":"product_tag","embeddable":true,"href":"https:\/\/iwhiteinstant.com\/be\/fr\/wp-json\/wp\/v2\/product_tag?post=248"}],"curies":[{"name":"wp","href":"https:\/\/api.w.org\/{rel}","templated":true}]}}