{"id":250,"date":"2024-12-12T10:27:58","date_gmt":"2024-12-12T09:27:58","guid":{"rendered":"https:\/\/iwhiteinstant.com\/be\/?post_type=product&#038;p=250"},"modified":"2024-12-16T15:46:35","modified_gmt":"2024-12-16T14:46:35","slug":"brosse-a-dents-sonique-iwhite","status":"publish","type":"product","link":"https:\/\/iwhiteinstant.com\/be\/fr\/produit\/brosse-a-dents-sonique-iwhite\/","title":{"rendered":"Brosse \u00e0 dents sonique iWhite"},"content":{"rendered":"","protected":false},"excerpt":{"rendered":"<p>Brosse \u00e0 dents sonique infus\u00e9e de charbon pour un blanchiment sup\u00e9rieur.<\/p>\n","protected":false},"featured_media":145,"comment_status":"closed","ping_status":"closed","template":"","meta":{"_acf_changed":false,"footnotes":""},"product_brand":[],"product_cat":[37,38],"product_tag":[],"class_list":{"0":"post-250","1":"product","2":"type-product","3":"status-publish","4":"has-post-thumbnail","6":"product_cat-blanchiment-quotidien","7":"product_cat-brosse-a-dents","9":"first","10":"instock","11":"shipping-taxable","12":"product-type-simple"},"acf":[],"yoast_head":"<!-- This site is optimized with the Yoast SEO plugin v26.6 - https:\/\/yoast.com\/wordpress\/plugins\/seo\/ -->\n<title>Brosse \u00e0 dents sonique iWhite - iWhite<\/title>\n<meta name=\"description\" content=\"La brosse \u00e0 dents sonique avec particules de carbone \u00e9limine encore plus de tartre qu&#039;une brosse \u00e0 dents normale gr\u00e2ce aux 40 000 alternances par minute.\" \/>\n<meta name=\"robots\" content=\"index, follow, max-snippet:-1, max-image-preview:large, max-video-preview:-1\" \/>\n<link rel=\"canonical\" href=\"https:\/\/iwhiteinstant.com\/be\/fr\/produit\/brosse-a-dents-sonique-iwhite\/\" \/>\n<meta property=\"og:locale\" content=\"fr_FR\" \/>\n<meta property=\"og:type\" content=\"article\" \/>\n<meta property=\"og:title\" content=\"Brosse \u00e0 dents sonique iWhite - iWhite\" \/>\n<meta property=\"og:description\" content=\"La brosse \u00e0 dents sonique avec particules de carbone \u00e9limine encore plus de tartre qu&#039;une brosse \u00e0 dents normale gr\u00e2ce aux 40 000 alternances par minute.\" \/>\n<meta property=\"og:url\" content=\"https:\/\/iwhiteinstant.com\/be\/fr\/produit\/brosse-a-dents-sonique-iwhite\/\" \/>\n<meta property=\"og:site_name\" content=\"iWhite\" \/>\n<meta property=\"article:modified_time\" content=\"2024-12-16T14:46:35+00:00\" \/>\n<meta property=\"og:image\" content=\"https:\/\/iwhiteinstant.com\/app\/uploads\/sites\/19\/2024\/12\/iWhite-Sonic-Toothbrush.png\" \/>\n\t<meta property=\"og:image:width\" content=\"800\" \/>\n\t<meta property=\"og:image:height\" content=\"800\" \/>\n\t<meta property=\"og:image:type\" content=\"image\/png\" \/>\n<meta name=\"twitter:card\" content=\"summary_large_image\" \/>\n<meta name=\"twitter:label1\" content=\"Est. reading time\" \/>\n\t<meta name=\"twitter:data1\" content=\"1 minute\" \/>\n<script type=\"application\/ld+json\" class=\"yoast-schema-graph\">{\"@context\":\"https:\/\/schema.org\",\"@graph\":[{\"@type\":\"WebPage\",\"@id\":\"https:\/\/iwhiteinstant.com\/be\/fr\/produit\/brosse-a-dents-sonique-iwhite\/\",\"url\":\"https:\/\/iwhiteinstant.com\/be\/fr\/produit\/brosse-a-dents-sonique-iwhite\/\",\"name\":\"Brosse \u00e0 dents sonique iWhite - iWhite\",\"isPartOf\":{\"@id\":\"https:\/\/iwhiteinstant.com\/be\/fr\/#website\"},\"primaryImageOfPage\":{\"@id\":\"https:\/\/iwhiteinstant.com\/be\/fr\/produit\/brosse-a-dents-sonique-iwhite\/#primaryimage\"},\"image\":{\"@id\":\"https:\/\/iwhiteinstant.com\/be\/fr\/produit\/brosse-a-dents-sonique-iwhite\/#primaryimage\"},\"thumbnailUrl\":\"https:\/\/iwhiteinstant.com\/app\/uploads\/sites\/19\/2024\/12\/iWhite-Sonic-Toothbrush.png\",\"datePublished\":\"2024-12-12T09:27:58+00:00\",\"dateModified\":\"2024-12-16T14:46:35+00:00\",\"description\":\"La brosse \u00e0 dents sonique avec particules de carbone \u00e9limine encore plus de tartre qu'une brosse \u00e0 dents normale gr\u00e2ce aux 40 000 alternances par minute.\",\"breadcrumb\":{\"@id\":\"https:\/\/iwhiteinstant.com\/be\/fr\/produit\/brosse-a-dents-sonique-iwhite\/#breadcrumb\"},\"inLanguage\":\"fr-FR\",\"potentialAction\":[{\"@type\":\"ReadAction\",\"target\":[\"https:\/\/iwhiteinstant.com\/be\/fr\/produit\/brosse-a-dents-sonique-iwhite\/\"]}]},{\"@type\":\"ImageObject\",\"inLanguage\":\"fr-FR\",\"@id\":\"https:\/\/iwhiteinstant.com\/be\/fr\/produit\/brosse-a-dents-sonique-iwhite\/#primaryimage\",\"url\":\"https:\/\/iwhiteinstant.com\/app\/uploads\/sites\/19\/2024\/12\/iWhite-Sonic-Toothbrush.png\",\"contentUrl\":\"https:\/\/iwhiteinstant.com\/app\/uploads\/sites\/19\/2024\/12\/iWhite-Sonic-Toothbrush.png\",\"width\":800,\"height\":800,\"caption\":\"iWhite-Sonic-Toothbrush\"},{\"@type\":\"BreadcrumbList\",\"@id\":\"https:\/\/iwhiteinstant.com\/be\/fr\/produit\/brosse-a-dents-sonique-iwhite\/#breadcrumb\",\"itemListElement\":[{\"@type\":\"ListItem\",\"position\":1,\"name\":\"Home\",\"item\":\"https:\/\/iwhiteinstant.com\/be\/fr\/\"},{\"@type\":\"ListItem\",\"position\":2,\"name\":\"Produits\",\"item\":\"https:\/\/iwhiteinstant.com\/be\/fr\/produits\/\"},{\"@type\":\"ListItem\",\"position\":3,\"name\":\"Brosse \u00e0 dents sonique iWhite\"}]},{\"@type\":\"WebSite\",\"@id\":\"https:\/\/iwhiteinstant.com\/be\/fr\/#website\",\"url\":\"https:\/\/iwhiteinstant.com\/be\/fr\/\",\"name\":\"iWhite\",\"description\":\"\",\"publisher\":{\"@id\":\"https:\/\/iwhiteinstant.com\/be\/fr\/#organization\"},\"potentialAction\":[{\"@type\":\"SearchAction\",\"target\":{\"@type\":\"EntryPoint\",\"urlTemplate\":\"https:\/\/iwhiteinstant.com\/be\/fr\/?s={search_term_string}\"},\"query-input\":{\"@type\":\"PropertyValueSpecification\",\"valueRequired\":true,\"valueName\":\"search_term_string\"}}],\"inLanguage\":\"fr-FR\"},{\"@type\":\"Organization\",\"@id\":\"https:\/\/iwhiteinstant.com\/be\/fr\/#organization\",\"name\":\"iWhite\",\"url\":\"https:\/\/iwhiteinstant.com\/be\/fr\/\",\"logo\":{\"@type\":\"ImageObject\",\"inLanguage\":\"fr-FR\",\"@id\":\"https:\/\/iwhiteinstant.com\/be\/fr\/#\/schema\/logo\/image\/\",\"url\":\"https:\/\/iwhiteinstant.com\/app\/uploads\/sites\/19\/2024\/12\/Iwhite-logo.png\",\"contentUrl\":\"https:\/\/iwhiteinstant.com\/app\/uploads\/sites\/19\/2024\/12\/Iwhite-logo.png\",\"width\":160,\"height\":40,\"caption\":\"iWhite\"},\"image\":{\"@id\":\"https:\/\/iwhiteinstant.com\/be\/fr\/#\/schema\/logo\/image\/\"}}]}<\/script>\n<!-- \/ Yoast SEO plugin. -->","yoast_head_json":{"title":"Brosse \u00e0 dents sonique iWhite - iWhite","description":"La brosse \u00e0 dents sonique avec particules de carbone \u00e9limine encore plus de tartre qu'une brosse \u00e0 dents normale gr\u00e2ce aux 40 000 alternances par minute.","robots":{"index":"index","follow":"follow","max-snippet":"max-snippet:-1","max-image-preview":"max-image-preview:large","max-video-preview":"max-video-preview:-1"},"canonical":"https:\/\/iwhiteinstant.com\/be\/fr\/produit\/brosse-a-dents-sonique-iwhite\/","og_locale":"fr_FR","og_type":"article","og_title":"Brosse \u00e0 dents sonique iWhite - iWhite","og_description":"La brosse \u00e0 dents sonique avec particules de carbone \u00e9limine encore plus de tartre qu'une brosse \u00e0 dents normale gr\u00e2ce aux 40 000 alternances par minute.","og_url":"https:\/\/iwhiteinstant.com\/be\/fr\/produit\/brosse-a-dents-sonique-iwhite\/","og_site_name":"iWhite","article_modified_time":"2024-12-16T14:46:35+00:00","og_image":[{"width":800,"height":800,"url":"https:\/\/iwhiteinstant.com\/app\/uploads\/sites\/19\/2024\/12\/iWhite-Sonic-Toothbrush.png","type":"image\/png"}],"twitter_card":"summary_large_image","twitter_misc":{"Est. reading time":"1 minute"},"schema":{"@context":"https:\/\/schema.org","@graph":[{"@type":"WebPage","@id":"https:\/\/iwhiteinstant.com\/be\/fr\/produit\/brosse-a-dents-sonique-iwhite\/","url":"https:\/\/iwhiteinstant.com\/be\/fr\/produit\/brosse-a-dents-sonique-iwhite\/","name":"Brosse \u00e0 dents sonique iWhite - iWhite","isPartOf":{"@id":"https:\/\/iwhiteinstant.com\/be\/fr\/#website"},"primaryImageOfPage":{"@id":"https:\/\/iwhiteinstant.com\/be\/fr\/produit\/brosse-a-dents-sonique-iwhite\/#primaryimage"},"image":{"@id":"https:\/\/iwhiteinstant.com\/be\/fr\/produit\/brosse-a-dents-sonique-iwhite\/#primaryimage"},"thumbnailUrl":"https:\/\/iwhiteinstant.com\/app\/uploads\/sites\/19\/2024\/12\/iWhite-Sonic-Toothbrush.png","datePublished":"2024-12-12T09:27:58+00:00","dateModified":"2024-12-16T14:46:35+00:00","description":"La brosse \u00e0 dents sonique avec particules de carbone \u00e9limine encore plus de tartre qu'une brosse \u00e0 dents normale gr\u00e2ce aux 40 000 alternances par minute.","breadcrumb":{"@id":"https:\/\/iwhiteinstant.com\/be\/fr\/produit\/brosse-a-dents-sonique-iwhite\/#breadcrumb"},"inLanguage":"fr-FR","potentialAction":[{"@type":"ReadAction","target":["https:\/\/iwhiteinstant.com\/be\/fr\/produit\/brosse-a-dents-sonique-iwhite\/"]}]},{"@type":"ImageObject","inLanguage":"fr-FR","@id":"https:\/\/iwhiteinstant.com\/be\/fr\/produit\/brosse-a-dents-sonique-iwhite\/#primaryimage","url":"https:\/\/iwhiteinstant.com\/app\/uploads\/sites\/19\/2024\/12\/iWhite-Sonic-Toothbrush.png","contentUrl":"https:\/\/iwhiteinstant.com\/app\/uploads\/sites\/19\/2024\/12\/iWhite-Sonic-Toothbrush.png","width":800,"height":800,"caption":"iWhite-Sonic-Toothbrush"},{"@type":"BreadcrumbList","@id":"https:\/\/iwhiteinstant.com\/be\/fr\/produit\/brosse-a-dents-sonique-iwhite\/#breadcrumb","itemListElement":[{"@type":"ListItem","position":1,"name":"Home","item":"https:\/\/iwhiteinstant.com\/be\/fr\/"},{"@type":"ListItem","position":2,"name":"Produits","item":"https:\/\/iwhiteinstant.com\/be\/fr\/produits\/"},{"@type":"ListItem","position":3,"name":"Brosse \u00e0 dents sonique iWhite"}]},{"@type":"WebSite","@id":"https:\/\/iwhiteinstant.com\/be\/fr\/#website","url":"https:\/\/iwhiteinstant.com\/be\/fr\/","name":"iWhite","description":"","publisher":{"@id":"https:\/\/iwhiteinstant.com\/be\/fr\/#organization"},"potentialAction":[{"@type":"SearchAction","target":{"@type":"EntryPoint","urlTemplate":"https:\/\/iwhiteinstant.com\/be\/fr\/?s={search_term_string}"},"query-input":{"@type":"PropertyValueSpecification","valueRequired":true,"valueName":"search_term_string"}}],"inLanguage":"fr-FR"},{"@type":"Organization","@id":"https:\/\/iwhiteinstant.com\/be\/fr\/#organization","name":"iWhite","url":"https:\/\/iwhiteinstant.com\/be\/fr\/","logo":{"@type":"ImageObject","inLanguage":"fr-FR","@id":"https:\/\/iwhiteinstant.com\/be\/fr\/#\/schema\/logo\/image\/","url":"https:\/\/iwhiteinstant.com\/app\/uploads\/sites\/19\/2024\/12\/Iwhite-logo.png","contentUrl":"https:\/\/iwhiteinstant.com\/app\/uploads\/sites\/19\/2024\/12\/Iwhite-logo.png","width":160,"height":40,"caption":"iWhite"},"image":{"@id":"https:\/\/iwhiteinstant.com\/be\/fr\/#\/schema\/logo\/image\/"}}]}},"_links":{"self":[{"href":"https:\/\/iwhiteinstant.com\/be\/fr\/wp-json\/wp\/v2\/product\/250","targetHints":{"allow":["GET"]}}],"collection":[{"href":"https:\/\/iwhiteinstant.com\/be\/fr\/wp-json\/wp\/v2\/product"}],"about":[{"href":"https:\/\/iwhiteinstant.com\/be\/fr\/wp-json\/wp\/v2\/types\/product"}],"replies":[{"embeddable":true,"href":"https:\/\/iwhiteinstant.com\/be\/fr\/wp-json\/wp\/v2\/comments?post=250"}],"version-history":[{"count":4,"href":"https:\/\/iwhiteinstant.com\/be\/fr\/wp-json\/wp\/v2\/product\/250\/revisions"}],"predecessor-version":[{"id":376,"href":"https:\/\/iwhiteinstant.com\/be\/fr\/wp-json\/wp\/v2\/product\/250\/revisions\/376"}],"wp:featuredmedia":[{"embeddable":true,"href":"https:\/\/iwhiteinstant.com\/be\/fr\/wp-json\/wp\/v2\/media\/145"}],"wp:attachment":[{"href":"https:\/\/iwhiteinstant.com\/be\/fr\/wp-json\/wp\/v2\/media?parent=250"}],"wp:term":[{"taxonomy":"product_brand","embeddable":true,"href":"https:\/\/iwhiteinstant.com\/be\/fr\/wp-json\/wp\/v2\/product_brand?post=250"},{"taxonomy":"product_cat","embeddable":true,"href":"https:\/\/iwhiteinstant.com\/be\/fr\/wp-json\/wp\/v2\/product_cat?post=250"},{"taxonomy":"product_tag","embeddable":true,"href":"https:\/\/iwhiteinstant.com\/be\/fr\/wp-json\/wp\/v2\/product_tag?post=250"}],"curies":[{"name":"wp","href":"https:\/\/api.w.org\/{rel}","templated":true}]}}