{"id":252,"date":"2024-12-12T10:25:03","date_gmt":"2024-12-12T09:25:03","guid":{"rendered":"https:\/\/iwhiteinstant.com\/be\/?post_type=product&#038;p=252"},"modified":"2024-12-16T15:46:39","modified_gmt":"2024-12-16T14:46:39","slug":"iwhite-bandes-de-blanchiment-a-dissolution-naturelle","status":"publish","type":"product","link":"https:\/\/iwhiteinstant.com\/be\/fr\/produit\/iwhite-bandes-de-blanchiment-a-dissolution-naturelle\/","title":{"rendered":"iWhite bandes de blanchiment \u00e0 dissolution naturelle"},"content":{"rendered":"\n<div class=\"wp-block-karopharma-accordions is-style-secondary\"><div class=\"container\">\n<details class=\"wp-block-karopharma-accordion\"><summary><h2 class=\"accordion-title\">Des dents plus \u00e9clatantes et plus blanches gr\u00e2ce \u00e0 notre technologie r\u00e9volutionnaire iwhite \u00e0 triple action :<\/h2><\/summary><div class=\"accordion-content\">\n<p><strong>Jusqu&rsquo;\u00e0 7 teintes de dents plus blanches<\/strong><br>Les bandes blanchissantes dissolvantes iWhite Natural sont formul\u00e9es avec la m\u00eame technologie iWhite que nos kits de blanchiment sans peroxyde d&rsquo;hydrog\u00e8ne les plus performants, ce qui signifie que leur s\u00e9curit\u00e9 et leur efficacit\u00e9 ont \u00e9t\u00e9 cliniquement prouv\u00e9es. Le r\u00e9sultat ? Un sourire d&rsquo;une blancheur \u00e9clatante, jusqu&rsquo;\u00e0 7 teintes de dents plus blanches !<\/p>\n\n\n\n<p><strong>Infus\u00e9 avec des actifs de blanchiment des dents 100% naturels<\/strong><br>Certains fruits comme la papa\u00efne et les fraises ont le pouvoir de blanchir les dents ! Voici quelques informations sur ces fruits qui ont le pouvoir de blanchir les dents et qui vous donnent un grand sourire blanc :<\/p>\n\n\n\n<p><strong><mark style=\"background-color:rgba(0, 0, 0, 0)\" class=\"has-inline-color has-secondary-color\">La papa\u00efne<\/mark><\/strong> permet d&rsquo;\u00e9liminer la partie prot\u00e9ique de la plaque dentaire, \u00e9liminant ainsi les taches li\u00e9es \u00e0 ces prot\u00e9ines. Il est cliniquement prouv\u00e9 que vous obtenez un effet blanchissant apr\u00e8s une seule application.<\/p>\n\n\n\n<p><strong><mark style=\"background-color:rgba(0, 0, 0, 0)\" class=\"has-inline-color has-secondary-color\">Les fraises<\/mark><\/strong> sont \u00e9galement connues pour \u00eatre de puissants agents de blanchiment naturels. Il a \u00e9t\u00e9 cliniquement d\u00e9montr\u00e9 que les fraises ont des effets blanchissants et nettoyants qui aident \u00e0 dissoudre les taches.<\/p>\n<\/div><\/details>\n\n\n\n<details class=\"wp-block-karopharma-accordion\"><summary><h2 class=\"accordion-title\">Le blanchiment des dents sans effort !<\/h2><\/summary><div class=\"accordion-content\">\n<p>Placez simplement les bandes blanchissantes sur vos dents et laissez-les faire tout le travail pour vous. Elles blanchissent et se dissolvent automatiquement. Vous pouvez utiliser les bandes \u00e0 tout moment et en tout lieu pour blanchir vos dents !<\/p>\n\n\n\n<p>Qu&rsquo;est-ce que vous attendez ? Vous pouvez commencer d\u00e8s l&rsquo;ouverture de l&#8217;emballage. Utilisez-les pendant 14 jours cons\u00e9cutifs pour obtenir les r\u00e9sultats les plus \u00e9tonnants et les plus optimaux.<\/p>\n<\/div><\/details>\n<\/div><\/div>\n","protected":false},"excerpt":{"rendered":"<p>Blanchit vos dents \u00e0 tout moment et n&rsquo;importe o\u00f9\u00a0!<\/p>\n","protected":false},"featured_media":139,"comment_status":"closed","ping_status":"closed","template":"","meta":{"_acf_changed":false,"footnotes":""},"product_brand":[],"product_cat":[39],"product_tag":[],"class_list":{"0":"post-252","1":"product","2":"type-product","3":"status-publish","4":"has-post-thumbnail","6":"product_cat-blanchiment-naturel","8":"first","9":"instock","10":"shipping-taxable","11":"product-type-simple"},"acf":[],"yoast_head":"<!-- This site is optimized with the Yoast SEO plugin v26.6 - https:\/\/yoast.com\/wordpress\/plugins\/seo\/ -->\n<title>iWhite bandes de blanchiment \u00e0 dissolution naturelle - iWhite<\/title>\n<meta name=\"description\" content=\"Les bandes blanchissantes iWhite Natural dissolvent vos dents en toute s\u00e9curit\u00e9, n&#039;importe o\u00f9 et n&#039;importe quand, sans rien \u00e0 enlever.\" \/>\n<meta name=\"robots\" content=\"index, follow, max-snippet:-1, max-image-preview:large, max-video-preview:-1\" \/>\n<link rel=\"canonical\" href=\"https:\/\/iwhiteinstant.com\/be\/fr\/produit\/iwhite-bandes-de-blanchiment-a-dissolution-naturelle\/\" \/>\n<meta property=\"og:locale\" content=\"fr_FR\" \/>\n<meta property=\"og:type\" content=\"article\" \/>\n<meta property=\"og:title\" content=\"iWhite bandes de blanchiment \u00e0 dissolution naturelle - iWhite\" \/>\n<meta property=\"og:description\" content=\"Les bandes blanchissantes iWhite Natural dissolvent vos dents en toute s\u00e9curit\u00e9, n&#039;importe o\u00f9 et n&#039;importe quand, sans rien \u00e0 enlever.\" \/>\n<meta property=\"og:url\" content=\"https:\/\/iwhiteinstant.com\/be\/fr\/produit\/iwhite-bandes-de-blanchiment-a-dissolution-naturelle\/\" \/>\n<meta property=\"og:site_name\" content=\"iWhite\" \/>\n<meta property=\"article:modified_time\" content=\"2024-12-16T14:46:39+00:00\" \/>\n<meta property=\"og:image\" content=\"https:\/\/iwhiteinstant.com\/app\/uploads\/sites\/19\/2024\/12\/iWhite-Natural-Dissolving-Whitening-Strips.png\" \/>\n\t<meta property=\"og:image:width\" content=\"800\" \/>\n\t<meta property=\"og:image:height\" content=\"800\" \/>\n\t<meta property=\"og:image:type\" content=\"image\/png\" \/>\n<meta name=\"twitter:card\" content=\"summary_large_image\" \/>\n<meta name=\"twitter:label1\" content=\"Est. reading time\" \/>\n\t<meta name=\"twitter:data1\" content=\"2 minutes\" \/>\n<script type=\"application\/ld+json\" class=\"yoast-schema-graph\">{\"@context\":\"https:\/\/schema.org\",\"@graph\":[{\"@type\":\"WebPage\",\"@id\":\"https:\/\/iwhiteinstant.com\/be\/fr\/produit\/iwhite-bandes-de-blanchiment-a-dissolution-naturelle\/\",\"url\":\"https:\/\/iwhiteinstant.com\/be\/fr\/produit\/iwhite-bandes-de-blanchiment-a-dissolution-naturelle\/\",\"name\":\"iWhite bandes de blanchiment \u00e0 dissolution naturelle - iWhite\",\"isPartOf\":{\"@id\":\"https:\/\/iwhiteinstant.com\/be\/fr\/#website\"},\"primaryImageOfPage\":{\"@id\":\"https:\/\/iwhiteinstant.com\/be\/fr\/produit\/iwhite-bandes-de-blanchiment-a-dissolution-naturelle\/#primaryimage\"},\"image\":{\"@id\":\"https:\/\/iwhiteinstant.com\/be\/fr\/produit\/iwhite-bandes-de-blanchiment-a-dissolution-naturelle\/#primaryimage\"},\"thumbnailUrl\":\"https:\/\/iwhiteinstant.com\/app\/uploads\/sites\/19\/2024\/12\/iWhite-Natural-Dissolving-Whitening-Strips.png\",\"datePublished\":\"2024-12-12T09:25:03+00:00\",\"dateModified\":\"2024-12-16T14:46:39+00:00\",\"description\":\"Les bandes blanchissantes iWhite Natural dissolvent vos dents en toute s\u00e9curit\u00e9, n'importe o\u00f9 et n'importe quand, sans rien \u00e0 enlever.\",\"breadcrumb\":{\"@id\":\"https:\/\/iwhiteinstant.com\/be\/fr\/produit\/iwhite-bandes-de-blanchiment-a-dissolution-naturelle\/#breadcrumb\"},\"inLanguage\":\"fr-FR\",\"potentialAction\":[{\"@type\":\"ReadAction\",\"target\":[\"https:\/\/iwhiteinstant.com\/be\/fr\/produit\/iwhite-bandes-de-blanchiment-a-dissolution-naturelle\/\"]}]},{\"@type\":\"ImageObject\",\"inLanguage\":\"fr-FR\",\"@id\":\"https:\/\/iwhiteinstant.com\/be\/fr\/produit\/iwhite-bandes-de-blanchiment-a-dissolution-naturelle\/#primaryimage\",\"url\":\"https:\/\/iwhiteinstant.com\/app\/uploads\/sites\/19\/2024\/12\/iWhite-Natural-Dissolving-Whitening-Strips.png\",\"contentUrl\":\"https:\/\/iwhiteinstant.com\/app\/uploads\/sites\/19\/2024\/12\/iWhite-Natural-Dissolving-Whitening-Strips.png\",\"width\":800,\"height\":800,\"caption\":\"iWhite-Natural-Dissolving-Whitening-Strips\"},{\"@type\":\"BreadcrumbList\",\"@id\":\"https:\/\/iwhiteinstant.com\/be\/fr\/produit\/iwhite-bandes-de-blanchiment-a-dissolution-naturelle\/#breadcrumb\",\"itemListElement\":[{\"@type\":\"ListItem\",\"position\":1,\"name\":\"Home\",\"item\":\"https:\/\/iwhiteinstant.com\/be\/fr\/\"},{\"@type\":\"ListItem\",\"position\":2,\"name\":\"Produits\",\"item\":\"https:\/\/iwhiteinstant.com\/be\/fr\/produits\/\"},{\"@type\":\"ListItem\",\"position\":3,\"name\":\"iWhite bandes de blanchiment \u00e0 dissolution naturelle\"}]},{\"@type\":\"WebSite\",\"@id\":\"https:\/\/iwhiteinstant.com\/be\/fr\/#website\",\"url\":\"https:\/\/iwhiteinstant.com\/be\/fr\/\",\"name\":\"iWhite\",\"description\":\"\",\"publisher\":{\"@id\":\"https:\/\/iwhiteinstant.com\/be\/fr\/#organization\"},\"potentialAction\":[{\"@type\":\"SearchAction\",\"target\":{\"@type\":\"EntryPoint\",\"urlTemplate\":\"https:\/\/iwhiteinstant.com\/be\/fr\/?s={search_term_string}\"},\"query-input\":{\"@type\":\"PropertyValueSpecification\",\"valueRequired\":true,\"valueName\":\"search_term_string\"}}],\"inLanguage\":\"fr-FR\"},{\"@type\":\"Organization\",\"@id\":\"https:\/\/iwhiteinstant.com\/be\/fr\/#organization\",\"name\":\"iWhite\",\"url\":\"https:\/\/iwhiteinstant.com\/be\/fr\/\",\"logo\":{\"@type\":\"ImageObject\",\"inLanguage\":\"fr-FR\",\"@id\":\"https:\/\/iwhiteinstant.com\/be\/fr\/#\/schema\/logo\/image\/\",\"url\":\"https:\/\/iwhiteinstant.com\/app\/uploads\/sites\/19\/2024\/12\/Iwhite-logo.png\",\"contentUrl\":\"https:\/\/iwhiteinstant.com\/app\/uploads\/sites\/19\/2024\/12\/Iwhite-logo.png\",\"width\":160,\"height\":40,\"caption\":\"iWhite\"},\"image\":{\"@id\":\"https:\/\/iwhiteinstant.com\/be\/fr\/#\/schema\/logo\/image\/\"}}]}<\/script>\n<!-- \/ Yoast SEO plugin. -->","yoast_head_json":{"title":"iWhite bandes de blanchiment \u00e0 dissolution naturelle - iWhite","description":"Les bandes blanchissantes iWhite Natural dissolvent vos dents en toute s\u00e9curit\u00e9, n'importe o\u00f9 et n'importe quand, sans rien \u00e0 enlever.","robots":{"index":"index","follow":"follow","max-snippet":"max-snippet:-1","max-image-preview":"max-image-preview:large","max-video-preview":"max-video-preview:-1"},"canonical":"https:\/\/iwhiteinstant.com\/be\/fr\/produit\/iwhite-bandes-de-blanchiment-a-dissolution-naturelle\/","og_locale":"fr_FR","og_type":"article","og_title":"iWhite bandes de blanchiment \u00e0 dissolution naturelle - iWhite","og_description":"Les bandes blanchissantes iWhite Natural dissolvent vos dents en toute s\u00e9curit\u00e9, n'importe o\u00f9 et n'importe quand, sans rien \u00e0 enlever.","og_url":"https:\/\/iwhiteinstant.com\/be\/fr\/produit\/iwhite-bandes-de-blanchiment-a-dissolution-naturelle\/","og_site_name":"iWhite","article_modified_time":"2024-12-16T14:46:39+00:00","og_image":[{"width":800,"height":800,"url":"https:\/\/iwhiteinstant.com\/app\/uploads\/sites\/19\/2024\/12\/iWhite-Natural-Dissolving-Whitening-Strips.png","type":"image\/png"}],"twitter_card":"summary_large_image","twitter_misc":{"Est. reading time":"2 minutes"},"schema":{"@context":"https:\/\/schema.org","@graph":[{"@type":"WebPage","@id":"https:\/\/iwhiteinstant.com\/be\/fr\/produit\/iwhite-bandes-de-blanchiment-a-dissolution-naturelle\/","url":"https:\/\/iwhiteinstant.com\/be\/fr\/produit\/iwhite-bandes-de-blanchiment-a-dissolution-naturelle\/","name":"iWhite bandes de blanchiment \u00e0 dissolution naturelle - iWhite","isPartOf":{"@id":"https:\/\/iwhiteinstant.com\/be\/fr\/#website"},"primaryImageOfPage":{"@id":"https:\/\/iwhiteinstant.com\/be\/fr\/produit\/iwhite-bandes-de-blanchiment-a-dissolution-naturelle\/#primaryimage"},"image":{"@id":"https:\/\/iwhiteinstant.com\/be\/fr\/produit\/iwhite-bandes-de-blanchiment-a-dissolution-naturelle\/#primaryimage"},"thumbnailUrl":"https:\/\/iwhiteinstant.com\/app\/uploads\/sites\/19\/2024\/12\/iWhite-Natural-Dissolving-Whitening-Strips.png","datePublished":"2024-12-12T09:25:03+00:00","dateModified":"2024-12-16T14:46:39+00:00","description":"Les bandes blanchissantes iWhite Natural dissolvent vos dents en toute s\u00e9curit\u00e9, n'importe o\u00f9 et n'importe quand, sans rien \u00e0 enlever.","breadcrumb":{"@id":"https:\/\/iwhiteinstant.com\/be\/fr\/produit\/iwhite-bandes-de-blanchiment-a-dissolution-naturelle\/#breadcrumb"},"inLanguage":"fr-FR","potentialAction":[{"@type":"ReadAction","target":["https:\/\/iwhiteinstant.com\/be\/fr\/produit\/iwhite-bandes-de-blanchiment-a-dissolution-naturelle\/"]}]},{"@type":"ImageObject","inLanguage":"fr-FR","@id":"https:\/\/iwhiteinstant.com\/be\/fr\/produit\/iwhite-bandes-de-blanchiment-a-dissolution-naturelle\/#primaryimage","url":"https:\/\/iwhiteinstant.com\/app\/uploads\/sites\/19\/2024\/12\/iWhite-Natural-Dissolving-Whitening-Strips.png","contentUrl":"https:\/\/iwhiteinstant.com\/app\/uploads\/sites\/19\/2024\/12\/iWhite-Natural-Dissolving-Whitening-Strips.png","width":800,"height":800,"caption":"iWhite-Natural-Dissolving-Whitening-Strips"},{"@type":"BreadcrumbList","@id":"https:\/\/iwhiteinstant.com\/be\/fr\/produit\/iwhite-bandes-de-blanchiment-a-dissolution-naturelle\/#breadcrumb","itemListElement":[{"@type":"ListItem","position":1,"name":"Home","item":"https:\/\/iwhiteinstant.com\/be\/fr\/"},{"@type":"ListItem","position":2,"name":"Produits","item":"https:\/\/iwhiteinstant.com\/be\/fr\/produits\/"},{"@type":"ListItem","position":3,"name":"iWhite bandes de blanchiment \u00e0 dissolution naturelle"}]},{"@type":"WebSite","@id":"https:\/\/iwhiteinstant.com\/be\/fr\/#website","url":"https:\/\/iwhiteinstant.com\/be\/fr\/","name":"iWhite","description":"","publisher":{"@id":"https:\/\/iwhiteinstant.com\/be\/fr\/#organization"},"potentialAction":[{"@type":"SearchAction","target":{"@type":"EntryPoint","urlTemplate":"https:\/\/iwhiteinstant.com\/be\/fr\/?s={search_term_string}"},"query-input":{"@type":"PropertyValueSpecification","valueRequired":true,"valueName":"search_term_string"}}],"inLanguage":"fr-FR"},{"@type":"Organization","@id":"https:\/\/iwhiteinstant.com\/be\/fr\/#organization","name":"iWhite","url":"https:\/\/iwhiteinstant.com\/be\/fr\/","logo":{"@type":"ImageObject","inLanguage":"fr-FR","@id":"https:\/\/iwhiteinstant.com\/be\/fr\/#\/schema\/logo\/image\/","url":"https:\/\/iwhiteinstant.com\/app\/uploads\/sites\/19\/2024\/12\/Iwhite-logo.png","contentUrl":"https:\/\/iwhiteinstant.com\/app\/uploads\/sites\/19\/2024\/12\/Iwhite-logo.png","width":160,"height":40,"caption":"iWhite"},"image":{"@id":"https:\/\/iwhiteinstant.com\/be\/fr\/#\/schema\/logo\/image\/"}}]}},"_links":{"self":[{"href":"https:\/\/iwhiteinstant.com\/be\/fr\/wp-json\/wp\/v2\/product\/252","targetHints":{"allow":["GET"]}}],"collection":[{"href":"https:\/\/iwhiteinstant.com\/be\/fr\/wp-json\/wp\/v2\/product"}],"about":[{"href":"https:\/\/iwhiteinstant.com\/be\/fr\/wp-json\/wp\/v2\/types\/product"}],"replies":[{"embeddable":true,"href":"https:\/\/iwhiteinstant.com\/be\/fr\/wp-json\/wp\/v2\/comments?post=252"}],"version-history":[{"count":5,"href":"https:\/\/iwhiteinstant.com\/be\/fr\/wp-json\/wp\/v2\/product\/252\/revisions"}],"predecessor-version":[{"id":367,"href":"https:\/\/iwhiteinstant.com\/be\/fr\/wp-json\/wp\/v2\/product\/252\/revisions\/367"}],"wp:featuredmedia":[{"embeddable":true,"href":"https:\/\/iwhiteinstant.com\/be\/fr\/wp-json\/wp\/v2\/media\/139"}],"wp:attachment":[{"href":"https:\/\/iwhiteinstant.com\/be\/fr\/wp-json\/wp\/v2\/media?parent=252"}],"wp:term":[{"taxonomy":"product_brand","embeddable":true,"href":"https:\/\/iwhiteinstant.com\/be\/fr\/wp-json\/wp\/v2\/product_brand?post=252"},{"taxonomy":"product_cat","embeddable":true,"href":"https:\/\/iwhiteinstant.com\/be\/fr\/wp-json\/wp\/v2\/product_cat?post=252"},{"taxonomy":"product_tag","embeddable":true,"href":"https:\/\/iwhiteinstant.com\/be\/fr\/wp-json\/wp\/v2\/product_tag?post=252"}],"curies":[{"name":"wp","href":"https:\/\/api.w.org\/{rel}","templated":true}]}}