{"id":254,"date":"2024-12-11T15:54:33","date_gmt":"2024-12-11T14:54:33","guid":{"rendered":"https:\/\/iwhiteinstant.com\/be\/?post_type=product&#038;p=254"},"modified":"2024-12-16T15:46:43","modified_gmt":"2024-12-16T14:46:43","slug":"kit-de-blanchiment-iwhite-classic","status":"publish","type":"product","link":"https:\/\/iwhiteinstant.com\/be\/fr\/produit\/kit-de-blanchiment-iwhite-classic\/","title":{"rendered":"iWhite Classic Whitening Kit"},"content":{"rendered":"\n<div class=\"wp-block-karopharma-accordions is-style-secondary\"><div class=\"container\">\n<details class=\"wp-block-karopharma-accordion\"><summary><h2 class=\"accordion-title\">Comment cela fonctionne-t-il ?<\/h2><\/summary><div class=\"accordion-content\">\n<p>Il vous suffit de les porter 20 minutes par jour\u2026 et vous obtiendrez un effet blanchissant imm\u00e9diat d\u00e8s la premi\u00e8re application, jusqu&rsquo;\u00e0 8 teintes de dents plus blanches* ! Utilisez-le pendant 5 jours cons\u00e9cutifs pour des r\u00e9sultats encore plus \u00e9tonnants et optimaux.<\/p>\n<\/div><\/details>\n<\/div><\/div>\n\n\n\n<div class=\"wp-block-karopharma-free-text pt-large pb-large bg-center bg-cover bg-no-repeat  is-style-transparent\" style=\"background-image:url()\"><div class=\"free-text-wrapper container max-w-medium text-center\">\n<h2 class=\"wp-block-heading\">La routine de blanchiment parfaite en combinaison avec notre kit de blanchiment classique<\/h2>\n\n\n\n<p class=\"is-style-paragraph-preamble\">Pour obtenir les meilleurs r\u00e9sultats de blanchiment, utilisez le kit de blanchiment classique avec nos produits d&rsquo;hygi\u00e8ne dentaire quotidiens tels que le dentifrice et le bain de bouche.<\/p>\n<\/div><\/div>\n\n\n<div class=\"product-list wp-block-karopharma-product-list is-style-primary\" data-testid=\"product-list\">\n      <div class=\"swiper-container\">\n      <div class=\"swiper\">\n        <div class=\"swiper-wrapper\">\n                      <div class=\"swiper-slide\">\n              <div class=\"product-card\" data-testid=\"product-card\">\n  <a\n    href=https:\/\/iwhiteinstant.com\/be\/fr\/produit\/iwhite-instant-bain-de-bouche-blanchissant\/\n    class=\"product-card-link\"\n    title=\"iWhite Instant bain de bouche blanchissant\"\n  >\n  <figure class=\"product-card-image\" data-testid=\"product-image\">\n                          <img decoding=\"async\" src=\"https:\/\/iwhiteinstant.com\/cdn-cgi\/image\/width=700,format=auto\/app\/uploads\/sites\/19\/2024\/12\/iWhite-Instant-Whitening-Mouthwash.png\"\n        srcset=\"https:\/\/iwhiteinstant.com\/cdn-cgi\/image\/width=250,format=auto\/app\/uploads\/sites\/19\/2024\/12\/iWhite-Instant-Whitening-Mouthwash.png 250w,\n                https:\/\/iwhiteinstant.com\/cdn-cgi\/image\/width=500,format=auto\/app\/uploads\/sites\/19\/2024\/12\/iWhite-Instant-Whitening-Mouthwash.png 500w,\n                https:\/\/iwhiteinstant.com\/cdn-cgi\/image\/width=700,format=auto\/app\/uploads\/sites\/19\/2024\/12\/iWhite-Instant-Whitening-Mouthwash.png 700w\"\n        sizes=\"(max-width: 400px) 250px, (max-width: 800px) 500px, 700px\"\n        alt=\"iWhite-Instant-Whitening-Mouthwash\"\n        class=\"img\">\n            <\/figure>\n    <div class=\"product-card-content\">\n      <div class=\"heading-wrapper\">\n        <h2 class=\"heading\">iWhite Instant bain de bouche blanchissant<\/h2>\n      <\/div>\n      <div class=\"product-card-description\">Bain de bouche blanchissant pour un usage quotidien. Dissout la d\u00e9coloration des dents.<\/div>\n                      <\/div>\n  <\/a>\n          <div class=\"button-wrapper buy-now \" data-testid=\"buy-now\">\n      <div class=\"buy-now-container dropdown-container\">\n      <div class=\"theme-button button-primary-color dropdown-link\" aria-label=\"Acheter maintenant\">\n          Acheter maintenant <i class=\"dropdown\"><\/i>\n      <\/div>\n      <ul class=\"reseller-list submenu\">\n                    <li>\n              <a\n                href=\"https:\/\/www.bol.com\/be\/nl\/p\/iwhite-mondwater-500ml\/9200000049087086\/\" onclick=\"dataLayer.push({'event':'ga_event', 'eventCategory':'Click on Reseller', 'eventAction':'Bol', 'eventLabel':'iWhite Instant bain de bouche blanchissant', 'eventValue': undefined})\" rel=\"noopener\" target=\"_blank\" title=\"Bol\"\n                data-testid=\"buy-now-reseller\">\n                <i class=\"fa-solid fa-arrow-right\"><\/i> Bol\n              <\/a>\n          <\/li>\n                    <li>\n              <a\n                href=\"https:\/\/www.farmaline.be\/fr\/schoonheid\/BE03195245\/i-white-instant-mondwater-sylphar.htm\" onclick=\"dataLayer.push({'event':'ga_event', 'eventCategory':'Click on Reseller', 'eventAction':'Farmaline', 'eventLabel':'iWhite Instant bain de bouche blanchissant', 'eventValue': undefined})\" rel=\"noopener\" target=\"_blank\" title=\"Farmaline\"\n                data-testid=\"buy-now-reseller\">\n                <i class=\"fa-solid fa-arrow-right\"><\/i> Farmaline\n              <\/a>\n          <\/li>\n                    <li>\n              <a\n                href=\"https:\/\/www.newpharma.be\/apotheek\/iwhite\/505983\/iwhite-instant-teeth-whitening-mondwater-fles-500ml.html\" onclick=\"dataLayer.push({'event':'ga_event', 'eventCategory':'Click on Reseller', 'eventAction':'Newpharma', 'eventLabel':'iWhite Instant bain de bouche blanchissant', 'eventValue': undefined})\" rel=\"noopener\" target=\"_blank\" title=\"Newpharma\"\n                data-testid=\"buy-now-reseller\">\n                <i class=\"fa-solid fa-arrow-right\"><\/i> Newpharma\n              <\/a>\n          <\/li>\n                    <li>\n              <a\n                href=\"https:\/\/www.viata.be\/sylphar-i-white-mondwater-antiplak-dagelijks-gebruik-mondspoeling-500-ml-nl\" onclick=\"dataLayer.push({'event':'ga_event', 'eventCategory':'Click on Reseller', 'eventAction':'Viata', 'eventLabel':'iWhite Instant bain de bouche blanchissant', 'eventValue': undefined})\" rel=\"noopener\" target=\"_blank\" title=\"Viata\"\n                data-testid=\"buy-now-reseller\">\n                <i class=\"fa-solid fa-arrow-right\"><\/i> Viata\n              <\/a>\n          <\/li>\n                <\/ul>\n    <\/div>\n  <\/div>\n  <\/div>\n            <\/div>\n                      <div class=\"swiper-slide\">\n              <div class=\"product-card\" data-testid=\"product-card\">\n  <a\n    href=https:\/\/iwhiteinstant.com\/be\/fr\/produit\/dentifrice-iwhite-supreme\/\n    class=\"product-card-link\"\n    title=\"iWhite Supreme Tandpasta\"\n  >\n  <figure class=\"product-card-image\" data-testid=\"product-image\">\n                          <img decoding=\"async\" src=\"https:\/\/iwhiteinstant.com\/cdn-cgi\/image\/width=700,format=auto\/app\/uploads\/sites\/19\/2024\/12\/iWhite-Supreme-toothpaste.png\"\n        srcset=\"https:\/\/iwhiteinstant.com\/cdn-cgi\/image\/width=250,format=auto\/app\/uploads\/sites\/19\/2024\/12\/iWhite-Supreme-toothpaste.png 250w,\n                https:\/\/iwhiteinstant.com\/cdn-cgi\/image\/width=500,format=auto\/app\/uploads\/sites\/19\/2024\/12\/iWhite-Supreme-toothpaste.png 500w,\n                https:\/\/iwhiteinstant.com\/cdn-cgi\/image\/width=700,format=auto\/app\/uploads\/sites\/19\/2024\/12\/iWhite-Supreme-toothpaste.png 700w\"\n        sizes=\"(max-width: 400px) 250px, (max-width: 800px) 500px, 700px\"\n        alt=\"iWhite-Supreme-toothpaste\"\n        class=\"img\">\n            <\/figure>\n    <div class=\"product-card-content\">\n      <div class=\"heading-wrapper\">\n        <h2 class=\"heading\">iWhite Supreme Tandpasta<\/h2>\n      <\/div>\n      <div class=\"product-card-description\">Blanchit et prot\u00e8ge vos dents en cr\u00e9ant une couche protectrice sur vos dents.<\/div>\n                      <\/div>\n  <\/a>\n          <div class=\"button-wrapper buy-now \" data-testid=\"buy-now\">\n      <div class=\"buy-now-container dropdown-container\">\n      <div class=\"theme-button button-primary-color dropdown-link\" aria-label=\"Acheter maintenant\">\n          Acheter maintenant <i class=\"dropdown\"><\/i>\n      <\/div>\n      <ul class=\"reseller-list submenu\">\n                    <li>\n              <a\n                href=\"https:\/\/www.bol.com\/be\/nl\/p\/iwhite-5425012534674-tandpasta-blekende-tandpasta-75-ml\/9300000050782248\/?bltgh=tE55Z2Qm7ZV30u-hyA9Duw.2_12.19.ProductTitle\" onclick=\"dataLayer.push({'event':'ga_event', 'eventCategory':'Click on Reseller', 'eventAction':'Bol', 'eventLabel':'iWhite Supreme Tandpasta', 'eventValue': undefined})\" rel=\"noopener\" target=\"_blank\" title=\"Bol\"\n                data-testid=\"buy-now-reseller\">\n                <i class=\"fa-solid fa-arrow-right\"><\/i> Bol\n              <\/a>\n          <\/li>\n                    <li>\n              <a\n                href=\"https:\/\/www.farmaline.be\/fr\/schoonheid\/BE04237327\/iwhite-supreme-whitening-tandpasta.htm\" onclick=\"dataLayer.push({'event':'ga_event', 'eventCategory':'Click on Reseller', 'eventAction':'Farmaline', 'eventLabel':'iWhite Supreme Tandpasta', 'eventValue': undefined})\" rel=\"noopener\" target=\"_blank\" title=\"Farmaline\"\n                data-testid=\"buy-now-reseller\">\n                <i class=\"fa-solid fa-arrow-right\"><\/i> Farmaline\n              <\/a>\n          <\/li>\n                    <li>\n              <a\n                href=\"https:\/\/www.newpharma.be\/apotheek\/iwhite\/826943\/iwhite-supreme-whitening-tandpasta-tube-75ml.html\" onclick=\"dataLayer.push({'event':'ga_event', 'eventCategory':'Click on Reseller', 'eventAction':'Newpharma', 'eventLabel':'iWhite Supreme Tandpasta', 'eventValue': undefined})\" rel=\"noopener\" target=\"_blank\" title=\"Newpharma\"\n                data-testid=\"buy-now-reseller\">\n                <i class=\"fa-solid fa-arrow-right\"><\/i> Newpharma\n              <\/a>\n          <\/li>\n                    <li>\n              <a\n                href=\"https:\/\/www.viata.be\/sylphar-iwhite-supreme-whitening-tandpasta-75-ml-nl\" onclick=\"dataLayer.push({'event':'ga_event', 'eventCategory':'Click on Reseller', 'eventAction':'Viata', 'eventLabel':'iWhite Supreme Tandpasta', 'eventValue': undefined})\" rel=\"noopener\" target=\"_blank\" title=\"Viata\"\n                data-testid=\"buy-now-reseller\">\n                <i class=\"fa-solid fa-arrow-right\"><\/i> Viata\n              <\/a>\n          <\/li>\n                <\/ul>\n    <\/div>\n  <\/div>\n  <\/div>\n            <\/div>\n                  <\/div>\n        <div class=\"swiper-scrollbar\"><\/div>\n      <\/div>\n    <\/div>\n  <\/div>\n","protected":false},"excerpt":{"rendered":"<p>Jusqu&rsquo;\u00e0 8 teintes de dents plus blanches<\/p>\n","protected":false},"featured_media":119,"comment_status":"closed","ping_status":"closed","template":"","meta":{"_acf_changed":false,"footnotes":""},"product_brand":[],"product_cat":[34],"product_tag":[],"class_list":{"0":"post-254","1":"product","2":"type-product","3":"status-publish","4":"has-post-thumbnail","6":"product_cat-kit-de-blanchiment","8":"first","9":"instock","10":"shipping-taxable","11":"product-type-simple"},"acf":[],"yoast_head":"<!-- This site is optimized with the Yoast SEO plugin v26.6 - https:\/\/yoast.com\/wordpress\/plugins\/seo\/ -->\n<title>iWhite Classic Whitening Kit - iWhite<\/title>\n<meta name=\"description\" content=\"D\u00e9couvrez l&#039;un des kits de blanchiment des dents les plus performants au monde : le kit de blanchiment iWhite Classic.\" \/>\n<meta name=\"robots\" content=\"index, follow, max-snippet:-1, max-image-preview:large, max-video-preview:-1\" \/>\n<link rel=\"canonical\" href=\"https:\/\/iwhiteinstant.com\/be\/fr\/produit\/kit-de-blanchiment-iwhite-classic\/\" \/>\n<meta property=\"og:locale\" content=\"fr_FR\" \/>\n<meta property=\"og:type\" content=\"article\" \/>\n<meta property=\"og:title\" content=\"iWhite Classic Whitening Kit - iWhite\" \/>\n<meta property=\"og:description\" content=\"D\u00e9couvrez l&#039;un des kits de blanchiment des dents les plus performants au monde : le kit de blanchiment iWhite Classic.\" \/>\n<meta property=\"og:url\" content=\"https:\/\/iwhiteinstant.com\/be\/fr\/produit\/kit-de-blanchiment-iwhite-classic\/\" \/>\n<meta property=\"og:site_name\" content=\"iWhite\" \/>\n<meta property=\"article:modified_time\" content=\"2024-12-16T14:46:43+00:00\" \/>\n<meta property=\"og:image\" content=\"https:\/\/iwhiteinstant.com\/app\/uploads\/sites\/19\/2024\/12\/iWhite-Classic-whitening-kit.png\" \/>\n\t<meta property=\"og:image:width\" content=\"800\" \/>\n\t<meta property=\"og:image:height\" content=\"800\" \/>\n\t<meta property=\"og:image:type\" content=\"image\/png\" \/>\n<meta name=\"twitter:card\" content=\"summary_large_image\" \/>\n<meta name=\"twitter:label1\" content=\"Est. reading time\" \/>\n\t<meta name=\"twitter:data1\" content=\"1 minute\" \/>\n<script type=\"application\/ld+json\" class=\"yoast-schema-graph\">{\"@context\":\"https:\/\/schema.org\",\"@graph\":[{\"@type\":\"WebPage\",\"@id\":\"https:\/\/iwhiteinstant.com\/be\/fr\/produit\/kit-de-blanchiment-iwhite-classic\/\",\"url\":\"https:\/\/iwhiteinstant.com\/be\/fr\/produit\/kit-de-blanchiment-iwhite-classic\/\",\"name\":\"iWhite Classic Whitening Kit - iWhite\",\"isPartOf\":{\"@id\":\"https:\/\/iwhiteinstant.com\/be\/fr\/#website\"},\"primaryImageOfPage\":{\"@id\":\"https:\/\/iwhiteinstant.com\/be\/fr\/produit\/kit-de-blanchiment-iwhite-classic\/#primaryimage\"},\"image\":{\"@id\":\"https:\/\/iwhiteinstant.com\/be\/fr\/produit\/kit-de-blanchiment-iwhite-classic\/#primaryimage\"},\"thumbnailUrl\":\"https:\/\/iwhiteinstant.com\/app\/uploads\/sites\/19\/2024\/12\/iWhite-Classic-whitening-kit.png\",\"datePublished\":\"2024-12-11T14:54:33+00:00\",\"dateModified\":\"2024-12-16T14:46:43+00:00\",\"description\":\"D\u00e9couvrez l'un des kits de blanchiment des dents les plus performants au monde : le kit de blanchiment iWhite Classic.\",\"breadcrumb\":{\"@id\":\"https:\/\/iwhiteinstant.com\/be\/fr\/produit\/kit-de-blanchiment-iwhite-classic\/#breadcrumb\"},\"inLanguage\":\"fr-FR\",\"potentialAction\":[{\"@type\":\"ReadAction\",\"target\":[\"https:\/\/iwhiteinstant.com\/be\/fr\/produit\/kit-de-blanchiment-iwhite-classic\/\"]}]},{\"@type\":\"ImageObject\",\"inLanguage\":\"fr-FR\",\"@id\":\"https:\/\/iwhiteinstant.com\/be\/fr\/produit\/kit-de-blanchiment-iwhite-classic\/#primaryimage\",\"url\":\"https:\/\/iwhiteinstant.com\/app\/uploads\/sites\/19\/2024\/12\/iWhite-Classic-whitening-kit.png\",\"contentUrl\":\"https:\/\/iwhiteinstant.com\/app\/uploads\/sites\/19\/2024\/12\/iWhite-Classic-whitening-kit.png\",\"width\":800,\"height\":800,\"caption\":\"iWhite-Classic-whitening-kit\"},{\"@type\":\"BreadcrumbList\",\"@id\":\"https:\/\/iwhiteinstant.com\/be\/fr\/produit\/kit-de-blanchiment-iwhite-classic\/#breadcrumb\",\"itemListElement\":[{\"@type\":\"ListItem\",\"position\":1,\"name\":\"Home\",\"item\":\"https:\/\/iwhiteinstant.com\/be\/fr\/\"},{\"@type\":\"ListItem\",\"position\":2,\"name\":\"Produits\",\"item\":\"https:\/\/iwhiteinstant.com\/be\/fr\/produits\/\"},{\"@type\":\"ListItem\",\"position\":3,\"name\":\"iWhite Classic Whitening Kit\"}]},{\"@type\":\"WebSite\",\"@id\":\"https:\/\/iwhiteinstant.com\/be\/fr\/#website\",\"url\":\"https:\/\/iwhiteinstant.com\/be\/fr\/\",\"name\":\"iWhite\",\"description\":\"\",\"publisher\":{\"@id\":\"https:\/\/iwhiteinstant.com\/be\/fr\/#organization\"},\"potentialAction\":[{\"@type\":\"SearchAction\",\"target\":{\"@type\":\"EntryPoint\",\"urlTemplate\":\"https:\/\/iwhiteinstant.com\/be\/fr\/?s={search_term_string}\"},\"query-input\":{\"@type\":\"PropertyValueSpecification\",\"valueRequired\":true,\"valueName\":\"search_term_string\"}}],\"inLanguage\":\"fr-FR\"},{\"@type\":\"Organization\",\"@id\":\"https:\/\/iwhiteinstant.com\/be\/fr\/#organization\",\"name\":\"iWhite\",\"url\":\"https:\/\/iwhiteinstant.com\/be\/fr\/\",\"logo\":{\"@type\":\"ImageObject\",\"inLanguage\":\"fr-FR\",\"@id\":\"https:\/\/iwhiteinstant.com\/be\/fr\/#\/schema\/logo\/image\/\",\"url\":\"https:\/\/iwhiteinstant.com\/app\/uploads\/sites\/19\/2024\/12\/Iwhite-logo.png\",\"contentUrl\":\"https:\/\/iwhiteinstant.com\/app\/uploads\/sites\/19\/2024\/12\/Iwhite-logo.png\",\"width\":160,\"height\":40,\"caption\":\"iWhite\"},\"image\":{\"@id\":\"https:\/\/iwhiteinstant.com\/be\/fr\/#\/schema\/logo\/image\/\"}}]}<\/script>\n<!-- \/ Yoast SEO plugin. -->","yoast_head_json":{"title":"iWhite Classic Whitening Kit - iWhite","description":"D\u00e9couvrez l'un des kits de blanchiment des dents les plus performants au monde : le kit de blanchiment iWhite Classic.","robots":{"index":"index","follow":"follow","max-snippet":"max-snippet:-1","max-image-preview":"max-image-preview:large","max-video-preview":"max-video-preview:-1"},"canonical":"https:\/\/iwhiteinstant.com\/be\/fr\/produit\/kit-de-blanchiment-iwhite-classic\/","og_locale":"fr_FR","og_type":"article","og_title":"iWhite Classic Whitening Kit - iWhite","og_description":"D\u00e9couvrez l'un des kits de blanchiment des dents les plus performants au monde : le kit de blanchiment iWhite Classic.","og_url":"https:\/\/iwhiteinstant.com\/be\/fr\/produit\/kit-de-blanchiment-iwhite-classic\/","og_site_name":"iWhite","article_modified_time":"2024-12-16T14:46:43+00:00","og_image":[{"width":800,"height":800,"url":"https:\/\/iwhiteinstant.com\/app\/uploads\/sites\/19\/2024\/12\/iWhite-Classic-whitening-kit.png","type":"image\/png"}],"twitter_card":"summary_large_image","twitter_misc":{"Est. reading time":"1 minute"},"schema":{"@context":"https:\/\/schema.org","@graph":[{"@type":"WebPage","@id":"https:\/\/iwhiteinstant.com\/be\/fr\/produit\/kit-de-blanchiment-iwhite-classic\/","url":"https:\/\/iwhiteinstant.com\/be\/fr\/produit\/kit-de-blanchiment-iwhite-classic\/","name":"iWhite Classic Whitening Kit - iWhite","isPartOf":{"@id":"https:\/\/iwhiteinstant.com\/be\/fr\/#website"},"primaryImageOfPage":{"@id":"https:\/\/iwhiteinstant.com\/be\/fr\/produit\/kit-de-blanchiment-iwhite-classic\/#primaryimage"},"image":{"@id":"https:\/\/iwhiteinstant.com\/be\/fr\/produit\/kit-de-blanchiment-iwhite-classic\/#primaryimage"},"thumbnailUrl":"https:\/\/iwhiteinstant.com\/app\/uploads\/sites\/19\/2024\/12\/iWhite-Classic-whitening-kit.png","datePublished":"2024-12-11T14:54:33+00:00","dateModified":"2024-12-16T14:46:43+00:00","description":"D\u00e9couvrez l'un des kits de blanchiment des dents les plus performants au monde : le kit de blanchiment iWhite Classic.","breadcrumb":{"@id":"https:\/\/iwhiteinstant.com\/be\/fr\/produit\/kit-de-blanchiment-iwhite-classic\/#breadcrumb"},"inLanguage":"fr-FR","potentialAction":[{"@type":"ReadAction","target":["https:\/\/iwhiteinstant.com\/be\/fr\/produit\/kit-de-blanchiment-iwhite-classic\/"]}]},{"@type":"ImageObject","inLanguage":"fr-FR","@id":"https:\/\/iwhiteinstant.com\/be\/fr\/produit\/kit-de-blanchiment-iwhite-classic\/#primaryimage","url":"https:\/\/iwhiteinstant.com\/app\/uploads\/sites\/19\/2024\/12\/iWhite-Classic-whitening-kit.png","contentUrl":"https:\/\/iwhiteinstant.com\/app\/uploads\/sites\/19\/2024\/12\/iWhite-Classic-whitening-kit.png","width":800,"height":800,"caption":"iWhite-Classic-whitening-kit"},{"@type":"BreadcrumbList","@id":"https:\/\/iwhiteinstant.com\/be\/fr\/produit\/kit-de-blanchiment-iwhite-classic\/#breadcrumb","itemListElement":[{"@type":"ListItem","position":1,"name":"Home","item":"https:\/\/iwhiteinstant.com\/be\/fr\/"},{"@type":"ListItem","position":2,"name":"Produits","item":"https:\/\/iwhiteinstant.com\/be\/fr\/produits\/"},{"@type":"ListItem","position":3,"name":"iWhite Classic Whitening Kit"}]},{"@type":"WebSite","@id":"https:\/\/iwhiteinstant.com\/be\/fr\/#website","url":"https:\/\/iwhiteinstant.com\/be\/fr\/","name":"iWhite","description":"","publisher":{"@id":"https:\/\/iwhiteinstant.com\/be\/fr\/#organization"},"potentialAction":[{"@type":"SearchAction","target":{"@type":"EntryPoint","urlTemplate":"https:\/\/iwhiteinstant.com\/be\/fr\/?s={search_term_string}"},"query-input":{"@type":"PropertyValueSpecification","valueRequired":true,"valueName":"search_term_string"}}],"inLanguage":"fr-FR"},{"@type":"Organization","@id":"https:\/\/iwhiteinstant.com\/be\/fr\/#organization","name":"iWhite","url":"https:\/\/iwhiteinstant.com\/be\/fr\/","logo":{"@type":"ImageObject","inLanguage":"fr-FR","@id":"https:\/\/iwhiteinstant.com\/be\/fr\/#\/schema\/logo\/image\/","url":"https:\/\/iwhiteinstant.com\/app\/uploads\/sites\/19\/2024\/12\/Iwhite-logo.png","contentUrl":"https:\/\/iwhiteinstant.com\/app\/uploads\/sites\/19\/2024\/12\/Iwhite-logo.png","width":160,"height":40,"caption":"iWhite"},"image":{"@id":"https:\/\/iwhiteinstant.com\/be\/fr\/#\/schema\/logo\/image\/"}}]}},"_links":{"self":[{"href":"https:\/\/iwhiteinstant.com\/be\/fr\/wp-json\/wp\/v2\/product\/254","targetHints":{"allow":["GET"]}}],"collection":[{"href":"https:\/\/iwhiteinstant.com\/be\/fr\/wp-json\/wp\/v2\/product"}],"about":[{"href":"https:\/\/iwhiteinstant.com\/be\/fr\/wp-json\/wp\/v2\/types\/product"}],"replies":[{"embeddable":true,"href":"https:\/\/iwhiteinstant.com\/be\/fr\/wp-json\/wp\/v2\/comments?post=254"}],"version-history":[{"count":4,"href":"https:\/\/iwhiteinstant.com\/be\/fr\/wp-json\/wp\/v2\/product\/254\/revisions"}],"predecessor-version":[{"id":357,"href":"https:\/\/iwhiteinstant.com\/be\/fr\/wp-json\/wp\/v2\/product\/254\/revisions\/357"}],"wp:featuredmedia":[{"embeddable":true,"href":"https:\/\/iwhiteinstant.com\/be\/fr\/wp-json\/wp\/v2\/media\/119"}],"wp:attachment":[{"href":"https:\/\/iwhiteinstant.com\/be\/fr\/wp-json\/wp\/v2\/media?parent=254"}],"wp:term":[{"taxonomy":"product_brand","embeddable":true,"href":"https:\/\/iwhiteinstant.com\/be\/fr\/wp-json\/wp\/v2\/product_brand?post=254"},{"taxonomy":"product_cat","embeddable":true,"href":"https:\/\/iwhiteinstant.com\/be\/fr\/wp-json\/wp\/v2\/product_cat?post=254"},{"taxonomy":"product_tag","embeddable":true,"href":"https:\/\/iwhiteinstant.com\/be\/fr\/wp-json\/wp\/v2\/product_tag?post=254"}],"curies":[{"name":"wp","href":"https:\/\/api.w.org\/{rel}","templated":true}]}}