{"id":256,"date":"2024-12-11T15:52:52","date_gmt":"2024-12-11T14:52:52","guid":{"rendered":"https:\/\/iwhiteinstant.com\/be\/?post_type=product&#038;p=256"},"modified":"2024-12-16T15:46:45","modified_gmt":"2024-12-16T14:46:45","slug":"kit-de-blanchiment-iwhite-glow","status":"publish","type":"product","link":"https:\/\/iwhiteinstant.com\/be\/fr\/produit\/kit-de-blanchiment-iwhite-glow\/","title":{"rendered":"iWhite Glow Whitening Kit"},"content":{"rendered":"\n<section class=\"wp-block-karopharma-image-with-text image-with-text image-with-text__not-full-width is-style-primary\"><div class=\"image-with-text-container \"><div class=\"image-with-text-container-image-container\"><img decoding=\"async\" loading=\"lazy\" src=\"https:\/\/iwhiteinstant.com\/cdn-cgi\/image\/format=auto\/app\/uploads\/sites\/19\/2024\/12\/whitening-kit-mirror-large.jpg\" alt=\"whitening-kit-mirror-large\"\/><\/div><div class=\"image-with-text-container-content\" style=\"text-align:left\" data-test=\"content\"><div class=\"content\"><h2>Quelles sont les particularit\u00e9s d\u2019iWhite Glow ?<\/h2><p class=\"body\" data-test=\"body\">Les goutti\u00e8res iWhite contiennent un gel blanchissant unique combinant la technologie iWhite avec des ingr\u00e9dients illuminants naturels et des particules de diamant.<br><br>Tandis que la technologie iWhite travaille \u00e0 rendre vos dents jusqu\u2019\u00e0 8 teintes plus blanches, les \u00e9clats de diamant, les cristaux bleus et les particules illuminantes \u00e9claircissent les dents de mani\u00e8re naturelle.<br><br>La combinaison de la technologie iWhite et de ces trois ingr\u00e9dients donnera un coup de fouet \u00e0 votre sourire blanc.<br><br>Les produits iWhite sont 100 % s\u00fbrs d\u2019utilisation. iWhite Glow contient des ingr\u00e9dients prouv\u00e9s cliniquement et est exempt de peroxyde d\u2019hydrog\u00e8ne. Pas d\u2019effets secondaires, rien qu\u2019un sourire d\u2019une blancheur \u00e9clatante !<\/p>\n<div class=\"wp-block-buttons is-layout-flex wp-block-buttons-is-layout-flex\"><\/div>\n<\/div><\/div><\/div><\/section>\n","protected":false},"excerpt":{"rendered":"<p>Blanchiment instantan\u00e9 avec effet \u00e9clat jour et nuit.<\/p>\n","protected":false},"featured_media":131,"comment_status":"closed","ping_status":"closed","template":"","meta":{"_acf_changed":false,"footnotes":""},"product_brand":[],"product_cat":[34],"product_tag":[],"class_list":{"0":"post-256","1":"product","2":"type-product","3":"status-publish","4":"has-post-thumbnail","6":"product_cat-kit-de-blanchiment","8":"first","9":"instock","10":"shipping-taxable","11":"product-type-simple"},"acf":[],"yoast_head":"<!-- This site is optimized with the Yoast SEO plugin v26.6 - https:\/\/yoast.com\/wordpress\/plugins\/seo\/ -->\n<title>iWhite Glow Whitening Kit - iWhite<\/title>\n<meta name=\"description\" content=\"Un nouveau kit r\u00e9volutionnaire de blanchiment qui rend les dents jusqu\u2019\u00e0 8 teintes plus blanches pour une bouche \u00e9tincelante ? Le Kit de Blanchiment Dentaire Glow d\u2019iWhite r\u00e9pond pr\u00e9sent !\" \/>\n<meta name=\"robots\" content=\"index, follow, max-snippet:-1, max-image-preview:large, max-video-preview:-1\" \/>\n<link rel=\"canonical\" href=\"https:\/\/iwhiteinstant.com\/be\/fr\/produit\/kit-de-blanchiment-iwhite-glow\/\" \/>\n<meta property=\"og:locale\" content=\"fr_FR\" \/>\n<meta property=\"og:type\" content=\"article\" \/>\n<meta property=\"og:title\" content=\"iWhite Glow Whitening Kit - iWhite\" \/>\n<meta property=\"og:description\" content=\"Un nouveau kit r\u00e9volutionnaire de blanchiment qui rend les dents jusqu\u2019\u00e0 8 teintes plus blanches pour une bouche \u00e9tincelante ? Le Kit de Blanchiment Dentaire Glow d\u2019iWhite r\u00e9pond pr\u00e9sent !\" \/>\n<meta property=\"og:url\" content=\"https:\/\/iwhiteinstant.com\/be\/fr\/produit\/kit-de-blanchiment-iwhite-glow\/\" \/>\n<meta property=\"og:site_name\" content=\"iWhite\" \/>\n<meta property=\"article:modified_time\" content=\"2024-12-16T14:46:45+00:00\" \/>\n<meta property=\"og:image\" content=\"https:\/\/iwhiteinstant.com\/app\/uploads\/sites\/19\/2024\/12\/iWhite-Glow-whitening-kit.png\" \/>\n\t<meta property=\"og:image:width\" content=\"800\" \/>\n\t<meta property=\"og:image:height\" content=\"800\" \/>\n\t<meta property=\"og:image:type\" content=\"image\/png\" \/>\n<meta name=\"twitter:card\" content=\"summary_large_image\" \/>\n<meta name=\"twitter:label1\" content=\"Est. reading time\" \/>\n\t<meta name=\"twitter:data1\" content=\"1 minute\" \/>\n<script type=\"application\/ld+json\" class=\"yoast-schema-graph\">{\"@context\":\"https:\/\/schema.org\",\"@graph\":[{\"@type\":\"WebPage\",\"@id\":\"https:\/\/iwhiteinstant.com\/be\/fr\/produit\/kit-de-blanchiment-iwhite-glow\/\",\"url\":\"https:\/\/iwhiteinstant.com\/be\/fr\/produit\/kit-de-blanchiment-iwhite-glow\/\",\"name\":\"iWhite Glow Whitening Kit - iWhite\",\"isPartOf\":{\"@id\":\"https:\/\/iwhiteinstant.com\/be\/fr\/#website\"},\"primaryImageOfPage\":{\"@id\":\"https:\/\/iwhiteinstant.com\/be\/fr\/produit\/kit-de-blanchiment-iwhite-glow\/#primaryimage\"},\"image\":{\"@id\":\"https:\/\/iwhiteinstant.com\/be\/fr\/produit\/kit-de-blanchiment-iwhite-glow\/#primaryimage\"},\"thumbnailUrl\":\"https:\/\/iwhiteinstant.com\/app\/uploads\/sites\/19\/2024\/12\/iWhite-Glow-whitening-kit.png\",\"datePublished\":\"2024-12-11T14:52:52+00:00\",\"dateModified\":\"2024-12-16T14:46:45+00:00\",\"description\":\"Un nouveau kit r\u00e9volutionnaire de blanchiment qui rend les dents jusqu\u2019\u00e0 8 teintes plus blanches pour une bouche \u00e9tincelante ? Le Kit de Blanchiment Dentaire Glow d\u2019iWhite r\u00e9pond pr\u00e9sent !\",\"breadcrumb\":{\"@id\":\"https:\/\/iwhiteinstant.com\/be\/fr\/produit\/kit-de-blanchiment-iwhite-glow\/#breadcrumb\"},\"inLanguage\":\"fr-FR\",\"potentialAction\":[{\"@type\":\"ReadAction\",\"target\":[\"https:\/\/iwhiteinstant.com\/be\/fr\/produit\/kit-de-blanchiment-iwhite-glow\/\"]}]},{\"@type\":\"ImageObject\",\"inLanguage\":\"fr-FR\",\"@id\":\"https:\/\/iwhiteinstant.com\/be\/fr\/produit\/kit-de-blanchiment-iwhite-glow\/#primaryimage\",\"url\":\"https:\/\/iwhiteinstant.com\/app\/uploads\/sites\/19\/2024\/12\/iWhite-Glow-whitening-kit.png\",\"contentUrl\":\"https:\/\/iwhiteinstant.com\/app\/uploads\/sites\/19\/2024\/12\/iWhite-Glow-whitening-kit.png\",\"width\":800,\"height\":800,\"caption\":\"iWhite-Glow-whitening-kit\"},{\"@type\":\"BreadcrumbList\",\"@id\":\"https:\/\/iwhiteinstant.com\/be\/fr\/produit\/kit-de-blanchiment-iwhite-glow\/#breadcrumb\",\"itemListElement\":[{\"@type\":\"ListItem\",\"position\":1,\"name\":\"Home\",\"item\":\"https:\/\/iwhiteinstant.com\/be\/fr\/\"},{\"@type\":\"ListItem\",\"position\":2,\"name\":\"Produits\",\"item\":\"https:\/\/iwhiteinstant.com\/be\/fr\/produits\/\"},{\"@type\":\"ListItem\",\"position\":3,\"name\":\"iWhite Glow Whitening Kit\"}]},{\"@type\":\"WebSite\",\"@id\":\"https:\/\/iwhiteinstant.com\/be\/fr\/#website\",\"url\":\"https:\/\/iwhiteinstant.com\/be\/fr\/\",\"name\":\"iWhite\",\"description\":\"\",\"publisher\":{\"@id\":\"https:\/\/iwhiteinstant.com\/be\/fr\/#organization\"},\"potentialAction\":[{\"@type\":\"SearchAction\",\"target\":{\"@type\":\"EntryPoint\",\"urlTemplate\":\"https:\/\/iwhiteinstant.com\/be\/fr\/?s={search_term_string}\"},\"query-input\":{\"@type\":\"PropertyValueSpecification\",\"valueRequired\":true,\"valueName\":\"search_term_string\"}}],\"inLanguage\":\"fr-FR\"},{\"@type\":\"Organization\",\"@id\":\"https:\/\/iwhiteinstant.com\/be\/fr\/#organization\",\"name\":\"iWhite\",\"url\":\"https:\/\/iwhiteinstant.com\/be\/fr\/\",\"logo\":{\"@type\":\"ImageObject\",\"inLanguage\":\"fr-FR\",\"@id\":\"https:\/\/iwhiteinstant.com\/be\/fr\/#\/schema\/logo\/image\/\",\"url\":\"https:\/\/iwhiteinstant.com\/app\/uploads\/sites\/19\/2024\/12\/Iwhite-logo.png\",\"contentUrl\":\"https:\/\/iwhiteinstant.com\/app\/uploads\/sites\/19\/2024\/12\/Iwhite-logo.png\",\"width\":160,\"height\":40,\"caption\":\"iWhite\"},\"image\":{\"@id\":\"https:\/\/iwhiteinstant.com\/be\/fr\/#\/schema\/logo\/image\/\"}}]}<\/script>\n<!-- \/ Yoast SEO plugin. -->","yoast_head_json":{"title":"iWhite Glow Whitening Kit - iWhite","description":"Un nouveau kit r\u00e9volutionnaire de blanchiment qui rend les dents jusqu\u2019\u00e0 8 teintes plus blanches pour une bouche \u00e9tincelante ? Le Kit de Blanchiment Dentaire Glow d\u2019iWhite r\u00e9pond pr\u00e9sent !","robots":{"index":"index","follow":"follow","max-snippet":"max-snippet:-1","max-image-preview":"max-image-preview:large","max-video-preview":"max-video-preview:-1"},"canonical":"https:\/\/iwhiteinstant.com\/be\/fr\/produit\/kit-de-blanchiment-iwhite-glow\/","og_locale":"fr_FR","og_type":"article","og_title":"iWhite Glow Whitening Kit - iWhite","og_description":"Un nouveau kit r\u00e9volutionnaire de blanchiment qui rend les dents jusqu\u2019\u00e0 8 teintes plus blanches pour une bouche \u00e9tincelante ? Le Kit de Blanchiment Dentaire Glow d\u2019iWhite r\u00e9pond pr\u00e9sent !","og_url":"https:\/\/iwhiteinstant.com\/be\/fr\/produit\/kit-de-blanchiment-iwhite-glow\/","og_site_name":"iWhite","article_modified_time":"2024-12-16T14:46:45+00:00","og_image":[{"width":800,"height":800,"url":"https:\/\/iwhiteinstant.com\/app\/uploads\/sites\/19\/2024\/12\/iWhite-Glow-whitening-kit.png","type":"image\/png"}],"twitter_card":"summary_large_image","twitter_misc":{"Est. reading time":"1 minute"},"schema":{"@context":"https:\/\/schema.org","@graph":[{"@type":"WebPage","@id":"https:\/\/iwhiteinstant.com\/be\/fr\/produit\/kit-de-blanchiment-iwhite-glow\/","url":"https:\/\/iwhiteinstant.com\/be\/fr\/produit\/kit-de-blanchiment-iwhite-glow\/","name":"iWhite Glow Whitening Kit - iWhite","isPartOf":{"@id":"https:\/\/iwhiteinstant.com\/be\/fr\/#website"},"primaryImageOfPage":{"@id":"https:\/\/iwhiteinstant.com\/be\/fr\/produit\/kit-de-blanchiment-iwhite-glow\/#primaryimage"},"image":{"@id":"https:\/\/iwhiteinstant.com\/be\/fr\/produit\/kit-de-blanchiment-iwhite-glow\/#primaryimage"},"thumbnailUrl":"https:\/\/iwhiteinstant.com\/app\/uploads\/sites\/19\/2024\/12\/iWhite-Glow-whitening-kit.png","datePublished":"2024-12-11T14:52:52+00:00","dateModified":"2024-12-16T14:46:45+00:00","description":"Un nouveau kit r\u00e9volutionnaire de blanchiment qui rend les dents jusqu\u2019\u00e0 8 teintes plus blanches pour une bouche \u00e9tincelante ? Le Kit de Blanchiment Dentaire Glow d\u2019iWhite r\u00e9pond pr\u00e9sent !","breadcrumb":{"@id":"https:\/\/iwhiteinstant.com\/be\/fr\/produit\/kit-de-blanchiment-iwhite-glow\/#breadcrumb"},"inLanguage":"fr-FR","potentialAction":[{"@type":"ReadAction","target":["https:\/\/iwhiteinstant.com\/be\/fr\/produit\/kit-de-blanchiment-iwhite-glow\/"]}]},{"@type":"ImageObject","inLanguage":"fr-FR","@id":"https:\/\/iwhiteinstant.com\/be\/fr\/produit\/kit-de-blanchiment-iwhite-glow\/#primaryimage","url":"https:\/\/iwhiteinstant.com\/app\/uploads\/sites\/19\/2024\/12\/iWhite-Glow-whitening-kit.png","contentUrl":"https:\/\/iwhiteinstant.com\/app\/uploads\/sites\/19\/2024\/12\/iWhite-Glow-whitening-kit.png","width":800,"height":800,"caption":"iWhite-Glow-whitening-kit"},{"@type":"BreadcrumbList","@id":"https:\/\/iwhiteinstant.com\/be\/fr\/produit\/kit-de-blanchiment-iwhite-glow\/#breadcrumb","itemListElement":[{"@type":"ListItem","position":1,"name":"Home","item":"https:\/\/iwhiteinstant.com\/be\/fr\/"},{"@type":"ListItem","position":2,"name":"Produits","item":"https:\/\/iwhiteinstant.com\/be\/fr\/produits\/"},{"@type":"ListItem","position":3,"name":"iWhite Glow Whitening Kit"}]},{"@type":"WebSite","@id":"https:\/\/iwhiteinstant.com\/be\/fr\/#website","url":"https:\/\/iwhiteinstant.com\/be\/fr\/","name":"iWhite","description":"","publisher":{"@id":"https:\/\/iwhiteinstant.com\/be\/fr\/#organization"},"potentialAction":[{"@type":"SearchAction","target":{"@type":"EntryPoint","urlTemplate":"https:\/\/iwhiteinstant.com\/be\/fr\/?s={search_term_string}"},"query-input":{"@type":"PropertyValueSpecification","valueRequired":true,"valueName":"search_term_string"}}],"inLanguage":"fr-FR"},{"@type":"Organization","@id":"https:\/\/iwhiteinstant.com\/be\/fr\/#organization","name":"iWhite","url":"https:\/\/iwhiteinstant.com\/be\/fr\/","logo":{"@type":"ImageObject","inLanguage":"fr-FR","@id":"https:\/\/iwhiteinstant.com\/be\/fr\/#\/schema\/logo\/image\/","url":"https:\/\/iwhiteinstant.com\/app\/uploads\/sites\/19\/2024\/12\/Iwhite-logo.png","contentUrl":"https:\/\/iwhiteinstant.com\/app\/uploads\/sites\/19\/2024\/12\/Iwhite-logo.png","width":160,"height":40,"caption":"iWhite"},"image":{"@id":"https:\/\/iwhiteinstant.com\/be\/fr\/#\/schema\/logo\/image\/"}}]}},"_links":{"self":[{"href":"https:\/\/iwhiteinstant.com\/be\/fr\/wp-json\/wp\/v2\/product\/256","targetHints":{"allow":["GET"]}}],"collection":[{"href":"https:\/\/iwhiteinstant.com\/be\/fr\/wp-json\/wp\/v2\/product"}],"about":[{"href":"https:\/\/iwhiteinstant.com\/be\/fr\/wp-json\/wp\/v2\/types\/product"}],"replies":[{"embeddable":true,"href":"https:\/\/iwhiteinstant.com\/be\/fr\/wp-json\/wp\/v2\/comments?post=256"}],"version-history":[{"count":3,"href":"https:\/\/iwhiteinstant.com\/be\/fr\/wp-json\/wp\/v2\/product\/256\/revisions"}],"predecessor-version":[{"id":360,"href":"https:\/\/iwhiteinstant.com\/be\/fr\/wp-json\/wp\/v2\/product\/256\/revisions\/360"}],"wp:featuredmedia":[{"embeddable":true,"href":"https:\/\/iwhiteinstant.com\/be\/fr\/wp-json\/wp\/v2\/media\/131"}],"wp:attachment":[{"href":"https:\/\/iwhiteinstant.com\/be\/fr\/wp-json\/wp\/v2\/media?parent=256"}],"wp:term":[{"taxonomy":"product_brand","embeddable":true,"href":"https:\/\/iwhiteinstant.com\/be\/fr\/wp-json\/wp\/v2\/product_brand?post=256"},{"taxonomy":"product_cat","embeddable":true,"href":"https:\/\/iwhiteinstant.com\/be\/fr\/wp-json\/wp\/v2\/product_cat?post=256"},{"taxonomy":"product_tag","embeddable":true,"href":"https:\/\/iwhiteinstant.com\/be\/fr\/wp-json\/wp\/v2\/product_tag?post=256"}],"curies":[{"name":"wp","href":"https:\/\/api.w.org\/{rel}","templated":true}]}}