{"id":258,"date":"2024-12-11T15:33:41","date_gmt":"2024-12-11T14:33:41","guid":{"rendered":"https:\/\/iwhiteinstant.com\/be\/?post_type=product&#038;p=258"},"modified":"2024-12-30T10:03:25","modified_gmt":"2024-12-30T09:03:25","slug":"iwhite-kit-de-blanchiment-dentaire-dark-stains","status":"publish","type":"product","link":"https:\/\/iwhiteinstant.com\/be\/fr\/produit\/iwhite-kit-de-blanchiment-dentaire-dark-stains\/","title":{"rendered":"iWhite Dark Stains Whitening Kit"},"content":{"rendered":"\n<div style=\"height:100px\" aria-hidden=\"true\" class=\"wp-block-spacer is-style-responsive-small\"><\/div>\n\n\n\n<section class=\"wp-block-karopharma-image-with-text image-with-text image-with-text__not-full-width is-style-primary\"><div class=\"image-with-text-container \"><div class=\"image-with-text-container-image-container\"><img decoding=\"async\" loading=\"lazy\" src=\"https:\/\/iwhiteinstant.com\/cdn-cgi\/image\/format=auto\/app\/uploads\/sites\/19\/2024\/12\/iwhite-dark-stains-image.jpg\" alt=\"iwhite-dark-stains-image\"\/><\/div><div class=\"image-with-text-container-content\" style=\"text-align:left\" data-test=\"content\"><div class=\"content\"><h2>Profitez d\u2019une petite tasse de th\u00e9 ou de caf\u00e9 tout en arborant un sourire d\u2019une blancheur \u00e9clatante ?<\/h2><p class=\"body\" data-test=\"body\">Ce n\u2019est plus un souci gr\u00e2ce \u00e0 ce kit de blanchiment r\u00e9volutionnaire qui s\u2019utilise tr\u00e8s facilement : pas besoin de pr\u00e9parer le gel ou de m\u00e9langer des ingr\u00e9dients et le traitement se fait en seulement 20 minutes par jour !<br><br>Les goutti\u00e8res jetables iWhite sont con\u00e7ues dans un mat\u00e9riau souple et fin qui assure un ajustement, un confort et des r\u00e9sultats optimaux. Elles contiennent un nouveau gel r\u00e9volutionnaire \u00e0 base de charbon actif. Cet ingr\u00e9dient actif unique neutralise et \u00e9limine les taches sombres caus\u00e9es par le caf\u00e9, le th\u00e9, le tabac et le vin rouge ! Une formule innovante bas\u00e9e sur une technologie dont la s\u00e9curit\u00e9 dentaire et l&rsquo;efficacit\u00e9 instantan\u00e9e ont \u00e9t\u00e9 prouv\u00e9es. Pour un sourire d\u2019une blancheur \u00e9clatante et des dents jusqu\u2019\u00e0 8 teintes plus blanches.<\/p>\n<div class=\"wp-block-buttons is-layout-flex wp-block-buttons-is-layout-flex\"><\/div>\n<\/div><\/div><\/div><\/section>\n\n\n\n<div class=\"wp-block-karopharma-accordions is-style-secondary\"><div class=\"container\">\n<details class=\"wp-block-karopharma-accordion\"><summary><h2 class=\"accordion-title\">Comment utiliser<\/h2><\/summary><div class=\"accordion-content\">\n<p>Vous pouvez commencer d\u00e8s l&rsquo;ouverture de l&#8217;emballage. Et m\u00eame constater un effet blanchissant imm\u00e9diat d\u00e8s la premi\u00e8re application ! Utilisez-le pendant 5 jours cons\u00e9cutifs pour des r\u00e9sultats encore plus \u00e9tonnants et optimaux.<\/p>\n<\/div><\/details>\n\n\n\n<details class=\"wp-block-karopharma-accordion\"><summary><h2 class=\"accordion-title\">Comment iWhite \u00e9limine-t-il les taches de vos dents ?<\/h2><\/summary><div class=\"accordion-content\">\n<p><strong>Action 1 :<\/strong> en utilisant des microperles de charbon actif, les taches sombres sont captur\u00e9es et la mauvaise haleine est \u00e9limin\u00e9e. Le charbon actif ayant une forte capacit\u00e9 d&rsquo;adsorption physique, les taches sont \u00e9limin\u00e9es.<\/p>\n\n\n\n<p><strong>Action 2 :<\/strong> L&rsquo;hexam\u00e9taphosphate pr\u00e9vient l&rsquo;apparition de nouvelles taches. Il cr\u00e9e une couche protectrice sur l&rsquo;\u00e9mail qui \u00e9vite la formation de nouvelles taches.<\/p>\n<\/div><\/details>\n\n\n\n<details class=\"wp-block-karopharma-accordion\"><summary><h2 class=\"accordion-title\">Technologie iWhite Micropearl = quoi ?<\/h2><\/summary><div class=\"accordion-content\">\n<p>Une technologie innovante qui permet une lib\u00e9ration concentr\u00e9e et cibl\u00e9e des actifs contenus dans le produit. Cela signifie que vous d\u00e9cidez du moment et de l&rsquo;endroit o\u00f9 les actifs concentr\u00e9s sont lib\u00e9r\u00e9s directement sur l&rsquo;\u00e9mail. Dans le kit de blanchiment iWhite Dark Stains, les microperles actives sont charg\u00e9es de charbon actif.<\/p>\n<\/div><\/details>\n<\/div><\/div>\n\n\n\n<div class=\"wp-block-karopharma-free-text pt-large pb-none bg-center bg-cover bg-no-repeat\" style=\"background-image:url()\"><div class=\"free-text-wrapper container max-w-medium text-center\">\n<h2 class=\"wp-block-heading\">3 \u00e9tapes pour un sourire blanc et \u00e9clatant\u2026<\/h2>\n<\/div><\/div>\n\n\n\n<section class=\"wp-block-karopharma-usp usp undefined\"><div class=\"usp-wrapper\">\n<section class=\"wp-block-karopharma-usp-single usp-single undefined\"><div class=\"icon\"><svg width=\"21\" height=\"16\" viewBox=\"0 0 21 16\" fill=\"none\" xmlns=\"http:\/\/www.w3.org\/2000\/svg\"><path d=\"M19.2567 0.164742L6.13095 13.2905L1.49056 8.65006C1.2709 8.4304 0.914742 8.4304 0.695039 8.65006L0.164742 9.18036C-0.0549141 9.40001 -0.0549141 9.75617 0.164742 9.97587L5.73321 15.5443C5.95287 15.764 6.30903 15.764 6.52873 15.5443L20.5825 1.4906C20.8021 1.27095 20.8021 0.914789 20.5825 0.695086L20.0521 0.164742C19.8325 -0.0549141 19.4763 -0.0549141 19.2567 0.164742Z\" fill=\"white\"><\/path><\/svg><\/div>\n<h4 class=\"wp-block-heading has-text-align-center is-style-heading-h4\">1. PRESSION<\/h4>\n\n\n\n<p class=\"has-text-align-center is-style-body-text\">En poussant doucement sur les goutti\u00e8res, les microperles \u00e9clatent.<\/p>\n<\/section>\n\n\n\n<section class=\"wp-block-karopharma-usp-single usp-single undefined\"><div class=\"icon\"><svg width=\"21\" height=\"16\" viewBox=\"0 0 21 16\" fill=\"none\" xmlns=\"http:\/\/www.w3.org\/2000\/svg\"><path d=\"M19.2567 0.164742L6.13095 13.2905L1.49056 8.65006C1.2709 8.4304 0.914742 8.4304 0.695039 8.65006L0.164742 9.18036C-0.0549141 9.40001 -0.0549141 9.75617 0.164742 9.97587L5.73321 15.5443C5.95287 15.764 6.30903 15.764 6.52873 15.5443L20.5825 1.4906C20.8021 1.27095 20.8021 0.914789 20.5825 0.695086L20.0521 0.164742C19.8325 -0.0549141 19.4763 -0.0549141 19.2567 0.164742Z\" fill=\"white\"><\/path><\/svg><\/div>\n<h4 class=\"wp-block-heading has-text-align-center is-style-heading-h4\">2. ACTIVER<\/h4>\n\n\n\n<p class=\"has-text-align-center is-style-body-text\">Les actifs concentr\u00e9s dans les microperles sont lib\u00e9r\u00e9s.<\/p>\n<\/section>\n\n\n\n<section class=\"wp-block-karopharma-usp-single usp-single undefined\"><div class=\"icon\"><svg width=\"21\" height=\"16\" viewBox=\"0 0 21 16\" fill=\"none\" xmlns=\"http:\/\/www.w3.org\/2000\/svg\"><path d=\"M19.2567 0.164742L6.13095 13.2905L1.49056 8.65006C1.2709 8.4304 0.914742 8.4304 0.695039 8.65006L0.164742 9.18036C-0.0549141 9.40001 -0.0549141 9.75617 0.164742 9.97587L5.73321 15.5443C5.95287 15.764 6.30903 15.764 6.52873 15.5443L20.5825 1.4906C20.8021 1.27095 20.8021 0.914789 20.5825 0.695086L20.0521 0.164742C19.8325 -0.0549141 19.4763 -0.0549141 19.2567 0.164742Z\" fill=\"white\"><\/path><\/svg><\/div>\n<h4 class=\"wp-block-heading has-text-align-center is-style-heading-h4\">3. R\u00c9SULTAT<\/h4>\n\n\n\n<p class=\"has-text-align-center is-style-body-text\">Gel blanchissant iWhite + Micropearls = MAGIQUE ! Portez-le pendant 20 minutes et constatez vous-m\u00eame les r\u00e9sultats instantan\u00e9s !<\/p>\n<\/section>\n<\/div><\/section>\n","protected":false},"excerpt":{"rendered":"<p>Enl\u00e8ve les taches de caf\u00e9, de th\u00e9, de tabac et de vin rouge.<\/p>\n","protected":false},"featured_media":127,"comment_status":"closed","ping_status":"closed","template":"","meta":{"_acf_changed":false,"footnotes":""},"product_brand":[],"product_cat":[34],"product_tag":[],"class_list":{"0":"post-258","1":"product","2":"type-product","3":"status-publish","4":"has-post-thumbnail","6":"product_cat-kit-de-blanchiment","8":"first","9":"instock","10":"shipping-taxable","11":"product-type-simple"},"acf":[],"yoast_head":"<!-- This site is optimized with the Yoast SEO plugin v26.6 - https:\/\/yoast.com\/wordpress\/plugins\/seo\/ -->\n<title>iWhite Dark Stains Whitening Kit - iWhite<\/title>\n<meta name=\"description\" content=\"Boire du vin, du caf\u00e9 ou du th\u00e9 et fumer peuvent malheureusement tacher les dents. Comme personne ne souhaite avoir des taches sur les dents, iWhite a d\u00e9velopp\u00e9 un kit de blanchiment unique, le kit iWhite Dark Stains \u00e0 base de charbon actif.\" \/>\n<meta name=\"robots\" content=\"index, follow, max-snippet:-1, max-image-preview:large, max-video-preview:-1\" \/>\n<link rel=\"canonical\" href=\"https:\/\/iwhiteinstant.com\/be\/fr\/produit\/iwhite-kit-de-blanchiment-dentaire-dark-stains\/\" \/>\n<meta property=\"og:locale\" content=\"fr_FR\" \/>\n<meta property=\"og:type\" content=\"article\" \/>\n<meta property=\"og:title\" content=\"iWhite Dark Stains Whitening Kit - iWhite\" \/>\n<meta property=\"og:description\" content=\"Boire du vin, du caf\u00e9 ou du th\u00e9 et fumer peuvent malheureusement tacher les dents. Comme personne ne souhaite avoir des taches sur les dents, iWhite a d\u00e9velopp\u00e9 un kit de blanchiment unique, le kit iWhite Dark Stains \u00e0 base de charbon actif.\" \/>\n<meta property=\"og:url\" content=\"https:\/\/iwhiteinstant.com\/be\/fr\/produit\/iwhite-kit-de-blanchiment-dentaire-dark-stains\/\" \/>\n<meta property=\"og:site_name\" content=\"iWhite\" \/>\n<meta property=\"article:modified_time\" content=\"2024-12-30T09:03:25+00:00\" \/>\n<meta property=\"og:image\" content=\"https:\/\/iwhiteinstant.com\/app\/uploads\/sites\/19\/2024\/12\/iWhite-Dark-stains-whitening-kit.png\" \/>\n\t<meta property=\"og:image:width\" content=\"800\" \/>\n\t<meta property=\"og:image:height\" content=\"800\" \/>\n\t<meta property=\"og:image:type\" content=\"image\/png\" \/>\n<meta name=\"twitter:card\" content=\"summary_large_image\" \/>\n<meta name=\"twitter:label1\" content=\"Est. reading time\" \/>\n\t<meta name=\"twitter:data1\" content=\"2 minutes\" \/>\n<script type=\"application\/ld+json\" class=\"yoast-schema-graph\">{\"@context\":\"https:\/\/schema.org\",\"@graph\":[{\"@type\":\"WebPage\",\"@id\":\"https:\/\/iwhiteinstant.com\/be\/fr\/produit\/iwhite-kit-de-blanchiment-dentaire-dark-stains\/\",\"url\":\"https:\/\/iwhiteinstant.com\/be\/fr\/produit\/iwhite-kit-de-blanchiment-dentaire-dark-stains\/\",\"name\":\"iWhite Dark Stains Whitening Kit - iWhite\",\"isPartOf\":{\"@id\":\"https:\/\/iwhiteinstant.com\/be\/fr\/#website\"},\"primaryImageOfPage\":{\"@id\":\"https:\/\/iwhiteinstant.com\/be\/fr\/produit\/iwhite-kit-de-blanchiment-dentaire-dark-stains\/#primaryimage\"},\"image\":{\"@id\":\"https:\/\/iwhiteinstant.com\/be\/fr\/produit\/iwhite-kit-de-blanchiment-dentaire-dark-stains\/#primaryimage\"},\"thumbnailUrl\":\"https:\/\/iwhiteinstant.com\/app\/uploads\/sites\/19\/2024\/12\/iWhite-Dark-stains-whitening-kit.png\",\"datePublished\":\"2024-12-11T14:33:41+00:00\",\"dateModified\":\"2024-12-30T09:03:25+00:00\",\"description\":\"Boire du vin, du caf\u00e9 ou du th\u00e9 et fumer peuvent malheureusement tacher les dents. Comme personne ne souhaite avoir des taches sur les dents, iWhite a d\u00e9velopp\u00e9 un kit de blanchiment unique, le kit iWhite Dark Stains \u00e0 base de charbon actif.\",\"breadcrumb\":{\"@id\":\"https:\/\/iwhiteinstant.com\/be\/fr\/produit\/iwhite-kit-de-blanchiment-dentaire-dark-stains\/#breadcrumb\"},\"inLanguage\":\"fr-FR\",\"potentialAction\":[{\"@type\":\"ReadAction\",\"target\":[\"https:\/\/iwhiteinstant.com\/be\/fr\/produit\/iwhite-kit-de-blanchiment-dentaire-dark-stains\/\"]}]},{\"@type\":\"ImageObject\",\"inLanguage\":\"fr-FR\",\"@id\":\"https:\/\/iwhiteinstant.com\/be\/fr\/produit\/iwhite-kit-de-blanchiment-dentaire-dark-stains\/#primaryimage\",\"url\":\"https:\/\/iwhiteinstant.com\/app\/uploads\/sites\/19\/2024\/12\/iWhite-Dark-stains-whitening-kit.png\",\"contentUrl\":\"https:\/\/iwhiteinstant.com\/app\/uploads\/sites\/19\/2024\/12\/iWhite-Dark-stains-whitening-kit.png\",\"width\":800,\"height\":800,\"caption\":\"iWhite-Dark-stains-whitening-kit\"},{\"@type\":\"BreadcrumbList\",\"@id\":\"https:\/\/iwhiteinstant.com\/be\/fr\/produit\/iwhite-kit-de-blanchiment-dentaire-dark-stains\/#breadcrumb\",\"itemListElement\":[{\"@type\":\"ListItem\",\"position\":1,\"name\":\"Home\",\"item\":\"https:\/\/iwhiteinstant.com\/be\/fr\/\"},{\"@type\":\"ListItem\",\"position\":2,\"name\":\"Produits\",\"item\":\"https:\/\/iwhiteinstant.com\/be\/fr\/produits\/\"},{\"@type\":\"ListItem\",\"position\":3,\"name\":\"iWhite Dark Stains Whitening Kit\"}]},{\"@type\":\"WebSite\",\"@id\":\"https:\/\/iwhiteinstant.com\/be\/fr\/#website\",\"url\":\"https:\/\/iwhiteinstant.com\/be\/fr\/\",\"name\":\"iWhite\",\"description\":\"\",\"publisher\":{\"@id\":\"https:\/\/iwhiteinstant.com\/be\/fr\/#organization\"},\"potentialAction\":[{\"@type\":\"SearchAction\",\"target\":{\"@type\":\"EntryPoint\",\"urlTemplate\":\"https:\/\/iwhiteinstant.com\/be\/fr\/?s={search_term_string}\"},\"query-input\":{\"@type\":\"PropertyValueSpecification\",\"valueRequired\":true,\"valueName\":\"search_term_string\"}}],\"inLanguage\":\"fr-FR\"},{\"@type\":\"Organization\",\"@id\":\"https:\/\/iwhiteinstant.com\/be\/fr\/#organization\",\"name\":\"iWhite\",\"url\":\"https:\/\/iwhiteinstant.com\/be\/fr\/\",\"logo\":{\"@type\":\"ImageObject\",\"inLanguage\":\"fr-FR\",\"@id\":\"https:\/\/iwhiteinstant.com\/be\/fr\/#\/schema\/logo\/image\/\",\"url\":\"https:\/\/iwhiteinstant.com\/app\/uploads\/sites\/19\/2024\/12\/Iwhite-logo.png\",\"contentUrl\":\"https:\/\/iwhiteinstant.com\/app\/uploads\/sites\/19\/2024\/12\/Iwhite-logo.png\",\"width\":160,\"height\":40,\"caption\":\"iWhite\"},\"image\":{\"@id\":\"https:\/\/iwhiteinstant.com\/be\/fr\/#\/schema\/logo\/image\/\"}}]}<\/script>\n<!-- \/ Yoast SEO plugin. -->","yoast_head_json":{"title":"iWhite Dark Stains Whitening Kit - iWhite","description":"Boire du vin, du caf\u00e9 ou du th\u00e9 et fumer peuvent malheureusement tacher les dents. Comme personne ne souhaite avoir des taches sur les dents, iWhite a d\u00e9velopp\u00e9 un kit de blanchiment unique, le kit iWhite Dark Stains \u00e0 base de charbon actif.","robots":{"index":"index","follow":"follow","max-snippet":"max-snippet:-1","max-image-preview":"max-image-preview:large","max-video-preview":"max-video-preview:-1"},"canonical":"https:\/\/iwhiteinstant.com\/be\/fr\/produit\/iwhite-kit-de-blanchiment-dentaire-dark-stains\/","og_locale":"fr_FR","og_type":"article","og_title":"iWhite Dark Stains Whitening Kit - iWhite","og_description":"Boire du vin, du caf\u00e9 ou du th\u00e9 et fumer peuvent malheureusement tacher les dents. Comme personne ne souhaite avoir des taches sur les dents, iWhite a d\u00e9velopp\u00e9 un kit de blanchiment unique, le kit iWhite Dark Stains \u00e0 base de charbon actif.","og_url":"https:\/\/iwhiteinstant.com\/be\/fr\/produit\/iwhite-kit-de-blanchiment-dentaire-dark-stains\/","og_site_name":"iWhite","article_modified_time":"2024-12-30T09:03:25+00:00","og_image":[{"width":800,"height":800,"url":"https:\/\/iwhiteinstant.com\/app\/uploads\/sites\/19\/2024\/12\/iWhite-Dark-stains-whitening-kit.png","type":"image\/png"}],"twitter_card":"summary_large_image","twitter_misc":{"Est. reading time":"2 minutes"},"schema":{"@context":"https:\/\/schema.org","@graph":[{"@type":"WebPage","@id":"https:\/\/iwhiteinstant.com\/be\/fr\/produit\/iwhite-kit-de-blanchiment-dentaire-dark-stains\/","url":"https:\/\/iwhiteinstant.com\/be\/fr\/produit\/iwhite-kit-de-blanchiment-dentaire-dark-stains\/","name":"iWhite Dark Stains Whitening Kit - iWhite","isPartOf":{"@id":"https:\/\/iwhiteinstant.com\/be\/fr\/#website"},"primaryImageOfPage":{"@id":"https:\/\/iwhiteinstant.com\/be\/fr\/produit\/iwhite-kit-de-blanchiment-dentaire-dark-stains\/#primaryimage"},"image":{"@id":"https:\/\/iwhiteinstant.com\/be\/fr\/produit\/iwhite-kit-de-blanchiment-dentaire-dark-stains\/#primaryimage"},"thumbnailUrl":"https:\/\/iwhiteinstant.com\/app\/uploads\/sites\/19\/2024\/12\/iWhite-Dark-stains-whitening-kit.png","datePublished":"2024-12-11T14:33:41+00:00","dateModified":"2024-12-30T09:03:25+00:00","description":"Boire du vin, du caf\u00e9 ou du th\u00e9 et fumer peuvent malheureusement tacher les dents. Comme personne ne souhaite avoir des taches sur les dents, iWhite a d\u00e9velopp\u00e9 un kit de blanchiment unique, le kit iWhite Dark Stains \u00e0 base de charbon actif.","breadcrumb":{"@id":"https:\/\/iwhiteinstant.com\/be\/fr\/produit\/iwhite-kit-de-blanchiment-dentaire-dark-stains\/#breadcrumb"},"inLanguage":"fr-FR","potentialAction":[{"@type":"ReadAction","target":["https:\/\/iwhiteinstant.com\/be\/fr\/produit\/iwhite-kit-de-blanchiment-dentaire-dark-stains\/"]}]},{"@type":"ImageObject","inLanguage":"fr-FR","@id":"https:\/\/iwhiteinstant.com\/be\/fr\/produit\/iwhite-kit-de-blanchiment-dentaire-dark-stains\/#primaryimage","url":"https:\/\/iwhiteinstant.com\/app\/uploads\/sites\/19\/2024\/12\/iWhite-Dark-stains-whitening-kit.png","contentUrl":"https:\/\/iwhiteinstant.com\/app\/uploads\/sites\/19\/2024\/12\/iWhite-Dark-stains-whitening-kit.png","width":800,"height":800,"caption":"iWhite-Dark-stains-whitening-kit"},{"@type":"BreadcrumbList","@id":"https:\/\/iwhiteinstant.com\/be\/fr\/produit\/iwhite-kit-de-blanchiment-dentaire-dark-stains\/#breadcrumb","itemListElement":[{"@type":"ListItem","position":1,"name":"Home","item":"https:\/\/iwhiteinstant.com\/be\/fr\/"},{"@type":"ListItem","position":2,"name":"Produits","item":"https:\/\/iwhiteinstant.com\/be\/fr\/produits\/"},{"@type":"ListItem","position":3,"name":"iWhite Dark Stains Whitening Kit"}]},{"@type":"WebSite","@id":"https:\/\/iwhiteinstant.com\/be\/fr\/#website","url":"https:\/\/iwhiteinstant.com\/be\/fr\/","name":"iWhite","description":"","publisher":{"@id":"https:\/\/iwhiteinstant.com\/be\/fr\/#organization"},"potentialAction":[{"@type":"SearchAction","target":{"@type":"EntryPoint","urlTemplate":"https:\/\/iwhiteinstant.com\/be\/fr\/?s={search_term_string}"},"query-input":{"@type":"PropertyValueSpecification","valueRequired":true,"valueName":"search_term_string"}}],"inLanguage":"fr-FR"},{"@type":"Organization","@id":"https:\/\/iwhiteinstant.com\/be\/fr\/#organization","name":"iWhite","url":"https:\/\/iwhiteinstant.com\/be\/fr\/","logo":{"@type":"ImageObject","inLanguage":"fr-FR","@id":"https:\/\/iwhiteinstant.com\/be\/fr\/#\/schema\/logo\/image\/","url":"https:\/\/iwhiteinstant.com\/app\/uploads\/sites\/19\/2024\/12\/Iwhite-logo.png","contentUrl":"https:\/\/iwhiteinstant.com\/app\/uploads\/sites\/19\/2024\/12\/Iwhite-logo.png","width":160,"height":40,"caption":"iWhite"},"image":{"@id":"https:\/\/iwhiteinstant.com\/be\/fr\/#\/schema\/logo\/image\/"}}]}},"_links":{"self":[{"href":"https:\/\/iwhiteinstant.com\/be\/fr\/wp-json\/wp\/v2\/product\/258","targetHints":{"allow":["GET"]}}],"collection":[{"href":"https:\/\/iwhiteinstant.com\/be\/fr\/wp-json\/wp\/v2\/product"}],"about":[{"href":"https:\/\/iwhiteinstant.com\/be\/fr\/wp-json\/wp\/v2\/types\/product"}],"replies":[{"embeddable":true,"href":"https:\/\/iwhiteinstant.com\/be\/fr\/wp-json\/wp\/v2\/comments?post=258"}],"version-history":[{"count":5,"href":"https:\/\/iwhiteinstant.com\/be\/fr\/wp-json\/wp\/v2\/product\/258\/revisions"}],"predecessor-version":[{"id":395,"href":"https:\/\/iwhiteinstant.com\/be\/fr\/wp-json\/wp\/v2\/product\/258\/revisions\/395"}],"wp:featuredmedia":[{"embeddable":true,"href":"https:\/\/iwhiteinstant.com\/be\/fr\/wp-json\/wp\/v2\/media\/127"}],"wp:attachment":[{"href":"https:\/\/iwhiteinstant.com\/be\/fr\/wp-json\/wp\/v2\/media?parent=258"}],"wp:term":[{"taxonomy":"product_brand","embeddable":true,"href":"https:\/\/iwhiteinstant.com\/be\/fr\/wp-json\/wp\/v2\/product_brand?post=258"},{"taxonomy":"product_cat","embeddable":true,"href":"https:\/\/iwhiteinstant.com\/be\/fr\/wp-json\/wp\/v2\/product_cat?post=258"},{"taxonomy":"product_tag","embeddable":true,"href":"https:\/\/iwhiteinstant.com\/be\/fr\/wp-json\/wp\/v2\/product_tag?post=258"}],"curies":[{"name":"wp","href":"https:\/\/api.w.org\/{rel}","templated":true}]}}