{"id":27,"date":"2024-12-11T13:18:23","date_gmt":"2024-12-11T13:18:23","guid":{"rendered":"https:\/\/iwhiteinstant.com\/be\/?page_id=27"},"modified":"2024-12-16T15:47:14","modified_gmt":"2024-12-16T14:47:14","slug":"iwhite-technology","status":"publish","type":"page","link":"https:\/\/iwhiteinstant.com\/be\/nl\/iwhite-technology\/","title":{"rendered":"iWhite Technology"},"content":{"rendered":"\n<div class=\"wp-block-karopharma-free-text pt-large pb-large bg-center bg-cover bg-no-repeat\" style=\"background-image:url()\"><div class=\"free-text-wrapper container max-w-medium text-left\">\n<h1 class=\"wp-block-heading is-style-heading-huge has-primary-color has-text-color\">iWhite Technology<sup>\u00a9<\/sup><\/h1>\n\n\n\n<p>We hebben een tandbleekbehandeling ontwikkeld die geen waterstofperoxide bevat maar zelfs nog doeltreffender is, dankzij een unieke FCC (filmvormende gekristalliseerde calcium)-technologie.<\/p>\n\n\n\n<p>Kleine witte bioactieve kristallen worden gebruikt in combinatie met een sterk filmvormend polymeer. Dankzij deze innovatieve technologie, hechten de witte bioactieve kristallen zich fysiek aan het tandoppervlak. Deze fysieke hechting van de witte kristallen leidt tot een optisch bleekeffect. Deze FCC-technologie is versterkt door een innovatie op het gebied van tanden bleken zonder waterstofperoxide: P.A.P. Dit is een sterke, vlekken verwijderende molecule die verkleuringen op de tanden afbreekt zonder de structuur van de tanden aan te tasten.<\/p>\n\n\n\n<p>Klinische studies hebben aangetoond dat iWhite Instant 100% veilig is voor de tanden en dat het voor een onmiddellijk effect zorgt na de eerste toepassing. Sommige pati\u00ebnten verkregen een verbetering van 8 tinten witter na \u00e9\u00e9n behandeling. Elke persoon is echter anders en de resultaten kunnen per persoon vari\u00ebren.<\/p>\n<\/div><\/div>\n\n\n\n<div class=\"wp-block-karopharma-free-text pt-large pb-large bg-center bg-cover bg-no-repeat  is-style-primary\" style=\"background-image:url()\"><div class=\"free-text-wrapper container max-w-medium text-left\">\n<h2 class=\"wp-block-heading is-style-heading-h2\">Onmiddellijke resultaten<sup>****<\/sup><\/h2>\n\n\n\n<p>Er is een klinische studie verricht in de praktijk van een onafhankelijke, alom gerespecteerde tandarts. Deze tandarts was de voormalige voorzitter van de Belgische Academie voor Esthetische Tandheelkunde (BAED), lid van meerdere academi\u00ebn voor esthetisch onderzoek en heeft ruim 20 jaar bleekprocedures verricht. De resultaten van deze studie met betrekking tot de doeltreffendheid van iWhite Instant toonden een gemiddeld resultaat aan van 4,8 tinten, terwijl sommige pati\u00ebnten resultaten verkregen van 8 tinten na \u00e9\u00e9n behandeling van 20 minuten!<\/p>\n<\/div><\/div>\n\n\n\n<div class=\"wp-block-karopharma-free-text pt-large pb-large bg-center bg-cover bg-no-repeat\" style=\"background-image:url()\"><div class=\"free-text-wrapper container max-w-medium text-left\">\n<figure class=\"wp-block-table is-style-secondary-stripes\"><table><thead><tr><th>Tintenverbetering (TV)<\/th><th>Percentage pati\u00ebnten (%)<\/th><\/tr><\/thead><tbody><tr><td>TV 0<\/td><td>4%<\/td><\/tr><tr><td>TV 1<\/td><td>0%<\/td><\/tr><tr><td>TV 2<\/td><td>4%<\/td><\/tr><tr><td>TV 3<\/td><td>24%<\/td><\/tr><tr><td>TV 4<\/td><td>16%<\/td><\/tr><tr><td>TV 5<\/td><td>8%<\/td><\/tr><tr><td>TV 6<\/td><td>12%<\/td><\/tr><tr><td>TV 7<\/td><td>24%<\/td><\/tr><tr><td>TV 8<\/td><td>8%<\/td><\/tr><\/tbody><\/table><figcaption class=\"wp-element-caption\"><small>Tabel 1: Tintenverbeteringsverdeling<\/small><\/figcaption><\/figure>\n<\/div><\/div>\n\n\n\n<div class=\"wp-block-karopharma-free-text pt-large pb-large bg-center bg-cover bg-no-repeat  is-style-primary\" style=\"background-image:url()\"><div class=\"free-text-wrapper container max-w-medium text-left\">\n<h2 class=\"wp-block-heading is-style-heading-h2\">100% veilig<\/h2>\n\n\n\n<p>Geen van de pati\u00ebnten had tandvleesproblemen of last van gevoeligheid na de behandeling en allen waren tevreden over het gemak van de eenvoudig te gebruiken mondbitjes.<\/p>\n<\/div><\/div>\n\n\n\n<div class=\"wp-block-karopharma-free-text pt-large pb-large bg-center bg-cover bg-no-repeat\" style=\"background-image:url()\"><div class=\"free-text-wrapper container max-w-medium text-left\">\n<figure class=\"wp-block-table is-style-secondary-stripes\"><table><thead><tr><th>Vraag<\/th><th>Antwoord<\/th><th>T1 (n)<\/th><th>T2 (n)<\/th><\/tr><\/thead><tbody><tr><td>Heeft de pati\u00ebnt aften?<\/td><td>Nee<br>Ja<\/td><td>100%<br>0<\/td><td>100%<br>0<\/td><\/tr><tr><td>Heeft de pati\u00ebnt witte vlekken op het tandvlees?<\/td><td>Nee<br>Ja<\/td><td>100%<br>0<\/td><td>100%<br>0<\/td><\/tr><tr><td>Voelen uw tanden gevoelig aan?<\/td><td>Nee<br>Ja<\/td><td>100%<br>0<\/td><td>100%<br>0<\/td><\/tr><\/tbody><\/table><figcaption class=\"wp-element-caption\"><small>Tabel 2:\u00a0Verdeling aanvaarbaarheidsgegevens<\/small><\/figcaption><\/figure>\n\n\n\n<p class=\"is-style-paragraph-small\">**** Klinisch onderzoek (Dubbelblind, gerandomiseerd klinisch onderzoek van een tandbleekmiddel versus een placebo).<\/p>\n<\/div><\/div>\n","protected":false},"excerpt":{"rendered":"","protected":false},"author":2,"featured_media":0,"parent":0,"menu_order":0,"comment_status":"closed","ping_status":"closed","template":"","meta":{"_acf_changed":false,"footnotes":""},"from-article-database":[],"class_list":["post-27","page","type-page","status-publish","hentry"],"acf":[],"yoast_head":"<!-- This site is optimized with the Yoast SEO plugin v26.6 - https:\/\/yoast.com\/wordpress\/plugins\/seo\/ -->\n<title>iWhite Technology - iWhite<\/title>\n<meta name=\"description\" content=\"We hebben een tandbleekbehandeling ontwikkeld die geen waterstofperoxide bevat maar zelfs nog doeltreffender is, dankzij een unieke FCC (filmvormende gekristalliseerde calcium)-technologie.\" \/>\n<meta name=\"robots\" content=\"index, follow, max-snippet:-1, max-image-preview:large, max-video-preview:-1\" \/>\n<link rel=\"canonical\" href=\"https:\/\/iwhiteinstant.com\/be\/nl\/iwhite-technology\/\" \/>\n<meta property=\"og:locale\" content=\"nl_NL\" \/>\n<meta property=\"og:type\" content=\"article\" \/>\n<meta property=\"og:title\" content=\"iWhite Technology - iWhite\" \/>\n<meta property=\"og:description\" content=\"We hebben een tandbleekbehandeling ontwikkeld die geen waterstofperoxide bevat maar zelfs nog doeltreffender is, dankzij een unieke FCC (filmvormende gekristalliseerde calcium)-technologie.\" \/>\n<meta property=\"og:url\" content=\"https:\/\/iwhiteinstant.com\/be\/nl\/iwhite-technology\/\" \/>\n<meta property=\"og:site_name\" content=\"iWhite\" \/>\n<meta property=\"article:modified_time\" content=\"2024-12-16T14:47:14+00:00\" \/>\n<meta name=\"twitter:card\" content=\"summary_large_image\" \/>\n<meta name=\"twitter:label1\" content=\"Est. reading time\" \/>\n\t<meta name=\"twitter:data1\" content=\"2 minuten\" \/>\n<script type=\"application\/ld+json\" class=\"yoast-schema-graph\">{\"@context\":\"https:\/\/schema.org\",\"@graph\":[{\"@type\":\"WebPage\",\"@id\":\"https:\/\/iwhiteinstant.com\/be\/nl\/iwhite-technology\/\",\"url\":\"https:\/\/iwhiteinstant.com\/be\/nl\/iwhite-technology\/\",\"name\":\"iWhite Technology - iWhite\",\"isPartOf\":{\"@id\":\"https:\/\/iwhiteinstant.com\/be\/nl\/#website\"},\"datePublished\":\"2024-12-11T13:18:23+00:00\",\"dateModified\":\"2024-12-16T14:47:14+00:00\",\"description\":\"We hebben een tandbleekbehandeling ontwikkeld die geen waterstofperoxide bevat maar zelfs nog doeltreffender is, dankzij een unieke FCC (filmvormende gekristalliseerde calcium)-technologie.\",\"breadcrumb\":{\"@id\":\"https:\/\/iwhiteinstant.com\/be\/nl\/iwhite-technology\/#breadcrumb\"},\"inLanguage\":\"nl-NL\",\"potentialAction\":[{\"@type\":\"ReadAction\",\"target\":[\"https:\/\/iwhiteinstant.com\/be\/nl\/iwhite-technology\/\"]}]},{\"@type\":\"BreadcrumbList\",\"@id\":\"https:\/\/iwhiteinstant.com\/be\/nl\/iwhite-technology\/#breadcrumb\",\"itemListElement\":[{\"@type\":\"ListItem\",\"position\":1,\"name\":\"Home\",\"item\":\"https:\/\/iwhiteinstant.com\/be\/nl\/\"},{\"@type\":\"ListItem\",\"position\":2,\"name\":\"iWhite Technology\"}]},{\"@type\":\"WebSite\",\"@id\":\"https:\/\/iwhiteinstant.com\/be\/nl\/#website\",\"url\":\"https:\/\/iwhiteinstant.com\/be\/nl\/\",\"name\":\"iWhite\",\"description\":\"\",\"publisher\":{\"@id\":\"https:\/\/iwhiteinstant.com\/be\/nl\/#organization\"},\"potentialAction\":[{\"@type\":\"SearchAction\",\"target\":{\"@type\":\"EntryPoint\",\"urlTemplate\":\"https:\/\/iwhiteinstant.com\/be\/nl\/?s={search_term_string}\"},\"query-input\":{\"@type\":\"PropertyValueSpecification\",\"valueRequired\":true,\"valueName\":\"search_term_string\"}}],\"inLanguage\":\"nl-NL\"},{\"@type\":\"Organization\",\"@id\":\"https:\/\/iwhiteinstant.com\/be\/nl\/#organization\",\"name\":\"iWhite\",\"url\":\"https:\/\/iwhiteinstant.com\/be\/nl\/\",\"logo\":{\"@type\":\"ImageObject\",\"inLanguage\":\"nl-NL\",\"@id\":\"https:\/\/iwhiteinstant.com\/be\/nl\/#\/schema\/logo\/image\/\",\"url\":\"https:\/\/iwhiteinstant.com\/app\/uploads\/sites\/19\/2024\/12\/Iwhite-logo.png\",\"contentUrl\":\"https:\/\/iwhiteinstant.com\/app\/uploads\/sites\/19\/2024\/12\/Iwhite-logo.png\",\"width\":160,\"height\":40,\"caption\":\"iWhite\"},\"image\":{\"@id\":\"https:\/\/iwhiteinstant.com\/be\/nl\/#\/schema\/logo\/image\/\"}}]}<\/script>\n<!-- \/ Yoast SEO plugin. -->","yoast_head_json":{"title":"iWhite Technology - iWhite","description":"We hebben een tandbleekbehandeling ontwikkeld die geen waterstofperoxide bevat maar zelfs nog doeltreffender is, dankzij een unieke FCC (filmvormende gekristalliseerde calcium)-technologie.","robots":{"index":"index","follow":"follow","max-snippet":"max-snippet:-1","max-image-preview":"max-image-preview:large","max-video-preview":"max-video-preview:-1"},"canonical":"https:\/\/iwhiteinstant.com\/be\/nl\/iwhite-technology\/","og_locale":"nl_NL","og_type":"article","og_title":"iWhite Technology - iWhite","og_description":"We hebben een tandbleekbehandeling ontwikkeld die geen waterstofperoxide bevat maar zelfs nog doeltreffender is, dankzij een unieke FCC (filmvormende gekristalliseerde calcium)-technologie.","og_url":"https:\/\/iwhiteinstant.com\/be\/nl\/iwhite-technology\/","og_site_name":"iWhite","article_modified_time":"2024-12-16T14:47:14+00:00","twitter_card":"summary_large_image","twitter_misc":{"Est. reading time":"2 minuten"},"schema":{"@context":"https:\/\/schema.org","@graph":[{"@type":"WebPage","@id":"https:\/\/iwhiteinstant.com\/be\/nl\/iwhite-technology\/","url":"https:\/\/iwhiteinstant.com\/be\/nl\/iwhite-technology\/","name":"iWhite Technology - iWhite","isPartOf":{"@id":"https:\/\/iwhiteinstant.com\/be\/nl\/#website"},"datePublished":"2024-12-11T13:18:23+00:00","dateModified":"2024-12-16T14:47:14+00:00","description":"We hebben een tandbleekbehandeling ontwikkeld die geen waterstofperoxide bevat maar zelfs nog doeltreffender is, dankzij een unieke FCC (filmvormende gekristalliseerde calcium)-technologie.","breadcrumb":{"@id":"https:\/\/iwhiteinstant.com\/be\/nl\/iwhite-technology\/#breadcrumb"},"inLanguage":"nl-NL","potentialAction":[{"@type":"ReadAction","target":["https:\/\/iwhiteinstant.com\/be\/nl\/iwhite-technology\/"]}]},{"@type":"BreadcrumbList","@id":"https:\/\/iwhiteinstant.com\/be\/nl\/iwhite-technology\/#breadcrumb","itemListElement":[{"@type":"ListItem","position":1,"name":"Home","item":"https:\/\/iwhiteinstant.com\/be\/nl\/"},{"@type":"ListItem","position":2,"name":"iWhite Technology"}]},{"@type":"WebSite","@id":"https:\/\/iwhiteinstant.com\/be\/nl\/#website","url":"https:\/\/iwhiteinstant.com\/be\/nl\/","name":"iWhite","description":"","publisher":{"@id":"https:\/\/iwhiteinstant.com\/be\/nl\/#organization"},"potentialAction":[{"@type":"SearchAction","target":{"@type":"EntryPoint","urlTemplate":"https:\/\/iwhiteinstant.com\/be\/nl\/?s={search_term_string}"},"query-input":{"@type":"PropertyValueSpecification","valueRequired":true,"valueName":"search_term_string"}}],"inLanguage":"nl-NL"},{"@type":"Organization","@id":"https:\/\/iwhiteinstant.com\/be\/nl\/#organization","name":"iWhite","url":"https:\/\/iwhiteinstant.com\/be\/nl\/","logo":{"@type":"ImageObject","inLanguage":"nl-NL","@id":"https:\/\/iwhiteinstant.com\/be\/nl\/#\/schema\/logo\/image\/","url":"https:\/\/iwhiteinstant.com\/app\/uploads\/sites\/19\/2024\/12\/Iwhite-logo.png","contentUrl":"https:\/\/iwhiteinstant.com\/app\/uploads\/sites\/19\/2024\/12\/Iwhite-logo.png","width":160,"height":40,"caption":"iWhite"},"image":{"@id":"https:\/\/iwhiteinstant.com\/be\/nl\/#\/schema\/logo\/image\/"}}]}},"_links":{"self":[{"href":"https:\/\/iwhiteinstant.com\/be\/nl\/wp-json\/wp\/v2\/pages\/27","targetHints":{"allow":["GET"]}}],"collection":[{"href":"https:\/\/iwhiteinstant.com\/be\/nl\/wp-json\/wp\/v2\/pages"}],"about":[{"href":"https:\/\/iwhiteinstant.com\/be\/nl\/wp-json\/wp\/v2\/types\/page"}],"author":[{"embeddable":true,"href":"https:\/\/iwhiteinstant.com\/be\/nl\/wp-json\/wp\/v2\/users\/2"}],"replies":[{"embeddable":true,"href":"https:\/\/iwhiteinstant.com\/be\/nl\/wp-json\/wp\/v2\/comments?post=27"}],"version-history":[{"count":2,"href":"https:\/\/iwhiteinstant.com\/be\/nl\/wp-json\/wp\/v2\/pages\/27\/revisions"}],"predecessor-version":[{"id":110,"href":"https:\/\/iwhiteinstant.com\/be\/nl\/wp-json\/wp\/v2\/pages\/27\/revisions\/110"}],"wp:attachment":[{"href":"https:\/\/iwhiteinstant.com\/be\/nl\/wp-json\/wp\/v2\/media?parent=27"}],"wp:term":[{"taxonomy":"from-article-database","embeddable":true,"href":"https:\/\/iwhiteinstant.com\/be\/nl\/wp-json\/wp\/v2\/from-article-database?post=27"}],"curies":[{"name":"wp","href":"https:\/\/api.w.org\/{rel}","templated":true}]}}