{"id":190,"date":"2024-12-12T10:38:31","date_gmt":"2024-12-12T09:38:31","guid":{"rendered":"https:\/\/iwhiteinstant.com\/be\/?post_type=product&#038;p=190"},"modified":"2024-12-23T11:29:55","modified_gmt":"2024-12-23T10:29:55","slug":"iwhite-superior-whitening-kit","status":"publish","type":"product","link":"https:\/\/iwhiteinstant.com\/be\/nl\/product\/iwhite-superior-whitening-kit\/","title":{"rendered":"iWhite Superior Whitening Kit"},"content":{"rendered":"\n<div style=\"height:100px\" aria-hidden=\"true\" class=\"wp-block-spacer is-style-responsive-small\"><\/div>\n\n\n\n<section class=\"wp-block-karopharma-image-with-text image-with-text image-with-text__not-full-width is-style-primary\"><div class=\"image-with-text-container \"><div class=\"image-with-text-container-image-container\"><img decoding=\"async\" loading=\"lazy\" src=\"https:\/\/iwhiteinstant.com\/cdn-cgi\/image\/format=auto\/app\/uploads\/sites\/19\/2024\/12\/superior-image.jpg\" alt=\"superior-image\"\/><\/div><div class=\"image-with-text-container-content\" style=\"text-align:left\" data-test=\"content\"><div class=\"content\"><h2>Gemakkelijk te gebruiken en in de mond te dragen<\/h2><p class=\"body\" data-test=\"body\">Deze professionele thuisbehandeling is gemakkelijk te gebruiken en in de mond te dragen. iWhite wegwerpmondstukjes zijn gemaakt van een zacht, dun materiaal dat zorgt voor een optimale pasvorm, comfort en resultaat. Ze bevatten iWhite&#8217;s krachtige nieuwe whitening gel met baking soda en whitening mineralen voor een stralend witte glimlach. Bovendien is de nieuwe formule versterkt met calcium en xylitol, essenti\u00eble actieve ingredi\u00ebnten waarvan in klinische studies bewezen is dat ze de tanden versterken.<\/p>\n<div class=\"wp-block-buttons is-layout-flex wp-block-buttons-is-layout-flex\"><\/div>\n<\/div><\/div><\/div><\/section>\n\n\n\n<div class=\"wp-block-karopharma-accordions is-style-secondary\"><div class=\"container\">\n<details class=\"wp-block-karopharma-accordion\"><summary><h2 class=\"accordion-title\">Hoe te gebruiken<\/h2><\/summary><div class=\"accordion-content\">\n<p>Deze thuisbehandeling hoeft slechts 20 minuten per dag te worden gedragen en het whitening effect is direct zichtbaar vanaf het eerste gebruik, met tot 8 tinten wittere tanden! Gebruik het gedurende 5 opeenvolgende dagen voor de meest oogverblindende resultaten.<\/p>\n<\/div><\/details>\n\n\n\n<details class=\"wp-block-karopharma-accordion\"><summary><h2 class=\"accordion-title\">Hoe maakt iWhite Superior uw tanden witter &amp; sterker?<\/h2><\/summary><div class=\"accordion-content\">\n<p><strong>Actie 1:<\/strong> de iWhite technologie wordt versterkt door whitening booster ingredi\u00ebnten:<\/p>\n\n\n\n<ul class=\"wp-block-list is-style-default\">\n<li>100% natuurlijk bakingsoda: dat is een natuurlijke whitening werkstof, ook effectief in het verwijderen van vlekken en het geven van een stralende glimlach.<\/li>\n\n\n\n<li>Innovatief natuurlijk vulkaanmineraal, speciaal ontworpen om de witmakende werking te maximaliseren met respect voor het glazuur.<\/li>\n<\/ul>\n\n\n\n<p><strong>Actie 2:<\/strong> Omdat je tanden ook ouder worden, is het ook belangrijk om je glazuur te versterken en een boost te geven om de witheid van je tanden te beschermen:<\/p>\n\n\n\n<ul class=\"wp-block-list is-style-default\">\n<li>Calcium Microparels: verlies van calcium door veroudering be\u00efnvloedt de kleur van je tanden. Door calcium toe te voegen aan onze whitening-behandeling wordt het glazuur aangewakkerd, versterkt en opnieuw opgebouwd. De micropareltechnologie zorgt voor een geconcentreerde en gerichte afgifte van de actieve stoffen, wat betekent dat je zelf bepaalt wanneer en waar de geconcentreerde actieve stoffen worden afgegeven. Dus wanneer je de bitjes in je mond plaatst: moet je de bitjes zachtjes op je tanden duwen, de microparels barsten en pas dan komen de geconcentreerde actieve stoffen direct vrij op het glazuur.<\/li>\n\n\n\n<li>Xylitol: is een belangrijk actief ingredi\u00ebnt om tandhygi\u00ebne te garanderen. Hoe? Door het vermogen van bacteri\u00ebn om zuur te produceren te verstoren en de pH-waarde te verhogen, wordt schade aan het glazuur voorkomen en zelfs hersteld.<\/li>\n<\/ul>\n<\/div><\/details>\n\n\n\n<details class=\"wp-block-karopharma-accordion\"><summary><h2 class=\"accordion-title\">iWhite Micropearl technologie = wat?<\/h2><\/summary><div class=\"accordion-content\">\n<p>Een innovatieve technologie die een geconcentreerde en gerichte afgifte van de werkzame stoffen binnenin mogelijk maakt. Dit betekent dat je zelf bepaalt wanneer en waar de geconcentreerde actieve stoffen direct op het glazuur worden afgegeven. In de iWhite Whitening Kit voor donkere vlekken zitten de actieve microparels boordevol calcium.<\/p>\n<\/div><\/details>\n<\/div><\/div>\n\n\n\n<div class=\"wp-block-karopharma-free-text pt-large pb-none bg-center bg-cover bg-no-repeat\" style=\"background-image:url()\"><div class=\"free-text-wrapper container max-w-medium text-center\">\n<h2 class=\"wp-block-heading\">3 stappen verwijderd van een stralende, witte lach\u2026<\/h2>\n<\/div><\/div>\n\n\n\n<section class=\"wp-block-karopharma-usp usp undefined\"><div class=\"usp-wrapper\">\n<section class=\"wp-block-karopharma-usp-single usp-single undefined\"><div class=\"icon\"><svg width=\"21\" height=\"16\" viewBox=\"0 0 21 16\" fill=\"none\" xmlns=\"http:\/\/www.w3.org\/2000\/svg\"><path d=\"M19.2567 0.164742L6.13095 13.2905L1.49056 8.65006C1.2709 8.4304 0.914742 8.4304 0.695039 8.65006L0.164742 9.18036C-0.0549141 9.40001 -0.0549141 9.75617 0.164742 9.97587L5.73321 15.5443C5.95287 15.764 6.30903 15.764 6.52873 15.5443L20.5825 1.4906C20.8021 1.27095 20.8021 0.914789 20.5825 0.695086L20.0521 0.164742C19.8325 -0.0549141 19.4763 -0.0549141 19.2567 0.164742Z\" fill=\"white\"><\/path><\/svg><\/div>\n<h4 class=\"wp-block-heading has-text-align-center is-style-heading-h4\">1. DRUK<\/h4>\n\n\n\n<p class=\"has-text-align-center is-style-body-text\">Door zachtjes op de bakjes te duwen, barsten de microparels.<\/p>\n<\/section>\n\n\n\n<section class=\"wp-block-karopharma-usp-single usp-single undefined\"><div class=\"icon\"><svg width=\"21\" height=\"16\" viewBox=\"0 0 21 16\" fill=\"none\" xmlns=\"http:\/\/www.w3.org\/2000\/svg\"><path d=\"M19.2567 0.164742L6.13095 13.2905L1.49056 8.65006C1.2709 8.4304 0.914742 8.4304 0.695039 8.65006L0.164742 9.18036C-0.0549141 9.40001 -0.0549141 9.75617 0.164742 9.97587L5.73321 15.5443C5.95287 15.764 6.30903 15.764 6.52873 15.5443L20.5825 1.4906C20.8021 1.27095 20.8021 0.914789 20.5825 0.695086L20.0521 0.164742C19.8325 -0.0549141 19.4763 -0.0549141 19.2567 0.164742Z\" fill=\"white\"><\/path><\/svg><\/div>\n<h4 class=\"wp-block-heading has-text-align-center is-style-heading-h4\">2. ACTIVEER<\/h4>\n\n\n\n<p class=\"has-text-align-center is-style-body-text\">De geconcentreerde werkstoffen in de microparels komen vrij.<\/p>\n<\/section>\n\n\n\n<section class=\"wp-block-karopharma-usp-single usp-single undefined\"><div class=\"icon\"><svg width=\"21\" height=\"16\" viewBox=\"0 0 21 16\" fill=\"none\" xmlns=\"http:\/\/www.w3.org\/2000\/svg\"><path d=\"M19.2567 0.164742L6.13095 13.2905L1.49056 8.65006C1.2709 8.4304 0.914742 8.4304 0.695039 8.65006L0.164742 9.18036C-0.0549141 9.40001 -0.0549141 9.75617 0.164742 9.97587L5.73321 15.5443C5.95287 15.764 6.30903 15.764 6.52873 15.5443L20.5825 1.4906C20.8021 1.27095 20.8021 0.914789 20.5825 0.695086L20.0521 0.164742C19.8325 -0.0549141 19.4763 -0.0549141 19.2567 0.164742Z\" fill=\"white\"><\/path><\/svg><\/div>\n<h4 class=\"wp-block-heading has-text-align-center is-style-heading-h4\">3. RESULTAAT<\/h4>\n\n\n\n<p class=\"has-text-align-center is-style-body-text\">iWhite whitening gel + Micropearls = MAGIC!<br>Draag het 20 minuten en bekijk zelf de onmiddellijke resultaten!!!<\/p>\n<\/section>\n<\/div><\/section>\n","protected":false},"excerpt":{"rendered":"<p>Maakt uw tanden onmiddellijk witter en sterker.<\/p>\n","protected":false},"featured_media":146,"comment_status":"closed","ping_status":"closed","template":"","meta":{"_acf_changed":false,"footnotes":""},"product_brand":[],"product_cat":[27],"product_tag":[],"class_list":{"0":"post-190","1":"product","2":"type-product","3":"status-publish","4":"has-post-thumbnail","6":"product_cat-whitening-kit","8":"first","9":"instock","10":"shipping-taxable","11":"product-type-simple"},"acf":[],"yoast_head":"<!-- This site is optimized with the Yoast SEO plugin v26.6 - https:\/\/yoast.com\/wordpress\/plugins\/seo\/ -->\n<title>iWhite Superior Whitening Kit - iWhite<\/title>\n<meta name=\"description\" content=\"iWhite Superior Whitening Kit werkt met de nieuwe en unieke tandenbleektechnologie die de tanden direct tot 8 tinten* witter maakt en de tanden versterkt.\" \/>\n<meta name=\"robots\" content=\"index, follow, max-snippet:-1, max-image-preview:large, max-video-preview:-1\" \/>\n<link rel=\"canonical\" href=\"https:\/\/iwhiteinstant.com\/be\/nl\/product\/iwhite-superior-whitening-kit\/\" \/>\n<meta property=\"og:locale\" content=\"nl_NL\" \/>\n<meta property=\"og:type\" content=\"article\" \/>\n<meta property=\"og:title\" content=\"iWhite Superior Whitening Kit - iWhite\" \/>\n<meta property=\"og:description\" content=\"iWhite Superior Whitening Kit werkt met de nieuwe en unieke tandenbleektechnologie die de tanden direct tot 8 tinten* witter maakt en de tanden versterkt.\" \/>\n<meta property=\"og:url\" content=\"https:\/\/iwhiteinstant.com\/be\/nl\/product\/iwhite-superior-whitening-kit\/\" \/>\n<meta property=\"og:site_name\" content=\"iWhite\" \/>\n<meta property=\"article:modified_time\" content=\"2024-12-23T10:29:55+00:00\" \/>\n<meta property=\"og:image\" content=\"https:\/\/iwhiteinstant.com\/app\/uploads\/sites\/19\/2024\/12\/iWhite-Superior-whitening-kit.png\" \/>\n\t<meta property=\"og:image:width\" content=\"800\" \/>\n\t<meta property=\"og:image:height\" content=\"800\" \/>\n\t<meta property=\"og:image:type\" content=\"image\/png\" \/>\n<meta name=\"twitter:card\" content=\"summary_large_image\" \/>\n<meta name=\"twitter:label1\" content=\"Est. reading time\" \/>\n\t<meta name=\"twitter:data1\" content=\"3 minuten\" \/>\n<script type=\"application\/ld+json\" class=\"yoast-schema-graph\">{\"@context\":\"https:\/\/schema.org\",\"@graph\":[{\"@type\":\"WebPage\",\"@id\":\"https:\/\/iwhiteinstant.com\/be\/nl\/product\/iwhite-superior-whitening-kit\/\",\"url\":\"https:\/\/iwhiteinstant.com\/be\/nl\/product\/iwhite-superior-whitening-kit\/\",\"name\":\"iWhite Superior Whitening Kit - iWhite\",\"isPartOf\":{\"@id\":\"https:\/\/iwhiteinstant.com\/be\/nl\/#website\"},\"primaryImageOfPage\":{\"@id\":\"https:\/\/iwhiteinstant.com\/be\/nl\/product\/iwhite-superior-whitening-kit\/#primaryimage\"},\"image\":{\"@id\":\"https:\/\/iwhiteinstant.com\/be\/nl\/product\/iwhite-superior-whitening-kit\/#primaryimage\"},\"thumbnailUrl\":\"https:\/\/iwhiteinstant.com\/app\/uploads\/sites\/19\/2024\/12\/iWhite-Superior-whitening-kit.png\",\"datePublished\":\"2024-12-12T09:38:31+00:00\",\"dateModified\":\"2024-12-23T10:29:55+00:00\",\"description\":\"iWhite Superior Whitening Kit werkt met de nieuwe en unieke tandenbleektechnologie die de tanden direct tot 8 tinten* witter maakt en de tanden versterkt.\",\"breadcrumb\":{\"@id\":\"https:\/\/iwhiteinstant.com\/be\/nl\/product\/iwhite-superior-whitening-kit\/#breadcrumb\"},\"inLanguage\":\"nl-NL\",\"potentialAction\":[{\"@type\":\"ReadAction\",\"target\":[\"https:\/\/iwhiteinstant.com\/be\/nl\/product\/iwhite-superior-whitening-kit\/\"]}]},{\"@type\":\"ImageObject\",\"inLanguage\":\"nl-NL\",\"@id\":\"https:\/\/iwhiteinstant.com\/be\/nl\/product\/iwhite-superior-whitening-kit\/#primaryimage\",\"url\":\"https:\/\/iwhiteinstant.com\/app\/uploads\/sites\/19\/2024\/12\/iWhite-Superior-whitening-kit.png\",\"contentUrl\":\"https:\/\/iwhiteinstant.com\/app\/uploads\/sites\/19\/2024\/12\/iWhite-Superior-whitening-kit.png\",\"width\":800,\"height\":800,\"caption\":\"iWhite-Superior-whitening-kit\"},{\"@type\":\"BreadcrumbList\",\"@id\":\"https:\/\/iwhiteinstant.com\/be\/nl\/product\/iwhite-superior-whitening-kit\/#breadcrumb\",\"itemListElement\":[{\"@type\":\"ListItem\",\"position\":1,\"name\":\"Home\",\"item\":\"https:\/\/iwhiteinstant.com\/be\/nl\/\"},{\"@type\":\"ListItem\",\"position\":2,\"name\":\"Producten\",\"item\":\"https:\/\/iwhiteinstant.com\/be\/nl\/producten\/\"},{\"@type\":\"ListItem\",\"position\":3,\"name\":\"iWhite Superior Whitening Kit\"}]},{\"@type\":\"WebSite\",\"@id\":\"https:\/\/iwhiteinstant.com\/be\/nl\/#website\",\"url\":\"https:\/\/iwhiteinstant.com\/be\/nl\/\",\"name\":\"iWhite\",\"description\":\"\",\"publisher\":{\"@id\":\"https:\/\/iwhiteinstant.com\/be\/nl\/#organization\"},\"potentialAction\":[{\"@type\":\"SearchAction\",\"target\":{\"@type\":\"EntryPoint\",\"urlTemplate\":\"https:\/\/iwhiteinstant.com\/be\/nl\/?s={search_term_string}\"},\"query-input\":{\"@type\":\"PropertyValueSpecification\",\"valueRequired\":true,\"valueName\":\"search_term_string\"}}],\"inLanguage\":\"nl-NL\"},{\"@type\":\"Organization\",\"@id\":\"https:\/\/iwhiteinstant.com\/be\/nl\/#organization\",\"name\":\"iWhite\",\"url\":\"https:\/\/iwhiteinstant.com\/be\/nl\/\",\"logo\":{\"@type\":\"ImageObject\",\"inLanguage\":\"nl-NL\",\"@id\":\"https:\/\/iwhiteinstant.com\/be\/nl\/#\/schema\/logo\/image\/\",\"url\":\"https:\/\/iwhiteinstant.com\/app\/uploads\/sites\/19\/2024\/12\/Iwhite-logo.png\",\"contentUrl\":\"https:\/\/iwhiteinstant.com\/app\/uploads\/sites\/19\/2024\/12\/Iwhite-logo.png\",\"width\":160,\"height\":40,\"caption\":\"iWhite\"},\"image\":{\"@id\":\"https:\/\/iwhiteinstant.com\/be\/nl\/#\/schema\/logo\/image\/\"}}]}<\/script>\n<!-- \/ Yoast SEO plugin. -->","yoast_head_json":{"title":"iWhite Superior Whitening Kit - iWhite","description":"iWhite Superior Whitening Kit werkt met de nieuwe en unieke tandenbleektechnologie die de tanden direct tot 8 tinten* witter maakt en de tanden versterkt.","robots":{"index":"index","follow":"follow","max-snippet":"max-snippet:-1","max-image-preview":"max-image-preview:large","max-video-preview":"max-video-preview:-1"},"canonical":"https:\/\/iwhiteinstant.com\/be\/nl\/product\/iwhite-superior-whitening-kit\/","og_locale":"nl_NL","og_type":"article","og_title":"iWhite Superior Whitening Kit - iWhite","og_description":"iWhite Superior Whitening Kit werkt met de nieuwe en unieke tandenbleektechnologie die de tanden direct tot 8 tinten* witter maakt en de tanden versterkt.","og_url":"https:\/\/iwhiteinstant.com\/be\/nl\/product\/iwhite-superior-whitening-kit\/","og_site_name":"iWhite","article_modified_time":"2024-12-23T10:29:55+00:00","og_image":[{"width":800,"height":800,"url":"https:\/\/iwhiteinstant.com\/app\/uploads\/sites\/19\/2024\/12\/iWhite-Superior-whitening-kit.png","type":"image\/png"}],"twitter_card":"summary_large_image","twitter_misc":{"Est. reading time":"3 minuten"},"schema":{"@context":"https:\/\/schema.org","@graph":[{"@type":"WebPage","@id":"https:\/\/iwhiteinstant.com\/be\/nl\/product\/iwhite-superior-whitening-kit\/","url":"https:\/\/iwhiteinstant.com\/be\/nl\/product\/iwhite-superior-whitening-kit\/","name":"iWhite Superior Whitening Kit - iWhite","isPartOf":{"@id":"https:\/\/iwhiteinstant.com\/be\/nl\/#website"},"primaryImageOfPage":{"@id":"https:\/\/iwhiteinstant.com\/be\/nl\/product\/iwhite-superior-whitening-kit\/#primaryimage"},"image":{"@id":"https:\/\/iwhiteinstant.com\/be\/nl\/product\/iwhite-superior-whitening-kit\/#primaryimage"},"thumbnailUrl":"https:\/\/iwhiteinstant.com\/app\/uploads\/sites\/19\/2024\/12\/iWhite-Superior-whitening-kit.png","datePublished":"2024-12-12T09:38:31+00:00","dateModified":"2024-12-23T10:29:55+00:00","description":"iWhite Superior Whitening Kit werkt met de nieuwe en unieke tandenbleektechnologie die de tanden direct tot 8 tinten* witter maakt en de tanden versterkt.","breadcrumb":{"@id":"https:\/\/iwhiteinstant.com\/be\/nl\/product\/iwhite-superior-whitening-kit\/#breadcrumb"},"inLanguage":"nl-NL","potentialAction":[{"@type":"ReadAction","target":["https:\/\/iwhiteinstant.com\/be\/nl\/product\/iwhite-superior-whitening-kit\/"]}]},{"@type":"ImageObject","inLanguage":"nl-NL","@id":"https:\/\/iwhiteinstant.com\/be\/nl\/product\/iwhite-superior-whitening-kit\/#primaryimage","url":"https:\/\/iwhiteinstant.com\/app\/uploads\/sites\/19\/2024\/12\/iWhite-Superior-whitening-kit.png","contentUrl":"https:\/\/iwhiteinstant.com\/app\/uploads\/sites\/19\/2024\/12\/iWhite-Superior-whitening-kit.png","width":800,"height":800,"caption":"iWhite-Superior-whitening-kit"},{"@type":"BreadcrumbList","@id":"https:\/\/iwhiteinstant.com\/be\/nl\/product\/iwhite-superior-whitening-kit\/#breadcrumb","itemListElement":[{"@type":"ListItem","position":1,"name":"Home","item":"https:\/\/iwhiteinstant.com\/be\/nl\/"},{"@type":"ListItem","position":2,"name":"Producten","item":"https:\/\/iwhiteinstant.com\/be\/nl\/producten\/"},{"@type":"ListItem","position":3,"name":"iWhite Superior Whitening Kit"}]},{"@type":"WebSite","@id":"https:\/\/iwhiteinstant.com\/be\/nl\/#website","url":"https:\/\/iwhiteinstant.com\/be\/nl\/","name":"iWhite","description":"","publisher":{"@id":"https:\/\/iwhiteinstant.com\/be\/nl\/#organization"},"potentialAction":[{"@type":"SearchAction","target":{"@type":"EntryPoint","urlTemplate":"https:\/\/iwhiteinstant.com\/be\/nl\/?s={search_term_string}"},"query-input":{"@type":"PropertyValueSpecification","valueRequired":true,"valueName":"search_term_string"}}],"inLanguage":"nl-NL"},{"@type":"Organization","@id":"https:\/\/iwhiteinstant.com\/be\/nl\/#organization","name":"iWhite","url":"https:\/\/iwhiteinstant.com\/be\/nl\/","logo":{"@type":"ImageObject","inLanguage":"nl-NL","@id":"https:\/\/iwhiteinstant.com\/be\/nl\/#\/schema\/logo\/image\/","url":"https:\/\/iwhiteinstant.com\/app\/uploads\/sites\/19\/2024\/12\/Iwhite-logo.png","contentUrl":"https:\/\/iwhiteinstant.com\/app\/uploads\/sites\/19\/2024\/12\/Iwhite-logo.png","width":160,"height":40,"caption":"iWhite"},"image":{"@id":"https:\/\/iwhiteinstant.com\/be\/nl\/#\/schema\/logo\/image\/"}}]}},"_links":{"self":[{"href":"https:\/\/iwhiteinstant.com\/be\/nl\/wp-json\/wp\/v2\/product\/190","targetHints":{"allow":["GET"]}}],"collection":[{"href":"https:\/\/iwhiteinstant.com\/be\/nl\/wp-json\/wp\/v2\/product"}],"about":[{"href":"https:\/\/iwhiteinstant.com\/be\/nl\/wp-json\/wp\/v2\/types\/product"}],"replies":[{"embeddable":true,"href":"https:\/\/iwhiteinstant.com\/be\/nl\/wp-json\/wp\/v2\/comments?post=190"}],"version-history":[{"count":5,"href":"https:\/\/iwhiteinstant.com\/be\/nl\/wp-json\/wp\/v2\/product\/190\/revisions"}],"predecessor-version":[{"id":384,"href":"https:\/\/iwhiteinstant.com\/be\/nl\/wp-json\/wp\/v2\/product\/190\/revisions\/384"}],"wp:featuredmedia":[{"embeddable":true,"href":"https:\/\/iwhiteinstant.com\/be\/nl\/wp-json\/wp\/v2\/media\/146"}],"wp:attachment":[{"href":"https:\/\/iwhiteinstant.com\/be\/nl\/wp-json\/wp\/v2\/media?parent=190"}],"wp:term":[{"taxonomy":"product_brand","embeddable":true,"href":"https:\/\/iwhiteinstant.com\/be\/nl\/wp-json\/wp\/v2\/product_brand?post=190"},{"taxonomy":"product_cat","embeddable":true,"href":"https:\/\/iwhiteinstant.com\/be\/nl\/wp-json\/wp\/v2\/product_cat?post=190"},{"taxonomy":"product_tag","embeddable":true,"href":"https:\/\/iwhiteinstant.com\/be\/nl\/wp-json\/wp\/v2\/product_tag?post=190"}],"curies":[{"name":"wp","href":"https:\/\/api.w.org\/{rel}","templated":true}]}}