{"id":27,"date":"2024-04-26T13:51:11","date_gmt":"2024-04-26T11:51:11","guid":{"rendered":"https:\/\/iwhiteinstant.com\/dk\/?page_id=27"},"modified":"2024-12-18T11:52:57","modified_gmt":"2024-12-18T10:52:57","slug":"iwhite-teknologien","status":"publish","type":"page","link":"https:\/\/iwhiteinstant.com\/dk\/iwhite-teknologien\/","title":{"rendered":"iWhite Teknologien"},"content":{"rendered":"\n<div class=\"wp-block-karopharma-free-text pt-large pb-large bg-center bg-cover bg-no-repeat\" style=\"background-image:url()\"><div class=\"free-text-wrapper container max-w-medium text-left\">\n<h1 class=\"wp-block-heading is-style-heading-huge has-primary-color has-text-color\">iWhite-teknologi<sup>\u00a9<\/sup><\/h1>\n\n\n\n<p>Vi har opfundet en tandblegningsbehandling, som <strong>er uden brinteoverilte<\/strong>, men <strong>endnu mere effektiv<\/strong>, baseret p\u00e5 en unik FCC (Film-Crystallized Calcium)-teknologi.<\/p>\n\n\n\n<p>Sm\u00e5 hvide bioaktive krystaller bruges i kombination med et st\u00e6rkt filmdannende polymert middel. Takket v\u00e6re denne innovative teknologi bliver de hvide bioaktive krystaller fysisk fikseret p\u00e5 tandoverfladen. Den fysiske fiksering af de hvide krystaller f\u00f8rer til en optisk blegningseffekt. Denne FCC-teknologi forst\u00e6rkes af en innovativ tandblegningsnyhed: P.A.P., som er et st\u00e6rkt pletfjernende molekyle, der nedbryder misfarvninger p\u00e5 t\u00e6nderne i sm\u00e5 stykker uden at p\u00e5virke t\u00e6ndernes struktur.<\/p>\n\n\n\n<p><strong>Kliniske unders\u00f8gelser har vist, at iWhite Instant er 100 % tandsikker og<\/strong> giver dig en <strong>\u00f8jeblikkelig blegningseffekt<\/strong> efter den <strong>f\u00f8rste p\u00e5f\u00f8ring<\/strong>. Nogle patienter oplevede en forbedring p\u00e5 op til 8 nuancer efter \u00e9n behandling. Men alle mennesker er forskellige, og resultaterne kan variere fra person til person.<\/p>\n<\/div><\/div>\n\n\n\n<div class=\"wp-block-karopharma-free-text pt-large pb-large bg-center bg-cover bg-no-repeat  is-style-primary\" style=\"background-image:url()\"><div class=\"free-text-wrapper container max-w-medium text-left\">\n<h2 class=\"wp-block-heading is-style-heading-h2\">\u00d8jeblikkelige resultater<sup>****<\/sup><\/h2>\n\n\n\n<p>En klinisk unders\u00f8gelse blev udf\u00f8rt af en uafh\u00e6ngig, anerkendt ekspert, der tidligere har v\u00e6ret pr\u00e6sident for Belgian Academy of Esthetic Dentistry (BAED) og er medlem af flere akademier for \u00e6stetisk forskning, med over 20 \u00e5rs erfaring med blegningsprocedurer. Resultaterne af unders\u00f8gelsen af iWhite Instant viste en gennemsnitlig forbedring p\u00e5 4,8 nuancer, med enkelte patienter der opn\u00e5ede op til 8 nuancer lysere t\u00e6nder efter kun 20 minutters behandling!<\/p>\n<\/div><\/div>\n\n\n\n<div class=\"wp-block-karopharma-free-text pt-large pb-large bg-center bg-cover bg-no-repeat\" style=\"background-image:url()\"><div class=\"free-text-wrapper container max-w-medium text-left\">\n<figure class=\"wp-block-table is-style-secondary-stripes\"><table><thead><tr><th>Forbedring af skyggen (SH)<\/th><th>Procentdel af patienter (%)<\/th><\/tr><\/thead><tbody><tr><td>SH 0<\/td><td>4%<\/td><\/tr><tr><td>SH 1<\/td><td>0%<\/td><\/tr><tr><td>SH 2<\/td><td>4%<\/td><\/tr><tr><td>SH 3<\/td><td>24%<\/td><\/tr><tr><td>SH 4<\/td><td>16%<\/td><\/tr><tr><td>SH 5<\/td><td>8%<\/td><\/tr><tr><td>SH 6<\/td><td>12%<\/td><\/tr><tr><td>SH 7<\/td><td>24%<\/td><\/tr><tr><td>SH 8<\/td><td>8%<\/td><\/tr><\/tbody><\/table><figcaption class=\"wp-element-caption\"><small>Tabel 1: Fordeling af forbedringer af skyggen<\/small><\/figcaption><\/figure>\n<\/div><\/div>\n\n\n\n<div class=\"wp-block-karopharma-free-text pt-large pb-large bg-center bg-cover bg-no-repeat  is-style-primary\" style=\"background-image:url()\"><div class=\"free-text-wrapper container max-w-medium text-left\">\n<h2 class=\"wp-block-heading is-style-heading-h2\">100 % sikker<\/h2>\n\n\n\n<p>Ingen af patienterne led af tandk\u00f8dsproblemer eller f\u00f8lsomhed efter behandlingen, og alle var tilfredse med den generelle bekvemmelighed ved de brugervenlige skinner.<\/p>\n<\/div><\/div>\n\n\n\n<div class=\"wp-block-karopharma-free-text pt-large pb-large bg-center bg-cover bg-no-repeat\" style=\"background-image:url()\"><div class=\"free-text-wrapper container max-w-medium text-left\">\n<figure class=\"wp-block-table is-style-secondary-stripes\"><table><thead><tr><th>Sp\u00f8rgsm\u00e5l<\/th><th>Ansver<\/th><th>T1 (n)<\/th><th>T2 (n)<\/th><\/tr><\/thead><tbody><tr><td>Har patienten hvide pletter p\u00e5 det bl\u00f8de v\u00e6v?<\/td><td>Nej<br>Ja<\/td><td>100%<br>0<\/td><td>100%<br>0<\/td><\/tr><tr><td>F\u00f8ler du, at dine t\u00e6nder er f\u00f8lsomme?<\/td><td>Nej<br>Ja<\/td><td>100%<br>0<\/td><td>100%<br>0<\/td><\/tr><tr><td>Tabel 2: Fordeling af data om acceptabilitet<\/td><td>Nej<br>Ja<\/td><td>100%<br>0<\/td><td>100%<br>0<\/td><\/tr><\/tbody><\/table><figcaption class=\"wp-element-caption\"><small>Table 2: Distribution on acceptability data<\/small><\/figcaption><\/figure>\n\n\n\n<p class=\"is-style-paragraph-small\">**** Klinisk unders\u00f8gelse (dobbeltblindet, randomiseret klinisk unders\u00f8gelse af et tandblegningsprodukt mod placebo).<\/p>\n<\/div><\/div>\n","protected":false},"excerpt":{"rendered":"","protected":false},"author":2,"featured_media":0,"parent":0,"menu_order":0,"comment_status":"closed","ping_status":"closed","template":"","meta":{"_acf_changed":false,"footnotes":""},"from-article-database":[],"class_list":["post-27","page","type-page","status-publish","hentry"],"acf":[],"yoast_head":"<!-- This site is optimized with the Yoast SEO plugin v26.6 - https:\/\/yoast.com\/wordpress\/plugins\/seo\/ -->\n<title>iWhite Teknologien - iWhite<\/title>\n<meta name=\"description\" content=\"Vi har opfundet en tandblegningsbehandling, som eruden brintoverilte,men endnumere effektiv, baseret p\u00e5 en unik FCC (Film-Crystallized Calcium)-teknologi.\" \/>\n<meta name=\"robots\" content=\"index, follow, max-snippet:-1, max-image-preview:large, max-video-preview:-1\" \/>\n<link rel=\"canonical\" href=\"https:\/\/iwhiteinstant.com\/dk\/iwhite-teknologien\/\" \/>\n<meta property=\"og:locale\" content=\"da_DK\" \/>\n<meta property=\"og:type\" content=\"article\" \/>\n<meta property=\"og:title\" content=\"iWhite Teknologien - iWhite\" \/>\n<meta property=\"og:description\" content=\"Vi har opfundet en tandblegningsbehandling, som eruden brintoverilte,men endnumere effektiv, baseret p\u00e5 en unik FCC (Film-Crystallized Calcium)-teknologi.\" \/>\n<meta property=\"og:url\" content=\"https:\/\/iwhiteinstant.com\/dk\/iwhite-teknologien\/\" \/>\n<meta property=\"og:site_name\" content=\"iWhite\" \/>\n<meta property=\"article:modified_time\" content=\"2024-12-18T10:52:57+00:00\" \/>\n<meta name=\"twitter:card\" content=\"summary_large_image\" \/>\n<meta name=\"twitter:label1\" content=\"Estimeret l\u00e6setid\" \/>\n\t<meta name=\"twitter:data1\" content=\"2 minutter\" \/>\n<script type=\"application\/ld+json\" class=\"yoast-schema-graph\">{\"@context\":\"https:\/\/schema.org\",\"@graph\":[{\"@type\":\"WebPage\",\"@id\":\"https:\/\/iwhiteinstant.com\/dk\/iwhite-teknologien\/\",\"url\":\"https:\/\/iwhiteinstant.com\/dk\/iwhite-teknologien\/\",\"name\":\"iWhite Teknologien - iWhite\",\"isPartOf\":{\"@id\":\"https:\/\/iwhiteinstant.com\/dk\/#website\"},\"datePublished\":\"2024-04-26T11:51:11+00:00\",\"dateModified\":\"2024-12-18T10:52:57+00:00\",\"description\":\"Vi har opfundet en tandblegningsbehandling, som eruden brintoverilte,men endnumere effektiv, baseret p\u00e5 en unik FCC (Film-Crystallized Calcium)-teknologi.\",\"breadcrumb\":{\"@id\":\"https:\/\/iwhiteinstant.com\/dk\/iwhite-teknologien\/#breadcrumb\"},\"inLanguage\":\"da-DK\",\"potentialAction\":[{\"@type\":\"ReadAction\",\"target\":[\"https:\/\/iwhiteinstant.com\/dk\/iwhite-teknologien\/\"]}]},{\"@type\":\"BreadcrumbList\",\"@id\":\"https:\/\/iwhiteinstant.com\/dk\/iwhite-teknologien\/#breadcrumb\",\"itemListElement\":[{\"@type\":\"ListItem\",\"position\":1,\"name\":\"Home\",\"item\":\"https:\/\/iwhiteinstant.com\/dk\/\"},{\"@type\":\"ListItem\",\"position\":2,\"name\":\"iWhite Teknologien\"}]},{\"@type\":\"WebSite\",\"@id\":\"https:\/\/iwhiteinstant.com\/dk\/#website\",\"url\":\"https:\/\/iwhiteinstant.com\/dk\/\",\"name\":\"iWhite\",\"description\":\"\",\"publisher\":{\"@id\":\"https:\/\/iwhiteinstant.com\/dk\/#organization\"},\"potentialAction\":[{\"@type\":\"SearchAction\",\"target\":{\"@type\":\"EntryPoint\",\"urlTemplate\":\"https:\/\/iwhiteinstant.com\/dk\/?s={search_term_string}\"},\"query-input\":{\"@type\":\"PropertyValueSpecification\",\"valueRequired\":true,\"valueName\":\"search_term_string\"}}],\"inLanguage\":\"da-DK\"},{\"@type\":\"Organization\",\"@id\":\"https:\/\/iwhiteinstant.com\/dk\/#organization\",\"name\":\"iWhite\",\"url\":\"https:\/\/iwhiteinstant.com\/dk\/\",\"logo\":{\"@type\":\"ImageObject\",\"inLanguage\":\"da-DK\",\"@id\":\"https:\/\/iwhiteinstant.com\/dk\/#\/schema\/logo\/image\/\",\"url\":\"https:\/\/iwhiteinstant.com\/app\/uploads\/sites\/4\/2024\/04\/Iwhite-logo.png\",\"contentUrl\":\"https:\/\/iwhiteinstant.com\/app\/uploads\/sites\/4\/2024\/04\/Iwhite-logo.png\",\"width\":160,\"height\":40,\"caption\":\"iWhite\"},\"image\":{\"@id\":\"https:\/\/iwhiteinstant.com\/dk\/#\/schema\/logo\/image\/\"}}]}<\/script>\n<!-- \/ Yoast SEO plugin. -->","yoast_head_json":{"title":"iWhite Teknologien - iWhite","description":"Vi har opfundet en tandblegningsbehandling, som eruden brintoverilte,men endnumere effektiv, baseret p\u00e5 en unik FCC (Film-Crystallized Calcium)-teknologi.","robots":{"index":"index","follow":"follow","max-snippet":"max-snippet:-1","max-image-preview":"max-image-preview:large","max-video-preview":"max-video-preview:-1"},"canonical":"https:\/\/iwhiteinstant.com\/dk\/iwhite-teknologien\/","og_locale":"da_DK","og_type":"article","og_title":"iWhite Teknologien - iWhite","og_description":"Vi har opfundet en tandblegningsbehandling, som eruden brintoverilte,men endnumere effektiv, baseret p\u00e5 en unik FCC (Film-Crystallized Calcium)-teknologi.","og_url":"https:\/\/iwhiteinstant.com\/dk\/iwhite-teknologien\/","og_site_name":"iWhite","article_modified_time":"2024-12-18T10:52:57+00:00","twitter_card":"summary_large_image","twitter_misc":{"Estimeret l\u00e6setid":"2 minutter"},"schema":{"@context":"https:\/\/schema.org","@graph":[{"@type":"WebPage","@id":"https:\/\/iwhiteinstant.com\/dk\/iwhite-teknologien\/","url":"https:\/\/iwhiteinstant.com\/dk\/iwhite-teknologien\/","name":"iWhite Teknologien - iWhite","isPartOf":{"@id":"https:\/\/iwhiteinstant.com\/dk\/#website"},"datePublished":"2024-04-26T11:51:11+00:00","dateModified":"2024-12-18T10:52:57+00:00","description":"Vi har opfundet en tandblegningsbehandling, som eruden brintoverilte,men endnumere effektiv, baseret p\u00e5 en unik FCC (Film-Crystallized Calcium)-teknologi.","breadcrumb":{"@id":"https:\/\/iwhiteinstant.com\/dk\/iwhite-teknologien\/#breadcrumb"},"inLanguage":"da-DK","potentialAction":[{"@type":"ReadAction","target":["https:\/\/iwhiteinstant.com\/dk\/iwhite-teknologien\/"]}]},{"@type":"BreadcrumbList","@id":"https:\/\/iwhiteinstant.com\/dk\/iwhite-teknologien\/#breadcrumb","itemListElement":[{"@type":"ListItem","position":1,"name":"Home","item":"https:\/\/iwhiteinstant.com\/dk\/"},{"@type":"ListItem","position":2,"name":"iWhite Teknologien"}]},{"@type":"WebSite","@id":"https:\/\/iwhiteinstant.com\/dk\/#website","url":"https:\/\/iwhiteinstant.com\/dk\/","name":"iWhite","description":"","publisher":{"@id":"https:\/\/iwhiteinstant.com\/dk\/#organization"},"potentialAction":[{"@type":"SearchAction","target":{"@type":"EntryPoint","urlTemplate":"https:\/\/iwhiteinstant.com\/dk\/?s={search_term_string}"},"query-input":{"@type":"PropertyValueSpecification","valueRequired":true,"valueName":"search_term_string"}}],"inLanguage":"da-DK"},{"@type":"Organization","@id":"https:\/\/iwhiteinstant.com\/dk\/#organization","name":"iWhite","url":"https:\/\/iwhiteinstant.com\/dk\/","logo":{"@type":"ImageObject","inLanguage":"da-DK","@id":"https:\/\/iwhiteinstant.com\/dk\/#\/schema\/logo\/image\/","url":"https:\/\/iwhiteinstant.com\/app\/uploads\/sites\/4\/2024\/04\/Iwhite-logo.png","contentUrl":"https:\/\/iwhiteinstant.com\/app\/uploads\/sites\/4\/2024\/04\/Iwhite-logo.png","width":160,"height":40,"caption":"iWhite"},"image":{"@id":"https:\/\/iwhiteinstant.com\/dk\/#\/schema\/logo\/image\/"}}]}},"_links":{"self":[{"href":"https:\/\/iwhiteinstant.com\/dk\/wp-json\/wp\/v2\/pages\/27","targetHints":{"allow":["GET"]}}],"collection":[{"href":"https:\/\/iwhiteinstant.com\/dk\/wp-json\/wp\/v2\/pages"}],"about":[{"href":"https:\/\/iwhiteinstant.com\/dk\/wp-json\/wp\/v2\/types\/page"}],"author":[{"embeddable":true,"href":"https:\/\/iwhiteinstant.com\/dk\/wp-json\/wp\/v2\/users\/2"}],"replies":[{"embeddable":true,"href":"https:\/\/iwhiteinstant.com\/dk\/wp-json\/wp\/v2\/comments?post=27"}],"version-history":[{"count":5,"href":"https:\/\/iwhiteinstant.com\/dk\/wp-json\/wp\/v2\/pages\/27\/revisions"}],"predecessor-version":[{"id":334,"href":"https:\/\/iwhiteinstant.com\/dk\/wp-json\/wp\/v2\/pages\/27\/revisions\/334"}],"wp:attachment":[{"href":"https:\/\/iwhiteinstant.com\/dk\/wp-json\/wp\/v2\/media?parent=27"}],"wp:term":[{"taxonomy":"from-article-database","embeddable":true,"href":"https:\/\/iwhiteinstant.com\/dk\/wp-json\/wp\/v2\/from-article-database?post=27"}],"curies":[{"name":"wp","href":"https:\/\/api.w.org\/{rel}","templated":true}]}}