{"id":29,"date":"2024-04-26T13:55:39","date_gmt":"2024-04-26T11:55:39","guid":{"rendered":"https:\/\/iwhiteinstant.com\/dk\/?page_id=29"},"modified":"2025-06-23T14:32:02","modified_gmt":"2025-06-23T12:32:02","slug":"faq","status":"publish","type":"page","link":"https:\/\/iwhiteinstant.com\/dk\/faq\/","title":{"rendered":"FAQ"},"content":{"rendered":"\n<div class=\"wp-block-karopharma-free-text pt-large pb-large bg-center bg-cover bg-no-repeat bg-box is-style-primary\" style=\"background-image:url(https:\/\/iwhiteinstant.com\/cdn-cgi\/image\/format=auto\/app\/uploads\/sites\/4\/2024\/11\/faq.jpg)\"><div class=\"free-text-wrapper container max-w-small text-center\">\n<h1 class=\"wp-block-heading is-style-heading-huge has-primary-color has-text-color\">Ofte stillede sp\u00f8rgsm\u00e5l<\/h1>\n\n\n\n<h2 class=\"wp-block-heading is-style-heading-h3\">Find svaret p\u00e5 almindelige sp\u00f8rgsm\u00e5l<\/h2>\n<\/div><\/div>\n\n\n\n<div class=\"wp-block-karopharma-accordions\"><div class=\"container\">\n<details class=\"wp-block-karopharma-accordion\"><summary><h2 class=\"accordion-title\">Hvor hvide bliver mine t\u00e6nder?<\/h2><\/summary><div class=\"accordion-content\">\n<p>Blegningsresultaterne kan variere fra person til person og kan afh\u00e6nge af tandmisfarvningens oprindelse og sv\u00e6rhedsgrad eller af tandstrukturens beskaffenhed. Flere uafh\u00e6ngige effektivitetstest viser dog betydelige tilfredsstillende resultater med iWhite-teknologien. Denne teknologi har vist sig at kunne g\u00f8re dine t\u00e6nder op til 8 nuancer lysere p\u00e5 kun \u00e9n p\u00e5f\u00f8ring p\u00e5 20 minutter.<\/p>\n<\/div><\/details>\n\n\n\n<details class=\"wp-block-karopharma-accordion\"><summary><h2 class=\"accordion-title\">Hvor l\u00e6nge holder blegningsresultaterne?<\/h2><\/summary><div class=\"accordion-content\">\n<p>Det afh\u00e6nger af din personlige mundhygiejne og den oprindelige misfarvning. Produkter som tobak, r\u00f8dvin, te og kaffe kan for\u00e5rsage nye misfarvninger. For at opn\u00e5 optimale resultater anbefales det at bruge vores iWhite-produkter dagligt, ugentligt og\/eller m\u00e5nedligt.<\/p>\n<\/div><\/details>\n\n\n\n<details class=\"wp-block-karopharma-accordion\"><summary><h2 class=\"accordion-title\">Hvor ofte kan jeg bruge iWhite-tandblegningsprodukterne?<\/h2><\/summary><div class=\"accordion-content\">\n<p>Det afh\u00e6nger af, hvilket iWhite-produkt du bruger. For eksempel kan bleges\u00e6ttene (iWhite Instant Whitening Kit, iWhite Instant2 Whitening Kit og iWhite Dark Stains Whitening Kit) Bruges hver dag i 5 dage, men iWhite Express-s\u00e6ttet kan kun bruges en gang om ugen. Det anbefales at tjekke brugsanvisningen for hvert produkt f\u00f8r anvendelse.<\/p>\n<\/div><\/details>\n\n\n\n<details class=\"wp-block-karopharma-accordion\"><summary><h2 class=\"accordion-title\">Er iWhite-tandblegningsprodukter sikre?<\/h2><\/summary><div class=\"accordion-content\">\n<p>Ja, absolut, iWhite-tandblegningsserien er resgistrerede kosmetiske produkter og indeholder godkendte europ\u00e6iske kosmetiske ingredienser. Da iWhite-tandblegningsprodukterne er fri for hydrogenperoxid, vil der ikke opst\u00e5 skader og\/eller f\u00f8lsomhed p\u00e5 t\u00e6nder og\/eller tandk\u00f8d.<\/p>\n<\/div><\/details>\n\n\n\n<details class=\"wp-block-karopharma-accordion\"><summary><h2 class=\"accordion-title\">Kan jeg bruge iWhite-tandblegningsprodukterne, hvis jeg lider af tandk\u00f8dsproblemer?<\/h2><\/summary><div class=\"accordion-content\">\n<p>Vores iWhite sensitive-serie kan v\u00e6re den perfekte l\u00f8sning for dig, men det er stadig tilr\u00e5deligt at konsultere en tandl\u00e6ge, f\u00f8r du bruger produktet.<\/p>\n<\/div><\/details>\n\n\n\n<details class=\"wp-block-karopharma-accordion\"><summary><h2 class=\"accordion-title\">Kan jeg bruge iWhite-tandblegningsprodukterne, hvis jeg har\/har haft tandl\u00e6ge- og\/eller tandreguleringsbehandlinger?<\/h2><\/summary><div class=\"accordion-content\">\n<p>Brug ikke dette produkt inden for 2 uger i tilf\u00e6lde af tand- og\/eller tandreguleringsbehandlinger (fyldninger, kroner, implantater, tandkanaler, \u2026).<\/p>\n<\/div><\/details>\n\n\n\n<details class=\"wp-block-karopharma-accordion\"><summary><h2 class=\"accordion-title\">Vil iWhite-tandblegningsprodukterne have nogen effekt p\u00e5 fyldninger, kroner og fin\u00e9r?<\/h2><\/summary><div class=\"accordion-content\">\n<p>Kroner, facader og fyldninger bliver ikke hvidere, men p\u00e5virkes ikke af behandlingen.<\/p>\n<\/div><\/details>\n\n\n\n<details class=\"wp-block-karopharma-accordion\"><summary><h2 class=\"accordion-title\">Kan iWhite-tandblegningsserien bruges under graviditet og\/eller amning?<\/h2><\/summary><div class=\"accordion-content\">\n<p>Vi anbefaler ikke at bruge iWhite-tandblegningsserien, n\u00e5r du er gravid eller ammer.<\/p>\n<\/div><\/details>\n<\/div><\/div>\n","protected":false},"excerpt":{"rendered":"","protected":false},"author":2,"featured_media":0,"parent":0,"menu_order":0,"comment_status":"closed","ping_status":"closed","template":"","meta":{"_acf_changed":false,"footnotes":""},"from-article-database":[],"class_list":["post-29","page","type-page","status-publish","hentry"],"acf":[],"yoast_head":"<!-- This site is optimized with the Yoast SEO plugin v26.6 - https:\/\/yoast.com\/wordpress\/plugins\/seo\/ -->\n<title>FAQ - iWhite<\/title>\n<meta name=\"description\" content=\"Find svaret p\u00e5 almindelige sp\u00f8rgsm\u00e5l: Hvor hvide bliver mine t\u00e6nder? Hvor l\u00e6nge holder blegningsresultaterne? Hvor ofte kan jeg bruge iWhite-tandblegningsprodukterne?\" \/>\n<meta name=\"robots\" content=\"index, follow, max-snippet:-1, max-image-preview:large, max-video-preview:-1\" \/>\n<link rel=\"canonical\" href=\"https:\/\/iwhiteinstant.com\/dk\/faq\/\" \/>\n<meta property=\"og:locale\" content=\"da_DK\" \/>\n<meta property=\"og:type\" content=\"article\" \/>\n<meta property=\"og:title\" content=\"FAQ - iWhite\" \/>\n<meta property=\"og:description\" content=\"Find svaret p\u00e5 almindelige sp\u00f8rgsm\u00e5l: Hvor hvide bliver mine t\u00e6nder? Hvor l\u00e6nge holder blegningsresultaterne? Hvor ofte kan jeg bruge iWhite-tandblegningsprodukterne?\" \/>\n<meta property=\"og:url\" content=\"https:\/\/iwhiteinstant.com\/dk\/faq\/\" \/>\n<meta property=\"og:site_name\" content=\"iWhite\" \/>\n<meta property=\"article:modified_time\" content=\"2025-06-23T12:32:02+00:00\" \/>\n<meta name=\"twitter:card\" content=\"summary_large_image\" \/>\n<meta name=\"twitter:label1\" content=\"Estimeret l\u00e6setid\" \/>\n\t<meta name=\"twitter:data1\" content=\"2 minutter\" \/>\n<script type=\"application\/ld+json\" class=\"yoast-schema-graph\">{\"@context\":\"https:\/\/schema.org\",\"@graph\":[{\"@type\":\"WebPage\",\"@id\":\"https:\/\/iwhiteinstant.com\/dk\/faq\/\",\"url\":\"https:\/\/iwhiteinstant.com\/dk\/faq\/\",\"name\":\"FAQ - iWhite\",\"isPartOf\":{\"@id\":\"https:\/\/iwhiteinstant.com\/dk\/#website\"},\"datePublished\":\"2024-04-26T11:55:39+00:00\",\"dateModified\":\"2025-06-23T12:32:02+00:00\",\"description\":\"Find svaret p\u00e5 almindelige sp\u00f8rgsm\u00e5l: Hvor hvide bliver mine t\u00e6nder? Hvor l\u00e6nge holder blegningsresultaterne? Hvor ofte kan jeg bruge iWhite-tandblegningsprodukterne?\",\"breadcrumb\":{\"@id\":\"https:\/\/iwhiteinstant.com\/dk\/faq\/#breadcrumb\"},\"inLanguage\":\"da-DK\",\"potentialAction\":[{\"@type\":\"ReadAction\",\"target\":[\"https:\/\/iwhiteinstant.com\/dk\/faq\/\"]}]},{\"@type\":\"BreadcrumbList\",\"@id\":\"https:\/\/iwhiteinstant.com\/dk\/faq\/#breadcrumb\",\"itemListElement\":[{\"@type\":\"ListItem\",\"position\":1,\"name\":\"Home\",\"item\":\"https:\/\/iwhiteinstant.com\/dk\/\"},{\"@type\":\"ListItem\",\"position\":2,\"name\":\"FAQ\"}]},{\"@type\":\"WebSite\",\"@id\":\"https:\/\/iwhiteinstant.com\/dk\/#website\",\"url\":\"https:\/\/iwhiteinstant.com\/dk\/\",\"name\":\"iWhite\",\"description\":\"\",\"publisher\":{\"@id\":\"https:\/\/iwhiteinstant.com\/dk\/#organization\"},\"potentialAction\":[{\"@type\":\"SearchAction\",\"target\":{\"@type\":\"EntryPoint\",\"urlTemplate\":\"https:\/\/iwhiteinstant.com\/dk\/?s={search_term_string}\"},\"query-input\":{\"@type\":\"PropertyValueSpecification\",\"valueRequired\":true,\"valueName\":\"search_term_string\"}}],\"inLanguage\":\"da-DK\"},{\"@type\":\"Organization\",\"@id\":\"https:\/\/iwhiteinstant.com\/dk\/#organization\",\"name\":\"iWhite\",\"url\":\"https:\/\/iwhiteinstant.com\/dk\/\",\"logo\":{\"@type\":\"ImageObject\",\"inLanguage\":\"da-DK\",\"@id\":\"https:\/\/iwhiteinstant.com\/dk\/#\/schema\/logo\/image\/\",\"url\":\"https:\/\/iwhiteinstant.com\/app\/uploads\/sites\/4\/2024\/04\/Iwhite-logo.png\",\"contentUrl\":\"https:\/\/iwhiteinstant.com\/app\/uploads\/sites\/4\/2024\/04\/Iwhite-logo.png\",\"width\":160,\"height\":40,\"caption\":\"iWhite\"},\"image\":{\"@id\":\"https:\/\/iwhiteinstant.com\/dk\/#\/schema\/logo\/image\/\"}}]}<\/script>\n<!-- \/ Yoast SEO plugin. -->","yoast_head_json":{"title":"FAQ - iWhite","description":"Find svaret p\u00e5 almindelige sp\u00f8rgsm\u00e5l: Hvor hvide bliver mine t\u00e6nder? Hvor l\u00e6nge holder blegningsresultaterne? Hvor ofte kan jeg bruge iWhite-tandblegningsprodukterne?","robots":{"index":"index","follow":"follow","max-snippet":"max-snippet:-1","max-image-preview":"max-image-preview:large","max-video-preview":"max-video-preview:-1"},"canonical":"https:\/\/iwhiteinstant.com\/dk\/faq\/","og_locale":"da_DK","og_type":"article","og_title":"FAQ - iWhite","og_description":"Find svaret p\u00e5 almindelige sp\u00f8rgsm\u00e5l: Hvor hvide bliver mine t\u00e6nder? Hvor l\u00e6nge holder blegningsresultaterne? Hvor ofte kan jeg bruge iWhite-tandblegningsprodukterne?","og_url":"https:\/\/iwhiteinstant.com\/dk\/faq\/","og_site_name":"iWhite","article_modified_time":"2025-06-23T12:32:02+00:00","twitter_card":"summary_large_image","twitter_misc":{"Estimeret l\u00e6setid":"2 minutter"},"schema":{"@context":"https:\/\/schema.org","@graph":[{"@type":"WebPage","@id":"https:\/\/iwhiteinstant.com\/dk\/faq\/","url":"https:\/\/iwhiteinstant.com\/dk\/faq\/","name":"FAQ - iWhite","isPartOf":{"@id":"https:\/\/iwhiteinstant.com\/dk\/#website"},"datePublished":"2024-04-26T11:55:39+00:00","dateModified":"2025-06-23T12:32:02+00:00","description":"Find svaret p\u00e5 almindelige sp\u00f8rgsm\u00e5l: Hvor hvide bliver mine t\u00e6nder? Hvor l\u00e6nge holder blegningsresultaterne? Hvor ofte kan jeg bruge iWhite-tandblegningsprodukterne?","breadcrumb":{"@id":"https:\/\/iwhiteinstant.com\/dk\/faq\/#breadcrumb"},"inLanguage":"da-DK","potentialAction":[{"@type":"ReadAction","target":["https:\/\/iwhiteinstant.com\/dk\/faq\/"]}]},{"@type":"BreadcrumbList","@id":"https:\/\/iwhiteinstant.com\/dk\/faq\/#breadcrumb","itemListElement":[{"@type":"ListItem","position":1,"name":"Home","item":"https:\/\/iwhiteinstant.com\/dk\/"},{"@type":"ListItem","position":2,"name":"FAQ"}]},{"@type":"WebSite","@id":"https:\/\/iwhiteinstant.com\/dk\/#website","url":"https:\/\/iwhiteinstant.com\/dk\/","name":"iWhite","description":"","publisher":{"@id":"https:\/\/iwhiteinstant.com\/dk\/#organization"},"potentialAction":[{"@type":"SearchAction","target":{"@type":"EntryPoint","urlTemplate":"https:\/\/iwhiteinstant.com\/dk\/?s={search_term_string}"},"query-input":{"@type":"PropertyValueSpecification","valueRequired":true,"valueName":"search_term_string"}}],"inLanguage":"da-DK"},{"@type":"Organization","@id":"https:\/\/iwhiteinstant.com\/dk\/#organization","name":"iWhite","url":"https:\/\/iwhiteinstant.com\/dk\/","logo":{"@type":"ImageObject","inLanguage":"da-DK","@id":"https:\/\/iwhiteinstant.com\/dk\/#\/schema\/logo\/image\/","url":"https:\/\/iwhiteinstant.com\/app\/uploads\/sites\/4\/2024\/04\/Iwhite-logo.png","contentUrl":"https:\/\/iwhiteinstant.com\/app\/uploads\/sites\/4\/2024\/04\/Iwhite-logo.png","width":160,"height":40,"caption":"iWhite"},"image":{"@id":"https:\/\/iwhiteinstant.com\/dk\/#\/schema\/logo\/image\/"}}]}},"_links":{"self":[{"href":"https:\/\/iwhiteinstant.com\/dk\/wp-json\/wp\/v2\/pages\/29","targetHints":{"allow":["GET"]}}],"collection":[{"href":"https:\/\/iwhiteinstant.com\/dk\/wp-json\/wp\/v2\/pages"}],"about":[{"href":"https:\/\/iwhiteinstant.com\/dk\/wp-json\/wp\/v2\/types\/page"}],"author":[{"embeddable":true,"href":"https:\/\/iwhiteinstant.com\/dk\/wp-json\/wp\/v2\/users\/2"}],"replies":[{"embeddable":true,"href":"https:\/\/iwhiteinstant.com\/dk\/wp-json\/wp\/v2\/comments?post=29"}],"version-history":[{"count":6,"href":"https:\/\/iwhiteinstant.com\/dk\/wp-json\/wp\/v2\/pages\/29\/revisions"}],"predecessor-version":[{"id":356,"href":"https:\/\/iwhiteinstant.com\/dk\/wp-json\/wp\/v2\/pages\/29\/revisions\/356"}],"wp:attachment":[{"href":"https:\/\/iwhiteinstant.com\/dk\/wp-json\/wp\/v2\/media?parent=29"}],"wp:term":[{"taxonomy":"from-article-database","embeddable":true,"href":"https:\/\/iwhiteinstant.com\/dk\/wp-json\/wp\/v2\/from-article-database?post=29"}],"curies":[{"name":"wp","href":"https:\/\/api.w.org\/{rel}","templated":true}]}}