{"id":40,"date":"2024-04-26T14:29:52","date_gmt":"2024-04-26T12:29:52","guid":{"rendered":"https:\/\/iwhiteinstant.com\/dk\/?page_id=40"},"modified":"2024-12-18T11:52:51","modified_gmt":"2024-12-18T10:52:51","slug":"om-iwhite","status":"publish","type":"page","link":"https:\/\/iwhiteinstant.com\/dk\/om-iwhite\/","title":{"rendered":"Om iWhite"},"content":{"rendered":"\n<div class=\"wp-block-karopharma-free-text pt-large pb-large bg-center bg-cover bg-no-repeat bg-box\" style=\"background-image:url(https:\/\/iwhiteinstant.com\/cdn-cgi\/image\/format=auto\/app\/uploads\/sites\/4\/2024\/11\/about-iwhite.jpg)\"><div class=\"free-text-wrapper container max-w-small text-left\">\n<h1 class=\"wp-block-heading is-style-heading-huge has-primary-color has-text-color\">Om iWhite \u00f8jeblikkelig tandblegning<\/h1>\n\n\n\n<p>iWhite Instant Teeth Whitening har markedsf\u00f8rt et sortiment af revolutionerende tandblegningsprodukter siden 2008. Form\u00e5let med iWhites produkter er at g\u00f8re dine t\u00e6nder hvidere og fjerne pletter p\u00e5 dine t\u00e6nder. iWhite er allerede tilg\u00e6ngelig i n\u00e6sten halvtreds lande.<\/p>\n<\/div><\/div>\n\n\n\n<div class=\"wp-block-karopharma-free-text pt-large pb-small bg-center bg-cover bg-no-repeat\" style=\"background-image:url()\"><div class=\"free-text-wrapper container max-w-medium text-left\">\n<p>Alle iWhite-produkter er fri for brintoverilte, klinisk testet og 100 % sikre at anvende. Produkterne er nemme at bruge derhjemme.<\/p>\n\n\n\n<p>iWhite er udviklet og markedsf\u00f8res over hele verden af \u200b\u200bproducenten Sylphar i Deurle, Belgien.<\/p>\n\n\n\n<h2 class=\"wp-block-heading is-style-heading-h3\">Om Karo Healthcare (Sylphar)<\/h2>\n\n\n\n<p>Karo Healthcare (Sylphar) er en producent af medicinsk udstyr og kosmetiske produkter og startede i 2008 som et spin-off fra en b\u00f8rsnoteret tandl\u00e6gevirksomhed. Vores fokus er at frembringe innovative, forbrugervenlige produkter, der skiller sig ud p\u00e5 deres revolutionerende p\u00e5f\u00f8ringsmetoder.<\/p>\n\n\n\n<p>P\u00e5 nuv\u00e6rende tidspunkt bringer vi forskellige produkter ud p\u00e5 verdensplan gennem meget motiverede, lokale distributionspartnere. Du kan finde vores produkter p\u00e5 f\u00f8lgende dom\u00e6ner:<\/p>\n\n\n\n<ul class=\"is-style-default wp-block-list\">\n<li><strong>Mundens sk\u00f8nhed:<\/strong> Det f\u00f8rende m\u00e6rke iWhite tilbyder tandblegningsprodukter.<\/li>\n\n\n\n<li><strong>Mundpleje terapi<\/strong>: Vores m\u00e6rker Herpatch og After bek\u00e6mper fork\u00f8lelsess\u00e5r. Vores seneste produkt inden for dette dom\u00e6ne er Shur Healthy Breath. Shur Healthy Breath er l\u00f8sningen mod d\u00e5rlig \u00e5nde.<\/li>\n\n\n\n<li><strong>Medicinsk hudpleje<\/strong>: Den innovative Remescar-serie tilbyder l\u00f8sninger til specifikke hudproblemer som poser og m\u00f8rke rande under \u00f8jnene, edderkoppe\u00e5rer og ar.<\/li>\n<\/ul>\n\n\n\n<p>Vores produkter er eksklusivt tilg\u00e6ngelige hos Matas, b\u00e5de de fysiske butikker, men ogs\u00e5 online hvor du finder det st\u00f8rste sortiment.<\/p>\n\n\n\n<p>Et specialiseret produktudviklingsteam garanterer l\u00f8bende produktinnovation i overensstemmelse med forbrugerens specifikke behov. Streng kvalitetskontrol i henhold til ISO 13485, ISO 22716 standarder og garanterer, at vores produkter er af en konstant h\u00f8j kvalitet og overholder retningslinjerne for medicinsk udstyr og kosmetiklovgivning. Vi er ogs\u00e5 registreret hos Federal Agency for Medicines and Health Product (FAGG) og er ogs\u00e5 inspiceret som producent af medicinsk udstyr. Al forskning og udvikling foreg\u00e5r i regulerede omgivelser af h\u00f8j kvalitet i vores hovedkvarter i Deurle, Belgien.<\/p>\n<\/div><\/div>\n","protected":false},"excerpt":{"rendered":"","protected":false},"author":2,"featured_media":0,"parent":0,"menu_order":0,"comment_status":"closed","ping_status":"closed","template":"","meta":{"_acf_changed":false,"footnotes":""},"from-article-database":[],"class_list":["post-40","page","type-page","status-publish","hentry"],"acf":[],"yoast_head":"<!-- This site is optimized with the Yoast SEO plugin v26.6 - https:\/\/yoast.com\/wordpress\/plugins\/seo\/ -->\n<title>Om iWhite - iWhite<\/title>\n<meta name=\"description\" content=\"Form\u00e5let med iWhites produkter er at g\u00f8re dine t\u00e6nder hvidere og fjerne pletter p\u00e5 dine t\u00e6nder. iWhite er allerede tilg\u00e6ngelig i n\u00e6sten halvtreds lande.\" \/>\n<meta name=\"robots\" content=\"index, follow, max-snippet:-1, max-image-preview:large, max-video-preview:-1\" \/>\n<link rel=\"canonical\" href=\"https:\/\/iwhiteinstant.com\/dk\/om-iwhite\/\" \/>\n<meta property=\"og:locale\" content=\"da_DK\" \/>\n<meta property=\"og:type\" content=\"article\" \/>\n<meta property=\"og:title\" content=\"Om iWhite - iWhite\" \/>\n<meta property=\"og:description\" content=\"Form\u00e5let med iWhites produkter er at g\u00f8re dine t\u00e6nder hvidere og fjerne pletter p\u00e5 dine t\u00e6nder. iWhite er allerede tilg\u00e6ngelig i n\u00e6sten halvtreds lande.\" \/>\n<meta property=\"og:url\" content=\"https:\/\/iwhiteinstant.com\/dk\/om-iwhite\/\" \/>\n<meta property=\"og:site_name\" content=\"iWhite\" \/>\n<meta property=\"article:modified_time\" content=\"2024-12-18T10:52:51+00:00\" \/>\n<meta name=\"twitter:card\" content=\"summary_large_image\" \/>\n<meta name=\"twitter:label1\" content=\"Estimeret l\u00e6setid\" \/>\n\t<meta name=\"twitter:data1\" content=\"2 minutter\" \/>\n<script type=\"application\/ld+json\" class=\"yoast-schema-graph\">{\"@context\":\"https:\/\/schema.org\",\"@graph\":[{\"@type\":\"WebPage\",\"@id\":\"https:\/\/iwhiteinstant.com\/dk\/om-iwhite\/\",\"url\":\"https:\/\/iwhiteinstant.com\/dk\/om-iwhite\/\",\"name\":\"Om iWhite - iWhite\",\"isPartOf\":{\"@id\":\"https:\/\/iwhiteinstant.com\/dk\/#website\"},\"datePublished\":\"2024-04-26T12:29:52+00:00\",\"dateModified\":\"2024-12-18T10:52:51+00:00\",\"description\":\"Form\u00e5let med iWhites produkter er at g\u00f8re dine t\u00e6nder hvidere og fjerne pletter p\u00e5 dine t\u00e6nder. iWhite er allerede tilg\u00e6ngelig i n\u00e6sten halvtreds lande.\",\"breadcrumb\":{\"@id\":\"https:\/\/iwhiteinstant.com\/dk\/om-iwhite\/#breadcrumb\"},\"inLanguage\":\"da-DK\",\"potentialAction\":[{\"@type\":\"ReadAction\",\"target\":[\"https:\/\/iwhiteinstant.com\/dk\/om-iwhite\/\"]}]},{\"@type\":\"BreadcrumbList\",\"@id\":\"https:\/\/iwhiteinstant.com\/dk\/om-iwhite\/#breadcrumb\",\"itemListElement\":[{\"@type\":\"ListItem\",\"position\":1,\"name\":\"Home\",\"item\":\"https:\/\/iwhiteinstant.com\/dk\/\"},{\"@type\":\"ListItem\",\"position\":2,\"name\":\"Om iWhite\"}]},{\"@type\":\"WebSite\",\"@id\":\"https:\/\/iwhiteinstant.com\/dk\/#website\",\"url\":\"https:\/\/iwhiteinstant.com\/dk\/\",\"name\":\"iWhite\",\"description\":\"\",\"publisher\":{\"@id\":\"https:\/\/iwhiteinstant.com\/dk\/#organization\"},\"potentialAction\":[{\"@type\":\"SearchAction\",\"target\":{\"@type\":\"EntryPoint\",\"urlTemplate\":\"https:\/\/iwhiteinstant.com\/dk\/?s={search_term_string}\"},\"query-input\":{\"@type\":\"PropertyValueSpecification\",\"valueRequired\":true,\"valueName\":\"search_term_string\"}}],\"inLanguage\":\"da-DK\"},{\"@type\":\"Organization\",\"@id\":\"https:\/\/iwhiteinstant.com\/dk\/#organization\",\"name\":\"iWhite\",\"url\":\"https:\/\/iwhiteinstant.com\/dk\/\",\"logo\":{\"@type\":\"ImageObject\",\"inLanguage\":\"da-DK\",\"@id\":\"https:\/\/iwhiteinstant.com\/dk\/#\/schema\/logo\/image\/\",\"url\":\"https:\/\/iwhiteinstant.com\/app\/uploads\/sites\/4\/2024\/04\/Iwhite-logo.png\",\"contentUrl\":\"https:\/\/iwhiteinstant.com\/app\/uploads\/sites\/4\/2024\/04\/Iwhite-logo.png\",\"width\":160,\"height\":40,\"caption\":\"iWhite\"},\"image\":{\"@id\":\"https:\/\/iwhiteinstant.com\/dk\/#\/schema\/logo\/image\/\"}}]}<\/script>\n<!-- \/ Yoast SEO plugin. -->","yoast_head_json":{"title":"Om iWhite - iWhite","description":"Form\u00e5let med iWhites produkter er at g\u00f8re dine t\u00e6nder hvidere og fjerne pletter p\u00e5 dine t\u00e6nder. iWhite er allerede tilg\u00e6ngelig i n\u00e6sten halvtreds lande.","robots":{"index":"index","follow":"follow","max-snippet":"max-snippet:-1","max-image-preview":"max-image-preview:large","max-video-preview":"max-video-preview:-1"},"canonical":"https:\/\/iwhiteinstant.com\/dk\/om-iwhite\/","og_locale":"da_DK","og_type":"article","og_title":"Om iWhite - iWhite","og_description":"Form\u00e5let med iWhites produkter er at g\u00f8re dine t\u00e6nder hvidere og fjerne pletter p\u00e5 dine t\u00e6nder. iWhite er allerede tilg\u00e6ngelig i n\u00e6sten halvtreds lande.","og_url":"https:\/\/iwhiteinstant.com\/dk\/om-iwhite\/","og_site_name":"iWhite","article_modified_time":"2024-12-18T10:52:51+00:00","twitter_card":"summary_large_image","twitter_misc":{"Estimeret l\u00e6setid":"2 minutter"},"schema":{"@context":"https:\/\/schema.org","@graph":[{"@type":"WebPage","@id":"https:\/\/iwhiteinstant.com\/dk\/om-iwhite\/","url":"https:\/\/iwhiteinstant.com\/dk\/om-iwhite\/","name":"Om iWhite - iWhite","isPartOf":{"@id":"https:\/\/iwhiteinstant.com\/dk\/#website"},"datePublished":"2024-04-26T12:29:52+00:00","dateModified":"2024-12-18T10:52:51+00:00","description":"Form\u00e5let med iWhites produkter er at g\u00f8re dine t\u00e6nder hvidere og fjerne pletter p\u00e5 dine t\u00e6nder. iWhite er allerede tilg\u00e6ngelig i n\u00e6sten halvtreds lande.","breadcrumb":{"@id":"https:\/\/iwhiteinstant.com\/dk\/om-iwhite\/#breadcrumb"},"inLanguage":"da-DK","potentialAction":[{"@type":"ReadAction","target":["https:\/\/iwhiteinstant.com\/dk\/om-iwhite\/"]}]},{"@type":"BreadcrumbList","@id":"https:\/\/iwhiteinstant.com\/dk\/om-iwhite\/#breadcrumb","itemListElement":[{"@type":"ListItem","position":1,"name":"Home","item":"https:\/\/iwhiteinstant.com\/dk\/"},{"@type":"ListItem","position":2,"name":"Om iWhite"}]},{"@type":"WebSite","@id":"https:\/\/iwhiteinstant.com\/dk\/#website","url":"https:\/\/iwhiteinstant.com\/dk\/","name":"iWhite","description":"","publisher":{"@id":"https:\/\/iwhiteinstant.com\/dk\/#organization"},"potentialAction":[{"@type":"SearchAction","target":{"@type":"EntryPoint","urlTemplate":"https:\/\/iwhiteinstant.com\/dk\/?s={search_term_string}"},"query-input":{"@type":"PropertyValueSpecification","valueRequired":true,"valueName":"search_term_string"}}],"inLanguage":"da-DK"},{"@type":"Organization","@id":"https:\/\/iwhiteinstant.com\/dk\/#organization","name":"iWhite","url":"https:\/\/iwhiteinstant.com\/dk\/","logo":{"@type":"ImageObject","inLanguage":"da-DK","@id":"https:\/\/iwhiteinstant.com\/dk\/#\/schema\/logo\/image\/","url":"https:\/\/iwhiteinstant.com\/app\/uploads\/sites\/4\/2024\/04\/Iwhite-logo.png","contentUrl":"https:\/\/iwhiteinstant.com\/app\/uploads\/sites\/4\/2024\/04\/Iwhite-logo.png","width":160,"height":40,"caption":"iWhite"},"image":{"@id":"https:\/\/iwhiteinstant.com\/dk\/#\/schema\/logo\/image\/"}}]}},"_links":{"self":[{"href":"https:\/\/iwhiteinstant.com\/dk\/wp-json\/wp\/v2\/pages\/40","targetHints":{"allow":["GET"]}}],"collection":[{"href":"https:\/\/iwhiteinstant.com\/dk\/wp-json\/wp\/v2\/pages"}],"about":[{"href":"https:\/\/iwhiteinstant.com\/dk\/wp-json\/wp\/v2\/types\/page"}],"author":[{"embeddable":true,"href":"https:\/\/iwhiteinstant.com\/dk\/wp-json\/wp\/v2\/users\/2"}],"replies":[{"embeddable":true,"href":"https:\/\/iwhiteinstant.com\/dk\/wp-json\/wp\/v2\/comments?post=40"}],"version-history":[{"count":5,"href":"https:\/\/iwhiteinstant.com\/dk\/wp-json\/wp\/v2\/pages\/40\/revisions"}],"predecessor-version":[{"id":296,"href":"https:\/\/iwhiteinstant.com\/dk\/wp-json\/wp\/v2\/pages\/40\/revisions\/296"}],"wp:attachment":[{"href":"https:\/\/iwhiteinstant.com\/dk\/wp-json\/wp\/v2\/media?parent=40"}],"wp:term":[{"taxonomy":"from-article-database","embeddable":true,"href":"https:\/\/iwhiteinstant.com\/dk\/wp-json\/wp\/v2\/from-article-database?post=40"}],"curies":[{"name":"wp","href":"https:\/\/api.w.org\/{rel}","templated":true}]}}