{"id":49,"date":"2024-04-26T14:32:34","date_gmt":"2024-04-26T12:32:34","guid":{"rendered":"https:\/\/iwhiteinstant.com\/dk\/?post_type=product&#038;p=49"},"modified":"2024-12-18T11:52:49","modified_gmt":"2024-12-18T10:52:49","slug":"iwhite-superior-whitening-kit","status":"publish","type":"product","link":"https:\/\/iwhiteinstant.com\/dk\/produkt\/iwhite-superior-whitening-kit\/","title":{"rendered":"iWhite Superior Whitening Kit"},"content":{"rendered":"\n<div style=\"height:100px\" aria-hidden=\"true\" class=\"wp-block-spacer is-style-responsive-small\"><\/div>\n\n\n\n<section class=\"wp-block-karopharma-image-with-text image-with-text image-with-text__not-full-width is-style-primary\"><div class=\"image-with-text-container \"><div class=\"image-with-text-container-image-container\"><img decoding=\"async\" loading=\"lazy\" src=\"https:\/\/iwhiteinstant.com\/cdn-cgi\/image\/format=auto\/app\/uploads\/sites\/4\/2024\/04\/superior-image.jpg\" alt=\"superior-image\"\/><\/div><div class=\"image-with-text-container-content\" style=\"text-align:left\" data-test=\"content\"><div class=\"content\"><h2>Nem at b\u00e6re og bruge<\/h2><p class=\"body\" data-test=\"body\">Denne professionelle hjemmebehandling er nem at b\u00e6re og bruge. iWhite-engangsskinnerne er tynde og fleksible for at sikre en behagelig pasform og maksimal ydeevne. iWhite-bakkerne indeholder en ny, kraftfuld blegegel tilsat bagepulver og blegemineraler \u2026 som giver dig et hvidt og funklende smil. Derudover er denne nye formel forst\u00e6rket med calcium og xylitol, vigtige aktive stoffer med dokumenteret klinisk erfaring, der styrker dine t\u00e6nder.<\/p>\n<div class=\"wp-block-buttons is-layout-flex wp-block-buttons-is-layout-flex\"><\/div>\n<\/div><\/div><\/div><\/section>\n\n\n\n<div class=\"wp-block-karopharma-accordions is-style-secondary\"><div class=\"container\">\n<details class=\"wp-block-karopharma-accordion\"><summary><h2 class=\"accordion-title\">Hvordan anvendes produktet?<\/h2><\/summary><div class=\"accordion-content\">\n<p>Denne hjemmebehandling skal kun bruges 20 minutter om dagen med \u00f8jeblikkelig blegningseffekt efter den f\u00f8rste p\u00e5f\u00f8ring, endda op til 8 nuancer hvidere t\u00e6nder! Brug den 5 dage i tr\u00e6k for at opn\u00e5 endnu mere forbl\u00f8ffende og optimale resultater.<\/p>\n<\/div><\/details>\n\n\n\n<details class=\"wp-block-karopharma-accordion\"><summary><h2 class=\"accordion-title\">Hvordan g\u00f8r iWhite Superior dine t\u00e6nder hvidere og st\u00e6rkere?<\/h2><\/summary><div class=\"accordion-content\">\n<p><strong>Aktion 1:<\/strong> iWhite-teknologien forst\u00e6rkes af ingredienser, der booster blegningen:<\/p>\n\n\n\n<ul class=\"wp-block-list is-style-default\">\n<li>100 % naturlig bagepulver: Det er et naturligt tandblegningsaktiv, som ogs\u00e5 er effektivt til at fjerne pletter og give dig et lysere smil.<\/li>\n\n\n\n<li>Innovativt naturligt vulkansk mineral, specielt designet til at maksimere blegningseffekten og samtidig respektere emaljen.<\/li>\n<\/ul>\n\n\n\n<p><strong>Aktion 2:<\/strong> Da dine t\u00e6nder ogs\u00e5 \u00e6ldes, er det ogs\u00e5 vigtigt at styrke og booste din emalje for at beskytte dine t\u00e6nders hvidhed:<\/p>\n\n\n\n<ul class=\"wp-block-list is-style-default\">\n<li>Calcium Micropearls: tab af calcium p\u00e5 grund af aldring vil p\u00e5virke farven p\u00e5 dine t\u00e6nder. Ved at tilf\u00f8je calcium til vores blegebehandling vil dette give br\u00e6ndstof, forst\u00e6rke og genopbygge emaljen. Mikroperleteknologien giver mulighed for koncentreret og m\u00e5lrettet frigivelse af de aktive stoffer, hvilket betyder, at du bestemmer, hvorn\u00e5r og hvor de koncentrerede stoffer frigives. S\u00e5 n\u00e5r du inds\u00e6tter skinnerne i munden, skal du skubbe skinnerne forsigtigt p\u00e5 t\u00e6nderne, s\u00e5 mikroperlerne brister, og f\u00f8rst derefter frigives de koncentrerede stoffer direkte p\u00e5 emaljen.<\/li>\n\n\n\n<li>Xylitol: er en vigtig aktiv ingrediens for at sikre tandhygiejnen. Hvordan g\u00f8r den det? Ved at forstyrre bakteriernes evne til at producere syre og h\u00e6ve pH-v\u00e6rdien vil det forhindre og endda genoprette skader p\u00e5 emaljen.<\/li>\n<\/ul>\n<\/div><\/details>\n\n\n\n<details class=\"wp-block-karopharma-accordion\"><summary><h2 class=\"accordion-title\">iWhite Micropearl-teknologi = hvad?<\/h2><\/summary><div class=\"accordion-content\">\n<p>En innovativ teknologi, der muligg\u00f8r koncentreret og m\u00e5lrettet frigivelse af de aktive stoffer indeni. Det betyder, at du bestemmer, hvorn\u00e5r og hvor de koncentrerede aktive stoffer frigives direkte til emaljen. I iWhite Dark Stains bleges\u00e6ttet er de aktive mikroperler fyldt med calcium.<\/p>\n<\/div><\/details>\n<\/div><\/div>\n\n\n\n<div class=\"wp-block-karopharma-free-text pt-large pb-none bg-center bg-cover bg-no-repeat\" style=\"background-image:url()\"><div class=\"free-text-wrapper container max-w-medium text-center\">\n<h2 class=\"wp-block-heading\">3 skridt v\u00e6k fra et lyst, hvidt smil.<\/h2>\n<\/div><\/div>\n\n\n\n<section class=\"wp-block-karopharma-usp usp undefined\"><div class=\"usp-wrapper\">\n<section class=\"wp-block-karopharma-usp-single usp-single undefined\"><div class=\"icon\"><svg width=\"21\" height=\"16\" viewBox=\"0 0 21 16\" fill=\"none\" xmlns=\"http:\/\/www.w3.org\/2000\/svg\"><path d=\"M19.2567 0.164742L6.13095 13.2905L1.49056 8.65006C1.2709 8.4304 0.914742 8.4304 0.695039 8.65006L0.164742 9.18036C-0.0549141 9.40001 -0.0549141 9.75617 0.164742 9.97587L5.73321 15.5443C5.95287 15.764 6.30903 15.764 6.52873 15.5443L20.5825 1.4906C20.8021 1.27095 20.8021 0.914789 20.5825 0.695086L20.0521 0.164742C19.8325 -0.0549141 19.4763 -0.0549141 19.2567 0.164742Z\" fill=\"white\"><\/path><\/svg><\/div>\n<h4 class=\"wp-block-heading has-text-align-center is-style-heading-h4\">1. TRYK<\/h4>\n\n\n\n<p class=\"has-text-align-center is-style-body-text\">Ved forsigtigt at skubbe til bakkerne vil mikroperlerne briste.<\/p>\n<\/section>\n\n\n\n<section class=\"wp-block-karopharma-usp-single usp-single undefined\"><div class=\"icon\"><svg width=\"21\" height=\"16\" viewBox=\"0 0 21 16\" fill=\"none\" xmlns=\"http:\/\/www.w3.org\/2000\/svg\"><path d=\"M19.2567 0.164742L6.13095 13.2905L1.49056 8.65006C1.2709 8.4304 0.914742 8.4304 0.695039 8.65006L0.164742 9.18036C-0.0549141 9.40001 -0.0549141 9.75617 0.164742 9.97587L5.73321 15.5443C5.95287 15.764 6.30903 15.764 6.52873 15.5443L20.5825 1.4906C20.8021 1.27095 20.8021 0.914789 20.5825 0.695086L20.0521 0.164742C19.8325 -0.0549141 19.4763 -0.0549141 19.2567 0.164742Z\" fill=\"white\"><\/path><\/svg><\/div>\n<h4 class=\"wp-block-heading has-text-align-center is-style-heading-h4\">2. AKTIVER<\/h4>\n\n\n\n<p class=\"has-text-align-center is-style-body-text\">De koncentrerede aktive stoffer i mikroperlerne frigives.<\/p>\n<\/section>\n\n\n\n<section class=\"wp-block-karopharma-usp-single usp-single undefined\"><div class=\"icon\"><svg width=\"21\" height=\"16\" viewBox=\"0 0 21 16\" fill=\"none\" xmlns=\"http:\/\/www.w3.org\/2000\/svg\"><path d=\"M19.2567 0.164742L6.13095 13.2905L1.49056 8.65006C1.2709 8.4304 0.914742 8.4304 0.695039 8.65006L0.164742 9.18036C-0.0549141 9.40001 -0.0549141 9.75617 0.164742 9.97587L5.73321 15.5443C5.95287 15.764 6.30903 15.764 6.52873 15.5443L20.5825 1.4906C20.8021 1.27095 20.8021 0.914789 20.5825 0.695086L20.0521 0.164742C19.8325 -0.0549141 19.4763 -0.0549141 19.2567 0.164742Z\" fill=\"white\"><\/path><\/svg><\/div>\n<h4 class=\"wp-block-heading has-text-align-center is-style-heading-h4\">3. RESULTAT<\/h4>\n\n\n\n<p class=\"has-text-align-center is-style-body-text\">iWhite whitening gel + Micropearls = MAGI!<br>Brug den i 20 minutter, og se selv de \u00f8jeblikkelige resultater!<\/p>\n<\/section>\n<\/div><\/section>\n\n\n\n<div class=\"wp-block-karopharma-free-text pt-large pb-none bg-center bg-cover bg-no-repeat\" style=\"background-image:url()\"><div class=\"free-text-wrapper container max-w-medium text-center\">\n<h2 class=\"is-style-heading-h2 has-primary-color has-text-color wp-block-heading\">iWhite produktsortiment<\/h2>\n<\/div><\/div>\n","protected":false},"excerpt":{"rendered":"<p>Styrker og bleger \u00f8jeblikkeligt dine t\u00e6nder op til 8 toner hvidere.*<\/p>\n","protected":false},"featured_media":94,"comment_status":"closed","ping_status":"closed","template":"","meta":{"_acf_changed":false,"footnotes":""},"product_brand":[],"product_cat":[18],"product_tag":[],"class_list":{"0":"post-49","1":"product","2":"type-product","3":"status-publish","4":"has-post-thumbnail","6":"product_cat-blegningssaet","8":"first","9":"instock","10":"shipping-taxable","11":"product-type-simple"},"acf":[],"yoast_head":"<!-- This site is optimized with the Yoast SEO plugin v26.6 - https:\/\/yoast.com\/wordpress\/plugins\/seo\/ -->\n<title>iWhite Superior Whitening Kit - iWhite<\/title>\n<meta name=\"description\" content=\"iWhite Superior Whitening kit er drevet af den nye og unikke tandblegningsteknologi, som \u00f8jeblikkeligt g\u00f8r t\u00e6nderne op til 8 nuancer lysere og styrker t\u00e6nderne.\" \/>\n<meta name=\"robots\" content=\"index, follow, max-snippet:-1, max-image-preview:large, max-video-preview:-1\" \/>\n<link rel=\"canonical\" href=\"https:\/\/iwhiteinstant.com\/dk\/produkt\/iwhite-superior-whitening-kit\/\" \/>\n<meta property=\"og:locale\" content=\"da_DK\" \/>\n<meta property=\"og:type\" content=\"article\" \/>\n<meta property=\"og:title\" content=\"iWhite Superior Whitening Kit - iWhite\" \/>\n<meta property=\"og:description\" content=\"iWhite Superior Whitening kit er drevet af den nye og unikke tandblegningsteknologi, som \u00f8jeblikkeligt g\u00f8r t\u00e6nderne op til 8 nuancer lysere og styrker t\u00e6nderne.\" \/>\n<meta property=\"og:url\" content=\"https:\/\/iwhiteinstant.com\/dk\/produkt\/iwhite-superior-whitening-kit\/\" \/>\n<meta property=\"og:site_name\" content=\"iWhite\" \/>\n<meta property=\"article:modified_time\" content=\"2024-12-18T10:52:49+00:00\" \/>\n<meta property=\"og:image\" content=\"https:\/\/iwhiteinstant.com\/app\/uploads\/sites\/4\/2024\/04\/iWhite-Superior-whitening-kit.png\" \/>\n\t<meta property=\"og:image:width\" content=\"800\" \/>\n\t<meta property=\"og:image:height\" content=\"800\" \/>\n\t<meta property=\"og:image:type\" content=\"image\/png\" \/>\n<meta name=\"twitter:card\" content=\"summary_large_image\" \/>\n<meta name=\"twitter:label1\" content=\"Estimeret l\u00e6setid\" \/>\n\t<meta name=\"twitter:data1\" content=\"3 minutter\" \/>\n<script type=\"application\/ld+json\" class=\"yoast-schema-graph\">{\"@context\":\"https:\/\/schema.org\",\"@graph\":[{\"@type\":\"WebPage\",\"@id\":\"https:\/\/iwhiteinstant.com\/dk\/produkt\/iwhite-superior-whitening-kit\/\",\"url\":\"https:\/\/iwhiteinstant.com\/dk\/produkt\/iwhite-superior-whitening-kit\/\",\"name\":\"iWhite Superior Whitening Kit - iWhite\",\"isPartOf\":{\"@id\":\"https:\/\/iwhiteinstant.com\/dk\/#website\"},\"primaryImageOfPage\":{\"@id\":\"https:\/\/iwhiteinstant.com\/dk\/produkt\/iwhite-superior-whitening-kit\/#primaryimage\"},\"image\":{\"@id\":\"https:\/\/iwhiteinstant.com\/dk\/produkt\/iwhite-superior-whitening-kit\/#primaryimage\"},\"thumbnailUrl\":\"https:\/\/iwhiteinstant.com\/app\/uploads\/sites\/4\/2024\/04\/iWhite-Superior-whitening-kit.png\",\"datePublished\":\"2024-04-26T12:32:34+00:00\",\"dateModified\":\"2024-12-18T10:52:49+00:00\",\"description\":\"iWhite Superior Whitening kit er drevet af den nye og unikke tandblegningsteknologi, som \u00f8jeblikkeligt g\u00f8r t\u00e6nderne op til 8 nuancer lysere og styrker t\u00e6nderne.\",\"breadcrumb\":{\"@id\":\"https:\/\/iwhiteinstant.com\/dk\/produkt\/iwhite-superior-whitening-kit\/#breadcrumb\"},\"inLanguage\":\"da-DK\",\"potentialAction\":[{\"@type\":\"ReadAction\",\"target\":[\"https:\/\/iwhiteinstant.com\/dk\/produkt\/iwhite-superior-whitening-kit\/\"]}]},{\"@type\":\"ImageObject\",\"inLanguage\":\"da-DK\",\"@id\":\"https:\/\/iwhiteinstant.com\/dk\/produkt\/iwhite-superior-whitening-kit\/#primaryimage\",\"url\":\"https:\/\/iwhiteinstant.com\/app\/uploads\/sites\/4\/2024\/04\/iWhite-Superior-whitening-kit.png\",\"contentUrl\":\"https:\/\/iwhiteinstant.com\/app\/uploads\/sites\/4\/2024\/04\/iWhite-Superior-whitening-kit.png\",\"width\":800,\"height\":800,\"caption\":\"iWhite-Superior-whitening-kit\"},{\"@type\":\"BreadcrumbList\",\"@id\":\"https:\/\/iwhiteinstant.com\/dk\/produkt\/iwhite-superior-whitening-kit\/#breadcrumb\",\"itemListElement\":[{\"@type\":\"ListItem\",\"position\":1,\"name\":\"Home\",\"item\":\"https:\/\/iwhiteinstant.com\/dk\/\"},{\"@type\":\"ListItem\",\"position\":2,\"name\":\"iWhite-serien\",\"item\":\"https:\/\/iwhiteinstant.com\/dk\/iwhite-serien\/\"},{\"@type\":\"ListItem\",\"position\":3,\"name\":\"iWhite Superior Whitening Kit\"}]},{\"@type\":\"WebSite\",\"@id\":\"https:\/\/iwhiteinstant.com\/dk\/#website\",\"url\":\"https:\/\/iwhiteinstant.com\/dk\/\",\"name\":\"iWhite\",\"description\":\"\",\"publisher\":{\"@id\":\"https:\/\/iwhiteinstant.com\/dk\/#organization\"},\"potentialAction\":[{\"@type\":\"SearchAction\",\"target\":{\"@type\":\"EntryPoint\",\"urlTemplate\":\"https:\/\/iwhiteinstant.com\/dk\/?s={search_term_string}\"},\"query-input\":{\"@type\":\"PropertyValueSpecification\",\"valueRequired\":true,\"valueName\":\"search_term_string\"}}],\"inLanguage\":\"da-DK\"},{\"@type\":\"Organization\",\"@id\":\"https:\/\/iwhiteinstant.com\/dk\/#organization\",\"name\":\"iWhite\",\"url\":\"https:\/\/iwhiteinstant.com\/dk\/\",\"logo\":{\"@type\":\"ImageObject\",\"inLanguage\":\"da-DK\",\"@id\":\"https:\/\/iwhiteinstant.com\/dk\/#\/schema\/logo\/image\/\",\"url\":\"https:\/\/iwhiteinstant.com\/app\/uploads\/sites\/4\/2024\/04\/Iwhite-logo.png\",\"contentUrl\":\"https:\/\/iwhiteinstant.com\/app\/uploads\/sites\/4\/2024\/04\/Iwhite-logo.png\",\"width\":160,\"height\":40,\"caption\":\"iWhite\"},\"image\":{\"@id\":\"https:\/\/iwhiteinstant.com\/dk\/#\/schema\/logo\/image\/\"}}]}<\/script>\n<!-- \/ Yoast SEO plugin. -->","yoast_head_json":{"title":"iWhite Superior Whitening Kit - iWhite","description":"iWhite Superior Whitening kit er drevet af den nye og unikke tandblegningsteknologi, som \u00f8jeblikkeligt g\u00f8r t\u00e6nderne op til 8 nuancer lysere og styrker t\u00e6nderne.","robots":{"index":"index","follow":"follow","max-snippet":"max-snippet:-1","max-image-preview":"max-image-preview:large","max-video-preview":"max-video-preview:-1"},"canonical":"https:\/\/iwhiteinstant.com\/dk\/produkt\/iwhite-superior-whitening-kit\/","og_locale":"da_DK","og_type":"article","og_title":"iWhite Superior Whitening Kit - iWhite","og_description":"iWhite Superior Whitening kit er drevet af den nye og unikke tandblegningsteknologi, som \u00f8jeblikkeligt g\u00f8r t\u00e6nderne op til 8 nuancer lysere og styrker t\u00e6nderne.","og_url":"https:\/\/iwhiteinstant.com\/dk\/produkt\/iwhite-superior-whitening-kit\/","og_site_name":"iWhite","article_modified_time":"2024-12-18T10:52:49+00:00","og_image":[{"width":800,"height":800,"url":"https:\/\/iwhiteinstant.com\/app\/uploads\/sites\/4\/2024\/04\/iWhite-Superior-whitening-kit.png","type":"image\/png"}],"twitter_card":"summary_large_image","twitter_misc":{"Estimeret l\u00e6setid":"3 minutter"},"schema":{"@context":"https:\/\/schema.org","@graph":[{"@type":"WebPage","@id":"https:\/\/iwhiteinstant.com\/dk\/produkt\/iwhite-superior-whitening-kit\/","url":"https:\/\/iwhiteinstant.com\/dk\/produkt\/iwhite-superior-whitening-kit\/","name":"iWhite Superior Whitening Kit - iWhite","isPartOf":{"@id":"https:\/\/iwhiteinstant.com\/dk\/#website"},"primaryImageOfPage":{"@id":"https:\/\/iwhiteinstant.com\/dk\/produkt\/iwhite-superior-whitening-kit\/#primaryimage"},"image":{"@id":"https:\/\/iwhiteinstant.com\/dk\/produkt\/iwhite-superior-whitening-kit\/#primaryimage"},"thumbnailUrl":"https:\/\/iwhiteinstant.com\/app\/uploads\/sites\/4\/2024\/04\/iWhite-Superior-whitening-kit.png","datePublished":"2024-04-26T12:32:34+00:00","dateModified":"2024-12-18T10:52:49+00:00","description":"iWhite Superior Whitening kit er drevet af den nye og unikke tandblegningsteknologi, som \u00f8jeblikkeligt g\u00f8r t\u00e6nderne op til 8 nuancer lysere og styrker t\u00e6nderne.","breadcrumb":{"@id":"https:\/\/iwhiteinstant.com\/dk\/produkt\/iwhite-superior-whitening-kit\/#breadcrumb"},"inLanguage":"da-DK","potentialAction":[{"@type":"ReadAction","target":["https:\/\/iwhiteinstant.com\/dk\/produkt\/iwhite-superior-whitening-kit\/"]}]},{"@type":"ImageObject","inLanguage":"da-DK","@id":"https:\/\/iwhiteinstant.com\/dk\/produkt\/iwhite-superior-whitening-kit\/#primaryimage","url":"https:\/\/iwhiteinstant.com\/app\/uploads\/sites\/4\/2024\/04\/iWhite-Superior-whitening-kit.png","contentUrl":"https:\/\/iwhiteinstant.com\/app\/uploads\/sites\/4\/2024\/04\/iWhite-Superior-whitening-kit.png","width":800,"height":800,"caption":"iWhite-Superior-whitening-kit"},{"@type":"BreadcrumbList","@id":"https:\/\/iwhiteinstant.com\/dk\/produkt\/iwhite-superior-whitening-kit\/#breadcrumb","itemListElement":[{"@type":"ListItem","position":1,"name":"Home","item":"https:\/\/iwhiteinstant.com\/dk\/"},{"@type":"ListItem","position":2,"name":"iWhite-serien","item":"https:\/\/iwhiteinstant.com\/dk\/iwhite-serien\/"},{"@type":"ListItem","position":3,"name":"iWhite Superior Whitening Kit"}]},{"@type":"WebSite","@id":"https:\/\/iwhiteinstant.com\/dk\/#website","url":"https:\/\/iwhiteinstant.com\/dk\/","name":"iWhite","description":"","publisher":{"@id":"https:\/\/iwhiteinstant.com\/dk\/#organization"},"potentialAction":[{"@type":"SearchAction","target":{"@type":"EntryPoint","urlTemplate":"https:\/\/iwhiteinstant.com\/dk\/?s={search_term_string}"},"query-input":{"@type":"PropertyValueSpecification","valueRequired":true,"valueName":"search_term_string"}}],"inLanguage":"da-DK"},{"@type":"Organization","@id":"https:\/\/iwhiteinstant.com\/dk\/#organization","name":"iWhite","url":"https:\/\/iwhiteinstant.com\/dk\/","logo":{"@type":"ImageObject","inLanguage":"da-DK","@id":"https:\/\/iwhiteinstant.com\/dk\/#\/schema\/logo\/image\/","url":"https:\/\/iwhiteinstant.com\/app\/uploads\/sites\/4\/2024\/04\/Iwhite-logo.png","contentUrl":"https:\/\/iwhiteinstant.com\/app\/uploads\/sites\/4\/2024\/04\/Iwhite-logo.png","width":160,"height":40,"caption":"iWhite"},"image":{"@id":"https:\/\/iwhiteinstant.com\/dk\/#\/schema\/logo\/image\/"}}]}},"_links":{"self":[{"href":"https:\/\/iwhiteinstant.com\/dk\/wp-json\/wp\/v2\/product\/49","targetHints":{"allow":["GET"]}}],"collection":[{"href":"https:\/\/iwhiteinstant.com\/dk\/wp-json\/wp\/v2\/product"}],"about":[{"href":"https:\/\/iwhiteinstant.com\/dk\/wp-json\/wp\/v2\/types\/product"}],"replies":[{"embeddable":true,"href":"https:\/\/iwhiteinstant.com\/dk\/wp-json\/wp\/v2\/comments?post=49"}],"version-history":[{"count":11,"href":"https:\/\/iwhiteinstant.com\/dk\/wp-json\/wp\/v2\/product\/49\/revisions"}],"predecessor-version":[{"id":343,"href":"https:\/\/iwhiteinstant.com\/dk\/wp-json\/wp\/v2\/product\/49\/revisions\/343"}],"wp:featuredmedia":[{"embeddable":true,"href":"https:\/\/iwhiteinstant.com\/dk\/wp-json\/wp\/v2\/media\/94"}],"wp:attachment":[{"href":"https:\/\/iwhiteinstant.com\/dk\/wp-json\/wp\/v2\/media?parent=49"}],"wp:term":[{"taxonomy":"product_brand","embeddable":true,"href":"https:\/\/iwhiteinstant.com\/dk\/wp-json\/wp\/v2\/product_brand?post=49"},{"taxonomy":"product_cat","embeddable":true,"href":"https:\/\/iwhiteinstant.com\/dk\/wp-json\/wp\/v2\/product_cat?post=49"},{"taxonomy":"product_tag","embeddable":true,"href":"https:\/\/iwhiteinstant.com\/dk\/wp-json\/wp\/v2\/product_tag?post=49"}],"curies":[{"name":"wp","href":"https:\/\/api.w.org\/{rel}","templated":true}]}}