{"id":51,"date":"2024-04-26T14:33:17","date_gmt":"2024-04-26T12:33:17","guid":{"rendered":"https:\/\/iwhiteinstant.com\/dk\/?post_type=product&#038;p=51"},"modified":"2024-12-18T11:52:47","modified_gmt":"2024-12-18T10:52:47","slug":"iwhite-dark-stains-whitening-kit","status":"publish","type":"product","link":"https:\/\/iwhiteinstant.com\/dk\/produkt\/iwhite-dark-stains-whitening-kit\/","title":{"rendered":"iWhite Dark Stains Whitening Kit"},"content":{"rendered":"\n<div style=\"height:100px\" aria-hidden=\"true\" class=\"wp-block-spacer is-style-responsive-small\"><\/div>\n\n\n\n<section class=\"wp-block-karopharma-image-with-text image-with-text image-with-text__not-full-width is-style-primary\"><div class=\"image-with-text-container \"><div class=\"image-with-text-container-image-container\"><img decoding=\"async\" loading=\"lazy\" src=\"https:\/\/iwhiteinstant.com\/cdn-cgi\/image\/format=auto\/app\/uploads\/sites\/4\/2024\/04\/iwhite-dark-stains-image.jpg\" alt=\"iwhite-dark-stains-image\"\/><\/div><div class=\"image-with-text-container-content\" style=\"text-align:left\" data-test=\"content\"><div class=\"content\"><h2>Nyder du din kop kaffe eller te, mens du har et lyst, hvidt smil?<\/h2><p class=\"body\" data-test=\"body\">Ingen bekymringer l\u00e6ngere takket v\u00e6re dette banebrydende blegningss\u00e6t, som ogs\u00e5 er meget nemt at bruge, hvilket betyder: ingen forberedelse med geler eller blanding af ingredienser, og det tager kun 20 minutter om dagen!<br><br>iWhite-engangsskinnerne er tynde og fleksible for at sikre en behagelig pasform og maksimal ydeevne. De indeholder en ny, revolutionerende whitening-gel med aktivt kul. Denne unikke aktive ingrediens neutraliserer og fjerner m\u00f8rke pletter fra kaffe, te, tobak og r\u00f8dvin! <br><br>En innovativ formel baseret p\u00e5 teknologi, som har vist sig at v\u00e6re tandsikker og \u00f8jeblikkelig effektiv. Giver dig et str\u00e5lende hvidt smil og op til 8 nuancer hvidere t\u00e6nder.<br><\/p>\n<div class=\"wp-block-buttons is-layout-flex wp-block-buttons-is-layout-flex\"><\/div>\n<\/div><\/div><\/div><\/section>\n\n\n\n<div class=\"wp-block-karopharma-accordions is-style-secondary\"><div class=\"container\">\n<details class=\"wp-block-karopharma-accordion\"><summary><h2 class=\"accordion-title\">Hvordan anvendes produktet?<\/h2><\/summary><div class=\"accordion-content\">\n<p>Du kan g\u00e5 i gang med det samme, s\u00e5 snart du har \u00e5bnet pakken. Og f\u00e5 endda \u00f8je p\u00e5 en \u00f8jeblikkelig blegningseffekt efter den f\u00f8rste p\u00e5f\u00f8ring! Brug den 5 dage i tr\u00e6k for at f\u00e5 endnu mere forbl\u00f8ffende og optimale resultater.<\/p>\n<\/div><\/details>\n\n\n\n<details class=\"wp-block-karopharma-accordion\"><summary><h2 class=\"accordion-title\">Hvordan fjerner iWhite pletter p\u00e5 dine t\u00e6nder?<\/h2><\/summary><div class=\"accordion-content\">\n<p><strong>Handling 1: <\/strong>Ved at bruge mikroperler af aktivt kul fjernes m\u00f8rke pletter, og d\u00e5rlig \u00e5nde elimineres. Da aktivt kul har st\u00e6rke fysiske adsorptionsegenskaber, vil pletterne blive fjernet.<\/p>\n\n\n\n<p><strong>Virkning 2: <\/strong>Hexametaphosphat forhindrer, at der opst\u00e5r nye pletter. Det skaber et beskyttende lag p\u00e5 emaljen, som forhindrer dannelsen af nye pletter.<\/p>\n<\/div><\/details>\n\n\n\n<details class=\"wp-block-karopharma-accordion\"><summary><h2 class=\"accordion-title\">iWhite Micropearl-teknologi = hvad?<\/h2><\/summary><div class=\"accordion-content\">\n<p>En innovativ teknologi, der muligg\u00f8r koncentreret og m\u00e5lrettet frigivelse af de aktive stoffer indeni. Det betyder, at du bestemmer, hvorn\u00e5r og hvor de koncentrerede aktive stoffer frigives direkte til emaljen. I iWhite Dark Stains bleges\u00e6ttet er de aktive mikroperler fyldt med aktivt kul.<\/p>\n<\/div><\/details>\n<\/div><\/div>\n\n\n\n<div class=\"wp-block-karopharma-free-text pt-large pb-none bg-center bg-cover bg-no-repeat\" style=\"background-image:url()\"><div class=\"free-text-wrapper container max-w-medium text-center\">\n<h2 class=\"wp-block-heading\">3 skridt v\u00e6k fra et lyst, hvidt smil.<\/h2>\n<\/div><\/div>\n\n\n\n<section class=\"wp-block-karopharma-usp usp undefined\"><div class=\"usp-wrapper\">\n<section class=\"wp-block-karopharma-usp-single usp-single undefined\"><div class=\"icon\"><svg width=\"21\" height=\"16\" viewBox=\"0 0 21 16\" fill=\"none\" xmlns=\"http:\/\/www.w3.org\/2000\/svg\"><path d=\"M19.2567 0.164742L6.13095 13.2905L1.49056 8.65006C1.2709 8.4304 0.914742 8.4304 0.695039 8.65006L0.164742 9.18036C-0.0549141 9.40001 -0.0549141 9.75617 0.164742 9.97587L5.73321 15.5443C5.95287 15.764 6.30903 15.764 6.52873 15.5443L20.5825 1.4906C20.8021 1.27095 20.8021 0.914789 20.5825 0.695086L20.0521 0.164742C19.8325 -0.0549141 19.4763 -0.0549141 19.2567 0.164742Z\" fill=\"white\"><\/path><\/svg><\/div>\n<h4 class=\"wp-block-heading has-text-align-center is-style-heading-h4\">1. TRYK<\/h4>\n\n\n\n<p class=\"has-text-align-center is-style-body-text\">Ved forsigtigt at skubbe til bakkerne vil mikroperlerne briste.<\/p>\n<\/section>\n\n\n\n<section class=\"wp-block-karopharma-usp-single usp-single undefined\"><div class=\"icon\"><svg width=\"21\" height=\"16\" viewBox=\"0 0 21 16\" fill=\"none\" xmlns=\"http:\/\/www.w3.org\/2000\/svg\"><path d=\"M19.2567 0.164742L6.13095 13.2905L1.49056 8.65006C1.2709 8.4304 0.914742 8.4304 0.695039 8.65006L0.164742 9.18036C-0.0549141 9.40001 -0.0549141 9.75617 0.164742 9.97587L5.73321 15.5443C5.95287 15.764 6.30903 15.764 6.52873 15.5443L20.5825 1.4906C20.8021 1.27095 20.8021 0.914789 20.5825 0.695086L20.0521 0.164742C19.8325 -0.0549141 19.4763 -0.0549141 19.2567 0.164742Z\" fill=\"white\"><\/path><\/svg><\/div>\n<h4 class=\"wp-block-heading has-text-align-center is-style-heading-h4\">2. AKTIVER<\/h4>\n\n\n\n<p class=\"has-text-align-center is-style-body-text\">De koncentrerede aktive stoffer i mikroperlerne frigives.<\/p>\n<\/section>\n\n\n\n<section class=\"wp-block-karopharma-usp-single usp-single undefined\"><div class=\"icon\"><svg width=\"21\" height=\"16\" viewBox=\"0 0 21 16\" fill=\"none\" xmlns=\"http:\/\/www.w3.org\/2000\/svg\"><path d=\"M19.2567 0.164742L6.13095 13.2905L1.49056 8.65006C1.2709 8.4304 0.914742 8.4304 0.695039 8.65006L0.164742 9.18036C-0.0549141 9.40001 -0.0549141 9.75617 0.164742 9.97587L5.73321 15.5443C5.95287 15.764 6.30903 15.764 6.52873 15.5443L20.5825 1.4906C20.8021 1.27095 20.8021 0.914789 20.5825 0.695086L20.0521 0.164742C19.8325 -0.0549141 19.4763 -0.0549141 19.2567 0.164742Z\" fill=\"white\"><\/path><\/svg><\/div>\n<h4 class=\"wp-block-heading has-text-align-center is-style-heading-h4\">3. RESULTAT<\/h4>\n\n\n\n<p class=\"has-text-align-center is-style-body-text\">iWhite whitening gel + Micropearls = MAGI! Brug den i 20 minutter, og se selv de \u00f8jeblikkelige resultater!<\/p>\n<\/section>\n<\/div><\/section>\n\n\n\n<div class=\"wp-block-karopharma-free-text pt-large pb-none bg-center bg-cover bg-no-repeat\" style=\"background-image:url()\"><div class=\"free-text-wrapper container max-w-medium text-center\">\n<h2 class=\"is-style-heading-h2 has-primary-color has-text-color wp-block-heading\">iWhite produktsortiment<\/h2>\n<\/div><\/div>\n","protected":false},"excerpt":{"rendered":"<p>Tandblegning som er specielt designet til at fjerne pletter for\u00e5rsaget af kaffe, te, tobak og r\u00f8dvin <\/p>\n","protected":false},"featured_media":93,"comment_status":"closed","ping_status":"closed","template":"","meta":{"_acf_changed":false,"footnotes":""},"product_brand":[],"product_cat":[18],"product_tag":[],"class_list":{"0":"post-51","1":"product","2":"type-product","3":"status-publish","4":"has-post-thumbnail","6":"product_cat-blegningssaet","8":"first","9":"instock","10":"shipping-taxable","11":"product-type-simple"},"acf":[],"yoast_head":"<!-- This site is optimized with the Yoast SEO plugin v26.6 - https:\/\/yoast.com\/wordpress\/plugins\/seo\/ -->\n<title>iWhite Dark Stains Whitening Kit - iWhite<\/title>\n<meta name=\"description\" content=\"At drikke vin, kaffe eller te og ryge ... kan desv\u00e6rre for\u00e5rsage pletter p\u00e5 dine t\u00e6nder. Da ingen \u00f8nsker at have misfarvede t\u00e6nder, udviklede iWhite et unikt s\u00e6t til tandblegning: iWhite Dark Stains, som er tilsat aktivt kul.\" \/>\n<meta name=\"robots\" content=\"index, follow, max-snippet:-1, max-image-preview:large, max-video-preview:-1\" \/>\n<link rel=\"canonical\" href=\"https:\/\/iwhiteinstant.com\/dk\/produkt\/iwhite-dark-stains-whitening-kit\/\" \/>\n<meta property=\"og:locale\" content=\"da_DK\" \/>\n<meta property=\"og:type\" content=\"article\" \/>\n<meta property=\"og:title\" content=\"iWhite Dark Stains Whitening Kit - iWhite\" \/>\n<meta property=\"og:description\" content=\"At drikke vin, kaffe eller te og ryge ... kan desv\u00e6rre for\u00e5rsage pletter p\u00e5 dine t\u00e6nder. Da ingen \u00f8nsker at have misfarvede t\u00e6nder, udviklede iWhite et unikt s\u00e6t til tandblegning: iWhite Dark Stains, som er tilsat aktivt kul.\" \/>\n<meta property=\"og:url\" content=\"https:\/\/iwhiteinstant.com\/dk\/produkt\/iwhite-dark-stains-whitening-kit\/\" \/>\n<meta property=\"og:site_name\" content=\"iWhite\" \/>\n<meta property=\"article:modified_time\" content=\"2024-12-18T10:52:47+00:00\" \/>\n<meta property=\"og:image\" content=\"https:\/\/iwhiteinstant.com\/app\/uploads\/sites\/4\/2024\/04\/iWhite-Dark-stains-whitening-kit-1.png\" \/>\n\t<meta property=\"og:image:width\" content=\"800\" \/>\n\t<meta property=\"og:image:height\" content=\"800\" \/>\n\t<meta property=\"og:image:type\" content=\"image\/png\" \/>\n<meta name=\"twitter:card\" content=\"summary_large_image\" \/>\n<meta name=\"twitter:label1\" content=\"Estimeret l\u00e6setid\" \/>\n\t<meta name=\"twitter:data1\" content=\"3 minutter\" \/>\n<script type=\"application\/ld+json\" class=\"yoast-schema-graph\">{\"@context\":\"https:\/\/schema.org\",\"@graph\":[{\"@type\":\"WebPage\",\"@id\":\"https:\/\/iwhiteinstant.com\/dk\/produkt\/iwhite-dark-stains-whitening-kit\/\",\"url\":\"https:\/\/iwhiteinstant.com\/dk\/produkt\/iwhite-dark-stains-whitening-kit\/\",\"name\":\"iWhite Dark Stains Whitening Kit - iWhite\",\"isPartOf\":{\"@id\":\"https:\/\/iwhiteinstant.com\/dk\/#website\"},\"primaryImageOfPage\":{\"@id\":\"https:\/\/iwhiteinstant.com\/dk\/produkt\/iwhite-dark-stains-whitening-kit\/#primaryimage\"},\"image\":{\"@id\":\"https:\/\/iwhiteinstant.com\/dk\/produkt\/iwhite-dark-stains-whitening-kit\/#primaryimage\"},\"thumbnailUrl\":\"https:\/\/iwhiteinstant.com\/app\/uploads\/sites\/4\/2024\/04\/iWhite-Dark-stains-whitening-kit-1.png\",\"datePublished\":\"2024-04-26T12:33:17+00:00\",\"dateModified\":\"2024-12-18T10:52:47+00:00\",\"description\":\"At drikke vin, kaffe eller te og ryge ... kan desv\u00e6rre for\u00e5rsage pletter p\u00e5 dine t\u00e6nder. Da ingen \u00f8nsker at have misfarvede t\u00e6nder, udviklede iWhite et unikt s\u00e6t til tandblegning: iWhite Dark Stains, som er tilsat aktivt kul.\",\"breadcrumb\":{\"@id\":\"https:\/\/iwhiteinstant.com\/dk\/produkt\/iwhite-dark-stains-whitening-kit\/#breadcrumb\"},\"inLanguage\":\"da-DK\",\"potentialAction\":[{\"@type\":\"ReadAction\",\"target\":[\"https:\/\/iwhiteinstant.com\/dk\/produkt\/iwhite-dark-stains-whitening-kit\/\"]}]},{\"@type\":\"ImageObject\",\"inLanguage\":\"da-DK\",\"@id\":\"https:\/\/iwhiteinstant.com\/dk\/produkt\/iwhite-dark-stains-whitening-kit\/#primaryimage\",\"url\":\"https:\/\/iwhiteinstant.com\/app\/uploads\/sites\/4\/2024\/04\/iWhite-Dark-stains-whitening-kit-1.png\",\"contentUrl\":\"https:\/\/iwhiteinstant.com\/app\/uploads\/sites\/4\/2024\/04\/iWhite-Dark-stains-whitening-kit-1.png\",\"width\":800,\"height\":800,\"caption\":\"iWhite-Dark-stains-whitening-kit\"},{\"@type\":\"BreadcrumbList\",\"@id\":\"https:\/\/iwhiteinstant.com\/dk\/produkt\/iwhite-dark-stains-whitening-kit\/#breadcrumb\",\"itemListElement\":[{\"@type\":\"ListItem\",\"position\":1,\"name\":\"Home\",\"item\":\"https:\/\/iwhiteinstant.com\/dk\/\"},{\"@type\":\"ListItem\",\"position\":2,\"name\":\"iWhite-serien\",\"item\":\"https:\/\/iwhiteinstant.com\/dk\/iwhite-serien\/\"},{\"@type\":\"ListItem\",\"position\":3,\"name\":\"iWhite Dark Stains Whitening Kit\"}]},{\"@type\":\"WebSite\",\"@id\":\"https:\/\/iwhiteinstant.com\/dk\/#website\",\"url\":\"https:\/\/iwhiteinstant.com\/dk\/\",\"name\":\"iWhite\",\"description\":\"\",\"publisher\":{\"@id\":\"https:\/\/iwhiteinstant.com\/dk\/#organization\"},\"potentialAction\":[{\"@type\":\"SearchAction\",\"target\":{\"@type\":\"EntryPoint\",\"urlTemplate\":\"https:\/\/iwhiteinstant.com\/dk\/?s={search_term_string}\"},\"query-input\":{\"@type\":\"PropertyValueSpecification\",\"valueRequired\":true,\"valueName\":\"search_term_string\"}}],\"inLanguage\":\"da-DK\"},{\"@type\":\"Organization\",\"@id\":\"https:\/\/iwhiteinstant.com\/dk\/#organization\",\"name\":\"iWhite\",\"url\":\"https:\/\/iwhiteinstant.com\/dk\/\",\"logo\":{\"@type\":\"ImageObject\",\"inLanguage\":\"da-DK\",\"@id\":\"https:\/\/iwhiteinstant.com\/dk\/#\/schema\/logo\/image\/\",\"url\":\"https:\/\/iwhiteinstant.com\/app\/uploads\/sites\/4\/2024\/04\/Iwhite-logo.png\",\"contentUrl\":\"https:\/\/iwhiteinstant.com\/app\/uploads\/sites\/4\/2024\/04\/Iwhite-logo.png\",\"width\":160,\"height\":40,\"caption\":\"iWhite\"},\"image\":{\"@id\":\"https:\/\/iwhiteinstant.com\/dk\/#\/schema\/logo\/image\/\"}}]}<\/script>\n<!-- \/ Yoast SEO plugin. -->","yoast_head_json":{"title":"iWhite Dark Stains Whitening Kit - iWhite","description":"At drikke vin, kaffe eller te og ryge ... kan desv\u00e6rre for\u00e5rsage pletter p\u00e5 dine t\u00e6nder. Da ingen \u00f8nsker at have misfarvede t\u00e6nder, udviklede iWhite et unikt s\u00e6t til tandblegning: iWhite Dark Stains, som er tilsat aktivt kul.","robots":{"index":"index","follow":"follow","max-snippet":"max-snippet:-1","max-image-preview":"max-image-preview:large","max-video-preview":"max-video-preview:-1"},"canonical":"https:\/\/iwhiteinstant.com\/dk\/produkt\/iwhite-dark-stains-whitening-kit\/","og_locale":"da_DK","og_type":"article","og_title":"iWhite Dark Stains Whitening Kit - iWhite","og_description":"At drikke vin, kaffe eller te og ryge ... kan desv\u00e6rre for\u00e5rsage pletter p\u00e5 dine t\u00e6nder. Da ingen \u00f8nsker at have misfarvede t\u00e6nder, udviklede iWhite et unikt s\u00e6t til tandblegning: iWhite Dark Stains, som er tilsat aktivt kul.","og_url":"https:\/\/iwhiteinstant.com\/dk\/produkt\/iwhite-dark-stains-whitening-kit\/","og_site_name":"iWhite","article_modified_time":"2024-12-18T10:52:47+00:00","og_image":[{"width":800,"height":800,"url":"https:\/\/iwhiteinstant.com\/app\/uploads\/sites\/4\/2024\/04\/iWhite-Dark-stains-whitening-kit-1.png","type":"image\/png"}],"twitter_card":"summary_large_image","twitter_misc":{"Estimeret l\u00e6setid":"3 minutter"},"schema":{"@context":"https:\/\/schema.org","@graph":[{"@type":"WebPage","@id":"https:\/\/iwhiteinstant.com\/dk\/produkt\/iwhite-dark-stains-whitening-kit\/","url":"https:\/\/iwhiteinstant.com\/dk\/produkt\/iwhite-dark-stains-whitening-kit\/","name":"iWhite Dark Stains Whitening Kit - iWhite","isPartOf":{"@id":"https:\/\/iwhiteinstant.com\/dk\/#website"},"primaryImageOfPage":{"@id":"https:\/\/iwhiteinstant.com\/dk\/produkt\/iwhite-dark-stains-whitening-kit\/#primaryimage"},"image":{"@id":"https:\/\/iwhiteinstant.com\/dk\/produkt\/iwhite-dark-stains-whitening-kit\/#primaryimage"},"thumbnailUrl":"https:\/\/iwhiteinstant.com\/app\/uploads\/sites\/4\/2024\/04\/iWhite-Dark-stains-whitening-kit-1.png","datePublished":"2024-04-26T12:33:17+00:00","dateModified":"2024-12-18T10:52:47+00:00","description":"At drikke vin, kaffe eller te og ryge ... kan desv\u00e6rre for\u00e5rsage pletter p\u00e5 dine t\u00e6nder. Da ingen \u00f8nsker at have misfarvede t\u00e6nder, udviklede iWhite et unikt s\u00e6t til tandblegning: iWhite Dark Stains, som er tilsat aktivt kul.","breadcrumb":{"@id":"https:\/\/iwhiteinstant.com\/dk\/produkt\/iwhite-dark-stains-whitening-kit\/#breadcrumb"},"inLanguage":"da-DK","potentialAction":[{"@type":"ReadAction","target":["https:\/\/iwhiteinstant.com\/dk\/produkt\/iwhite-dark-stains-whitening-kit\/"]}]},{"@type":"ImageObject","inLanguage":"da-DK","@id":"https:\/\/iwhiteinstant.com\/dk\/produkt\/iwhite-dark-stains-whitening-kit\/#primaryimage","url":"https:\/\/iwhiteinstant.com\/app\/uploads\/sites\/4\/2024\/04\/iWhite-Dark-stains-whitening-kit-1.png","contentUrl":"https:\/\/iwhiteinstant.com\/app\/uploads\/sites\/4\/2024\/04\/iWhite-Dark-stains-whitening-kit-1.png","width":800,"height":800,"caption":"iWhite-Dark-stains-whitening-kit"},{"@type":"BreadcrumbList","@id":"https:\/\/iwhiteinstant.com\/dk\/produkt\/iwhite-dark-stains-whitening-kit\/#breadcrumb","itemListElement":[{"@type":"ListItem","position":1,"name":"Home","item":"https:\/\/iwhiteinstant.com\/dk\/"},{"@type":"ListItem","position":2,"name":"iWhite-serien","item":"https:\/\/iwhiteinstant.com\/dk\/iwhite-serien\/"},{"@type":"ListItem","position":3,"name":"iWhite Dark Stains Whitening Kit"}]},{"@type":"WebSite","@id":"https:\/\/iwhiteinstant.com\/dk\/#website","url":"https:\/\/iwhiteinstant.com\/dk\/","name":"iWhite","description":"","publisher":{"@id":"https:\/\/iwhiteinstant.com\/dk\/#organization"},"potentialAction":[{"@type":"SearchAction","target":{"@type":"EntryPoint","urlTemplate":"https:\/\/iwhiteinstant.com\/dk\/?s={search_term_string}"},"query-input":{"@type":"PropertyValueSpecification","valueRequired":true,"valueName":"search_term_string"}}],"inLanguage":"da-DK"},{"@type":"Organization","@id":"https:\/\/iwhiteinstant.com\/dk\/#organization","name":"iWhite","url":"https:\/\/iwhiteinstant.com\/dk\/","logo":{"@type":"ImageObject","inLanguage":"da-DK","@id":"https:\/\/iwhiteinstant.com\/dk\/#\/schema\/logo\/image\/","url":"https:\/\/iwhiteinstant.com\/app\/uploads\/sites\/4\/2024\/04\/Iwhite-logo.png","contentUrl":"https:\/\/iwhiteinstant.com\/app\/uploads\/sites\/4\/2024\/04\/Iwhite-logo.png","width":160,"height":40,"caption":"iWhite"},"image":{"@id":"https:\/\/iwhiteinstant.com\/dk\/#\/schema\/logo\/image\/"}}]}},"_links":{"self":[{"href":"https:\/\/iwhiteinstant.com\/dk\/wp-json\/wp\/v2\/product\/51","targetHints":{"allow":["GET"]}}],"collection":[{"href":"https:\/\/iwhiteinstant.com\/dk\/wp-json\/wp\/v2\/product"}],"about":[{"href":"https:\/\/iwhiteinstant.com\/dk\/wp-json\/wp\/v2\/types\/product"}],"replies":[{"embeddable":true,"href":"https:\/\/iwhiteinstant.com\/dk\/wp-json\/wp\/v2\/comments?post=51"}],"version-history":[{"count":10,"href":"https:\/\/iwhiteinstant.com\/dk\/wp-json\/wp\/v2\/product\/51\/revisions"}],"predecessor-version":[{"id":320,"href":"https:\/\/iwhiteinstant.com\/dk\/wp-json\/wp\/v2\/product\/51\/revisions\/320"}],"wp:featuredmedia":[{"embeddable":true,"href":"https:\/\/iwhiteinstant.com\/dk\/wp-json\/wp\/v2\/media\/93"}],"wp:attachment":[{"href":"https:\/\/iwhiteinstant.com\/dk\/wp-json\/wp\/v2\/media?parent=51"}],"wp:term":[{"taxonomy":"product_brand","embeddable":true,"href":"https:\/\/iwhiteinstant.com\/dk\/wp-json\/wp\/v2\/product_brand?post=51"},{"taxonomy":"product_cat","embeddable":true,"href":"https:\/\/iwhiteinstant.com\/dk\/wp-json\/wp\/v2\/product_cat?post=51"},{"taxonomy":"product_tag","embeddable":true,"href":"https:\/\/iwhiteinstant.com\/dk\/wp-json\/wp\/v2\/product_tag?post=51"}],"curies":[{"name":"wp","href":"https:\/\/api.w.org\/{rel}","templated":true}]}}