{"id":58,"date":"2024-04-26T14:34:43","date_gmt":"2024-04-26T12:34:43","guid":{"rendered":"https:\/\/iwhiteinstant.com\/dk\/?post_type=product&#038;p=58"},"modified":"2026-03-24T08:28:57","modified_gmt":"2026-03-24T07:28:57","slug":"iwhite-glow-whitening-kit","status":"publish","type":"product","link":"https:\/\/iwhiteinstant.com\/dk\/produkt\/iwhite-glow-whitening-kit\/","title":{"rendered":"iWhite Glow Whitening Kit"},"content":{"rendered":"\n<section class=\"wp-block-karopharma-image-with-text image-with-text image-with-text__not-full-width is-style-primary\"><div class=\"image-with-text-container \"><div class=\"image-with-text-container-image-container\"><img decoding=\"async\" loading=\"lazy\" src=\"https:\/\/iwhiteinstant.com\/cdn-cgi\/image\/format=auto\/app\/uploads\/sites\/4\/2024\/04\/whitening-kit-mirror-large.jpg\" alt=\"whitening-kit-mirror-large\"\/><\/div><div class=\"image-with-text-container-content\" style=\"text-align:left\" data-test=\"content\"><div class=\"content\"><h2>Hvad g\u00f8r iWhite Glow anderledes?<\/h2><p class=\"body\" data-test=\"body\">iWhite-skinnerne indeholder en unik blegegel, hvor iWhite-teknologien er tilsat naturlige gl\u00f8dende ingredienser og diamantpartikler.<br><br>iWhite-teknologien dig op til 8 nuancer hvidere t\u00e6nder*. Diamantglimmer, bl\u00e5 krystaller og gl\u00f8dende partikler g\u00f8r dine t\u00e6nder lysere p\u00e5 en naturlig m\u00e5de.<br><br>Ved at kombinere iWhite-teknologien med disse 3 ingredienser f\u00e5r dit hvide smil et l\u00f8ft.<br><br>Det er vigtigt at vide, at iWhite er 100 % sikker at bruge.<br>iWhite Glow indeholder klinisk dokumenterede ingredienser og er 100 % fri for hydrogenperoxid. Ingen bivirkninger, kun et str\u00e5lende hvidt smil!<\/p>\n<div class=\"wp-block-buttons is-layout-flex wp-block-buttons-is-layout-flex\"><\/div>\n<\/div><\/div><\/div><\/section>\n\n\n\n<div class=\"wp-block-karopharma-free-text pt-large pb-none bg-center bg-cover bg-no-repeat\" style=\"background-image:url()\"><div class=\"free-text-wrapper container max-w-medium text-center\">\n<h2 class=\"is-style-heading-h2 has-primary-color has-text-color wp-block-heading\">iWhite produktsortiment<\/h2>\n<\/div><\/div>\n","protected":false},"excerpt":{"rendered":"<p>\u00d8jeblikkelig blegning med gl\u00f8deffekt dag og nat.<\/p>\n","protected":false},"featured_media":91,"comment_status":"closed","ping_status":"closed","template":"","meta":{"_acf_changed":false,"footnotes":""},"product_brand":[],"product_cat":[18],"product_tag":[],"class_list":{"0":"post-58","1":"product","2":"type-product","3":"status-publish","4":"has-post-thumbnail","6":"product_cat-blegningssaet","8":"first","9":"instock","10":"shipping-taxable","11":"product-type-simple"},"acf":[],"yoast_head":"<!-- This site is optimized with the Yoast SEO plugin v26.6 - https:\/\/yoast.com\/wordpress\/plugins\/seo\/ -->\n<title>iWhite Glow Whitening Kit - iWhite<\/title>\n<meta name=\"description\" content=\"Et nyt og revolutionerende s\u00e6t som bleger dine t\u00e6nder og som g\u00f8r dine t\u00e6nder op til 8 nuancer hvidere... men som ogs\u00e5 f\u00e5r dem til at funkle og skinne? Vi har l\u00f8sningen til dig!\" \/>\n<meta name=\"robots\" content=\"index, follow, max-snippet:-1, max-image-preview:large, max-video-preview:-1\" \/>\n<link rel=\"canonical\" href=\"https:\/\/iwhiteinstant.com\/dk\/produkt\/iwhite-glow-whitening-kit\/\" \/>\n<meta property=\"og:locale\" content=\"da_DK\" \/>\n<meta property=\"og:type\" content=\"article\" \/>\n<meta property=\"og:title\" content=\"iWhite Glow Whitening Kit - iWhite\" \/>\n<meta property=\"og:description\" content=\"Et nyt og revolutionerende s\u00e6t som bleger dine t\u00e6nder og som g\u00f8r dine t\u00e6nder op til 8 nuancer hvidere... men som ogs\u00e5 f\u00e5r dem til at funkle og skinne? Vi har l\u00f8sningen til dig!\" \/>\n<meta property=\"og:url\" content=\"https:\/\/iwhiteinstant.com\/dk\/produkt\/iwhite-glow-whitening-kit\/\" \/>\n<meta property=\"og:site_name\" content=\"iWhite\" \/>\n<meta property=\"article:modified_time\" content=\"2026-03-24T07:28:57+00:00\" \/>\n<meta property=\"og:image\" content=\"https:\/\/iwhiteinstant.com\/app\/uploads\/sites\/4\/2024\/04\/iWhite-Glow-whitening-kit.png\" \/>\n\t<meta property=\"og:image:width\" content=\"800\" \/>\n\t<meta property=\"og:image:height\" content=\"800\" \/>\n\t<meta property=\"og:image:type\" content=\"image\/png\" \/>\n<meta name=\"twitter:card\" content=\"summary_large_image\" \/>\n<meta name=\"twitter:label1\" content=\"Estimeret l\u00e6setid\" \/>\n\t<meta name=\"twitter:data1\" content=\"2 minutter\" \/>\n<script type=\"application\/ld+json\" class=\"yoast-schema-graph\">{\"@context\":\"https:\/\/schema.org\",\"@graph\":[{\"@type\":\"WebPage\",\"@id\":\"https:\/\/iwhiteinstant.com\/dk\/produkt\/iwhite-glow-whitening-kit\/\",\"url\":\"https:\/\/iwhiteinstant.com\/dk\/produkt\/iwhite-glow-whitening-kit\/\",\"name\":\"iWhite Glow Whitening Kit - iWhite\",\"isPartOf\":{\"@id\":\"https:\/\/iwhiteinstant.com\/dk\/#website\"},\"primaryImageOfPage\":{\"@id\":\"https:\/\/iwhiteinstant.com\/dk\/produkt\/iwhite-glow-whitening-kit\/#primaryimage\"},\"image\":{\"@id\":\"https:\/\/iwhiteinstant.com\/dk\/produkt\/iwhite-glow-whitening-kit\/#primaryimage\"},\"thumbnailUrl\":\"https:\/\/iwhiteinstant.com\/app\/uploads\/sites\/4\/2024\/04\/iWhite-Glow-whitening-kit.png\",\"datePublished\":\"2024-04-26T12:34:43+00:00\",\"dateModified\":\"2026-03-24T07:28:57+00:00\",\"description\":\"Et nyt og revolutionerende s\u00e6t som bleger dine t\u00e6nder og som g\u00f8r dine t\u00e6nder op til 8 nuancer hvidere... men som ogs\u00e5 f\u00e5r dem til at funkle og skinne? Vi har l\u00f8sningen til dig!\",\"breadcrumb\":{\"@id\":\"https:\/\/iwhiteinstant.com\/dk\/produkt\/iwhite-glow-whitening-kit\/#breadcrumb\"},\"inLanguage\":\"da-DK\",\"potentialAction\":[{\"@type\":\"ReadAction\",\"target\":[\"https:\/\/iwhiteinstant.com\/dk\/produkt\/iwhite-glow-whitening-kit\/\"]}]},{\"@type\":\"ImageObject\",\"inLanguage\":\"da-DK\",\"@id\":\"https:\/\/iwhiteinstant.com\/dk\/produkt\/iwhite-glow-whitening-kit\/#primaryimage\",\"url\":\"https:\/\/iwhiteinstant.com\/app\/uploads\/sites\/4\/2024\/04\/iWhite-Glow-whitening-kit.png\",\"contentUrl\":\"https:\/\/iwhiteinstant.com\/app\/uploads\/sites\/4\/2024\/04\/iWhite-Glow-whitening-kit.png\",\"width\":800,\"height\":800,\"caption\":\"iWhite-Glow-whitening-kit\"},{\"@type\":\"BreadcrumbList\",\"@id\":\"https:\/\/iwhiteinstant.com\/dk\/produkt\/iwhite-glow-whitening-kit\/#breadcrumb\",\"itemListElement\":[{\"@type\":\"ListItem\",\"position\":1,\"name\":\"Home\",\"item\":\"https:\/\/iwhiteinstant.com\/dk\/\"},{\"@type\":\"ListItem\",\"position\":2,\"name\":\"iWhite-serien\",\"item\":\"https:\/\/iwhiteinstant.com\/dk\/iwhite-serien\/\"},{\"@type\":\"ListItem\",\"position\":3,\"name\":\"iWhite Glow Whitening Kit\"}]},{\"@type\":\"WebSite\",\"@id\":\"https:\/\/iwhiteinstant.com\/dk\/#website\",\"url\":\"https:\/\/iwhiteinstant.com\/dk\/\",\"name\":\"iWhite\",\"description\":\"\",\"publisher\":{\"@id\":\"https:\/\/iwhiteinstant.com\/dk\/#organization\"},\"potentialAction\":[{\"@type\":\"SearchAction\",\"target\":{\"@type\":\"EntryPoint\",\"urlTemplate\":\"https:\/\/iwhiteinstant.com\/dk\/?s={search_term_string}\"},\"query-input\":{\"@type\":\"PropertyValueSpecification\",\"valueRequired\":true,\"valueName\":\"search_term_string\"}}],\"inLanguage\":\"da-DK\"},{\"@type\":\"Organization\",\"@id\":\"https:\/\/iwhiteinstant.com\/dk\/#organization\",\"name\":\"iWhite\",\"url\":\"https:\/\/iwhiteinstant.com\/dk\/\",\"logo\":{\"@type\":\"ImageObject\",\"inLanguage\":\"da-DK\",\"@id\":\"https:\/\/iwhiteinstant.com\/dk\/#\/schema\/logo\/image\/\",\"url\":\"https:\/\/iwhiteinstant.com\/app\/uploads\/sites\/4\/2024\/04\/Iwhite-logo.png\",\"contentUrl\":\"https:\/\/iwhiteinstant.com\/app\/uploads\/sites\/4\/2024\/04\/Iwhite-logo.png\",\"width\":160,\"height\":40,\"caption\":\"iWhite\"},\"image\":{\"@id\":\"https:\/\/iwhiteinstant.com\/dk\/#\/schema\/logo\/image\/\"}}]}<\/script>\n<!-- \/ Yoast SEO plugin. -->","yoast_head_json":{"title":"iWhite Glow Whitening Kit - iWhite","description":"Et nyt og revolutionerende s\u00e6t som bleger dine t\u00e6nder og som g\u00f8r dine t\u00e6nder op til 8 nuancer hvidere... men som ogs\u00e5 f\u00e5r dem til at funkle og skinne? Vi har l\u00f8sningen til dig!","robots":{"index":"index","follow":"follow","max-snippet":"max-snippet:-1","max-image-preview":"max-image-preview:large","max-video-preview":"max-video-preview:-1"},"canonical":"https:\/\/iwhiteinstant.com\/dk\/produkt\/iwhite-glow-whitening-kit\/","og_locale":"da_DK","og_type":"article","og_title":"iWhite Glow Whitening Kit - iWhite","og_description":"Et nyt og revolutionerende s\u00e6t som bleger dine t\u00e6nder og som g\u00f8r dine t\u00e6nder op til 8 nuancer hvidere... men som ogs\u00e5 f\u00e5r dem til at funkle og skinne? Vi har l\u00f8sningen til dig!","og_url":"https:\/\/iwhiteinstant.com\/dk\/produkt\/iwhite-glow-whitening-kit\/","og_site_name":"iWhite","article_modified_time":"2026-03-24T07:28:57+00:00","og_image":[{"width":800,"height":800,"url":"https:\/\/iwhiteinstant.com\/app\/uploads\/sites\/4\/2024\/04\/iWhite-Glow-whitening-kit.png","type":"image\/png"}],"twitter_card":"summary_large_image","twitter_misc":{"Estimeret l\u00e6setid":"2 minutter"},"schema":{"@context":"https:\/\/schema.org","@graph":[{"@type":"WebPage","@id":"https:\/\/iwhiteinstant.com\/dk\/produkt\/iwhite-glow-whitening-kit\/","url":"https:\/\/iwhiteinstant.com\/dk\/produkt\/iwhite-glow-whitening-kit\/","name":"iWhite Glow Whitening Kit - iWhite","isPartOf":{"@id":"https:\/\/iwhiteinstant.com\/dk\/#website"},"primaryImageOfPage":{"@id":"https:\/\/iwhiteinstant.com\/dk\/produkt\/iwhite-glow-whitening-kit\/#primaryimage"},"image":{"@id":"https:\/\/iwhiteinstant.com\/dk\/produkt\/iwhite-glow-whitening-kit\/#primaryimage"},"thumbnailUrl":"https:\/\/iwhiteinstant.com\/app\/uploads\/sites\/4\/2024\/04\/iWhite-Glow-whitening-kit.png","datePublished":"2024-04-26T12:34:43+00:00","dateModified":"2026-03-24T07:28:57+00:00","description":"Et nyt og revolutionerende s\u00e6t som bleger dine t\u00e6nder og som g\u00f8r dine t\u00e6nder op til 8 nuancer hvidere... men som ogs\u00e5 f\u00e5r dem til at funkle og skinne? Vi har l\u00f8sningen til dig!","breadcrumb":{"@id":"https:\/\/iwhiteinstant.com\/dk\/produkt\/iwhite-glow-whitening-kit\/#breadcrumb"},"inLanguage":"da-DK","potentialAction":[{"@type":"ReadAction","target":["https:\/\/iwhiteinstant.com\/dk\/produkt\/iwhite-glow-whitening-kit\/"]}]},{"@type":"ImageObject","inLanguage":"da-DK","@id":"https:\/\/iwhiteinstant.com\/dk\/produkt\/iwhite-glow-whitening-kit\/#primaryimage","url":"https:\/\/iwhiteinstant.com\/app\/uploads\/sites\/4\/2024\/04\/iWhite-Glow-whitening-kit.png","contentUrl":"https:\/\/iwhiteinstant.com\/app\/uploads\/sites\/4\/2024\/04\/iWhite-Glow-whitening-kit.png","width":800,"height":800,"caption":"iWhite-Glow-whitening-kit"},{"@type":"BreadcrumbList","@id":"https:\/\/iwhiteinstant.com\/dk\/produkt\/iwhite-glow-whitening-kit\/#breadcrumb","itemListElement":[{"@type":"ListItem","position":1,"name":"Home","item":"https:\/\/iwhiteinstant.com\/dk\/"},{"@type":"ListItem","position":2,"name":"iWhite-serien","item":"https:\/\/iwhiteinstant.com\/dk\/iwhite-serien\/"},{"@type":"ListItem","position":3,"name":"iWhite Glow Whitening Kit"}]},{"@type":"WebSite","@id":"https:\/\/iwhiteinstant.com\/dk\/#website","url":"https:\/\/iwhiteinstant.com\/dk\/","name":"iWhite","description":"","publisher":{"@id":"https:\/\/iwhiteinstant.com\/dk\/#organization"},"potentialAction":[{"@type":"SearchAction","target":{"@type":"EntryPoint","urlTemplate":"https:\/\/iwhiteinstant.com\/dk\/?s={search_term_string}"},"query-input":{"@type":"PropertyValueSpecification","valueRequired":true,"valueName":"search_term_string"}}],"inLanguage":"da-DK"},{"@type":"Organization","@id":"https:\/\/iwhiteinstant.com\/dk\/#organization","name":"iWhite","url":"https:\/\/iwhiteinstant.com\/dk\/","logo":{"@type":"ImageObject","inLanguage":"da-DK","@id":"https:\/\/iwhiteinstant.com\/dk\/#\/schema\/logo\/image\/","url":"https:\/\/iwhiteinstant.com\/app\/uploads\/sites\/4\/2024\/04\/Iwhite-logo.png","contentUrl":"https:\/\/iwhiteinstant.com\/app\/uploads\/sites\/4\/2024\/04\/Iwhite-logo.png","width":160,"height":40,"caption":"iWhite"},"image":{"@id":"https:\/\/iwhiteinstant.com\/dk\/#\/schema\/logo\/image\/"}}]}},"_links":{"self":[{"href":"https:\/\/iwhiteinstant.com\/dk\/wp-json\/wp\/v2\/product\/58","targetHints":{"allow":["GET"]}}],"collection":[{"href":"https:\/\/iwhiteinstant.com\/dk\/wp-json\/wp\/v2\/product"}],"about":[{"href":"https:\/\/iwhiteinstant.com\/dk\/wp-json\/wp\/v2\/types\/product"}],"replies":[{"embeddable":true,"href":"https:\/\/iwhiteinstant.com\/dk\/wp-json\/wp\/v2\/comments?post=58"}],"version-history":[{"count":10,"href":"https:\/\/iwhiteinstant.com\/dk\/wp-json\/wp\/v2\/product\/58\/revisions"}],"predecessor-version":[{"id":366,"href":"https:\/\/iwhiteinstant.com\/dk\/wp-json\/wp\/v2\/product\/58\/revisions\/366"}],"wp:featuredmedia":[{"embeddable":true,"href":"https:\/\/iwhiteinstant.com\/dk\/wp-json\/wp\/v2\/media\/91"}],"wp:attachment":[{"href":"https:\/\/iwhiteinstant.com\/dk\/wp-json\/wp\/v2\/media?parent=58"}],"wp:term":[{"taxonomy":"product_brand","embeddable":true,"href":"https:\/\/iwhiteinstant.com\/dk\/wp-json\/wp\/v2\/product_brand?post=58"},{"taxonomy":"product_cat","embeddable":true,"href":"https:\/\/iwhiteinstant.com\/dk\/wp-json\/wp\/v2\/product_cat?post=58"},{"taxonomy":"product_tag","embeddable":true,"href":"https:\/\/iwhiteinstant.com\/dk\/wp-json\/wp\/v2\/product_tag?post=58"}],"curies":[{"name":"wp","href":"https:\/\/api.w.org\/{rel}","templated":true}]}}