{"id":61,"date":"2024-04-26T14:35:24","date_gmt":"2024-04-26T12:35:24","guid":{"rendered":"https:\/\/iwhiteinstant.com\/dk\/?post_type=product&#038;p=61"},"modified":"2026-03-16T14:33:06","modified_gmt":"2026-03-16T13:33:06","slug":"iwhite-naturligt-oploesende-blegestrips","status":"publish","type":"product","link":"https:\/\/iwhiteinstant.com\/dk\/produkt\/iwhite-naturligt-oploesende-blegestrips\/","title":{"rendered":"iWhite naturligt opl\u00f8selige blegestrips"},"content":{"rendered":"\n<div class=\"wp-block-karopharma-accordions is-style-secondary\"><div class=\"container\">\n<details class=\"wp-block-karopharma-accordion\"><summary><h2 class=\"accordion-title\">Lysere og hvidere t\u00e6nder takket v\u00e6re vores banebrydende iwhite triple-action-teknologi<\/h2><\/summary><div class=\"accordion-content\">\n<p><strong>Op til 7 nuancer hvidere t\u00e6nder<br><\/strong>iWhite var og er f\u00f8rende inden for tandblegning uden brug af hydrogenperoxid. iWhite Natural Dissolving Whitening Strips er formuleret med samme iWhite-teknologi, som findes i vores h\u00f8jtydende, hydrogenperoxidfrie tandblegningss\u00e6t. Det betyder, at de er klinisk dokumenteret b\u00e5de sikre og effektive. Og resultatet? Et str\u00e5lende, hvidt smil med op til 7 nuancer hvidere t\u00e6nder!<\/p>\n\n\n\n<p><strong>Tilsat 100 % naturlige tandblegningsaktiver<\/strong><br>Visse frugter som papain og jordb\u00e6r har evnen til at blege t\u00e6nderne! Lad os dele lidt viden om disse power whitening-frugter, som giver dig det store, hvide smil:<\/p>\n\n\n\n<p><strong><mark style=\"background-color:rgba(0, 0, 0, 0)\" class=\"has-inline-color has-secondary-color\">Papain<\/mark><\/strong> fjerner proteindelen af plak og fjerner dermed pletter, der er bundet til disse proteiner. Det er klinisk bevist, at du har en blegende effekt efter 1 p\u00e5f\u00f8ring.<\/p>\n\n\n\n<p><strong><mark style=\"background-color:rgba(0, 0, 0, 0)\" class=\"has-inline-color has-secondary-color\">Jordb\u00e6r<\/mark><\/strong> er ogs\u00e5 kendt som st\u00e6rke naturlige blegemidler. Det er klinisk bevist, at jordb\u00e6r har tandblegende og rensende effekter, som hj\u00e6lper med at opl\u00f8se pletter.<\/p>\n<\/div><\/details>\n\n\n\n<details class=\"wp-block-karopharma-accordion\"><summary><h2 class=\"accordion-title\">Hvordan anvendes produktet?<\/h2><\/summary><div class=\"accordion-content\">\n<p>Du skal bare placere blegestrimlerne p\u00e5 dine t\u00e6nder og lade dem g\u00f8re arbejdet for dig. De vil blege og derefter opl\u00f8ses automatisk. Intet b\u00f8vl eller besv\u00e6r, du kan bruge stripsene n\u00e5r som helst og hvor som helst, du vil blege dine t\u00e6nder!<\/p>\n\n\n\n<p>Hvad venter du p\u00e5? Du kan starte med det samme, s\u00e5 snart du \u00e5bner pakken. Brug den i 14 dage for de mest forbl\u00f8ffende og optimale resultater.<\/p>\n<\/div><\/details>\n<\/div><\/div>\n\n\n\n<div class=\"wp-block-karopharma-free-text pt-large pb-none bg-center bg-cover bg-no-repeat\" style=\"background-image:url()\"><div class=\"free-text-wrapper container max-w-medium text-center\">\n<h2 class=\"is-style-heading-h2 has-primary-color has-text-color wp-block-heading\">iWhite produktsortiment<\/h2>\n<\/div><\/div>\n","protected":false},"excerpt":{"rendered":"<p>Bleger dine t\u00e6nder, n\u00e5r som helst hvor som helst.<\/p>\n","protected":false},"featured_media":90,"comment_status":"closed","ping_status":"closed","template":"","meta":{"_acf_changed":false,"footnotes":""},"product_brand":[],"product_cat":[21],"product_tag":[],"class_list":{"0":"post-61","1":"product","2":"type-product","3":"status-publish","4":"has-post-thumbnail","6":"product_cat-tandblegningsstrimler","8":"first","9":"instock","10":"shipping-taxable","11":"product-type-simple"},"acf":[],"yoast_head":"<!-- This site is optimized with the Yoast SEO plugin v26.6 - https:\/\/yoast.com\/wordpress\/plugins\/seo\/ -->\n<title>iWhite naturligt opl\u00f8selige blegestrips - iWhite<\/title>\n<meta name=\"description\" content=\"iWhite Natural opl\u00f8sende tandblegestrimler som bleger dine t\u00e6nder sikkert, hvor som helst og n\u00e5r som helst uden at skade t\u00e6nder eller emalje. Ovenik\u00f8bet er disse revolutionerende strimler fyldt med 100% naturlige ingredienser\" \/>\n<meta name=\"robots\" content=\"index, follow, max-snippet:-1, max-image-preview:large, max-video-preview:-1\" \/>\n<link rel=\"canonical\" href=\"https:\/\/iwhiteinstant.com\/dk\/produkt\/iwhite-naturligt-oploesende-blegestrips\/\" \/>\n<meta property=\"og:locale\" content=\"da_DK\" \/>\n<meta property=\"og:type\" content=\"article\" \/>\n<meta property=\"og:title\" content=\"iWhite naturligt opl\u00f8selige blegestrips - iWhite\" \/>\n<meta property=\"og:description\" content=\"iWhite Natural opl\u00f8sende tandblegestrimler som bleger dine t\u00e6nder sikkert, hvor som helst og n\u00e5r som helst uden at skade t\u00e6nder eller emalje. Ovenik\u00f8bet er disse revolutionerende strimler fyldt med 100% naturlige ingredienser\" \/>\n<meta property=\"og:url\" content=\"https:\/\/iwhiteinstant.com\/dk\/produkt\/iwhite-naturligt-oploesende-blegestrips\/\" \/>\n<meta property=\"og:site_name\" content=\"iWhite\" \/>\n<meta property=\"article:modified_time\" content=\"2026-03-16T13:33:06+00:00\" \/>\n<meta property=\"og:image\" content=\"https:\/\/iwhiteinstant.com\/app\/uploads\/sites\/4\/2024\/04\/iWhite-Natural-Dissolving-Whitening-Strips.png\" \/>\n\t<meta property=\"og:image:width\" content=\"800\" \/>\n\t<meta property=\"og:image:height\" content=\"800\" \/>\n\t<meta property=\"og:image:type\" content=\"image\/png\" \/>\n<meta name=\"twitter:card\" content=\"summary_large_image\" \/>\n<meta name=\"twitter:label1\" content=\"Estimeret l\u00e6setid\" \/>\n\t<meta name=\"twitter:data1\" content=\"3 minutter\" \/>\n<script type=\"application\/ld+json\" class=\"yoast-schema-graph\">{\"@context\":\"https:\/\/schema.org\",\"@graph\":[{\"@type\":\"WebPage\",\"@id\":\"https:\/\/iwhiteinstant.com\/dk\/produkt\/iwhite-naturligt-oploesende-blegestrips\/\",\"url\":\"https:\/\/iwhiteinstant.com\/dk\/produkt\/iwhite-naturligt-oploesende-blegestrips\/\",\"name\":\"iWhite naturligt opl\u00f8selige blegestrips - iWhite\",\"isPartOf\":{\"@id\":\"https:\/\/iwhiteinstant.com\/dk\/#website\"},\"primaryImageOfPage\":{\"@id\":\"https:\/\/iwhiteinstant.com\/dk\/produkt\/iwhite-naturligt-oploesende-blegestrips\/#primaryimage\"},\"image\":{\"@id\":\"https:\/\/iwhiteinstant.com\/dk\/produkt\/iwhite-naturligt-oploesende-blegestrips\/#primaryimage\"},\"thumbnailUrl\":\"https:\/\/iwhiteinstant.com\/app\/uploads\/sites\/4\/2024\/04\/iWhite-Natural-Dissolving-Whitening-Strips.png\",\"datePublished\":\"2024-04-26T12:35:24+00:00\",\"dateModified\":\"2026-03-16T13:33:06+00:00\",\"description\":\"iWhite Natural opl\u00f8sende tandblegestrimler som bleger dine t\u00e6nder sikkert, hvor som helst og n\u00e5r som helst uden at skade t\u00e6nder eller emalje. Ovenik\u00f8bet er disse revolutionerende strimler fyldt med 100% naturlige ingredienser\",\"breadcrumb\":{\"@id\":\"https:\/\/iwhiteinstant.com\/dk\/produkt\/iwhite-naturligt-oploesende-blegestrips\/#breadcrumb\"},\"inLanguage\":\"da-DK\",\"potentialAction\":[{\"@type\":\"ReadAction\",\"target\":[\"https:\/\/iwhiteinstant.com\/dk\/produkt\/iwhite-naturligt-oploesende-blegestrips\/\"]}]},{\"@type\":\"ImageObject\",\"inLanguage\":\"da-DK\",\"@id\":\"https:\/\/iwhiteinstant.com\/dk\/produkt\/iwhite-naturligt-oploesende-blegestrips\/#primaryimage\",\"url\":\"https:\/\/iwhiteinstant.com\/app\/uploads\/sites\/4\/2024\/04\/iWhite-Natural-Dissolving-Whitening-Strips.png\",\"contentUrl\":\"https:\/\/iwhiteinstant.com\/app\/uploads\/sites\/4\/2024\/04\/iWhite-Natural-Dissolving-Whitening-Strips.png\",\"width\":800,\"height\":800,\"caption\":\"iWhite-Natural-Dissolving-Whitening-Strips\"},{\"@type\":\"BreadcrumbList\",\"@id\":\"https:\/\/iwhiteinstant.com\/dk\/produkt\/iwhite-naturligt-oploesende-blegestrips\/#breadcrumb\",\"itemListElement\":[{\"@type\":\"ListItem\",\"position\":1,\"name\":\"Home\",\"item\":\"https:\/\/iwhiteinstant.com\/dk\/\"},{\"@type\":\"ListItem\",\"position\":2,\"name\":\"iWhite-serien\",\"item\":\"https:\/\/iwhiteinstant.com\/dk\/iwhite-serien\/\"},{\"@type\":\"ListItem\",\"position\":3,\"name\":\"iWhite naturligt opl\u00f8selige blegestrips\"}]},{\"@type\":\"WebSite\",\"@id\":\"https:\/\/iwhiteinstant.com\/dk\/#website\",\"url\":\"https:\/\/iwhiteinstant.com\/dk\/\",\"name\":\"iWhite\",\"description\":\"\",\"publisher\":{\"@id\":\"https:\/\/iwhiteinstant.com\/dk\/#organization\"},\"potentialAction\":[{\"@type\":\"SearchAction\",\"target\":{\"@type\":\"EntryPoint\",\"urlTemplate\":\"https:\/\/iwhiteinstant.com\/dk\/?s={search_term_string}\"},\"query-input\":{\"@type\":\"PropertyValueSpecification\",\"valueRequired\":true,\"valueName\":\"search_term_string\"}}],\"inLanguage\":\"da-DK\"},{\"@type\":\"Organization\",\"@id\":\"https:\/\/iwhiteinstant.com\/dk\/#organization\",\"name\":\"iWhite\",\"url\":\"https:\/\/iwhiteinstant.com\/dk\/\",\"logo\":{\"@type\":\"ImageObject\",\"inLanguage\":\"da-DK\",\"@id\":\"https:\/\/iwhiteinstant.com\/dk\/#\/schema\/logo\/image\/\",\"url\":\"https:\/\/iwhiteinstant.com\/app\/uploads\/sites\/4\/2024\/04\/Iwhite-logo.png\",\"contentUrl\":\"https:\/\/iwhiteinstant.com\/app\/uploads\/sites\/4\/2024\/04\/Iwhite-logo.png\",\"width\":160,\"height\":40,\"caption\":\"iWhite\"},\"image\":{\"@id\":\"https:\/\/iwhiteinstant.com\/dk\/#\/schema\/logo\/image\/\"}}]}<\/script>\n<!-- \/ Yoast SEO plugin. -->","yoast_head_json":{"title":"iWhite naturligt opl\u00f8selige blegestrips - iWhite","description":"iWhite Natural opl\u00f8sende tandblegestrimler som bleger dine t\u00e6nder sikkert, hvor som helst og n\u00e5r som helst uden at skade t\u00e6nder eller emalje. Ovenik\u00f8bet er disse revolutionerende strimler fyldt med 100% naturlige ingredienser","robots":{"index":"index","follow":"follow","max-snippet":"max-snippet:-1","max-image-preview":"max-image-preview:large","max-video-preview":"max-video-preview:-1"},"canonical":"https:\/\/iwhiteinstant.com\/dk\/produkt\/iwhite-naturligt-oploesende-blegestrips\/","og_locale":"da_DK","og_type":"article","og_title":"iWhite naturligt opl\u00f8selige blegestrips - iWhite","og_description":"iWhite Natural opl\u00f8sende tandblegestrimler som bleger dine t\u00e6nder sikkert, hvor som helst og n\u00e5r som helst uden at skade t\u00e6nder eller emalje. Ovenik\u00f8bet er disse revolutionerende strimler fyldt med 100% naturlige ingredienser","og_url":"https:\/\/iwhiteinstant.com\/dk\/produkt\/iwhite-naturligt-oploesende-blegestrips\/","og_site_name":"iWhite","article_modified_time":"2026-03-16T13:33:06+00:00","og_image":[{"width":800,"height":800,"url":"https:\/\/iwhiteinstant.com\/app\/uploads\/sites\/4\/2024\/04\/iWhite-Natural-Dissolving-Whitening-Strips.png","type":"image\/png"}],"twitter_card":"summary_large_image","twitter_misc":{"Estimeret l\u00e6setid":"3 minutter"},"schema":{"@context":"https:\/\/schema.org","@graph":[{"@type":"WebPage","@id":"https:\/\/iwhiteinstant.com\/dk\/produkt\/iwhite-naturligt-oploesende-blegestrips\/","url":"https:\/\/iwhiteinstant.com\/dk\/produkt\/iwhite-naturligt-oploesende-blegestrips\/","name":"iWhite naturligt opl\u00f8selige blegestrips - iWhite","isPartOf":{"@id":"https:\/\/iwhiteinstant.com\/dk\/#website"},"primaryImageOfPage":{"@id":"https:\/\/iwhiteinstant.com\/dk\/produkt\/iwhite-naturligt-oploesende-blegestrips\/#primaryimage"},"image":{"@id":"https:\/\/iwhiteinstant.com\/dk\/produkt\/iwhite-naturligt-oploesende-blegestrips\/#primaryimage"},"thumbnailUrl":"https:\/\/iwhiteinstant.com\/app\/uploads\/sites\/4\/2024\/04\/iWhite-Natural-Dissolving-Whitening-Strips.png","datePublished":"2024-04-26T12:35:24+00:00","dateModified":"2026-03-16T13:33:06+00:00","description":"iWhite Natural opl\u00f8sende tandblegestrimler som bleger dine t\u00e6nder sikkert, hvor som helst og n\u00e5r som helst uden at skade t\u00e6nder eller emalje. Ovenik\u00f8bet er disse revolutionerende strimler fyldt med 100% naturlige ingredienser","breadcrumb":{"@id":"https:\/\/iwhiteinstant.com\/dk\/produkt\/iwhite-naturligt-oploesende-blegestrips\/#breadcrumb"},"inLanguage":"da-DK","potentialAction":[{"@type":"ReadAction","target":["https:\/\/iwhiteinstant.com\/dk\/produkt\/iwhite-naturligt-oploesende-blegestrips\/"]}]},{"@type":"ImageObject","inLanguage":"da-DK","@id":"https:\/\/iwhiteinstant.com\/dk\/produkt\/iwhite-naturligt-oploesende-blegestrips\/#primaryimage","url":"https:\/\/iwhiteinstant.com\/app\/uploads\/sites\/4\/2024\/04\/iWhite-Natural-Dissolving-Whitening-Strips.png","contentUrl":"https:\/\/iwhiteinstant.com\/app\/uploads\/sites\/4\/2024\/04\/iWhite-Natural-Dissolving-Whitening-Strips.png","width":800,"height":800,"caption":"iWhite-Natural-Dissolving-Whitening-Strips"},{"@type":"BreadcrumbList","@id":"https:\/\/iwhiteinstant.com\/dk\/produkt\/iwhite-naturligt-oploesende-blegestrips\/#breadcrumb","itemListElement":[{"@type":"ListItem","position":1,"name":"Home","item":"https:\/\/iwhiteinstant.com\/dk\/"},{"@type":"ListItem","position":2,"name":"iWhite-serien","item":"https:\/\/iwhiteinstant.com\/dk\/iwhite-serien\/"},{"@type":"ListItem","position":3,"name":"iWhite naturligt opl\u00f8selige blegestrips"}]},{"@type":"WebSite","@id":"https:\/\/iwhiteinstant.com\/dk\/#website","url":"https:\/\/iwhiteinstant.com\/dk\/","name":"iWhite","description":"","publisher":{"@id":"https:\/\/iwhiteinstant.com\/dk\/#organization"},"potentialAction":[{"@type":"SearchAction","target":{"@type":"EntryPoint","urlTemplate":"https:\/\/iwhiteinstant.com\/dk\/?s={search_term_string}"},"query-input":{"@type":"PropertyValueSpecification","valueRequired":true,"valueName":"search_term_string"}}],"inLanguage":"da-DK"},{"@type":"Organization","@id":"https:\/\/iwhiteinstant.com\/dk\/#organization","name":"iWhite","url":"https:\/\/iwhiteinstant.com\/dk\/","logo":{"@type":"ImageObject","inLanguage":"da-DK","@id":"https:\/\/iwhiteinstant.com\/dk\/#\/schema\/logo\/image\/","url":"https:\/\/iwhiteinstant.com\/app\/uploads\/sites\/4\/2024\/04\/Iwhite-logo.png","contentUrl":"https:\/\/iwhiteinstant.com\/app\/uploads\/sites\/4\/2024\/04\/Iwhite-logo.png","width":160,"height":40,"caption":"iWhite"},"image":{"@id":"https:\/\/iwhiteinstant.com\/dk\/#\/schema\/logo\/image\/"}}]}},"_links":{"self":[{"href":"https:\/\/iwhiteinstant.com\/dk\/wp-json\/wp\/v2\/product\/61","targetHints":{"allow":["GET"]}}],"collection":[{"href":"https:\/\/iwhiteinstant.com\/dk\/wp-json\/wp\/v2\/product"}],"about":[{"href":"https:\/\/iwhiteinstant.com\/dk\/wp-json\/wp\/v2\/types\/product"}],"replies":[{"embeddable":true,"href":"https:\/\/iwhiteinstant.com\/dk\/wp-json\/wp\/v2\/comments?post=61"}],"version-history":[{"count":10,"href":"https:\/\/iwhiteinstant.com\/dk\/wp-json\/wp\/v2\/product\/61\/revisions"}],"predecessor-version":[{"id":365,"href":"https:\/\/iwhiteinstant.com\/dk\/wp-json\/wp\/v2\/product\/61\/revisions\/365"}],"wp:featuredmedia":[{"embeddable":true,"href":"https:\/\/iwhiteinstant.com\/dk\/wp-json\/wp\/v2\/media\/90"}],"wp:attachment":[{"href":"https:\/\/iwhiteinstant.com\/dk\/wp-json\/wp\/v2\/media?parent=61"}],"wp:term":[{"taxonomy":"product_brand","embeddable":true,"href":"https:\/\/iwhiteinstant.com\/dk\/wp-json\/wp\/v2\/product_brand?post=61"},{"taxonomy":"product_cat","embeddable":true,"href":"https:\/\/iwhiteinstant.com\/dk\/wp-json\/wp\/v2\/product_cat?post=61"},{"taxonomy":"product_tag","embeddable":true,"href":"https:\/\/iwhiteinstant.com\/dk\/wp-json\/wp\/v2\/product_tag?post=61"}],"curies":[{"name":"wp","href":"https:\/\/api.w.org\/{rel}","templated":true}]}}