{"id":64,"date":"2024-04-26T14:36:38","date_gmt":"2024-04-26T12:36:38","guid":{"rendered":"https:\/\/iwhiteinstant.com\/dk\/?post_type=product&#038;p=64"},"modified":"2024-12-18T11:52:38","modified_gmt":"2024-12-18T10:52:38","slug":"iwhite-supreme-tandpasta","status":"publish","type":"product","link":"https:\/\/iwhiteinstant.com\/dk\/produkt\/iwhite-supreme-tandpasta\/","title":{"rendered":"iWhite Supreme Tandpasta"},"content":{"rendered":"\n<div class=\"wp-block-karopharma-free-text pt-large pb-small bg-center bg-cover bg-no-repeat\" style=\"background-image:url()\"><div class=\"free-text-wrapper container max-w-medium text-left\">\n<h2 class=\"wp-block-heading is-style-heading-h2\">N\u00e5r to bliver til \u00e9n: en kombination af unikke teknologier<\/h2>\n\n\n\n<p>iWhite er kendt for sin unikke <strong>iWhite-teknologi<\/strong> med P.A.P., som er et st\u00e6rkt pletfjernende molekyle, der nedbryder misfarvninger p\u00e5 t\u00e6nderne i sm\u00e5 stykker uden at p\u00e5virke t\u00e6ndernes struktur. Derfor er din tandemalje og dit tandk\u00f8d helt sikre, fordi iWhite-teknologien udelukkende arbejder p\u00e5 selve pletterne p\u00e5 t\u00e6nderne, hvilket f\u00f8rer til klart hvidere t\u00e6nder og giver dig det str\u00e5lende hvide smil.<\/p>\n\n\n\n<p>Med en konstant innovativ tankegang har iWhite udviklet en ny teknologi, som underst\u00f8tter iWhite-teknologien og g\u00f8r det muligt at opn\u00e5 endnu bedre resultater.<\/p>\n<\/div><\/div>\n\n\n\n<div class=\"wp-block-karopharma-product-promotion text-align-right pt-medium pb-medium bg-center bg-cover bg-no-repeat\" style=\"background-image:url()\"><div class=\"container max-w-medium\">\n<div class=\"wp-block-group is-layout-flow wp-block-group-is-layout-flow\">\n<figure class=\"wp-block-karopharma-product-promotion-image product-promotion-image\"><img fetchpriority=\"high\" decoding=\"async\" datatest=\"image\" src=\"https:\/\/iwhiteinstant.com\/cdn-cgi\/image\/format=auto\/app\/uploads\/sites\/2\/2024\/03\/Active-Micropearls-Technology.png\" loading=\"eager\" alt=\"Active-Micropearls-Technology\" width=\"518\" height=\"432\" srcset=\"https:\/\/iwhiteinstant.com\/cdn-cgi\/image\/format=auto,width=584\/app\/uploads\/sites\/2\/2024\/03\/Active-Micropearls-Technology.png 584w, https:\/\/iwhiteinstant.com\/cdn-cgi\/image\/format=auto,width=272\/app\/uploads\/sites\/2\/2024\/03\/Active-Micropearls-Technology.png 272w\" sizes=\"(max-width: 584px) 100vw, 584px\"\/><\/figure>\n<\/div>\n\n\n\n<div class=\"wp-block-group is-layout-flow wp-block-group-is-layout-flow\">\n<h2 class=\"wp-block-heading heading is-style-heading-h4\">L\u00e6r iWhites nyeste Active Micropearls Technology at kende<\/h2>\n\n\n\n<p class=\"paragraph is-style-paragraph-body-text\">Ved at bruge Active Micropearls Technology er det muligt at f\u00e5 en m\u00e5lrettet frigivelse af de aktive ingredienser. S\u00e5 n\u00e5r du b\u00f8rster t\u00e6nder, frigives de koncentrerede aktive stoffer direkte til emaljen. I iWhite Supreme Whitening Toothpaste indkapsler Active Micropearls Technology pletneutraliserende stoffer: pyrophosphater. Disse stoffer danner en beskyttende barriere over t\u00e6ndernes overflade og hj\u00e6lper med at forhindre misfarvning af t\u00e6nderne.<\/p>\n<\/div>\n<\/div><\/div>\n\n\n\n<div class=\"wp-block-karopharma-free-text pt-small pb-large bg-center bg-cover bg-no-repeat\" style=\"background-image:url()\"><div class=\"free-text-wrapper container max-w-medium text-left\">\n<h3 class=\"wp-block-heading is-style-heading-h4 has-primary-color has-text-color\">&#8220;Mens andre produkter kan miste deres effektivitet p\u00e5 grund af fordampning af ingredienser, bevarer iWhite&#8217;s Supreme Toothpaste hele tiden de st\u00e6rke, aktive ingredienser takket v\u00e6re mikroperlerne.&#8221;<\/h3>\n<\/div><\/div>\n\n\n\n<div class=\"wp-block-karopharma-free-text pt-large pb-none bg-center bg-cover bg-no-repeat  is-style-primary\" style=\"background-image:url()\"><div class=\"free-text-wrapper container max-w-medium text-center\">\n<h3 class=\"wp-block-heading is-style-heading-h2\">Rutine giver det bedste resultat<\/h3>\n\n\n\n<p class=\"is-style-paragraph-preamble\">For at opn\u00e5 de bedste blegningsresultater er det vigtigt at opretholde en rutine. Du kan kombinere vores tandpasta med vores whitening kit (m\u00e5nedligt) og med vores mundskyl &amp; interdental whitening (dagligt).<\/p>\n\n\n\n<div class=\"wp-block-buttons is-layout-flex wp-block-buttons-is-layout-flex\">\n<div class=\"wp-block-button\"><a class=\"wp-block-button__link wp-element-button\" href=\"https:\/\/iwhiteinstant.com\/dk\/iwhite-rutinen\/\">L\u00e6s mere om iWhite-rutinen<\/a><\/div>\n<\/div>\n<\/div><\/div>\n\n\n<div class=\"product-list wp-block-karopharma-product-list is-style-primary\" data-testid=\"product-list\">\n      <div class=\"swiper-container\">\n      <div class=\"swiper\">\n        <div class=\"swiper-wrapper\">\n                      <div class=\"swiper-slide\">\n              <div class=\"product-card\" data-testid=\"product-card\">\n  <a\n    href=https:\/\/iwhiteinstant.com\/dk\/produkt\/iwhite-classic-tandblegningssaet\/\n    class=\"product-card-link\"\n    title=\"iWhite Classic tandblegningss\u00e6t\"\n  >\n  <figure class=\"product-card-image\" data-testid=\"product-image\">\n                          <img decoding=\"async\" src=\"https:\/\/iwhiteinstant.com\/cdn-cgi\/image\/width=700,format=auto\/app\/uploads\/sites\/4\/2024\/04\/iWhite-Classic-whitening-kit.png\"\n        srcset=\"https:\/\/iwhiteinstant.com\/cdn-cgi\/image\/width=250,format=auto\/app\/uploads\/sites\/4\/2024\/04\/iWhite-Classic-whitening-kit.png 250w,\n                https:\/\/iwhiteinstant.com\/cdn-cgi\/image\/width=500,format=auto\/app\/uploads\/sites\/4\/2024\/04\/iWhite-Classic-whitening-kit.png 500w,\n                https:\/\/iwhiteinstant.com\/cdn-cgi\/image\/width=700,format=auto\/app\/uploads\/sites\/4\/2024\/04\/iWhite-Classic-whitening-kit.png 700w\"\n        sizes=\"(max-width: 400px) 250px, (max-width: 800px) 500px, 700px\"\n        alt=\"iWhite-Classic-whitening-kit\"\n        class=\"img\">\n            <\/figure>\n    <div class=\"product-card-content\">\n      <div class=\"heading-wrapper\">\n        <h2 class=\"heading\">iWhite Classic tandblegningss\u00e6t<\/h2>\n      <\/div>\n      <div class=\"product-card-description\">Bleger \u00f8jeblikkeligt dine t\u00e6nder op til 8 toner*.<\/div>\n                      <\/div>\n  <\/a>\n          <div class=\"button-wrapper buy-now \" data-testid=\"buy-now\">\n      <div class=\"buy-now-container dropdown-container\">\n      <div class=\"theme-button button-primary-color dropdown-link\" aria-label=\"K\u00f8b nu\">\n          K\u00f8b nu <i class=\"dropdown\"><\/i>\n      <\/div>\n      <ul class=\"reseller-list submenu\">\n                    <li>\n              <a\n                href=\"https:\/\/www.matas.dk\/iwhite-whitening-kit-classic-10-stk\" onclick=\"dataLayer.push({'event':'ga_event', 'eventCategory':'Click on Reseller', 'eventAction':'Matas', 'eventLabel':'iWhite Classic tandblegningss\u00e6t', 'eventValue': undefined})\" rel=\"noopener\" target=\"_blank\" title=\"Matas\"\n                data-testid=\"buy-now-reseller\">\n                <i class=\"fa-solid fa-arrow-right\"><\/i> Matas\n              <\/a>\n          <\/li>\n                    <li>\n              <a\n                href=\"https:\/\/www.med24.dk\/personlig-pleje\/mund-og-tandpleje\/tandblegning\/iwhite-classic-whitening-kit-10-stk\" onclick=\"dataLayer.push({'event':'ga_event', 'eventCategory':'Click on Reseller', 'eventAction':'Med24', 'eventLabel':'iWhite Classic tandblegningss\u00e6t', 'eventValue': undefined})\" rel=\"noopener\" target=\"_blank\" title=\"Med24\"\n                data-testid=\"buy-now-reseller\">\n                <i class=\"fa-solid fa-arrow-right\"><\/i> Med24\n              <\/a>\n          <\/li>\n                <\/ul>\n    <\/div>\n  <\/div>\n  <\/div>\n            <\/div>\n                      <div class=\"swiper-slide\">\n              <div class=\"product-card\" data-testid=\"product-card\">\n  <a\n    href=https:\/\/iwhiteinstant.com\/dk\/produkt\/iwhite-instant-whitening-mundskyl\/\n    class=\"product-card-link\"\n    title=\"iWhite Instant Whitening Mundskyl\"\n  >\n  <figure class=\"product-card-image\" data-testid=\"product-image\">\n                          <img decoding=\"async\" src=\"https:\/\/iwhiteinstant.com\/cdn-cgi\/image\/width=700,format=auto\/app\/uploads\/sites\/4\/2024\/04\/iWhite-Instant-Whitening-Mouthwash.png\"\n        srcset=\"https:\/\/iwhiteinstant.com\/cdn-cgi\/image\/width=250,format=auto\/app\/uploads\/sites\/4\/2024\/04\/iWhite-Instant-Whitening-Mouthwash.png 250w,\n                https:\/\/iwhiteinstant.com\/cdn-cgi\/image\/width=500,format=auto\/app\/uploads\/sites\/4\/2024\/04\/iWhite-Instant-Whitening-Mouthwash.png 500w,\n                https:\/\/iwhiteinstant.com\/cdn-cgi\/image\/width=700,format=auto\/app\/uploads\/sites\/4\/2024\/04\/iWhite-Instant-Whitening-Mouthwash.png 700w\"\n        sizes=\"(max-width: 400px) 250px, (max-width: 800px) 500px, 700px\"\n        alt=\"iWhite-Instant-Whitening-Mouthwash\"\n        class=\"img\">\n            <\/figure>\n    <div class=\"product-card-content\">\n      <div class=\"heading-wrapper\">\n        <h2 class=\"heading\">iWhite Instant Whitening Mundskyl<\/h2>\n      <\/div>\n      <div class=\"product-card-description\">Blegende mundskyl til daglig brug, som opl\u00f8ser misfarvninger p\u00e5 t\u00e6nderne.<\/div>\n                      <\/div>\n  <\/a>\n      <div class=\"button-wrapper\">\n    <a\n      href=https:\/\/iwhiteinstant.com\/dk\/produkt\/iwhite-instant-whitening-mundskyl\/\n      target=_self\n      class=\"theme-button button-primary-color rounded-button\"\n      rel=\"noopener\"\n      title=\"L\u00e6s mere\"\n    >\n       L\u00e6s mere\n    <\/a>\n<\/div>  <\/div>\n            <\/div>\n                  <\/div>\n        <div class=\"swiper-scrollbar\"><\/div>\n      <\/div>\n    <\/div>\n  <\/div>\n\n\n\n<div class=\"wp-block-karopharma-free-text pt-large pb-none bg-center bg-cover bg-no-repeat\" style=\"background-image:url()\"><div class=\"free-text-wrapper container max-w-medium text-center\">\n<h2 class=\"is-style-heading-h2 has-primary-color has-text-color wp-block-heading\">iWhite produktsortiment<\/h2>\n<\/div><\/div>\n","protected":false},"excerpt":{"rendered":"<p>Bleger og beskytter dine t\u00e6nder ved at danne et beskyttende lag.<\/p>\n","protected":false},"featured_media":89,"comment_status":"closed","ping_status":"closed","template":"","meta":{"_acf_changed":false,"footnotes":""},"product_brand":[],"product_cat":[19,23],"product_tag":[],"class_list":{"0":"post-64","1":"product","2":"type-product","3":"status-publish","4":"has-post-thumbnail","6":"product_cat-tandpasta","7":"product_cat-daglige-tandblegningsprodukter","9":"first","10":"instock","11":"shipping-taxable","12":"product-type-simple"},"acf":[],"yoast_head":"<!-- This site is optimized with the Yoast SEO plugin v26.6 - https:\/\/yoast.com\/wordpress\/plugins\/seo\/ -->\n<title>iWhite Supreme Tandpasta - iWhite<\/title>\n<meta name=\"description\" content=\"iWhite Supreme Tandpastaen er perfekt til at blege dine t\u00e6nder p\u00e5 daglig basis og til at beskytte dine t\u00e6nder mod ydre p\u00e5virkninger. De aktive ingredienser danner en beskyttende barriere p\u00e5 din tandoverflade for at forhindre pletter p\u00e5 dine t\u00e6nder.\" \/>\n<meta name=\"robots\" content=\"index, follow, max-snippet:-1, max-image-preview:large, max-video-preview:-1\" \/>\n<link rel=\"canonical\" href=\"https:\/\/iwhiteinstant.com\/dk\/produkt\/iwhite-supreme-tandpasta\/\" \/>\n<meta property=\"og:locale\" content=\"da_DK\" \/>\n<meta property=\"og:type\" content=\"article\" \/>\n<meta property=\"og:title\" content=\"iWhite Supreme Tandpasta - iWhite\" \/>\n<meta property=\"og:description\" content=\"iWhite Supreme Tandpastaen er perfekt til at blege dine t\u00e6nder p\u00e5 daglig basis og til at beskytte dine t\u00e6nder mod ydre p\u00e5virkninger. De aktive ingredienser danner en beskyttende barriere p\u00e5 din tandoverflade for at forhindre pletter p\u00e5 dine t\u00e6nder.\" \/>\n<meta property=\"og:url\" content=\"https:\/\/iwhiteinstant.com\/dk\/produkt\/iwhite-supreme-tandpasta\/\" \/>\n<meta property=\"og:site_name\" content=\"iWhite\" \/>\n<meta property=\"article:modified_time\" content=\"2024-12-18T10:52:38+00:00\" \/>\n<meta property=\"og:image\" content=\"https:\/\/iwhiteinstant.com\/app\/uploads\/sites\/4\/2024\/04\/iWhite-Supreme-toothpaste.png\" \/>\n\t<meta property=\"og:image:width\" content=\"800\" \/>\n\t<meta property=\"og:image:height\" content=\"800\" \/>\n\t<meta property=\"og:image:type\" content=\"image\/png\" \/>\n<meta name=\"twitter:card\" content=\"summary_large_image\" \/>\n<meta name=\"twitter:label1\" content=\"Estimeret l\u00e6setid\" \/>\n\t<meta name=\"twitter:data1\" content=\"4 minutter\" \/>\n<script type=\"application\/ld+json\" class=\"yoast-schema-graph\">{\"@context\":\"https:\/\/schema.org\",\"@graph\":[{\"@type\":\"WebPage\",\"@id\":\"https:\/\/iwhiteinstant.com\/dk\/produkt\/iwhite-supreme-tandpasta\/\",\"url\":\"https:\/\/iwhiteinstant.com\/dk\/produkt\/iwhite-supreme-tandpasta\/\",\"name\":\"iWhite Supreme Tandpasta - iWhite\",\"isPartOf\":{\"@id\":\"https:\/\/iwhiteinstant.com\/dk\/#website\"},\"primaryImageOfPage\":{\"@id\":\"https:\/\/iwhiteinstant.com\/dk\/produkt\/iwhite-supreme-tandpasta\/#primaryimage\"},\"image\":{\"@id\":\"https:\/\/iwhiteinstant.com\/dk\/produkt\/iwhite-supreme-tandpasta\/#primaryimage\"},\"thumbnailUrl\":\"https:\/\/iwhiteinstant.com\/app\/uploads\/sites\/4\/2024\/04\/iWhite-Supreme-toothpaste.png\",\"datePublished\":\"2024-04-26T12:36:38+00:00\",\"dateModified\":\"2024-12-18T10:52:38+00:00\",\"description\":\"iWhite Supreme Tandpastaen er perfekt til at blege dine t\u00e6nder p\u00e5 daglig basis og til at beskytte dine t\u00e6nder mod ydre p\u00e5virkninger. De aktive ingredienser danner en beskyttende barriere p\u00e5 din tandoverflade for at forhindre pletter p\u00e5 dine t\u00e6nder.\",\"breadcrumb\":{\"@id\":\"https:\/\/iwhiteinstant.com\/dk\/produkt\/iwhite-supreme-tandpasta\/#breadcrumb\"},\"inLanguage\":\"da-DK\",\"potentialAction\":[{\"@type\":\"ReadAction\",\"target\":[\"https:\/\/iwhiteinstant.com\/dk\/produkt\/iwhite-supreme-tandpasta\/\"]}]},{\"@type\":\"ImageObject\",\"inLanguage\":\"da-DK\",\"@id\":\"https:\/\/iwhiteinstant.com\/dk\/produkt\/iwhite-supreme-tandpasta\/#primaryimage\",\"url\":\"https:\/\/iwhiteinstant.com\/app\/uploads\/sites\/4\/2024\/04\/iWhite-Supreme-toothpaste.png\",\"contentUrl\":\"https:\/\/iwhiteinstant.com\/app\/uploads\/sites\/4\/2024\/04\/iWhite-Supreme-toothpaste.png\",\"width\":800,\"height\":800,\"caption\":\"iWhite-Supreme-toothpaste\"},{\"@type\":\"BreadcrumbList\",\"@id\":\"https:\/\/iwhiteinstant.com\/dk\/produkt\/iwhite-supreme-tandpasta\/#breadcrumb\",\"itemListElement\":[{\"@type\":\"ListItem\",\"position\":1,\"name\":\"Home\",\"item\":\"https:\/\/iwhiteinstant.com\/dk\/\"},{\"@type\":\"ListItem\",\"position\":2,\"name\":\"iWhite-serien\",\"item\":\"https:\/\/iwhiteinstant.com\/dk\/iwhite-serien\/\"},{\"@type\":\"ListItem\",\"position\":3,\"name\":\"iWhite Supreme Tandpasta\"}]},{\"@type\":\"WebSite\",\"@id\":\"https:\/\/iwhiteinstant.com\/dk\/#website\",\"url\":\"https:\/\/iwhiteinstant.com\/dk\/\",\"name\":\"iWhite\",\"description\":\"\",\"publisher\":{\"@id\":\"https:\/\/iwhiteinstant.com\/dk\/#organization\"},\"potentialAction\":[{\"@type\":\"SearchAction\",\"target\":{\"@type\":\"EntryPoint\",\"urlTemplate\":\"https:\/\/iwhiteinstant.com\/dk\/?s={search_term_string}\"},\"query-input\":{\"@type\":\"PropertyValueSpecification\",\"valueRequired\":true,\"valueName\":\"search_term_string\"}}],\"inLanguage\":\"da-DK\"},{\"@type\":\"Organization\",\"@id\":\"https:\/\/iwhiteinstant.com\/dk\/#organization\",\"name\":\"iWhite\",\"url\":\"https:\/\/iwhiteinstant.com\/dk\/\",\"logo\":{\"@type\":\"ImageObject\",\"inLanguage\":\"da-DK\",\"@id\":\"https:\/\/iwhiteinstant.com\/dk\/#\/schema\/logo\/image\/\",\"url\":\"https:\/\/iwhiteinstant.com\/app\/uploads\/sites\/4\/2024\/04\/Iwhite-logo.png\",\"contentUrl\":\"https:\/\/iwhiteinstant.com\/app\/uploads\/sites\/4\/2024\/04\/Iwhite-logo.png\",\"width\":160,\"height\":40,\"caption\":\"iWhite\"},\"image\":{\"@id\":\"https:\/\/iwhiteinstant.com\/dk\/#\/schema\/logo\/image\/\"}}]}<\/script>\n<!-- \/ Yoast SEO plugin. -->","yoast_head_json":{"title":"iWhite Supreme Tandpasta - iWhite","description":"iWhite Supreme Tandpastaen er perfekt til at blege dine t\u00e6nder p\u00e5 daglig basis og til at beskytte dine t\u00e6nder mod ydre p\u00e5virkninger. De aktive ingredienser danner en beskyttende barriere p\u00e5 din tandoverflade for at forhindre pletter p\u00e5 dine t\u00e6nder.","robots":{"index":"index","follow":"follow","max-snippet":"max-snippet:-1","max-image-preview":"max-image-preview:large","max-video-preview":"max-video-preview:-1"},"canonical":"https:\/\/iwhiteinstant.com\/dk\/produkt\/iwhite-supreme-tandpasta\/","og_locale":"da_DK","og_type":"article","og_title":"iWhite Supreme Tandpasta - iWhite","og_description":"iWhite Supreme Tandpastaen er perfekt til at blege dine t\u00e6nder p\u00e5 daglig basis og til at beskytte dine t\u00e6nder mod ydre p\u00e5virkninger. De aktive ingredienser danner en beskyttende barriere p\u00e5 din tandoverflade for at forhindre pletter p\u00e5 dine t\u00e6nder.","og_url":"https:\/\/iwhiteinstant.com\/dk\/produkt\/iwhite-supreme-tandpasta\/","og_site_name":"iWhite","article_modified_time":"2024-12-18T10:52:38+00:00","og_image":[{"width":800,"height":800,"url":"https:\/\/iwhiteinstant.com\/app\/uploads\/sites\/4\/2024\/04\/iWhite-Supreme-toothpaste.png","type":"image\/png"}],"twitter_card":"summary_large_image","twitter_misc":{"Estimeret l\u00e6setid":"4 minutter"},"schema":{"@context":"https:\/\/schema.org","@graph":[{"@type":"WebPage","@id":"https:\/\/iwhiteinstant.com\/dk\/produkt\/iwhite-supreme-tandpasta\/","url":"https:\/\/iwhiteinstant.com\/dk\/produkt\/iwhite-supreme-tandpasta\/","name":"iWhite Supreme Tandpasta - iWhite","isPartOf":{"@id":"https:\/\/iwhiteinstant.com\/dk\/#website"},"primaryImageOfPage":{"@id":"https:\/\/iwhiteinstant.com\/dk\/produkt\/iwhite-supreme-tandpasta\/#primaryimage"},"image":{"@id":"https:\/\/iwhiteinstant.com\/dk\/produkt\/iwhite-supreme-tandpasta\/#primaryimage"},"thumbnailUrl":"https:\/\/iwhiteinstant.com\/app\/uploads\/sites\/4\/2024\/04\/iWhite-Supreme-toothpaste.png","datePublished":"2024-04-26T12:36:38+00:00","dateModified":"2024-12-18T10:52:38+00:00","description":"iWhite Supreme Tandpastaen er perfekt til at blege dine t\u00e6nder p\u00e5 daglig basis og til at beskytte dine t\u00e6nder mod ydre p\u00e5virkninger. De aktive ingredienser danner en beskyttende barriere p\u00e5 din tandoverflade for at forhindre pletter p\u00e5 dine t\u00e6nder.","breadcrumb":{"@id":"https:\/\/iwhiteinstant.com\/dk\/produkt\/iwhite-supreme-tandpasta\/#breadcrumb"},"inLanguage":"da-DK","potentialAction":[{"@type":"ReadAction","target":["https:\/\/iwhiteinstant.com\/dk\/produkt\/iwhite-supreme-tandpasta\/"]}]},{"@type":"ImageObject","inLanguage":"da-DK","@id":"https:\/\/iwhiteinstant.com\/dk\/produkt\/iwhite-supreme-tandpasta\/#primaryimage","url":"https:\/\/iwhiteinstant.com\/app\/uploads\/sites\/4\/2024\/04\/iWhite-Supreme-toothpaste.png","contentUrl":"https:\/\/iwhiteinstant.com\/app\/uploads\/sites\/4\/2024\/04\/iWhite-Supreme-toothpaste.png","width":800,"height":800,"caption":"iWhite-Supreme-toothpaste"},{"@type":"BreadcrumbList","@id":"https:\/\/iwhiteinstant.com\/dk\/produkt\/iwhite-supreme-tandpasta\/#breadcrumb","itemListElement":[{"@type":"ListItem","position":1,"name":"Home","item":"https:\/\/iwhiteinstant.com\/dk\/"},{"@type":"ListItem","position":2,"name":"iWhite-serien","item":"https:\/\/iwhiteinstant.com\/dk\/iwhite-serien\/"},{"@type":"ListItem","position":3,"name":"iWhite Supreme Tandpasta"}]},{"@type":"WebSite","@id":"https:\/\/iwhiteinstant.com\/dk\/#website","url":"https:\/\/iwhiteinstant.com\/dk\/","name":"iWhite","description":"","publisher":{"@id":"https:\/\/iwhiteinstant.com\/dk\/#organization"},"potentialAction":[{"@type":"SearchAction","target":{"@type":"EntryPoint","urlTemplate":"https:\/\/iwhiteinstant.com\/dk\/?s={search_term_string}"},"query-input":{"@type":"PropertyValueSpecification","valueRequired":true,"valueName":"search_term_string"}}],"inLanguage":"da-DK"},{"@type":"Organization","@id":"https:\/\/iwhiteinstant.com\/dk\/#organization","name":"iWhite","url":"https:\/\/iwhiteinstant.com\/dk\/","logo":{"@type":"ImageObject","inLanguage":"da-DK","@id":"https:\/\/iwhiteinstant.com\/dk\/#\/schema\/logo\/image\/","url":"https:\/\/iwhiteinstant.com\/app\/uploads\/sites\/4\/2024\/04\/Iwhite-logo.png","contentUrl":"https:\/\/iwhiteinstant.com\/app\/uploads\/sites\/4\/2024\/04\/Iwhite-logo.png","width":160,"height":40,"caption":"iWhite"},"image":{"@id":"https:\/\/iwhiteinstant.com\/dk\/#\/schema\/logo\/image\/"}}]}},"_links":{"self":[{"href":"https:\/\/iwhiteinstant.com\/dk\/wp-json\/wp\/v2\/product\/64","targetHints":{"allow":["GET"]}}],"collection":[{"href":"https:\/\/iwhiteinstant.com\/dk\/wp-json\/wp\/v2\/product"}],"about":[{"href":"https:\/\/iwhiteinstant.com\/dk\/wp-json\/wp\/v2\/types\/product"}],"replies":[{"embeddable":true,"href":"https:\/\/iwhiteinstant.com\/dk\/wp-json\/wp\/v2\/comments?post=64"}],"version-history":[{"count":10,"href":"https:\/\/iwhiteinstant.com\/dk\/wp-json\/wp\/v2\/product\/64\/revisions"}],"predecessor-version":[{"id":311,"href":"https:\/\/iwhiteinstant.com\/dk\/wp-json\/wp\/v2\/product\/64\/revisions\/311"}],"wp:featuredmedia":[{"embeddable":true,"href":"https:\/\/iwhiteinstant.com\/dk\/wp-json\/wp\/v2\/media\/89"}],"wp:attachment":[{"href":"https:\/\/iwhiteinstant.com\/dk\/wp-json\/wp\/v2\/media?parent=64"}],"wp:term":[{"taxonomy":"product_brand","embeddable":true,"href":"https:\/\/iwhiteinstant.com\/dk\/wp-json\/wp\/v2\/product_brand?post=64"},{"taxonomy":"product_cat","embeddable":true,"href":"https:\/\/iwhiteinstant.com\/dk\/wp-json\/wp\/v2\/product_cat?post=64"},{"taxonomy":"product_tag","embeddable":true,"href":"https:\/\/iwhiteinstant.com\/dk\/wp-json\/wp\/v2\/product_tag?post=64"}],"curies":[{"name":"wp","href":"https:\/\/api.w.org\/{rel}","templated":true}]}}