{"id":67,"date":"2024-04-26T14:37:44","date_gmt":"2024-04-26T12:37:44","guid":{"rendered":"https:\/\/iwhiteinstant.com\/dk\/?post_type=product&#038;p=67"},"modified":"2025-11-10T12:15:14","modified_gmt":"2025-11-10T11:15:14","slug":"iwhite-sensitiv-tandpasta","status":"publish","type":"product","link":"https:\/\/iwhiteinstant.com\/dk\/produkt\/iwhite-sensitiv-tandpasta\/","title":{"rendered":"iWhite Sensitiv Tandpasta"},"content":{"rendered":"\n<div class=\"wp-block-karopharma-free-text pt-large pb-small bg-center bg-cover bg-no-repeat\" style=\"background-image:url()\"><div class=\"free-text-wrapper container max-w-medium text-left\">\n<h2 class=\"wp-block-heading is-style-heading-h2\">Beskadiget emalje som \u00e5rsag til f\u00f8lsomme t\u00e6nder<\/h2>\n\n\n\n<p>Har du nogensinde oplevet et glimt af smerte eller et pludseligt ubehag efter en bid is eller en varm drik? Du er bestemt ikke alene. Tandf\u00f8lsomhed er en smerte eller et ubehag i t\u00e6nderne som reaktion p\u00e5 bestemte stimuli, f.eks. varme eller kolde temperaturer. Ved at \u00e6ndre din mundhygiejnerutine kan denne f\u00f8lsomhed nemt behandles.<\/p>\n\n\n\n<p>Nogle af os har mere f\u00f8lsomme t\u00e6nder end andre p\u00e5 grund af en tyndere emalje. Emaljen er det yderste lag af tanden, som har en beskyttende funktion. N\u00e5r emaljen er beskadiget, vil du opleve f\u00f8lsomme t\u00e6nder.<\/p>\n\n\n\n<h3 class=\"wp-block-heading is-style-heading-h3\">Fors\u00e6tlig blokering af smertefulde signaler<\/h3>\n\n\n\n<p>Ved at bruge denne tandpasta tr\u00e6nger de desensibiliserende aktive ingredienser ind i emaljen og n\u00e5r ind til nerverne, hvor de blokerer de signaler fra nerverne, der udl\u00f8ser ubehag i t\u00e6nderne. Derudover remineraliserer denne tandpasta ogs\u00e5 din emalje og forebygger huller i t\u00e6nderne.<\/p>\n\n\n\n<p>Du f\u00e5r et hvidt og sundt smil uden glimt af smerte.<\/p>\n<\/div><\/div>\n\n\n\n<div class=\"wp-block-karopharma-product-promotion text-align-right pt-medium pb-medium bg-center bg-cover bg-no-repeat\" style=\"background-image:url()\"><div class=\"container max-w-medium\">\n<div class=\"wp-block-group is-layout-flow wp-block-group-is-layout-flow\">\n<figure class=\"wp-block-karopharma-product-promotion-image product-promotion-image\"><img fetchpriority=\"high\" decoding=\"async\" datatest=\"image\" src=\"https:\/\/iwhiteinstant.com\/cdn-cgi\/image\/format=auto\/app\/uploads\/sites\/4\/2024\/04\/iWhite-Sensitive-Technology.png\" loading=\"eager\" alt=\"iWhite-Sensitive-Technology\" width=\"518\" height=\"438\" srcset=\"https:\/\/iwhiteinstant.com\/cdn-cgi\/image\/format=auto,width=584\/app\/uploads\/sites\/4\/2024\/04\/iWhite-Sensitive-Technology.png 584w, https:\/\/iwhiteinstant.com\/cdn-cgi\/image\/format=auto,width=272\/app\/uploads\/sites\/4\/2024\/04\/iWhite-Sensitive-Technology.png 272w\" sizes=\"(max-width: 584px) 100vw, 584px\"\/><\/figure>\n<\/div>\n\n\n\n<div class=\"wp-block-group is-layout-flow wp-block-group-is-layout-flow\">\n<h2 class=\"wp-block-heading heading is-style-heading-h4\">Den aktive mikroperleteknologi som den ultimative innovation inden for blegning<\/h2>\n\n\n\n<p>Den aktive mikroperleteknologi indkapsler et tanddesensibiliserende aktiv: kaliumnitrat. Disse aktive ingredienser frigives, hver gang du b\u00f8rster t\u00e6nder. De aktive ingredienser forbliver i kapslerne, indtil du beslutter dig for at bruge tandpastaen, og det er her, de aktive ingredienser bliver aktiveret. De desensibiliserende stoffer tr\u00e6nger ind i emaljen og n\u00e5r ind til nerverne. De blokerer de signaler fra nerverne, som udl\u00f8ser ubehag i t\u00e6nderne.<\/p>\n\n\n\n<p>Vedatkombinere iWhite P.A.P. -teknologien med den aktive mikroperleteknologi fjerner denne tandpasta ikke kun tandf\u00f8lsomhed, men styrker og beskytter ogs\u00e5 dine t\u00e6nder (natriumfluorid). Den unikke kombination af disse 2 teknologier f\u00f8rer til mindre f\u00f8lsomme og klart hvidere t\u00e6nder. Frem med det str\u00e5lende hvide smil!<\/p>\n<\/div>\n<\/div><\/div>\n\n\n\n<div class=\"wp-block-karopharma-free-text pt-large pb-none bg-center bg-cover bg-no-repeat  is-style-primary\" style=\"background-image:url()\"><div class=\"free-text-wrapper container max-w-medium text-center\">\n<h3 class=\"wp-block-heading is-style-heading-h2\">Rutine giver det bedste resultat<\/h3>\n\n\n\n<p class=\"is-style-paragraph-preamble\">For at opn\u00e5 de bedste blegningsresultater er det vigtigt at opretholde en rutine. Du kan kombinere vores tandpasta med vores whitening kit (m\u00e5nedligt) og med vores mundskyl &amp; interdental whitening (dagligt).<\/p>\n\n\n\n<div class=\"wp-block-buttons is-layout-flex wp-block-buttons-is-layout-flex\">\n<div class=\"wp-block-button\"><a class=\"wp-block-button__link wp-element-button\" href=\"https:\/\/iwhiteinstant.com\/dk\/iwhite-rutinen\/\">L\u00e6s mere om iWhite-rutinen<\/a><\/div>\n<\/div>\n<\/div><\/div>\n\n\n<div class=\"product-list wp-block-karopharma-product-list is-style-primary\" data-testid=\"product-list\">\n      <div class=\"swiper-container\">\n      <div class=\"swiper\">\n        <div class=\"swiper-wrapper\">\n                      <div class=\"swiper-slide\">\n              <div class=\"product-card\" data-testid=\"product-card\">\n  <a\n    href=https:\/\/iwhiteinstant.com\/dk\/produkt\/iwhite-superior-whitening-kit\/\n    class=\"product-card-link\"\n    title=\"iWhite Superior Whitening Kit\"\n  >\n  <figure class=\"product-card-image\" data-testid=\"product-image\">\n                          <img decoding=\"async\" src=\"https:\/\/iwhiteinstant.com\/cdn-cgi\/image\/width=700,format=auto\/app\/uploads\/sites\/4\/2024\/04\/iWhite-Superior-whitening-kit.png\"\n        srcset=\"https:\/\/iwhiteinstant.com\/cdn-cgi\/image\/width=250,format=auto\/app\/uploads\/sites\/4\/2024\/04\/iWhite-Superior-whitening-kit.png 250w,\n                https:\/\/iwhiteinstant.com\/cdn-cgi\/image\/width=500,format=auto\/app\/uploads\/sites\/4\/2024\/04\/iWhite-Superior-whitening-kit.png 500w,\n                https:\/\/iwhiteinstant.com\/cdn-cgi\/image\/width=700,format=auto\/app\/uploads\/sites\/4\/2024\/04\/iWhite-Superior-whitening-kit.png 700w\"\n        sizes=\"(max-width: 400px) 250px, (max-width: 800px) 500px, 700px\"\n        alt=\"iWhite-Superior-whitening-kit\"\n        class=\"img\">\n            <\/figure>\n    <div class=\"product-card-content\">\n      <div class=\"heading-wrapper\">\n        <h2 class=\"heading\">iWhite Superior Whitening Kit<\/h2>\n      <\/div>\n      <div class=\"product-card-description\">Styrker og bleger \u00f8jeblikkeligt dine t\u00e6nder op til 8 toner hvidere.*<\/div>\n                      <\/div>\n  <\/a>\n          <div class=\"button-wrapper buy-now \" data-testid=\"buy-now\">\n      <div class=\"buy-now-container dropdown-container\">\n      <div class=\"theme-button button-primary-color dropdown-link\" aria-label=\"K\u00f8b nu\">\n          K\u00f8b nu <i class=\"dropdown\"><\/i>\n      <\/div>\n      <ul class=\"reseller-list submenu\">\n                    <li>\n              <a\n                href=\"https:\/\/www.matas.dk\/iwhite-whitening-kit-superior-10-stk\" onclick=\"dataLayer.push({'event':'ga_event', 'eventCategory':'Click on Reseller', 'eventAction':'Matas', 'eventLabel':'iWhite Superior Whitening Kit', 'eventValue': undefined})\" rel=\"noopener\" target=\"_blank\" title=\"Matas\"\n                data-testid=\"buy-now-reseller\">\n                <i class=\"fa-solid fa-arrow-right\"><\/i> Matas\n              <\/a>\n          <\/li>\n                    <li>\n              <a\n                href=\"https:\/\/www.med24.dk\/personlig-pleje\/mund-og-tandpleje\/tandblegning\/iwhite-superior-whitening-kit-10-stk\" onclick=\"dataLayer.push({'event':'ga_event', 'eventCategory':'Click on Reseller', 'eventAction':'Med24', 'eventLabel':'iWhite Superior Whitening Kit', 'eventValue': undefined})\" rel=\"noopener\" target=\"_blank\" title=\"Med24\"\n                data-testid=\"buy-now-reseller\">\n                <i class=\"fa-solid fa-arrow-right\"><\/i> Med24\n              <\/a>\n          <\/li>\n                <\/ul>\n    <\/div>\n  <\/div>\n  <\/div>\n            <\/div>\n                      <div class=\"swiper-slide\">\n              <div class=\"product-card\" data-testid=\"product-card\">\n  <a\n    href=https:\/\/iwhiteinstant.com\/dk\/produkt\/iwhite-instant-whitening-mundskyl\/\n    class=\"product-card-link\"\n    title=\"iWhite Instant Whitening Mundskyl\"\n  >\n  <figure class=\"product-card-image\" data-testid=\"product-image\">\n                          <img decoding=\"async\" src=\"https:\/\/iwhiteinstant.com\/cdn-cgi\/image\/width=700,format=auto\/app\/uploads\/sites\/4\/2024\/04\/iWhite-Instant-Whitening-Mouthwash.png\"\n        srcset=\"https:\/\/iwhiteinstant.com\/cdn-cgi\/image\/width=250,format=auto\/app\/uploads\/sites\/4\/2024\/04\/iWhite-Instant-Whitening-Mouthwash.png 250w,\n                https:\/\/iwhiteinstant.com\/cdn-cgi\/image\/width=500,format=auto\/app\/uploads\/sites\/4\/2024\/04\/iWhite-Instant-Whitening-Mouthwash.png 500w,\n                https:\/\/iwhiteinstant.com\/cdn-cgi\/image\/width=700,format=auto\/app\/uploads\/sites\/4\/2024\/04\/iWhite-Instant-Whitening-Mouthwash.png 700w\"\n        sizes=\"(max-width: 400px) 250px, (max-width: 800px) 500px, 700px\"\n        alt=\"iWhite-Instant-Whitening-Mouthwash\"\n        class=\"img\">\n            <\/figure>\n    <div class=\"product-card-content\">\n      <div class=\"heading-wrapper\">\n        <h2 class=\"heading\">iWhite Instant Whitening Mundskyl<\/h2>\n      <\/div>\n      <div class=\"product-card-description\">Blegende mundskyl til daglig brug, som opl\u00f8ser misfarvninger p\u00e5 t\u00e6nderne.<\/div>\n                      <\/div>\n  <\/a>\n      <div class=\"button-wrapper\">\n    <a\n      href=https:\/\/iwhiteinstant.com\/dk\/produkt\/iwhite-instant-whitening-mundskyl\/\n      target=_self\n      class=\"theme-button button-primary-color rounded-button\"\n      rel=\"noopener\"\n      title=\"L\u00e6s mere\"\n    >\n       L\u00e6s mere\n    <\/a>\n<\/div>  <\/div>\n            <\/div>\n                  <\/div>\n        <div class=\"swiper-scrollbar\"><\/div>\n      <\/div>\n    <\/div>\n  <\/div>\n\n\n\n<div class=\"wp-block-karopharma-free-text pt-large pb-none bg-center bg-cover bg-no-repeat\" style=\"background-image:url()\"><div class=\"free-text-wrapper container max-w-medium text-center\">\n<h2 class=\"is-style-heading-h2 has-primary-color has-text-color wp-block-heading\">iWhite produktsortiment<\/h2>\n<\/div><\/div>\n","protected":false},"excerpt":{"rendered":"<p>Tandpasta, som reducerer signalerne fra nerverne, for at reducere tandsensitiviteten.<\/p>\n","protected":false},"featured_media":88,"comment_status":"closed","ping_status":"closed","template":"","meta":{"_acf_changed":false,"footnotes":""},"product_brand":[],"product_cat":[19,23],"product_tag":[],"class_list":{"0":"post-67","1":"product","2":"type-product","3":"status-publish","4":"has-post-thumbnail","6":"product_cat-tandpasta","7":"product_cat-daglige-tandblegningsprodukter","9":"first","10":"instock","11":"shipping-taxable","12":"product-type-simple"},"acf":[],"yoast_head":"<!-- This site is optimized with the Yoast SEO plugin v26.6 - https:\/\/yoast.com\/wordpress\/plugins\/seo\/ -->\n<title>iWhite Sensitiv Tandpasta - iWhite<\/title>\n<meta name=\"description\" content=\"Har du nogensinde oplevet smerte eller et pludseligt ubehag efter en bid is eller en varm drik? Du er bestemt ikke alene. Tandf\u00f8lsomhed er en smerte eller ubehag i t\u00e6nderne som en reaktion p\u00e5 en bestemt stimuli s\u00e5som varme eller kolde temperaturer.\" \/>\n<meta name=\"robots\" content=\"index, follow, max-snippet:-1, max-image-preview:large, max-video-preview:-1\" \/>\n<link rel=\"canonical\" href=\"https:\/\/iwhiteinstant.com\/dk\/produkt\/iwhite-sensitiv-tandpasta\/\" \/>\n<meta property=\"og:locale\" content=\"da_DK\" \/>\n<meta property=\"og:type\" content=\"article\" \/>\n<meta property=\"og:title\" content=\"iWhite Sensitiv Tandpasta - iWhite\" \/>\n<meta property=\"og:description\" content=\"Har du nogensinde oplevet smerte eller et pludseligt ubehag efter en bid is eller en varm drik? Du er bestemt ikke alene. Tandf\u00f8lsomhed er en smerte eller ubehag i t\u00e6nderne som en reaktion p\u00e5 en bestemt stimuli s\u00e5som varme eller kolde temperaturer.\" \/>\n<meta property=\"og:url\" content=\"https:\/\/iwhiteinstant.com\/dk\/produkt\/iwhite-sensitiv-tandpasta\/\" \/>\n<meta property=\"og:site_name\" content=\"iWhite\" \/>\n<meta property=\"article:modified_time\" content=\"2025-11-10T11:15:14+00:00\" \/>\n<meta property=\"og:image\" content=\"https:\/\/iwhiteinstant.com\/app\/uploads\/sites\/4\/2024\/04\/iWhite-Sensitive-Toothpaste.png\" \/>\n\t<meta property=\"og:image:width\" content=\"800\" \/>\n\t<meta property=\"og:image:height\" content=\"800\" \/>\n\t<meta property=\"og:image:type\" content=\"image\/png\" \/>\n<meta name=\"twitter:card\" content=\"summary_large_image\" \/>\n<meta name=\"twitter:label1\" content=\"Estimeret l\u00e6setid\" \/>\n\t<meta name=\"twitter:data1\" content=\"4 minutter\" \/>\n<script type=\"application\/ld+json\" class=\"yoast-schema-graph\">{\"@context\":\"https:\/\/schema.org\",\"@graph\":[{\"@type\":\"WebPage\",\"@id\":\"https:\/\/iwhiteinstant.com\/dk\/produkt\/iwhite-sensitiv-tandpasta\/\",\"url\":\"https:\/\/iwhiteinstant.com\/dk\/produkt\/iwhite-sensitiv-tandpasta\/\",\"name\":\"iWhite Sensitiv Tandpasta - iWhite\",\"isPartOf\":{\"@id\":\"https:\/\/iwhiteinstant.com\/dk\/#website\"},\"primaryImageOfPage\":{\"@id\":\"https:\/\/iwhiteinstant.com\/dk\/produkt\/iwhite-sensitiv-tandpasta\/#primaryimage\"},\"image\":{\"@id\":\"https:\/\/iwhiteinstant.com\/dk\/produkt\/iwhite-sensitiv-tandpasta\/#primaryimage\"},\"thumbnailUrl\":\"https:\/\/iwhiteinstant.com\/app\/uploads\/sites\/4\/2024\/04\/iWhite-Sensitive-Toothpaste.png\",\"datePublished\":\"2024-04-26T12:37:44+00:00\",\"dateModified\":\"2025-11-10T11:15:14+00:00\",\"description\":\"Har du nogensinde oplevet smerte eller et pludseligt ubehag efter en bid is eller en varm drik? Du er bestemt ikke alene. Tandf\u00f8lsomhed er en smerte eller ubehag i t\u00e6nderne som en reaktion p\u00e5 en bestemt stimuli s\u00e5som varme eller kolde temperaturer.\",\"breadcrumb\":{\"@id\":\"https:\/\/iwhiteinstant.com\/dk\/produkt\/iwhite-sensitiv-tandpasta\/#breadcrumb\"},\"inLanguage\":\"da-DK\",\"potentialAction\":[{\"@type\":\"ReadAction\",\"target\":[\"https:\/\/iwhiteinstant.com\/dk\/produkt\/iwhite-sensitiv-tandpasta\/\"]}]},{\"@type\":\"ImageObject\",\"inLanguage\":\"da-DK\",\"@id\":\"https:\/\/iwhiteinstant.com\/dk\/produkt\/iwhite-sensitiv-tandpasta\/#primaryimage\",\"url\":\"https:\/\/iwhiteinstant.com\/app\/uploads\/sites\/4\/2024\/04\/iWhite-Sensitive-Toothpaste.png\",\"contentUrl\":\"https:\/\/iwhiteinstant.com\/app\/uploads\/sites\/4\/2024\/04\/iWhite-Sensitive-Toothpaste.png\",\"width\":800,\"height\":800,\"caption\":\"iWhite-Sensitive-Toothpaste\"},{\"@type\":\"BreadcrumbList\",\"@id\":\"https:\/\/iwhiteinstant.com\/dk\/produkt\/iwhite-sensitiv-tandpasta\/#breadcrumb\",\"itemListElement\":[{\"@type\":\"ListItem\",\"position\":1,\"name\":\"Home\",\"item\":\"https:\/\/iwhiteinstant.com\/dk\/\"},{\"@type\":\"ListItem\",\"position\":2,\"name\":\"iWhite-serien\",\"item\":\"https:\/\/iwhiteinstant.com\/dk\/iwhite-serien\/\"},{\"@type\":\"ListItem\",\"position\":3,\"name\":\"iWhite Sensitiv Tandpasta\"}]},{\"@type\":\"WebSite\",\"@id\":\"https:\/\/iwhiteinstant.com\/dk\/#website\",\"url\":\"https:\/\/iwhiteinstant.com\/dk\/\",\"name\":\"iWhite\",\"description\":\"\",\"publisher\":{\"@id\":\"https:\/\/iwhiteinstant.com\/dk\/#organization\"},\"potentialAction\":[{\"@type\":\"SearchAction\",\"target\":{\"@type\":\"EntryPoint\",\"urlTemplate\":\"https:\/\/iwhiteinstant.com\/dk\/?s={search_term_string}\"},\"query-input\":{\"@type\":\"PropertyValueSpecification\",\"valueRequired\":true,\"valueName\":\"search_term_string\"}}],\"inLanguage\":\"da-DK\"},{\"@type\":\"Organization\",\"@id\":\"https:\/\/iwhiteinstant.com\/dk\/#organization\",\"name\":\"iWhite\",\"url\":\"https:\/\/iwhiteinstant.com\/dk\/\",\"logo\":{\"@type\":\"ImageObject\",\"inLanguage\":\"da-DK\",\"@id\":\"https:\/\/iwhiteinstant.com\/dk\/#\/schema\/logo\/image\/\",\"url\":\"https:\/\/iwhiteinstant.com\/app\/uploads\/sites\/4\/2024\/04\/Iwhite-logo.png\",\"contentUrl\":\"https:\/\/iwhiteinstant.com\/app\/uploads\/sites\/4\/2024\/04\/Iwhite-logo.png\",\"width\":160,\"height\":40,\"caption\":\"iWhite\"},\"image\":{\"@id\":\"https:\/\/iwhiteinstant.com\/dk\/#\/schema\/logo\/image\/\"}}]}<\/script>\n<!-- \/ Yoast SEO plugin. -->","yoast_head_json":{"title":"iWhite Sensitiv Tandpasta - iWhite","description":"Har du nogensinde oplevet smerte eller et pludseligt ubehag efter en bid is eller en varm drik? Du er bestemt ikke alene. Tandf\u00f8lsomhed er en smerte eller ubehag i t\u00e6nderne som en reaktion p\u00e5 en bestemt stimuli s\u00e5som varme eller kolde temperaturer.","robots":{"index":"index","follow":"follow","max-snippet":"max-snippet:-1","max-image-preview":"max-image-preview:large","max-video-preview":"max-video-preview:-1"},"canonical":"https:\/\/iwhiteinstant.com\/dk\/produkt\/iwhite-sensitiv-tandpasta\/","og_locale":"da_DK","og_type":"article","og_title":"iWhite Sensitiv Tandpasta - iWhite","og_description":"Har du nogensinde oplevet smerte eller et pludseligt ubehag efter en bid is eller en varm drik? Du er bestemt ikke alene. Tandf\u00f8lsomhed er en smerte eller ubehag i t\u00e6nderne som en reaktion p\u00e5 en bestemt stimuli s\u00e5som varme eller kolde temperaturer.","og_url":"https:\/\/iwhiteinstant.com\/dk\/produkt\/iwhite-sensitiv-tandpasta\/","og_site_name":"iWhite","article_modified_time":"2025-11-10T11:15:14+00:00","og_image":[{"width":800,"height":800,"url":"https:\/\/iwhiteinstant.com\/app\/uploads\/sites\/4\/2024\/04\/iWhite-Sensitive-Toothpaste.png","type":"image\/png"}],"twitter_card":"summary_large_image","twitter_misc":{"Estimeret l\u00e6setid":"4 minutter"},"schema":{"@context":"https:\/\/schema.org","@graph":[{"@type":"WebPage","@id":"https:\/\/iwhiteinstant.com\/dk\/produkt\/iwhite-sensitiv-tandpasta\/","url":"https:\/\/iwhiteinstant.com\/dk\/produkt\/iwhite-sensitiv-tandpasta\/","name":"iWhite Sensitiv Tandpasta - iWhite","isPartOf":{"@id":"https:\/\/iwhiteinstant.com\/dk\/#website"},"primaryImageOfPage":{"@id":"https:\/\/iwhiteinstant.com\/dk\/produkt\/iwhite-sensitiv-tandpasta\/#primaryimage"},"image":{"@id":"https:\/\/iwhiteinstant.com\/dk\/produkt\/iwhite-sensitiv-tandpasta\/#primaryimage"},"thumbnailUrl":"https:\/\/iwhiteinstant.com\/app\/uploads\/sites\/4\/2024\/04\/iWhite-Sensitive-Toothpaste.png","datePublished":"2024-04-26T12:37:44+00:00","dateModified":"2025-11-10T11:15:14+00:00","description":"Har du nogensinde oplevet smerte eller et pludseligt ubehag efter en bid is eller en varm drik? Du er bestemt ikke alene. Tandf\u00f8lsomhed er en smerte eller ubehag i t\u00e6nderne som en reaktion p\u00e5 en bestemt stimuli s\u00e5som varme eller kolde temperaturer.","breadcrumb":{"@id":"https:\/\/iwhiteinstant.com\/dk\/produkt\/iwhite-sensitiv-tandpasta\/#breadcrumb"},"inLanguage":"da-DK","potentialAction":[{"@type":"ReadAction","target":["https:\/\/iwhiteinstant.com\/dk\/produkt\/iwhite-sensitiv-tandpasta\/"]}]},{"@type":"ImageObject","inLanguage":"da-DK","@id":"https:\/\/iwhiteinstant.com\/dk\/produkt\/iwhite-sensitiv-tandpasta\/#primaryimage","url":"https:\/\/iwhiteinstant.com\/app\/uploads\/sites\/4\/2024\/04\/iWhite-Sensitive-Toothpaste.png","contentUrl":"https:\/\/iwhiteinstant.com\/app\/uploads\/sites\/4\/2024\/04\/iWhite-Sensitive-Toothpaste.png","width":800,"height":800,"caption":"iWhite-Sensitive-Toothpaste"},{"@type":"BreadcrumbList","@id":"https:\/\/iwhiteinstant.com\/dk\/produkt\/iwhite-sensitiv-tandpasta\/#breadcrumb","itemListElement":[{"@type":"ListItem","position":1,"name":"Home","item":"https:\/\/iwhiteinstant.com\/dk\/"},{"@type":"ListItem","position":2,"name":"iWhite-serien","item":"https:\/\/iwhiteinstant.com\/dk\/iwhite-serien\/"},{"@type":"ListItem","position":3,"name":"iWhite Sensitiv Tandpasta"}]},{"@type":"WebSite","@id":"https:\/\/iwhiteinstant.com\/dk\/#website","url":"https:\/\/iwhiteinstant.com\/dk\/","name":"iWhite","description":"","publisher":{"@id":"https:\/\/iwhiteinstant.com\/dk\/#organization"},"potentialAction":[{"@type":"SearchAction","target":{"@type":"EntryPoint","urlTemplate":"https:\/\/iwhiteinstant.com\/dk\/?s={search_term_string}"},"query-input":{"@type":"PropertyValueSpecification","valueRequired":true,"valueName":"search_term_string"}}],"inLanguage":"da-DK"},{"@type":"Organization","@id":"https:\/\/iwhiteinstant.com\/dk\/#organization","name":"iWhite","url":"https:\/\/iwhiteinstant.com\/dk\/","logo":{"@type":"ImageObject","inLanguage":"da-DK","@id":"https:\/\/iwhiteinstant.com\/dk\/#\/schema\/logo\/image\/","url":"https:\/\/iwhiteinstant.com\/app\/uploads\/sites\/4\/2024\/04\/Iwhite-logo.png","contentUrl":"https:\/\/iwhiteinstant.com\/app\/uploads\/sites\/4\/2024\/04\/Iwhite-logo.png","width":160,"height":40,"caption":"iWhite"},"image":{"@id":"https:\/\/iwhiteinstant.com\/dk\/#\/schema\/logo\/image\/"}}]}},"_links":{"self":[{"href":"https:\/\/iwhiteinstant.com\/dk\/wp-json\/wp\/v2\/product\/67","targetHints":{"allow":["GET"]}}],"collection":[{"href":"https:\/\/iwhiteinstant.com\/dk\/wp-json\/wp\/v2\/product"}],"about":[{"href":"https:\/\/iwhiteinstant.com\/dk\/wp-json\/wp\/v2\/types\/product"}],"replies":[{"embeddable":true,"href":"https:\/\/iwhiteinstant.com\/dk\/wp-json\/wp\/v2\/comments?post=67"}],"version-history":[{"count":10,"href":"https:\/\/iwhiteinstant.com\/dk\/wp-json\/wp\/v2\/product\/67\/revisions"}],"predecessor-version":[{"id":362,"href":"https:\/\/iwhiteinstant.com\/dk\/wp-json\/wp\/v2\/product\/67\/revisions\/362"}],"wp:featuredmedia":[{"embeddable":true,"href":"https:\/\/iwhiteinstant.com\/dk\/wp-json\/wp\/v2\/media\/88"}],"wp:attachment":[{"href":"https:\/\/iwhiteinstant.com\/dk\/wp-json\/wp\/v2\/media?parent=67"}],"wp:term":[{"taxonomy":"product_brand","embeddable":true,"href":"https:\/\/iwhiteinstant.com\/dk\/wp-json\/wp\/v2\/product_brand?post=67"},{"taxonomy":"product_cat","embeddable":true,"href":"https:\/\/iwhiteinstant.com\/dk\/wp-json\/wp\/v2\/product_cat?post=67"},{"taxonomy":"product_tag","embeddable":true,"href":"https:\/\/iwhiteinstant.com\/dk\/wp-json\/wp\/v2\/product_tag?post=67"}],"curies":[{"name":"wp","href":"https:\/\/api.w.org\/{rel}","templated":true}]}}