{"id":70,"date":"2024-04-26T14:38:26","date_gmt":"2024-04-26T12:38:26","guid":{"rendered":"https:\/\/iwhiteinstant.com\/dk\/?post_type=product&#038;p=70"},"modified":"2024-12-18T11:52:34","modified_gmt":"2024-12-18T10:52:34","slug":"iwhite-dark-stains-tandpasta","status":"publish","type":"product","link":"https:\/\/iwhiteinstant.com\/dk\/produkt\/iwhite-dark-stains-tandpasta\/","title":{"rendered":"iWhite Dark Stains Tandpasta"},"content":{"rendered":"\n<div class=\"wp-block-karopharma-product-promotion text-align-right pt-medium pb-medium bg-center bg-cover bg-no-repeat\" style=\"background-image:url()\"><div class=\"container max-w-medium\">\n<div class=\"wp-block-group is-layout-flow wp-block-group-is-layout-flow\">\n<figure class=\"wp-block-karopharma-product-promotion-image product-promotion-image\"><img fetchpriority=\"high\" decoding=\"async\" datatest=\"image\" src=\"https:\/\/iwhiteinstant.com\/cdn-cgi\/image\/format=auto\/app\/uploads\/sites\/4\/2024\/04\/iWhite-DS-Technology-Micropearls-MF.png\" loading=\"eager\" alt=\"iWhite-DS-Technology-Micropearls-MF\" width=\"518\" height=\"440\" srcset=\"https:\/\/iwhiteinstant.com\/cdn-cgi\/image\/format=auto,width=584\/app\/uploads\/sites\/4\/2024\/04\/iWhite-DS-Technology-Micropearls-MF.png 584w, https:\/\/iwhiteinstant.com\/cdn-cgi\/image\/format=auto,width=272\/app\/uploads\/sites\/4\/2024\/04\/iWhite-DS-Technology-Micropearls-MF.png 272w\" sizes=\"(max-width: 584px) 100vw, 584px\"\/><\/figure>\n<\/div>\n\n\n\n<div class=\"wp-block-group is-layout-flow wp-block-group-is-layout-flow\">\n<h2 class=\"wp-block-heading heading is-style-heading-h4\">Mikroperler fyldt med aktivt kul<\/h2>\n\n\n\n<p>iWhite\u2019s Advanced Dark Stains Toothpaste kombinerer iWhite-teknologien med den nye Active Micropearls Technology. Denne nye teknologi muligg\u00f8r en koncentreret og pr\u00e6cis frigivelse af de aktive stoffer. N\u00e5r du b\u00f8rster dine t\u00e6nder, frigives de koncentrerede aktive ingredienser direkte p\u00e5 tandemaljen, hvilket sikrer en effektiv behandling.<\/p>\n\n\n\n<p>Mikroperlerne i Advanced Dark Stains Toothpaste indkapsler et pigmentadsorptionsaktiv: aktivt kul. Denne aktive ingrediens binder, neutraliserer og fjerner m\u00f8rke pletter p\u00e5 emaljen og genskaber t\u00e6ndernesnaturlige hvidhed.<\/p>\n<\/div>\n<\/div><\/div>\n\n\n\n<div class=\"wp-block-karopharma-free-text pt-large pb-none bg-center bg-cover bg-no-repeat  is-style-primary\" style=\"background-image:url()\"><div class=\"free-text-wrapper container max-w-medium text-center\">\n<h3 class=\"wp-block-heading is-style-heading-h2\">Rutine giver det bedste resultat<\/h3>\n\n\n\n<p class=\"is-style-paragraph-preamble\">For at opn\u00e5 de bedste blegningsresultater er det vigtigt at opretholde en rutine. Du kan kombinere vores tandpasta med vores whitening kit (m\u00e5nedligt) og med vores mundskyl &amp; interdental whitening (dagligt).<\/p>\n\n\n\n<div class=\"wp-block-buttons is-layout-flex wp-block-buttons-is-layout-flex\">\n<div class=\"wp-block-button\"><a class=\"wp-block-button__link wp-element-button\" href=\"https:\/\/iwhiteinstant.com\/dk\/iwhite-rutinen\/\">L\u00e6s mere om iWhite-rutinen<\/a><\/div>\n<\/div>\n<\/div><\/div>\n\n\n<div class=\"product-list wp-block-karopharma-product-list is-style-primary\" data-testid=\"product-list\">\n      <div class=\"swiper-container\">\n      <div class=\"swiper\">\n        <div class=\"swiper-wrapper\">\n                      <div class=\"swiper-slide\">\n              <div class=\"product-card\" data-testid=\"product-card\">\n  <a\n    href=https:\/\/iwhiteinstant.com\/dk\/produkt\/iwhite-dark-stains-whitening-kit\/\n    class=\"product-card-link\"\n    title=\"iWhite Dark Stains Whitening Kit\"\n  >\n  <figure class=\"product-card-image\" data-testid=\"product-image\">\n                          <img decoding=\"async\" src=\"https:\/\/iwhiteinstant.com\/cdn-cgi\/image\/width=700,format=auto\/app\/uploads\/sites\/4\/2024\/04\/iWhite-Dark-stains-whitening-kit-1.png\"\n        srcset=\"https:\/\/iwhiteinstant.com\/cdn-cgi\/image\/width=250,format=auto\/app\/uploads\/sites\/4\/2024\/04\/iWhite-Dark-stains-whitening-kit-1.png 250w,\n                https:\/\/iwhiteinstant.com\/cdn-cgi\/image\/width=500,format=auto\/app\/uploads\/sites\/4\/2024\/04\/iWhite-Dark-stains-whitening-kit-1.png 500w,\n                https:\/\/iwhiteinstant.com\/cdn-cgi\/image\/width=700,format=auto\/app\/uploads\/sites\/4\/2024\/04\/iWhite-Dark-stains-whitening-kit-1.png 700w\"\n        sizes=\"(max-width: 400px) 250px, (max-width: 800px) 500px, 700px\"\n        alt=\"iWhite-Dark-stains-whitening-kit\"\n        class=\"img\">\n            <\/figure>\n    <div class=\"product-card-content\">\n      <div class=\"heading-wrapper\">\n        <h2 class=\"heading\">iWhite Dark Stains Whitening Kit<\/h2>\n      <\/div>\n      <div class=\"product-card-description\">Tandblegning som er specielt designet til at fjerne pletter for\u00e5rsaget af kaffe, te, tobak og r\u00f8dvin <\/div>\n                      <\/div>\n  <\/a>\n          <div class=\"button-wrapper buy-now \" data-testid=\"buy-now\">\n      <div class=\"buy-now-container dropdown-container\">\n      <div class=\"theme-button button-primary-color dropdown-link\" aria-label=\"K\u00f8b nu\">\n          K\u00f8b nu <i class=\"dropdown\"><\/i>\n      <\/div>\n      <ul class=\"reseller-list submenu\">\n                    <li>\n              <a\n                href=\"https:\/\/www.matas.dk\/iwhite-whitening-kit-dark-stains-10-stk\" onclick=\"dataLayer.push({'event':'ga_event', 'eventCategory':'Click on Reseller', 'eventAction':'Matas', 'eventLabel':'iWhite Dark Stains Whitening Kit', 'eventValue': undefined})\" rel=\"noopener\" target=\"_blank\" title=\"Matas\"\n                data-testid=\"buy-now-reseller\">\n                <i class=\"fa-solid fa-arrow-right\"><\/i> Matas\n              <\/a>\n          <\/li>\n                    <li>\n              <a\n                href=\"https:\/\/www.med24.dk\/personlig-pleje\/mund-og-tandpleje\/tandblegning\/iwhite-dark-stains-whitening-kit-10-stk\" onclick=\"dataLayer.push({'event':'ga_event', 'eventCategory':'Click on Reseller', 'eventAction':'Med24', 'eventLabel':'iWhite Dark Stains Whitening Kit', 'eventValue': undefined})\" rel=\"noopener\" target=\"_blank\" title=\"Med24\"\n                data-testid=\"buy-now-reseller\">\n                <i class=\"fa-solid fa-arrow-right\"><\/i> Med24\n              <\/a>\n          <\/li>\n                <\/ul>\n    <\/div>\n  <\/div>\n  <\/div>\n            <\/div>\n                      <div class=\"swiper-slide\">\n              <div class=\"product-card\" data-testid=\"product-card\">\n  <a\n    href=https:\/\/iwhiteinstant.com\/dk\/produkt\/iwhite-instant-whitening-mundskyl\/\n    class=\"product-card-link\"\n    title=\"iWhite Instant Whitening Mundskyl\"\n  >\n  <figure class=\"product-card-image\" data-testid=\"product-image\">\n                          <img decoding=\"async\" src=\"https:\/\/iwhiteinstant.com\/cdn-cgi\/image\/width=700,format=auto\/app\/uploads\/sites\/4\/2024\/04\/iWhite-Instant-Whitening-Mouthwash.png\"\n        srcset=\"https:\/\/iwhiteinstant.com\/cdn-cgi\/image\/width=250,format=auto\/app\/uploads\/sites\/4\/2024\/04\/iWhite-Instant-Whitening-Mouthwash.png 250w,\n                https:\/\/iwhiteinstant.com\/cdn-cgi\/image\/width=500,format=auto\/app\/uploads\/sites\/4\/2024\/04\/iWhite-Instant-Whitening-Mouthwash.png 500w,\n                https:\/\/iwhiteinstant.com\/cdn-cgi\/image\/width=700,format=auto\/app\/uploads\/sites\/4\/2024\/04\/iWhite-Instant-Whitening-Mouthwash.png 700w\"\n        sizes=\"(max-width: 400px) 250px, (max-width: 800px) 500px, 700px\"\n        alt=\"iWhite-Instant-Whitening-Mouthwash\"\n        class=\"img\">\n            <\/figure>\n    <div class=\"product-card-content\">\n      <div class=\"heading-wrapper\">\n        <h2 class=\"heading\">iWhite Instant Whitening Mundskyl<\/h2>\n      <\/div>\n      <div class=\"product-card-description\">Blegende mundskyl til daglig brug, som opl\u00f8ser misfarvninger p\u00e5 t\u00e6nderne.<\/div>\n                      <\/div>\n  <\/a>\n      <div class=\"button-wrapper\">\n    <a\n      href=https:\/\/iwhiteinstant.com\/dk\/produkt\/iwhite-instant-whitening-mundskyl\/\n      target=_self\n      class=\"theme-button button-primary-color rounded-button\"\n      rel=\"noopener\"\n      title=\"L\u00e6s mere\"\n    >\n       L\u00e6s mere\n    <\/a>\n<\/div>  <\/div>\n            <\/div>\n                  <\/div>\n        <div class=\"swiper-scrollbar\"><\/div>\n      <\/div>\n    <\/div>\n  <\/div>\n\n\n\n<div class=\"wp-block-karopharma-free-text pt-large pb-none bg-center bg-cover bg-no-repeat\" style=\"background-image:url()\"><div class=\"free-text-wrapper container max-w-medium text-center\">\n<h2 class=\"is-style-heading-h2 has-primary-color has-text-color wp-block-heading\">iWhite produktsortiment<\/h2>\n<\/div><\/div>\n","protected":false},"excerpt":{"rendered":"<p>Tandpasta som reducerer m\u00f8rke pletter og styrker dine t\u00e6nder.<\/p>\n","protected":false},"featured_media":108,"comment_status":"closed","ping_status":"closed","template":"","meta":{"_acf_changed":false,"footnotes":""},"product_brand":[],"product_cat":[19,23],"product_tag":[],"class_list":{"0":"post-70","1":"product","2":"type-product","3":"status-publish","4":"has-post-thumbnail","6":"product_cat-tandpasta","7":"product_cat-daglige-tandblegningsprodukter","9":"first","10":"instock","11":"shipping-taxable","12":"product-type-simple"},"acf":[],"yoast_head":"<!-- This site is optimized with the Yoast SEO plugin v26.6 - https:\/\/yoast.com\/wordpress\/plugins\/seo\/ -->\n<title>iWhite Dark Stains Tandpasta - iWhite<\/title>\n<meta name=\"description\" content=\"M\u00f8rke pletter p\u00e5 dine t\u00e6nder vises, n\u00e5r pletpartikler, s\u00e5som pigmenterede rester fra mad eller drikkevarer, samler sig i filmen p\u00e5 \u200b\u200bdin tandemalje. Ydre tandpletter er typisk for\u00e5rsaget af tobak eller ved regelm\u00e6ssigt indtag af kaffe, te eller vin.\" \/>\n<meta name=\"robots\" content=\"index, follow, max-snippet:-1, max-image-preview:large, max-video-preview:-1\" \/>\n<link rel=\"canonical\" href=\"https:\/\/iwhiteinstant.com\/dk\/produkt\/iwhite-dark-stains-tandpasta\/\" \/>\n<meta property=\"og:locale\" content=\"da_DK\" \/>\n<meta property=\"og:type\" content=\"article\" \/>\n<meta property=\"og:title\" content=\"iWhite Dark Stains Tandpasta - iWhite\" \/>\n<meta property=\"og:description\" content=\"M\u00f8rke pletter p\u00e5 dine t\u00e6nder vises, n\u00e5r pletpartikler, s\u00e5som pigmenterede rester fra mad eller drikkevarer, samler sig i filmen p\u00e5 \u200b\u200bdin tandemalje. Ydre tandpletter er typisk for\u00e5rsaget af tobak eller ved regelm\u00e6ssigt indtag af kaffe, te eller vin.\" \/>\n<meta property=\"og:url\" content=\"https:\/\/iwhiteinstant.com\/dk\/produkt\/iwhite-dark-stains-tandpasta\/\" \/>\n<meta property=\"og:site_name\" content=\"iWhite\" \/>\n<meta property=\"article:modified_time\" content=\"2024-12-18T10:52:34+00:00\" \/>\n<meta property=\"og:image\" content=\"https:\/\/iwhiteinstant.com\/app\/uploads\/sites\/4\/2024\/04\/iWhite-Advanced-dark-stains-toothpaste.png\" \/>\n\t<meta property=\"og:image:width\" content=\"800\" \/>\n\t<meta property=\"og:image:height\" content=\"800\" \/>\n\t<meta property=\"og:image:type\" content=\"image\/png\" \/>\n<meta name=\"twitter:card\" content=\"summary_large_image\" \/>\n<meta name=\"twitter:label1\" content=\"Estimeret l\u00e6setid\" \/>\n\t<meta name=\"twitter:data1\" content=\"2 minutter\" \/>\n<script type=\"application\/ld+json\" class=\"yoast-schema-graph\">{\"@context\":\"https:\/\/schema.org\",\"@graph\":[{\"@type\":\"WebPage\",\"@id\":\"https:\/\/iwhiteinstant.com\/dk\/produkt\/iwhite-dark-stains-tandpasta\/\",\"url\":\"https:\/\/iwhiteinstant.com\/dk\/produkt\/iwhite-dark-stains-tandpasta\/\",\"name\":\"iWhite Dark Stains Tandpasta - iWhite\",\"isPartOf\":{\"@id\":\"https:\/\/iwhiteinstant.com\/dk\/#website\"},\"primaryImageOfPage\":{\"@id\":\"https:\/\/iwhiteinstant.com\/dk\/produkt\/iwhite-dark-stains-tandpasta\/#primaryimage\"},\"image\":{\"@id\":\"https:\/\/iwhiteinstant.com\/dk\/produkt\/iwhite-dark-stains-tandpasta\/#primaryimage\"},\"thumbnailUrl\":\"https:\/\/iwhiteinstant.com\/app\/uploads\/sites\/4\/2024\/04\/iWhite-Advanced-dark-stains-toothpaste.png\",\"datePublished\":\"2024-04-26T12:38:26+00:00\",\"dateModified\":\"2024-12-18T10:52:34+00:00\",\"description\":\"M\u00f8rke pletter p\u00e5 dine t\u00e6nder vises, n\u00e5r pletpartikler, s\u00e5som pigmenterede rester fra mad eller drikkevarer, samler sig i filmen p\u00e5 \u200b\u200bdin tandemalje. Ydre tandpletter er typisk for\u00e5rsaget af tobak eller ved regelm\u00e6ssigt indtag af kaffe, te eller vin.\",\"breadcrumb\":{\"@id\":\"https:\/\/iwhiteinstant.com\/dk\/produkt\/iwhite-dark-stains-tandpasta\/#breadcrumb\"},\"inLanguage\":\"da-DK\",\"potentialAction\":[{\"@type\":\"ReadAction\",\"target\":[\"https:\/\/iwhiteinstant.com\/dk\/produkt\/iwhite-dark-stains-tandpasta\/\"]}]},{\"@type\":\"ImageObject\",\"inLanguage\":\"da-DK\",\"@id\":\"https:\/\/iwhiteinstant.com\/dk\/produkt\/iwhite-dark-stains-tandpasta\/#primaryimage\",\"url\":\"https:\/\/iwhiteinstant.com\/app\/uploads\/sites\/4\/2024\/04\/iWhite-Advanced-dark-stains-toothpaste.png\",\"contentUrl\":\"https:\/\/iwhiteinstant.com\/app\/uploads\/sites\/4\/2024\/04\/iWhite-Advanced-dark-stains-toothpaste.png\",\"width\":800,\"height\":800,\"caption\":\"iWhite-dark-stains-tandpasta\"},{\"@type\":\"BreadcrumbList\",\"@id\":\"https:\/\/iwhiteinstant.com\/dk\/produkt\/iwhite-dark-stains-tandpasta\/#breadcrumb\",\"itemListElement\":[{\"@type\":\"ListItem\",\"position\":1,\"name\":\"Home\",\"item\":\"https:\/\/iwhiteinstant.com\/dk\/\"},{\"@type\":\"ListItem\",\"position\":2,\"name\":\"iWhite-serien\",\"item\":\"https:\/\/iwhiteinstant.com\/dk\/iwhite-serien\/\"},{\"@type\":\"ListItem\",\"position\":3,\"name\":\"iWhite Dark Stains Tandpasta\"}]},{\"@type\":\"WebSite\",\"@id\":\"https:\/\/iwhiteinstant.com\/dk\/#website\",\"url\":\"https:\/\/iwhiteinstant.com\/dk\/\",\"name\":\"iWhite\",\"description\":\"\",\"publisher\":{\"@id\":\"https:\/\/iwhiteinstant.com\/dk\/#organization\"},\"potentialAction\":[{\"@type\":\"SearchAction\",\"target\":{\"@type\":\"EntryPoint\",\"urlTemplate\":\"https:\/\/iwhiteinstant.com\/dk\/?s={search_term_string}\"},\"query-input\":{\"@type\":\"PropertyValueSpecification\",\"valueRequired\":true,\"valueName\":\"search_term_string\"}}],\"inLanguage\":\"da-DK\"},{\"@type\":\"Organization\",\"@id\":\"https:\/\/iwhiteinstant.com\/dk\/#organization\",\"name\":\"iWhite\",\"url\":\"https:\/\/iwhiteinstant.com\/dk\/\",\"logo\":{\"@type\":\"ImageObject\",\"inLanguage\":\"da-DK\",\"@id\":\"https:\/\/iwhiteinstant.com\/dk\/#\/schema\/logo\/image\/\",\"url\":\"https:\/\/iwhiteinstant.com\/app\/uploads\/sites\/4\/2024\/04\/Iwhite-logo.png\",\"contentUrl\":\"https:\/\/iwhiteinstant.com\/app\/uploads\/sites\/4\/2024\/04\/Iwhite-logo.png\",\"width\":160,\"height\":40,\"caption\":\"iWhite\"},\"image\":{\"@id\":\"https:\/\/iwhiteinstant.com\/dk\/#\/schema\/logo\/image\/\"}}]}<\/script>\n<!-- \/ Yoast SEO plugin. -->","yoast_head_json":{"title":"iWhite Dark Stains Tandpasta - iWhite","description":"M\u00f8rke pletter p\u00e5 dine t\u00e6nder vises, n\u00e5r pletpartikler, s\u00e5som pigmenterede rester fra mad eller drikkevarer, samler sig i filmen p\u00e5 \u200b\u200bdin tandemalje. Ydre tandpletter er typisk for\u00e5rsaget af tobak eller ved regelm\u00e6ssigt indtag af kaffe, te eller vin.","robots":{"index":"index","follow":"follow","max-snippet":"max-snippet:-1","max-image-preview":"max-image-preview:large","max-video-preview":"max-video-preview:-1"},"canonical":"https:\/\/iwhiteinstant.com\/dk\/produkt\/iwhite-dark-stains-tandpasta\/","og_locale":"da_DK","og_type":"article","og_title":"iWhite Dark Stains Tandpasta - iWhite","og_description":"M\u00f8rke pletter p\u00e5 dine t\u00e6nder vises, n\u00e5r pletpartikler, s\u00e5som pigmenterede rester fra mad eller drikkevarer, samler sig i filmen p\u00e5 \u200b\u200bdin tandemalje. Ydre tandpletter er typisk for\u00e5rsaget af tobak eller ved regelm\u00e6ssigt indtag af kaffe, te eller vin.","og_url":"https:\/\/iwhiteinstant.com\/dk\/produkt\/iwhite-dark-stains-tandpasta\/","og_site_name":"iWhite","article_modified_time":"2024-12-18T10:52:34+00:00","og_image":[{"width":800,"height":800,"url":"https:\/\/iwhiteinstant.com\/app\/uploads\/sites\/4\/2024\/04\/iWhite-Advanced-dark-stains-toothpaste.png","type":"image\/png"}],"twitter_card":"summary_large_image","twitter_misc":{"Estimeret l\u00e6setid":"2 minutter"},"schema":{"@context":"https:\/\/schema.org","@graph":[{"@type":"WebPage","@id":"https:\/\/iwhiteinstant.com\/dk\/produkt\/iwhite-dark-stains-tandpasta\/","url":"https:\/\/iwhiteinstant.com\/dk\/produkt\/iwhite-dark-stains-tandpasta\/","name":"iWhite Dark Stains Tandpasta - iWhite","isPartOf":{"@id":"https:\/\/iwhiteinstant.com\/dk\/#website"},"primaryImageOfPage":{"@id":"https:\/\/iwhiteinstant.com\/dk\/produkt\/iwhite-dark-stains-tandpasta\/#primaryimage"},"image":{"@id":"https:\/\/iwhiteinstant.com\/dk\/produkt\/iwhite-dark-stains-tandpasta\/#primaryimage"},"thumbnailUrl":"https:\/\/iwhiteinstant.com\/app\/uploads\/sites\/4\/2024\/04\/iWhite-Advanced-dark-stains-toothpaste.png","datePublished":"2024-04-26T12:38:26+00:00","dateModified":"2024-12-18T10:52:34+00:00","description":"M\u00f8rke pletter p\u00e5 dine t\u00e6nder vises, n\u00e5r pletpartikler, s\u00e5som pigmenterede rester fra mad eller drikkevarer, samler sig i filmen p\u00e5 \u200b\u200bdin tandemalje. Ydre tandpletter er typisk for\u00e5rsaget af tobak eller ved regelm\u00e6ssigt indtag af kaffe, te eller vin.","breadcrumb":{"@id":"https:\/\/iwhiteinstant.com\/dk\/produkt\/iwhite-dark-stains-tandpasta\/#breadcrumb"},"inLanguage":"da-DK","potentialAction":[{"@type":"ReadAction","target":["https:\/\/iwhiteinstant.com\/dk\/produkt\/iwhite-dark-stains-tandpasta\/"]}]},{"@type":"ImageObject","inLanguage":"da-DK","@id":"https:\/\/iwhiteinstant.com\/dk\/produkt\/iwhite-dark-stains-tandpasta\/#primaryimage","url":"https:\/\/iwhiteinstant.com\/app\/uploads\/sites\/4\/2024\/04\/iWhite-Advanced-dark-stains-toothpaste.png","contentUrl":"https:\/\/iwhiteinstant.com\/app\/uploads\/sites\/4\/2024\/04\/iWhite-Advanced-dark-stains-toothpaste.png","width":800,"height":800,"caption":"iWhite-dark-stains-tandpasta"},{"@type":"BreadcrumbList","@id":"https:\/\/iwhiteinstant.com\/dk\/produkt\/iwhite-dark-stains-tandpasta\/#breadcrumb","itemListElement":[{"@type":"ListItem","position":1,"name":"Home","item":"https:\/\/iwhiteinstant.com\/dk\/"},{"@type":"ListItem","position":2,"name":"iWhite-serien","item":"https:\/\/iwhiteinstant.com\/dk\/iwhite-serien\/"},{"@type":"ListItem","position":3,"name":"iWhite Dark Stains Tandpasta"}]},{"@type":"WebSite","@id":"https:\/\/iwhiteinstant.com\/dk\/#website","url":"https:\/\/iwhiteinstant.com\/dk\/","name":"iWhite","description":"","publisher":{"@id":"https:\/\/iwhiteinstant.com\/dk\/#organization"},"potentialAction":[{"@type":"SearchAction","target":{"@type":"EntryPoint","urlTemplate":"https:\/\/iwhiteinstant.com\/dk\/?s={search_term_string}"},"query-input":{"@type":"PropertyValueSpecification","valueRequired":true,"valueName":"search_term_string"}}],"inLanguage":"da-DK"},{"@type":"Organization","@id":"https:\/\/iwhiteinstant.com\/dk\/#organization","name":"iWhite","url":"https:\/\/iwhiteinstant.com\/dk\/","logo":{"@type":"ImageObject","inLanguage":"da-DK","@id":"https:\/\/iwhiteinstant.com\/dk\/#\/schema\/logo\/image\/","url":"https:\/\/iwhiteinstant.com\/app\/uploads\/sites\/4\/2024\/04\/Iwhite-logo.png","contentUrl":"https:\/\/iwhiteinstant.com\/app\/uploads\/sites\/4\/2024\/04\/Iwhite-logo.png","width":160,"height":40,"caption":"iWhite"},"image":{"@id":"https:\/\/iwhiteinstant.com\/dk\/#\/schema\/logo\/image\/"}}]}},"_links":{"self":[{"href":"https:\/\/iwhiteinstant.com\/dk\/wp-json\/wp\/v2\/product\/70","targetHints":{"allow":["GET"]}}],"collection":[{"href":"https:\/\/iwhiteinstant.com\/dk\/wp-json\/wp\/v2\/product"}],"about":[{"href":"https:\/\/iwhiteinstant.com\/dk\/wp-json\/wp\/v2\/types\/product"}],"replies":[{"embeddable":true,"href":"https:\/\/iwhiteinstant.com\/dk\/wp-json\/wp\/v2\/comments?post=70"}],"version-history":[{"count":10,"href":"https:\/\/iwhiteinstant.com\/dk\/wp-json\/wp\/v2\/product\/70\/revisions"}],"predecessor-version":[{"id":315,"href":"https:\/\/iwhiteinstant.com\/dk\/wp-json\/wp\/v2\/product\/70\/revisions\/315"}],"wp:featuredmedia":[{"embeddable":true,"href":"https:\/\/iwhiteinstant.com\/dk\/wp-json\/wp\/v2\/media\/108"}],"wp:attachment":[{"href":"https:\/\/iwhiteinstant.com\/dk\/wp-json\/wp\/v2\/media?parent=70"}],"wp:term":[{"taxonomy":"product_brand","embeddable":true,"href":"https:\/\/iwhiteinstant.com\/dk\/wp-json\/wp\/v2\/product_brand?post=70"},{"taxonomy":"product_cat","embeddable":true,"href":"https:\/\/iwhiteinstant.com\/dk\/wp-json\/wp\/v2\/product_cat?post=70"},{"taxonomy":"product_tag","embeddable":true,"href":"https:\/\/iwhiteinstant.com\/dk\/wp-json\/wp\/v2\/product_tag?post=70"}],"curies":[{"name":"wp","href":"https:\/\/api.w.org\/{rel}","templated":true}]}}