{"id":160,"date":"2024-11-01T15:38:04","date_gmt":"2024-11-01T14:38:04","guid":{"rendered":"https:\/\/iwhiteinstant.com\/es\/?page_id=160"},"modified":"2024-12-20T15:06:52","modified_gmt":"2024-12-20T14:06:52","slug":"acerca","status":"publish","type":"page","link":"https:\/\/iwhiteinstant.com\/es\/acerca\/","title":{"rendered":"Acerca"},"content":{"rendered":"\n<div class=\"wp-block-karopharma-free-text pt-large pb-large bg-center bg-cover bg-no-repeat bg-box\" style=\"background-image:url(https:\/\/iwhiteinstant.com\/cdn-cgi\/image\/format=auto\/app\/uploads\/sites\/2\/2024\/04\/about-iwhite.jpg)\"><div class=\"free-text-wrapper container max-w-small text-left\">\n<h1 class=\"wp-block-heading is-style-heading-huge has-primary-color has-text-color\">Acerca de iWhite Instant Teeth Whitening<\/h1>\n\n\n\n<p>Sylphar desarrolla y fabrica todos los productos de la gama Remescar. Sylphar inici\u00f3 en el a\u00f1o 2008 la fabricaci\u00f3n de productos sanitarios y cosm\u00e9ticos.<\/p>\n<\/div><\/div>\n\n\n\n<div class=\"wp-block-karopharma-free-text pt-large pb-large bg-center bg-cover bg-no-repeat\" style=\"background-image:url()\"><div class=\"free-text-wrapper container max-w-medium text-left\">\n<p>Nuestro objetivo es desarrollar productos innovadores y agradables gracias a su revolucionaria tecnolog\u00eda. En Sylphar tenemos un departamento especializado en el desarrollo de productos, que nos permite presentar continuas innovaciones. Actualmente estamos presentando varios productos a nivel mundial. Puede conocer nuestros productos en los siguientes dominios:<\/p>\n\n\n\n<ul class=\"is-style-default wp-block-list\">\n<li><strong>Skincare<\/strong>: La innovadora marca Remescar ofrece soluciones para problemas de piel espec\u00edficos como cicatrices, estr\u00edas, ara\u00f1as vasculares, bolsas y ojeras, p\u00e1rpados ca\u00eddos y arrugas alrededor de la delicada zona de los ojos, en el entrecejo o alrededor de la boca y la nariz.<\/li>\n\n\n\n<li><strong>Salud bucal<\/strong>: iWhite, marca l\u00edder, ofrece una l\u00ednea completa de blanqueamiento dental.<\/li>\n\n\n\n<li><strong>Tratamiento oral<\/strong>: Herpatch trata y previene el herpes labial. Nuestro nuevo lanzamiento es SHUR Aliento fresco y sano, que es la soluci\u00f3n para el mal aliento. Todos nuestros productos est\u00e1n disponibles en farmacias y parafarmacias.<\/li>\n<\/ul>\n\n\n\n<h2 class=\"wp-block-heading is-style-heading-h3\">Control de calidad<\/h2>\n\n\n\n<p>Toda la investigaci\u00f3n y el desarrollo es gestionada y controlada en un entorno regulado, de alta calidad en nuestra sede de Deurle en B\u00e9lgica.<\/p>\n\n\n\n<p>Sylphar dispone de un Sistema de Gesti\u00f3n de Calidad ajustado con los requisitos de la norma ISO 13485 e ISO 22716 est\u00e1ndares. Sylphar fabrica sus productos respetando las buenas pr\u00e1cticas de fabricaci\u00f3n (GMP) para los cosm\u00e9ticos. Los estrictos controles de calidad garantizan que nuestros productos sean de una alta calidad. Nuestros productos cumplen con la legislaci\u00f3n aplicable a los productos sanitarios y productos cosm\u00e9ticos. Sylphar est\u00e1 registrado en la Agencia Federal de Medicamentos y Productos Sanitarios (FAMHP) y es auditado regularmente por las autoridades competentes y \/ o organismo notificado<\/p>\n<\/div><\/div>\n","protected":false},"excerpt":{"rendered":"","protected":false},"author":2,"featured_media":0,"parent":0,"menu_order":0,"comment_status":"closed","ping_status":"closed","template":"","meta":{"_acf_changed":false,"footnotes":""},"from-article-database":[],"class_list":["post-160","page","type-page","status-publish","hentry"],"acf":[],"yoast_head":"<!-- This site is optimized with the Yoast SEO plugin v26.6 - https:\/\/yoast.com\/wordpress\/plugins\/seo\/ -->\n<title>Acerca - iWhite<\/title>\n<meta name=\"description\" content=\"Toda la investigaci\u00f3n y el desarrollo es gestionada y controlada en un entorno regulado, de alta calidad en nuestra sede de Deurle en B\u00e9lgica.\" \/>\n<meta name=\"robots\" content=\"index, follow, max-snippet:-1, max-image-preview:large, max-video-preview:-1\" \/>\n<link rel=\"canonical\" href=\"https:\/\/iwhiteinstant.com\/es\/acerca\/\" \/>\n<meta property=\"og:locale\" content=\"es_ES\" \/>\n<meta property=\"og:type\" content=\"article\" \/>\n<meta property=\"og:title\" content=\"Acerca - iWhite\" \/>\n<meta property=\"og:description\" content=\"Toda la investigaci\u00f3n y el desarrollo es gestionada y controlada en un entorno regulado, de alta calidad en nuestra sede de Deurle en B\u00e9lgica.\" \/>\n<meta property=\"og:url\" content=\"https:\/\/iwhiteinstant.com\/es\/acerca\/\" \/>\n<meta property=\"og:site_name\" content=\"iWhite\" \/>\n<meta property=\"article:modified_time\" content=\"2024-12-20T14:06:52+00:00\" \/>\n<meta name=\"twitter:card\" content=\"summary_large_image\" \/>\n<meta name=\"twitter:label1\" content=\"Est. reading time\" \/>\n\t<meta name=\"twitter:data1\" content=\"2 minutos\" \/>\n<script type=\"application\/ld+json\" class=\"yoast-schema-graph\">{\"@context\":\"https:\/\/schema.org\",\"@graph\":[{\"@type\":\"WebPage\",\"@id\":\"https:\/\/iwhiteinstant.com\/es\/acerca\/\",\"url\":\"https:\/\/iwhiteinstant.com\/es\/acerca\/\",\"name\":\"Acerca - iWhite\",\"isPartOf\":{\"@id\":\"https:\/\/iwhiteinstant.com\/es\/#website\"},\"datePublished\":\"2024-11-01T14:38:04+00:00\",\"dateModified\":\"2024-12-20T14:06:52+00:00\",\"description\":\"Toda la investigaci\u00f3n y el desarrollo es gestionada y controlada en un entorno regulado, de alta calidad en nuestra sede de Deurle en B\u00e9lgica.\",\"breadcrumb\":{\"@id\":\"https:\/\/iwhiteinstant.com\/es\/acerca\/#breadcrumb\"},\"inLanguage\":\"es\",\"potentialAction\":[{\"@type\":\"ReadAction\",\"target\":[\"https:\/\/iwhiteinstant.com\/es\/acerca\/\"]}]},{\"@type\":\"BreadcrumbList\",\"@id\":\"https:\/\/iwhiteinstant.com\/es\/acerca\/#breadcrumb\",\"itemListElement\":[{\"@type\":\"ListItem\",\"position\":1,\"name\":\"Home\",\"item\":\"https:\/\/iwhiteinstant.com\/es\/\"},{\"@type\":\"ListItem\",\"position\":2,\"name\":\"Acerca\"}]},{\"@type\":\"WebSite\",\"@id\":\"https:\/\/iwhiteinstant.com\/es\/#website\",\"url\":\"https:\/\/iwhiteinstant.com\/es\/\",\"name\":\"iWhite\",\"description\":\"\",\"publisher\":{\"@id\":\"https:\/\/iwhiteinstant.com\/es\/#organization\"},\"potentialAction\":[{\"@type\":\"SearchAction\",\"target\":{\"@type\":\"EntryPoint\",\"urlTemplate\":\"https:\/\/iwhiteinstant.com\/es\/?s={search_term_string}\"},\"query-input\":{\"@type\":\"PropertyValueSpecification\",\"valueRequired\":true,\"valueName\":\"search_term_string\"}}],\"inLanguage\":\"es\"},{\"@type\":\"Organization\",\"@id\":\"https:\/\/iwhiteinstant.com\/es\/#organization\",\"name\":\"iWhite\",\"url\":\"https:\/\/iwhiteinstant.com\/es\/\",\"logo\":{\"@type\":\"ImageObject\",\"inLanguage\":\"es\",\"@id\":\"https:\/\/iwhiteinstant.com\/es\/#\/schema\/logo\/image\/\",\"url\":\"https:\/\/iwhiteinstant.com\/app\/uploads\/sites\/13\/2024\/10\/Iwhite-logo.png\",\"contentUrl\":\"https:\/\/iwhiteinstant.com\/app\/uploads\/sites\/13\/2024\/10\/Iwhite-logo.png\",\"width\":160,\"height\":40,\"caption\":\"iWhite\"},\"image\":{\"@id\":\"https:\/\/iwhiteinstant.com\/es\/#\/schema\/logo\/image\/\"}}]}<\/script>\n<!-- \/ Yoast SEO plugin. -->","yoast_head_json":{"title":"Acerca - iWhite","description":"Toda la investigaci\u00f3n y el desarrollo es gestionada y controlada en un entorno regulado, de alta calidad en nuestra sede de Deurle en B\u00e9lgica.","robots":{"index":"index","follow":"follow","max-snippet":"max-snippet:-1","max-image-preview":"max-image-preview:large","max-video-preview":"max-video-preview:-1"},"canonical":"https:\/\/iwhiteinstant.com\/es\/acerca\/","og_locale":"es_ES","og_type":"article","og_title":"Acerca - iWhite","og_description":"Toda la investigaci\u00f3n y el desarrollo es gestionada y controlada en un entorno regulado, de alta calidad en nuestra sede de Deurle en B\u00e9lgica.","og_url":"https:\/\/iwhiteinstant.com\/es\/acerca\/","og_site_name":"iWhite","article_modified_time":"2024-12-20T14:06:52+00:00","twitter_card":"summary_large_image","twitter_misc":{"Est. reading time":"2 minutos"},"schema":{"@context":"https:\/\/schema.org","@graph":[{"@type":"WebPage","@id":"https:\/\/iwhiteinstant.com\/es\/acerca\/","url":"https:\/\/iwhiteinstant.com\/es\/acerca\/","name":"Acerca - iWhite","isPartOf":{"@id":"https:\/\/iwhiteinstant.com\/es\/#website"},"datePublished":"2024-11-01T14:38:04+00:00","dateModified":"2024-12-20T14:06:52+00:00","description":"Toda la investigaci\u00f3n y el desarrollo es gestionada y controlada en un entorno regulado, de alta calidad en nuestra sede de Deurle en B\u00e9lgica.","breadcrumb":{"@id":"https:\/\/iwhiteinstant.com\/es\/acerca\/#breadcrumb"},"inLanguage":"es","potentialAction":[{"@type":"ReadAction","target":["https:\/\/iwhiteinstant.com\/es\/acerca\/"]}]},{"@type":"BreadcrumbList","@id":"https:\/\/iwhiteinstant.com\/es\/acerca\/#breadcrumb","itemListElement":[{"@type":"ListItem","position":1,"name":"Home","item":"https:\/\/iwhiteinstant.com\/es\/"},{"@type":"ListItem","position":2,"name":"Acerca"}]},{"@type":"WebSite","@id":"https:\/\/iwhiteinstant.com\/es\/#website","url":"https:\/\/iwhiteinstant.com\/es\/","name":"iWhite","description":"","publisher":{"@id":"https:\/\/iwhiteinstant.com\/es\/#organization"},"potentialAction":[{"@type":"SearchAction","target":{"@type":"EntryPoint","urlTemplate":"https:\/\/iwhiteinstant.com\/es\/?s={search_term_string}"},"query-input":{"@type":"PropertyValueSpecification","valueRequired":true,"valueName":"search_term_string"}}],"inLanguage":"es"},{"@type":"Organization","@id":"https:\/\/iwhiteinstant.com\/es\/#organization","name":"iWhite","url":"https:\/\/iwhiteinstant.com\/es\/","logo":{"@type":"ImageObject","inLanguage":"es","@id":"https:\/\/iwhiteinstant.com\/es\/#\/schema\/logo\/image\/","url":"https:\/\/iwhiteinstant.com\/app\/uploads\/sites\/13\/2024\/10\/Iwhite-logo.png","contentUrl":"https:\/\/iwhiteinstant.com\/app\/uploads\/sites\/13\/2024\/10\/Iwhite-logo.png","width":160,"height":40,"caption":"iWhite"},"image":{"@id":"https:\/\/iwhiteinstant.com\/es\/#\/schema\/logo\/image\/"}}]}},"_links":{"self":[{"href":"https:\/\/iwhiteinstant.com\/es\/wp-json\/wp\/v2\/pages\/160","targetHints":{"allow":["GET"]}}],"collection":[{"href":"https:\/\/iwhiteinstant.com\/es\/wp-json\/wp\/v2\/pages"}],"about":[{"href":"https:\/\/iwhiteinstant.com\/es\/wp-json\/wp\/v2\/types\/page"}],"author":[{"embeddable":true,"href":"https:\/\/iwhiteinstant.com\/es\/wp-json\/wp\/v2\/users\/2"}],"replies":[{"embeddable":true,"href":"https:\/\/iwhiteinstant.com\/es\/wp-json\/wp\/v2\/comments?post=160"}],"version-history":[{"count":1,"href":"https:\/\/iwhiteinstant.com\/es\/wp-json\/wp\/v2\/pages\/160\/revisions"}],"predecessor-version":[{"id":161,"href":"https:\/\/iwhiteinstant.com\/es\/wp-json\/wp\/v2\/pages\/160\/revisions\/161"}],"wp:attachment":[{"href":"https:\/\/iwhiteinstant.com\/es\/wp-json\/wp\/v2\/media?parent=160"}],"wp:term":[{"taxonomy":"from-article-database","embeddable":true,"href":"https:\/\/iwhiteinstant.com\/es\/wp-json\/wp\/v2\/from-article-database?post=160"}],"curies":[{"name":"wp","href":"https:\/\/api.w.org\/{rel}","templated":true}]}}