{"id":48,"date":"2024-10-11T11:57:27","date_gmt":"2024-10-11T09:57:27","guid":{"rendered":"https:\/\/iwhiteinstant.com\/es\/?page_id=48"},"modified":"2024-12-20T15:06:52","modified_gmt":"2024-12-20T14:06:52","slug":"tecnologia-iwhite","status":"publish","type":"page","link":"https:\/\/iwhiteinstant.com\/es\/tecnologia-iwhite\/","title":{"rendered":"Tecnolog\u00eda iWhite"},"content":{"rendered":"\n<div class=\"wp-block-karopharma-free-text pt-large pb-large bg-center bg-cover bg-no-repeat\" style=\"background-image:url()\"><div class=\"free-text-wrapper container max-w-medium text-left\">\n<h1 class=\"wp-block-heading is-style-heading-huge has-primary-color has-text-color\">Tecnolog\u00eda iWhite<sup>\u00a9<\/sup><\/h1>\n\n\n\n<p>Inventamos un tratamiento de blanqueamiento dental&nbsp;<strong>sin per\u00f3xido de hidr\u00f3geno<\/strong>&nbsp;pero a\u00fan&nbsp;<strong>m\u00e1s eficiente<\/strong>, basado en una tecnolog\u00eda \u00fanica de FCC (Calcio Cristalizado en Pel\u00edcula).<\/p>\n\n\n\n<p>Los peque\u00f1os cristales bioactivos blancos se utilizan en combinaci\u00f3n con un potente agente polim\u00e9rico formador de pel\u00edcula. Gracias a esta innovadora tecnolog\u00eda, los cristales bioactivos blancos se fijar\u00e1n f\u00edsicamente en la superficie del diente. La fijaci\u00f3n f\u00edsica de los los cristales blancos producen un efecto de blanqueamiento \u00f3ptico. Esta tecnolog\u00eda FCC est\u00e1 reforzada por una novedad en el blanqueamiento dental: P.A.P. que es una fuerte mol\u00e9cula quitamanchas que rompe las decoloraciones en los dientes en peque\u00f1as piezas sin afectar la estructura de los dientes.<\/p>\n\n\n\n<p><strong>Los estudios cl\u00ednicos han demostrado que iWhite Instant es 100% seguro para los dientes<\/strong>&nbsp;y te proporciona&nbsp;un efecto blanqueador <strong>inmediato<\/strong>&nbsp;despu\u00e9s de la&nbsp;<strong>primera aplicaci\u00f3n<\/strong>. Algunos pacientes tuvieron una mejora de hasta 8 tonos despu\u00e9s de un tratamiento. Sin embargo, cada persona es diferente y los resultados pueden variar por persona.<\/p>\n<\/div><\/div>\n\n\n\n<div class=\"wp-block-karopharma-free-text pt-large pb-large bg-center bg-cover bg-no-repeat  is-style-primary\" style=\"background-image:url()\"><div class=\"free-text-wrapper container max-w-medium text-left\">\n<h2 class=\"wp-block-heading is-style-heading-h2\">Resultados al instante****<\/h2>\n\n\n\n<p>Se realiz\u00f3 un estudio cl\u00ednico en la consulta de un experto independiente y muy respetado. Este dentista fue el ex presidente de la Academia Belga de Odontolog\u00eda Est\u00e9tica (BAED) y miembro de varias academias de investigaci\u00f3n est\u00e9tica y ha estado realizando procedimientos de blanqueamiento durante m\u00e1s de 20 a\u00f1os. Los resultados de este estudio sobre la efectividad de iWhite Instant mostraron un promedio de 4,8 tonos, mientras que algunos pacientes obtuvieron resultados de 8 tonos despu\u00e9s de un tratamiento de 20 minutos.<\/p>\n<\/div><\/div>\n\n\n\n<div class=\"wp-block-karopharma-free-text pt-large pb-large bg-center bg-cover bg-no-repeat  is-style-transparent\" style=\"background-image:url()\"><div class=\"free-text-wrapper container max-w-medium text-left\">\n<h2 class=\"wp-block-heading is-style-heading-h2\">100% seguro<\/h2>\n\n\n\n<p>Ning\u00fan paciente tuvo problemas de sensibilidad despu\u00e9s del tratamiento y todos ellos quedaron satisfechos con la facilidad de uso de los moldes.<\/p>\n<\/div><\/div>\n\n\n\n<div class=\"wp-block-karopharma-free-text pt-large pb-large bg-center bg-cover bg-no-repeat  is-style-primary\" style=\"background-image:url()\"><div class=\"free-text-wrapper container max-w-medium text-left\">\n<figure class=\"wp-block-table is-style-secondary-stripes\"><table><thead><tr><th>Pregunta<\/th><th>Respuesta<\/th><th>T1 (n)<\/th><th>T2 (n)<\/th><\/tr><\/thead><tbody><tr><td>\u00bfEl paciente tuvo aftas?<\/td><td>No<br>Si<\/td><td>100%<br>0<\/td><td>100%<br>0<\/td><\/tr><tr><td>\u00bfEl paciente not\u00f3 manchas blancas en la boca?<\/td><td>No<br>Si<\/td><td>100%<br>0<\/td><td>100%<br>0<\/td><\/tr><tr><td>\u00bfNot\u00f3 sensibilidad en los dientes?<\/td><td>No<br>Si<\/td><td>100%<br>0<\/td><td>100%<br>0<\/td><\/tr><\/tbody><\/table><figcaption class=\"wp-element-caption\"><small>Tabla 2: Distribuci\u00f3n de la aceptaci\u00f3n de los resultados<\/small><\/figcaption><\/figure>\n\n\n\n<p class=\"is-style-paragraph-small\">****Estudio cl\u00ednico (Ensayo cl\u00ednico aleatorio doble ciego de un producto de blanqueamiento dental frente a un placebo).<\/p>\n<\/div><\/div>\n","protected":false},"excerpt":{"rendered":"","protected":false},"author":2,"featured_media":0,"parent":0,"menu_order":0,"comment_status":"closed","ping_status":"closed","template":"","meta":{"_acf_changed":false,"footnotes":""},"from-article-database":[],"class_list":["post-48","page","type-page","status-publish","hentry"],"acf":[],"yoast_head":"<!-- This site is optimized with the Yoast SEO plugin v26.6 - https:\/\/yoast.com\/wordpress\/plugins\/seo\/ -->\n<title>Tecnolog\u00eda iWhite - iWhite<\/title>\n<meta name=\"description\" content=\"Inventamos un tratamiento de blanqueamiento dental\u00a0sin per\u00f3xido de hidr\u00f3geno\u00a0pero a\u00fan\u00a0m\u00e1s eficiente, basado en una tecnolog\u00eda \u00fanica de FCC (Calcio Cristalizado en Pel\u00edcula).\" \/>\n<meta name=\"robots\" content=\"index, follow, max-snippet:-1, max-image-preview:large, max-video-preview:-1\" \/>\n<link rel=\"canonical\" href=\"https:\/\/iwhiteinstant.com\/es\/tecnologia-iwhite\/\" \/>\n<meta property=\"og:locale\" content=\"es_ES\" \/>\n<meta property=\"og:type\" content=\"article\" \/>\n<meta property=\"og:title\" content=\"Tecnolog\u00eda iWhite - iWhite\" \/>\n<meta property=\"og:description\" content=\"Inventamos un tratamiento de blanqueamiento dental\u00a0sin per\u00f3xido de hidr\u00f3geno\u00a0pero a\u00fan\u00a0m\u00e1s eficiente, basado en una tecnolog\u00eda \u00fanica de FCC (Calcio Cristalizado en Pel\u00edcula).\" \/>\n<meta property=\"og:url\" content=\"https:\/\/iwhiteinstant.com\/es\/tecnologia-iwhite\/\" \/>\n<meta property=\"og:site_name\" content=\"iWhite\" \/>\n<meta property=\"article:modified_time\" content=\"2024-12-20T14:06:52+00:00\" \/>\n<meta name=\"twitter:card\" content=\"summary_large_image\" \/>\n<meta name=\"twitter:label1\" content=\"Est. reading time\" \/>\n\t<meta name=\"twitter:data1\" content=\"2 minutos\" \/>\n<script type=\"application\/ld+json\" class=\"yoast-schema-graph\">{\"@context\":\"https:\/\/schema.org\",\"@graph\":[{\"@type\":\"WebPage\",\"@id\":\"https:\/\/iwhiteinstant.com\/es\/tecnologia-iwhite\/\",\"url\":\"https:\/\/iwhiteinstant.com\/es\/tecnologia-iwhite\/\",\"name\":\"Tecnolog\u00eda iWhite - iWhite\",\"isPartOf\":{\"@id\":\"https:\/\/iwhiteinstant.com\/es\/#website\"},\"datePublished\":\"2024-10-11T09:57:27+00:00\",\"dateModified\":\"2024-12-20T14:06:52+00:00\",\"description\":\"Inventamos un tratamiento de blanqueamiento dental\u00a0sin per\u00f3xido de hidr\u00f3geno\u00a0pero a\u00fan\u00a0m\u00e1s eficiente, basado en una tecnolog\u00eda \u00fanica de FCC (Calcio Cristalizado en Pel\u00edcula).\",\"breadcrumb\":{\"@id\":\"https:\/\/iwhiteinstant.com\/es\/tecnologia-iwhite\/#breadcrumb\"},\"inLanguage\":\"es\",\"potentialAction\":[{\"@type\":\"ReadAction\",\"target\":[\"https:\/\/iwhiteinstant.com\/es\/tecnologia-iwhite\/\"]}]},{\"@type\":\"BreadcrumbList\",\"@id\":\"https:\/\/iwhiteinstant.com\/es\/tecnologia-iwhite\/#breadcrumb\",\"itemListElement\":[{\"@type\":\"ListItem\",\"position\":1,\"name\":\"Home\",\"item\":\"https:\/\/iwhiteinstant.com\/es\/\"},{\"@type\":\"ListItem\",\"position\":2,\"name\":\"Tecnolog\u00eda iWhite\"}]},{\"@type\":\"WebSite\",\"@id\":\"https:\/\/iwhiteinstant.com\/es\/#website\",\"url\":\"https:\/\/iwhiteinstant.com\/es\/\",\"name\":\"iWhite\",\"description\":\"\",\"publisher\":{\"@id\":\"https:\/\/iwhiteinstant.com\/es\/#organization\"},\"potentialAction\":[{\"@type\":\"SearchAction\",\"target\":{\"@type\":\"EntryPoint\",\"urlTemplate\":\"https:\/\/iwhiteinstant.com\/es\/?s={search_term_string}\"},\"query-input\":{\"@type\":\"PropertyValueSpecification\",\"valueRequired\":true,\"valueName\":\"search_term_string\"}}],\"inLanguage\":\"es\"},{\"@type\":\"Organization\",\"@id\":\"https:\/\/iwhiteinstant.com\/es\/#organization\",\"name\":\"iWhite\",\"url\":\"https:\/\/iwhiteinstant.com\/es\/\",\"logo\":{\"@type\":\"ImageObject\",\"inLanguage\":\"es\",\"@id\":\"https:\/\/iwhiteinstant.com\/es\/#\/schema\/logo\/image\/\",\"url\":\"https:\/\/iwhiteinstant.com\/app\/uploads\/sites\/13\/2024\/10\/Iwhite-logo.png\",\"contentUrl\":\"https:\/\/iwhiteinstant.com\/app\/uploads\/sites\/13\/2024\/10\/Iwhite-logo.png\",\"width\":160,\"height\":40,\"caption\":\"iWhite\"},\"image\":{\"@id\":\"https:\/\/iwhiteinstant.com\/es\/#\/schema\/logo\/image\/\"}}]}<\/script>\n<!-- \/ Yoast SEO plugin. -->","yoast_head_json":{"title":"Tecnolog\u00eda iWhite - iWhite","description":"Inventamos un tratamiento de blanqueamiento dental\u00a0sin per\u00f3xido de hidr\u00f3geno\u00a0pero a\u00fan\u00a0m\u00e1s eficiente, basado en una tecnolog\u00eda \u00fanica de FCC (Calcio Cristalizado en Pel\u00edcula).","robots":{"index":"index","follow":"follow","max-snippet":"max-snippet:-1","max-image-preview":"max-image-preview:large","max-video-preview":"max-video-preview:-1"},"canonical":"https:\/\/iwhiteinstant.com\/es\/tecnologia-iwhite\/","og_locale":"es_ES","og_type":"article","og_title":"Tecnolog\u00eda iWhite - iWhite","og_description":"Inventamos un tratamiento de blanqueamiento dental\u00a0sin per\u00f3xido de hidr\u00f3geno\u00a0pero a\u00fan\u00a0m\u00e1s eficiente, basado en una tecnolog\u00eda \u00fanica de FCC (Calcio Cristalizado en Pel\u00edcula).","og_url":"https:\/\/iwhiteinstant.com\/es\/tecnologia-iwhite\/","og_site_name":"iWhite","article_modified_time":"2024-12-20T14:06:52+00:00","twitter_card":"summary_large_image","twitter_misc":{"Est. reading time":"2 minutos"},"schema":{"@context":"https:\/\/schema.org","@graph":[{"@type":"WebPage","@id":"https:\/\/iwhiteinstant.com\/es\/tecnologia-iwhite\/","url":"https:\/\/iwhiteinstant.com\/es\/tecnologia-iwhite\/","name":"Tecnolog\u00eda iWhite - iWhite","isPartOf":{"@id":"https:\/\/iwhiteinstant.com\/es\/#website"},"datePublished":"2024-10-11T09:57:27+00:00","dateModified":"2024-12-20T14:06:52+00:00","description":"Inventamos un tratamiento de blanqueamiento dental\u00a0sin per\u00f3xido de hidr\u00f3geno\u00a0pero a\u00fan\u00a0m\u00e1s eficiente, basado en una tecnolog\u00eda \u00fanica de FCC (Calcio Cristalizado en Pel\u00edcula).","breadcrumb":{"@id":"https:\/\/iwhiteinstant.com\/es\/tecnologia-iwhite\/#breadcrumb"},"inLanguage":"es","potentialAction":[{"@type":"ReadAction","target":["https:\/\/iwhiteinstant.com\/es\/tecnologia-iwhite\/"]}]},{"@type":"BreadcrumbList","@id":"https:\/\/iwhiteinstant.com\/es\/tecnologia-iwhite\/#breadcrumb","itemListElement":[{"@type":"ListItem","position":1,"name":"Home","item":"https:\/\/iwhiteinstant.com\/es\/"},{"@type":"ListItem","position":2,"name":"Tecnolog\u00eda iWhite"}]},{"@type":"WebSite","@id":"https:\/\/iwhiteinstant.com\/es\/#website","url":"https:\/\/iwhiteinstant.com\/es\/","name":"iWhite","description":"","publisher":{"@id":"https:\/\/iwhiteinstant.com\/es\/#organization"},"potentialAction":[{"@type":"SearchAction","target":{"@type":"EntryPoint","urlTemplate":"https:\/\/iwhiteinstant.com\/es\/?s={search_term_string}"},"query-input":{"@type":"PropertyValueSpecification","valueRequired":true,"valueName":"search_term_string"}}],"inLanguage":"es"},{"@type":"Organization","@id":"https:\/\/iwhiteinstant.com\/es\/#organization","name":"iWhite","url":"https:\/\/iwhiteinstant.com\/es\/","logo":{"@type":"ImageObject","inLanguage":"es","@id":"https:\/\/iwhiteinstant.com\/es\/#\/schema\/logo\/image\/","url":"https:\/\/iwhiteinstant.com\/app\/uploads\/sites\/13\/2024\/10\/Iwhite-logo.png","contentUrl":"https:\/\/iwhiteinstant.com\/app\/uploads\/sites\/13\/2024\/10\/Iwhite-logo.png","width":160,"height":40,"caption":"iWhite"},"image":{"@id":"https:\/\/iwhiteinstant.com\/es\/#\/schema\/logo\/image\/"}}]}},"_links":{"self":[{"href":"https:\/\/iwhiteinstant.com\/es\/wp-json\/wp\/v2\/pages\/48","targetHints":{"allow":["GET"]}}],"collection":[{"href":"https:\/\/iwhiteinstant.com\/es\/wp-json\/wp\/v2\/pages"}],"about":[{"href":"https:\/\/iwhiteinstant.com\/es\/wp-json\/wp\/v2\/types\/page"}],"author":[{"embeddable":true,"href":"https:\/\/iwhiteinstant.com\/es\/wp-json\/wp\/v2\/users\/2"}],"replies":[{"embeddable":true,"href":"https:\/\/iwhiteinstant.com\/es\/wp-json\/wp\/v2\/comments?post=48"}],"version-history":[{"count":8,"href":"https:\/\/iwhiteinstant.com\/es\/wp-json\/wp\/v2\/pages\/48\/revisions"}],"predecessor-version":[{"id":200,"href":"https:\/\/iwhiteinstant.com\/es\/wp-json\/wp\/v2\/pages\/48\/revisions\/200"}],"wp:attachment":[{"href":"https:\/\/iwhiteinstant.com\/es\/wp-json\/wp\/v2\/media?parent=48"}],"wp:term":[{"taxonomy":"from-article-database","embeddable":true,"href":"https:\/\/iwhiteinstant.com\/es\/wp-json\/wp\/v2\/from-article-database?post=48"}],"curies":[{"name":"wp","href":"https:\/\/api.w.org\/{rel}","templated":true}]}}