{"id":50,"date":"2024-10-11T13:55:56","date_gmt":"2024-10-11T11:55:56","guid":{"rendered":"https:\/\/iwhiteinstant.com\/es\/?page_id=50"},"modified":"2025-06-23T14:33:35","modified_gmt":"2025-06-23T12:33:35","slug":"preguntas-frecuentes","status":"publish","type":"page","link":"https:\/\/iwhiteinstant.com\/es\/preguntas-frecuentes\/","title":{"rendered":"Preguntas frecuentes"},"content":{"rendered":"\n<div class=\"wp-block-karopharma-free-text pt-large pb-large bg-center bg-cover bg-no-repeat bg-box is-style-primary\" style=\"background-image:url(https:\/\/iwhiteinstant.com\/cdn-cgi\/image\/format=auto\/app\/uploads\/sites\/13\/2024\/10\/faq.jpg)\"><div class=\"free-text-wrapper container max-w-small text-center\">\n<h1 class=\"wp-block-heading is-style-heading-huge has-primary-color has-text-color\">Preguntas frecuentes<\/h1>\n\n\n\n<h2 class=\"wp-block-heading is-style-heading-h3\">Descubre la respuesta a las preguntas m\u00e1s comunes<\/h2>\n<\/div><\/div>\n\n\n\n<div class=\"wp-block-karopharma-accordions\"><div class=\"container\">\n<details class=\"wp-block-karopharma-accordion\"><summary><h2 class=\"accordion-title\">\u00bfQu\u00e9 nivel de blanqueamiento puedo conseguir?<\/h2><\/summary><div class=\"accordion-content\">\n<p>Los resultados del blanqueamiento pueden variar de una persona a otra y pueden depender del origen y la gravedad de la decoloraci\u00f3n del diente o de la naturaleza de su estructura dental. Sin embargo, varios ensayos de eficacia independientes muestran resultados significativamente satisfactorios con la tecnolog\u00eda iWhite. Esta tecnolog\u00eda ha demostrado que puede blanquear los dientes hasta 8 tonos en una sola aplicaci\u00f3n de 20 minutos.<\/p>\n<\/div><\/details>\n\n\n\n<details class=\"wp-block-karopharma-accordion\"><summary><h2 class=\"accordion-title\">\u00bfCu\u00e1nto tiempo durar\u00e1n los resultados del blanqueamiento?<\/h2><\/summary><div class=\"accordion-content\">\n<p>Esto depender\u00e1 de la higiene oral personal y de la decoloraci\u00f3n inicial. Productos como tabaco, vino tinto, t\u00e9 y\/o caf\u00e9 pueden causar nuevas decoloraciones. Para obtener resultados \u00f3ptimos, se recomienda utilizar nuestros productos iWhite a diario, semanalmente y\/o mensualmente.<\/p>\n<\/div><\/details>\n\n\n\n<details class=\"wp-block-karopharma-accordion\"><summary><h2 class=\"accordion-title\">\u00bfCon qu\u00e9 frecuencia puedo usar los productos de blanqueamiento dental iWhite?<\/h2><\/summary><div class=\"accordion-content\">\n<p>Esto depende del producto iWhite que est\u00e9s usando. Por ejemplo, los kits de blanqueamiento (iWhite Kit Blanqueamiento Supremo y Kit Manchas Oscuras) pueden utilizarse todos los d\u00edas durante 5 d\u00edas consecutivos. Se recomienda consultar las instrucciones de uso de cada producto antes de su aplicaci\u00f3n.<\/p>\n<\/div><\/details>\n\n\n\n<details class=\"wp-block-karopharma-accordion\"><summary><h2 class=\"accordion-title\">\u00bfSon seguros los productos de blanqueamiento dental de iWhite?<\/h2><\/summary><div class=\"accordion-content\">\n<p>S\u00ed, absolutamente, los productos de blanqueamiento dental iWhite son productos cosm\u00e9ticos resgistrados y contienen ingredientes cosm\u00e9ticos europeos aprobados. Dado que los productos de blanqueamiento dental iWhite no contienen per\u00f3xido de hidr\u00f3geno, no se producir\u00e1n da\u00f1os y\/o sensibilidad en los dientes y\/o enc\u00edas.<\/p>\n<\/div><\/details>\n\n\n\n<details class=\"wp-block-karopharma-accordion\"><summary><h2 class=\"accordion-title\">\u00bfPuedo utilizar iWhite Instant si tengo problemas en las enc\u00edas?<\/h2><\/summary><div class=\"accordion-content\">\n<p>Si tiene problemas de enc\u00edas, debes consultar a un dentista antes de usar el producto.<\/p>\n<\/div><\/details>\n\n\n\n<details class=\"wp-block-karopharma-accordion\"><summary><h2 class=\"accordion-title\">\u00bfPuedo utilizar los productos de blanqueamiento dental iWhite si tengo\/ten\u00eda tratamientos dentales y\/o de ortodoncia?<\/h2><\/summary><div class=\"accordion-content\">\n<p>No utilizar este producto en un plazo de 2 semanas en caso de tratamientos dentales y\/o de ortodoncia (empastes, coronas, implantes, canal de la ra\u00edz, \u2026)<\/p>\n<\/div><\/details>\n\n\n\n<details class=\"wp-block-karopharma-accordion\"><summary><h2 class=\"accordion-title\">\u00bfTendr\u00e1n los productos de blanqueamiento dental iWhite alg\u00fan efecto sobre empastes, coronas y carillas?<\/h2><\/summary><div class=\"accordion-content\">\n<p>Las coronas, carillas y empastes no se blanquean, pero no se ver\u00e1n afectados por el tratamiento.<\/p>\n<\/div><\/details>\n\n\n\n<details class=\"wp-block-karopharma-accordion\"><summary><h2 class=\"accordion-title\">\u00bfSe puede utilizar la gama de blanqueamiento dental iWhite durante el embarazo y\/o la lactancia?<\/h2><\/summary><div class=\"accordion-content\">\n<p>No recomendamos el uso de la gama de blanqueamiento dental iWhite durante el embarazo o la lactancia.<\/p>\n<\/div><\/details>\n<\/div><\/div>\n","protected":false},"excerpt":{"rendered":"","protected":false},"author":2,"featured_media":0,"parent":0,"menu_order":0,"comment_status":"closed","ping_status":"closed","template":"","meta":{"_acf_changed":false,"footnotes":""},"from-article-database":[],"class_list":["post-50","page","type-page","status-publish","hentry"],"acf":[],"yoast_head":"<!-- This site is optimized with the Yoast SEO plugin v26.6 - https:\/\/yoast.com\/wordpress\/plugins\/seo\/ -->\n<title>Preguntas frecuentes - iWhite<\/title>\n<meta name=\"description\" content=\"Descubre la respuesta a las preguntas m\u00e1s comunes\" \/>\n<meta name=\"robots\" content=\"index, follow, max-snippet:-1, max-image-preview:large, max-video-preview:-1\" \/>\n<link rel=\"canonical\" href=\"https:\/\/iwhiteinstant.com\/es\/preguntas-frecuentes\/\" \/>\n<meta property=\"og:locale\" content=\"es_ES\" \/>\n<meta property=\"og:type\" content=\"article\" \/>\n<meta property=\"og:title\" content=\"Preguntas frecuentes - iWhite\" \/>\n<meta property=\"og:description\" content=\"Descubre la respuesta a las preguntas m\u00e1s comunes\" \/>\n<meta property=\"og:url\" content=\"https:\/\/iwhiteinstant.com\/es\/preguntas-frecuentes\/\" \/>\n<meta property=\"og:site_name\" content=\"iWhite\" \/>\n<meta property=\"article:modified_time\" content=\"2025-06-23T12:33:35+00:00\" \/>\n<meta name=\"twitter:card\" content=\"summary_large_image\" \/>\n<meta name=\"twitter:label1\" content=\"Est. reading time\" \/>\n\t<meta name=\"twitter:data1\" content=\"2 minutos\" \/>\n<script type=\"application\/ld+json\" class=\"yoast-schema-graph\">{\"@context\":\"https:\/\/schema.org\",\"@graph\":[{\"@type\":\"WebPage\",\"@id\":\"https:\/\/iwhiteinstant.com\/es\/preguntas-frecuentes\/\",\"url\":\"https:\/\/iwhiteinstant.com\/es\/preguntas-frecuentes\/\",\"name\":\"Preguntas frecuentes - iWhite\",\"isPartOf\":{\"@id\":\"https:\/\/iwhiteinstant.com\/es\/#website\"},\"datePublished\":\"2024-10-11T11:55:56+00:00\",\"dateModified\":\"2025-06-23T12:33:35+00:00\",\"description\":\"Descubre la respuesta a las preguntas m\u00e1s comunes\",\"breadcrumb\":{\"@id\":\"https:\/\/iwhiteinstant.com\/es\/preguntas-frecuentes\/#breadcrumb\"},\"inLanguage\":\"es\",\"potentialAction\":[{\"@type\":\"ReadAction\",\"target\":[\"https:\/\/iwhiteinstant.com\/es\/preguntas-frecuentes\/\"]}]},{\"@type\":\"BreadcrumbList\",\"@id\":\"https:\/\/iwhiteinstant.com\/es\/preguntas-frecuentes\/#breadcrumb\",\"itemListElement\":[{\"@type\":\"ListItem\",\"position\":1,\"name\":\"Home\",\"item\":\"https:\/\/iwhiteinstant.com\/es\/\"},{\"@type\":\"ListItem\",\"position\":2,\"name\":\"Preguntas frecuentes\"}]},{\"@type\":\"WebSite\",\"@id\":\"https:\/\/iwhiteinstant.com\/es\/#website\",\"url\":\"https:\/\/iwhiteinstant.com\/es\/\",\"name\":\"iWhite\",\"description\":\"\",\"publisher\":{\"@id\":\"https:\/\/iwhiteinstant.com\/es\/#organization\"},\"potentialAction\":[{\"@type\":\"SearchAction\",\"target\":{\"@type\":\"EntryPoint\",\"urlTemplate\":\"https:\/\/iwhiteinstant.com\/es\/?s={search_term_string}\"},\"query-input\":{\"@type\":\"PropertyValueSpecification\",\"valueRequired\":true,\"valueName\":\"search_term_string\"}}],\"inLanguage\":\"es\"},{\"@type\":\"Organization\",\"@id\":\"https:\/\/iwhiteinstant.com\/es\/#organization\",\"name\":\"iWhite\",\"url\":\"https:\/\/iwhiteinstant.com\/es\/\",\"logo\":{\"@type\":\"ImageObject\",\"inLanguage\":\"es\",\"@id\":\"https:\/\/iwhiteinstant.com\/es\/#\/schema\/logo\/image\/\",\"url\":\"https:\/\/iwhiteinstant.com\/app\/uploads\/sites\/13\/2024\/10\/Iwhite-logo.png\",\"contentUrl\":\"https:\/\/iwhiteinstant.com\/app\/uploads\/sites\/13\/2024\/10\/Iwhite-logo.png\",\"width\":160,\"height\":40,\"caption\":\"iWhite\"},\"image\":{\"@id\":\"https:\/\/iwhiteinstant.com\/es\/#\/schema\/logo\/image\/\"}}]}<\/script>\n<!-- \/ Yoast SEO plugin. -->","yoast_head_json":{"title":"Preguntas frecuentes - iWhite","description":"Descubre la respuesta a las preguntas m\u00e1s comunes","robots":{"index":"index","follow":"follow","max-snippet":"max-snippet:-1","max-image-preview":"max-image-preview:large","max-video-preview":"max-video-preview:-1"},"canonical":"https:\/\/iwhiteinstant.com\/es\/preguntas-frecuentes\/","og_locale":"es_ES","og_type":"article","og_title":"Preguntas frecuentes - iWhite","og_description":"Descubre la respuesta a las preguntas m\u00e1s comunes","og_url":"https:\/\/iwhiteinstant.com\/es\/preguntas-frecuentes\/","og_site_name":"iWhite","article_modified_time":"2025-06-23T12:33:35+00:00","twitter_card":"summary_large_image","twitter_misc":{"Est. reading time":"2 minutos"},"schema":{"@context":"https:\/\/schema.org","@graph":[{"@type":"WebPage","@id":"https:\/\/iwhiteinstant.com\/es\/preguntas-frecuentes\/","url":"https:\/\/iwhiteinstant.com\/es\/preguntas-frecuentes\/","name":"Preguntas frecuentes - iWhite","isPartOf":{"@id":"https:\/\/iwhiteinstant.com\/es\/#website"},"datePublished":"2024-10-11T11:55:56+00:00","dateModified":"2025-06-23T12:33:35+00:00","description":"Descubre la respuesta a las preguntas m\u00e1s comunes","breadcrumb":{"@id":"https:\/\/iwhiteinstant.com\/es\/preguntas-frecuentes\/#breadcrumb"},"inLanguage":"es","potentialAction":[{"@type":"ReadAction","target":["https:\/\/iwhiteinstant.com\/es\/preguntas-frecuentes\/"]}]},{"@type":"BreadcrumbList","@id":"https:\/\/iwhiteinstant.com\/es\/preguntas-frecuentes\/#breadcrumb","itemListElement":[{"@type":"ListItem","position":1,"name":"Home","item":"https:\/\/iwhiteinstant.com\/es\/"},{"@type":"ListItem","position":2,"name":"Preguntas frecuentes"}]},{"@type":"WebSite","@id":"https:\/\/iwhiteinstant.com\/es\/#website","url":"https:\/\/iwhiteinstant.com\/es\/","name":"iWhite","description":"","publisher":{"@id":"https:\/\/iwhiteinstant.com\/es\/#organization"},"potentialAction":[{"@type":"SearchAction","target":{"@type":"EntryPoint","urlTemplate":"https:\/\/iwhiteinstant.com\/es\/?s={search_term_string}"},"query-input":{"@type":"PropertyValueSpecification","valueRequired":true,"valueName":"search_term_string"}}],"inLanguage":"es"},{"@type":"Organization","@id":"https:\/\/iwhiteinstant.com\/es\/#organization","name":"iWhite","url":"https:\/\/iwhiteinstant.com\/es\/","logo":{"@type":"ImageObject","inLanguage":"es","@id":"https:\/\/iwhiteinstant.com\/es\/#\/schema\/logo\/image\/","url":"https:\/\/iwhiteinstant.com\/app\/uploads\/sites\/13\/2024\/10\/Iwhite-logo.png","contentUrl":"https:\/\/iwhiteinstant.com\/app\/uploads\/sites\/13\/2024\/10\/Iwhite-logo.png","width":160,"height":40,"caption":"iWhite"},"image":{"@id":"https:\/\/iwhiteinstant.com\/es\/#\/schema\/logo\/image\/"}}]}},"_links":{"self":[{"href":"https:\/\/iwhiteinstant.com\/es\/wp-json\/wp\/v2\/pages\/50","targetHints":{"allow":["GET"]}}],"collection":[{"href":"https:\/\/iwhiteinstant.com\/es\/wp-json\/wp\/v2\/pages"}],"about":[{"href":"https:\/\/iwhiteinstant.com\/es\/wp-json\/wp\/v2\/types\/page"}],"author":[{"embeddable":true,"href":"https:\/\/iwhiteinstant.com\/es\/wp-json\/wp\/v2\/users\/2"}],"replies":[{"embeddable":true,"href":"https:\/\/iwhiteinstant.com\/es\/wp-json\/wp\/v2\/comments?post=50"}],"version-history":[{"count":7,"href":"https:\/\/iwhiteinstant.com\/es\/wp-json\/wp\/v2\/pages\/50\/revisions"}],"predecessor-version":[{"id":222,"href":"https:\/\/iwhiteinstant.com\/es\/wp-json\/wp\/v2\/pages\/50\/revisions\/222"}],"wp:attachment":[{"href":"https:\/\/iwhiteinstant.com\/es\/wp-json\/wp\/v2\/media?parent=50"}],"wp:term":[{"taxonomy":"from-article-database","embeddable":true,"href":"https:\/\/iwhiteinstant.com\/es\/wp-json\/wp\/v2\/from-article-database?post=50"}],"curies":[{"name":"wp","href":"https:\/\/api.w.org\/{rel}","templated":true}]}}