{"id":175,"date":"2024-11-15T14:40:36","date_gmt":"2024-11-15T13:40:36","guid":{"rendered":"https:\/\/iwhiteinstant.com\/es\/?post_type=product&#038;p=175"},"modified":"2024-12-20T15:06:52","modified_gmt":"2024-12-20T14:06:52","slug":"iwhite-colour-correcting-serum","status":"publish","type":"product","link":"https:\/\/iwhiteinstant.com\/es\/producto\/iwhite-colour-correcting-serum\/","title":{"rendered":"iWhite Colour Correcting Serum+"},"content":{"rendered":"\n<section class=\"wp-block-karopharma-image-with-text image-with-text image-with-text__not-full-width\"><div class=\"image-with-text-container \"><div class=\"image-with-text-container-image-container\"><img decoding=\"async\" loading=\"lazy\" src=\"https:\/\/iwhiteinstant.com\/cdn-cgi\/image\/format=auto\/app\/uploads\/sites\/13\/2024\/11\/colour-correcting-2-1.jpg\" alt=\"colour-correcting\"\/><\/div><div class=\"image-with-text-container-content\" style=\"text-align:left\" data-test=\"content\"><div class=\"content\"><h2>Instant\u00e1neo y duradero<\/h2><p class=\"body\" data-test=\"body\">iWhite Colour Correcting Serum+ combina la exclusiva tecnolog\u00eda Blue Colour Correcting, hidroxiapatita y PAP que garantizan un blanqueamiento instant\u00e1neo y duradero de los dientes.<br><br><strong>\u2022<\/strong> Sin per\u00f3xido<br><strong>\u2022<\/strong> F\u00e1cil de aplicar con un cepillo de dientes<br><strong>\u2022<\/strong> Puede utilizarse a diario<br><br>Simplemente cepilla los dientes con iWhite Serum+ durante 30 segundos. Enjuaga y \u00a1sonr\u00ede!<br><br>Dientes m\u00e1s blancos y brillantes gracias a nuestra innovadora tecnolog\u00eda iWhite de triple acci\u00f3n.<\/p>\n<div class=\"wp-block-buttons is-layout-flex wp-block-buttons-is-layout-flex\"><\/div>\n<\/div><\/div><\/div><\/section>\n\n\n\n<div class=\"wp-block-karopharma-accordions is-style-secondary\"><div class=\"container\">\n<details class=\"wp-block-karopharma-accordion\"><summary><h2 class=\"accordion-title\">\u00bfQu\u00e9 es el Covarine Blue? <\/h2><\/summary><div class=\"accordion-content\">\n<p>Gracias al Covarine Blue se consigue el efecto blanqueador al instante.<\/p>\n\n\n\n<ul class=\"wp-block-list is-style-default\">\n<li>Innovador enfoque en el blanqueamiento dental<\/li>\n\n\n\n<li>Aumenta la percepci\u00f3n visual del blanco de los dientes<\/li>\n\n\n\n<li>Deposici\u00f3n y retenci\u00f3n en las superficies dentales donde altera las propiedades \u00f3pticas del diente. -&gt; Blanqueamiento \u00f3ptico<\/li>\n<\/ul>\n\n\n\n<p class=\"is-style-paragraph-small\"><em>Joiner et al. A novel optical approach to achieving tooth whitening. J Dent. 2008;36 Suppl 1:S8-14.<\/em><\/p>\n<\/div><\/details>\n\n\n\n<details class=\"wp-block-karopharma-accordion\"><summary><h2 class=\"accordion-title\">\u00bfQu\u00e9 es el PAP?<\/h2><\/summary><div class=\"accordion-content\">\n<p>Gracias al PAP se consigue el efecto duradero<\/p>\n\n\n\n<ol class=\"wp-block-list\">\n<li>Agente no agresivo con efecto blanqueador y antiplaca dental<\/li>\n\n\n\n<li>Ingrediente cosm\u00e9tico autorizado SIN concentraci\u00f3n m\u00e1xima<\/li>\n<\/ol>\n\n\n\n<p class=\"is-style-paragraph-body-text\">En pocas palabras, el PAP disuelve los enlaces moleculares de la decoloraci\u00f3n y hace que desaparezca.<\/p>\n<\/div><\/details>\n\n\n\n<details class=\"wp-block-karopharma-accordion\"><summary><h2 class=\"accordion-title\">\u00bfQu\u00e9 es la hidroxiapatita?<\/h2><\/summary><div class=\"accordion-content\">\n<p>Al utilizar iWhite Serum+ el esmalte se fortalece gracias a la hidroxiapatita.<\/p>\n\n\n\n<p>La hidroxiapatita es el componente principal de los huesos humanos. Se adhiere a la superf\u00edcie del diente y la restaura.<\/p>\n<\/div><\/details>\n<\/div><\/div>\n\n\n\n<div class=\"wp-block-karopharma-free-text pt-large pb-none bg-center bg-cover bg-no-repeat\" style=\"background-image:url()\"><div class=\"free-text-wrapper container max-w-medium text-left\">\n<h2 class=\"wp-block-heading has-text-align-center\">C\u00f3mo utilizarlo paso a paso<\/h2>\n<\/div><\/div>\n\n\n\n<section class=\"wp-block-karopharma-usp usp undefined\"><div class=\"usp-wrapper\">\n<section class=\"wp-block-karopharma-usp-single usp-single undefined\"><div class=\"icon\"><svg width=\"21\" height=\"16\" viewBox=\"0 0 21 16\" fill=\"none\" xmlns=\"http:\/\/www.w3.org\/2000\/svg\"><path d=\"M19.2567 0.164742L6.13095 13.2905L1.49056 8.65006C1.2709 8.4304 0.914742 8.4304 0.695039 8.65006L0.164742 9.18036C-0.0549141 9.40001 -0.0549141 9.75617 0.164742 9.97587L5.73321 15.5443C5.95287 15.764 6.30903 15.764 6.52873 15.5443L20.5825 1.4906C20.8021 1.27095 20.8021 0.914789 20.5825 0.695086L20.0521 0.164742C19.8325 -0.0549141 19.4763 -0.0549141 19.2567 0.164742Z\" fill=\"white\"><\/path><\/svg><\/div>\n<h4 class=\"wp-block-heading has-text-align-center is-style-heading-h4\">1.<\/h4>\n\n\n\n<p class=\"has-text-align-center is-style-body-text\">Cep\u00edllate los dientes con tu pasta de dientes habitual.<\/p>\n<\/section>\n\n\n\n<section class=\"wp-block-karopharma-usp-single usp-single undefined\"><div class=\"icon\"><svg width=\"21\" height=\"16\" viewBox=\"0 0 21 16\" fill=\"none\" xmlns=\"http:\/\/www.w3.org\/2000\/svg\"><path d=\"M19.2567 0.164742L6.13095 13.2905L1.49056 8.65006C1.2709 8.4304 0.914742 8.4304 0.695039 8.65006L0.164742 9.18036C-0.0549141 9.40001 -0.0549141 9.75617 0.164742 9.97587L5.73321 15.5443C5.95287 15.764 6.30903 15.764 6.52873 15.5443L20.5825 1.4906C20.8021 1.27095 20.8021 0.914789 20.5825 0.695086L20.0521 0.164742C19.8325 -0.0549141 19.4763 -0.0549141 19.2567 0.164742Z\" fill=\"white\"><\/path><\/svg><\/div>\n<h4 class=\"wp-block-heading has-text-align-center is-style-heading-h4\">2.<\/h4>\n\n\n\n<p class=\"has-text-align-center is-style-body-text\">Aplica dos pulsaciones de iWhite Serum+ en un cepillo de dientes de cerdas suaves.<\/p>\n<\/section>\n\n\n\n<section class=\"wp-block-karopharma-usp-single usp-single undefined\"><div class=\"icon\"><svg width=\"21\" height=\"16\" viewBox=\"0 0 21 16\" fill=\"none\" xmlns=\"http:\/\/www.w3.org\/2000\/svg\"><path d=\"M19.2567 0.164742L6.13095 13.2905L1.49056 8.65006C1.2709 8.4304 0.914742 8.4304 0.695039 8.65006L0.164742 9.18036C-0.0549141 9.40001 -0.0549141 9.75617 0.164742 9.97587L5.73321 15.5443C5.95287 15.764 6.30903 15.764 6.52873 15.5443L20.5825 1.4906C20.8021 1.27095 20.8021 0.914789 20.5825 0.695086L20.0521 0.164742C19.8325 -0.0549141 19.4763 -0.0549141 19.2567 0.164742Z\" fill=\"white\"><\/path><\/svg><\/div>\n<h4 class=\"wp-block-heading has-text-align-center is-style-heading-h4\">3.<\/h4>\n\n\n\n<p class=\"has-text-align-center is-style-body-text\">Sin a\u00f1adir agua, cepilla tus dientes suavemente con movimientos circulares durante 30 segundos.<\/p>\n<\/section>\n\n\n\n<section class=\"wp-block-karopharma-usp-single usp-single undefined\"><div class=\"icon\"><svg width=\"21\" height=\"16\" viewBox=\"0 0 21 16\" fill=\"none\" xmlns=\"http:\/\/www.w3.org\/2000\/svg\"><path d=\"M19.2567 0.164742L6.13095 13.2905L1.49056 8.65006C1.2709 8.4304 0.914742 8.4304 0.695039 8.65006L0.164742 9.18036C-0.0549141 9.40001 -0.0549141 9.75617 0.164742 9.97587L5.73321 15.5443C5.95287 15.764 6.30903 15.764 6.52873 15.5443L20.5825 1.4906C20.8021 1.27095 20.8021 0.914789 20.5825 0.695086L20.0521 0.164742C19.8325 -0.0549141 19.4763 -0.0549141 19.2567 0.164742Z\" fill=\"white\"><\/path><\/svg><\/div>\n<h4 class=\"wp-block-heading has-text-align-center is-style-heading-h4\">4.<\/h4>\n\n\n\n<p class=\"has-text-align-center is-style-body-text\">Enjuaga la boca con agua. El iWhite Serum+ no debe tragarse.<\/p>\n<\/section>\n<\/div><\/section>\n","protected":false},"excerpt":{"rendered":"<p>Dientes m\u00e1s blancos al instante con resultados duraderos<\/p>\n","protected":false},"featured_media":177,"comment_status":"closed","ping_status":"closed","template":"","meta":{"_acf_changed":false,"footnotes":""},"product_brand":[],"product_cat":[23],"product_tag":[],"class_list":{"0":"post-175","1":"product","2":"type-product","3":"status-publish","4":"has-post-thumbnail","6":"product_cat-blanqueamiento-diario","8":"first","9":"instock","10":"shipping-taxable","11":"product-type-simple"},"acf":[],"yoast_head":"<!-- This site is optimized with the Yoast SEO plugin v26.6 - https:\/\/yoast.com\/wordpress\/plugins\/seo\/ -->\n<title>iWhite Colour Correcting Serum+ - iWhite<\/title>\n<meta name=\"description\" content=\"Si quieres unos dientes m\u00e1s blancos de forma r\u00e1pida, no invasiva y asequible prueba iWhite Colour Correcting Serum+\" \/>\n<meta name=\"robots\" content=\"index, follow, max-snippet:-1, max-image-preview:large, max-video-preview:-1\" \/>\n<link rel=\"canonical\" href=\"https:\/\/iwhiteinstant.com\/es\/producto\/iwhite-colour-correcting-serum\/\" \/>\n<meta property=\"og:locale\" content=\"es_ES\" \/>\n<meta property=\"og:type\" content=\"article\" \/>\n<meta property=\"og:title\" content=\"iWhite Colour Correcting Serum+ - iWhite\" \/>\n<meta property=\"og:description\" content=\"Si quieres unos dientes m\u00e1s blancos de forma r\u00e1pida, no invasiva y asequible prueba iWhite Colour Correcting Serum+\" \/>\n<meta property=\"og:url\" content=\"https:\/\/iwhiteinstant.com\/es\/producto\/iwhite-colour-correcting-serum\/\" \/>\n<meta property=\"og:site_name\" content=\"iWhite\" \/>\n<meta property=\"article:modified_time\" content=\"2024-12-20T14:06:52+00:00\" \/>\n<meta property=\"og:image\" content=\"https:\/\/iwhiteinstant.com\/app\/uploads\/sites\/13\/2024\/11\/iWhite-Serum.png\" \/>\n\t<meta property=\"og:image:width\" content=\"800\" \/>\n\t<meta property=\"og:image:height\" content=\"800\" \/>\n\t<meta property=\"og:image:type\" content=\"image\/png\" \/>\n<meta name=\"twitter:card\" content=\"summary_large_image\" \/>\n<meta name=\"twitter:label1\" content=\"Est. reading time\" \/>\n\t<meta name=\"twitter:data1\" content=\"2 minutos\" \/>\n<script type=\"application\/ld+json\" class=\"yoast-schema-graph\">{\"@context\":\"https:\/\/schema.org\",\"@graph\":[{\"@type\":\"WebPage\",\"@id\":\"https:\/\/iwhiteinstant.com\/es\/producto\/iwhite-colour-correcting-serum\/\",\"url\":\"https:\/\/iwhiteinstant.com\/es\/producto\/iwhite-colour-correcting-serum\/\",\"name\":\"iWhite Colour Correcting Serum+ - iWhite\",\"isPartOf\":{\"@id\":\"https:\/\/iwhiteinstant.com\/es\/#website\"},\"primaryImageOfPage\":{\"@id\":\"https:\/\/iwhiteinstant.com\/es\/producto\/iwhite-colour-correcting-serum\/#primaryimage\"},\"image\":{\"@id\":\"https:\/\/iwhiteinstant.com\/es\/producto\/iwhite-colour-correcting-serum\/#primaryimage\"},\"thumbnailUrl\":\"https:\/\/iwhiteinstant.com\/app\/uploads\/sites\/13\/2024\/11\/iWhite-Serum.png\",\"datePublished\":\"2024-11-15T13:40:36+00:00\",\"dateModified\":\"2024-12-20T14:06:52+00:00\",\"description\":\"Si quieres unos dientes m\u00e1s blancos de forma r\u00e1pida, no invasiva y asequible prueba iWhite Colour Correcting Serum+\",\"breadcrumb\":{\"@id\":\"https:\/\/iwhiteinstant.com\/es\/producto\/iwhite-colour-correcting-serum\/#breadcrumb\"},\"inLanguage\":\"es\",\"potentialAction\":[{\"@type\":\"ReadAction\",\"target\":[\"https:\/\/iwhiteinstant.com\/es\/producto\/iwhite-colour-correcting-serum\/\"]}]},{\"@type\":\"ImageObject\",\"inLanguage\":\"es\",\"@id\":\"https:\/\/iwhiteinstant.com\/es\/producto\/iwhite-colour-correcting-serum\/#primaryimage\",\"url\":\"https:\/\/iwhiteinstant.com\/app\/uploads\/sites\/13\/2024\/11\/iWhite-Serum.png\",\"contentUrl\":\"https:\/\/iwhiteinstant.com\/app\/uploads\/sites\/13\/2024\/11\/iWhite-Serum.png\",\"width\":800,\"height\":800,\"caption\":\"iWhite Colour Correcting Serum+\"},{\"@type\":\"BreadcrumbList\",\"@id\":\"https:\/\/iwhiteinstant.com\/es\/producto\/iwhite-colour-correcting-serum\/#breadcrumb\",\"itemListElement\":[{\"@type\":\"ListItem\",\"position\":1,\"name\":\"Home\",\"item\":\"https:\/\/iwhiteinstant.com\/es\/\"},{\"@type\":\"ListItem\",\"position\":2,\"name\":\"La gama iWhite\",\"item\":\"https:\/\/iwhiteinstant.com\/es\/la-gama-iwhite\/\"},{\"@type\":\"ListItem\",\"position\":3,\"name\":\"iWhite Colour Correcting Serum+\"}]},{\"@type\":\"WebSite\",\"@id\":\"https:\/\/iwhiteinstant.com\/es\/#website\",\"url\":\"https:\/\/iwhiteinstant.com\/es\/\",\"name\":\"iWhite\",\"description\":\"\",\"publisher\":{\"@id\":\"https:\/\/iwhiteinstant.com\/es\/#organization\"},\"potentialAction\":[{\"@type\":\"SearchAction\",\"target\":{\"@type\":\"EntryPoint\",\"urlTemplate\":\"https:\/\/iwhiteinstant.com\/es\/?s={search_term_string}\"},\"query-input\":{\"@type\":\"PropertyValueSpecification\",\"valueRequired\":true,\"valueName\":\"search_term_string\"}}],\"inLanguage\":\"es\"},{\"@type\":\"Organization\",\"@id\":\"https:\/\/iwhiteinstant.com\/es\/#organization\",\"name\":\"iWhite\",\"url\":\"https:\/\/iwhiteinstant.com\/es\/\",\"logo\":{\"@type\":\"ImageObject\",\"inLanguage\":\"es\",\"@id\":\"https:\/\/iwhiteinstant.com\/es\/#\/schema\/logo\/image\/\",\"url\":\"https:\/\/iwhiteinstant.com\/app\/uploads\/sites\/13\/2024\/10\/Iwhite-logo.png\",\"contentUrl\":\"https:\/\/iwhiteinstant.com\/app\/uploads\/sites\/13\/2024\/10\/Iwhite-logo.png\",\"width\":160,\"height\":40,\"caption\":\"iWhite\"},\"image\":{\"@id\":\"https:\/\/iwhiteinstant.com\/es\/#\/schema\/logo\/image\/\"}}]}<\/script>\n<!-- \/ Yoast SEO plugin. -->","yoast_head_json":{"title":"iWhite Colour Correcting Serum+ - iWhite","description":"Si quieres unos dientes m\u00e1s blancos de forma r\u00e1pida, no invasiva y asequible prueba iWhite Colour Correcting Serum+","robots":{"index":"index","follow":"follow","max-snippet":"max-snippet:-1","max-image-preview":"max-image-preview:large","max-video-preview":"max-video-preview:-1"},"canonical":"https:\/\/iwhiteinstant.com\/es\/producto\/iwhite-colour-correcting-serum\/","og_locale":"es_ES","og_type":"article","og_title":"iWhite Colour Correcting Serum+ - iWhite","og_description":"Si quieres unos dientes m\u00e1s blancos de forma r\u00e1pida, no invasiva y asequible prueba iWhite Colour Correcting Serum+","og_url":"https:\/\/iwhiteinstant.com\/es\/producto\/iwhite-colour-correcting-serum\/","og_site_name":"iWhite","article_modified_time":"2024-12-20T14:06:52+00:00","og_image":[{"width":800,"height":800,"url":"https:\/\/iwhiteinstant.com\/app\/uploads\/sites\/13\/2024\/11\/iWhite-Serum.png","type":"image\/png"}],"twitter_card":"summary_large_image","twitter_misc":{"Est. reading time":"2 minutos"},"schema":{"@context":"https:\/\/schema.org","@graph":[{"@type":"WebPage","@id":"https:\/\/iwhiteinstant.com\/es\/producto\/iwhite-colour-correcting-serum\/","url":"https:\/\/iwhiteinstant.com\/es\/producto\/iwhite-colour-correcting-serum\/","name":"iWhite Colour Correcting Serum+ - iWhite","isPartOf":{"@id":"https:\/\/iwhiteinstant.com\/es\/#website"},"primaryImageOfPage":{"@id":"https:\/\/iwhiteinstant.com\/es\/producto\/iwhite-colour-correcting-serum\/#primaryimage"},"image":{"@id":"https:\/\/iwhiteinstant.com\/es\/producto\/iwhite-colour-correcting-serum\/#primaryimage"},"thumbnailUrl":"https:\/\/iwhiteinstant.com\/app\/uploads\/sites\/13\/2024\/11\/iWhite-Serum.png","datePublished":"2024-11-15T13:40:36+00:00","dateModified":"2024-12-20T14:06:52+00:00","description":"Si quieres unos dientes m\u00e1s blancos de forma r\u00e1pida, no invasiva y asequible prueba iWhite Colour Correcting Serum+","breadcrumb":{"@id":"https:\/\/iwhiteinstant.com\/es\/producto\/iwhite-colour-correcting-serum\/#breadcrumb"},"inLanguage":"es","potentialAction":[{"@type":"ReadAction","target":["https:\/\/iwhiteinstant.com\/es\/producto\/iwhite-colour-correcting-serum\/"]}]},{"@type":"ImageObject","inLanguage":"es","@id":"https:\/\/iwhiteinstant.com\/es\/producto\/iwhite-colour-correcting-serum\/#primaryimage","url":"https:\/\/iwhiteinstant.com\/app\/uploads\/sites\/13\/2024\/11\/iWhite-Serum.png","contentUrl":"https:\/\/iwhiteinstant.com\/app\/uploads\/sites\/13\/2024\/11\/iWhite-Serum.png","width":800,"height":800,"caption":"iWhite Colour Correcting Serum+"},{"@type":"BreadcrumbList","@id":"https:\/\/iwhiteinstant.com\/es\/producto\/iwhite-colour-correcting-serum\/#breadcrumb","itemListElement":[{"@type":"ListItem","position":1,"name":"Home","item":"https:\/\/iwhiteinstant.com\/es\/"},{"@type":"ListItem","position":2,"name":"La gama iWhite","item":"https:\/\/iwhiteinstant.com\/es\/la-gama-iwhite\/"},{"@type":"ListItem","position":3,"name":"iWhite Colour Correcting Serum+"}]},{"@type":"WebSite","@id":"https:\/\/iwhiteinstant.com\/es\/#website","url":"https:\/\/iwhiteinstant.com\/es\/","name":"iWhite","description":"","publisher":{"@id":"https:\/\/iwhiteinstant.com\/es\/#organization"},"potentialAction":[{"@type":"SearchAction","target":{"@type":"EntryPoint","urlTemplate":"https:\/\/iwhiteinstant.com\/es\/?s={search_term_string}"},"query-input":{"@type":"PropertyValueSpecification","valueRequired":true,"valueName":"search_term_string"}}],"inLanguage":"es"},{"@type":"Organization","@id":"https:\/\/iwhiteinstant.com\/es\/#organization","name":"iWhite","url":"https:\/\/iwhiteinstant.com\/es\/","logo":{"@type":"ImageObject","inLanguage":"es","@id":"https:\/\/iwhiteinstant.com\/es\/#\/schema\/logo\/image\/","url":"https:\/\/iwhiteinstant.com\/app\/uploads\/sites\/13\/2024\/10\/Iwhite-logo.png","contentUrl":"https:\/\/iwhiteinstant.com\/app\/uploads\/sites\/13\/2024\/10\/Iwhite-logo.png","width":160,"height":40,"caption":"iWhite"},"image":{"@id":"https:\/\/iwhiteinstant.com\/es\/#\/schema\/logo\/image\/"}}]}},"_links":{"self":[{"href":"https:\/\/iwhiteinstant.com\/es\/wp-json\/wp\/v2\/product\/175","targetHints":{"allow":["GET"]}}],"collection":[{"href":"https:\/\/iwhiteinstant.com\/es\/wp-json\/wp\/v2\/product"}],"about":[{"href":"https:\/\/iwhiteinstant.com\/es\/wp-json\/wp\/v2\/types\/product"}],"replies":[{"embeddable":true,"href":"https:\/\/iwhiteinstant.com\/es\/wp-json\/wp\/v2\/comments?post=175"}],"version-history":[{"count":10,"href":"https:\/\/iwhiteinstant.com\/es\/wp-json\/wp\/v2\/product\/175\/revisions"}],"predecessor-version":[{"id":217,"href":"https:\/\/iwhiteinstant.com\/es\/wp-json\/wp\/v2\/product\/175\/revisions\/217"}],"wp:featuredmedia":[{"embeddable":true,"href":"https:\/\/iwhiteinstant.com\/es\/wp-json\/wp\/v2\/media\/177"}],"wp:attachment":[{"href":"https:\/\/iwhiteinstant.com\/es\/wp-json\/wp\/v2\/media?parent=175"}],"wp:term":[{"taxonomy":"product_brand","embeddable":true,"href":"https:\/\/iwhiteinstant.com\/es\/wp-json\/wp\/v2\/product_brand?post=175"},{"taxonomy":"product_cat","embeddable":true,"href":"https:\/\/iwhiteinstant.com\/es\/wp-json\/wp\/v2\/product_cat?post=175"},{"taxonomy":"product_tag","embeddable":true,"href":"https:\/\/iwhiteinstant.com\/es\/wp-json\/wp\/v2\/product_tag?post=175"}],"curies":[{"name":"wp","href":"https:\/\/api.w.org\/{rel}","templated":true}]}}