{"id":31,"date":"2024-10-11T11:53:18","date_gmt":"2024-10-11T09:53:18","guid":{"rendered":"https:\/\/iwhiteinstant.com\/es\/?post_type=product&#038;p=31"},"modified":"2024-12-20T15:06:52","modified_gmt":"2024-12-20T14:06:52","slug":"iwhite-pasta-dental-blanqueadora-supremo","status":"publish","type":"product","link":"https:\/\/iwhiteinstant.com\/es\/producto\/iwhite-pasta-dental-blanqueadora-supremo\/","title":{"rendered":"iWhite Pasta Dental Blanqueadora Supremo"},"content":{"rendered":"\n<div class=\"wp-block-karopharma-free-text pt-large pb-small bg-center bg-cover bg-no-repeat\" style=\"background-image:url()\"><div class=\"free-text-wrapper container max-w-medium text-left\">\n<h2 class=\"wp-block-heading is-style-heading-h2\">Cuando dos se convierten en uno: una combinaci\u00f3n de tecnolog\u00edas \u00fanicas<\/h2>\n\n\n\n<p>iWhite es conocido por su exclusiva tecnolog\u00eda iWhite que incorpora P.A.P., una potente mol\u00e9cula quitamanchas que descompone las manchas de los dientes en peque\u00f1os fragmentos sin afectar a la estructura dental. Por eso, el esmalte de tus dientes y tus enc\u00edas est\u00e1n perfectamente a salvo, ya que la tecnolog\u00eda iWhite act\u00faa exclusivamente sobre las propias manchas de los dientes, consiguiendo unos dientes claramente m\u00e1s blancos y proporcion\u00e1ndote esa sonrisa blanca y radiante.<\/p>\n\n\n\n<p>Con una mentalidad de innovaci\u00f3n continua, iWhite ha desarrollado una nueva tecnolog\u00eda que apoya a la Tecnolog\u00eda iWhite y permite conseguir resultados a\u00fan mejores.<\/p>\n<\/div><\/div>\n\n\n\n<div class=\"wp-block-karopharma-product-promotion text-align-right pt-medium pb-medium bg-center bg-cover bg-no-repeat\" style=\"background-image:url()\"><div class=\"container max-w-medium\">\n<div class=\"wp-block-group is-layout-flow wp-block-group-is-layout-flow\">\n<figure class=\"wp-block-karopharma-product-promotion-image product-promotion-image\"><img fetchpriority=\"high\" decoding=\"async\" datatest=\"image\" src=\"https:\/\/iwhiteinstant.com\/cdn-cgi\/image\/format=auto\/app\/uploads\/sites\/13\/2024\/10\/Active-Micropearls-Technology.png\" loading=\"eager\" alt=\"Active-Micropearls-Technology\" width=\"518\" height=\"432\" srcset=\"https:\/\/iwhiteinstant.com\/cdn-cgi\/image\/format=auto,width=584\/app\/uploads\/sites\/13\/2024\/10\/Active-Micropearls-Technology.png 584w, https:\/\/iwhiteinstant.com\/cdn-cgi\/image\/format=auto,width=272\/app\/uploads\/sites\/13\/2024\/10\/Active-Micropearls-Technology.png 272w\" sizes=\"(max-width: 584px) 100vw, 584px\"\/><\/figure>\n<\/div>\n\n\n\n<div class=\"wp-block-group is-layout-flow wp-block-group-is-layout-flow\">\n<h2 class=\"wp-block-heading heading is-style-heading-h4\">Conoce la nueva tecnolog\u00eda de Microperlas Activas<\/h2>\n\n\n\n<p class=\"paragraph is-style-paragraph-body-text\">Gracias a la tecnolog\u00eda de Microperlas Activas, los ingredientes activos se liberan de forma selectiva. De este modo, cuando se aprietan los dientes, s\u00f3lo entonces los activos concentrados se liberan directamente en el esmalte. En iWhite Pasta Dental Blanqueadora Supremo, tecnolog\u00eda de Microperlas Activas encapsula activos neutralizadores de manchas: los pirofosfatos. Estos activos forman una barrera protectora sobre la superficie de los dientes y ayudan a prevenir la aparici\u00f3n de manchas.<\/p>\n<\/div>\n<\/div><\/div>\n\n\n\n<div class=\"wp-block-karopharma-free-text pt-small pb-large bg-center bg-cover bg-no-repeat\" style=\"background-image:url()\"><div class=\"free-text-wrapper container max-w-medium text-left\">\n<h3 class=\"wp-block-heading is-style-heading-h4 has-primary-color has-text-color\">\u00abMientras que otros productos pueden perder su eficacia debido a la evaporaci\u00f3n de los ingredientes, la Pasta Dent\u00edfrica Suprema de iWhite mantiene continuamente los ingredientes fuertes y activos gracias a las microperlas.\u00bb<\/h3>\n<\/div><\/div>\n\n\n\n<div class=\"wp-block-karopharma-free-text pt-large pb-none bg-center bg-cover bg-no-repeat  is-style-primary\" style=\"background-image:url()\"><div class=\"free-text-wrapper container max-w-medium text-center\">\n<h3 class=\"wp-block-heading is-style-heading-h2\">La rutina da el mejor resultado<\/h3>\n\n\n\n<p class=\"is-style-paragraph-preamble\">Para conseguir los mejores resultados de blanqueamiento, es importante mantener una rutina. Puedes combinar nuestra pasta de dientes con nuestro kit de blanqueamiento (mensual) y con nuestro enjuague bucal y blanqueamiento interdental (diario).<\/p>\n\n\n\n<div class=\"wp-block-buttons is-layout-flex wp-block-buttons-is-layout-flex\">\n<div class=\"wp-block-button\"><a class=\"wp-block-button__link wp-element-button\" href=\"https:\/\/iwhiteinstant.com\/es\/la-rutina-iwhite\/\">M\u00e1s informaci\u00f3n sobre la rutina iWhite<\/a><\/div>\n<\/div>\n<\/div><\/div>\n\n\n<div class=\"product-list wp-block-karopharma-product-list is-style-primary\" data-testid=\"product-list\">\n      <div class=\"swiper-container\">\n      <div class=\"swiper\">\n        <div class=\"swiper-wrapper\">\n                      <div class=\"swiper-slide\">\n              <div class=\"product-card\" data-testid=\"product-card\">\n  <a\n    href=https:\/\/iwhiteinstant.com\/es\/producto\/iwhite-colutorio-blanqueador-instantaneo\/\n    class=\"product-card-link\"\n    title=\"iWhite Colutorio Blanqueador Instant\u00e1neo\"\n  >\n  <figure class=\"product-card-image\" data-testid=\"product-image\">\n                          <img decoding=\"async\" src=\"https:\/\/iwhiteinstant.com\/cdn-cgi\/image\/width=700,format=auto\/app\/uploads\/sites\/13\/2024\/10\/iWhite-Instant-Whitening-Mouthwash.png\"\n        srcset=\"https:\/\/iwhiteinstant.com\/cdn-cgi\/image\/width=250,format=auto\/app\/uploads\/sites\/13\/2024\/10\/iWhite-Instant-Whitening-Mouthwash.png 250w,\n                https:\/\/iwhiteinstant.com\/cdn-cgi\/image\/width=500,format=auto\/app\/uploads\/sites\/13\/2024\/10\/iWhite-Instant-Whitening-Mouthwash.png 500w,\n                https:\/\/iwhiteinstant.com\/cdn-cgi\/image\/width=700,format=auto\/app\/uploads\/sites\/13\/2024\/10\/iWhite-Instant-Whitening-Mouthwash.png 700w\"\n        sizes=\"(max-width: 400px) 250px, (max-width: 800px) 500px, 700px\"\n        alt=\"iWhite-Instant-Whitening-Mouthwash\"\n        class=\"img\">\n            <\/figure>\n    <div class=\"product-card-content\">\n      <div class=\"heading-wrapper\">\n        <h2 class=\"heading\">iWhite Colutorio Blanqueador Instant\u00e1neo<\/h2>\n      <\/div>\n      <div class=\"product-card-description\">Enjuague bucal blanqueador de uso diario. Disuelve la decoloraci\u00f3n de los dientes.<\/div>\n                      <\/div>\n  <\/a>\n      <div class=\"button-wrapper\">\n    <a\n      href=https:\/\/iwhiteinstant.com\/es\/producto\/iwhite-colutorio-blanqueador-instantaneo\/\n      target=_self\n      class=\"theme-button button-primary-color rounded-button\"\n      rel=\"noopener\"\n      title=\"M\u00e1s informaci\u00f3n\"\n    >\n       M\u00e1s informaci\u00f3n\n    <\/a>\n<\/div>  <\/div>\n            <\/div>\n                  <\/div>\n        <div class=\"swiper-scrollbar\"><\/div>\n      <\/div>\n    <\/div>\n  <\/div>\n","protected":false},"excerpt":{"rendered":"<p>Pasta de dientes que blanquea y protege tus dientes creando una capa protectora.<\/p>\n","protected":false},"featured_media":96,"comment_status":"closed","ping_status":"closed","template":"","meta":{"_acf_changed":false,"footnotes":""},"product_brand":[],"product_cat":[23,21],"product_tag":[],"class_list":{"0":"post-31","1":"product","2":"type-product","3":"status-publish","4":"has-post-thumbnail","6":"product_cat-blanqueamiento-diario","7":"product_cat-pasta-dentifrica","9":"first","10":"instock","11":"shipping-taxable","12":"product-type-simple"},"acf":[],"yoast_head":"<!-- This site is optimized with the Yoast SEO plugin v26.6 - https:\/\/yoast.com\/wordpress\/plugins\/seo\/ -->\n<title>iWhite Pasta Dental Blanqueadora Supremo - iWhite<\/title>\n<meta name=\"description\" content=\"iWhite Pasta Dental Blanqueadora Supremo es perfecta para blanquear los dientes a diario y protegerlos de los agentes externos. Los ingredientes activos crean una barrera protectora sobre la superficie de los dientes para evitar que se manchen.\" \/>\n<meta name=\"robots\" content=\"index, follow, max-snippet:-1, max-image-preview:large, max-video-preview:-1\" \/>\n<link rel=\"canonical\" href=\"https:\/\/iwhiteinstant.com\/es\/producto\/iwhite-pasta-dental-blanqueadora-supremo\/\" \/>\n<meta property=\"og:locale\" content=\"es_ES\" \/>\n<meta property=\"og:type\" content=\"article\" \/>\n<meta property=\"og:title\" content=\"iWhite Pasta Dental Blanqueadora Supremo - iWhite\" \/>\n<meta property=\"og:description\" content=\"iWhite Pasta Dental Blanqueadora Supremo es perfecta para blanquear los dientes a diario y protegerlos de los agentes externos. Los ingredientes activos crean una barrera protectora sobre la superficie de los dientes para evitar que se manchen.\" \/>\n<meta property=\"og:url\" content=\"https:\/\/iwhiteinstant.com\/es\/producto\/iwhite-pasta-dental-blanqueadora-supremo\/\" \/>\n<meta property=\"og:site_name\" content=\"iWhite\" \/>\n<meta property=\"article:modified_time\" content=\"2024-12-20T14:06:52+00:00\" \/>\n<meta property=\"og:image\" content=\"https:\/\/iwhiteinstant.com\/app\/uploads\/sites\/13\/2024\/10\/iWhite-Supreme-toothpaste.png\" \/>\n\t<meta property=\"og:image:width\" content=\"800\" \/>\n\t<meta property=\"og:image:height\" content=\"800\" \/>\n\t<meta property=\"og:image:type\" content=\"image\/png\" \/>\n<meta name=\"twitter:card\" content=\"summary_large_image\" \/>\n<meta name=\"twitter:label1\" content=\"Est. reading time\" \/>\n\t<meta name=\"twitter:data1\" content=\"2 minutos\" \/>\n<script type=\"application\/ld+json\" class=\"yoast-schema-graph\">{\"@context\":\"https:\/\/schema.org\",\"@graph\":[{\"@type\":\"WebPage\",\"@id\":\"https:\/\/iwhiteinstant.com\/es\/producto\/iwhite-pasta-dental-blanqueadora-supremo\/\",\"url\":\"https:\/\/iwhiteinstant.com\/es\/producto\/iwhite-pasta-dental-blanqueadora-supremo\/\",\"name\":\"iWhite Pasta Dental Blanqueadora Supremo - iWhite\",\"isPartOf\":{\"@id\":\"https:\/\/iwhiteinstant.com\/es\/#website\"},\"primaryImageOfPage\":{\"@id\":\"https:\/\/iwhiteinstant.com\/es\/producto\/iwhite-pasta-dental-blanqueadora-supremo\/#primaryimage\"},\"image\":{\"@id\":\"https:\/\/iwhiteinstant.com\/es\/producto\/iwhite-pasta-dental-blanqueadora-supremo\/#primaryimage\"},\"thumbnailUrl\":\"https:\/\/iwhiteinstant.com\/app\/uploads\/sites\/13\/2024\/10\/iWhite-Supreme-toothpaste.png\",\"datePublished\":\"2024-10-11T09:53:18+00:00\",\"dateModified\":\"2024-12-20T14:06:52+00:00\",\"description\":\"iWhite Pasta Dental Blanqueadora Supremo es perfecta para blanquear los dientes a diario y protegerlos de los agentes externos. Los ingredientes activos crean una barrera protectora sobre la superficie de los dientes para evitar que se manchen.\",\"breadcrumb\":{\"@id\":\"https:\/\/iwhiteinstant.com\/es\/producto\/iwhite-pasta-dental-blanqueadora-supremo\/#breadcrumb\"},\"inLanguage\":\"es\",\"potentialAction\":[{\"@type\":\"ReadAction\",\"target\":[\"https:\/\/iwhiteinstant.com\/es\/producto\/iwhite-pasta-dental-blanqueadora-supremo\/\"]}]},{\"@type\":\"ImageObject\",\"inLanguage\":\"es\",\"@id\":\"https:\/\/iwhiteinstant.com\/es\/producto\/iwhite-pasta-dental-blanqueadora-supremo\/#primaryimage\",\"url\":\"https:\/\/iwhiteinstant.com\/app\/uploads\/sites\/13\/2024\/10\/iWhite-Supreme-toothpaste.png\",\"contentUrl\":\"https:\/\/iwhiteinstant.com\/app\/uploads\/sites\/13\/2024\/10\/iWhite-Supreme-toothpaste.png\",\"width\":800,\"height\":800,\"caption\":\"iWhite Pasta Dental Blanqueadora Supremo\"},{\"@type\":\"BreadcrumbList\",\"@id\":\"https:\/\/iwhiteinstant.com\/es\/producto\/iwhite-pasta-dental-blanqueadora-supremo\/#breadcrumb\",\"itemListElement\":[{\"@type\":\"ListItem\",\"position\":1,\"name\":\"Home\",\"item\":\"https:\/\/iwhiteinstant.com\/es\/\"},{\"@type\":\"ListItem\",\"position\":2,\"name\":\"La gama iWhite\",\"item\":\"https:\/\/iwhiteinstant.com\/es\/la-gama-iwhite\/\"},{\"@type\":\"ListItem\",\"position\":3,\"name\":\"iWhite Pasta Dental Blanqueadora Supremo\"}]},{\"@type\":\"WebSite\",\"@id\":\"https:\/\/iwhiteinstant.com\/es\/#website\",\"url\":\"https:\/\/iwhiteinstant.com\/es\/\",\"name\":\"iWhite\",\"description\":\"\",\"publisher\":{\"@id\":\"https:\/\/iwhiteinstant.com\/es\/#organization\"},\"potentialAction\":[{\"@type\":\"SearchAction\",\"target\":{\"@type\":\"EntryPoint\",\"urlTemplate\":\"https:\/\/iwhiteinstant.com\/es\/?s={search_term_string}\"},\"query-input\":{\"@type\":\"PropertyValueSpecification\",\"valueRequired\":true,\"valueName\":\"search_term_string\"}}],\"inLanguage\":\"es\"},{\"@type\":\"Organization\",\"@id\":\"https:\/\/iwhiteinstant.com\/es\/#organization\",\"name\":\"iWhite\",\"url\":\"https:\/\/iwhiteinstant.com\/es\/\",\"logo\":{\"@type\":\"ImageObject\",\"inLanguage\":\"es\",\"@id\":\"https:\/\/iwhiteinstant.com\/es\/#\/schema\/logo\/image\/\",\"url\":\"https:\/\/iwhiteinstant.com\/app\/uploads\/sites\/13\/2024\/10\/Iwhite-logo.png\",\"contentUrl\":\"https:\/\/iwhiteinstant.com\/app\/uploads\/sites\/13\/2024\/10\/Iwhite-logo.png\",\"width\":160,\"height\":40,\"caption\":\"iWhite\"},\"image\":{\"@id\":\"https:\/\/iwhiteinstant.com\/es\/#\/schema\/logo\/image\/\"}}]}<\/script>\n<!-- \/ Yoast SEO plugin. -->","yoast_head_json":{"title":"iWhite Pasta Dental Blanqueadora Supremo - iWhite","description":"iWhite Pasta Dental Blanqueadora Supremo es perfecta para blanquear los dientes a diario y protegerlos de los agentes externos. Los ingredientes activos crean una barrera protectora sobre la superficie de los dientes para evitar que se manchen.","robots":{"index":"index","follow":"follow","max-snippet":"max-snippet:-1","max-image-preview":"max-image-preview:large","max-video-preview":"max-video-preview:-1"},"canonical":"https:\/\/iwhiteinstant.com\/es\/producto\/iwhite-pasta-dental-blanqueadora-supremo\/","og_locale":"es_ES","og_type":"article","og_title":"iWhite Pasta Dental Blanqueadora Supremo - iWhite","og_description":"iWhite Pasta Dental Blanqueadora Supremo es perfecta para blanquear los dientes a diario y protegerlos de los agentes externos. Los ingredientes activos crean una barrera protectora sobre la superficie de los dientes para evitar que se manchen.","og_url":"https:\/\/iwhiteinstant.com\/es\/producto\/iwhite-pasta-dental-blanqueadora-supremo\/","og_site_name":"iWhite","article_modified_time":"2024-12-20T14:06:52+00:00","og_image":[{"width":800,"height":800,"url":"https:\/\/iwhiteinstant.com\/app\/uploads\/sites\/13\/2024\/10\/iWhite-Supreme-toothpaste.png","type":"image\/png"}],"twitter_card":"summary_large_image","twitter_misc":{"Est. reading time":"2 minutos"},"schema":{"@context":"https:\/\/schema.org","@graph":[{"@type":"WebPage","@id":"https:\/\/iwhiteinstant.com\/es\/producto\/iwhite-pasta-dental-blanqueadora-supremo\/","url":"https:\/\/iwhiteinstant.com\/es\/producto\/iwhite-pasta-dental-blanqueadora-supremo\/","name":"iWhite Pasta Dental Blanqueadora Supremo - iWhite","isPartOf":{"@id":"https:\/\/iwhiteinstant.com\/es\/#website"},"primaryImageOfPage":{"@id":"https:\/\/iwhiteinstant.com\/es\/producto\/iwhite-pasta-dental-blanqueadora-supremo\/#primaryimage"},"image":{"@id":"https:\/\/iwhiteinstant.com\/es\/producto\/iwhite-pasta-dental-blanqueadora-supremo\/#primaryimage"},"thumbnailUrl":"https:\/\/iwhiteinstant.com\/app\/uploads\/sites\/13\/2024\/10\/iWhite-Supreme-toothpaste.png","datePublished":"2024-10-11T09:53:18+00:00","dateModified":"2024-12-20T14:06:52+00:00","description":"iWhite Pasta Dental Blanqueadora Supremo es perfecta para blanquear los dientes a diario y protegerlos de los agentes externos. Los ingredientes activos crean una barrera protectora sobre la superficie de los dientes para evitar que se manchen.","breadcrumb":{"@id":"https:\/\/iwhiteinstant.com\/es\/producto\/iwhite-pasta-dental-blanqueadora-supremo\/#breadcrumb"},"inLanguage":"es","potentialAction":[{"@type":"ReadAction","target":["https:\/\/iwhiteinstant.com\/es\/producto\/iwhite-pasta-dental-blanqueadora-supremo\/"]}]},{"@type":"ImageObject","inLanguage":"es","@id":"https:\/\/iwhiteinstant.com\/es\/producto\/iwhite-pasta-dental-blanqueadora-supremo\/#primaryimage","url":"https:\/\/iwhiteinstant.com\/app\/uploads\/sites\/13\/2024\/10\/iWhite-Supreme-toothpaste.png","contentUrl":"https:\/\/iwhiteinstant.com\/app\/uploads\/sites\/13\/2024\/10\/iWhite-Supreme-toothpaste.png","width":800,"height":800,"caption":"iWhite Pasta Dental Blanqueadora Supremo"},{"@type":"BreadcrumbList","@id":"https:\/\/iwhiteinstant.com\/es\/producto\/iwhite-pasta-dental-blanqueadora-supremo\/#breadcrumb","itemListElement":[{"@type":"ListItem","position":1,"name":"Home","item":"https:\/\/iwhiteinstant.com\/es\/"},{"@type":"ListItem","position":2,"name":"La gama iWhite","item":"https:\/\/iwhiteinstant.com\/es\/la-gama-iwhite\/"},{"@type":"ListItem","position":3,"name":"iWhite Pasta Dental Blanqueadora Supremo"}]},{"@type":"WebSite","@id":"https:\/\/iwhiteinstant.com\/es\/#website","url":"https:\/\/iwhiteinstant.com\/es\/","name":"iWhite","description":"","publisher":{"@id":"https:\/\/iwhiteinstant.com\/es\/#organization"},"potentialAction":[{"@type":"SearchAction","target":{"@type":"EntryPoint","urlTemplate":"https:\/\/iwhiteinstant.com\/es\/?s={search_term_string}"},"query-input":{"@type":"PropertyValueSpecification","valueRequired":true,"valueName":"search_term_string"}}],"inLanguage":"es"},{"@type":"Organization","@id":"https:\/\/iwhiteinstant.com\/es\/#organization","name":"iWhite","url":"https:\/\/iwhiteinstant.com\/es\/","logo":{"@type":"ImageObject","inLanguage":"es","@id":"https:\/\/iwhiteinstant.com\/es\/#\/schema\/logo\/image\/","url":"https:\/\/iwhiteinstant.com\/app\/uploads\/sites\/13\/2024\/10\/Iwhite-logo.png","contentUrl":"https:\/\/iwhiteinstant.com\/app\/uploads\/sites\/13\/2024\/10\/Iwhite-logo.png","width":160,"height":40,"caption":"iWhite"},"image":{"@id":"https:\/\/iwhiteinstant.com\/es\/#\/schema\/logo\/image\/"}}]}},"_links":{"self":[{"href":"https:\/\/iwhiteinstant.com\/es\/wp-json\/wp\/v2\/product\/31","targetHints":{"allow":["GET"]}}],"collection":[{"href":"https:\/\/iwhiteinstant.com\/es\/wp-json\/wp\/v2\/product"}],"about":[{"href":"https:\/\/iwhiteinstant.com\/es\/wp-json\/wp\/v2\/types\/product"}],"replies":[{"embeddable":true,"href":"https:\/\/iwhiteinstant.com\/es\/wp-json\/wp\/v2\/comments?post=31"}],"version-history":[{"count":5,"href":"https:\/\/iwhiteinstant.com\/es\/wp-json\/wp\/v2\/product\/31\/revisions"}],"predecessor-version":[{"id":201,"href":"https:\/\/iwhiteinstant.com\/es\/wp-json\/wp\/v2\/product\/31\/revisions\/201"}],"wp:featuredmedia":[{"embeddable":true,"href":"https:\/\/iwhiteinstant.com\/es\/wp-json\/wp\/v2\/media\/96"}],"wp:attachment":[{"href":"https:\/\/iwhiteinstant.com\/es\/wp-json\/wp\/v2\/media?parent=31"}],"wp:term":[{"taxonomy":"product_brand","embeddable":true,"href":"https:\/\/iwhiteinstant.com\/es\/wp-json\/wp\/v2\/product_brand?post=31"},{"taxonomy":"product_cat","embeddable":true,"href":"https:\/\/iwhiteinstant.com\/es\/wp-json\/wp\/v2\/product_cat?post=31"},{"taxonomy":"product_tag","embeddable":true,"href":"https:\/\/iwhiteinstant.com\/es\/wp-json\/wp\/v2\/product_tag?post=31"}],"curies":[{"name":"wp","href":"https:\/\/api.w.org\/{rel}","templated":true}]}}