{"id":35,"date":"2024-10-11T11:53:47","date_gmt":"2024-10-11T09:53:47","guid":{"rendered":"https:\/\/iwhiteinstant.com\/es\/?post_type=product&#038;p=35"},"modified":"2024-12-20T15:06:52","modified_gmt":"2024-12-20T14:06:52","slug":"iwhite-pasta-dental-manchas-oscuras","status":"publish","type":"product","link":"https:\/\/iwhiteinstant.com\/es\/producto\/iwhite-pasta-dental-manchas-oscuras\/","title":{"rendered":"iWhite Pasta Dental Manchas Oscuras"},"content":{"rendered":"\n<div class=\"wp-block-karopharma-free-text pt-large pb-large bg-center bg-cover bg-no-repeat  is-style-transparent\" style=\"background-image:url()\"><div class=\"free-text-wrapper container max-w-medium text-center\">\n<h3 class=\"wp-block-heading is-style-heading-h2\">La rutina ofrece los mejores resultados<\/h3>\n\n\n\n<p class=\"is-style-paragraph-preamble\">Para conseguir los mejores resultados de blanqueamiento, es importante mantener una rutina. Puedes combinar nuestra pasta de dientes con nuestro kit de blanqueamiento (mensual) y con nuestro enjuague bucal y blanqueamiento interdental (diario).<\/p>\n\n\n\n<div class=\"wp-block-buttons is-layout-flex wp-block-buttons-is-layout-flex\">\n<div class=\"wp-block-button\"><a class=\"wp-block-button__link wp-element-button\" href=\"https:\/\/iwhiteinstant.com\/es\/la-rutina-iwhite\/\">M\u00e1s informaci\u00f3n sobre la rutina iWhite<\/a><\/div>\n<\/div>\n<\/div><\/div>\n\n\n<div class=\"product-list wp-block-karopharma-product-list is-style-primary\" data-testid=\"product-list\">\n      <div class=\"swiper-container\">\n      <div class=\"swiper\">\n        <div class=\"swiper-wrapper\">\n                      <div class=\"swiper-slide\">\n              <div class=\"product-card\" data-testid=\"product-card\">\n  <a\n    href=https:\/\/iwhiteinstant.com\/es\/producto\/iwhite-kit-blanqueamiento-manchas-oscuras\/\n    class=\"product-card-link\"\n    title=\"iWhite Kit Blanqueamiento Manchas Oscuras\"\n  >\n  <figure class=\"product-card-image\" data-testid=\"product-image\">\n                          <img decoding=\"async\" src=\"https:\/\/iwhiteinstant.com\/cdn-cgi\/image\/width=700,format=auto\/app\/uploads\/sites\/13\/2024\/10\/iWhite-Dark-stains-whitening-kit.png\"\n        srcset=\"https:\/\/iwhiteinstant.com\/cdn-cgi\/image\/width=250,format=auto\/app\/uploads\/sites\/13\/2024\/10\/iWhite-Dark-stains-whitening-kit.png 250w,\n                https:\/\/iwhiteinstant.com\/cdn-cgi\/image\/width=500,format=auto\/app\/uploads\/sites\/13\/2024\/10\/iWhite-Dark-stains-whitening-kit.png 500w,\n                https:\/\/iwhiteinstant.com\/cdn-cgi\/image\/width=700,format=auto\/app\/uploads\/sites\/13\/2024\/10\/iWhite-Dark-stains-whitening-kit.png 700w\"\n        sizes=\"(max-width: 400px) 250px, (max-width: 800px) 500px, 700px\"\n        alt=\"iWhite-Dark-stains-whitening-kit\"\n        class=\"img\">\n            <\/figure>\n    <div class=\"product-card-content\">\n      <div class=\"heading-wrapper\">\n        <h2 class=\"heading\">iWhite Kit Blanqueamiento Manchas Oscuras<\/h2>\n      <\/div>\n      <div class=\"product-card-description\">Blanquea y elimina las manchas de caf\u00e9, t\u00e9, tabaco y vino tinto.<\/div>\n                      <\/div>\n  <\/a>\n      <div class=\"button-wrapper\">\n    <a\n      href=https:\/\/iwhiteinstant.com\/es\/producto\/iwhite-kit-blanqueamiento-manchas-oscuras\/\n      target=_self\n      class=\"theme-button button-primary-color rounded-button\"\n      rel=\"noopener\"\n      title=\"M\u00e1s informaci\u00f3n\"\n    >\n       M\u00e1s informaci\u00f3n\n    <\/a>\n<\/div>  <\/div>\n            <\/div>\n                      <div class=\"swiper-slide\">\n              <div class=\"product-card\" data-testid=\"product-card\">\n  <a\n    href=https:\/\/iwhiteinstant.com\/es\/producto\/iwhite-colutorio-blanqueador-instantaneo\/\n    class=\"product-card-link\"\n    title=\"iWhite Colutorio Blanqueador Instant\u00e1neo\"\n  >\n  <figure class=\"product-card-image\" data-testid=\"product-image\">\n                          <img decoding=\"async\" src=\"https:\/\/iwhiteinstant.com\/cdn-cgi\/image\/width=700,format=auto\/app\/uploads\/sites\/13\/2024\/10\/iWhite-Instant-Whitening-Mouthwash.png\"\n        srcset=\"https:\/\/iwhiteinstant.com\/cdn-cgi\/image\/width=250,format=auto\/app\/uploads\/sites\/13\/2024\/10\/iWhite-Instant-Whitening-Mouthwash.png 250w,\n                https:\/\/iwhiteinstant.com\/cdn-cgi\/image\/width=500,format=auto\/app\/uploads\/sites\/13\/2024\/10\/iWhite-Instant-Whitening-Mouthwash.png 500w,\n                https:\/\/iwhiteinstant.com\/cdn-cgi\/image\/width=700,format=auto\/app\/uploads\/sites\/13\/2024\/10\/iWhite-Instant-Whitening-Mouthwash.png 700w\"\n        sizes=\"(max-width: 400px) 250px, (max-width: 800px) 500px, 700px\"\n        alt=\"iWhite-Instant-Whitening-Mouthwash\"\n        class=\"img\">\n            <\/figure>\n    <div class=\"product-card-content\">\n      <div class=\"heading-wrapper\">\n        <h2 class=\"heading\">iWhite Colutorio Blanqueador Instant\u00e1neo<\/h2>\n      <\/div>\n      <div class=\"product-card-description\">Enjuague bucal blanqueador de uso diario. Disuelve la decoloraci\u00f3n de los dientes.<\/div>\n                      <\/div>\n  <\/a>\n      <div class=\"button-wrapper\">\n    <a\n      href=https:\/\/iwhiteinstant.com\/es\/producto\/iwhite-colutorio-blanqueador-instantaneo\/\n      target=_self\n      class=\"theme-button button-primary-color rounded-button\"\n      rel=\"noopener\"\n      title=\"M\u00e1s informaci\u00f3n\"\n    >\n       M\u00e1s informaci\u00f3n\n    <\/a>\n<\/div>  <\/div>\n            <\/div>\n                  <\/div>\n        <div class=\"swiper-scrollbar\"><\/div>\n      <\/div>\n    <\/div>\n  <\/div>\n","protected":false},"excerpt":{"rendered":"<p>Pasta de dientes que ayuda a eliminar las manchas de caf\u00e9, t\u00e9, tabaco y vino.<\/p>\n","protected":false},"featured_media":94,"comment_status":"closed","ping_status":"closed","template":"","meta":{"_acf_changed":false,"footnotes":""},"product_brand":[],"product_cat":[23,21],"product_tag":[],"class_list":{"0":"post-35","1":"product","2":"type-product","3":"status-publish","4":"has-post-thumbnail","6":"product_cat-blanqueamiento-diario","7":"product_cat-pasta-dentifrica","9":"first","10":"instock","11":"shipping-taxable","12":"product-type-simple"},"acf":[],"yoast_head":"<!-- This site is optimized with the Yoast SEO plugin v26.6 - https:\/\/yoast.com\/wordpress\/plugins\/seo\/ -->\n<title>iWhite Pasta Dental Manchas Oscuras - iWhite<\/title>\n<meta name=\"description\" content=\"iWhite Pasta Dental Manchas Oscuras utiliza la tecnolog\u00eda de Adsorci\u00f3n de Pigmentos Oscuros. Esta tecnolog\u00eda act\u00faa activamente sobre las manchas oscuras absorbiendo y eliminando las sustancias coloreadas.\" \/>\n<meta name=\"robots\" content=\"index, follow, max-snippet:-1, max-image-preview:large, max-video-preview:-1\" \/>\n<link rel=\"canonical\" href=\"https:\/\/iwhiteinstant.com\/es\/producto\/iwhite-pasta-dental-manchas-oscuras\/\" \/>\n<meta property=\"og:locale\" content=\"es_ES\" \/>\n<meta property=\"og:type\" content=\"article\" \/>\n<meta property=\"og:title\" content=\"iWhite Pasta Dental Manchas Oscuras - iWhite\" \/>\n<meta property=\"og:description\" content=\"iWhite Pasta Dental Manchas Oscuras utiliza la tecnolog\u00eda de Adsorci\u00f3n de Pigmentos Oscuros. Esta tecnolog\u00eda act\u00faa activamente sobre las manchas oscuras absorbiendo y eliminando las sustancias coloreadas.\" \/>\n<meta property=\"og:url\" content=\"https:\/\/iwhiteinstant.com\/es\/producto\/iwhite-pasta-dental-manchas-oscuras\/\" \/>\n<meta property=\"og:site_name\" content=\"iWhite\" \/>\n<meta property=\"article:modified_time\" content=\"2024-12-20T14:06:52+00:00\" \/>\n<meta property=\"og:image\" content=\"https:\/\/iwhiteinstant.com\/app\/uploads\/sites\/13\/2024\/10\/iWhite-Advanced-dark-stains-toothpaste.png\" \/>\n\t<meta property=\"og:image:width\" content=\"800\" \/>\n\t<meta property=\"og:image:height\" content=\"800\" \/>\n\t<meta property=\"og:image:type\" content=\"image\/png\" \/>\n<meta name=\"twitter:card\" content=\"summary_large_image\" \/>\n<meta name=\"twitter:label1\" content=\"Est. reading time\" \/>\n\t<meta name=\"twitter:data1\" content=\"1 minuto\" \/>\n<script type=\"application\/ld+json\" class=\"yoast-schema-graph\">{\"@context\":\"https:\/\/schema.org\",\"@graph\":[{\"@type\":\"WebPage\",\"@id\":\"https:\/\/iwhiteinstant.com\/es\/producto\/iwhite-pasta-dental-manchas-oscuras\/\",\"url\":\"https:\/\/iwhiteinstant.com\/es\/producto\/iwhite-pasta-dental-manchas-oscuras\/\",\"name\":\"iWhite Pasta Dental Manchas Oscuras - iWhite\",\"isPartOf\":{\"@id\":\"https:\/\/iwhiteinstant.com\/es\/#website\"},\"primaryImageOfPage\":{\"@id\":\"https:\/\/iwhiteinstant.com\/es\/producto\/iwhite-pasta-dental-manchas-oscuras\/#primaryimage\"},\"image\":{\"@id\":\"https:\/\/iwhiteinstant.com\/es\/producto\/iwhite-pasta-dental-manchas-oscuras\/#primaryimage\"},\"thumbnailUrl\":\"https:\/\/iwhiteinstant.com\/app\/uploads\/sites\/13\/2024\/10\/iWhite-Advanced-dark-stains-toothpaste.png\",\"datePublished\":\"2024-10-11T09:53:47+00:00\",\"dateModified\":\"2024-12-20T14:06:52+00:00\",\"description\":\"iWhite Pasta Dental Manchas Oscuras utiliza la tecnolog\u00eda de Adsorci\u00f3n de Pigmentos Oscuros. Esta tecnolog\u00eda act\u00faa activamente sobre las manchas oscuras absorbiendo y eliminando las sustancias coloreadas.\",\"breadcrumb\":{\"@id\":\"https:\/\/iwhiteinstant.com\/es\/producto\/iwhite-pasta-dental-manchas-oscuras\/#breadcrumb\"},\"inLanguage\":\"es\",\"potentialAction\":[{\"@type\":\"ReadAction\",\"target\":[\"https:\/\/iwhiteinstant.com\/es\/producto\/iwhite-pasta-dental-manchas-oscuras\/\"]}]},{\"@type\":\"ImageObject\",\"inLanguage\":\"es\",\"@id\":\"https:\/\/iwhiteinstant.com\/es\/producto\/iwhite-pasta-dental-manchas-oscuras\/#primaryimage\",\"url\":\"https:\/\/iwhiteinstant.com\/app\/uploads\/sites\/13\/2024\/10\/iWhite-Advanced-dark-stains-toothpaste.png\",\"contentUrl\":\"https:\/\/iwhiteinstant.com\/app\/uploads\/sites\/13\/2024\/10\/iWhite-Advanced-dark-stains-toothpaste.png\",\"width\":800,\"height\":800,\"caption\":\"iWhite Pasta Dental Manchas Oscuras\"},{\"@type\":\"BreadcrumbList\",\"@id\":\"https:\/\/iwhiteinstant.com\/es\/producto\/iwhite-pasta-dental-manchas-oscuras\/#breadcrumb\",\"itemListElement\":[{\"@type\":\"ListItem\",\"position\":1,\"name\":\"Home\",\"item\":\"https:\/\/iwhiteinstant.com\/es\/\"},{\"@type\":\"ListItem\",\"position\":2,\"name\":\"La gama iWhite\",\"item\":\"https:\/\/iwhiteinstant.com\/es\/la-gama-iwhite\/\"},{\"@type\":\"ListItem\",\"position\":3,\"name\":\"iWhite Pasta Dental Manchas Oscuras\"}]},{\"@type\":\"WebSite\",\"@id\":\"https:\/\/iwhiteinstant.com\/es\/#website\",\"url\":\"https:\/\/iwhiteinstant.com\/es\/\",\"name\":\"iWhite\",\"description\":\"\",\"publisher\":{\"@id\":\"https:\/\/iwhiteinstant.com\/es\/#organization\"},\"potentialAction\":[{\"@type\":\"SearchAction\",\"target\":{\"@type\":\"EntryPoint\",\"urlTemplate\":\"https:\/\/iwhiteinstant.com\/es\/?s={search_term_string}\"},\"query-input\":{\"@type\":\"PropertyValueSpecification\",\"valueRequired\":true,\"valueName\":\"search_term_string\"}}],\"inLanguage\":\"es\"},{\"@type\":\"Organization\",\"@id\":\"https:\/\/iwhiteinstant.com\/es\/#organization\",\"name\":\"iWhite\",\"url\":\"https:\/\/iwhiteinstant.com\/es\/\",\"logo\":{\"@type\":\"ImageObject\",\"inLanguage\":\"es\",\"@id\":\"https:\/\/iwhiteinstant.com\/es\/#\/schema\/logo\/image\/\",\"url\":\"https:\/\/iwhiteinstant.com\/app\/uploads\/sites\/13\/2024\/10\/Iwhite-logo.png\",\"contentUrl\":\"https:\/\/iwhiteinstant.com\/app\/uploads\/sites\/13\/2024\/10\/Iwhite-logo.png\",\"width\":160,\"height\":40,\"caption\":\"iWhite\"},\"image\":{\"@id\":\"https:\/\/iwhiteinstant.com\/es\/#\/schema\/logo\/image\/\"}}]}<\/script>\n<!-- \/ Yoast SEO plugin. -->","yoast_head_json":{"title":"iWhite Pasta Dental Manchas Oscuras - iWhite","description":"iWhite Pasta Dental Manchas Oscuras utiliza la tecnolog\u00eda de Adsorci\u00f3n de Pigmentos Oscuros. Esta tecnolog\u00eda act\u00faa activamente sobre las manchas oscuras absorbiendo y eliminando las sustancias coloreadas.","robots":{"index":"index","follow":"follow","max-snippet":"max-snippet:-1","max-image-preview":"max-image-preview:large","max-video-preview":"max-video-preview:-1"},"canonical":"https:\/\/iwhiteinstant.com\/es\/producto\/iwhite-pasta-dental-manchas-oscuras\/","og_locale":"es_ES","og_type":"article","og_title":"iWhite Pasta Dental Manchas Oscuras - iWhite","og_description":"iWhite Pasta Dental Manchas Oscuras utiliza la tecnolog\u00eda de Adsorci\u00f3n de Pigmentos Oscuros. Esta tecnolog\u00eda act\u00faa activamente sobre las manchas oscuras absorbiendo y eliminando las sustancias coloreadas.","og_url":"https:\/\/iwhiteinstant.com\/es\/producto\/iwhite-pasta-dental-manchas-oscuras\/","og_site_name":"iWhite","article_modified_time":"2024-12-20T14:06:52+00:00","og_image":[{"width":800,"height":800,"url":"https:\/\/iwhiteinstant.com\/app\/uploads\/sites\/13\/2024\/10\/iWhite-Advanced-dark-stains-toothpaste.png","type":"image\/png"}],"twitter_card":"summary_large_image","twitter_misc":{"Est. reading time":"1 minuto"},"schema":{"@context":"https:\/\/schema.org","@graph":[{"@type":"WebPage","@id":"https:\/\/iwhiteinstant.com\/es\/producto\/iwhite-pasta-dental-manchas-oscuras\/","url":"https:\/\/iwhiteinstant.com\/es\/producto\/iwhite-pasta-dental-manchas-oscuras\/","name":"iWhite Pasta Dental Manchas Oscuras - iWhite","isPartOf":{"@id":"https:\/\/iwhiteinstant.com\/es\/#website"},"primaryImageOfPage":{"@id":"https:\/\/iwhiteinstant.com\/es\/producto\/iwhite-pasta-dental-manchas-oscuras\/#primaryimage"},"image":{"@id":"https:\/\/iwhiteinstant.com\/es\/producto\/iwhite-pasta-dental-manchas-oscuras\/#primaryimage"},"thumbnailUrl":"https:\/\/iwhiteinstant.com\/app\/uploads\/sites\/13\/2024\/10\/iWhite-Advanced-dark-stains-toothpaste.png","datePublished":"2024-10-11T09:53:47+00:00","dateModified":"2024-12-20T14:06:52+00:00","description":"iWhite Pasta Dental Manchas Oscuras utiliza la tecnolog\u00eda de Adsorci\u00f3n de Pigmentos Oscuros. Esta tecnolog\u00eda act\u00faa activamente sobre las manchas oscuras absorbiendo y eliminando las sustancias coloreadas.","breadcrumb":{"@id":"https:\/\/iwhiteinstant.com\/es\/producto\/iwhite-pasta-dental-manchas-oscuras\/#breadcrumb"},"inLanguage":"es","potentialAction":[{"@type":"ReadAction","target":["https:\/\/iwhiteinstant.com\/es\/producto\/iwhite-pasta-dental-manchas-oscuras\/"]}]},{"@type":"ImageObject","inLanguage":"es","@id":"https:\/\/iwhiteinstant.com\/es\/producto\/iwhite-pasta-dental-manchas-oscuras\/#primaryimage","url":"https:\/\/iwhiteinstant.com\/app\/uploads\/sites\/13\/2024\/10\/iWhite-Advanced-dark-stains-toothpaste.png","contentUrl":"https:\/\/iwhiteinstant.com\/app\/uploads\/sites\/13\/2024\/10\/iWhite-Advanced-dark-stains-toothpaste.png","width":800,"height":800,"caption":"iWhite Pasta Dental Manchas Oscuras"},{"@type":"BreadcrumbList","@id":"https:\/\/iwhiteinstant.com\/es\/producto\/iwhite-pasta-dental-manchas-oscuras\/#breadcrumb","itemListElement":[{"@type":"ListItem","position":1,"name":"Home","item":"https:\/\/iwhiteinstant.com\/es\/"},{"@type":"ListItem","position":2,"name":"La gama iWhite","item":"https:\/\/iwhiteinstant.com\/es\/la-gama-iwhite\/"},{"@type":"ListItem","position":3,"name":"iWhite Pasta Dental Manchas Oscuras"}]},{"@type":"WebSite","@id":"https:\/\/iwhiteinstant.com\/es\/#website","url":"https:\/\/iwhiteinstant.com\/es\/","name":"iWhite","description":"","publisher":{"@id":"https:\/\/iwhiteinstant.com\/es\/#organization"},"potentialAction":[{"@type":"SearchAction","target":{"@type":"EntryPoint","urlTemplate":"https:\/\/iwhiteinstant.com\/es\/?s={search_term_string}"},"query-input":{"@type":"PropertyValueSpecification","valueRequired":true,"valueName":"search_term_string"}}],"inLanguage":"es"},{"@type":"Organization","@id":"https:\/\/iwhiteinstant.com\/es\/#organization","name":"iWhite","url":"https:\/\/iwhiteinstant.com\/es\/","logo":{"@type":"ImageObject","inLanguage":"es","@id":"https:\/\/iwhiteinstant.com\/es\/#\/schema\/logo\/image\/","url":"https:\/\/iwhiteinstant.com\/app\/uploads\/sites\/13\/2024\/10\/Iwhite-logo.png","contentUrl":"https:\/\/iwhiteinstant.com\/app\/uploads\/sites\/13\/2024\/10\/Iwhite-logo.png","width":160,"height":40,"caption":"iWhite"},"image":{"@id":"https:\/\/iwhiteinstant.com\/es\/#\/schema\/logo\/image\/"}}]}},"_links":{"self":[{"href":"https:\/\/iwhiteinstant.com\/es\/wp-json\/wp\/v2\/product\/35","targetHints":{"allow":["GET"]}}],"collection":[{"href":"https:\/\/iwhiteinstant.com\/es\/wp-json\/wp\/v2\/product"}],"about":[{"href":"https:\/\/iwhiteinstant.com\/es\/wp-json\/wp\/v2\/types\/product"}],"replies":[{"embeddable":true,"href":"https:\/\/iwhiteinstant.com\/es\/wp-json\/wp\/v2\/comments?post=35"}],"version-history":[{"count":4,"href":"https:\/\/iwhiteinstant.com\/es\/wp-json\/wp\/v2\/product\/35\/revisions"}],"predecessor-version":[{"id":110,"href":"https:\/\/iwhiteinstant.com\/es\/wp-json\/wp\/v2\/product\/35\/revisions\/110"}],"wp:featuredmedia":[{"embeddable":true,"href":"https:\/\/iwhiteinstant.com\/es\/wp-json\/wp\/v2\/media\/94"}],"wp:attachment":[{"href":"https:\/\/iwhiteinstant.com\/es\/wp-json\/wp\/v2\/media?parent=35"}],"wp:term":[{"taxonomy":"product_brand","embeddable":true,"href":"https:\/\/iwhiteinstant.com\/es\/wp-json\/wp\/v2\/product_brand?post=35"},{"taxonomy":"product_cat","embeddable":true,"href":"https:\/\/iwhiteinstant.com\/es\/wp-json\/wp\/v2\/product_cat?post=35"},{"taxonomy":"product_tag","embeddable":true,"href":"https:\/\/iwhiteinstant.com\/es\/wp-json\/wp\/v2\/product_tag?post=35"}],"curies":[{"name":"wp","href":"https:\/\/api.w.org\/{rel}","templated":true}]}}