{"id":39,"date":"2024-10-11T11:54:20","date_gmt":"2024-10-11T09:54:20","guid":{"rendered":"https:\/\/iwhiteinstant.com\/es\/?post_type=product&#038;p=39"},"modified":"2024-12-20T15:06:52","modified_gmt":"2024-12-20T14:06:52","slug":"iwhite-tiras-blanqueadoras-disolubles-naturales","status":"publish","type":"product","link":"https:\/\/iwhiteinstant.com\/es\/producto\/iwhite-tiras-blanqueadoras-disolubles-naturales\/","title":{"rendered":"iWhite Tiras Blanqueadoras Disolubles Naturales"},"content":{"rendered":"\n<div class=\"wp-block-karopharma-accordions is-style-secondary\"><div class=\"container\">\n<details class=\"wp-block-karopharma-accordion\"><summary><h2 class=\"accordion-title\">Dientes m\u00e1s blancos y brillantes gracias a nuestra tecnolog\u00eda triple acci\u00f3n:<\/h2><\/summary><div class=\"accordion-content\">\n<p><strong>Dientes hasta 7 tonos m\u00e1s blancos<\/strong><br>iWhite ha sido y es un pionero en el blanqueamiento dental sin per\u00f3xido de hidr\u00f3geno. Las tiras blanqueadoras disolubles naturales iWhite est\u00e1n formuladas con la misma tecnolog\u00eda iWhite que nuestros kits de blanqueamiento de m\u00e1xima eficacia y sin per\u00f3xido de hidr\u00f3geno, lo que significa que est\u00e1 cl\u00ednicamente probado que son seguras y eficaces. \u00bfEl resultado? Una sonrisa blanca y brillante, \u00a1con unos dientes hasta 7 tonos m\u00e1s blancos!<\/p>\n\n\n\n<p><strong>Contiene activos blanqueadores 100% naturales<br><\/strong>Algunas frutas como la papa\u00edna y las fresas tienen el poder de blanquear los dientes. A continuaci\u00f3n, algunos datos sobre estas frutas de poder blanqueador que le dan esa gran sonrisa blanca:<\/p>\n\n\n\n<p>La <strong><mark style=\"background-color:rgba(0, 0, 0, 0)\" class=\"has-inline-color has-secondary-color\">papa\u00edna<\/mark><\/strong> elimina la parte proteica de la placa, eliminando as\u00ed las manchas que se unen a estas prote\u00ednas. Est\u00e1 cl\u00ednicamente probado que tiene un efecto blanqueador despu\u00e9s de 1 aplicaci\u00f3n.<\/p>\n\n\n\n<p>Las <strong><mark style=\"background-color:rgba(0, 0, 0, 0)\" class=\"has-inline-color has-secondary-color\">fresas<\/mark><\/strong> tambi\u00e9n son conocidas como fuertes agentes blanqueadores naturales. Est\u00e1 cl\u00ednicamente demostrado que las fresas tienen efectos blanqueadores y limpiadores de los dientes que ayudan a disolver las manchas.<\/p>\n<\/div><\/details>\n\n\n\n<details class=\"wp-block-karopharma-accordion\"><summary><h2 class=\"accordion-title\">Blanqueamiento dental sin complicaciones<\/h2><\/summary><div class=\"accordion-content\">\n<p>S\u00f3lo tienes que colocar las tiras blanqueadoras en tus dientes y dejar que hagan todo el trabajo por ti. Se blanquear\u00e1n y se disolver\u00e1n por si solas. Sin complicaciones, puedes utilizar las tiras en cualquier momento y en cualquier.<\/p>\n\n\n\n<p>Utilizar durante 14 d\u00edas consecutivos para obtener los resultados m\u00e1s sorprendentes y \u00f3ptimos.<\/p>\n<\/div><\/details>\n<\/div><\/div>\n","protected":false},"excerpt":{"rendered":"<p>\u00a1Blanquea tus dientes en cualquier momento y en cualquier lugar!<\/p>\n","protected":false},"featured_media":91,"comment_status":"closed","ping_status":"closed","template":"","meta":{"_acf_changed":false,"footnotes":""},"product_brand":[],"product_cat":[22],"product_tag":[],"class_list":{"0":"post-39","1":"product","2":"type-product","3":"status-publish","4":"has-post-thumbnail","6":"product_cat-blanqueamiento-natural","8":"first","9":"instock","10":"shipping-taxable","11":"product-type-simple"},"acf":[],"yoast_head":"<!-- This site is optimized with the Yoast SEO plugin v26.6 - https:\/\/yoast.com\/wordpress\/plugins\/seo\/ -->\n<title>iWhite Tiras Blanqueadoras Disolubles Naturales - iWhite<\/title>\n<meta name=\"description\" content=\"Las tiras blanqueadoras disolubles iWhite Natural blanquean los dientes de forma segura, en cualquier lugar y en cualquier momento, sin necesidad de retirar nada.\" \/>\n<meta name=\"robots\" content=\"index, follow, max-snippet:-1, max-image-preview:large, max-video-preview:-1\" \/>\n<link rel=\"canonical\" href=\"https:\/\/iwhiteinstant.com\/es\/producto\/iwhite-tiras-blanqueadoras-disolubles-naturales\/\" \/>\n<meta property=\"og:locale\" content=\"es_ES\" \/>\n<meta property=\"og:type\" content=\"article\" \/>\n<meta property=\"og:title\" content=\"iWhite Tiras Blanqueadoras Disolubles Naturales - iWhite\" \/>\n<meta property=\"og:description\" content=\"Las tiras blanqueadoras disolubles iWhite Natural blanquean los dientes de forma segura, en cualquier lugar y en cualquier momento, sin necesidad de retirar nada.\" \/>\n<meta property=\"og:url\" content=\"https:\/\/iwhiteinstant.com\/es\/producto\/iwhite-tiras-blanqueadoras-disolubles-naturales\/\" \/>\n<meta property=\"og:site_name\" content=\"iWhite\" \/>\n<meta property=\"article:modified_time\" content=\"2024-12-20T14:06:52+00:00\" \/>\n<meta property=\"og:image\" content=\"https:\/\/iwhiteinstant.com\/app\/uploads\/sites\/13\/2024\/10\/iWhite-Natural-Dissolving-Whitening-Strips.png\" \/>\n\t<meta property=\"og:image:width\" content=\"800\" \/>\n\t<meta property=\"og:image:height\" content=\"800\" \/>\n\t<meta property=\"og:image:type\" content=\"image\/png\" \/>\n<meta name=\"twitter:card\" content=\"summary_large_image\" \/>\n<meta name=\"twitter:label1\" content=\"Est. reading time\" \/>\n\t<meta name=\"twitter:data1\" content=\"2 minutos\" \/>\n<script type=\"application\/ld+json\" class=\"yoast-schema-graph\">{\"@context\":\"https:\/\/schema.org\",\"@graph\":[{\"@type\":\"WebPage\",\"@id\":\"https:\/\/iwhiteinstant.com\/es\/producto\/iwhite-tiras-blanqueadoras-disolubles-naturales\/\",\"url\":\"https:\/\/iwhiteinstant.com\/es\/producto\/iwhite-tiras-blanqueadoras-disolubles-naturales\/\",\"name\":\"iWhite Tiras Blanqueadoras Disolubles Naturales - iWhite\",\"isPartOf\":{\"@id\":\"https:\/\/iwhiteinstant.com\/es\/#website\"},\"primaryImageOfPage\":{\"@id\":\"https:\/\/iwhiteinstant.com\/es\/producto\/iwhite-tiras-blanqueadoras-disolubles-naturales\/#primaryimage\"},\"image\":{\"@id\":\"https:\/\/iwhiteinstant.com\/es\/producto\/iwhite-tiras-blanqueadoras-disolubles-naturales\/#primaryimage\"},\"thumbnailUrl\":\"https:\/\/iwhiteinstant.com\/app\/uploads\/sites\/13\/2024\/10\/iWhite-Natural-Dissolving-Whitening-Strips.png\",\"datePublished\":\"2024-10-11T09:54:20+00:00\",\"dateModified\":\"2024-12-20T14:06:52+00:00\",\"description\":\"Las tiras blanqueadoras disolubles iWhite Natural blanquean los dientes de forma segura, en cualquier lugar y en cualquier momento, sin necesidad de retirar nada.\",\"breadcrumb\":{\"@id\":\"https:\/\/iwhiteinstant.com\/es\/producto\/iwhite-tiras-blanqueadoras-disolubles-naturales\/#breadcrumb\"},\"inLanguage\":\"es\",\"potentialAction\":[{\"@type\":\"ReadAction\",\"target\":[\"https:\/\/iwhiteinstant.com\/es\/producto\/iwhite-tiras-blanqueadoras-disolubles-naturales\/\"]}]},{\"@type\":\"ImageObject\",\"inLanguage\":\"es\",\"@id\":\"https:\/\/iwhiteinstant.com\/es\/producto\/iwhite-tiras-blanqueadoras-disolubles-naturales\/#primaryimage\",\"url\":\"https:\/\/iwhiteinstant.com\/app\/uploads\/sites\/13\/2024\/10\/iWhite-Natural-Dissolving-Whitening-Strips.png\",\"contentUrl\":\"https:\/\/iwhiteinstant.com\/app\/uploads\/sites\/13\/2024\/10\/iWhite-Natural-Dissolving-Whitening-Strips.png\",\"width\":800,\"height\":800,\"caption\":\"iWhite-Natural-Dissolving-Whitening-Strips\"},{\"@type\":\"BreadcrumbList\",\"@id\":\"https:\/\/iwhiteinstant.com\/es\/producto\/iwhite-tiras-blanqueadoras-disolubles-naturales\/#breadcrumb\",\"itemListElement\":[{\"@type\":\"ListItem\",\"position\":1,\"name\":\"Home\",\"item\":\"https:\/\/iwhiteinstant.com\/es\/\"},{\"@type\":\"ListItem\",\"position\":2,\"name\":\"La gama iWhite\",\"item\":\"https:\/\/iwhiteinstant.com\/es\/la-gama-iwhite\/\"},{\"@type\":\"ListItem\",\"position\":3,\"name\":\"iWhite Tiras Blanqueadoras Disolubles Naturales\"}]},{\"@type\":\"WebSite\",\"@id\":\"https:\/\/iwhiteinstant.com\/es\/#website\",\"url\":\"https:\/\/iwhiteinstant.com\/es\/\",\"name\":\"iWhite\",\"description\":\"\",\"publisher\":{\"@id\":\"https:\/\/iwhiteinstant.com\/es\/#organization\"},\"potentialAction\":[{\"@type\":\"SearchAction\",\"target\":{\"@type\":\"EntryPoint\",\"urlTemplate\":\"https:\/\/iwhiteinstant.com\/es\/?s={search_term_string}\"},\"query-input\":{\"@type\":\"PropertyValueSpecification\",\"valueRequired\":true,\"valueName\":\"search_term_string\"}}],\"inLanguage\":\"es\"},{\"@type\":\"Organization\",\"@id\":\"https:\/\/iwhiteinstant.com\/es\/#organization\",\"name\":\"iWhite\",\"url\":\"https:\/\/iwhiteinstant.com\/es\/\",\"logo\":{\"@type\":\"ImageObject\",\"inLanguage\":\"es\",\"@id\":\"https:\/\/iwhiteinstant.com\/es\/#\/schema\/logo\/image\/\",\"url\":\"https:\/\/iwhiteinstant.com\/app\/uploads\/sites\/13\/2024\/10\/Iwhite-logo.png\",\"contentUrl\":\"https:\/\/iwhiteinstant.com\/app\/uploads\/sites\/13\/2024\/10\/Iwhite-logo.png\",\"width\":160,\"height\":40,\"caption\":\"iWhite\"},\"image\":{\"@id\":\"https:\/\/iwhiteinstant.com\/es\/#\/schema\/logo\/image\/\"}}]}<\/script>\n<!-- \/ Yoast SEO plugin. -->","yoast_head_json":{"title":"iWhite Tiras Blanqueadoras Disolubles Naturales - iWhite","description":"Las tiras blanqueadoras disolubles iWhite Natural blanquean los dientes de forma segura, en cualquier lugar y en cualquier momento, sin necesidad de retirar nada.","robots":{"index":"index","follow":"follow","max-snippet":"max-snippet:-1","max-image-preview":"max-image-preview:large","max-video-preview":"max-video-preview:-1"},"canonical":"https:\/\/iwhiteinstant.com\/es\/producto\/iwhite-tiras-blanqueadoras-disolubles-naturales\/","og_locale":"es_ES","og_type":"article","og_title":"iWhite Tiras Blanqueadoras Disolubles Naturales - iWhite","og_description":"Las tiras blanqueadoras disolubles iWhite Natural blanquean los dientes de forma segura, en cualquier lugar y en cualquier momento, sin necesidad de retirar nada.","og_url":"https:\/\/iwhiteinstant.com\/es\/producto\/iwhite-tiras-blanqueadoras-disolubles-naturales\/","og_site_name":"iWhite","article_modified_time":"2024-12-20T14:06:52+00:00","og_image":[{"width":800,"height":800,"url":"https:\/\/iwhiteinstant.com\/app\/uploads\/sites\/13\/2024\/10\/iWhite-Natural-Dissolving-Whitening-Strips.png","type":"image\/png"}],"twitter_card":"summary_large_image","twitter_misc":{"Est. reading time":"2 minutos"},"schema":{"@context":"https:\/\/schema.org","@graph":[{"@type":"WebPage","@id":"https:\/\/iwhiteinstant.com\/es\/producto\/iwhite-tiras-blanqueadoras-disolubles-naturales\/","url":"https:\/\/iwhiteinstant.com\/es\/producto\/iwhite-tiras-blanqueadoras-disolubles-naturales\/","name":"iWhite Tiras Blanqueadoras Disolubles Naturales - iWhite","isPartOf":{"@id":"https:\/\/iwhiteinstant.com\/es\/#website"},"primaryImageOfPage":{"@id":"https:\/\/iwhiteinstant.com\/es\/producto\/iwhite-tiras-blanqueadoras-disolubles-naturales\/#primaryimage"},"image":{"@id":"https:\/\/iwhiteinstant.com\/es\/producto\/iwhite-tiras-blanqueadoras-disolubles-naturales\/#primaryimage"},"thumbnailUrl":"https:\/\/iwhiteinstant.com\/app\/uploads\/sites\/13\/2024\/10\/iWhite-Natural-Dissolving-Whitening-Strips.png","datePublished":"2024-10-11T09:54:20+00:00","dateModified":"2024-12-20T14:06:52+00:00","description":"Las tiras blanqueadoras disolubles iWhite Natural blanquean los dientes de forma segura, en cualquier lugar y en cualquier momento, sin necesidad de retirar nada.","breadcrumb":{"@id":"https:\/\/iwhiteinstant.com\/es\/producto\/iwhite-tiras-blanqueadoras-disolubles-naturales\/#breadcrumb"},"inLanguage":"es","potentialAction":[{"@type":"ReadAction","target":["https:\/\/iwhiteinstant.com\/es\/producto\/iwhite-tiras-blanqueadoras-disolubles-naturales\/"]}]},{"@type":"ImageObject","inLanguage":"es","@id":"https:\/\/iwhiteinstant.com\/es\/producto\/iwhite-tiras-blanqueadoras-disolubles-naturales\/#primaryimage","url":"https:\/\/iwhiteinstant.com\/app\/uploads\/sites\/13\/2024\/10\/iWhite-Natural-Dissolving-Whitening-Strips.png","contentUrl":"https:\/\/iwhiteinstant.com\/app\/uploads\/sites\/13\/2024\/10\/iWhite-Natural-Dissolving-Whitening-Strips.png","width":800,"height":800,"caption":"iWhite-Natural-Dissolving-Whitening-Strips"},{"@type":"BreadcrumbList","@id":"https:\/\/iwhiteinstant.com\/es\/producto\/iwhite-tiras-blanqueadoras-disolubles-naturales\/#breadcrumb","itemListElement":[{"@type":"ListItem","position":1,"name":"Home","item":"https:\/\/iwhiteinstant.com\/es\/"},{"@type":"ListItem","position":2,"name":"La gama iWhite","item":"https:\/\/iwhiteinstant.com\/es\/la-gama-iwhite\/"},{"@type":"ListItem","position":3,"name":"iWhite Tiras Blanqueadoras Disolubles Naturales"}]},{"@type":"WebSite","@id":"https:\/\/iwhiteinstant.com\/es\/#website","url":"https:\/\/iwhiteinstant.com\/es\/","name":"iWhite","description":"","publisher":{"@id":"https:\/\/iwhiteinstant.com\/es\/#organization"},"potentialAction":[{"@type":"SearchAction","target":{"@type":"EntryPoint","urlTemplate":"https:\/\/iwhiteinstant.com\/es\/?s={search_term_string}"},"query-input":{"@type":"PropertyValueSpecification","valueRequired":true,"valueName":"search_term_string"}}],"inLanguage":"es"},{"@type":"Organization","@id":"https:\/\/iwhiteinstant.com\/es\/#organization","name":"iWhite","url":"https:\/\/iwhiteinstant.com\/es\/","logo":{"@type":"ImageObject","inLanguage":"es","@id":"https:\/\/iwhiteinstant.com\/es\/#\/schema\/logo\/image\/","url":"https:\/\/iwhiteinstant.com\/app\/uploads\/sites\/13\/2024\/10\/Iwhite-logo.png","contentUrl":"https:\/\/iwhiteinstant.com\/app\/uploads\/sites\/13\/2024\/10\/Iwhite-logo.png","width":160,"height":40,"caption":"iWhite"},"image":{"@id":"https:\/\/iwhiteinstant.com\/es\/#\/schema\/logo\/image\/"}}]}},"_links":{"self":[{"href":"https:\/\/iwhiteinstant.com\/es\/wp-json\/wp\/v2\/product\/39","targetHints":{"allow":["GET"]}}],"collection":[{"href":"https:\/\/iwhiteinstant.com\/es\/wp-json\/wp\/v2\/product"}],"about":[{"href":"https:\/\/iwhiteinstant.com\/es\/wp-json\/wp\/v2\/types\/product"}],"replies":[{"embeddable":true,"href":"https:\/\/iwhiteinstant.com\/es\/wp-json\/wp\/v2\/comments?post=39"}],"version-history":[{"count":5,"href":"https:\/\/iwhiteinstant.com\/es\/wp-json\/wp\/v2\/product\/39\/revisions"}],"predecessor-version":[{"id":145,"href":"https:\/\/iwhiteinstant.com\/es\/wp-json\/wp\/v2\/product\/39\/revisions\/145"}],"wp:featuredmedia":[{"embeddable":true,"href":"https:\/\/iwhiteinstant.com\/es\/wp-json\/wp\/v2\/media\/91"}],"wp:attachment":[{"href":"https:\/\/iwhiteinstant.com\/es\/wp-json\/wp\/v2\/media?parent=39"}],"wp:term":[{"taxonomy":"product_brand","embeddable":true,"href":"https:\/\/iwhiteinstant.com\/es\/wp-json\/wp\/v2\/product_brand?post=39"},{"taxonomy":"product_cat","embeddable":true,"href":"https:\/\/iwhiteinstant.com\/es\/wp-json\/wp\/v2\/product_cat?post=39"},{"taxonomy":"product_tag","embeddable":true,"href":"https:\/\/iwhiteinstant.com\/es\/wp-json\/wp\/v2\/product_tag?post=39"}],"curies":[{"name":"wp","href":"https:\/\/api.w.org\/{rel}","templated":true}]}}