{"id":41,"date":"2024-10-11T11:54:32","date_gmt":"2024-10-11T09:54:32","guid":{"rendered":"https:\/\/iwhiteinstant.com\/es\/?post_type=product&#038;p=41"},"modified":"2024-12-20T15:06:52","modified_gmt":"2024-12-20T14:06:52","slug":"iwhite-kit-blanqueamiento-con-brillo","status":"publish","type":"product","link":"https:\/\/iwhiteinstant.com\/es\/producto\/iwhite-kit-blanqueamiento-con-brillo\/","title":{"rendered":"iWhite Kit Blanqueamiento con Brillo"},"content":{"rendered":"\n<section class=\"wp-block-karopharma-image-with-text image-with-text image-with-text__not-full-width is-style-primary\"><div class=\"image-with-text-container \"><div class=\"image-with-text-container-image-container\"><img decoding=\"async\" loading=\"lazy\" src=\"https:\/\/iwhiteinstant.com\/cdn-cgi\/image\/format=auto\/app\/uploads\/sites\/13\/2024\/10\/whitening-kit-mirror.jpg\" alt=\"whitening-kit-mirror\"\/><\/div><div class=\"image-with-text-container-content\" style=\"text-align:left\" data-test=\"content\"><div class=\"content\"><h2>\u00bfQu\u00e9 diferencia a iWhite Brillo?<\/h2><p class=\"body\" data-test=\"body\">Los moldes iWhite contienen un gel blanqueador \u00fanico en el que la tecnolog\u00eda iWhite se combina con ingredientes de brillo natural y part\u00edculas de diamante.<br><br>Por un lado, la tecnolog\u00eda iWhite blanquea los dientes hasta 8 tonos. Por otro lado, los destellos de diamante, los cristales azules y las part\u00edculas brillantes aclarar\u00e1n tus dientes de forma natural.<br><br>La combinaci\u00f3n de la tecnolog\u00eda iWhite con estos 3 ingredientes potenciar\u00e1 una sonrisa blanca.<br><br>Es importante saber que iWhite es 100% seguro.<br>iWhite Brillo contiene ingredientes cl\u00ednicamente probados y es 100% libre de per\u00f3xido de hidr\u00f3geno. Sin efectos secundarios, \u00a1s\u00f3lo una sonrisa blanca y brillante!<\/p>\n<div class=\"wp-block-buttons is-layout-flex wp-block-buttons-is-layout-flex\"><\/div>\n<\/div><\/div><\/div><\/section>\n","protected":false},"excerpt":{"rendered":"<p>Blanqueamiento instant\u00e1neo con efecto resplandor d\u00eda y noche.<\/p>\n","protected":false},"featured_media":90,"comment_status":"closed","ping_status":"closed","template":"","meta":{"_acf_changed":false,"footnotes":""},"product_brand":[],"product_cat":[18],"product_tag":[],"class_list":{"0":"post-41","1":"product","2":"type-product","3":"status-publish","4":"has-post-thumbnail","6":"product_cat-kit-blanqueador","8":"first","9":"instock","10":"shipping-taxable","11":"product-type-simple"},"acf":[],"yoast_head":"<!-- This site is optimized with the Yoast SEO plugin v26.6 - https:\/\/yoast.com\/wordpress\/plugins\/seo\/ -->\n<title>iWhite Kit Blanqueamiento con Brillo - iWhite<\/title>\n<meta name=\"description\" content=\"\u00bfUn nuevo y revolucionario kit de blanqueamiento que hace que tus dientes sean hasta 8 tonos m\u00e1s blancos... pero que tambi\u00e9n los hace brillar y resplandecer? Nosotros lo tenemos claro.\" \/>\n<meta name=\"robots\" content=\"index, follow, max-snippet:-1, max-image-preview:large, max-video-preview:-1\" \/>\n<link rel=\"canonical\" href=\"https:\/\/iwhiteinstant.com\/es\/producto\/iwhite-kit-blanqueamiento-con-brillo\/\" \/>\n<meta property=\"og:locale\" content=\"es_ES\" \/>\n<meta property=\"og:type\" content=\"article\" \/>\n<meta property=\"og:title\" content=\"iWhite Kit Blanqueamiento con Brillo - iWhite\" \/>\n<meta property=\"og:description\" content=\"\u00bfUn nuevo y revolucionario kit de blanqueamiento que hace que tus dientes sean hasta 8 tonos m\u00e1s blancos... pero que tambi\u00e9n los hace brillar y resplandecer? Nosotros lo tenemos claro.\" \/>\n<meta property=\"og:url\" content=\"https:\/\/iwhiteinstant.com\/es\/producto\/iwhite-kit-blanqueamiento-con-brillo\/\" \/>\n<meta property=\"og:site_name\" content=\"iWhite\" \/>\n<meta property=\"article:modified_time\" content=\"2024-12-20T14:06:52+00:00\" \/>\n<meta property=\"og:image\" content=\"https:\/\/iwhiteinstant.com\/app\/uploads\/sites\/13\/2024\/10\/iWhite-Glow-whitening-kit.png\" \/>\n\t<meta property=\"og:image:width\" content=\"800\" \/>\n\t<meta property=\"og:image:height\" content=\"800\" \/>\n\t<meta property=\"og:image:type\" content=\"image\/png\" \/>\n<meta name=\"twitter:card\" content=\"summary_large_image\" \/>\n<meta name=\"twitter:label1\" content=\"Est. reading time\" \/>\n\t<meta name=\"twitter:data1\" content=\"1 minuto\" \/>\n<script type=\"application\/ld+json\" class=\"yoast-schema-graph\">{\"@context\":\"https:\/\/schema.org\",\"@graph\":[{\"@type\":\"WebPage\",\"@id\":\"https:\/\/iwhiteinstant.com\/es\/producto\/iwhite-kit-blanqueamiento-con-brillo\/\",\"url\":\"https:\/\/iwhiteinstant.com\/es\/producto\/iwhite-kit-blanqueamiento-con-brillo\/\",\"name\":\"iWhite Kit Blanqueamiento con Brillo - iWhite\",\"isPartOf\":{\"@id\":\"https:\/\/iwhiteinstant.com\/es\/#website\"},\"primaryImageOfPage\":{\"@id\":\"https:\/\/iwhiteinstant.com\/es\/producto\/iwhite-kit-blanqueamiento-con-brillo\/#primaryimage\"},\"image\":{\"@id\":\"https:\/\/iwhiteinstant.com\/es\/producto\/iwhite-kit-blanqueamiento-con-brillo\/#primaryimage\"},\"thumbnailUrl\":\"https:\/\/iwhiteinstant.com\/app\/uploads\/sites\/13\/2024\/10\/iWhite-Glow-whitening-kit.png\",\"datePublished\":\"2024-10-11T09:54:32+00:00\",\"dateModified\":\"2024-12-20T14:06:52+00:00\",\"description\":\"\u00bfUn nuevo y revolucionario kit de blanqueamiento que hace que tus dientes sean hasta 8 tonos m\u00e1s blancos... pero que tambi\u00e9n los hace brillar y resplandecer? Nosotros lo tenemos claro.\",\"breadcrumb\":{\"@id\":\"https:\/\/iwhiteinstant.com\/es\/producto\/iwhite-kit-blanqueamiento-con-brillo\/#breadcrumb\"},\"inLanguage\":\"es\",\"potentialAction\":[{\"@type\":\"ReadAction\",\"target\":[\"https:\/\/iwhiteinstant.com\/es\/producto\/iwhite-kit-blanqueamiento-con-brillo\/\"]}]},{\"@type\":\"ImageObject\",\"inLanguage\":\"es\",\"@id\":\"https:\/\/iwhiteinstant.com\/es\/producto\/iwhite-kit-blanqueamiento-con-brillo\/#primaryimage\",\"url\":\"https:\/\/iwhiteinstant.com\/app\/uploads\/sites\/13\/2024\/10\/iWhite-Glow-whitening-kit.png\",\"contentUrl\":\"https:\/\/iwhiteinstant.com\/app\/uploads\/sites\/13\/2024\/10\/iWhite-Glow-whitening-kit.png\",\"width\":800,\"height\":800,\"caption\":\"iWhite-Glow-whitening-kit\"},{\"@type\":\"BreadcrumbList\",\"@id\":\"https:\/\/iwhiteinstant.com\/es\/producto\/iwhite-kit-blanqueamiento-con-brillo\/#breadcrumb\",\"itemListElement\":[{\"@type\":\"ListItem\",\"position\":1,\"name\":\"Home\",\"item\":\"https:\/\/iwhiteinstant.com\/es\/\"},{\"@type\":\"ListItem\",\"position\":2,\"name\":\"La gama iWhite\",\"item\":\"https:\/\/iwhiteinstant.com\/es\/la-gama-iwhite\/\"},{\"@type\":\"ListItem\",\"position\":3,\"name\":\"iWhite Kit Blanqueamiento con Brillo\"}]},{\"@type\":\"WebSite\",\"@id\":\"https:\/\/iwhiteinstant.com\/es\/#website\",\"url\":\"https:\/\/iwhiteinstant.com\/es\/\",\"name\":\"iWhite\",\"description\":\"\",\"publisher\":{\"@id\":\"https:\/\/iwhiteinstant.com\/es\/#organization\"},\"potentialAction\":[{\"@type\":\"SearchAction\",\"target\":{\"@type\":\"EntryPoint\",\"urlTemplate\":\"https:\/\/iwhiteinstant.com\/es\/?s={search_term_string}\"},\"query-input\":{\"@type\":\"PropertyValueSpecification\",\"valueRequired\":true,\"valueName\":\"search_term_string\"}}],\"inLanguage\":\"es\"},{\"@type\":\"Organization\",\"@id\":\"https:\/\/iwhiteinstant.com\/es\/#organization\",\"name\":\"iWhite\",\"url\":\"https:\/\/iwhiteinstant.com\/es\/\",\"logo\":{\"@type\":\"ImageObject\",\"inLanguage\":\"es\",\"@id\":\"https:\/\/iwhiteinstant.com\/es\/#\/schema\/logo\/image\/\",\"url\":\"https:\/\/iwhiteinstant.com\/app\/uploads\/sites\/13\/2024\/10\/Iwhite-logo.png\",\"contentUrl\":\"https:\/\/iwhiteinstant.com\/app\/uploads\/sites\/13\/2024\/10\/Iwhite-logo.png\",\"width\":160,\"height\":40,\"caption\":\"iWhite\"},\"image\":{\"@id\":\"https:\/\/iwhiteinstant.com\/es\/#\/schema\/logo\/image\/\"}}]}<\/script>\n<!-- \/ Yoast SEO plugin. -->","yoast_head_json":{"title":"iWhite Kit Blanqueamiento con Brillo - iWhite","description":"\u00bfUn nuevo y revolucionario kit de blanqueamiento que hace que tus dientes sean hasta 8 tonos m\u00e1s blancos... pero que tambi\u00e9n los hace brillar y resplandecer? Nosotros lo tenemos claro.","robots":{"index":"index","follow":"follow","max-snippet":"max-snippet:-1","max-image-preview":"max-image-preview:large","max-video-preview":"max-video-preview:-1"},"canonical":"https:\/\/iwhiteinstant.com\/es\/producto\/iwhite-kit-blanqueamiento-con-brillo\/","og_locale":"es_ES","og_type":"article","og_title":"iWhite Kit Blanqueamiento con Brillo - iWhite","og_description":"\u00bfUn nuevo y revolucionario kit de blanqueamiento que hace que tus dientes sean hasta 8 tonos m\u00e1s blancos... pero que tambi\u00e9n los hace brillar y resplandecer? Nosotros lo tenemos claro.","og_url":"https:\/\/iwhiteinstant.com\/es\/producto\/iwhite-kit-blanqueamiento-con-brillo\/","og_site_name":"iWhite","article_modified_time":"2024-12-20T14:06:52+00:00","og_image":[{"width":800,"height":800,"url":"https:\/\/iwhiteinstant.com\/app\/uploads\/sites\/13\/2024\/10\/iWhite-Glow-whitening-kit.png","type":"image\/png"}],"twitter_card":"summary_large_image","twitter_misc":{"Est. reading time":"1 minuto"},"schema":{"@context":"https:\/\/schema.org","@graph":[{"@type":"WebPage","@id":"https:\/\/iwhiteinstant.com\/es\/producto\/iwhite-kit-blanqueamiento-con-brillo\/","url":"https:\/\/iwhiteinstant.com\/es\/producto\/iwhite-kit-blanqueamiento-con-brillo\/","name":"iWhite Kit Blanqueamiento con Brillo - iWhite","isPartOf":{"@id":"https:\/\/iwhiteinstant.com\/es\/#website"},"primaryImageOfPage":{"@id":"https:\/\/iwhiteinstant.com\/es\/producto\/iwhite-kit-blanqueamiento-con-brillo\/#primaryimage"},"image":{"@id":"https:\/\/iwhiteinstant.com\/es\/producto\/iwhite-kit-blanqueamiento-con-brillo\/#primaryimage"},"thumbnailUrl":"https:\/\/iwhiteinstant.com\/app\/uploads\/sites\/13\/2024\/10\/iWhite-Glow-whitening-kit.png","datePublished":"2024-10-11T09:54:32+00:00","dateModified":"2024-12-20T14:06:52+00:00","description":"\u00bfUn nuevo y revolucionario kit de blanqueamiento que hace que tus dientes sean hasta 8 tonos m\u00e1s blancos... pero que tambi\u00e9n los hace brillar y resplandecer? Nosotros lo tenemos claro.","breadcrumb":{"@id":"https:\/\/iwhiteinstant.com\/es\/producto\/iwhite-kit-blanqueamiento-con-brillo\/#breadcrumb"},"inLanguage":"es","potentialAction":[{"@type":"ReadAction","target":["https:\/\/iwhiteinstant.com\/es\/producto\/iwhite-kit-blanqueamiento-con-brillo\/"]}]},{"@type":"ImageObject","inLanguage":"es","@id":"https:\/\/iwhiteinstant.com\/es\/producto\/iwhite-kit-blanqueamiento-con-brillo\/#primaryimage","url":"https:\/\/iwhiteinstant.com\/app\/uploads\/sites\/13\/2024\/10\/iWhite-Glow-whitening-kit.png","contentUrl":"https:\/\/iwhiteinstant.com\/app\/uploads\/sites\/13\/2024\/10\/iWhite-Glow-whitening-kit.png","width":800,"height":800,"caption":"iWhite-Glow-whitening-kit"},{"@type":"BreadcrumbList","@id":"https:\/\/iwhiteinstant.com\/es\/producto\/iwhite-kit-blanqueamiento-con-brillo\/#breadcrumb","itemListElement":[{"@type":"ListItem","position":1,"name":"Home","item":"https:\/\/iwhiteinstant.com\/es\/"},{"@type":"ListItem","position":2,"name":"La gama iWhite","item":"https:\/\/iwhiteinstant.com\/es\/la-gama-iwhite\/"},{"@type":"ListItem","position":3,"name":"iWhite Kit Blanqueamiento con Brillo"}]},{"@type":"WebSite","@id":"https:\/\/iwhiteinstant.com\/es\/#website","url":"https:\/\/iwhiteinstant.com\/es\/","name":"iWhite","description":"","publisher":{"@id":"https:\/\/iwhiteinstant.com\/es\/#organization"},"potentialAction":[{"@type":"SearchAction","target":{"@type":"EntryPoint","urlTemplate":"https:\/\/iwhiteinstant.com\/es\/?s={search_term_string}"},"query-input":{"@type":"PropertyValueSpecification","valueRequired":true,"valueName":"search_term_string"}}],"inLanguage":"es"},{"@type":"Organization","@id":"https:\/\/iwhiteinstant.com\/es\/#organization","name":"iWhite","url":"https:\/\/iwhiteinstant.com\/es\/","logo":{"@type":"ImageObject","inLanguage":"es","@id":"https:\/\/iwhiteinstant.com\/es\/#\/schema\/logo\/image\/","url":"https:\/\/iwhiteinstant.com\/app\/uploads\/sites\/13\/2024\/10\/Iwhite-logo.png","contentUrl":"https:\/\/iwhiteinstant.com\/app\/uploads\/sites\/13\/2024\/10\/Iwhite-logo.png","width":160,"height":40,"caption":"iWhite"},"image":{"@id":"https:\/\/iwhiteinstant.com\/es\/#\/schema\/logo\/image\/"}}]}},"_links":{"self":[{"href":"https:\/\/iwhiteinstant.com\/es\/wp-json\/wp\/v2\/product\/41","targetHints":{"allow":["GET"]}}],"collection":[{"href":"https:\/\/iwhiteinstant.com\/es\/wp-json\/wp\/v2\/product"}],"about":[{"href":"https:\/\/iwhiteinstant.com\/es\/wp-json\/wp\/v2\/types\/product"}],"replies":[{"embeddable":true,"href":"https:\/\/iwhiteinstant.com\/es\/wp-json\/wp\/v2\/comments?post=41"}],"version-history":[{"count":3,"href":"https:\/\/iwhiteinstant.com\/es\/wp-json\/wp\/v2\/product\/41\/revisions"}],"predecessor-version":[{"id":133,"href":"https:\/\/iwhiteinstant.com\/es\/wp-json\/wp\/v2\/product\/41\/revisions\/133"}],"wp:featuredmedia":[{"embeddable":true,"href":"https:\/\/iwhiteinstant.com\/es\/wp-json\/wp\/v2\/media\/90"}],"wp:attachment":[{"href":"https:\/\/iwhiteinstant.com\/es\/wp-json\/wp\/v2\/media?parent=41"}],"wp:term":[{"taxonomy":"product_brand","embeddable":true,"href":"https:\/\/iwhiteinstant.com\/es\/wp-json\/wp\/v2\/product_brand?post=41"},{"taxonomy":"product_cat","embeddable":true,"href":"https:\/\/iwhiteinstant.com\/es\/wp-json\/wp\/v2\/product_cat?post=41"},{"taxonomy":"product_tag","embeddable":true,"href":"https:\/\/iwhiteinstant.com\/es\/wp-json\/wp\/v2\/product_tag?post=41"}],"curies":[{"name":"wp","href":"https:\/\/api.w.org\/{rel}","templated":true}]}}