{"id":43,"date":"2024-10-11T11:54:46","date_gmt":"2024-10-11T09:54:46","guid":{"rendered":"https:\/\/iwhiteinstant.com\/es\/?post_type=product&#038;p=43"},"modified":"2024-12-20T15:06:52","modified_gmt":"2024-12-20T14:06:52","slug":"iwhite-kit-blanqueamiento-manchas-oscuras","status":"publish","type":"product","link":"https:\/\/iwhiteinstant.com\/es\/producto\/iwhite-kit-blanqueamiento-manchas-oscuras\/","title":{"rendered":"iWhite Kit Blanqueamiento Manchas Oscuras"},"content":{"rendered":"\n<div style=\"height:100px\" aria-hidden=\"true\" class=\"wp-block-spacer is-style-responsive-small\"><\/div>\n\n\n\n<section class=\"wp-block-karopharma-image-with-text image-with-text image-with-text__not-full-width is-style-primary\"><div class=\"image-with-text-container \"><div class=\"image-with-text-container-image-container\"><img decoding=\"async\" loading=\"lazy\" src=\"https:\/\/iwhiteinstant.com\/cdn-cgi\/image\/format=auto\/app\/uploads\/sites\/13\/2024\/10\/iwhite-dark-stains-image.jpg\" alt=\"iwhite-dark-stains-image\"\/><\/div><div class=\"image-with-text-container-content\" style=\"text-align:left\" data-test=\"content\"><div class=\"content\"><h2>\u00bfTe imaginas disfrutando de tu taza de caf\u00e9 o t\u00e9 mientras luces una sonrisa blanca y brillante?<\/h2><p class=\"body\" data-test=\"body\">No te preocupes m\u00e1s gracias a este innovador kit de blanqueamiento que, adem\u00e1s, es muy f\u00e1cil de usar, es decir\u2026: \u00a1no hay que preparar geles ni mezclar ingredientes y s\u00f3lo se necesitan 20 minutos al d\u00eda!<br><br>Los moldes desechables iWhite son finos y flexibles para garantizar un ajuste c\u00f3modo y el m\u00e1ximo rendimiento. Contienen un nuevo y revolucionario gel blanqueador con carb\u00f3n activo. Este ingrediente activo \u00fanico neutraliza y elimina las manchas oscuras de caf\u00e9, t\u00e9, tabaco y vino tinto. Una f\u00f3rmula innovadora basada en una tecnolog\u00eda que ha demostrado ser segura para los dientes y eficaz al instante. Proporcionando una sonrisa blanca y brillante y unos dientes hasta 8 tonos* m\u00e1s blancos.<\/p>\n<div class=\"wp-block-buttons is-layout-flex wp-block-buttons-is-layout-flex\"><\/div>\n<\/div><\/div><\/div><\/section>\n\n\n\n<div class=\"wp-block-karopharma-accordions is-style-secondary\"><div class=\"container\">\n<details class=\"wp-block-karopharma-accordion\"><summary><h2 class=\"accordion-title\">\u00bfC\u00f3mo utilizar?<\/h2><\/summary><div class=\"accordion-content\">\n<p>Puedes empezar de inmediato nada m\u00e1s abrir el envase. E incluso puedes notar un efecto blanqueador al instante despu\u00e9s de la primera aplicaci\u00f3n. Utilizar durante 5 d\u00edas consecutivos para obtener resultados a\u00fan m\u00e1s sorprendentes y \u00f3ptimos<\/p>\n<\/div><\/details>\n\n\n\n<details class=\"wp-block-karopharma-accordion\"><summary><h2 class=\"accordion-title\">\u00bfC\u00f3mo este kit iWhite elimina las manchas de tus dientes? <\/h2><\/summary><div class=\"accordion-content\">\n<p>Gracias a una revolucionaria tecnolog\u00eda blanqueadora que tiene una doble acci\u00f3n:<\/p>\n\n\n\n<p><strong>Acci\u00f3n 1: <\/strong>mediante el uso de microperlas de carb\u00f3n activado, se capturar\u00e1n las manchas oscuras y se eliminar\u00e1 el mal aliento. Como el carb\u00f3n activo tiene una fuerte adsorci\u00f3n f\u00edsica, las manchas ser\u00e1n eliminadas.<\/p>\n\n\n\n<p><strong>Acci\u00f3n 2: <\/strong>el hexametafosfato evitar\u00e1 la aparici\u00f3n de nuevas manchas. Crea una capa protectora sobre el esmalte que evita la creaci\u00f3n de nuevas manchas.<\/p>\n<\/div><\/details>\n\n\n\n<details class=\"wp-block-karopharma-accordion\"><summary><h2 class=\"accordion-title\">Tecnolog\u00eda iWhite Microperlas = \u00bfqu\u00e9?<\/h2><\/summary><div class=\"accordion-content\">\n<p>Una tecnolog\u00eda innovadora que permite la liberaci\u00f3n concentrada y selectiva de los activos en su interior. Esto significa que tu decides cu\u00e1ndo y d\u00f3nde se liberan los activos concentrados directamente en el esmalte. En el kit de blanqueamiento iWhite Manchas Oscuras, las microperlas activas est\u00e1n cargadas de carb\u00f3n activo.<\/p>\n<\/div><\/details>\n<\/div><\/div>\n\n\n\n<div class=\"wp-block-karopharma-free-text pt-large pb-none bg-center bg-cover bg-no-repeat\" style=\"background-image:url()\"><div class=\"free-text-wrapper container max-w-medium text-center\">\n<h2 class=\"wp-block-heading\">S\u00f3lo a 3 pasos de conseguir una sonrisa blanca y brillante\u2026<\/h2>\n<\/div><\/div>\n\n\n\n<section class=\"wp-block-karopharma-usp usp undefined\"><div class=\"usp-wrapper\">\n<section class=\"wp-block-karopharma-usp-single usp-single undefined\"><div class=\"icon\"><svg width=\"21\" height=\"16\" viewBox=\"0 0 21 16\" fill=\"none\" xmlns=\"http:\/\/www.w3.org\/2000\/svg\"><path d=\"M19.2567 0.164742L6.13095 13.2905L1.49056 8.65006C1.2709 8.4304 0.914742 8.4304 0.695039 8.65006L0.164742 9.18036C-0.0549141 9.40001 -0.0549141 9.75617 0.164742 9.97587L5.73321 15.5443C5.95287 15.764 6.30903 15.764 6.52873 15.5443L20.5825 1.4906C20.8021 1.27095 20.8021 0.914789 20.5825 0.695086L20.0521 0.164742C19.8325 -0.0549141 19.4763 -0.0549141 19.2567 0.164742Z\" fill=\"white\"><\/path><\/svg><\/div>\n<h4 class=\"wp-block-heading has-text-align-center is-style-heading-h4\">1. PRESIONAR<\/h4>\n\n\n\n<p class=\"has-text-align-center is-style-body-text\">Presionar suavemente los moldes, para que las microperlas estallen.<\/p>\n<\/section>\n\n\n\n<section class=\"wp-block-karopharma-usp-single usp-single undefined\"><div class=\"icon\"><svg width=\"21\" height=\"16\" viewBox=\"0 0 21 16\" fill=\"none\" xmlns=\"http:\/\/www.w3.org\/2000\/svg\"><path d=\"M19.2567 0.164742L6.13095 13.2905L1.49056 8.65006C1.2709 8.4304 0.914742 8.4304 0.695039 8.65006L0.164742 9.18036C-0.0549141 9.40001 -0.0549141 9.75617 0.164742 9.97587L5.73321 15.5443C5.95287 15.764 6.30903 15.764 6.52873 15.5443L20.5825 1.4906C20.8021 1.27095 20.8021 0.914789 20.5825 0.695086L20.0521 0.164742C19.8325 -0.0549141 19.4763 -0.0549141 19.2567 0.164742Z\" fill=\"white\"><\/path><\/svg><\/div>\n<h4 class=\"wp-block-heading has-text-align-center is-style-heading-h4\">2. ACTIVAR<\/h4>\n\n\n\n<p class=\"has-text-align-center is-style-body-text\">Los activos concentrados en las microperlas se liberan.<\/p>\n<\/section>\n\n\n\n<section class=\"wp-block-karopharma-usp-single usp-single undefined\"><div class=\"icon\"><svg width=\"21\" height=\"16\" viewBox=\"0 0 21 16\" fill=\"none\" xmlns=\"http:\/\/www.w3.org\/2000\/svg\"><path d=\"M19.2567 0.164742L6.13095 13.2905L1.49056 8.65006C1.2709 8.4304 0.914742 8.4304 0.695039 8.65006L0.164742 9.18036C-0.0549141 9.40001 -0.0549141 9.75617 0.164742 9.97587L5.73321 15.5443C5.95287 15.764 6.30903 15.764 6.52873 15.5443L20.5825 1.4906C20.8021 1.27095 20.8021 0.914789 20.5825 0.695086L20.0521 0.164742C19.8325 -0.0549141 19.4763 -0.0549141 19.2567 0.164742Z\" fill=\"white\"><\/path><\/svg><\/div>\n<h4 class=\"wp-block-heading has-text-align-center is-style-heading-h4\">RESULTADO<\/h4>\n\n\n\n<p class=\"has-text-align-center is-style-body-text\">Gel blanqueador iWhite + Microperlas = \u00a1MAGIA! \u00a1Usar durante 20 minutos y comprueba los resultados al instante!<\/p>\n<\/section>\n<\/div><\/section>\n","protected":false},"excerpt":{"rendered":"<p>Blanquea y elimina las manchas de caf\u00e9, t\u00e9, tabaco y vino tinto.<\/p>\n","protected":false},"featured_media":89,"comment_status":"closed","ping_status":"closed","template":"","meta":{"_acf_changed":false,"footnotes":""},"product_brand":[],"product_cat":[18],"product_tag":[],"class_list":{"0":"post-43","1":"product","2":"type-product","3":"status-publish","4":"has-post-thumbnail","6":"product_cat-kit-blanqueador","8":"first","9":"instock","10":"shipping-taxable","11":"product-type-simple"},"acf":[],"yoast_head":"<!-- This site is optimized with the Yoast SEO plugin v26.6 - https:\/\/yoast.com\/wordpress\/plugins\/seo\/ -->\n<title>iWhite Kit Blanqueamiento Manchas Oscuras - iWhite<\/title>\n<meta name=\"description\" content=\"Beber vino, caf\u00e9 o t\u00e9 y fumar... desgraciadamente puede provocar manchas en los dientes. Como nadie quiere tener los dientes manchados, iWhite ha desarrollado un kit blanqueador \u00fanico\" \/>\n<meta name=\"robots\" content=\"index, follow, max-snippet:-1, max-image-preview:large, max-video-preview:-1\" \/>\n<link rel=\"canonical\" href=\"https:\/\/iwhiteinstant.com\/es\/producto\/iwhite-kit-blanqueamiento-manchas-oscuras\/\" \/>\n<meta property=\"og:locale\" content=\"es_ES\" \/>\n<meta property=\"og:type\" content=\"article\" \/>\n<meta property=\"og:title\" content=\"iWhite Kit Blanqueamiento Manchas Oscuras - iWhite\" \/>\n<meta property=\"og:description\" content=\"Beber vino, caf\u00e9 o t\u00e9 y fumar... desgraciadamente puede provocar manchas en los dientes. Como nadie quiere tener los dientes manchados, iWhite ha desarrollado un kit blanqueador \u00fanico\" \/>\n<meta property=\"og:url\" content=\"https:\/\/iwhiteinstant.com\/es\/producto\/iwhite-kit-blanqueamiento-manchas-oscuras\/\" \/>\n<meta property=\"og:site_name\" content=\"iWhite\" \/>\n<meta property=\"article:modified_time\" content=\"2024-12-20T14:06:52+00:00\" \/>\n<meta property=\"og:image\" content=\"https:\/\/iwhiteinstant.com\/app\/uploads\/sites\/13\/2024\/10\/iWhite-Dark-stains-whitening-kit.png\" \/>\n\t<meta property=\"og:image:width\" content=\"800\" \/>\n\t<meta property=\"og:image:height\" content=\"800\" \/>\n\t<meta property=\"og:image:type\" content=\"image\/png\" \/>\n<meta name=\"twitter:card\" content=\"summary_large_image\" \/>\n<meta name=\"twitter:label1\" content=\"Est. reading time\" \/>\n\t<meta name=\"twitter:data1\" content=\"3 minutos\" \/>\n<script type=\"application\/ld+json\" class=\"yoast-schema-graph\">{\"@context\":\"https:\/\/schema.org\",\"@graph\":[{\"@type\":\"WebPage\",\"@id\":\"https:\/\/iwhiteinstant.com\/es\/producto\/iwhite-kit-blanqueamiento-manchas-oscuras\/\",\"url\":\"https:\/\/iwhiteinstant.com\/es\/producto\/iwhite-kit-blanqueamiento-manchas-oscuras\/\",\"name\":\"iWhite Kit Blanqueamiento Manchas Oscuras - iWhite\",\"isPartOf\":{\"@id\":\"https:\/\/iwhiteinstant.com\/es\/#website\"},\"primaryImageOfPage\":{\"@id\":\"https:\/\/iwhiteinstant.com\/es\/producto\/iwhite-kit-blanqueamiento-manchas-oscuras\/#primaryimage\"},\"image\":{\"@id\":\"https:\/\/iwhiteinstant.com\/es\/producto\/iwhite-kit-blanqueamiento-manchas-oscuras\/#primaryimage\"},\"thumbnailUrl\":\"https:\/\/iwhiteinstant.com\/app\/uploads\/sites\/13\/2024\/10\/iWhite-Dark-stains-whitening-kit.png\",\"datePublished\":\"2024-10-11T09:54:46+00:00\",\"dateModified\":\"2024-12-20T14:06:52+00:00\",\"description\":\"Beber vino, caf\u00e9 o t\u00e9 y fumar... desgraciadamente puede provocar manchas en los dientes. Como nadie quiere tener los dientes manchados, iWhite ha desarrollado un kit blanqueador \u00fanico\",\"breadcrumb\":{\"@id\":\"https:\/\/iwhiteinstant.com\/es\/producto\/iwhite-kit-blanqueamiento-manchas-oscuras\/#breadcrumb\"},\"inLanguage\":\"es\",\"potentialAction\":[{\"@type\":\"ReadAction\",\"target\":[\"https:\/\/iwhiteinstant.com\/es\/producto\/iwhite-kit-blanqueamiento-manchas-oscuras\/\"]}]},{\"@type\":\"ImageObject\",\"inLanguage\":\"es\",\"@id\":\"https:\/\/iwhiteinstant.com\/es\/producto\/iwhite-kit-blanqueamiento-manchas-oscuras\/#primaryimage\",\"url\":\"https:\/\/iwhiteinstant.com\/app\/uploads\/sites\/13\/2024\/10\/iWhite-Dark-stains-whitening-kit.png\",\"contentUrl\":\"https:\/\/iwhiteinstant.com\/app\/uploads\/sites\/13\/2024\/10\/iWhite-Dark-stains-whitening-kit.png\",\"width\":800,\"height\":800,\"caption\":\"iWhite-Dark-stains-whitening-kit\"},{\"@type\":\"BreadcrumbList\",\"@id\":\"https:\/\/iwhiteinstant.com\/es\/producto\/iwhite-kit-blanqueamiento-manchas-oscuras\/#breadcrumb\",\"itemListElement\":[{\"@type\":\"ListItem\",\"position\":1,\"name\":\"Home\",\"item\":\"https:\/\/iwhiteinstant.com\/es\/\"},{\"@type\":\"ListItem\",\"position\":2,\"name\":\"La gama iWhite\",\"item\":\"https:\/\/iwhiteinstant.com\/es\/la-gama-iwhite\/\"},{\"@type\":\"ListItem\",\"position\":3,\"name\":\"iWhite Kit Blanqueamiento Manchas Oscuras\"}]},{\"@type\":\"WebSite\",\"@id\":\"https:\/\/iwhiteinstant.com\/es\/#website\",\"url\":\"https:\/\/iwhiteinstant.com\/es\/\",\"name\":\"iWhite\",\"description\":\"\",\"publisher\":{\"@id\":\"https:\/\/iwhiteinstant.com\/es\/#organization\"},\"potentialAction\":[{\"@type\":\"SearchAction\",\"target\":{\"@type\":\"EntryPoint\",\"urlTemplate\":\"https:\/\/iwhiteinstant.com\/es\/?s={search_term_string}\"},\"query-input\":{\"@type\":\"PropertyValueSpecification\",\"valueRequired\":true,\"valueName\":\"search_term_string\"}}],\"inLanguage\":\"es\"},{\"@type\":\"Organization\",\"@id\":\"https:\/\/iwhiteinstant.com\/es\/#organization\",\"name\":\"iWhite\",\"url\":\"https:\/\/iwhiteinstant.com\/es\/\",\"logo\":{\"@type\":\"ImageObject\",\"inLanguage\":\"es\",\"@id\":\"https:\/\/iwhiteinstant.com\/es\/#\/schema\/logo\/image\/\",\"url\":\"https:\/\/iwhiteinstant.com\/app\/uploads\/sites\/13\/2024\/10\/Iwhite-logo.png\",\"contentUrl\":\"https:\/\/iwhiteinstant.com\/app\/uploads\/sites\/13\/2024\/10\/Iwhite-logo.png\",\"width\":160,\"height\":40,\"caption\":\"iWhite\"},\"image\":{\"@id\":\"https:\/\/iwhiteinstant.com\/es\/#\/schema\/logo\/image\/\"}}]}<\/script>\n<!-- \/ Yoast SEO plugin. -->","yoast_head_json":{"title":"iWhite Kit Blanqueamiento Manchas Oscuras - iWhite","description":"Beber vino, caf\u00e9 o t\u00e9 y fumar... desgraciadamente puede provocar manchas en los dientes. Como nadie quiere tener los dientes manchados, iWhite ha desarrollado un kit blanqueador \u00fanico","robots":{"index":"index","follow":"follow","max-snippet":"max-snippet:-1","max-image-preview":"max-image-preview:large","max-video-preview":"max-video-preview:-1"},"canonical":"https:\/\/iwhiteinstant.com\/es\/producto\/iwhite-kit-blanqueamiento-manchas-oscuras\/","og_locale":"es_ES","og_type":"article","og_title":"iWhite Kit Blanqueamiento Manchas Oscuras - iWhite","og_description":"Beber vino, caf\u00e9 o t\u00e9 y fumar... desgraciadamente puede provocar manchas en los dientes. Como nadie quiere tener los dientes manchados, iWhite ha desarrollado un kit blanqueador \u00fanico","og_url":"https:\/\/iwhiteinstant.com\/es\/producto\/iwhite-kit-blanqueamiento-manchas-oscuras\/","og_site_name":"iWhite","article_modified_time":"2024-12-20T14:06:52+00:00","og_image":[{"width":800,"height":800,"url":"https:\/\/iwhiteinstant.com\/app\/uploads\/sites\/13\/2024\/10\/iWhite-Dark-stains-whitening-kit.png","type":"image\/png"}],"twitter_card":"summary_large_image","twitter_misc":{"Est. reading time":"3 minutos"},"schema":{"@context":"https:\/\/schema.org","@graph":[{"@type":"WebPage","@id":"https:\/\/iwhiteinstant.com\/es\/producto\/iwhite-kit-blanqueamiento-manchas-oscuras\/","url":"https:\/\/iwhiteinstant.com\/es\/producto\/iwhite-kit-blanqueamiento-manchas-oscuras\/","name":"iWhite Kit Blanqueamiento Manchas Oscuras - iWhite","isPartOf":{"@id":"https:\/\/iwhiteinstant.com\/es\/#website"},"primaryImageOfPage":{"@id":"https:\/\/iwhiteinstant.com\/es\/producto\/iwhite-kit-blanqueamiento-manchas-oscuras\/#primaryimage"},"image":{"@id":"https:\/\/iwhiteinstant.com\/es\/producto\/iwhite-kit-blanqueamiento-manchas-oscuras\/#primaryimage"},"thumbnailUrl":"https:\/\/iwhiteinstant.com\/app\/uploads\/sites\/13\/2024\/10\/iWhite-Dark-stains-whitening-kit.png","datePublished":"2024-10-11T09:54:46+00:00","dateModified":"2024-12-20T14:06:52+00:00","description":"Beber vino, caf\u00e9 o t\u00e9 y fumar... desgraciadamente puede provocar manchas en los dientes. Como nadie quiere tener los dientes manchados, iWhite ha desarrollado un kit blanqueador \u00fanico","breadcrumb":{"@id":"https:\/\/iwhiteinstant.com\/es\/producto\/iwhite-kit-blanqueamiento-manchas-oscuras\/#breadcrumb"},"inLanguage":"es","potentialAction":[{"@type":"ReadAction","target":["https:\/\/iwhiteinstant.com\/es\/producto\/iwhite-kit-blanqueamiento-manchas-oscuras\/"]}]},{"@type":"ImageObject","inLanguage":"es","@id":"https:\/\/iwhiteinstant.com\/es\/producto\/iwhite-kit-blanqueamiento-manchas-oscuras\/#primaryimage","url":"https:\/\/iwhiteinstant.com\/app\/uploads\/sites\/13\/2024\/10\/iWhite-Dark-stains-whitening-kit.png","contentUrl":"https:\/\/iwhiteinstant.com\/app\/uploads\/sites\/13\/2024\/10\/iWhite-Dark-stains-whitening-kit.png","width":800,"height":800,"caption":"iWhite-Dark-stains-whitening-kit"},{"@type":"BreadcrumbList","@id":"https:\/\/iwhiteinstant.com\/es\/producto\/iwhite-kit-blanqueamiento-manchas-oscuras\/#breadcrumb","itemListElement":[{"@type":"ListItem","position":1,"name":"Home","item":"https:\/\/iwhiteinstant.com\/es\/"},{"@type":"ListItem","position":2,"name":"La gama iWhite","item":"https:\/\/iwhiteinstant.com\/es\/la-gama-iwhite\/"},{"@type":"ListItem","position":3,"name":"iWhite Kit Blanqueamiento Manchas Oscuras"}]},{"@type":"WebSite","@id":"https:\/\/iwhiteinstant.com\/es\/#website","url":"https:\/\/iwhiteinstant.com\/es\/","name":"iWhite","description":"","publisher":{"@id":"https:\/\/iwhiteinstant.com\/es\/#organization"},"potentialAction":[{"@type":"SearchAction","target":{"@type":"EntryPoint","urlTemplate":"https:\/\/iwhiteinstant.com\/es\/?s={search_term_string}"},"query-input":{"@type":"PropertyValueSpecification","valueRequired":true,"valueName":"search_term_string"}}],"inLanguage":"es"},{"@type":"Organization","@id":"https:\/\/iwhiteinstant.com\/es\/#organization","name":"iWhite","url":"https:\/\/iwhiteinstant.com\/es\/","logo":{"@type":"ImageObject","inLanguage":"es","@id":"https:\/\/iwhiteinstant.com\/es\/#\/schema\/logo\/image\/","url":"https:\/\/iwhiteinstant.com\/app\/uploads\/sites\/13\/2024\/10\/Iwhite-logo.png","contentUrl":"https:\/\/iwhiteinstant.com\/app\/uploads\/sites\/13\/2024\/10\/Iwhite-logo.png","width":160,"height":40,"caption":"iWhite"},"image":{"@id":"https:\/\/iwhiteinstant.com\/es\/#\/schema\/logo\/image\/"}}]}},"_links":{"self":[{"href":"https:\/\/iwhiteinstant.com\/es\/wp-json\/wp\/v2\/product\/43","targetHints":{"allow":["GET"]}}],"collection":[{"href":"https:\/\/iwhiteinstant.com\/es\/wp-json\/wp\/v2\/product"}],"about":[{"href":"https:\/\/iwhiteinstant.com\/es\/wp-json\/wp\/v2\/types\/product"}],"replies":[{"embeddable":true,"href":"https:\/\/iwhiteinstant.com\/es\/wp-json\/wp\/v2\/comments?post=43"}],"version-history":[{"count":4,"href":"https:\/\/iwhiteinstant.com\/es\/wp-json\/wp\/v2\/product\/43\/revisions"}],"predecessor-version":[{"id":202,"href":"https:\/\/iwhiteinstant.com\/es\/wp-json\/wp\/v2\/product\/43\/revisions\/202"}],"wp:featuredmedia":[{"embeddable":true,"href":"https:\/\/iwhiteinstant.com\/es\/wp-json\/wp\/v2\/media\/89"}],"wp:attachment":[{"href":"https:\/\/iwhiteinstant.com\/es\/wp-json\/wp\/v2\/media?parent=43"}],"wp:term":[{"taxonomy":"product_brand","embeddable":true,"href":"https:\/\/iwhiteinstant.com\/es\/wp-json\/wp\/v2\/product_brand?post=43"},{"taxonomy":"product_cat","embeddable":true,"href":"https:\/\/iwhiteinstant.com\/es\/wp-json\/wp\/v2\/product_cat?post=43"},{"taxonomy":"product_tag","embeddable":true,"href":"https:\/\/iwhiteinstant.com\/es\/wp-json\/wp\/v2\/product_tag?post=43"}],"curies":[{"name":"wp","href":"https:\/\/api.w.org\/{rel}","templated":true}]}}