{"id":74,"date":"2024-08-16T16:18:43","date_gmt":"2024-08-16T13:18:43","guid":{"rendered":"https:\/\/iwhiteinstant.com\/fi\/?page_id=74"},"modified":"2024-12-20T16:21:17","modified_gmt":"2024-12-20T14:21:17","slug":"iwhite-teknologia","status":"publish","type":"page","link":"https:\/\/iwhiteinstant.com\/fi\/iwhite-teknologia\/","title":{"rendered":"iWhite-teknologia"},"content":{"rendered":"\n<div class=\"wp-block-karopharma-free-text pt-large pb-large bg-center bg-cover bg-no-repeat\" style=\"background-image:url()\"><div class=\"free-text-wrapper container max-w-medium text-left\">\n<h1 class=\"wp-block-heading is-style-heading-huge has-primary-color has-text-color\">iWhite-teknologia<\/h1>\n\n\n\n<p>Olemme kehitt\u00e4neet valkaisumenetelm\u00e4n, jossa <strong>ei k\u00e4ytet\u00e4 lainkaan vetyperoksidia<\/strong>, mutta joka on <strong>sit\u00e4kin tehokkaampi<\/strong>. Se perustuu ainutlaatuiseen FCC-tekniikkaan (kalvokiteytetty kalsium).<\/p>\n\n\n\n<p>Pieni\u00e4 valkoisia bioaktiivisia kiteit\u00e4 k\u00e4ytet\u00e4\u00e4n yhdess\u00e4 vahvan kalvon muodostavan polymeerin kanssa. T\u00e4m\u00e4 innovatiivinen menetelm\u00e4 kiinnitt\u00e4\u00e4 valkoiset bioaktiiviset kiteet fyysisesti hampaan pintaan, ja n\u00e4m\u00e4 fyysisesti kiinnittyneet kiteet synnytt\u00e4v\u00e4t valkaisevan vaikutelman. FCC-tekniikan vaikutusta edelleentehostaa uudenlainen valkaisukeino eli hampaiden v\u00e4rj\u00e4ymiin erinomaisesti tehoava PAP-menetelm\u00e4, jossa v\u00e4rimuutokset hajotetaan tehokkaasti PAP-molekyylin avulla vaikuttamatta hampaiden rakenteeseen.<\/p>\n\n\n\n<p><strong>Kliiniset tutkimukset ovat osoittaneet, ett\u00e4 iWhite Instant on 100-prosenttisen turvallinen hampaille ja valkaisee heti jo ensimm\u00e4isell\u00e4 k\u00e4ytt\u00f6kerralla<\/strong>. Osalla tutkimuksen osallistujista hampaat olivat 8 astetta valkoisemmat jo yhden k\u00e4sittelykerran j\u00e4lkeen. Tulokset ovat kuitenkin yksil\u00f6llisi\u00e4 ja voivat vaihdella.<\/p>\n<\/div><\/div>\n\n\n\n<div class=\"wp-block-karopharma-free-text pt-large pb-large bg-center bg-cover bg-no-repeat  is-style-primary\" style=\"background-image:url()\"><div class=\"free-text-wrapper container max-w-medium text-left\">\n<h2 class=\"wp-block-heading is-style-heading-h2\">V\u00e4litt\u00f6mi\u00e4 tuloksia<sup>****<\/sup><\/h2>\n\n\n\n<p>Kliininen tutkimus toteutettiin arvostetun, riippumattoman asiantuntijan tiloissa. Kyseinen hammasl\u00e4\u00e4k\u00e4ri on Belgian Academy of Esthetic Dentistry (BAED) -yhdistyksen entinen johtaja, h\u00e4n on mukana monessa esteettist\u00e4 hammashoitoa tutkivassa j\u00e4rjest\u00f6ss\u00e4, ja h\u00e4n on k\u00e4ytt\u00e4nyt erilaisia hampaidenvalkaisumenetelmi\u00e4 jo yli 20 vuotta. Tutkimuksen mukaan iWhite Instant -tuotteen keskim\u00e4\u00e4r\u00e4inen teho oli 4,8 astetta \u2013 osalla k\u00e4ytt\u00e4jist\u00e4 jopa 8 astetta \u2013 valkoisemmat hampaat jo yhden 20 minuutin k\u00e4sittelykerran j\u00e4lkeen!<\/p>\n<\/div><\/div>\n\n\n\n<div class=\"wp-block-karopharma-free-text pt-large pb-large bg-center bg-cover bg-no-repeat\" style=\"background-image:url()\"><div class=\"free-text-wrapper container max-w-medium text-left\">\n<figure class=\"wp-block-table is-style-secondary-stripes\"><table><thead><tr><th>Valkaisuaste<\/th><th>Prosenttia potilaista&nbsp;(%)<\/th><\/tr><\/thead><tbody><tr><td>SH 0<\/td><td>4%<\/td><\/tr><tr><td>SH 1<\/td><td>0%<\/td><\/tr><tr><td>SH 2<\/td><td>4%<\/td><\/tr><tr><td>SH 3<\/td><td>24%<\/td><\/tr><tr><td>SH 4<\/td><td>16%<\/td><\/tr><tr><td>SH 5<\/td><td>8%<\/td><\/tr><tr><td>SH 6<\/td><td>12%<\/td><\/tr><tr><td>SH 7<\/td><td>24%<\/td><\/tr><tr><td>SH 8<\/td><td>8%<\/td><\/tr><\/tbody><\/table><figcaption class=\"wp-element-caption\"><small>Taulukko 1: Valkaisutulosten jakautuminen<\/small><\/figcaption><\/figure>\n<\/div><\/div>\n\n\n\n<div class=\"wp-block-karopharma-free-text pt-large pb-large bg-center bg-cover bg-no-repeat  is-style-primary\" style=\"background-image:url()\"><div class=\"free-text-wrapper container max-w-medium text-left\">\n<h2 class=\"wp-block-heading is-style-heading-h2\">100-prosenttisen turvallinen<\/h2>\n\n\n\n<p>Yhdell\u00e4k\u00e4\u00e4n tutkimuksen osallistujista ei ilmennyt ienongelmia tai ikenien arkuutta, ja kaikki olivat tyytyv\u00e4isi\u00e4 k\u00e4sittelyn helppouteen ja muottien k\u00e4ytt\u00f6mukavuuteen.<\/p>\n<\/div><\/div>\n\n\n\n<div class=\"wp-block-karopharma-free-text pt-large pb-large bg-center bg-cover bg-no-repeat\" style=\"background-image:url()\"><div class=\"free-text-wrapper container max-w-medium text-left\">\n<figure class=\"wp-block-table is-style-secondary-stripes\"><table><thead><tr><th>Kysymys<\/th><th>Vastaus<\/th><th>T1 (n)<\/th><th>T2 (n)<\/th><\/tr><\/thead><tbody><tr><td>Onko henkil\u00f6ll\u00e4 haavaumia suun limakalvoilla?<\/td><td>Ei<br>Kyll\u00e4<\/td><td>100%<br>0<\/td><td>100%<br>0<\/td><\/tr><tr><td>N\u00e4kyyk\u00f6 henkil\u00f6n pehmytkudoksissa valkoisia l\u00e4iski\u00e4?<\/td><td>Ei<br>Kyll\u00e4<\/td><td>100%<br>0<\/td><td>100%<br>0<\/td><\/tr><tr><td>Vihlovatko hampaasi?<\/td><td>Ei<br>Kyll\u00e4<\/td><td>100%<br>0<\/td><td>100%<br>0<\/td><\/tr><\/tbody><\/table><figcaption class=\"wp-element-caption\"><small>Taulukko 2: Tutkimuksesta saatu siedett\u00e4vyysdata<\/small><\/figcaption><\/figure>\n\n\n\n<p class=\"is-style-paragraph-small\">**** Kliininen tutkimus (Hampaidenvalkaisu- ja lumetuotteella toteutettu satunnaistettu kaksoissokkoutettu kliininen tutkimus).<\/p>\n<\/div><\/div>\n","protected":false},"excerpt":{"rendered":"","protected":false},"author":2,"featured_media":0,"parent":0,"menu_order":0,"comment_status":"closed","ping_status":"closed","template":"","meta":{"_acf_changed":false,"footnotes":""},"from-article-database":[],"class_list":["post-74","page","type-page","status-publish","hentry"],"acf":[],"yoast_head":"<!-- This site is optimized with the Yoast SEO plugin v26.6 - https:\/\/yoast.com\/wordpress\/plugins\/seo\/ -->\n<title>iWhite-teknologia - iWhite<\/title>\n<meta name=\"description\" content=\"Olemme kehitt\u00e4neet valkaisumenetelm\u00e4n, jossa ei k\u00e4ytet\u00e4 lainkaan vetyperoksidia, mutta joka on sit\u00e4kin tehokkaampi. Se perustuu ainutlaatuiseen FCC-tekniikkaan (kalvokiteytetty kalsium).\" \/>\n<meta name=\"robots\" content=\"index, follow, max-snippet:-1, max-image-preview:large, max-video-preview:-1\" \/>\n<link rel=\"canonical\" href=\"https:\/\/iwhiteinstant.com\/fi\/iwhite-teknologia\/\" \/>\n<meta property=\"og:locale\" content=\"fi_FI\" \/>\n<meta property=\"og:type\" content=\"article\" \/>\n<meta property=\"og:title\" content=\"iWhite-teknologia - iWhite\" \/>\n<meta property=\"og:description\" content=\"Olemme kehitt\u00e4neet valkaisumenetelm\u00e4n, jossa ei k\u00e4ytet\u00e4 lainkaan vetyperoksidia, mutta joka on sit\u00e4kin tehokkaampi. Se perustuu ainutlaatuiseen FCC-tekniikkaan (kalvokiteytetty kalsium).\" \/>\n<meta property=\"og:url\" content=\"https:\/\/iwhiteinstant.com\/fi\/iwhite-teknologia\/\" \/>\n<meta property=\"og:site_name\" content=\"iWhite\" \/>\n<meta property=\"article:modified_time\" content=\"2024-12-20T14:21:17+00:00\" \/>\n<meta name=\"twitter:card\" content=\"summary_large_image\" \/>\n<meta name=\"twitter:label1\" content=\"Est. reading time\" \/>\n\t<meta name=\"twitter:data1\" content=\"2 minutes\" \/>\n<script type=\"application\/ld+json\" class=\"yoast-schema-graph\">{\"@context\":\"https:\/\/schema.org\",\"@graph\":[{\"@type\":\"WebPage\",\"@id\":\"https:\/\/iwhiteinstant.com\/fi\/iwhite-teknologia\/\",\"url\":\"https:\/\/iwhiteinstant.com\/fi\/iwhite-teknologia\/\",\"name\":\"iWhite-teknologia - iWhite\",\"isPartOf\":{\"@id\":\"https:\/\/iwhiteinstant.com\/fi\/#website\"},\"datePublished\":\"2024-08-16T13:18:43+00:00\",\"dateModified\":\"2024-12-20T14:21:17+00:00\",\"description\":\"Olemme kehitt\u00e4neet valkaisumenetelm\u00e4n, jossa ei k\u00e4ytet\u00e4 lainkaan vetyperoksidia, mutta joka on sit\u00e4kin tehokkaampi. Se perustuu ainutlaatuiseen FCC-tekniikkaan (kalvokiteytetty kalsium).\",\"breadcrumb\":{\"@id\":\"https:\/\/iwhiteinstant.com\/fi\/iwhite-teknologia\/#breadcrumb\"},\"inLanguage\":\"fi-FI\",\"potentialAction\":[{\"@type\":\"ReadAction\",\"target\":[\"https:\/\/iwhiteinstant.com\/fi\/iwhite-teknologia\/\"]}]},{\"@type\":\"BreadcrumbList\",\"@id\":\"https:\/\/iwhiteinstant.com\/fi\/iwhite-teknologia\/#breadcrumb\",\"itemListElement\":[{\"@type\":\"ListItem\",\"position\":1,\"name\":\"Home\",\"item\":\"https:\/\/iwhiteinstant.com\/fi\/\"},{\"@type\":\"ListItem\",\"position\":2,\"name\":\"iWhite-teknologia\"}]},{\"@type\":\"WebSite\",\"@id\":\"https:\/\/iwhiteinstant.com\/fi\/#website\",\"url\":\"https:\/\/iwhiteinstant.com\/fi\/\",\"name\":\"iWhite\",\"description\":\"\",\"publisher\":{\"@id\":\"https:\/\/iwhiteinstant.com\/fi\/#organization\"},\"potentialAction\":[{\"@type\":\"SearchAction\",\"target\":{\"@type\":\"EntryPoint\",\"urlTemplate\":\"https:\/\/iwhiteinstant.com\/fi\/?s={search_term_string}\"},\"query-input\":{\"@type\":\"PropertyValueSpecification\",\"valueRequired\":true,\"valueName\":\"search_term_string\"}}],\"inLanguage\":\"fi-FI\"},{\"@type\":\"Organization\",\"@id\":\"https:\/\/iwhiteinstant.com\/fi\/#organization\",\"name\":\"iWhite\",\"url\":\"https:\/\/iwhiteinstant.com\/fi\/\",\"logo\":{\"@type\":\"ImageObject\",\"inLanguage\":\"fi-FI\",\"@id\":\"https:\/\/iwhiteinstant.com\/fi\/#\/schema\/logo\/image\/\",\"url\":\"https:\/\/iwhiteinstant.com\/app\/uploads\/sites\/6\/2024\/08\/Iwhite-logo.png\",\"contentUrl\":\"https:\/\/iwhiteinstant.com\/app\/uploads\/sites\/6\/2024\/08\/Iwhite-logo.png\",\"width\":160,\"height\":40,\"caption\":\"iWhite\"},\"image\":{\"@id\":\"https:\/\/iwhiteinstant.com\/fi\/#\/schema\/logo\/image\/\"}}]}<\/script>\n<!-- \/ Yoast SEO plugin. -->","yoast_head_json":{"title":"iWhite-teknologia - iWhite","description":"Olemme kehitt\u00e4neet valkaisumenetelm\u00e4n, jossa ei k\u00e4ytet\u00e4 lainkaan vetyperoksidia, mutta joka on sit\u00e4kin tehokkaampi. Se perustuu ainutlaatuiseen FCC-tekniikkaan (kalvokiteytetty kalsium).","robots":{"index":"index","follow":"follow","max-snippet":"max-snippet:-1","max-image-preview":"max-image-preview:large","max-video-preview":"max-video-preview:-1"},"canonical":"https:\/\/iwhiteinstant.com\/fi\/iwhite-teknologia\/","og_locale":"fi_FI","og_type":"article","og_title":"iWhite-teknologia - iWhite","og_description":"Olemme kehitt\u00e4neet valkaisumenetelm\u00e4n, jossa ei k\u00e4ytet\u00e4 lainkaan vetyperoksidia, mutta joka on sit\u00e4kin tehokkaampi. Se perustuu ainutlaatuiseen FCC-tekniikkaan (kalvokiteytetty kalsium).","og_url":"https:\/\/iwhiteinstant.com\/fi\/iwhite-teknologia\/","og_site_name":"iWhite","article_modified_time":"2024-12-20T14:21:17+00:00","twitter_card":"summary_large_image","twitter_misc":{"Est. reading time":"2 minutes"},"schema":{"@context":"https:\/\/schema.org","@graph":[{"@type":"WebPage","@id":"https:\/\/iwhiteinstant.com\/fi\/iwhite-teknologia\/","url":"https:\/\/iwhiteinstant.com\/fi\/iwhite-teknologia\/","name":"iWhite-teknologia - iWhite","isPartOf":{"@id":"https:\/\/iwhiteinstant.com\/fi\/#website"},"datePublished":"2024-08-16T13:18:43+00:00","dateModified":"2024-12-20T14:21:17+00:00","description":"Olemme kehitt\u00e4neet valkaisumenetelm\u00e4n, jossa ei k\u00e4ytet\u00e4 lainkaan vetyperoksidia, mutta joka on sit\u00e4kin tehokkaampi. Se perustuu ainutlaatuiseen FCC-tekniikkaan (kalvokiteytetty kalsium).","breadcrumb":{"@id":"https:\/\/iwhiteinstant.com\/fi\/iwhite-teknologia\/#breadcrumb"},"inLanguage":"fi-FI","potentialAction":[{"@type":"ReadAction","target":["https:\/\/iwhiteinstant.com\/fi\/iwhite-teknologia\/"]}]},{"@type":"BreadcrumbList","@id":"https:\/\/iwhiteinstant.com\/fi\/iwhite-teknologia\/#breadcrumb","itemListElement":[{"@type":"ListItem","position":1,"name":"Home","item":"https:\/\/iwhiteinstant.com\/fi\/"},{"@type":"ListItem","position":2,"name":"iWhite-teknologia"}]},{"@type":"WebSite","@id":"https:\/\/iwhiteinstant.com\/fi\/#website","url":"https:\/\/iwhiteinstant.com\/fi\/","name":"iWhite","description":"","publisher":{"@id":"https:\/\/iwhiteinstant.com\/fi\/#organization"},"potentialAction":[{"@type":"SearchAction","target":{"@type":"EntryPoint","urlTemplate":"https:\/\/iwhiteinstant.com\/fi\/?s={search_term_string}"},"query-input":{"@type":"PropertyValueSpecification","valueRequired":true,"valueName":"search_term_string"}}],"inLanguage":"fi-FI"},{"@type":"Organization","@id":"https:\/\/iwhiteinstant.com\/fi\/#organization","name":"iWhite","url":"https:\/\/iwhiteinstant.com\/fi\/","logo":{"@type":"ImageObject","inLanguage":"fi-FI","@id":"https:\/\/iwhiteinstant.com\/fi\/#\/schema\/logo\/image\/","url":"https:\/\/iwhiteinstant.com\/app\/uploads\/sites\/6\/2024\/08\/Iwhite-logo.png","contentUrl":"https:\/\/iwhiteinstant.com\/app\/uploads\/sites\/6\/2024\/08\/Iwhite-logo.png","width":160,"height":40,"caption":"iWhite"},"image":{"@id":"https:\/\/iwhiteinstant.com\/fi\/#\/schema\/logo\/image\/"}}]}},"_links":{"self":[{"href":"https:\/\/iwhiteinstant.com\/fi\/wp-json\/wp\/v2\/pages\/74","targetHints":{"allow":["GET"]}}],"collection":[{"href":"https:\/\/iwhiteinstant.com\/fi\/wp-json\/wp\/v2\/pages"}],"about":[{"href":"https:\/\/iwhiteinstant.com\/fi\/wp-json\/wp\/v2\/types\/page"}],"author":[{"embeddable":true,"href":"https:\/\/iwhiteinstant.com\/fi\/wp-json\/wp\/v2\/users\/2"}],"replies":[{"embeddable":true,"href":"https:\/\/iwhiteinstant.com\/fi\/wp-json\/wp\/v2\/comments?post=74"}],"version-history":[{"count":3,"href":"https:\/\/iwhiteinstant.com\/fi\/wp-json\/wp\/v2\/pages\/74\/revisions"}],"predecessor-version":[{"id":287,"href":"https:\/\/iwhiteinstant.com\/fi\/wp-json\/wp\/v2\/pages\/74\/revisions\/287"}],"wp:attachment":[{"href":"https:\/\/iwhiteinstant.com\/fi\/wp-json\/wp\/v2\/media?parent=74"}],"wp:term":[{"taxonomy":"from-article-database","embeddable":true,"href":"https:\/\/iwhiteinstant.com\/fi\/wp-json\/wp\/v2\/from-article-database?post=74"}],"curies":[{"name":"wp","href":"https:\/\/api.w.org\/{rel}","templated":true}]}}