{"id":76,"date":"2024-08-16T16:19:15","date_gmt":"2024-08-16T13:19:15","guid":{"rendered":"https:\/\/iwhiteinstant.com\/fi\/?page_id=76"},"modified":"2025-06-23T15:37:31","modified_gmt":"2025-06-23T12:37:31","slug":"usein-kysyttya","status":"publish","type":"page","link":"https:\/\/iwhiteinstant.com\/fi\/usein-kysyttya\/","title":{"rendered":"Usein kysytty\u00e4"},"content":{"rendered":"\n<div class=\"wp-block-karopharma-free-text pt-large pb-large bg-center bg-cover bg-no-repeat bg-box is-style-primary\" style=\"background-image:url(https:\/\/iwhiteinstant.com\/cdn-cgi\/image\/format=auto\/app\/uploads\/sites\/6\/2024\/08\/faq.jpg)\"><div class=\"free-text-wrapper container max-w-small text-center\">\n<h1 class=\"wp-block-heading is-style-heading-huge has-primary-color has-text-color\">Usein kysyttyj\u00e4 kysymyksi\u00e4<\/h1>\n\n\n\n<h2 class=\"wp-block-heading is-style-heading-h3\">Vastauksia yleisimpiin kysymyksiin<\/h2>\n<\/div><\/div>\n\n\n\n<div class=\"wp-block-karopharma-accordions\"><div class=\"container\">\n<details class=\"wp-block-karopharma-accordion\"><summary><h2 class=\"accordion-title\">Kuinka valkoisiksi hampaani tulevat?<\/h2><\/summary><div class=\"accordion-content\">\n<p>Valkaisun tulokset vaihtelevat eri henkil\u00f6ill\u00e4, ja niihin vaikuttavat hampaiden v\u00e4rimuutosten syy ja tummuus sek\u00e4 hampaiden yksil\u00f6llinen rakenne. Useat riippumattomat tutkimukset ovat kuitenkin osoittaneet, ett\u00e4 iWhite-tekniikalla p\u00e4\u00e4st\u00e4\u00e4n tuloksiin, joihin k\u00e4ytt\u00e4j\u00e4t ovat eritt\u00e4in tyytyv\u00e4isi\u00e4. Tekniikan avulla hampaista saadaan jopa 8 astetta valkoisemmat jo yhden 20 minuutin k\u00e4sittelyn j\u00e4lkeen.<\/p>\n<\/div><\/details>\n\n\n\n<details class=\"wp-block-karopharma-accordion\"><summary><h2 class=\"accordion-title\">Kuinka kauan valkaisun teho kest\u00e4\u00e4?<\/h2><\/summary><div class=\"accordion-content\">\n<p>T\u00e4m\u00e4 m\u00e4\u00e4r\u00e4ytyy henkil\u00f6kohtaisen suuhygienian ja v\u00e4rimuutosten l\u00e4ht\u00f6tilanteen mukaan. Esimerkiksi tupakka, punaviini, tee ja kahvi voivat aiheuttaa uusia v\u00e4rimuutoksia. Jotta p\u00e4\u00e4st\u00e4\u00e4n optimaalisiin tuloksiin, iWhite-tuotteita on suositeltavaa k\u00e4ytt\u00e4\u00e4 p\u00e4ivitt\u00e4in, viikoittain ja\/tai kuukausittain.<\/p>\n<\/div><\/details>\n\n\n\n<details class=\"wp-block-karopharma-accordion\"><summary><h2 class=\"accordion-title\">Kuinka usein iWhite-valkaisutuotteita voi k\u00e4ytt\u00e4\u00e4?<\/h2><\/summary><div class=\"accordion-content\">\n<p>T\u00e4m\u00e4 m\u00e4\u00e4r\u00e4ytyy k\u00e4ytett\u00e4v\u00e4n iWhite-tuotteen mukaan. Esimerkiksi valkaisusettej\u00e4 suosteillaan k\u00e4ytett\u00e4v\u00e4ski p\u00e4ivitt\u00e4in viiden p\u00e4iv\u00e4n ajan, mutta hammastahnoja ja suuvett\u00e4 voi k\u00e4ytt\u00e4\u00e4 joka p\u00e4iv\u00e4. Tutustu kunkin tuotteen k\u00e4ytt\u00f6ohjeisiin ennen k\u00e4ytt\u00e4mist\u00e4.<\/p>\n<\/div><\/details>\n\n\n\n<details class=\"wp-block-karopharma-accordion\"><summary><h2 class=\"accordion-title\">Ovatko kaikki iWhite-valkaisutuotteet turvallisia?<\/h2><\/summary><div class=\"accordion-content\">\n<p>Kyll\u00e4, iWhite-hampaidenvalkaisutuotteet on rekister\u00f6ity kosmetiikkatuotteiksi, ja niiss\u00e4 on k\u00e4ytetty hyv\u00e4ksyttyj\u00e4 eurooppalaisia kosmetiikan valmistusaineita. Koska iWhite-valkaisutuotteissa ei ole vetyperoksidia, niiden k\u00e4ytt\u00e4minen ei vaurioita hampaita ja\/tai ikeni\u00e4 eik\u00e4 aiheuta ien\u00e4rsytyst\u00e4 tai hampaiden herkistymist\u00e4 tai vihlontaa.<\/p>\n<\/div><\/details>\n\n\n\n<details class=\"wp-block-karopharma-accordion\"><summary><h2 class=\"accordion-title\">Voinko k\u00e4ytt\u00e4\u00e4 iWhite-valkaisutuotteita, jos minulla on ongelmia ikenien kanssa?<\/h2><\/summary><div class=\"accordion-content\">\n<p>iWhite-sarjan herkille hampaille tarkoitetut tuotteet saattavat olla sinulle sopiva ratkaisu, mutta on silti suositeltavaa konsultoida hammasl\u00e4\u00e4k\u00e4ri\u00e4 ennen tuotteiden k\u00e4ytt\u00f6\u00e4.<\/p>\n<\/div><\/details>\n\n\n\n<details class=\"wp-block-karopharma-accordion\"><summary><h2 class=\"accordion-title\">Voiko iWhite-valkaisutuotteita k\u00e4ytt\u00e4\u00e4 hammas- tai oikomishoidon j\u00e4lkeen tai yhteydess\u00e4?<\/h2><\/summary><div class=\"accordion-content\">\n<p>\u00c4l\u00e4 k\u00e4yt\u00e4 iWhite-tuotteita ennen kuin hammas-\/oikomishoidosta on kulunut kaksi viikkoa (esim. hampaiden paikkaus, kruunun laitto, hammasimplantit tai juurihoito).<\/p>\n<\/div><\/details>\n\n\n\n<details class=\"wp-block-karopharma-accordion\"><summary><h2 class=\"accordion-title\">Onko iWhite-hampaidenvalkaisutuotteilla vaikutusta paikkoihin, kruunuihin ja hammaslaminaatteihin?<\/h2><\/summary><div class=\"accordion-content\">\n<p>Tuotteella ei ole valkaisevaa vaikutusta kruunuihin, hammaslaminaatteihin ja hammaspaikkoihin, mutta tuotteesta ei my\u00f6sk\u00e4\u00e4n ole niille haittaa.<\/p>\n<\/div><\/details>\n\n\n\n<details class=\"wp-block-karopharma-accordion\"><summary><h2 class=\"accordion-title\">Voiko iWhite-valkaisutuotteita k\u00e4ytt\u00e4\u00e4 raskaus- tai imetysaikana?<\/h2><\/summary><div class=\"accordion-content\">\n<p>Emme suosittele iWhite-valkaisutuotteita raskaana oleville tai imett\u00e4ville.<\/p>\n<\/div><\/details>\n<\/div><\/div>\n","protected":false},"excerpt":{"rendered":"","protected":false},"author":2,"featured_media":0,"parent":0,"menu_order":0,"comment_status":"closed","ping_status":"closed","template":"","meta":{"_acf_changed":false,"footnotes":""},"from-article-database":[],"class_list":["post-76","page","type-page","status-publish","hentry"],"acf":[],"yoast_head":"<!-- This site is optimized with the Yoast SEO plugin v26.6 - https:\/\/yoast.com\/wordpress\/plugins\/seo\/ -->\n<title>Usein kysytty\u00e4 - iWhite<\/title>\n<meta name=\"description\" content=\"Vastauksia yleisimpiin kysymyksiin: Kuinka valkoisiksi hampaani tulevat? Kuinka kauan valkaisun teho kest\u00e4\u00e4?\" \/>\n<meta name=\"robots\" content=\"index, follow, max-snippet:-1, max-image-preview:large, max-video-preview:-1\" \/>\n<link rel=\"canonical\" href=\"https:\/\/iwhiteinstant.com\/fi\/usein-kysyttya\/\" \/>\n<meta property=\"og:locale\" content=\"fi_FI\" \/>\n<meta property=\"og:type\" content=\"article\" \/>\n<meta property=\"og:title\" content=\"Usein kysytty\u00e4 - iWhite\" \/>\n<meta property=\"og:description\" content=\"Vastauksia yleisimpiin kysymyksiin: Kuinka valkoisiksi hampaani tulevat? Kuinka kauan valkaisun teho kest\u00e4\u00e4?\" \/>\n<meta property=\"og:url\" content=\"https:\/\/iwhiteinstant.com\/fi\/usein-kysyttya\/\" \/>\n<meta property=\"og:site_name\" content=\"iWhite\" \/>\n<meta property=\"article:modified_time\" content=\"2025-06-23T12:37:31+00:00\" \/>\n<meta name=\"twitter:card\" content=\"summary_large_image\" \/>\n<meta name=\"twitter:label1\" content=\"Est. reading time\" \/>\n\t<meta name=\"twitter:data1\" content=\"2 minutes\" \/>\n<script type=\"application\/ld+json\" class=\"yoast-schema-graph\">{\"@context\":\"https:\/\/schema.org\",\"@graph\":[{\"@type\":\"WebPage\",\"@id\":\"https:\/\/iwhiteinstant.com\/fi\/usein-kysyttya\/\",\"url\":\"https:\/\/iwhiteinstant.com\/fi\/usein-kysyttya\/\",\"name\":\"Usein kysytty\u00e4 - iWhite\",\"isPartOf\":{\"@id\":\"https:\/\/iwhiteinstant.com\/fi\/#website\"},\"datePublished\":\"2024-08-16T13:19:15+00:00\",\"dateModified\":\"2025-06-23T12:37:31+00:00\",\"description\":\"Vastauksia yleisimpiin kysymyksiin: Kuinka valkoisiksi hampaani tulevat? Kuinka kauan valkaisun teho kest\u00e4\u00e4?\",\"breadcrumb\":{\"@id\":\"https:\/\/iwhiteinstant.com\/fi\/usein-kysyttya\/#breadcrumb\"},\"inLanguage\":\"fi-FI\",\"potentialAction\":[{\"@type\":\"ReadAction\",\"target\":[\"https:\/\/iwhiteinstant.com\/fi\/usein-kysyttya\/\"]}]},{\"@type\":\"BreadcrumbList\",\"@id\":\"https:\/\/iwhiteinstant.com\/fi\/usein-kysyttya\/#breadcrumb\",\"itemListElement\":[{\"@type\":\"ListItem\",\"position\":1,\"name\":\"Home\",\"item\":\"https:\/\/iwhiteinstant.com\/fi\/\"},{\"@type\":\"ListItem\",\"position\":2,\"name\":\"Usein kysytty\u00e4\"}]},{\"@type\":\"WebSite\",\"@id\":\"https:\/\/iwhiteinstant.com\/fi\/#website\",\"url\":\"https:\/\/iwhiteinstant.com\/fi\/\",\"name\":\"iWhite\",\"description\":\"\",\"publisher\":{\"@id\":\"https:\/\/iwhiteinstant.com\/fi\/#organization\"},\"potentialAction\":[{\"@type\":\"SearchAction\",\"target\":{\"@type\":\"EntryPoint\",\"urlTemplate\":\"https:\/\/iwhiteinstant.com\/fi\/?s={search_term_string}\"},\"query-input\":{\"@type\":\"PropertyValueSpecification\",\"valueRequired\":true,\"valueName\":\"search_term_string\"}}],\"inLanguage\":\"fi-FI\"},{\"@type\":\"Organization\",\"@id\":\"https:\/\/iwhiteinstant.com\/fi\/#organization\",\"name\":\"iWhite\",\"url\":\"https:\/\/iwhiteinstant.com\/fi\/\",\"logo\":{\"@type\":\"ImageObject\",\"inLanguage\":\"fi-FI\",\"@id\":\"https:\/\/iwhiteinstant.com\/fi\/#\/schema\/logo\/image\/\",\"url\":\"https:\/\/iwhiteinstant.com\/app\/uploads\/sites\/6\/2024\/08\/Iwhite-logo.png\",\"contentUrl\":\"https:\/\/iwhiteinstant.com\/app\/uploads\/sites\/6\/2024\/08\/Iwhite-logo.png\",\"width\":160,\"height\":40,\"caption\":\"iWhite\"},\"image\":{\"@id\":\"https:\/\/iwhiteinstant.com\/fi\/#\/schema\/logo\/image\/\"}}]}<\/script>\n<!-- \/ Yoast SEO plugin. -->","yoast_head_json":{"title":"Usein kysytty\u00e4 - iWhite","description":"Vastauksia yleisimpiin kysymyksiin: Kuinka valkoisiksi hampaani tulevat? Kuinka kauan valkaisun teho kest\u00e4\u00e4?","robots":{"index":"index","follow":"follow","max-snippet":"max-snippet:-1","max-image-preview":"max-image-preview:large","max-video-preview":"max-video-preview:-1"},"canonical":"https:\/\/iwhiteinstant.com\/fi\/usein-kysyttya\/","og_locale":"fi_FI","og_type":"article","og_title":"Usein kysytty\u00e4 - iWhite","og_description":"Vastauksia yleisimpiin kysymyksiin: Kuinka valkoisiksi hampaani tulevat? Kuinka kauan valkaisun teho kest\u00e4\u00e4?","og_url":"https:\/\/iwhiteinstant.com\/fi\/usein-kysyttya\/","og_site_name":"iWhite","article_modified_time":"2025-06-23T12:37:31+00:00","twitter_card":"summary_large_image","twitter_misc":{"Est. reading time":"2 minutes"},"schema":{"@context":"https:\/\/schema.org","@graph":[{"@type":"WebPage","@id":"https:\/\/iwhiteinstant.com\/fi\/usein-kysyttya\/","url":"https:\/\/iwhiteinstant.com\/fi\/usein-kysyttya\/","name":"Usein kysytty\u00e4 - iWhite","isPartOf":{"@id":"https:\/\/iwhiteinstant.com\/fi\/#website"},"datePublished":"2024-08-16T13:19:15+00:00","dateModified":"2025-06-23T12:37:31+00:00","description":"Vastauksia yleisimpiin kysymyksiin: Kuinka valkoisiksi hampaani tulevat? Kuinka kauan valkaisun teho kest\u00e4\u00e4?","breadcrumb":{"@id":"https:\/\/iwhiteinstant.com\/fi\/usein-kysyttya\/#breadcrumb"},"inLanguage":"fi-FI","potentialAction":[{"@type":"ReadAction","target":["https:\/\/iwhiteinstant.com\/fi\/usein-kysyttya\/"]}]},{"@type":"BreadcrumbList","@id":"https:\/\/iwhiteinstant.com\/fi\/usein-kysyttya\/#breadcrumb","itemListElement":[{"@type":"ListItem","position":1,"name":"Home","item":"https:\/\/iwhiteinstant.com\/fi\/"},{"@type":"ListItem","position":2,"name":"Usein kysytty\u00e4"}]},{"@type":"WebSite","@id":"https:\/\/iwhiteinstant.com\/fi\/#website","url":"https:\/\/iwhiteinstant.com\/fi\/","name":"iWhite","description":"","publisher":{"@id":"https:\/\/iwhiteinstant.com\/fi\/#organization"},"potentialAction":[{"@type":"SearchAction","target":{"@type":"EntryPoint","urlTemplate":"https:\/\/iwhiteinstant.com\/fi\/?s={search_term_string}"},"query-input":{"@type":"PropertyValueSpecification","valueRequired":true,"valueName":"search_term_string"}}],"inLanguage":"fi-FI"},{"@type":"Organization","@id":"https:\/\/iwhiteinstant.com\/fi\/#organization","name":"iWhite","url":"https:\/\/iwhiteinstant.com\/fi\/","logo":{"@type":"ImageObject","inLanguage":"fi-FI","@id":"https:\/\/iwhiteinstant.com\/fi\/#\/schema\/logo\/image\/","url":"https:\/\/iwhiteinstant.com\/app\/uploads\/sites\/6\/2024\/08\/Iwhite-logo.png","contentUrl":"https:\/\/iwhiteinstant.com\/app\/uploads\/sites\/6\/2024\/08\/Iwhite-logo.png","width":160,"height":40,"caption":"iWhite"},"image":{"@id":"https:\/\/iwhiteinstant.com\/fi\/#\/schema\/logo\/image\/"}}]}},"_links":{"self":[{"href":"https:\/\/iwhiteinstant.com\/fi\/wp-json\/wp\/v2\/pages\/76","targetHints":{"allow":["GET"]}}],"collection":[{"href":"https:\/\/iwhiteinstant.com\/fi\/wp-json\/wp\/v2\/pages"}],"about":[{"href":"https:\/\/iwhiteinstant.com\/fi\/wp-json\/wp\/v2\/types\/page"}],"author":[{"embeddable":true,"href":"https:\/\/iwhiteinstant.com\/fi\/wp-json\/wp\/v2\/users\/2"}],"replies":[{"embeddable":true,"href":"https:\/\/iwhiteinstant.com\/fi\/wp-json\/wp\/v2\/comments?post=76"}],"version-history":[{"count":4,"href":"https:\/\/iwhiteinstant.com\/fi\/wp-json\/wp\/v2\/pages\/76\/revisions"}],"predecessor-version":[{"id":327,"href":"https:\/\/iwhiteinstant.com\/fi\/wp-json\/wp\/v2\/pages\/76\/revisions\/327"}],"wp:attachment":[{"href":"https:\/\/iwhiteinstant.com\/fi\/wp-json\/wp\/v2\/media?parent=76"}],"wp:term":[{"taxonomy":"from-article-database","embeddable":true,"href":"https:\/\/iwhiteinstant.com\/fi\/wp-json\/wp\/v2\/from-article-database?post=76"}],"curies":[{"name":"wp","href":"https:\/\/api.w.org\/{rel}","templated":true}]}}