{"id":87,"date":"2024-08-16T16:22:52","date_gmt":"2024-08-16T13:22:52","guid":{"rendered":"https:\/\/iwhiteinstant.com\/fi\/?page_id=87"},"modified":"2024-12-20T16:21:10","modified_gmt":"2024-12-20T14:21:10","slug":"tietoja-iwhitesta","status":"publish","type":"page","link":"https:\/\/iwhiteinstant.com\/fi\/tietoja-iwhitesta\/","title":{"rendered":"Tietoja iWhitesta"},"content":{"rendered":"\n<div class=\"wp-block-karopharma-free-text pt-large pb-large bg-center bg-cover bg-no-repeat bg-box\" style=\"background-image:url(https:\/\/iwhiteinstant.com\/cdn-cgi\/image\/format=auto\/app\/uploads\/sites\/6\/2024\/08\/about-iwhite.jpg)\"><div class=\"free-text-wrapper container max-w-small text-left\">\n<h1 class=\"wp-block-heading is-style-heading-huge has-primary-color has-text-color\">Mik\u00e4 iWhite?<\/h1>\n\n\n\n<p>Hampaiden valkaisuun tarkoitettu iWhite Instant on markkinoinut erilaisia mullistavia valkaisutuotteita jo vuodesta 2008. iWhite-tuotteiden tarkoituksena on hampaiden valkaiseminen ja v\u00e4rimuutosten poistaminen. iWhite-tuotteita on saatavilla jo melkein viidess\u00e4kymmeness\u00e4 maassa.<\/p>\n<\/div><\/div>\n\n\n\n<div class=\"wp-block-karopharma-free-text pt-large pb-large bg-center bg-cover bg-no-repeat\" style=\"background-image:url()\"><div class=\"free-text-wrapper container max-w-medium text-left\">\n<p>Kaikki iWhite-tuotteet ovat vetyperoksidittomia, kliinistesti testattuja ja 100-prosenttisen turvallisia. Tuotteita on helppo k\u00e4ytt\u00e4\u00e4 kotona.<\/p>\n\n\n\n<p>iWhite-br\u00e4ndin on kehitt\u00e4nyt ja sit\u00e4 markkinoi maailmanlaajuisesti Sylphar, joka toimii Deurlessa, Belgiassa.<\/p>\n\n\n\n<h2 class=\"wp-block-heading is-style-heading-h3\">Tietoja KaroPharmasta (Sylpharista)<\/h2>\n\n\n\n<p>Karopharma (Sylphar) on l\u00e4\u00e4kinn\u00e4llisten laitteiden ja kosmetiikkatuotteiden valmistaja, joka aloitti toimintansa vuonna 2008 julkisesti noteeratun hammasalan yhti\u00f6n oheisyrityksen\u00e4. Tuomme markkinoille innovatiivisia ja kuluttajayst\u00e4v\u00e4llisi\u00e4 tuotteita, jotka erottuvat joukosta k\u00e4\u00e4nteentekevien k\u00e4ytt\u00f6tapojensa ansiosta. Kasvun vauhdittamiseksi pyrimme tuomaan markkinoille kolme uutta tuotetta tai t\u00e4ydent\u00e4v\u00e4\u00e4 ratkaisua vuodessa.<\/p>\n\n\n\n<p>T\u00e4ll\u00e4 hetkell\u00e4 lanseeraamme maailmanlaajuisesti useita tuotteita eritt\u00e4in motivoituneiden paikallisten jakelukumppanien kautta. Meilt\u00e4 l\u00f6ytyy seuraavien kategorioiden tuotteita:<\/p>\n\n\n\n<ul class=\"is-style-default wp-block-list\">\n<li><strong>Hampaiden hoito<\/strong>: iWhite-br\u00e4ndi valmistaa hampaidenvalkaisutuotteita.<\/li>\n\n\n\n<li><strong>Suunhoito<\/strong>: Omat br\u00e4ndimme Herpatch ja After tehoavat erinomaisesti huuliherpekseen ja haavaumiin. Uusin tuotteemme t\u00e4ss\u00e4 kategoriassa on pahanhajuista hengityst\u00e4 hoitava Shur Healthy Breath.<\/li>\n\n\n\n<li><strong>Ihonhoitotuotteet<\/strong>: Innovatiivisen Remescar-valikoiman tuotteet on kehitetty auttamaan silm\u00e4nymp\u00e4rysalueen tummuuden ja turvotuksen, verisuonimuutosten, arpien ja muiden iho-ongelmien hoidossa.<\/li>\n<\/ul>\n\n\n\n<p>Tuotteitamme saa apteekista, v\u00e4hitt\u00e4ismyym\u00e4l\u00f6ist\u00e4 ja verkosta.<\/p>\n\n\n\n<p>Tuotekehitystiimi innovoi jatkuvasti uudenlaisia tuotteita, joilla voidaan vastata kuluttajien tarpeisiin. Tiukat ISO 13485- ja ISO 22716 -standardien mukaiset laatuvaatimukset takaavat sen, ett\u00e4 tuotteemme ovat jatkuvasti paitsi korkealaatuisia my\u00f6s l\u00e4\u00e4kinn\u00e4llisi\u00e4 laitteita ja kosmetiikkavalmisteita koskevan lains\u00e4\u00e4d\u00e4nn\u00f6n mukaisia. Olemme my\u00f6s Federal Agency for Medicines and Health Products (FAGG) -j\u00e4rjest\u00f6n rekister\u00f6itynyt j\u00e4sen, ja meit\u00e4 my\u00f6s auditoidaan l\u00e4\u00e4kinn\u00e4llisten laitteiden valmistajana. Kaikki kehitys- ja tutkimusty\u00f6 tapahtuu valvotussa, huippulaadukkaassa ymp\u00e4rist\u00f6ss\u00e4 p\u00e4\u00e4konttorillamme Deurlessa, Belgiassa.<\/p>\n<\/div><\/div>\n","protected":false},"excerpt":{"rendered":"","protected":false},"author":2,"featured_media":0,"parent":0,"menu_order":0,"comment_status":"closed","ping_status":"closed","template":"","meta":{"_acf_changed":false,"footnotes":""},"from-article-database":[],"class_list":["post-87","page","type-page","status-publish","hentry"],"acf":[],"yoast_head":"<!-- This site is optimized with the Yoast SEO plugin v26.6 - https:\/\/yoast.com\/wordpress\/plugins\/seo\/ -->\n<title>Tietoja iWhitesta - iWhite<\/title>\n<meta name=\"description\" content=\"Hampaiden valkaisuun tarkoitettu iWhite Instant on markkinoinut erilaisia mullistavia valkaisutuotteita jo vuodesta 2008. iWhiten tuotteiden tarkoituksena on hampaiden valkaiseminen ja v\u00e4rimuutosten poistaminen.\" \/>\n<meta name=\"robots\" content=\"index, follow, max-snippet:-1, max-image-preview:large, max-video-preview:-1\" \/>\n<link rel=\"canonical\" href=\"https:\/\/iwhiteinstant.com\/fi\/tietoja-iwhitesta\/\" \/>\n<meta property=\"og:locale\" content=\"fi_FI\" \/>\n<meta property=\"og:type\" content=\"article\" \/>\n<meta property=\"og:title\" content=\"Tietoja iWhitesta - iWhite\" \/>\n<meta property=\"og:description\" content=\"Hampaiden valkaisuun tarkoitettu iWhite Instant on markkinoinut erilaisia mullistavia valkaisutuotteita jo vuodesta 2008. iWhiten tuotteiden tarkoituksena on hampaiden valkaiseminen ja v\u00e4rimuutosten poistaminen.\" \/>\n<meta property=\"og:url\" content=\"https:\/\/iwhiteinstant.com\/fi\/tietoja-iwhitesta\/\" \/>\n<meta property=\"og:site_name\" content=\"iWhite\" \/>\n<meta property=\"article:modified_time\" content=\"2024-12-20T14:21:10+00:00\" \/>\n<meta name=\"twitter:card\" content=\"summary_large_image\" \/>\n<meta name=\"twitter:label1\" content=\"Est. reading time\" \/>\n\t<meta name=\"twitter:data1\" content=\"2 minutes\" \/>\n<script type=\"application\/ld+json\" class=\"yoast-schema-graph\">{\"@context\":\"https:\/\/schema.org\",\"@graph\":[{\"@type\":\"WebPage\",\"@id\":\"https:\/\/iwhiteinstant.com\/fi\/tietoja-iwhitesta\/\",\"url\":\"https:\/\/iwhiteinstant.com\/fi\/tietoja-iwhitesta\/\",\"name\":\"Tietoja iWhitesta - iWhite\",\"isPartOf\":{\"@id\":\"https:\/\/iwhiteinstant.com\/fi\/#website\"},\"datePublished\":\"2024-08-16T13:22:52+00:00\",\"dateModified\":\"2024-12-20T14:21:10+00:00\",\"description\":\"Hampaiden valkaisuun tarkoitettu iWhite Instant on markkinoinut erilaisia mullistavia valkaisutuotteita jo vuodesta 2008. iWhiten tuotteiden tarkoituksena on hampaiden valkaiseminen ja v\u00e4rimuutosten poistaminen.\",\"breadcrumb\":{\"@id\":\"https:\/\/iwhiteinstant.com\/fi\/tietoja-iwhitesta\/#breadcrumb\"},\"inLanguage\":\"fi-FI\",\"potentialAction\":[{\"@type\":\"ReadAction\",\"target\":[\"https:\/\/iwhiteinstant.com\/fi\/tietoja-iwhitesta\/\"]}]},{\"@type\":\"BreadcrumbList\",\"@id\":\"https:\/\/iwhiteinstant.com\/fi\/tietoja-iwhitesta\/#breadcrumb\",\"itemListElement\":[{\"@type\":\"ListItem\",\"position\":1,\"name\":\"Home\",\"item\":\"https:\/\/iwhiteinstant.com\/fi\/\"},{\"@type\":\"ListItem\",\"position\":2,\"name\":\"Tietoja iWhitesta\"}]},{\"@type\":\"WebSite\",\"@id\":\"https:\/\/iwhiteinstant.com\/fi\/#website\",\"url\":\"https:\/\/iwhiteinstant.com\/fi\/\",\"name\":\"iWhite\",\"description\":\"\",\"publisher\":{\"@id\":\"https:\/\/iwhiteinstant.com\/fi\/#organization\"},\"potentialAction\":[{\"@type\":\"SearchAction\",\"target\":{\"@type\":\"EntryPoint\",\"urlTemplate\":\"https:\/\/iwhiteinstant.com\/fi\/?s={search_term_string}\"},\"query-input\":{\"@type\":\"PropertyValueSpecification\",\"valueRequired\":true,\"valueName\":\"search_term_string\"}}],\"inLanguage\":\"fi-FI\"},{\"@type\":\"Organization\",\"@id\":\"https:\/\/iwhiteinstant.com\/fi\/#organization\",\"name\":\"iWhite\",\"url\":\"https:\/\/iwhiteinstant.com\/fi\/\",\"logo\":{\"@type\":\"ImageObject\",\"inLanguage\":\"fi-FI\",\"@id\":\"https:\/\/iwhiteinstant.com\/fi\/#\/schema\/logo\/image\/\",\"url\":\"https:\/\/iwhiteinstant.com\/app\/uploads\/sites\/6\/2024\/08\/Iwhite-logo.png\",\"contentUrl\":\"https:\/\/iwhiteinstant.com\/app\/uploads\/sites\/6\/2024\/08\/Iwhite-logo.png\",\"width\":160,\"height\":40,\"caption\":\"iWhite\"},\"image\":{\"@id\":\"https:\/\/iwhiteinstant.com\/fi\/#\/schema\/logo\/image\/\"}}]}<\/script>\n<!-- \/ Yoast SEO plugin. -->","yoast_head_json":{"title":"Tietoja iWhitesta - iWhite","description":"Hampaiden valkaisuun tarkoitettu iWhite Instant on markkinoinut erilaisia mullistavia valkaisutuotteita jo vuodesta 2008. iWhiten tuotteiden tarkoituksena on hampaiden valkaiseminen ja v\u00e4rimuutosten poistaminen.","robots":{"index":"index","follow":"follow","max-snippet":"max-snippet:-1","max-image-preview":"max-image-preview:large","max-video-preview":"max-video-preview:-1"},"canonical":"https:\/\/iwhiteinstant.com\/fi\/tietoja-iwhitesta\/","og_locale":"fi_FI","og_type":"article","og_title":"Tietoja iWhitesta - iWhite","og_description":"Hampaiden valkaisuun tarkoitettu iWhite Instant on markkinoinut erilaisia mullistavia valkaisutuotteita jo vuodesta 2008. iWhiten tuotteiden tarkoituksena on hampaiden valkaiseminen ja v\u00e4rimuutosten poistaminen.","og_url":"https:\/\/iwhiteinstant.com\/fi\/tietoja-iwhitesta\/","og_site_name":"iWhite","article_modified_time":"2024-12-20T14:21:10+00:00","twitter_card":"summary_large_image","twitter_misc":{"Est. reading time":"2 minutes"},"schema":{"@context":"https:\/\/schema.org","@graph":[{"@type":"WebPage","@id":"https:\/\/iwhiteinstant.com\/fi\/tietoja-iwhitesta\/","url":"https:\/\/iwhiteinstant.com\/fi\/tietoja-iwhitesta\/","name":"Tietoja iWhitesta - iWhite","isPartOf":{"@id":"https:\/\/iwhiteinstant.com\/fi\/#website"},"datePublished":"2024-08-16T13:22:52+00:00","dateModified":"2024-12-20T14:21:10+00:00","description":"Hampaiden valkaisuun tarkoitettu iWhite Instant on markkinoinut erilaisia mullistavia valkaisutuotteita jo vuodesta 2008. iWhiten tuotteiden tarkoituksena on hampaiden valkaiseminen ja v\u00e4rimuutosten poistaminen.","breadcrumb":{"@id":"https:\/\/iwhiteinstant.com\/fi\/tietoja-iwhitesta\/#breadcrumb"},"inLanguage":"fi-FI","potentialAction":[{"@type":"ReadAction","target":["https:\/\/iwhiteinstant.com\/fi\/tietoja-iwhitesta\/"]}]},{"@type":"BreadcrumbList","@id":"https:\/\/iwhiteinstant.com\/fi\/tietoja-iwhitesta\/#breadcrumb","itemListElement":[{"@type":"ListItem","position":1,"name":"Home","item":"https:\/\/iwhiteinstant.com\/fi\/"},{"@type":"ListItem","position":2,"name":"Tietoja iWhitesta"}]},{"@type":"WebSite","@id":"https:\/\/iwhiteinstant.com\/fi\/#website","url":"https:\/\/iwhiteinstant.com\/fi\/","name":"iWhite","description":"","publisher":{"@id":"https:\/\/iwhiteinstant.com\/fi\/#organization"},"potentialAction":[{"@type":"SearchAction","target":{"@type":"EntryPoint","urlTemplate":"https:\/\/iwhiteinstant.com\/fi\/?s={search_term_string}"},"query-input":{"@type":"PropertyValueSpecification","valueRequired":true,"valueName":"search_term_string"}}],"inLanguage":"fi-FI"},{"@type":"Organization","@id":"https:\/\/iwhiteinstant.com\/fi\/#organization","name":"iWhite","url":"https:\/\/iwhiteinstant.com\/fi\/","logo":{"@type":"ImageObject","inLanguage":"fi-FI","@id":"https:\/\/iwhiteinstant.com\/fi\/#\/schema\/logo\/image\/","url":"https:\/\/iwhiteinstant.com\/app\/uploads\/sites\/6\/2024\/08\/Iwhite-logo.png","contentUrl":"https:\/\/iwhiteinstant.com\/app\/uploads\/sites\/6\/2024\/08\/Iwhite-logo.png","width":160,"height":40,"caption":"iWhite"},"image":{"@id":"https:\/\/iwhiteinstant.com\/fi\/#\/schema\/logo\/image\/"}}]}},"_links":{"self":[{"href":"https:\/\/iwhiteinstant.com\/fi\/wp-json\/wp\/v2\/pages\/87","targetHints":{"allow":["GET"]}}],"collection":[{"href":"https:\/\/iwhiteinstant.com\/fi\/wp-json\/wp\/v2\/pages"}],"about":[{"href":"https:\/\/iwhiteinstant.com\/fi\/wp-json\/wp\/v2\/types\/page"}],"author":[{"embeddable":true,"href":"https:\/\/iwhiteinstant.com\/fi\/wp-json\/wp\/v2\/users\/2"}],"replies":[{"embeddable":true,"href":"https:\/\/iwhiteinstant.com\/fi\/wp-json\/wp\/v2\/comments?post=87"}],"version-history":[{"count":3,"href":"https:\/\/iwhiteinstant.com\/fi\/wp-json\/wp\/v2\/pages\/87\/revisions"}],"predecessor-version":[{"id":269,"href":"https:\/\/iwhiteinstant.com\/fi\/wp-json\/wp\/v2\/pages\/87\/revisions\/269"}],"wp:attachment":[{"href":"https:\/\/iwhiteinstant.com\/fi\/wp-json\/wp\/v2\/media?parent=87"}],"wp:term":[{"taxonomy":"from-article-database","embeddable":true,"href":"https:\/\/iwhiteinstant.com\/fi\/wp-json\/wp\/v2\/from-article-database?post=87"}],"curies":[{"name":"wp","href":"https:\/\/api.w.org\/{rel}","templated":true}]}}