{"id":100,"date":"2024-08-19T11:30:50","date_gmt":"2024-08-19T08:30:50","guid":{"rendered":"https:\/\/iwhiteinstant.com\/fi\/?post_type=product&#038;p=100"},"modified":"2026-02-20T11:06:57","modified_gmt":"2026-02-20T09:06:57","slug":"iwhite-natural-liukenevat-valkaisuliuskat","status":"publish","type":"product","link":"https:\/\/iwhiteinstant.com\/fi\/tuote\/iwhite-natural-liukenevat-valkaisuliuskat\/","title":{"rendered":"iWhite Natural liukenevat valkaisuliuskat"},"content":{"rendered":"\n<div class=\"wp-block-karopharma-accordions is-style-secondary\"><div class=\"container\">\n<details class=\"wp-block-karopharma-accordion\"><summary><h2 class=\"accordion-title\">Kirkkaammat ja valkoisemmat hampaat mullistavalla kolmitehoisella menetelm\u00e4ll\u00e4:<\/h2><\/summary><div class=\"accordion-content\">\n<p><strong>Jopa 7 astetta valkoisemmat hampaat<br><\/strong>iWhite on ilman vetyperoksidia suoritettavan hampaidenvalkaisun edell\u00e4k\u00e4vij\u00e4. Liukenevien iWhite Natural \u2011valkaisuliuskojen koostumus perustuu samaan iWhite-tekniikkaan kuin huipputehokkaat ja vetyperoksidittomat valkaisusettimme, eli niiden turvallisuus ja teho on kliinisesti todistettu. Tuloksena on kirkas valkoinen hymy ja jopa 7 astetta valkoisemmat hampaat!<\/p>\n\n\n\n<p><strong>Sis\u00e4lt\u00e4\u00e4 runsaasti 100-prosenttisen luonnollisia valkaisevia tehoaineita<br><\/strong>Tietyiss\u00e4 hedelmiss\u00e4, kuten papaijassa ja mansikassa, on hampaita valkaisevia ominaisuuksia! T\u00e4ss\u00e4 hieman tietoa n\u00e4ist\u00e4 hymy\u00e4 kirkastavista ja valkaisevista tehohedelmist\u00e4:<\/p>\n\n\n\n<p><strong><mark style=\"background-color:rgba(0, 0, 0, 0)\" class=\"has-inline-color has-secondary-color\">Papaija<\/mark><\/strong> poistaa plakin proteiinikomponentteja ja poistaa t\u00e4ten n\u00e4ihin proteiineihin sitoutuneita tahroja. On kliinisesti todistettu, ett\u00e4 jo yhdell\u00e4 k\u00e4ytt\u00f6kerralla on valkaiseva vaikutus.<\/p>\n\n\n\n<p><strong><mark style=\"background-color:rgba(0, 0, 0, 0)\" class=\"has-inline-color has-secondary-color\">Mansikat<\/mark><\/strong> tunnetaan my\u00f6s niiden vahvoista luontaisesti valkaisevista ominaisuuksista. Mansikoiden hampaita valkaisevat ja puhdistavat sek\u00e4 v\u00e4rimuutoksia eliminoivat ominaisuudet on kliinisesti todistettu.<\/p>\n<\/div><\/details>\n\n\n\n<details class=\"wp-block-karopharma-accordion\"><summary><h2 class=\"accordion-title\">Vaivatonta hampaiden valkaisua!<\/h2><\/summary><div class=\"accordion-content\">\n<p>Aseta valkaisuliuskat hampaisiin ja anna niiden tehd\u00e4 ty\u00f6 puolestasi. Ne valkaisevat hampaita ja liukenevat itsest\u00e4\u00e4n. Voit k\u00e4ytt\u00e4\u00e4 liuskoja juuri silloin ja juuri siell\u00e4 miss\u00e4 haluat valkaista hampaitasi &#8211; ilman mit\u00e4\u00e4n esivalmisteluja.<\/p>\n\n\n\n<p>Kun k\u00e4yt\u00e4t tuotetta 14 p\u00e4iv\u00e4n\u00e4 per\u00e4kk\u00e4in, tulokset ovat optimaaliset ja viel\u00e4kin upeammat.<\/p>\n<\/div><\/details>\n<\/div><\/div>\n\n\n\n<div class=\"wp-block-karopharma-free-text pt-large pb-none bg-center bg-cover bg-no-repeat\" style=\"background-image:url()\"><div class=\"free-text-wrapper container max-w-medium text-center\">\n<h3 class=\"wp-block-heading is-style-heading-h2 has-primary-color has-text-color\">Saatat my\u00f6s pit\u00e4\u00e4<\/h3>\n<\/div><\/div>\n","protected":false},"excerpt":{"rendered":"<p>Valkaisevat hampaasi luonnollisesti miss\u00e4 ja milloin tahansa<\/p>\n","protected":false},"featured_media":137,"comment_status":"closed","ping_status":"closed","template":"","meta":{"_acf_changed":false,"footnotes":""},"product_brand":[],"product_cat":[23],"product_tag":[],"class_list":{"0":"post-100","1":"product","2":"type-product","3":"status-publish","4":"has-post-thumbnail","6":"product_cat-luonnollinen-valkaisu","8":"first","9":"instock","10":"shipping-taxable","11":"product-type-simple"},"acf":[],"yoast_head":"<!-- This site is optimized with the Yoast SEO plugin v26.6 - https:\/\/yoast.com\/wordpress\/plugins\/seo\/ -->\n<title>iWhite Natural liukenevat valkaisuliuskat - iWhite<\/title>\n<meta name=\"description\" content=\"Liukenevat iWhite Natural \u2011valkaisuliuskat valkaisevat hampaasi luonnollisesti miss\u00e4 ja milloin tahansa ilman, ett\u00e4 liuskoja tarvitsee poistaa.\" \/>\n<meta name=\"robots\" content=\"index, follow, max-snippet:-1, max-image-preview:large, max-video-preview:-1\" \/>\n<link rel=\"canonical\" href=\"https:\/\/iwhiteinstant.com\/fi\/tuote\/iwhite-natural-liukenevat-valkaisuliuskat\/\" \/>\n<meta property=\"og:locale\" content=\"fi_FI\" \/>\n<meta property=\"og:type\" content=\"article\" \/>\n<meta property=\"og:title\" content=\"iWhite Natural liukenevat valkaisuliuskat - iWhite\" \/>\n<meta property=\"og:description\" content=\"Liukenevat iWhite Natural \u2011valkaisuliuskat valkaisevat hampaasi luonnollisesti miss\u00e4 ja milloin tahansa ilman, ett\u00e4 liuskoja tarvitsee poistaa.\" \/>\n<meta property=\"og:url\" content=\"https:\/\/iwhiteinstant.com\/fi\/tuote\/iwhite-natural-liukenevat-valkaisuliuskat\/\" \/>\n<meta property=\"og:site_name\" content=\"iWhite\" \/>\n<meta property=\"article:modified_time\" content=\"2026-02-20T09:06:57+00:00\" \/>\n<meta property=\"og:image\" content=\"https:\/\/iwhiteinstant.com\/app\/uploads\/sites\/6\/2024\/08\/iWhite-Natural-Dissolving-Whitening-Strips.png\" \/>\n\t<meta property=\"og:image:width\" content=\"800\" \/>\n\t<meta property=\"og:image:height\" content=\"800\" \/>\n\t<meta property=\"og:image:type\" content=\"image\/png\" \/>\n<meta name=\"twitter:card\" content=\"summary_large_image\" \/>\n<meta name=\"twitter:label1\" content=\"Est. reading time\" \/>\n\t<meta name=\"twitter:data1\" content=\"3 minutes\" \/>\n<script type=\"application\/ld+json\" class=\"yoast-schema-graph\">{\"@context\":\"https:\/\/schema.org\",\"@graph\":[{\"@type\":\"WebPage\",\"@id\":\"https:\/\/iwhiteinstant.com\/fi\/tuote\/iwhite-natural-liukenevat-valkaisuliuskat\/\",\"url\":\"https:\/\/iwhiteinstant.com\/fi\/tuote\/iwhite-natural-liukenevat-valkaisuliuskat\/\",\"name\":\"iWhite Natural liukenevat valkaisuliuskat - iWhite\",\"isPartOf\":{\"@id\":\"https:\/\/iwhiteinstant.com\/fi\/#website\"},\"primaryImageOfPage\":{\"@id\":\"https:\/\/iwhiteinstant.com\/fi\/tuote\/iwhite-natural-liukenevat-valkaisuliuskat\/#primaryimage\"},\"image\":{\"@id\":\"https:\/\/iwhiteinstant.com\/fi\/tuote\/iwhite-natural-liukenevat-valkaisuliuskat\/#primaryimage\"},\"thumbnailUrl\":\"https:\/\/iwhiteinstant.com\/app\/uploads\/sites\/6\/2024\/08\/iWhite-Natural-Dissolving-Whitening-Strips.png\",\"datePublished\":\"2024-08-19T08:30:50+00:00\",\"dateModified\":\"2026-02-20T09:06:57+00:00\",\"description\":\"Liukenevat iWhite Natural \u2011valkaisuliuskat valkaisevat hampaasi luonnollisesti miss\u00e4 ja milloin tahansa ilman, ett\u00e4 liuskoja tarvitsee poistaa.\",\"breadcrumb\":{\"@id\":\"https:\/\/iwhiteinstant.com\/fi\/tuote\/iwhite-natural-liukenevat-valkaisuliuskat\/#breadcrumb\"},\"inLanguage\":\"fi-FI\",\"potentialAction\":[{\"@type\":\"ReadAction\",\"target\":[\"https:\/\/iwhiteinstant.com\/fi\/tuote\/iwhite-natural-liukenevat-valkaisuliuskat\/\"]}]},{\"@type\":\"ImageObject\",\"inLanguage\":\"fi-FI\",\"@id\":\"https:\/\/iwhiteinstant.com\/fi\/tuote\/iwhite-natural-liukenevat-valkaisuliuskat\/#primaryimage\",\"url\":\"https:\/\/iwhiteinstant.com\/app\/uploads\/sites\/6\/2024\/08\/iWhite-Natural-Dissolving-Whitening-Strips.png\",\"contentUrl\":\"https:\/\/iwhiteinstant.com\/app\/uploads\/sites\/6\/2024\/08\/iWhite-Natural-Dissolving-Whitening-Strips.png\",\"width\":800,\"height\":800,\"caption\":\"iWhite-Natural-Dissolving-Whitening-Strips\"},{\"@type\":\"BreadcrumbList\",\"@id\":\"https:\/\/iwhiteinstant.com\/fi\/tuote\/iwhite-natural-liukenevat-valkaisuliuskat\/#breadcrumb\",\"itemListElement\":[{\"@type\":\"ListItem\",\"position\":1,\"name\":\"Home\",\"item\":\"https:\/\/iwhiteinstant.com\/fi\/\"},{\"@type\":\"ListItem\",\"position\":2,\"name\":\"Tuotevalikoima\",\"item\":\"https:\/\/iwhiteinstant.com\/fi\/iwhite-tuotevalikoima\/\"},{\"@type\":\"ListItem\",\"position\":3,\"name\":\"iWhite Natural liukenevat valkaisuliuskat\"}]},{\"@type\":\"WebSite\",\"@id\":\"https:\/\/iwhiteinstant.com\/fi\/#website\",\"url\":\"https:\/\/iwhiteinstant.com\/fi\/\",\"name\":\"iWhite\",\"description\":\"\",\"publisher\":{\"@id\":\"https:\/\/iwhiteinstant.com\/fi\/#organization\"},\"potentialAction\":[{\"@type\":\"SearchAction\",\"target\":{\"@type\":\"EntryPoint\",\"urlTemplate\":\"https:\/\/iwhiteinstant.com\/fi\/?s={search_term_string}\"},\"query-input\":{\"@type\":\"PropertyValueSpecification\",\"valueRequired\":true,\"valueName\":\"search_term_string\"}}],\"inLanguage\":\"fi-FI\"},{\"@type\":\"Organization\",\"@id\":\"https:\/\/iwhiteinstant.com\/fi\/#organization\",\"name\":\"iWhite\",\"url\":\"https:\/\/iwhiteinstant.com\/fi\/\",\"logo\":{\"@type\":\"ImageObject\",\"inLanguage\":\"fi-FI\",\"@id\":\"https:\/\/iwhiteinstant.com\/fi\/#\/schema\/logo\/image\/\",\"url\":\"https:\/\/iwhiteinstant.com\/app\/uploads\/sites\/6\/2024\/08\/Iwhite-logo.png\",\"contentUrl\":\"https:\/\/iwhiteinstant.com\/app\/uploads\/sites\/6\/2024\/08\/Iwhite-logo.png\",\"width\":160,\"height\":40,\"caption\":\"iWhite\"},\"image\":{\"@id\":\"https:\/\/iwhiteinstant.com\/fi\/#\/schema\/logo\/image\/\"}}]}<\/script>\n<!-- \/ Yoast SEO plugin. -->","yoast_head_json":{"title":"iWhite Natural liukenevat valkaisuliuskat - iWhite","description":"Liukenevat iWhite Natural \u2011valkaisuliuskat valkaisevat hampaasi luonnollisesti miss\u00e4 ja milloin tahansa ilman, ett\u00e4 liuskoja tarvitsee poistaa.","robots":{"index":"index","follow":"follow","max-snippet":"max-snippet:-1","max-image-preview":"max-image-preview:large","max-video-preview":"max-video-preview:-1"},"canonical":"https:\/\/iwhiteinstant.com\/fi\/tuote\/iwhite-natural-liukenevat-valkaisuliuskat\/","og_locale":"fi_FI","og_type":"article","og_title":"iWhite Natural liukenevat valkaisuliuskat - iWhite","og_description":"Liukenevat iWhite Natural \u2011valkaisuliuskat valkaisevat hampaasi luonnollisesti miss\u00e4 ja milloin tahansa ilman, ett\u00e4 liuskoja tarvitsee poistaa.","og_url":"https:\/\/iwhiteinstant.com\/fi\/tuote\/iwhite-natural-liukenevat-valkaisuliuskat\/","og_site_name":"iWhite","article_modified_time":"2026-02-20T09:06:57+00:00","og_image":[{"width":800,"height":800,"url":"https:\/\/iwhiteinstant.com\/app\/uploads\/sites\/6\/2024\/08\/iWhite-Natural-Dissolving-Whitening-Strips.png","type":"image\/png"}],"twitter_card":"summary_large_image","twitter_misc":{"Est. reading time":"3 minutes"},"schema":{"@context":"https:\/\/schema.org","@graph":[{"@type":"WebPage","@id":"https:\/\/iwhiteinstant.com\/fi\/tuote\/iwhite-natural-liukenevat-valkaisuliuskat\/","url":"https:\/\/iwhiteinstant.com\/fi\/tuote\/iwhite-natural-liukenevat-valkaisuliuskat\/","name":"iWhite Natural liukenevat valkaisuliuskat - iWhite","isPartOf":{"@id":"https:\/\/iwhiteinstant.com\/fi\/#website"},"primaryImageOfPage":{"@id":"https:\/\/iwhiteinstant.com\/fi\/tuote\/iwhite-natural-liukenevat-valkaisuliuskat\/#primaryimage"},"image":{"@id":"https:\/\/iwhiteinstant.com\/fi\/tuote\/iwhite-natural-liukenevat-valkaisuliuskat\/#primaryimage"},"thumbnailUrl":"https:\/\/iwhiteinstant.com\/app\/uploads\/sites\/6\/2024\/08\/iWhite-Natural-Dissolving-Whitening-Strips.png","datePublished":"2024-08-19T08:30:50+00:00","dateModified":"2026-02-20T09:06:57+00:00","description":"Liukenevat iWhite Natural \u2011valkaisuliuskat valkaisevat hampaasi luonnollisesti miss\u00e4 ja milloin tahansa ilman, ett\u00e4 liuskoja tarvitsee poistaa.","breadcrumb":{"@id":"https:\/\/iwhiteinstant.com\/fi\/tuote\/iwhite-natural-liukenevat-valkaisuliuskat\/#breadcrumb"},"inLanguage":"fi-FI","potentialAction":[{"@type":"ReadAction","target":["https:\/\/iwhiteinstant.com\/fi\/tuote\/iwhite-natural-liukenevat-valkaisuliuskat\/"]}]},{"@type":"ImageObject","inLanguage":"fi-FI","@id":"https:\/\/iwhiteinstant.com\/fi\/tuote\/iwhite-natural-liukenevat-valkaisuliuskat\/#primaryimage","url":"https:\/\/iwhiteinstant.com\/app\/uploads\/sites\/6\/2024\/08\/iWhite-Natural-Dissolving-Whitening-Strips.png","contentUrl":"https:\/\/iwhiteinstant.com\/app\/uploads\/sites\/6\/2024\/08\/iWhite-Natural-Dissolving-Whitening-Strips.png","width":800,"height":800,"caption":"iWhite-Natural-Dissolving-Whitening-Strips"},{"@type":"BreadcrumbList","@id":"https:\/\/iwhiteinstant.com\/fi\/tuote\/iwhite-natural-liukenevat-valkaisuliuskat\/#breadcrumb","itemListElement":[{"@type":"ListItem","position":1,"name":"Home","item":"https:\/\/iwhiteinstant.com\/fi\/"},{"@type":"ListItem","position":2,"name":"Tuotevalikoima","item":"https:\/\/iwhiteinstant.com\/fi\/iwhite-tuotevalikoima\/"},{"@type":"ListItem","position":3,"name":"iWhite Natural liukenevat valkaisuliuskat"}]},{"@type":"WebSite","@id":"https:\/\/iwhiteinstant.com\/fi\/#website","url":"https:\/\/iwhiteinstant.com\/fi\/","name":"iWhite","description":"","publisher":{"@id":"https:\/\/iwhiteinstant.com\/fi\/#organization"},"potentialAction":[{"@type":"SearchAction","target":{"@type":"EntryPoint","urlTemplate":"https:\/\/iwhiteinstant.com\/fi\/?s={search_term_string}"},"query-input":{"@type":"PropertyValueSpecification","valueRequired":true,"valueName":"search_term_string"}}],"inLanguage":"fi-FI"},{"@type":"Organization","@id":"https:\/\/iwhiteinstant.com\/fi\/#organization","name":"iWhite","url":"https:\/\/iwhiteinstant.com\/fi\/","logo":{"@type":"ImageObject","inLanguage":"fi-FI","@id":"https:\/\/iwhiteinstant.com\/fi\/#\/schema\/logo\/image\/","url":"https:\/\/iwhiteinstant.com\/app\/uploads\/sites\/6\/2024\/08\/Iwhite-logo.png","contentUrl":"https:\/\/iwhiteinstant.com\/app\/uploads\/sites\/6\/2024\/08\/Iwhite-logo.png","width":160,"height":40,"caption":"iWhite"},"image":{"@id":"https:\/\/iwhiteinstant.com\/fi\/#\/schema\/logo\/image\/"}}]}},"_links":{"self":[{"href":"https:\/\/iwhiteinstant.com\/fi\/wp-json\/wp\/v2\/product\/100","targetHints":{"allow":["GET"]}}],"collection":[{"href":"https:\/\/iwhiteinstant.com\/fi\/wp-json\/wp\/v2\/product"}],"about":[{"href":"https:\/\/iwhiteinstant.com\/fi\/wp-json\/wp\/v2\/types\/product"}],"replies":[{"embeddable":true,"href":"https:\/\/iwhiteinstant.com\/fi\/wp-json\/wp\/v2\/comments?post=100"}],"version-history":[{"count":9,"href":"https:\/\/iwhiteinstant.com\/fi\/wp-json\/wp\/v2\/product\/100\/revisions"}],"predecessor-version":[{"id":357,"href":"https:\/\/iwhiteinstant.com\/fi\/wp-json\/wp\/v2\/product\/100\/revisions\/357"}],"wp:featuredmedia":[{"embeddable":true,"href":"https:\/\/iwhiteinstant.com\/fi\/wp-json\/wp\/v2\/media\/137"}],"wp:attachment":[{"href":"https:\/\/iwhiteinstant.com\/fi\/wp-json\/wp\/v2\/media?parent=100"}],"wp:term":[{"taxonomy":"product_brand","embeddable":true,"href":"https:\/\/iwhiteinstant.com\/fi\/wp-json\/wp\/v2\/product_brand?post=100"},{"taxonomy":"product_cat","embeddable":true,"href":"https:\/\/iwhiteinstant.com\/fi\/wp-json\/wp\/v2\/product_cat?post=100"},{"taxonomy":"product_tag","embeddable":true,"href":"https:\/\/iwhiteinstant.com\/fi\/wp-json\/wp\/v2\/product_tag?post=100"}],"curies":[{"name":"wp","href":"https:\/\/api.w.org\/{rel}","templated":true}]}}