{"id":102,"date":"2024-08-19T11:31:15","date_gmt":"2024-08-19T08:31:15","guid":{"rendered":"https:\/\/iwhiteinstant.com\/fi\/?post_type=product&#038;p=102"},"modified":"2026-02-20T11:05:12","modified_gmt":"2026-02-20T09:05:12","slug":"iwhite-dark-stains-valkaisumuotit","status":"publish","type":"product","link":"https:\/\/iwhiteinstant.com\/fi\/tuote\/iwhite-dark-stains-valkaisumuotit\/","title":{"rendered":"iWhite Dark Stains valkaisumuotit"},"content":{"rendered":"\n<div style=\"height:100px\" aria-hidden=\"true\" class=\"wp-block-spacer is-style-responsive-small\"><\/div>\n\n\n\n<section class=\"wp-block-karopharma-image-with-text image-with-text image-with-text__not-full-width is-style-primary\"><div class=\"image-with-text-container \"><div class=\"image-with-text-container-image-container\"><img decoding=\"async\" loading=\"lazy\" src=\"https:\/\/iwhiteinstant.com\/cdn-cgi\/image\/format=auto\/app\/uploads\/sites\/6\/2024\/08\/iwhite-dark-stains-image.jpg\" alt=\"iwhite-dark-stains-image\"\/><\/div><div class=\"image-with-text-container-content\" style=\"text-align:left\" data-test=\"content\"><div class=\"content\"><h2>Haluatko nauttia kahvia tai teet\u00e4 s\u00e4ihkyv\u00e4n valkoisesta hymyst\u00e4 tinkim\u00e4tt\u00e4?<\/h2><p class=\"body\" data-test=\"body\">T\u00e4m\u00e4n mullistavan valkaisusetin ansiosta se onnistuu, ja tuotetta on viel\u00e4p\u00e4 eritt\u00e4in helppo k\u00e4ytt\u00e4\u00e4: geelej\u00e4 ei tarvitse valmistella eik\u00e4 aineksia sekoitella, vain 20 minuutin k\u00e4ytt\u00f6 p\u00e4iv\u00e4ss\u00e4 riitt\u00e4\u00e4!<br><br>Kertak\u00e4ytt\u00f6iset iWhite-muotit ovat ohuita ja joustavia, joten ne istuvat hyvin ja toimivat tehokkaasti. Ne sis\u00e4lt\u00e4v\u00e4t uutta mullistavaa valkaisugeeli\u00e4, joka on kyll\u00e4stetty aktiivihiilell\u00e4. T\u00e4m\u00e4 ainutlaatuinen aktiivinen ainesosa neutraloi ja eliminoi kahvin, teen, tupakan ja punaviinin aiheuttamia tummia v\u00e4rj\u00e4ymi\u00e4! Innovatiivinen koostumus perustuu tekniikkaan, joka on todistetusti turvallinen hampaille ja tehoaa heti. Tuloksena on kirkas valkoinen hymy ja jopa 8 astetta* valkoisemmat hampaat.<\/p>\n<div class=\"wp-block-buttons is-layout-flex wp-block-buttons-is-layout-flex\"><\/div>\n<\/div><\/div><\/div><\/section>\n\n\n\n<div class=\"wp-block-karopharma-accordions is-style-secondary\"><div class=\"container\">\n<details class=\"wp-block-karopharma-accordion\"><summary><h2 class=\"accordion-title\">Kuinka k\u00e4ytt\u00e4\u00e4?<\/h2><\/summary><div class=\"accordion-content\">\n<p>P\u00e4\u00e4set tositoimiin heti pakkauksen avattuasi. Ja saat n\u00e4kyv\u00e4sti valkoisemmat hampaat jo ensimm\u00e4isell\u00e4 k\u00e4ytt\u00f6kerralla! Kun k\u00e4yt\u00e4t tuotetta viiten\u00e4 p\u00e4iv\u00e4n\u00e4 per\u00e4kk\u00e4in, tulokset ovat optimaaliset ja viel\u00e4kin upeammat.<\/p>\n<\/div><\/details>\n\n\n\n<details class=\"wp-block-karopharma-accordion\"><summary><h2 class=\"accordion-title\">Kuinka iWhite eliminoi hampaiden v\u00e4rj\u00e4ymi\u00e4?<\/h2><\/summary><div class=\"accordion-content\">\n<p><strong>Vaihe 1: <\/strong>Aktiivihiilt\u00e4 sis\u00e4lt\u00e4v\u00e4t mikrohelmet korjaavat tummentumia ja auttavat pahanhajuiseen hengitykseen. Aktiivihiili imee voimakkaasti v\u00e4rj\u00e4ymi\u00e4 itseens\u00e4.<\/p>\n\n\n\n<p><strong><strong>Vaihe<\/strong> 2: <\/strong>Heksametafosfaatti ehk\u00e4isee uusien v\u00e4rj\u00e4ymien syntymist\u00e4. Se muodostaa hammaskiilteeseen suojaavan kerroksen, jonka ansiosta v\u00e4ltyt uusien v\u00e4rj\u00e4ymien syntymiselt\u00e4.<\/p>\n<\/div><\/details>\n\n\n\n<details class=\"wp-block-karopharma-accordion\"><summary><h2 class=\"accordion-title\">iWhite-mikrohelmitekniikka = mik\u00e4 se on?<\/h2><\/summary><div class=\"accordion-content\">\n<p>Se on innovatiivinen tekniikka, jonka ansiosta helmien vaikuttavat tehoaineet voidaan vapauttaa keskitetysti ja kohdistetusti. Sin\u00e4 itse p\u00e4\u00e4t\u00e4t, miss\u00e4 ja milloin kapseloidut tehoaineet vapautetaan suoraan hammaskiilteen pintaan. iWhite Dark Stains -valkaisusetin aktiiviset mikrohelmet sis\u00e4lt\u00e4v\u00e4t runsaasti kalsiumia.<\/p>\n<\/div><\/details>\n<\/div><\/div>\n\n\n\n<div class=\"wp-block-karopharma-free-text pt-large pb-none bg-center bg-cover bg-no-repeat\" style=\"background-image:url()\"><div class=\"free-text-wrapper container max-w-medium text-center\">\n<h2 class=\"wp-block-heading\">Kirkas valkoinen hymy on vain kolmen askeleen p\u00e4\u00e4ss\u00e4:<\/h2>\n<\/div><\/div>\n\n\n\n<section class=\"wp-block-karopharma-usp usp undefined\"><div class=\"usp-wrapper\">\n<section class=\"wp-block-karopharma-usp-single usp-single undefined\"><div class=\"icon\"><svg width=\"21\" height=\"16\" viewBox=\"0 0 21 16\" fill=\"none\" xmlns=\"http:\/\/www.w3.org\/2000\/svg\"><path d=\"M19.2567 0.164742L6.13095 13.2905L1.49056 8.65006C1.2709 8.4304 0.914742 8.4304 0.695039 8.65006L0.164742 9.18036C-0.0549141 9.40001 -0.0549141 9.75617 0.164742 9.97587L5.73321 15.5443C5.95287 15.764 6.30903 15.764 6.52873 15.5443L20.5825 1.4906C20.8021 1.27095 20.8021 0.914789 20.5825 0.695086L20.0521 0.164742C19.8325 -0.0549141 19.4763 -0.0549141 19.2567 0.164742Z\" fill=\"white\"><\/path><\/svg><\/div>\n<h4 class=\"wp-block-heading has-text-align-center is-style-heading-h4\">1. PAINELU<\/h4>\n\n\n\n<p class=\"has-text-align-center is-style-body-text\">Painele muotteja kevyesti, niin mikrohelmet halkeavat.<\/p>\n<\/section>\n\n\n\n<section class=\"wp-block-karopharma-usp-single usp-single undefined\"><div class=\"icon\"><svg width=\"21\" height=\"16\" viewBox=\"0 0 21 16\" fill=\"none\" xmlns=\"http:\/\/www.w3.org\/2000\/svg\"><path d=\"M19.2567 0.164742L6.13095 13.2905L1.49056 8.65006C1.2709 8.4304 0.914742 8.4304 0.695039 8.65006L0.164742 9.18036C-0.0549141 9.40001 -0.0549141 9.75617 0.164742 9.97587L5.73321 15.5443C5.95287 15.764 6.30903 15.764 6.52873 15.5443L20.5825 1.4906C20.8021 1.27095 20.8021 0.914789 20.5825 0.695086L20.0521 0.164742C19.8325 -0.0549141 19.4763 -0.0549141 19.2567 0.164742Z\" fill=\"white\"><\/path><\/svg><\/div>\n<h4 class=\"wp-block-heading has-text-align-center is-style-heading-h4\">2. AKTIVOINTI<\/h4>\n\n\n\n<p class=\"has-text-align-center is-style-body-text\">Mikrohelmien kapseloidut tehoaineet vapautuvat.<\/p>\n<\/section>\n\n\n\n<section class=\"wp-block-karopharma-usp-single usp-single undefined\"><div class=\"icon\"><svg width=\"21\" height=\"16\" viewBox=\"0 0 21 16\" fill=\"none\" xmlns=\"http:\/\/www.w3.org\/2000\/svg\"><path d=\"M19.2567 0.164742L6.13095 13.2905L1.49056 8.65006C1.2709 8.4304 0.914742 8.4304 0.695039 8.65006L0.164742 9.18036C-0.0549141 9.40001 -0.0549141 9.75617 0.164742 9.97587L5.73321 15.5443C5.95287 15.764 6.30903 15.764 6.52873 15.5443L20.5825 1.4906C20.8021 1.27095 20.8021 0.914789 20.5825 0.695086L20.0521 0.164742C19.8325 -0.0549141 19.4763 -0.0549141 19.2567 0.164742Z\" fill=\"white\"><\/path><\/svg><\/div>\n<h4 class=\"wp-block-heading has-text-align-center is-style-heading-h4\">3. RESULT<\/h4>\n\n\n\n<p class=\"has-text-align-center is-style-body-text\">iWhite-valkaisugeeli + mikrohelmet = HUIKEITA TULOKSIA! Odota 20 minuuttia ja totea v\u00e4lit\u00f6n vaikutus omin silmin!<\/p>\n<\/section>\n<\/div><\/section>\n\n\n\n<div class=\"wp-block-karopharma-free-text pt-large pb-none bg-center bg-cover bg-no-repeat\" style=\"background-image:url()\"><div class=\"free-text-wrapper container max-w-medium text-center\">\n<h3 class=\"wp-block-heading is-style-heading-h2 has-primary-color has-text-color\">Saatat my\u00f6s pit\u00e4\u00e4<\/h3>\n<\/div><\/div>\n","protected":false},"excerpt":{"rendered":"<p>Valkaisumuotit kahvin, teen, tupakan ja punaviinin aiheuttamien v\u00e4rj\u00e4ymien valkaisuun<\/p>\n","protected":false},"featured_media":136,"comment_status":"closed","ping_status":"closed","template":"","meta":{"_acf_changed":false,"footnotes":""},"product_brand":[],"product_cat":[20],"product_tag":[],"class_list":{"0":"post-102","1":"product","2":"type-product","3":"status-publish","4":"has-post-thumbnail","6":"product_cat-valkaisusetit","8":"first","9":"instock","10":"shipping-taxable","11":"product-type-simple"},"acf":[],"yoast_head":"<!-- This site is optimized with the Yoast SEO plugin v26.6 - https:\/\/yoast.com\/wordpress\/plugins\/seo\/ -->\n<title>iWhite Dark Stains valkaisumuotit - iWhite<\/title>\n<meta name=\"description\" content=\"Viini, kahvi, tee ja tupakka voivat aiheuttaa v\u00e4rimuutoksia hampaisiin. Koska v\u00e4rj\u00e4ytyneet hampaat eiv\u00e4t ole kenenk\u00e4\u00e4n mieleen, iWhite on kehitt\u00e4nyt ainutlaatuisen aktiivihiilt\u00e4 sis\u00e4lt\u00e4v\u00e4n iWhite Dark Stains\" \/>\n<meta name=\"robots\" content=\"index, follow, max-snippet:-1, max-image-preview:large, max-video-preview:-1\" \/>\n<link rel=\"canonical\" href=\"https:\/\/iwhiteinstant.com\/fi\/tuote\/iwhite-dark-stains-valkaisumuotit\/\" \/>\n<meta property=\"og:locale\" content=\"fi_FI\" \/>\n<meta property=\"og:type\" content=\"article\" \/>\n<meta property=\"og:title\" content=\"iWhite Dark Stains valkaisumuotit - iWhite\" \/>\n<meta property=\"og:description\" content=\"Viini, kahvi, tee ja tupakka voivat aiheuttaa v\u00e4rimuutoksia hampaisiin. Koska v\u00e4rj\u00e4ytyneet hampaat eiv\u00e4t ole kenenk\u00e4\u00e4n mieleen, iWhite on kehitt\u00e4nyt ainutlaatuisen aktiivihiilt\u00e4 sis\u00e4lt\u00e4v\u00e4n iWhite Dark Stains\" \/>\n<meta property=\"og:url\" content=\"https:\/\/iwhiteinstant.com\/fi\/tuote\/iwhite-dark-stains-valkaisumuotit\/\" \/>\n<meta property=\"og:site_name\" content=\"iWhite\" \/>\n<meta property=\"article:modified_time\" content=\"2026-02-20T09:05:12+00:00\" \/>\n<meta property=\"og:image\" content=\"https:\/\/iwhiteinstant.com\/app\/uploads\/sites\/6\/2024\/08\/iWhite-Dark-stains-whitening-kit.png\" \/>\n\t<meta property=\"og:image:width\" content=\"800\" \/>\n\t<meta property=\"og:image:height\" content=\"800\" \/>\n\t<meta property=\"og:image:type\" content=\"image\/png\" \/>\n<meta name=\"twitter:card\" content=\"summary_large_image\" \/>\n<meta name=\"twitter:label1\" content=\"Est. reading time\" \/>\n\t<meta name=\"twitter:data1\" content=\"4 minutes\" \/>\n<script type=\"application\/ld+json\" class=\"yoast-schema-graph\">{\"@context\":\"https:\/\/schema.org\",\"@graph\":[{\"@type\":\"WebPage\",\"@id\":\"https:\/\/iwhiteinstant.com\/fi\/tuote\/iwhite-dark-stains-valkaisumuotit\/\",\"url\":\"https:\/\/iwhiteinstant.com\/fi\/tuote\/iwhite-dark-stains-valkaisumuotit\/\",\"name\":\"iWhite Dark Stains valkaisumuotit - iWhite\",\"isPartOf\":{\"@id\":\"https:\/\/iwhiteinstant.com\/fi\/#website\"},\"primaryImageOfPage\":{\"@id\":\"https:\/\/iwhiteinstant.com\/fi\/tuote\/iwhite-dark-stains-valkaisumuotit\/#primaryimage\"},\"image\":{\"@id\":\"https:\/\/iwhiteinstant.com\/fi\/tuote\/iwhite-dark-stains-valkaisumuotit\/#primaryimage\"},\"thumbnailUrl\":\"https:\/\/iwhiteinstant.com\/app\/uploads\/sites\/6\/2024\/08\/iWhite-Dark-stains-whitening-kit.png\",\"datePublished\":\"2024-08-19T08:31:15+00:00\",\"dateModified\":\"2026-02-20T09:05:12+00:00\",\"description\":\"Viini, kahvi, tee ja tupakka voivat aiheuttaa v\u00e4rimuutoksia hampaisiin. Koska v\u00e4rj\u00e4ytyneet hampaat eiv\u00e4t ole kenenk\u00e4\u00e4n mieleen, iWhite on kehitt\u00e4nyt ainutlaatuisen aktiivihiilt\u00e4 sis\u00e4lt\u00e4v\u00e4n iWhite Dark Stains\",\"breadcrumb\":{\"@id\":\"https:\/\/iwhiteinstant.com\/fi\/tuote\/iwhite-dark-stains-valkaisumuotit\/#breadcrumb\"},\"inLanguage\":\"fi-FI\",\"potentialAction\":[{\"@type\":\"ReadAction\",\"target\":[\"https:\/\/iwhiteinstant.com\/fi\/tuote\/iwhite-dark-stains-valkaisumuotit\/\"]}]},{\"@type\":\"ImageObject\",\"inLanguage\":\"fi-FI\",\"@id\":\"https:\/\/iwhiteinstant.com\/fi\/tuote\/iwhite-dark-stains-valkaisumuotit\/#primaryimage\",\"url\":\"https:\/\/iwhiteinstant.com\/app\/uploads\/sites\/6\/2024\/08\/iWhite-Dark-stains-whitening-kit.png\",\"contentUrl\":\"https:\/\/iwhiteinstant.com\/app\/uploads\/sites\/6\/2024\/08\/iWhite-Dark-stains-whitening-kit.png\",\"width\":800,\"height\":800,\"caption\":\"iWhite-Dark-stains-whitening-kit\"},{\"@type\":\"BreadcrumbList\",\"@id\":\"https:\/\/iwhiteinstant.com\/fi\/tuote\/iwhite-dark-stains-valkaisumuotit\/#breadcrumb\",\"itemListElement\":[{\"@type\":\"ListItem\",\"position\":1,\"name\":\"Home\",\"item\":\"https:\/\/iwhiteinstant.com\/fi\/\"},{\"@type\":\"ListItem\",\"position\":2,\"name\":\"Tuotevalikoima\",\"item\":\"https:\/\/iwhiteinstant.com\/fi\/iwhite-tuotevalikoima\/\"},{\"@type\":\"ListItem\",\"position\":3,\"name\":\"iWhite Dark Stains valkaisumuotit\"}]},{\"@type\":\"WebSite\",\"@id\":\"https:\/\/iwhiteinstant.com\/fi\/#website\",\"url\":\"https:\/\/iwhiteinstant.com\/fi\/\",\"name\":\"iWhite\",\"description\":\"\",\"publisher\":{\"@id\":\"https:\/\/iwhiteinstant.com\/fi\/#organization\"},\"potentialAction\":[{\"@type\":\"SearchAction\",\"target\":{\"@type\":\"EntryPoint\",\"urlTemplate\":\"https:\/\/iwhiteinstant.com\/fi\/?s={search_term_string}\"},\"query-input\":{\"@type\":\"PropertyValueSpecification\",\"valueRequired\":true,\"valueName\":\"search_term_string\"}}],\"inLanguage\":\"fi-FI\"},{\"@type\":\"Organization\",\"@id\":\"https:\/\/iwhiteinstant.com\/fi\/#organization\",\"name\":\"iWhite\",\"url\":\"https:\/\/iwhiteinstant.com\/fi\/\",\"logo\":{\"@type\":\"ImageObject\",\"inLanguage\":\"fi-FI\",\"@id\":\"https:\/\/iwhiteinstant.com\/fi\/#\/schema\/logo\/image\/\",\"url\":\"https:\/\/iwhiteinstant.com\/app\/uploads\/sites\/6\/2024\/08\/Iwhite-logo.png\",\"contentUrl\":\"https:\/\/iwhiteinstant.com\/app\/uploads\/sites\/6\/2024\/08\/Iwhite-logo.png\",\"width\":160,\"height\":40,\"caption\":\"iWhite\"},\"image\":{\"@id\":\"https:\/\/iwhiteinstant.com\/fi\/#\/schema\/logo\/image\/\"}}]}<\/script>\n<!-- \/ Yoast SEO plugin. -->","yoast_head_json":{"title":"iWhite Dark Stains valkaisumuotit - iWhite","description":"Viini, kahvi, tee ja tupakka voivat aiheuttaa v\u00e4rimuutoksia hampaisiin. Koska v\u00e4rj\u00e4ytyneet hampaat eiv\u00e4t ole kenenk\u00e4\u00e4n mieleen, iWhite on kehitt\u00e4nyt ainutlaatuisen aktiivihiilt\u00e4 sis\u00e4lt\u00e4v\u00e4n iWhite Dark Stains","robots":{"index":"index","follow":"follow","max-snippet":"max-snippet:-1","max-image-preview":"max-image-preview:large","max-video-preview":"max-video-preview:-1"},"canonical":"https:\/\/iwhiteinstant.com\/fi\/tuote\/iwhite-dark-stains-valkaisumuotit\/","og_locale":"fi_FI","og_type":"article","og_title":"iWhite Dark Stains valkaisumuotit - iWhite","og_description":"Viini, kahvi, tee ja tupakka voivat aiheuttaa v\u00e4rimuutoksia hampaisiin. Koska v\u00e4rj\u00e4ytyneet hampaat eiv\u00e4t ole kenenk\u00e4\u00e4n mieleen, iWhite on kehitt\u00e4nyt ainutlaatuisen aktiivihiilt\u00e4 sis\u00e4lt\u00e4v\u00e4n iWhite Dark Stains","og_url":"https:\/\/iwhiteinstant.com\/fi\/tuote\/iwhite-dark-stains-valkaisumuotit\/","og_site_name":"iWhite","article_modified_time":"2026-02-20T09:05:12+00:00","og_image":[{"width":800,"height":800,"url":"https:\/\/iwhiteinstant.com\/app\/uploads\/sites\/6\/2024\/08\/iWhite-Dark-stains-whitening-kit.png","type":"image\/png"}],"twitter_card":"summary_large_image","twitter_misc":{"Est. reading time":"4 minutes"},"schema":{"@context":"https:\/\/schema.org","@graph":[{"@type":"WebPage","@id":"https:\/\/iwhiteinstant.com\/fi\/tuote\/iwhite-dark-stains-valkaisumuotit\/","url":"https:\/\/iwhiteinstant.com\/fi\/tuote\/iwhite-dark-stains-valkaisumuotit\/","name":"iWhite Dark Stains valkaisumuotit - iWhite","isPartOf":{"@id":"https:\/\/iwhiteinstant.com\/fi\/#website"},"primaryImageOfPage":{"@id":"https:\/\/iwhiteinstant.com\/fi\/tuote\/iwhite-dark-stains-valkaisumuotit\/#primaryimage"},"image":{"@id":"https:\/\/iwhiteinstant.com\/fi\/tuote\/iwhite-dark-stains-valkaisumuotit\/#primaryimage"},"thumbnailUrl":"https:\/\/iwhiteinstant.com\/app\/uploads\/sites\/6\/2024\/08\/iWhite-Dark-stains-whitening-kit.png","datePublished":"2024-08-19T08:31:15+00:00","dateModified":"2026-02-20T09:05:12+00:00","description":"Viini, kahvi, tee ja tupakka voivat aiheuttaa v\u00e4rimuutoksia hampaisiin. Koska v\u00e4rj\u00e4ytyneet hampaat eiv\u00e4t ole kenenk\u00e4\u00e4n mieleen, iWhite on kehitt\u00e4nyt ainutlaatuisen aktiivihiilt\u00e4 sis\u00e4lt\u00e4v\u00e4n iWhite Dark Stains","breadcrumb":{"@id":"https:\/\/iwhiteinstant.com\/fi\/tuote\/iwhite-dark-stains-valkaisumuotit\/#breadcrumb"},"inLanguage":"fi-FI","potentialAction":[{"@type":"ReadAction","target":["https:\/\/iwhiteinstant.com\/fi\/tuote\/iwhite-dark-stains-valkaisumuotit\/"]}]},{"@type":"ImageObject","inLanguage":"fi-FI","@id":"https:\/\/iwhiteinstant.com\/fi\/tuote\/iwhite-dark-stains-valkaisumuotit\/#primaryimage","url":"https:\/\/iwhiteinstant.com\/app\/uploads\/sites\/6\/2024\/08\/iWhite-Dark-stains-whitening-kit.png","contentUrl":"https:\/\/iwhiteinstant.com\/app\/uploads\/sites\/6\/2024\/08\/iWhite-Dark-stains-whitening-kit.png","width":800,"height":800,"caption":"iWhite-Dark-stains-whitening-kit"},{"@type":"BreadcrumbList","@id":"https:\/\/iwhiteinstant.com\/fi\/tuote\/iwhite-dark-stains-valkaisumuotit\/#breadcrumb","itemListElement":[{"@type":"ListItem","position":1,"name":"Home","item":"https:\/\/iwhiteinstant.com\/fi\/"},{"@type":"ListItem","position":2,"name":"Tuotevalikoima","item":"https:\/\/iwhiteinstant.com\/fi\/iwhite-tuotevalikoima\/"},{"@type":"ListItem","position":3,"name":"iWhite Dark Stains valkaisumuotit"}]},{"@type":"WebSite","@id":"https:\/\/iwhiteinstant.com\/fi\/#website","url":"https:\/\/iwhiteinstant.com\/fi\/","name":"iWhite","description":"","publisher":{"@id":"https:\/\/iwhiteinstant.com\/fi\/#organization"},"potentialAction":[{"@type":"SearchAction","target":{"@type":"EntryPoint","urlTemplate":"https:\/\/iwhiteinstant.com\/fi\/?s={search_term_string}"},"query-input":{"@type":"PropertyValueSpecification","valueRequired":true,"valueName":"search_term_string"}}],"inLanguage":"fi-FI"},{"@type":"Organization","@id":"https:\/\/iwhiteinstant.com\/fi\/#organization","name":"iWhite","url":"https:\/\/iwhiteinstant.com\/fi\/","logo":{"@type":"ImageObject","inLanguage":"fi-FI","@id":"https:\/\/iwhiteinstant.com\/fi\/#\/schema\/logo\/image\/","url":"https:\/\/iwhiteinstant.com\/app\/uploads\/sites\/6\/2024\/08\/Iwhite-logo.png","contentUrl":"https:\/\/iwhiteinstant.com\/app\/uploads\/sites\/6\/2024\/08\/Iwhite-logo.png","width":160,"height":40,"caption":"iWhite"},"image":{"@id":"https:\/\/iwhiteinstant.com\/fi\/#\/schema\/logo\/image\/"}}]}},"_links":{"self":[{"href":"https:\/\/iwhiteinstant.com\/fi\/wp-json\/wp\/v2\/product\/102","targetHints":{"allow":["GET"]}}],"collection":[{"href":"https:\/\/iwhiteinstant.com\/fi\/wp-json\/wp\/v2\/product"}],"about":[{"href":"https:\/\/iwhiteinstant.com\/fi\/wp-json\/wp\/v2\/types\/product"}],"replies":[{"embeddable":true,"href":"https:\/\/iwhiteinstant.com\/fi\/wp-json\/wp\/v2\/comments?post=102"}],"version-history":[{"count":9,"href":"https:\/\/iwhiteinstant.com\/fi\/wp-json\/wp\/v2\/product\/102\/revisions"}],"predecessor-version":[{"id":351,"href":"https:\/\/iwhiteinstant.com\/fi\/wp-json\/wp\/v2\/product\/102\/revisions\/351"}],"wp:featuredmedia":[{"embeddable":true,"href":"https:\/\/iwhiteinstant.com\/fi\/wp-json\/wp\/v2\/media\/136"}],"wp:attachment":[{"href":"https:\/\/iwhiteinstant.com\/fi\/wp-json\/wp\/v2\/media?parent=102"}],"wp:term":[{"taxonomy":"product_brand","embeddable":true,"href":"https:\/\/iwhiteinstant.com\/fi\/wp-json\/wp\/v2\/product_brand?post=102"},{"taxonomy":"product_cat","embeddable":true,"href":"https:\/\/iwhiteinstant.com\/fi\/wp-json\/wp\/v2\/product_cat?post=102"},{"taxonomy":"product_tag","embeddable":true,"href":"https:\/\/iwhiteinstant.com\/fi\/wp-json\/wp\/v2\/product_tag?post=102"}],"curies":[{"name":"wp","href":"https:\/\/api.w.org\/{rel}","templated":true}]}}