{"id":329,"date":"2025-08-13T09:50:05","date_gmt":"2025-08-13T06:50:05","guid":{"rendered":"https:\/\/iwhiteinstant.com\/fi\/?post_type=product&#038;p=329"},"modified":"2026-02-20T11:06:48","modified_gmt":"2026-02-20T09:06:48","slug":"iwhite-colour-correcting-serum","status":"publish","type":"product","link":"https:\/\/iwhiteinstant.com\/fi\/tuote\/iwhite-colour-correcting-serum\/","title":{"rendered":"iWhite Colour Correcting Serum+"},"content":{"rendered":"\n<section class=\"wp-block-karopharma-image-with-text image-with-text image-with-text__not-full-width\"><div class=\"image-with-text-container \"><div class=\"image-with-text-container-image-container\"><img decoding=\"async\" loading=\"lazy\" src=\"https:\/\/iwhiteinstant.com\/cdn-cgi\/image\/format=auto\/app\/uploads\/sites\/6\/2025\/08\/colour-correcting-2.jpg\" alt=\"colour-correcting-2\"\/><\/div><div class=\"image-with-text-container-content\" style=\"text-align:left\" data-test=\"content\"><div class=\"content\"><h2>Nopea ja pitk\u00e4kestoinen<\/h2><p class=\"body\" data-test=\"body\">iWhite colour correcting Serum+ sis\u00e4lt\u00e4\u00e4 Blue Colour Correcting -teknologian, hydroksiapatiitin ja PAP-teknologian yhdistelm\u00e4n, joka takaa nopean ja pitk\u00e4kestoisen valkaisevan vaikutuksen.<br><br><strong>\u2022<\/strong> Ei sis\u00e4ll\u00e4 peroksideja<br><strong>\u2022<\/strong> Helppo k\u00e4ytt\u00e4\u00e4 hammasharjan avulla<br><strong>\u2022<\/strong> Sopii p\u00e4ivitt\u00e4iseen k\u00e4ytt\u00f6\u00f6n<br><br>Harjaa hampaita seerumilla py\u00f6rivin liikkein 30 sekunnin ajan. Huuhtele hyvin. Hymyile!<br><br><strong>Kolmitehoinen teknologia valkaisee ja kirkastaa hymysi:<br><\/strong>iWhite on edell\u00e4k\u00e4vij\u00e4 vetyperoksidittomassa hampaiden valkaisussa. iWhite Serum+ hy\u00f6dynt\u00e4\u00e4 kolmea tehokasta teknologiaa: Blue Colour Correcting -teknologia (Sininen v\u00e4rinkorjausteknologia), PAP, Hydroksiapatiitti<\/p>\n<div class=\"wp-block-buttons is-layout-flex wp-block-buttons-is-layout-flex\"><\/div>\n<\/div><\/div><\/div><\/section>\n\n\n\n<div class=\"wp-block-karopharma-accordions is-style-secondary\"><div class=\"container\">\n<details class=\"wp-block-karopharma-accordion\"><summary><h2 class=\"accordion-title\">Mik\u00e4 on Blue Covarine?<\/h2><\/summary><div class=\"accordion-content\">\n<p>Blue Colour Correcting -teknologian vaikutus perustuu Blue Covarine -pigmenttiin<\/p>\n\n\n\n<ul class=\"wp-block-list is-style-default\">\n<li>Uudenlainen l\u00e4hestymistapa hampaiden valkaisuun<\/li>\n\n\n\n<li>Luo v\u00e4litt\u00f6m\u00e4n optisen valkoisemman vaikutelman<\/li>\n\n\n\n<li>Kiinnittyy hampaan pinnalle ja muuttaa sen valonheijastusta \u2192 optinen valkaisu<\/li>\n<\/ul>\n\n\n\n<p class=\"is-style-paragraph-small\"><em>Joiner et al. A novel optical approach to achieving tooth whitening. J Dent. 2008;36 Suppl 1:S8-14.<\/em><\/p>\n<\/div><\/details>\n\n\n\n<details class=\"wp-block-karopharma-accordion\"><summary><h2 class=\"accordion-title\">Mik\u00e4 on PAP?<\/h2><\/summary><div class=\"accordion-content\">\n<p>Pitk\u00e4kestoinen vaikutus PAP-teknologian ansiosta<\/p>\n\n\n\n<ol class=\"wp-block-list\">\n<li>Hell\u00e4varainen hapettava aine, jolla on hampaiden valkaiseva ja plakin muodostumista est\u00e4v\u00e4 vaikutus<\/li>\n\n\n\n<li>Hyv\u00e4ksytty kosmeettinen ainesosa, jolla ei ole enimm\u00e4ispitoisuusrajoitusta<\/li>\n<\/ol>\n\n\n\n<p class=\"is-style-paragraph-body-text\">Yksinkertaistettuna: PAP hajottaa v\u00e4rj\u00e4ymien molekyylisidoksia, jolloin v\u00e4rj\u00e4ytym\u00e4t poistuvat hampaan pinnalta.<\/p>\n<\/div><\/details>\n\n\n\n<details class=\"wp-block-karopharma-accordion\"><summary><h2 class=\"accordion-title\">Mik\u00e4 on hydroksiapatiitti?<\/h2><\/summary><div class=\"accordion-content\">\n<p>Hydroksiapatiitti on luonnollinen mineraali ja ihmisen luuston t\u00e4rkein rakennusaine.<\/p>\n\n\n\n<p>iWhite Serum+ sis\u00e4lt\u00e4\u00e4 bioadheesiivisia hydroksiapatiittikristalleja, jotka sitoutuvat hammaskiilteeseen ja auttavat palauttamaan hampaan pinnan luonnollisen rakenteen.<\/p>\n<\/div><\/details>\n<\/div><\/div>\n\n\n\n<div class=\"wp-block-karopharma-free-text pt-large pb-none bg-center bg-cover bg-no-repeat\" style=\"background-image:url()\"><div class=\"free-text-wrapper container max-w-medium text-left\">\n<h2 class=\"wp-block-heading has-text-align-center\">K\u00e4ytt\u00f6ohje<\/h2>\n<\/div><\/div>\n\n\n\n<section class=\"wp-block-karopharma-usp usp undefined\"><div class=\"usp-wrapper\">\n<section class=\"wp-block-karopharma-usp-single usp-single undefined\"><div class=\"icon\"><svg width=\"21\" height=\"16\" viewBox=\"0 0 21 16\" fill=\"none\" xmlns=\"http:\/\/www.w3.org\/2000\/svg\"><path d=\"M19.2567 0.164742L6.13095 13.2905L1.49056 8.65006C1.2709 8.4304 0.914742 8.4304 0.695039 8.65006L0.164742 9.18036C-0.0549141 9.40001 -0.0549141 9.75617 0.164742 9.97587L5.73321 15.5443C5.95287 15.764 6.30903 15.764 6.52873 15.5443L20.5825 1.4906C20.8021 1.27095 20.8021 0.914789 20.5825 0.695086L20.0521 0.164742C19.8325 -0.0549141 19.4763 -0.0549141 19.2567 0.164742Z\" fill=\"white\"><\/path><\/svg><\/div>\n<h4 class=\"wp-block-heading has-text-align-center is-style-heading-h4\">1.<\/h4>\n\n\n\n<p class=\"has-text-align-center is-style-body-text\">Harjaa ensin hampaat tavalliseen tapaan tavallisella hammastahnalla.<\/p>\n<\/section>\n\n\n\n<section class=\"wp-block-karopharma-usp-single usp-single undefined\"><div class=\"icon\"><svg width=\"21\" height=\"16\" viewBox=\"0 0 21 16\" fill=\"none\" xmlns=\"http:\/\/www.w3.org\/2000\/svg\"><path d=\"M19.2567 0.164742L6.13095 13.2905L1.49056 8.65006C1.2709 8.4304 0.914742 8.4304 0.695039 8.65006L0.164742 9.18036C-0.0549141 9.40001 -0.0549141 9.75617 0.164742 9.97587L5.73321 15.5443C5.95287 15.764 6.30903 15.764 6.52873 15.5443L20.5825 1.4906C20.8021 1.27095 20.8021 0.914789 20.5825 0.695086L20.0521 0.164742C19.8325 -0.0549141 19.4763 -0.0549141 19.2567 0.164742Z\" fill=\"white\"><\/path><\/svg><\/div>\n<h4 class=\"wp-block-heading has-text-align-center is-style-heading-h4\">2.<\/h4>\n\n\n\n<p class=\"has-text-align-center is-style-body-text\">Annostele kaksi painallusta iWhite Serum+ -seerumia pehme\u00e4harjaksiselle hammasharjalle.<\/p>\n<\/section>\n\n\n\n<section class=\"wp-block-karopharma-usp-single usp-single undefined\"><div class=\"icon\"><svg width=\"21\" height=\"16\" viewBox=\"0 0 21 16\" fill=\"none\" xmlns=\"http:\/\/www.w3.org\/2000\/svg\"><path d=\"M19.2567 0.164742L6.13095 13.2905L1.49056 8.65006C1.2709 8.4304 0.914742 8.4304 0.695039 8.65006L0.164742 9.18036C-0.0549141 9.40001 -0.0549141 9.75617 0.164742 9.97587L5.73321 15.5443C5.95287 15.764 6.30903 15.764 6.52873 15.5443L20.5825 1.4906C20.8021 1.27095 20.8021 0.914789 20.5825 0.695086L20.0521 0.164742C19.8325 -0.0549141 19.4763 -0.0549141 19.2567 0.164742Z\" fill=\"white\"><\/path><\/svg><\/div>\n<h4 class=\"wp-block-heading has-text-align-center is-style-heading-h4\">3.<\/h4>\n\n\n\n<p class=\"has-text-align-center is-style-body-text\">Ilman vett\u00e4, harjaa hampaita kevyin py\u00f6rivin liikkein noin 30 sekunnin ajan.<\/p>\n<\/section>\n\n\n\n<section class=\"wp-block-karopharma-usp-single usp-single undefined\"><div class=\"icon\"><svg width=\"21\" height=\"16\" viewBox=\"0 0 21 16\" fill=\"none\" xmlns=\"http:\/\/www.w3.org\/2000\/svg\"><path d=\"M19.2567 0.164742L6.13095 13.2905L1.49056 8.65006C1.2709 8.4304 0.914742 8.4304 0.695039 8.65006L0.164742 9.18036C-0.0549141 9.40001 -0.0549141 9.75617 0.164742 9.97587L5.73321 15.5443C5.95287 15.764 6.30903 15.764 6.52873 15.5443L20.5825 1.4906C20.8021 1.27095 20.8021 0.914789 20.5825 0.695086L20.0521 0.164742C19.8325 -0.0549141 19.4763 -0.0549141 19.2567 0.164742Z\" fill=\"white\"><\/path><\/svg><\/div>\n<h4 class=\"wp-block-heading has-text-align-center is-style-heading-h4\">4.<\/h4>\n\n\n\n<p class=\"has-text-align-center is-style-body-text\">Huuhtele suu vedell\u00e4.<\/p>\n<\/section>\n<\/div><\/section>\n","protected":false},"excerpt":{"rendered":"<p>Valkoisemmat hampaat v\u00e4litt\u00f6m\u00e4sti ja pik\u00e4kestoisesti<\/p>\n","protected":false},"featured_media":330,"comment_status":"closed","ping_status":"closed","template":"","meta":{"_acf_changed":false,"footnotes":""},"product_brand":[],"product_cat":[24],"product_tag":[],"class_list":{"0":"post-329","1":"product","2":"type-product","3":"status-publish","4":"has-post-thumbnail","6":"product_cat-paivittainen-valkaisu","8":"first","9":"instock","10":"shipping-taxable","11":"product-type-simple"},"acf":[],"yoast_head":"<!-- This site is optimized with the Yoast SEO plugin v26.6 - https:\/\/yoast.com\/wordpress\/plugins\/seo\/ -->\n<title>iWhite Colour Correcting Serum+ - iWhite<\/title>\n<meta name=\"description\" content=\"Kun etsit nopeaa, hammasyst\u00e4v\u00e4llist\u00e4 ja edullista tapaa saada hymyst\u00e4si kirkkaampi ja raikkaampi.\" \/>\n<meta name=\"robots\" content=\"index, follow, max-snippet:-1, max-image-preview:large, max-video-preview:-1\" \/>\n<link rel=\"canonical\" href=\"https:\/\/iwhiteinstant.com\/fi\/tuote\/iwhite-colour-correcting-serum\/\" \/>\n<meta property=\"og:locale\" content=\"fi_FI\" \/>\n<meta property=\"og:type\" content=\"article\" \/>\n<meta property=\"og:title\" content=\"iWhite Colour Correcting Serum+ - iWhite\" \/>\n<meta property=\"og:description\" content=\"Kun etsit nopeaa, hammasyst\u00e4v\u00e4llist\u00e4 ja edullista tapaa saada hymyst\u00e4si kirkkaampi ja raikkaampi.\" \/>\n<meta property=\"og:url\" content=\"https:\/\/iwhiteinstant.com\/fi\/tuote\/iwhite-colour-correcting-serum\/\" \/>\n<meta property=\"og:site_name\" content=\"iWhite\" \/>\n<meta property=\"article:modified_time\" content=\"2026-02-20T09:06:48+00:00\" \/>\n<meta property=\"og:image\" content=\"https:\/\/iwhiteinstant.com\/app\/uploads\/sites\/6\/2025\/08\/iWhite-Colour-Correcting-Serum-30ml-EN-SE-FI-FR-DE-NL-IT-Packshot.png\" \/>\n\t<meta property=\"og:image:width\" content=\"800\" \/>\n\t<meta property=\"og:image:height\" content=\"800\" \/>\n\t<meta property=\"og:image:type\" content=\"image\/png\" \/>\n<meta name=\"twitter:card\" content=\"summary_large_image\" \/>\n<meta name=\"twitter:label1\" content=\"Est. reading time\" \/>\n\t<meta name=\"twitter:data1\" content=\"2 minutes\" \/>\n<script type=\"application\/ld+json\" class=\"yoast-schema-graph\">{\"@context\":\"https:\/\/schema.org\",\"@graph\":[{\"@type\":\"WebPage\",\"@id\":\"https:\/\/iwhiteinstant.com\/fi\/tuote\/iwhite-colour-correcting-serum\/\",\"url\":\"https:\/\/iwhiteinstant.com\/fi\/tuote\/iwhite-colour-correcting-serum\/\",\"name\":\"iWhite Colour Correcting Serum+ - iWhite\",\"isPartOf\":{\"@id\":\"https:\/\/iwhiteinstant.com\/fi\/#website\"},\"primaryImageOfPage\":{\"@id\":\"https:\/\/iwhiteinstant.com\/fi\/tuote\/iwhite-colour-correcting-serum\/#primaryimage\"},\"image\":{\"@id\":\"https:\/\/iwhiteinstant.com\/fi\/tuote\/iwhite-colour-correcting-serum\/#primaryimage\"},\"thumbnailUrl\":\"https:\/\/iwhiteinstant.com\/app\/uploads\/sites\/6\/2025\/08\/iWhite-Colour-Correcting-Serum-30ml-EN-SE-FI-FR-DE-NL-IT-Packshot.png\",\"datePublished\":\"2025-08-13T06:50:05+00:00\",\"dateModified\":\"2026-02-20T09:06:48+00:00\",\"description\":\"Kun etsit nopeaa, hammasyst\u00e4v\u00e4llist\u00e4 ja edullista tapaa saada hymyst\u00e4si kirkkaampi ja raikkaampi.\",\"breadcrumb\":{\"@id\":\"https:\/\/iwhiteinstant.com\/fi\/tuote\/iwhite-colour-correcting-serum\/#breadcrumb\"},\"inLanguage\":\"fi-FI\",\"potentialAction\":[{\"@type\":\"ReadAction\",\"target\":[\"https:\/\/iwhiteinstant.com\/fi\/tuote\/iwhite-colour-correcting-serum\/\"]}]},{\"@type\":\"ImageObject\",\"inLanguage\":\"fi-FI\",\"@id\":\"https:\/\/iwhiteinstant.com\/fi\/tuote\/iwhite-colour-correcting-serum\/#primaryimage\",\"url\":\"https:\/\/iwhiteinstant.com\/app\/uploads\/sites\/6\/2025\/08\/iWhite-Colour-Correcting-Serum-30ml-EN-SE-FI-FR-DE-NL-IT-Packshot.png\",\"contentUrl\":\"https:\/\/iwhiteinstant.com\/app\/uploads\/sites\/6\/2025\/08\/iWhite-Colour-Correcting-Serum-30ml-EN-SE-FI-FR-DE-NL-IT-Packshot.png\",\"width\":800,\"height\":800,\"caption\":\"iWhite-Colour-Correcting-Serum+-30ml-EN-SE-FI-FR-DE-NL-IT-Packshot\"},{\"@type\":\"BreadcrumbList\",\"@id\":\"https:\/\/iwhiteinstant.com\/fi\/tuote\/iwhite-colour-correcting-serum\/#breadcrumb\",\"itemListElement\":[{\"@type\":\"ListItem\",\"position\":1,\"name\":\"Home\",\"item\":\"https:\/\/iwhiteinstant.com\/fi\/\"},{\"@type\":\"ListItem\",\"position\":2,\"name\":\"Tuotevalikoima\",\"item\":\"https:\/\/iwhiteinstant.com\/fi\/iwhite-tuotevalikoima\/\"},{\"@type\":\"ListItem\",\"position\":3,\"name\":\"iWhite Colour Correcting Serum+\"}]},{\"@type\":\"WebSite\",\"@id\":\"https:\/\/iwhiteinstant.com\/fi\/#website\",\"url\":\"https:\/\/iwhiteinstant.com\/fi\/\",\"name\":\"iWhite\",\"description\":\"\",\"publisher\":{\"@id\":\"https:\/\/iwhiteinstant.com\/fi\/#organization\"},\"potentialAction\":[{\"@type\":\"SearchAction\",\"target\":{\"@type\":\"EntryPoint\",\"urlTemplate\":\"https:\/\/iwhiteinstant.com\/fi\/?s={search_term_string}\"},\"query-input\":{\"@type\":\"PropertyValueSpecification\",\"valueRequired\":true,\"valueName\":\"search_term_string\"}}],\"inLanguage\":\"fi-FI\"},{\"@type\":\"Organization\",\"@id\":\"https:\/\/iwhiteinstant.com\/fi\/#organization\",\"name\":\"iWhite\",\"url\":\"https:\/\/iwhiteinstant.com\/fi\/\",\"logo\":{\"@type\":\"ImageObject\",\"inLanguage\":\"fi-FI\",\"@id\":\"https:\/\/iwhiteinstant.com\/fi\/#\/schema\/logo\/image\/\",\"url\":\"https:\/\/iwhiteinstant.com\/app\/uploads\/sites\/6\/2024\/08\/Iwhite-logo.png\",\"contentUrl\":\"https:\/\/iwhiteinstant.com\/app\/uploads\/sites\/6\/2024\/08\/Iwhite-logo.png\",\"width\":160,\"height\":40,\"caption\":\"iWhite\"},\"image\":{\"@id\":\"https:\/\/iwhiteinstant.com\/fi\/#\/schema\/logo\/image\/\"}}]}<\/script>\n<!-- \/ Yoast SEO plugin. -->","yoast_head_json":{"title":"iWhite Colour Correcting Serum+ - iWhite","description":"Kun etsit nopeaa, hammasyst\u00e4v\u00e4llist\u00e4 ja edullista tapaa saada hymyst\u00e4si kirkkaampi ja raikkaampi.","robots":{"index":"index","follow":"follow","max-snippet":"max-snippet:-1","max-image-preview":"max-image-preview:large","max-video-preview":"max-video-preview:-1"},"canonical":"https:\/\/iwhiteinstant.com\/fi\/tuote\/iwhite-colour-correcting-serum\/","og_locale":"fi_FI","og_type":"article","og_title":"iWhite Colour Correcting Serum+ - iWhite","og_description":"Kun etsit nopeaa, hammasyst\u00e4v\u00e4llist\u00e4 ja edullista tapaa saada hymyst\u00e4si kirkkaampi ja raikkaampi.","og_url":"https:\/\/iwhiteinstant.com\/fi\/tuote\/iwhite-colour-correcting-serum\/","og_site_name":"iWhite","article_modified_time":"2026-02-20T09:06:48+00:00","og_image":[{"width":800,"height":800,"url":"https:\/\/iwhiteinstant.com\/app\/uploads\/sites\/6\/2025\/08\/iWhite-Colour-Correcting-Serum-30ml-EN-SE-FI-FR-DE-NL-IT-Packshot.png","type":"image\/png"}],"twitter_card":"summary_large_image","twitter_misc":{"Est. reading time":"2 minutes"},"schema":{"@context":"https:\/\/schema.org","@graph":[{"@type":"WebPage","@id":"https:\/\/iwhiteinstant.com\/fi\/tuote\/iwhite-colour-correcting-serum\/","url":"https:\/\/iwhiteinstant.com\/fi\/tuote\/iwhite-colour-correcting-serum\/","name":"iWhite Colour Correcting Serum+ - iWhite","isPartOf":{"@id":"https:\/\/iwhiteinstant.com\/fi\/#website"},"primaryImageOfPage":{"@id":"https:\/\/iwhiteinstant.com\/fi\/tuote\/iwhite-colour-correcting-serum\/#primaryimage"},"image":{"@id":"https:\/\/iwhiteinstant.com\/fi\/tuote\/iwhite-colour-correcting-serum\/#primaryimage"},"thumbnailUrl":"https:\/\/iwhiteinstant.com\/app\/uploads\/sites\/6\/2025\/08\/iWhite-Colour-Correcting-Serum-30ml-EN-SE-FI-FR-DE-NL-IT-Packshot.png","datePublished":"2025-08-13T06:50:05+00:00","dateModified":"2026-02-20T09:06:48+00:00","description":"Kun etsit nopeaa, hammasyst\u00e4v\u00e4llist\u00e4 ja edullista tapaa saada hymyst\u00e4si kirkkaampi ja raikkaampi.","breadcrumb":{"@id":"https:\/\/iwhiteinstant.com\/fi\/tuote\/iwhite-colour-correcting-serum\/#breadcrumb"},"inLanguage":"fi-FI","potentialAction":[{"@type":"ReadAction","target":["https:\/\/iwhiteinstant.com\/fi\/tuote\/iwhite-colour-correcting-serum\/"]}]},{"@type":"ImageObject","inLanguage":"fi-FI","@id":"https:\/\/iwhiteinstant.com\/fi\/tuote\/iwhite-colour-correcting-serum\/#primaryimage","url":"https:\/\/iwhiteinstant.com\/app\/uploads\/sites\/6\/2025\/08\/iWhite-Colour-Correcting-Serum-30ml-EN-SE-FI-FR-DE-NL-IT-Packshot.png","contentUrl":"https:\/\/iwhiteinstant.com\/app\/uploads\/sites\/6\/2025\/08\/iWhite-Colour-Correcting-Serum-30ml-EN-SE-FI-FR-DE-NL-IT-Packshot.png","width":800,"height":800,"caption":"iWhite-Colour-Correcting-Serum+-30ml-EN-SE-FI-FR-DE-NL-IT-Packshot"},{"@type":"BreadcrumbList","@id":"https:\/\/iwhiteinstant.com\/fi\/tuote\/iwhite-colour-correcting-serum\/#breadcrumb","itemListElement":[{"@type":"ListItem","position":1,"name":"Home","item":"https:\/\/iwhiteinstant.com\/fi\/"},{"@type":"ListItem","position":2,"name":"Tuotevalikoima","item":"https:\/\/iwhiteinstant.com\/fi\/iwhite-tuotevalikoima\/"},{"@type":"ListItem","position":3,"name":"iWhite Colour Correcting Serum+"}]},{"@type":"WebSite","@id":"https:\/\/iwhiteinstant.com\/fi\/#website","url":"https:\/\/iwhiteinstant.com\/fi\/","name":"iWhite","description":"","publisher":{"@id":"https:\/\/iwhiteinstant.com\/fi\/#organization"},"potentialAction":[{"@type":"SearchAction","target":{"@type":"EntryPoint","urlTemplate":"https:\/\/iwhiteinstant.com\/fi\/?s={search_term_string}"},"query-input":{"@type":"PropertyValueSpecification","valueRequired":true,"valueName":"search_term_string"}}],"inLanguage":"fi-FI"},{"@type":"Organization","@id":"https:\/\/iwhiteinstant.com\/fi\/#organization","name":"iWhite","url":"https:\/\/iwhiteinstant.com\/fi\/","logo":{"@type":"ImageObject","inLanguage":"fi-FI","@id":"https:\/\/iwhiteinstant.com\/fi\/#\/schema\/logo\/image\/","url":"https:\/\/iwhiteinstant.com\/app\/uploads\/sites\/6\/2024\/08\/Iwhite-logo.png","contentUrl":"https:\/\/iwhiteinstant.com\/app\/uploads\/sites\/6\/2024\/08\/Iwhite-logo.png","width":160,"height":40,"caption":"iWhite"},"image":{"@id":"https:\/\/iwhiteinstant.com\/fi\/#\/schema\/logo\/image\/"}}]}},"_links":{"self":[{"href":"https:\/\/iwhiteinstant.com\/fi\/wp-json\/wp\/v2\/product\/329","targetHints":{"allow":["GET"]}}],"collection":[{"href":"https:\/\/iwhiteinstant.com\/fi\/wp-json\/wp\/v2\/product"}],"about":[{"href":"https:\/\/iwhiteinstant.com\/fi\/wp-json\/wp\/v2\/types\/product"}],"replies":[{"embeddable":true,"href":"https:\/\/iwhiteinstant.com\/fi\/wp-json\/wp\/v2\/comments?post=329"}],"version-history":[{"count":6,"href":"https:\/\/iwhiteinstant.com\/fi\/wp-json\/wp\/v2\/product\/329\/revisions"}],"predecessor-version":[{"id":355,"href":"https:\/\/iwhiteinstant.com\/fi\/wp-json\/wp\/v2\/product\/329\/revisions\/355"}],"wp:featuredmedia":[{"embeddable":true,"href":"https:\/\/iwhiteinstant.com\/fi\/wp-json\/wp\/v2\/media\/330"}],"wp:attachment":[{"href":"https:\/\/iwhiteinstant.com\/fi\/wp-json\/wp\/v2\/media?parent=329"}],"wp:term":[{"taxonomy":"product_brand","embeddable":true,"href":"https:\/\/iwhiteinstant.com\/fi\/wp-json\/wp\/v2\/product_brand?post=329"},{"taxonomy":"product_cat","embeddable":true,"href":"https:\/\/iwhiteinstant.com\/fi\/wp-json\/wp\/v2\/product_cat?post=329"},{"taxonomy":"product_tag","embeddable":true,"href":"https:\/\/iwhiteinstant.com\/fi\/wp-json\/wp\/v2\/product_tag?post=329"}],"curies":[{"name":"wp","href":"https:\/\/api.w.org\/{rel}","templated":true}]}}