{"id":90,"date":"2024-08-19T11:28:53","date_gmt":"2024-08-19T08:28:53","guid":{"rendered":"https:\/\/iwhiteinstant.com\/fi\/?post_type=product&#038;p=90"},"modified":"2026-02-20T11:05:07","modified_gmt":"2026-02-20T09:05:07","slug":"iwhite-superior-valkaisumuotit","status":"publish","type":"product","link":"https:\/\/iwhiteinstant.com\/fi\/tuote\/iwhite-superior-valkaisumuotit\/","title":{"rendered":"iWhite Superior valkaisumuotit"},"content":{"rendered":"\n<div style=\"height:100px\" aria-hidden=\"true\" class=\"wp-block-spacer is-style-responsive-small\"><\/div>\n\n\n\n<section class=\"wp-block-karopharma-image-with-text image-with-text image-with-text__not-full-width is-style-primary\"><div class=\"image-with-text-container \"><div class=\"image-with-text-container-image-container\"><img decoding=\"async\" loading=\"lazy\" src=\"https:\/\/iwhiteinstant.com\/cdn-cgi\/image\/format=auto\/app\/uploads\/sites\/6\/2024\/08\/superior-image.jpg\" alt=\"superior-image\"\/><\/div><div class=\"image-with-text-container-content\" style=\"text-align:left\" data-test=\"content\"><div class=\"content\"><h2>Helppok\u00e4ytt\u00f6inen<\/h2><p class=\"body\" data-test=\"body\">Ammattilaistason kotik\u00e4sittely on eritt\u00e4in helppok\u00e4ytt\u00f6inen. Kertak\u00e4ytt\u00f6iset iWhite-muotit ovat ohuita ja joustavia, joten ne istuvat hyvin ja toimivat tehokkaasti. iWhite-muottien uusi ja tehokas valkaisugeeli sis\u00e4lt\u00e4\u00e4 ruokasoodaa ja valkaisevia mineraaleja, ja tuloksena on s\u00e4ihkyv\u00e4, valkoinen hymy. Uutta koostumusta vahvistavat t\u00e4rke\u00e4t tehoaineet kalsium ja ksylitoli, joiden hampaita vahvistava vaikutus on kliinisesti todistettu.<\/p>\n<div class=\"wp-block-buttons is-layout-flex wp-block-buttons-is-layout-flex\"><\/div>\n<\/div><\/div><\/div><\/section>\n\n\n\n<div class=\"wp-block-karopharma-accordions is-style-secondary\"><div class=\"container\">\n<details class=\"wp-block-karopharma-accordion\"><summary><h2 class=\"accordion-title\">Kuinka k\u00e4ytt\u00e4\u00e4?<\/h2><\/summary><div class=\"accordion-content\">\n<p>P\u00e4ivitt\u00e4isen hoitokerran pituus on 20 minuuttia, ja tuloksena on jopa 8 astetta valkoisemmat hampaat jo ensimm\u00e4isen k\u00e4ytt\u00f6kerran j\u00e4lkeen! Kun k\u00e4yt\u00e4t tuotetta viiten\u00e4 p\u00e4iv\u00e4n\u00e4 per\u00e4kk\u00e4in, tulokset ovat optimaaliset ja viel\u00e4kin upeammat.<\/p>\n<\/div><\/details>\n\n\n\n<details class=\"wp-block-karopharma-accordion\"><summary><h2 class=\"accordion-title\">Miten iWhite Superior valkaisee ja vahvistaa hampaita?<\/h2><\/summary><div class=\"accordion-content\">\n<p><strong>Valhe 1:<\/strong> Valkaisevat tehosteaineet tuovat lis\u00e4tehoa iWhite-teknologiaan:<\/p>\n\n\n\n<ul class=\"is-style-default wp-block-list\">\n<li>100-prosenttisen luonnollinen ruokasooda on luontaisesti hampaita valkaiseva vaikuttaja-aine, joka tehoaa hyvin my\u00f6s v\u00e4rj\u00e4ymien poistamiseen ja hymyn kirkastamiseen.<\/li>\n\n\n\n<li>Innovatiivinen luonnollinen vulkaaninen mineraali on suunniteltu erityisesti valkaisun tehostamiseen hammaskiillett\u00e4 vahingoittamatta.<\/li>\n<\/ul>\n\n\n\n<p><strong>Valhe 2:<\/strong> Hampaiden ik\u00e4\u00e4ntyess\u00e4 hammaskiilteen vahvistaminen ja tehostaminen on t\u00e4rke\u00e4\u00e4, jotta hampaat s\u00e4ilytt\u00e4v\u00e4t valkoisen v\u00e4rins\u00e4 mahdollisimman pitk\u00e4\u00e4n.<\/p>\n\n\n\n<ul class=\"is-style-default wp-block-list\">\n<li>Kalsium Mikrohelmet: Ik\u00e4\u00e4ntymiseen liittyv\u00e4 kalsiumin v\u00e4heneminen elimist\u00f6ss\u00e4 vaikuttaa hampaiden v\u00e4riin. Valkaisuk\u00e4sittely\u00e4 onkin t\u00e4ydennetty kalsiumilla, joka ravitsee, uudistaa ja vahvistaa hammaskiillett\u00e4. Mikrohelmitekniikan ansiosta vaikuttavat tehoaineet voidaan vapauttaa keskitetysti ja kohdistetusti, joten sin\u00e4 p\u00e4\u00e4t\u00e4t, miss\u00e4 ja milloin kapseloidut tehoaineet vapautetaan. Kun muotit on aseteltu suuhun, voit halkaista mikrohelmet ja vapauttaa kapseloidut tehoaineet suoraan hammaskiilteen pintaan painelemalla muotteja kevyesti hampaita vasten.<\/li>\n\n\n\n<li>Ksylitoli on hyv\u00e4n hammashygienian kannalta t\u00e4rke\u00e4 vaikuttava aine. Mihin t\u00e4m\u00e4 perustuu? Ksylitoli vaikuttaa bakteerin kykyyn tuottaa happoa ja nostaa pH-tasoa, mik\u00e4 ehk\u00e4isee hammaskiilteen vaurioita ja jopa korjaa niit\u00e4.<\/li>\n<\/ul>\n<\/div><\/details>\n\n\n\n<details class=\"wp-block-karopharma-accordion\"><summary><h2 class=\"accordion-title\">iWhite-mikrohelmitekniikka = mik\u00e4 se on?<\/h2><\/summary><div class=\"accordion-content\">\n<p>Se on innovatiivinen tekniikka, jonka ansiosta helmien vaikuttavat tehoaineet voidaan vapauttaa keskitetysti ja kohdistetusti. Sin\u00e4 itse p\u00e4\u00e4t\u00e4t, miss\u00e4 ja milloin kapseloidut tehoaineet vapautetaan suoraan hammaskiilteen pintaan. <\/p>\n<\/div><\/details>\n<\/div><\/div>\n\n\n\n<div class=\"wp-block-karopharma-free-text pt-large pb-none bg-center bg-cover bg-no-repeat\" style=\"background-image:url()\"><div class=\"free-text-wrapper container max-w-medium text-center\">\n<h2 class=\"wp-block-heading\">Kirkas valkoinen hymy on vain kolmen askeleen p\u00e4\u00e4ss\u00e4:<\/h2>\n<\/div><\/div>\n\n\n\n<section class=\"wp-block-karopharma-usp usp undefined\"><div class=\"usp-wrapper\">\n<section class=\"wp-block-karopharma-usp-single usp-single undefined\"><div class=\"icon\"><svg width=\"21\" height=\"16\" viewBox=\"0 0 21 16\" fill=\"none\" xmlns=\"http:\/\/www.w3.org\/2000\/svg\"><path d=\"M19.2567 0.164742L6.13095 13.2905L1.49056 8.65006C1.2709 8.4304 0.914742 8.4304 0.695039 8.65006L0.164742 9.18036C-0.0549141 9.40001 -0.0549141 9.75617 0.164742 9.97587L5.73321 15.5443C5.95287 15.764 6.30903 15.764 6.52873 15.5443L20.5825 1.4906C20.8021 1.27095 20.8021 0.914789 20.5825 0.695086L20.0521 0.164742C19.8325 -0.0549141 19.4763 -0.0549141 19.2567 0.164742Z\" fill=\"white\"><\/path><\/svg><\/div>\n<h4 class=\"wp-block-heading has-text-align-center is-style-heading-h4\">1. PAINELU<\/h4>\n\n\n\n<p class=\"has-text-align-center is-style-body-text\">Painele muotteja kevyesti, niin mikrohelmet halkeavat.<\/p>\n<\/section>\n\n\n\n<section class=\"wp-block-karopharma-usp-single usp-single undefined\"><div class=\"icon\"><svg width=\"21\" height=\"16\" viewBox=\"0 0 21 16\" fill=\"none\" xmlns=\"http:\/\/www.w3.org\/2000\/svg\"><path d=\"M19.2567 0.164742L6.13095 13.2905L1.49056 8.65006C1.2709 8.4304 0.914742 8.4304 0.695039 8.65006L0.164742 9.18036C-0.0549141 9.40001 -0.0549141 9.75617 0.164742 9.97587L5.73321 15.5443C5.95287 15.764 6.30903 15.764 6.52873 15.5443L20.5825 1.4906C20.8021 1.27095 20.8021 0.914789 20.5825 0.695086L20.0521 0.164742C19.8325 -0.0549141 19.4763 -0.0549141 19.2567 0.164742Z\" fill=\"white\"><\/path><\/svg><\/div>\n<h4 class=\"wp-block-heading has-text-align-center is-style-heading-h4\">2. AKTIVOINTI<\/h4>\n\n\n\n<p class=\"has-text-align-center is-style-body-text\">Mikrohelmien kapseloidut tehoaineet vapautuvat.<\/p>\n<\/section>\n\n\n\n<section class=\"wp-block-karopharma-usp-single usp-single undefined\"><div class=\"icon\"><svg width=\"21\" height=\"16\" viewBox=\"0 0 21 16\" fill=\"none\" xmlns=\"http:\/\/www.w3.org\/2000\/svg\"><path d=\"M19.2567 0.164742L6.13095 13.2905L1.49056 8.65006C1.2709 8.4304 0.914742 8.4304 0.695039 8.65006L0.164742 9.18036C-0.0549141 9.40001 -0.0549141 9.75617 0.164742 9.97587L5.73321 15.5443C5.95287 15.764 6.30903 15.764 6.52873 15.5443L20.5825 1.4906C20.8021 1.27095 20.8021 0.914789 20.5825 0.695086L20.0521 0.164742C19.8325 -0.0549141 19.4763 -0.0549141 19.2567 0.164742Z\" fill=\"white\"><\/path><\/svg><\/div>\n<h4 class=\"wp-block-heading has-text-align-center is-style-heading-h4\">3. TULOKSET<\/h4>\n\n\n\n<p class=\"has-text-align-center is-style-body-text\">iWhite-valkaisugeeli + mikrohelmet = HUIKEITA TULOKSIA! Odota 20 minuuttia ja totea v\u00e4lit\u00f6n vaikutus omin silmin!<\/p>\n<\/section>\n<\/div><\/section>\n\n\n\n<div class=\"wp-block-karopharma-free-text pt-large pb-none bg-center bg-cover bg-no-repeat\" style=\"background-image:url()\"><div class=\"free-text-wrapper container max-w-medium text-center\">\n<h3 class=\"wp-block-heading is-style-heading-h2 has-primary-color has-text-color\">Saatat my\u00f6s pit\u00e4\u00e4<\/h3>\n<\/div><\/div>\n","protected":false},"excerpt":{"rendered":"<p>Valkaisee v\u00e4litt\u00f6m\u00e4sti ja vahvistaa hampaitasi.<\/p>\n","protected":false},"featured_media":142,"comment_status":"closed","ping_status":"closed","template":"","meta":{"_acf_changed":false,"footnotes":""},"product_brand":[],"product_cat":[20],"product_tag":[],"class_list":{"0":"post-90","1":"product","2":"type-product","3":"status-publish","4":"has-post-thumbnail","6":"product_cat-valkaisusetit","8":"first","9":"instock","10":"shipping-taxable","11":"product-type-simple"},"acf":[],"yoast_head":"<!-- This site is optimized with the Yoast SEO plugin v26.6 - https:\/\/yoast.com\/wordpress\/plugins\/seo\/ -->\n<title>iWhite Superior valkaisumuotit - iWhite<\/title>\n<meta name=\"description\" content=\"iWhite Superior -valkaisusetti perustuu uuteen ja ainutlaatuisen hampaidenvalkaisutekniikkaan, joka paitsi valkaisee hampaat v\u00e4litt\u00f6m\u00e4sti jopa 8 astetta valkoisemmaksi, my\u00f6s vahvistaa hampaita.\" \/>\n<meta name=\"robots\" content=\"index, follow, max-snippet:-1, max-image-preview:large, max-video-preview:-1\" \/>\n<link rel=\"canonical\" href=\"https:\/\/iwhiteinstant.com\/fi\/tuote\/iwhite-superior-valkaisumuotit\/\" \/>\n<meta property=\"og:locale\" content=\"fi_FI\" \/>\n<meta property=\"og:type\" content=\"article\" \/>\n<meta property=\"og:title\" content=\"iWhite Superior valkaisumuotit - iWhite\" \/>\n<meta property=\"og:description\" content=\"iWhite Superior -valkaisusetti perustuu uuteen ja ainutlaatuisen hampaidenvalkaisutekniikkaan, joka paitsi valkaisee hampaat v\u00e4litt\u00f6m\u00e4sti jopa 8 astetta valkoisemmaksi, my\u00f6s vahvistaa hampaita.\" \/>\n<meta property=\"og:url\" content=\"https:\/\/iwhiteinstant.com\/fi\/tuote\/iwhite-superior-valkaisumuotit\/\" \/>\n<meta property=\"og:site_name\" content=\"iWhite\" \/>\n<meta property=\"article:modified_time\" content=\"2026-02-20T09:05:07+00:00\" \/>\n<meta property=\"og:image\" content=\"https:\/\/iwhiteinstant.com\/app\/uploads\/sites\/6\/2024\/08\/iWhite-Superior-whitening-kit.png\" \/>\n\t<meta property=\"og:image:width\" content=\"800\" \/>\n\t<meta property=\"og:image:height\" content=\"800\" \/>\n\t<meta property=\"og:image:type\" content=\"image\/png\" \/>\n<meta name=\"twitter:card\" content=\"summary_large_image\" \/>\n<meta name=\"twitter:label1\" content=\"Est. reading time\" \/>\n\t<meta name=\"twitter:data1\" content=\"5 minutes\" \/>\n<script type=\"application\/ld+json\" class=\"yoast-schema-graph\">{\"@context\":\"https:\/\/schema.org\",\"@graph\":[{\"@type\":\"WebPage\",\"@id\":\"https:\/\/iwhiteinstant.com\/fi\/tuote\/iwhite-superior-valkaisumuotit\/\",\"url\":\"https:\/\/iwhiteinstant.com\/fi\/tuote\/iwhite-superior-valkaisumuotit\/\",\"name\":\"iWhite Superior valkaisumuotit - iWhite\",\"isPartOf\":{\"@id\":\"https:\/\/iwhiteinstant.com\/fi\/#website\"},\"primaryImageOfPage\":{\"@id\":\"https:\/\/iwhiteinstant.com\/fi\/tuote\/iwhite-superior-valkaisumuotit\/#primaryimage\"},\"image\":{\"@id\":\"https:\/\/iwhiteinstant.com\/fi\/tuote\/iwhite-superior-valkaisumuotit\/#primaryimage\"},\"thumbnailUrl\":\"https:\/\/iwhiteinstant.com\/app\/uploads\/sites\/6\/2024\/08\/iWhite-Superior-whitening-kit.png\",\"datePublished\":\"2024-08-19T08:28:53+00:00\",\"dateModified\":\"2026-02-20T09:05:07+00:00\",\"description\":\"iWhite Superior -valkaisusetti perustuu uuteen ja ainutlaatuisen hampaidenvalkaisutekniikkaan, joka paitsi valkaisee hampaat v\u00e4litt\u00f6m\u00e4sti jopa 8 astetta valkoisemmaksi, my\u00f6s vahvistaa hampaita.\",\"breadcrumb\":{\"@id\":\"https:\/\/iwhiteinstant.com\/fi\/tuote\/iwhite-superior-valkaisumuotit\/#breadcrumb\"},\"inLanguage\":\"fi-FI\",\"potentialAction\":[{\"@type\":\"ReadAction\",\"target\":[\"https:\/\/iwhiteinstant.com\/fi\/tuote\/iwhite-superior-valkaisumuotit\/\"]}]},{\"@type\":\"ImageObject\",\"inLanguage\":\"fi-FI\",\"@id\":\"https:\/\/iwhiteinstant.com\/fi\/tuote\/iwhite-superior-valkaisumuotit\/#primaryimage\",\"url\":\"https:\/\/iwhiteinstant.com\/app\/uploads\/sites\/6\/2024\/08\/iWhite-Superior-whitening-kit.png\",\"contentUrl\":\"https:\/\/iwhiteinstant.com\/app\/uploads\/sites\/6\/2024\/08\/iWhite-Superior-whitening-kit.png\",\"width\":800,\"height\":800,\"caption\":\"iWhite-Superior-whitening-kit\"},{\"@type\":\"BreadcrumbList\",\"@id\":\"https:\/\/iwhiteinstant.com\/fi\/tuote\/iwhite-superior-valkaisumuotit\/#breadcrumb\",\"itemListElement\":[{\"@type\":\"ListItem\",\"position\":1,\"name\":\"Home\",\"item\":\"https:\/\/iwhiteinstant.com\/fi\/\"},{\"@type\":\"ListItem\",\"position\":2,\"name\":\"Tuotevalikoima\",\"item\":\"https:\/\/iwhiteinstant.com\/fi\/iwhite-tuotevalikoima\/\"},{\"@type\":\"ListItem\",\"position\":3,\"name\":\"iWhite Superior valkaisumuotit\"}]},{\"@type\":\"WebSite\",\"@id\":\"https:\/\/iwhiteinstant.com\/fi\/#website\",\"url\":\"https:\/\/iwhiteinstant.com\/fi\/\",\"name\":\"iWhite\",\"description\":\"\",\"publisher\":{\"@id\":\"https:\/\/iwhiteinstant.com\/fi\/#organization\"},\"potentialAction\":[{\"@type\":\"SearchAction\",\"target\":{\"@type\":\"EntryPoint\",\"urlTemplate\":\"https:\/\/iwhiteinstant.com\/fi\/?s={search_term_string}\"},\"query-input\":{\"@type\":\"PropertyValueSpecification\",\"valueRequired\":true,\"valueName\":\"search_term_string\"}}],\"inLanguage\":\"fi-FI\"},{\"@type\":\"Organization\",\"@id\":\"https:\/\/iwhiteinstant.com\/fi\/#organization\",\"name\":\"iWhite\",\"url\":\"https:\/\/iwhiteinstant.com\/fi\/\",\"logo\":{\"@type\":\"ImageObject\",\"inLanguage\":\"fi-FI\",\"@id\":\"https:\/\/iwhiteinstant.com\/fi\/#\/schema\/logo\/image\/\",\"url\":\"https:\/\/iwhiteinstant.com\/app\/uploads\/sites\/6\/2024\/08\/Iwhite-logo.png\",\"contentUrl\":\"https:\/\/iwhiteinstant.com\/app\/uploads\/sites\/6\/2024\/08\/Iwhite-logo.png\",\"width\":160,\"height\":40,\"caption\":\"iWhite\"},\"image\":{\"@id\":\"https:\/\/iwhiteinstant.com\/fi\/#\/schema\/logo\/image\/\"}}]}<\/script>\n<!-- \/ Yoast SEO plugin. -->","yoast_head_json":{"title":"iWhite Superior valkaisumuotit - iWhite","description":"iWhite Superior -valkaisusetti perustuu uuteen ja ainutlaatuisen hampaidenvalkaisutekniikkaan, joka paitsi valkaisee hampaat v\u00e4litt\u00f6m\u00e4sti jopa 8 astetta valkoisemmaksi, my\u00f6s vahvistaa hampaita.","robots":{"index":"index","follow":"follow","max-snippet":"max-snippet:-1","max-image-preview":"max-image-preview:large","max-video-preview":"max-video-preview:-1"},"canonical":"https:\/\/iwhiteinstant.com\/fi\/tuote\/iwhite-superior-valkaisumuotit\/","og_locale":"fi_FI","og_type":"article","og_title":"iWhite Superior valkaisumuotit - iWhite","og_description":"iWhite Superior -valkaisusetti perustuu uuteen ja ainutlaatuisen hampaidenvalkaisutekniikkaan, joka paitsi valkaisee hampaat v\u00e4litt\u00f6m\u00e4sti jopa 8 astetta valkoisemmaksi, my\u00f6s vahvistaa hampaita.","og_url":"https:\/\/iwhiteinstant.com\/fi\/tuote\/iwhite-superior-valkaisumuotit\/","og_site_name":"iWhite","article_modified_time":"2026-02-20T09:05:07+00:00","og_image":[{"width":800,"height":800,"url":"https:\/\/iwhiteinstant.com\/app\/uploads\/sites\/6\/2024\/08\/iWhite-Superior-whitening-kit.png","type":"image\/png"}],"twitter_card":"summary_large_image","twitter_misc":{"Est. reading time":"5 minutes"},"schema":{"@context":"https:\/\/schema.org","@graph":[{"@type":"WebPage","@id":"https:\/\/iwhiteinstant.com\/fi\/tuote\/iwhite-superior-valkaisumuotit\/","url":"https:\/\/iwhiteinstant.com\/fi\/tuote\/iwhite-superior-valkaisumuotit\/","name":"iWhite Superior valkaisumuotit - iWhite","isPartOf":{"@id":"https:\/\/iwhiteinstant.com\/fi\/#website"},"primaryImageOfPage":{"@id":"https:\/\/iwhiteinstant.com\/fi\/tuote\/iwhite-superior-valkaisumuotit\/#primaryimage"},"image":{"@id":"https:\/\/iwhiteinstant.com\/fi\/tuote\/iwhite-superior-valkaisumuotit\/#primaryimage"},"thumbnailUrl":"https:\/\/iwhiteinstant.com\/app\/uploads\/sites\/6\/2024\/08\/iWhite-Superior-whitening-kit.png","datePublished":"2024-08-19T08:28:53+00:00","dateModified":"2026-02-20T09:05:07+00:00","description":"iWhite Superior -valkaisusetti perustuu uuteen ja ainutlaatuisen hampaidenvalkaisutekniikkaan, joka paitsi valkaisee hampaat v\u00e4litt\u00f6m\u00e4sti jopa 8 astetta valkoisemmaksi, my\u00f6s vahvistaa hampaita.","breadcrumb":{"@id":"https:\/\/iwhiteinstant.com\/fi\/tuote\/iwhite-superior-valkaisumuotit\/#breadcrumb"},"inLanguage":"fi-FI","potentialAction":[{"@type":"ReadAction","target":["https:\/\/iwhiteinstant.com\/fi\/tuote\/iwhite-superior-valkaisumuotit\/"]}]},{"@type":"ImageObject","inLanguage":"fi-FI","@id":"https:\/\/iwhiteinstant.com\/fi\/tuote\/iwhite-superior-valkaisumuotit\/#primaryimage","url":"https:\/\/iwhiteinstant.com\/app\/uploads\/sites\/6\/2024\/08\/iWhite-Superior-whitening-kit.png","contentUrl":"https:\/\/iwhiteinstant.com\/app\/uploads\/sites\/6\/2024\/08\/iWhite-Superior-whitening-kit.png","width":800,"height":800,"caption":"iWhite-Superior-whitening-kit"},{"@type":"BreadcrumbList","@id":"https:\/\/iwhiteinstant.com\/fi\/tuote\/iwhite-superior-valkaisumuotit\/#breadcrumb","itemListElement":[{"@type":"ListItem","position":1,"name":"Home","item":"https:\/\/iwhiteinstant.com\/fi\/"},{"@type":"ListItem","position":2,"name":"Tuotevalikoima","item":"https:\/\/iwhiteinstant.com\/fi\/iwhite-tuotevalikoima\/"},{"@type":"ListItem","position":3,"name":"iWhite Superior valkaisumuotit"}]},{"@type":"WebSite","@id":"https:\/\/iwhiteinstant.com\/fi\/#website","url":"https:\/\/iwhiteinstant.com\/fi\/","name":"iWhite","description":"","publisher":{"@id":"https:\/\/iwhiteinstant.com\/fi\/#organization"},"potentialAction":[{"@type":"SearchAction","target":{"@type":"EntryPoint","urlTemplate":"https:\/\/iwhiteinstant.com\/fi\/?s={search_term_string}"},"query-input":{"@type":"PropertyValueSpecification","valueRequired":true,"valueName":"search_term_string"}}],"inLanguage":"fi-FI"},{"@type":"Organization","@id":"https:\/\/iwhiteinstant.com\/fi\/#organization","name":"iWhite","url":"https:\/\/iwhiteinstant.com\/fi\/","logo":{"@type":"ImageObject","inLanguage":"fi-FI","@id":"https:\/\/iwhiteinstant.com\/fi\/#\/schema\/logo\/image\/","url":"https:\/\/iwhiteinstant.com\/app\/uploads\/sites\/6\/2024\/08\/Iwhite-logo.png","contentUrl":"https:\/\/iwhiteinstant.com\/app\/uploads\/sites\/6\/2024\/08\/Iwhite-logo.png","width":160,"height":40,"caption":"iWhite"},"image":{"@id":"https:\/\/iwhiteinstant.com\/fi\/#\/schema\/logo\/image\/"}}]}},"_links":{"self":[{"href":"https:\/\/iwhiteinstant.com\/fi\/wp-json\/wp\/v2\/product\/90","targetHints":{"allow":["GET"]}}],"collection":[{"href":"https:\/\/iwhiteinstant.com\/fi\/wp-json\/wp\/v2\/product"}],"about":[{"href":"https:\/\/iwhiteinstant.com\/fi\/wp-json\/wp\/v2\/types\/product"}],"replies":[{"embeddable":true,"href":"https:\/\/iwhiteinstant.com\/fi\/wp-json\/wp\/v2\/comments?post=90"}],"version-history":[{"count":9,"href":"https:\/\/iwhiteinstant.com\/fi\/wp-json\/wp\/v2\/product\/90\/revisions"}],"predecessor-version":[{"id":348,"href":"https:\/\/iwhiteinstant.com\/fi\/wp-json\/wp\/v2\/product\/90\/revisions\/348"}],"wp:featuredmedia":[{"embeddable":true,"href":"https:\/\/iwhiteinstant.com\/fi\/wp-json\/wp\/v2\/media\/142"}],"wp:attachment":[{"href":"https:\/\/iwhiteinstant.com\/fi\/wp-json\/wp\/v2\/media?parent=90"}],"wp:term":[{"taxonomy":"product_brand","embeddable":true,"href":"https:\/\/iwhiteinstant.com\/fi\/wp-json\/wp\/v2\/product_brand?post=90"},{"taxonomy":"product_cat","embeddable":true,"href":"https:\/\/iwhiteinstant.com\/fi\/wp-json\/wp\/v2\/product_cat?post=90"},{"taxonomy":"product_tag","embeddable":true,"href":"https:\/\/iwhiteinstant.com\/fi\/wp-json\/wp\/v2\/product_tag?post=90"}],"curies":[{"name":"wp","href":"https:\/\/api.w.org\/{rel}","templated":true}]}}