{"id":92,"date":"2024-08-19T11:29:13","date_gmt":"2024-08-19T08:29:13","guid":{"rendered":"https:\/\/iwhiteinstant.com\/fi\/?post_type=product&#038;p=92"},"modified":"2026-02-20T11:05:08","modified_gmt":"2026-02-20T09:05:08","slug":"iwhite-supreme-valkaiseva-hammastahna","status":"publish","type":"product","link":"https:\/\/iwhiteinstant.com\/fi\/tuote\/iwhite-supreme-valkaiseva-hammastahna\/","title":{"rendered":"iWhite Supreme valkaiseva hammastahna"},"content":{"rendered":"\n<div class=\"wp-block-karopharma-free-text pt-large pb-small bg-center bg-cover bg-no-repeat\" style=\"background-image:url()\"><div class=\"free-text-wrapper container max-w-medium text-left\">\n<h2 class=\"wp-block-heading is-style-heading-h2\">Kaksi yhdess\u00e4: ainutlaatuisten teknologioiden yhdistelm\u00e4<\/h2>\n\n\n\n<p>iWhite tunnetaan ainutlaatuisesta&nbsp;iWhite-teknologiasta, jossa hy\u00f6dynnet\u00e4\u00e4n v\u00e4rj\u00e4ymiin erinomaisesti tehoavaa PAP-menetelm\u00e4\u00e4. PAP-molekyyli hajottaa hampaiden v\u00e4rimuutoksia vaikuttamatta hampaan rakenteeseen. Hammaskiille ja ikenet ovat&nbsp;t\u00e4ysin turvassa, sill\u00e4 iWhite-tekniikka vaikuttaa pelk\u00e4st\u00e4\u00e4n&nbsp;hampaiden v\u00e4rj\u00e4ym\u00e4kohtiin. Tuloksena on selv\u00e4sti&nbsp;valkoisemmat hampaat&nbsp;ja s\u00e4ihkyv\u00e4n valkoinen hymy.<\/p>\n\n\n\n<p>Jatkuvasti kehittyv\u00e4 ja uudistuva iWhite kehitti&nbsp;uuden teknologian, joka tehostaa iWhite-tuotteiden vaikutuksia ja mahdollistaa viel\u00e4kin paremmat tulokset.<\/p>\n<\/div><\/div>\n\n\n\n<div class=\"wp-block-karopharma-product-promotion text-align-right pt-medium pb-medium bg-center bg-cover bg-no-repeat\" style=\"background-image:url()\"><div class=\"container max-w-medium\">\n<div class=\"wp-block-group is-layout-flow wp-block-group-is-layout-flow\">\n<figure class=\"wp-block-karopharma-product-promotion-image product-promotion-image\"><img fetchpriority=\"high\" decoding=\"async\" datatest=\"image\" src=\"https:\/\/iwhiteinstant.com\/cdn-cgi\/image\/format=auto\/app\/uploads\/sites\/6\/2024\/08\/Active-Micropearls-Technology.png\" loading=\"eager\" alt=\"Active-Micropearls-Technology\" width=\"518\" height=\"432\" srcset=\"https:\/\/iwhiteinstant.com\/cdn-cgi\/image\/format=auto,width=584\/app\/uploads\/sites\/6\/2024\/08\/Active-Micropearls-Technology.png 584w, https:\/\/iwhiteinstant.com\/cdn-cgi\/image\/format=auto,width=272\/app\/uploads\/sites\/6\/2024\/08\/Active-Micropearls-Technology.png 272w\" sizes=\"(max-width: 584px) 100vw, 584px\"\/><\/figure>\n<\/div>\n\n\n\n<div class=\"wp-block-group is-layout-flow wp-block-group-is-layout-flow\">\n<h2 class=\"wp-block-heading heading is-style-heading-h4\">Tutustu iWhiten uusimpaan teknologiaan, joka perustuu aktiivisiin mikrohelmiin<\/h2>\n\n\n\n<p class=\"paragraph is-style-paragraph-body-text\">Aktiivisten mikrohelmien avulla vaikuttavat ainesosat voidaan vapauttaa kohdistetusti. Kapseloidut tehoaineet vapautuvatkin suoraan hammaskiilteen pintaan vasta silloin, kun harjaat hampaita. Valkaisevassa iWhite Supreme -hammastahnassa on aktiivisia mikrohelmi\u00e4, joihin on koteloitu v\u00e4rj\u00e4ymi\u00e4 neutraloivia tehoaineita eli pyrofosfaatteja. Vaikuttavat ainesosat muodostavat hampaiden pintaan suojaavan kerroksen, joka ehk\u00e4isee v\u00e4rj\u00e4ymien syntymist\u00e4.<\/p>\n<\/div>\n<\/div><\/div>\n\n\n\n<div class=\"wp-block-karopharma-free-text pt-small pb-large bg-center bg-cover bg-no-repeat\" style=\"background-image:url()\"><div class=\"free-text-wrapper container max-w-medium text-left\">\n<h3 class=\"wp-block-heading is-style-heading-h4 has-primary-color has-text-color\">&#8220;Siin\u00e4 miss\u00e4 muut tuotteet voivat menett\u00e4\u00e4 tehoaan ainesosien haihtuessa, iWhite Supreme -hammastahnan tehokkaat vaikuttavat ainesosat pysyv\u00e4t hampaissa mikrohelmien ansiosta.&#8221;<\/h3>\n<\/div><\/div>\n\n\n\n<div class=\"wp-block-karopharma-free-text pt-large pb-none bg-center bg-cover bg-no-repeat  is-style-primary\" style=\"background-image:url()\"><div class=\"free-text-wrapper container max-w-medium text-center\">\n<h3 class=\"wp-block-heading is-style-heading-h2\">S\u00e4\u00e4nn\u00f6llinen rutiini &#8211; parhaat tulokset<\/h3>\n\n\n\n<p class=\"is-style-paragraph-preamble\">S\u00e4\u00e4nn\u00f6llisell\u00e4 rutiinilla p\u00e4\u00e4set parhaisiin valkaisutuloksiin. Voit k\u00e4ytt\u00e4\u00e4 hammastahnaa yhdess\u00e4 kuukausittaiseen k\u00e4ytt\u00f6\u00f6n tarkoitettujen valkaisumuottien sek\u00e4 p\u00e4ivitt\u00e4iseen k\u00e4ytt\u00f6\u00f6n tarkoitetun suuveden kanssa.<\/p>\n\n\n\n<div class=\"wp-block-buttons is-layout-flex wp-block-buttons-is-layout-flex\">\n<div class=\"wp-block-button\"><a class=\"wp-block-button__link wp-element-button\" href=\"https:\/\/iwhiteinstant.com\/fi\/iwhite-hoitorutiini\/\">Tutustu iWhite-hoitorutiiniin<\/a><\/div>\n<\/div>\n<\/div><\/div>\n\n\n<div class=\"product-list wp-block-karopharma-product-list is-style-primary\" data-testid=\"product-list\">\n      <div class=\"swiper-container\">\n      <div class=\"swiper\">\n        <div class=\"swiper-wrapper\">\n                      <div class=\"swiper-slide\">\n              <div class=\"product-card\" data-testid=\"product-card\">\n  <a\n    href=https:\/\/iwhiteinstant.com\/fi\/tuote\/iwhite-instant-valkaiseva-suuvesi\/\n    class=\"product-card-link\"\n    title=\"iWhite Instant valkaiseva suuvesi\"\n  >\n  <figure class=\"product-card-image\" data-testid=\"product-image\">\n                          <img decoding=\"async\" src=\"https:\/\/iwhiteinstant.com\/cdn-cgi\/image\/width=700,format=auto\/app\/uploads\/sites\/6\/2024\/08\/iWhite-Instant-Whitening-Mouthwash.png\"\n        srcset=\"https:\/\/iwhiteinstant.com\/cdn-cgi\/image\/width=250,format=auto\/app\/uploads\/sites\/6\/2024\/08\/iWhite-Instant-Whitening-Mouthwash.png 250w,\n                https:\/\/iwhiteinstant.com\/cdn-cgi\/image\/width=500,format=auto\/app\/uploads\/sites\/6\/2024\/08\/iWhite-Instant-Whitening-Mouthwash.png 500w,\n                https:\/\/iwhiteinstant.com\/cdn-cgi\/image\/width=700,format=auto\/app\/uploads\/sites\/6\/2024\/08\/iWhite-Instant-Whitening-Mouthwash.png 700w\"\n        sizes=\"(max-width: 400px) 250px, (max-width: 800px) 500px, 700px\"\n        alt=\"iWhite-Instant-Whitening-Mouthwash\"\n        class=\"img\">\n            <\/figure>\n    <div class=\"product-card-content\">\n      <div class=\"heading-wrapper\">\n        <h2 class=\"heading\">iWhite Instant valkaiseva suuvesi<\/h2>\n      <\/div>\n      <div class=\"product-card-description\">Valkaiseva suuvesi p\u00e4ivitt\u00e4iseen k\u00e4ytt\u00f6\u00f6n. Liuottaa hampaiden v\u00e4rj\u00e4ymi\u00e4.<\/div>\n                      <\/div>\n  <\/a>\n          <div class=\"button-wrapper buy-now \" data-testid=\"buy-now\">\n      <div class=\"buy-now-container dropdown-container\">\n      <div class=\"theme-button button-primary-color dropdown-link\" aria-label=\"Osta heti\">\n          Osta heti <i class=\"dropdown\"><\/i>\n      <\/div>\n      <ul class=\"reseller-list submenu\">\n                    <li>\n              <a\n                href=\"https:\/\/apteekki360.fi\/collections\/iwhite-instant\/products\/iwhite-instant-valkaiseva-suuvesi\" onclick=\"dataLayer.push({'event':'ga_event', 'eventCategory':'Click on Reseller', 'eventAction':'Apteekki 360', 'eventLabel':'iWhite Instant valkaiseva suuvesi', 'eventValue': undefined})\" rel=\"noopener\" target=\"_blank\" title=\"Apteekki 360\"\n                data-testid=\"buy-now-reseller\">\n                <i class=\"fa-solid fa-arrow-right\"><\/i> Apteekki 360\n              <\/a>\n          <\/li>\n                    <li>\n              <a\n                href=\"https:\/\/www.apteekkiplus.fi\/products\/iwhite-instant-valkaiseva-suuvesi?_pos=6&amp;_sid=6ae7dde9e&amp;_ss=r\" onclick=\"dataLayer.push({'event':'ga_event', 'eventCategory':'Click on Reseller', 'eventAction':'ApteekkiPlus', 'eventLabel':'iWhite Instant valkaiseva suuvesi', 'eventValue': undefined})\" rel=\"noopener\" target=\"_blank\" title=\"ApteekkiPlus\"\n                data-testid=\"buy-now-reseller\">\n                <i class=\"fa-solid fa-arrow-right\"><\/i> ApteekkiPlus\n              <\/a>\n          <\/li>\n                    <li>\n              <a\n                href=\"https:\/\/www.apteekkishop.fi\/epages\/ApteekkiShop.sf\/fi_FI\/?ObjectPath=\/Shops\/ApteekkiShop\/Products\/2154144\" onclick=\"dataLayer.push({'event':'ga_event', 'eventCategory':'Click on Reseller', 'eventAction':'Apteekkishop', 'eventLabel':'iWhite Instant valkaiseva suuvesi', 'eventValue': undefined})\" rel=\"noopener\" target=\"_blank\" title=\"Apteekkishop\"\n                data-testid=\"buy-now-reseller\">\n                <i class=\"fa-solid fa-arrow-right\"><\/i> Apteekkishop\n              <\/a>\n          <\/li>\n                    <li>\n              <a\n                href=\"https:\/\/www.bonusapteekki.fi\/epages\/Bonusapteekki.sf\/fi_FI\/?ObjectPath=\/Shops\/Bonusapteekki\/Products\/2154144\" onclick=\"dataLayer.push({'event':'ga_event', 'eventCategory':'Click on Reseller', 'eventAction':'bonusapteekki', 'eventLabel':'iWhite Instant valkaiseva suuvesi', 'eventValue': undefined})\" rel=\"noopener\" target=\"_blank\" title=\"bonusapteekki\"\n                data-testid=\"buy-now-reseller\">\n                <i class=\"fa-solid fa-arrow-right\"><\/i> bonusapteekki\n              <\/a>\n          <\/li>\n                    <li>\n              <a\n                href=\"https:\/\/www.nettiapteekki.fi\/products\/iwhite-instant-valkaiseva-suuvesi-tamro\" onclick=\"dataLayer.push({'event':'ga_event', 'eventCategory':'Click on Reseller', 'eventAction':'Nettiapteekki', 'eventLabel':'iWhite Instant valkaiseva suuvesi', 'eventValue': undefined})\" rel=\"noopener\" target=\"_blank\" title=\"Nettiapteekki\"\n                data-testid=\"buy-now-reseller\">\n                <i class=\"fa-solid fa-arrow-right\"><\/i> Nettiapteekki\n              <\/a>\n          <\/li>\n                    <li>\n              <a\n                href=\"https:\/\/www.oloapteekki.fi\/iwhite-instant-valkaiseva-suuvesi-500-ml\" onclick=\"dataLayer.push({'event':'ga_event', 'eventCategory':'Click on Reseller', 'eventAction':'Olo Apteekki', 'eventLabel':'iWhite Instant valkaiseva suuvesi', 'eventValue': undefined})\" rel=\"noopener\" target=\"_blank\" title=\"Olo Apteekki\"\n                data-testid=\"buy-now-reseller\">\n                <i class=\"fa-solid fa-arrow-right\"><\/i> Olo Apteekki\n              <\/a>\n          <\/li>\n                    <li>\n              <a\n                href=\"https:\/\/verkkoapteekit.fi\/fi\/iwhite-instant-valkaiseva-suuvesi-500-ml.html\" onclick=\"dataLayer.push({'event':'ga_event', 'eventCategory':'Click on Reseller', 'eventAction':'Verkkoapteekit', 'eventLabel':'iWhite Instant valkaiseva suuvesi', 'eventValue': undefined})\" rel=\"noopener\" target=\"_blank\" title=\"Verkkoapteekit\"\n                data-testid=\"buy-now-reseller\">\n                <i class=\"fa-solid fa-arrow-right\"><\/i> Verkkoapteekit\n              <\/a>\n          <\/li>\n                    <li>\n              <a\n                href=\"https:\/\/www.verkkoapteekki.fi\/iWhite-Instant-valkaiseva-suuvesi-500-ml?utm_source=Karo&amp;utm_medium=Referral\" onclick=\"dataLayer.push({'event':'ga_event', 'eventCategory':'Click on Reseller', 'eventAction':'Verkkoapteekki', 'eventLabel':'iWhite Instant valkaiseva suuvesi', 'eventValue': undefined})\" rel=\"noopener\" target=\"_blank\" title=\"Verkkoapteekki\"\n                data-testid=\"buy-now-reseller\">\n                <i class=\"fa-solid fa-arrow-right\"><\/i> Verkkoapteekki\n              <\/a>\n          <\/li>\n                    <li>\n              <a\n                href=\"https:\/\/www.yliopistonapteekki.fi\/iwhite-instant-valkaiseva-suuvesi-500-ml-79034\" onclick=\"dataLayer.push({'event':'ga_event', 'eventCategory':'Click on Reseller', 'eventAction':'Yliopiston Apteekki', 'eventLabel':'iWhite Instant valkaiseva suuvesi', 'eventValue': undefined})\" rel=\"noopener\" target=\"_blank\" title=\"Yliopiston Apteekki\"\n                data-testid=\"buy-now-reseller\">\n                <i class=\"fa-solid fa-arrow-right\"><\/i> Yliopiston Apteekki\n              <\/a>\n          <\/li>\n                    <li>\n              <a\n                href=\"https:\/\/www.yliopistonverkkoapteekki.fi\/epages\/KYA.sf\/fi_FI\/?ObjectPath=\/Shops\/KYA\/Products\/2154144\" onclick=\"dataLayer.push({'event':'ga_event', 'eventCategory':'Click on Reseller', 'eventAction':'Yliopistonverkkoapteekki', 'eventLabel':'iWhite Instant valkaiseva suuvesi', 'eventValue': undefined})\" rel=\"noopener\" target=\"_blank\" title=\"Yliopistonverkkoapteekki\"\n                data-testid=\"buy-now-reseller\">\n                <i class=\"fa-solid fa-arrow-right\"><\/i> Yliopistonverkkoapteekki\n              <\/a>\n          <\/li>\n                <\/ul>\n    <\/div>\n  <\/div>\n  <\/div>\n            <\/div>\n                  <\/div>\n        <div class=\"swiper-scrollbar\"><\/div>\n      <\/div>\n    <\/div>\n  <\/div>\n\n\n\n<div class=\"wp-block-karopharma-free-text pt-large pb-none bg-center bg-cover bg-no-repeat\" style=\"background-image:url()\"><div class=\"free-text-wrapper container max-w-medium text-center\">\n<h3 class=\"wp-block-heading is-style-heading-h2 has-primary-color has-text-color\">Saatat my\u00f6s pit\u00e4\u00e4<\/h3>\n<\/div><\/div>\n","protected":false},"excerpt":{"rendered":"<p>Valkaisee ja suojaa hampaitasi luomalla hampaisiin suojakerroksen.<\/p>\n","protected":false},"featured_media":141,"comment_status":"closed","ping_status":"closed","template":"","meta":{"_acf_changed":false,"footnotes":""},"product_brand":[],"product_cat":[22],"product_tag":[],"class_list":{"0":"post-92","1":"product","2":"type-product","3":"status-publish","4":"has-post-thumbnail","6":"product_cat-hammastahna","8":"first","9":"instock","10":"shipping-taxable","11":"product-type-simple"},"acf":[],"yoast_head":"<!-- This site is optimized with the Yoast SEO plugin v26.6 - https:\/\/yoast.com\/wordpress\/plugins\/seo\/ -->\n<title>iWhite Supreme valkaiseva hammastahna - iWhite<\/title>\n<meta name=\"description\" content=\"iWhite Supreme -hammastahna sopii t\u00e4ydellisesti\u00a0hampaiden p\u00e4ivitt\u00e4iseen valkaisuun\u00a0ja\u00a0hampaiden suojaamiseen\u00a0ulkoisilta rasituksilta. Vaikuttavat ainesosat muodostavat hampaiden pintaan\u00a0suojaavan kerroksen, joka ehk\u00e4isee v\u00e4rj\u00e4ymien syntymist\u00e4.\" \/>\n<meta name=\"robots\" content=\"index, follow, max-snippet:-1, max-image-preview:large, max-video-preview:-1\" \/>\n<link rel=\"canonical\" href=\"https:\/\/iwhiteinstant.com\/fi\/tuote\/iwhite-supreme-valkaiseva-hammastahna\/\" \/>\n<meta property=\"og:locale\" content=\"fi_FI\" \/>\n<meta property=\"og:type\" content=\"article\" \/>\n<meta property=\"og:title\" content=\"iWhite Supreme valkaiseva hammastahna - iWhite\" \/>\n<meta property=\"og:description\" content=\"iWhite Supreme -hammastahna sopii t\u00e4ydellisesti\u00a0hampaiden p\u00e4ivitt\u00e4iseen valkaisuun\u00a0ja\u00a0hampaiden suojaamiseen\u00a0ulkoisilta rasituksilta. Vaikuttavat ainesosat muodostavat hampaiden pintaan\u00a0suojaavan kerroksen, joka ehk\u00e4isee v\u00e4rj\u00e4ymien syntymist\u00e4.\" \/>\n<meta property=\"og:url\" content=\"https:\/\/iwhiteinstant.com\/fi\/tuote\/iwhite-supreme-valkaiseva-hammastahna\/\" \/>\n<meta property=\"og:site_name\" content=\"iWhite\" \/>\n<meta property=\"article:modified_time\" content=\"2026-02-20T09:05:08+00:00\" \/>\n<meta property=\"og:image\" content=\"https:\/\/iwhiteinstant.com\/app\/uploads\/sites\/6\/2024\/08\/iWhite-Supreme-toothpaste.png\" \/>\n\t<meta property=\"og:image:width\" content=\"800\" \/>\n\t<meta property=\"og:image:height\" content=\"800\" \/>\n\t<meta property=\"og:image:type\" content=\"image\/png\" \/>\n<meta name=\"twitter:card\" content=\"summary_large_image\" \/>\n<meta name=\"twitter:label1\" content=\"Est. reading time\" \/>\n\t<meta name=\"twitter:data1\" content=\"3 minutes\" \/>\n<script type=\"application\/ld+json\" class=\"yoast-schema-graph\">{\"@context\":\"https:\/\/schema.org\",\"@graph\":[{\"@type\":\"WebPage\",\"@id\":\"https:\/\/iwhiteinstant.com\/fi\/tuote\/iwhite-supreme-valkaiseva-hammastahna\/\",\"url\":\"https:\/\/iwhiteinstant.com\/fi\/tuote\/iwhite-supreme-valkaiseva-hammastahna\/\",\"name\":\"iWhite Supreme valkaiseva hammastahna - iWhite\",\"isPartOf\":{\"@id\":\"https:\/\/iwhiteinstant.com\/fi\/#website\"},\"primaryImageOfPage\":{\"@id\":\"https:\/\/iwhiteinstant.com\/fi\/tuote\/iwhite-supreme-valkaiseva-hammastahna\/#primaryimage\"},\"image\":{\"@id\":\"https:\/\/iwhiteinstant.com\/fi\/tuote\/iwhite-supreme-valkaiseva-hammastahna\/#primaryimage\"},\"thumbnailUrl\":\"https:\/\/iwhiteinstant.com\/app\/uploads\/sites\/6\/2024\/08\/iWhite-Supreme-toothpaste.png\",\"datePublished\":\"2024-08-19T08:29:13+00:00\",\"dateModified\":\"2026-02-20T09:05:08+00:00\",\"description\":\"iWhite Supreme -hammastahna sopii t\u00e4ydellisesti\u00a0hampaiden p\u00e4ivitt\u00e4iseen valkaisuun\u00a0ja\u00a0hampaiden suojaamiseen\u00a0ulkoisilta rasituksilta. Vaikuttavat ainesosat muodostavat hampaiden pintaan\u00a0suojaavan kerroksen, joka ehk\u00e4isee v\u00e4rj\u00e4ymien syntymist\u00e4.\",\"breadcrumb\":{\"@id\":\"https:\/\/iwhiteinstant.com\/fi\/tuote\/iwhite-supreme-valkaiseva-hammastahna\/#breadcrumb\"},\"inLanguage\":\"fi-FI\",\"potentialAction\":[{\"@type\":\"ReadAction\",\"target\":[\"https:\/\/iwhiteinstant.com\/fi\/tuote\/iwhite-supreme-valkaiseva-hammastahna\/\"]}]},{\"@type\":\"ImageObject\",\"inLanguage\":\"fi-FI\",\"@id\":\"https:\/\/iwhiteinstant.com\/fi\/tuote\/iwhite-supreme-valkaiseva-hammastahna\/#primaryimage\",\"url\":\"https:\/\/iwhiteinstant.com\/app\/uploads\/sites\/6\/2024\/08\/iWhite-Supreme-toothpaste.png\",\"contentUrl\":\"https:\/\/iwhiteinstant.com\/app\/uploads\/sites\/6\/2024\/08\/iWhite-Supreme-toothpaste.png\",\"width\":800,\"height\":800,\"caption\":\"iWhite-Supreme-toothpaste\"},{\"@type\":\"BreadcrumbList\",\"@id\":\"https:\/\/iwhiteinstant.com\/fi\/tuote\/iwhite-supreme-valkaiseva-hammastahna\/#breadcrumb\",\"itemListElement\":[{\"@type\":\"ListItem\",\"position\":1,\"name\":\"Home\",\"item\":\"https:\/\/iwhiteinstant.com\/fi\/\"},{\"@type\":\"ListItem\",\"position\":2,\"name\":\"Tuotevalikoima\",\"item\":\"https:\/\/iwhiteinstant.com\/fi\/iwhite-tuotevalikoima\/\"},{\"@type\":\"ListItem\",\"position\":3,\"name\":\"iWhite Supreme valkaiseva hammastahna\"}]},{\"@type\":\"WebSite\",\"@id\":\"https:\/\/iwhiteinstant.com\/fi\/#website\",\"url\":\"https:\/\/iwhiteinstant.com\/fi\/\",\"name\":\"iWhite\",\"description\":\"\",\"publisher\":{\"@id\":\"https:\/\/iwhiteinstant.com\/fi\/#organization\"},\"potentialAction\":[{\"@type\":\"SearchAction\",\"target\":{\"@type\":\"EntryPoint\",\"urlTemplate\":\"https:\/\/iwhiteinstant.com\/fi\/?s={search_term_string}\"},\"query-input\":{\"@type\":\"PropertyValueSpecification\",\"valueRequired\":true,\"valueName\":\"search_term_string\"}}],\"inLanguage\":\"fi-FI\"},{\"@type\":\"Organization\",\"@id\":\"https:\/\/iwhiteinstant.com\/fi\/#organization\",\"name\":\"iWhite\",\"url\":\"https:\/\/iwhiteinstant.com\/fi\/\",\"logo\":{\"@type\":\"ImageObject\",\"inLanguage\":\"fi-FI\",\"@id\":\"https:\/\/iwhiteinstant.com\/fi\/#\/schema\/logo\/image\/\",\"url\":\"https:\/\/iwhiteinstant.com\/app\/uploads\/sites\/6\/2024\/08\/Iwhite-logo.png\",\"contentUrl\":\"https:\/\/iwhiteinstant.com\/app\/uploads\/sites\/6\/2024\/08\/Iwhite-logo.png\",\"width\":160,\"height\":40,\"caption\":\"iWhite\"},\"image\":{\"@id\":\"https:\/\/iwhiteinstant.com\/fi\/#\/schema\/logo\/image\/\"}}]}<\/script>\n<!-- \/ Yoast SEO plugin. -->","yoast_head_json":{"title":"iWhite Supreme valkaiseva hammastahna - iWhite","description":"iWhite Supreme -hammastahna sopii t\u00e4ydellisesti\u00a0hampaiden p\u00e4ivitt\u00e4iseen valkaisuun\u00a0ja\u00a0hampaiden suojaamiseen\u00a0ulkoisilta rasituksilta. Vaikuttavat ainesosat muodostavat hampaiden pintaan\u00a0suojaavan kerroksen, joka ehk\u00e4isee v\u00e4rj\u00e4ymien syntymist\u00e4.","robots":{"index":"index","follow":"follow","max-snippet":"max-snippet:-1","max-image-preview":"max-image-preview:large","max-video-preview":"max-video-preview:-1"},"canonical":"https:\/\/iwhiteinstant.com\/fi\/tuote\/iwhite-supreme-valkaiseva-hammastahna\/","og_locale":"fi_FI","og_type":"article","og_title":"iWhite Supreme valkaiseva hammastahna - iWhite","og_description":"iWhite Supreme -hammastahna sopii t\u00e4ydellisesti\u00a0hampaiden p\u00e4ivitt\u00e4iseen valkaisuun\u00a0ja\u00a0hampaiden suojaamiseen\u00a0ulkoisilta rasituksilta. Vaikuttavat ainesosat muodostavat hampaiden pintaan\u00a0suojaavan kerroksen, joka ehk\u00e4isee v\u00e4rj\u00e4ymien syntymist\u00e4.","og_url":"https:\/\/iwhiteinstant.com\/fi\/tuote\/iwhite-supreme-valkaiseva-hammastahna\/","og_site_name":"iWhite","article_modified_time":"2026-02-20T09:05:08+00:00","og_image":[{"width":800,"height":800,"url":"https:\/\/iwhiteinstant.com\/app\/uploads\/sites\/6\/2024\/08\/iWhite-Supreme-toothpaste.png","type":"image\/png"}],"twitter_card":"summary_large_image","twitter_misc":{"Est. reading time":"3 minutes"},"schema":{"@context":"https:\/\/schema.org","@graph":[{"@type":"WebPage","@id":"https:\/\/iwhiteinstant.com\/fi\/tuote\/iwhite-supreme-valkaiseva-hammastahna\/","url":"https:\/\/iwhiteinstant.com\/fi\/tuote\/iwhite-supreme-valkaiseva-hammastahna\/","name":"iWhite Supreme valkaiseva hammastahna - iWhite","isPartOf":{"@id":"https:\/\/iwhiteinstant.com\/fi\/#website"},"primaryImageOfPage":{"@id":"https:\/\/iwhiteinstant.com\/fi\/tuote\/iwhite-supreme-valkaiseva-hammastahna\/#primaryimage"},"image":{"@id":"https:\/\/iwhiteinstant.com\/fi\/tuote\/iwhite-supreme-valkaiseva-hammastahna\/#primaryimage"},"thumbnailUrl":"https:\/\/iwhiteinstant.com\/app\/uploads\/sites\/6\/2024\/08\/iWhite-Supreme-toothpaste.png","datePublished":"2024-08-19T08:29:13+00:00","dateModified":"2026-02-20T09:05:08+00:00","description":"iWhite Supreme -hammastahna sopii t\u00e4ydellisesti\u00a0hampaiden p\u00e4ivitt\u00e4iseen valkaisuun\u00a0ja\u00a0hampaiden suojaamiseen\u00a0ulkoisilta rasituksilta. Vaikuttavat ainesosat muodostavat hampaiden pintaan\u00a0suojaavan kerroksen, joka ehk\u00e4isee v\u00e4rj\u00e4ymien syntymist\u00e4.","breadcrumb":{"@id":"https:\/\/iwhiteinstant.com\/fi\/tuote\/iwhite-supreme-valkaiseva-hammastahna\/#breadcrumb"},"inLanguage":"fi-FI","potentialAction":[{"@type":"ReadAction","target":["https:\/\/iwhiteinstant.com\/fi\/tuote\/iwhite-supreme-valkaiseva-hammastahna\/"]}]},{"@type":"ImageObject","inLanguage":"fi-FI","@id":"https:\/\/iwhiteinstant.com\/fi\/tuote\/iwhite-supreme-valkaiseva-hammastahna\/#primaryimage","url":"https:\/\/iwhiteinstant.com\/app\/uploads\/sites\/6\/2024\/08\/iWhite-Supreme-toothpaste.png","contentUrl":"https:\/\/iwhiteinstant.com\/app\/uploads\/sites\/6\/2024\/08\/iWhite-Supreme-toothpaste.png","width":800,"height":800,"caption":"iWhite-Supreme-toothpaste"},{"@type":"BreadcrumbList","@id":"https:\/\/iwhiteinstant.com\/fi\/tuote\/iwhite-supreme-valkaiseva-hammastahna\/#breadcrumb","itemListElement":[{"@type":"ListItem","position":1,"name":"Home","item":"https:\/\/iwhiteinstant.com\/fi\/"},{"@type":"ListItem","position":2,"name":"Tuotevalikoima","item":"https:\/\/iwhiteinstant.com\/fi\/iwhite-tuotevalikoima\/"},{"@type":"ListItem","position":3,"name":"iWhite Supreme valkaiseva hammastahna"}]},{"@type":"WebSite","@id":"https:\/\/iwhiteinstant.com\/fi\/#website","url":"https:\/\/iwhiteinstant.com\/fi\/","name":"iWhite","description":"","publisher":{"@id":"https:\/\/iwhiteinstant.com\/fi\/#organization"},"potentialAction":[{"@type":"SearchAction","target":{"@type":"EntryPoint","urlTemplate":"https:\/\/iwhiteinstant.com\/fi\/?s={search_term_string}"},"query-input":{"@type":"PropertyValueSpecification","valueRequired":true,"valueName":"search_term_string"}}],"inLanguage":"fi-FI"},{"@type":"Organization","@id":"https:\/\/iwhiteinstant.com\/fi\/#organization","name":"iWhite","url":"https:\/\/iwhiteinstant.com\/fi\/","logo":{"@type":"ImageObject","inLanguage":"fi-FI","@id":"https:\/\/iwhiteinstant.com\/fi\/#\/schema\/logo\/image\/","url":"https:\/\/iwhiteinstant.com\/app\/uploads\/sites\/6\/2024\/08\/Iwhite-logo.png","contentUrl":"https:\/\/iwhiteinstant.com\/app\/uploads\/sites\/6\/2024\/08\/Iwhite-logo.png","width":160,"height":40,"caption":"iWhite"},"image":{"@id":"https:\/\/iwhiteinstant.com\/fi\/#\/schema\/logo\/image\/"}}]}},"_links":{"self":[{"href":"https:\/\/iwhiteinstant.com\/fi\/wp-json\/wp\/v2\/product\/92","targetHints":{"allow":["GET"]}}],"collection":[{"href":"https:\/\/iwhiteinstant.com\/fi\/wp-json\/wp\/v2\/product"}],"about":[{"href":"https:\/\/iwhiteinstant.com\/fi\/wp-json\/wp\/v2\/types\/product"}],"replies":[{"embeddable":true,"href":"https:\/\/iwhiteinstant.com\/fi\/wp-json\/wp\/v2\/comments?post=92"}],"version-history":[{"count":9,"href":"https:\/\/iwhiteinstant.com\/fi\/wp-json\/wp\/v2\/product\/92\/revisions"}],"predecessor-version":[{"id":349,"href":"https:\/\/iwhiteinstant.com\/fi\/wp-json\/wp\/v2\/product\/92\/revisions\/349"}],"wp:featuredmedia":[{"embeddable":true,"href":"https:\/\/iwhiteinstant.com\/fi\/wp-json\/wp\/v2\/media\/141"}],"wp:attachment":[{"href":"https:\/\/iwhiteinstant.com\/fi\/wp-json\/wp\/v2\/media?parent=92"}],"wp:term":[{"taxonomy":"product_brand","embeddable":true,"href":"https:\/\/iwhiteinstant.com\/fi\/wp-json\/wp\/v2\/product_brand?post=92"},{"taxonomy":"product_cat","embeddable":true,"href":"https:\/\/iwhiteinstant.com\/fi\/wp-json\/wp\/v2\/product_cat?post=92"},{"taxonomy":"product_tag","embeddable":true,"href":"https:\/\/iwhiteinstant.com\/fi\/wp-json\/wp\/v2\/product_tag?post=92"}],"curies":[{"name":"wp","href":"https:\/\/api.w.org\/{rel}","templated":true}]}}