{"id":94,"date":"2024-08-19T11:29:39","date_gmt":"2024-08-19T08:29:39","guid":{"rendered":"https:\/\/iwhiteinstant.com\/fi\/?post_type=product&#038;p=94"},"modified":"2026-04-17T15:46:12","modified_gmt":"2026-04-17T12:46:12","slug":"iwhite-sensitive-valkaiseva-hammastahna","status":"publish","type":"product","link":"https:\/\/iwhiteinstant.com\/fi\/tuote\/iwhite-sensitive-valkaiseva-hammastahna\/","title":{"rendered":"iWhite Sensitive valkaiseva hammastahna"},"content":{"rendered":"\n<div class=\"wp-block-karopharma-free-text pt-large pb-small bg-center bg-cover bg-no-repeat\" style=\"background-image:url()\"><div class=\"free-text-wrapper container max-w-medium text-left\">\n<h2 class=\"wp-block-heading is-style-heading-h2\">Aktiivisiin mikrohelmiin perustuva tekniikka on hampaiden valkaisun huippuinnovaatio<\/h2>\n\n\n\n<p>Aktiivisiin mikrohelmiin on koteloitu hampaiden herkkyytt\u00e4 v\u00e4hent\u00e4v\u00e4\u00e4 tehoainetta eli kaliumnitraattia. Vaikuttavia tehoaineita vapautuu aina, kun harjaat hampaitasi. Vaikuttavat ainesosat pysyv\u00e4t kapseloituina, kunnes p\u00e4\u00e4t\u00e4t k\u00e4ytt\u00e4\u00e4 hammastahnaa. T\u00e4ll\u00f6in vaikuttavat ainesosat aktivoituvat. Herkkyytt\u00e4 v\u00e4hent\u00e4v\u00e4t tehoaineet tunkeutuvat hammaskiilteen l\u00e4pi hermop\u00e4ihin ja est\u00e4v\u00e4t vihlonnan tunnetta v\u00e4litt\u00e4vi\u00e4 hermosignaaleita.<\/p>\n\n\n\n<p>iWhite P.A.P.-teknologian ja aktiivisiin mikrohelmiin perustuvan teknologian yhteisvaikutukseen perustuva hammastahna paitsi v\u00e4hent\u00e4\u00e4 hampaiden vihlomista my\u00f6s vahvistaa ja suojaa hampaita (natriumfluoridi). T\u00e4ll\u00e4 ainutlaatuisella yhdistelm\u00e4ll\u00e4 saadaan v\u00e4hemm\u00e4n herk\u00e4t ja selv\u00e4sti valkoisemmat hampaat. Anna valkoisen hymysi s\u00e4ihky\u00e4!<\/p>\n<\/div><\/div>\n\n\n\n<div class=\"wp-block-karopharma-product-promotion text-align-right pt-medium pb-medium bg-center bg-cover bg-no-repeat\" style=\"background-image:url()\"><div class=\"container max-w-medium\">\n<div class=\"wp-block-group is-layout-flow wp-block-group-is-layout-flow\">\n<figure class=\"wp-block-karopharma-product-promotion-image product-promotion-image\"><img fetchpriority=\"high\" decoding=\"async\" datatest=\"image\" src=\"https:\/\/iwhiteinstant.com\/cdn-cgi\/image\/format=auto\/app\/uploads\/sites\/6\/2024\/08\/iWhite-Sensitive-Technology.png\" loading=\"eager\" alt=\"iWhite-Sensitive-Technology\" width=\"518\" height=\"438\" srcset=\"https:\/\/iwhiteinstant.com\/cdn-cgi\/image\/format=auto,width=584\/app\/uploads\/sites\/6\/2024\/08\/iWhite-Sensitive-Technology.png 584w, https:\/\/iwhiteinstant.com\/cdn-cgi\/image\/format=auto,width=272\/app\/uploads\/sites\/6\/2024\/08\/iWhite-Sensitive-Technology.png 272w\" sizes=\"(max-width: 584px) 100vw, 584px\"\/><\/figure>\n<\/div>\n\n\n\n<div class=\"wp-block-group is-layout-flow wp-block-group-is-layout-flow\">\n<h2 class=\"wp-block-heading heading is-style-heading-h4\">Kivuntunnetta v\u00e4litt\u00e4vien hermosignaalien tarkoituksellinen est\u00e4minen<\/h2>\n\n\n\n<p>T\u00e4m\u00e4n hammastahnan herkkyytt\u00e4 v\u00e4hent\u00e4v\u00e4t tehoaineet tunkeutuvat hammaskiilteen l\u00e4pi hermop\u00e4ihin ja est\u00e4v\u00e4t vihlonnan tunnetta v\u00e4litt\u00e4vi\u00e4 hermosignaaleita. Hammastahna my\u00f6s mineralisoi hammaskiillett\u00e4 ja ehk\u00e4isee reikien syntymist\u00e4.<\/p>\n\n\n\n<p>Tuloksena on terve ja valkoinen hymy ilman tukalaa vihlontaa.<\/p>\n<\/div>\n<\/div><\/div>\n\n\n\n<div class=\"wp-block-karopharma-free-text pt-large pb-none bg-center bg-cover bg-no-repeat  is-style-primary\" style=\"background-image:url()\"><div class=\"free-text-wrapper container max-w-medium text-center\">\n<h3 class=\"wp-block-heading is-style-heading-h2\">S\u00e4\u00e4nn\u00f6llinen rutiini &#8211; parhaat tulokset<\/h3>\n\n\n\n<p class=\"is-style-paragraph-preamble\">S\u00e4\u00e4nn\u00f6llisell\u00e4 rutiinilla p\u00e4\u00e4set parhaisiin valkaisutuloksiin. Voit k\u00e4ytt\u00e4\u00e4 hammastahnaa yhdess\u00e4 kuukausittaiseen k\u00e4ytt\u00f6\u00f6n tarkoitettujen valkaisumuottien sek\u00e4 p\u00e4ivitt\u00e4iseen k\u00e4ytt\u00f6\u00f6n tarkoitetun suuveden kanssa.<\/p>\n\n\n\n<div class=\"wp-block-buttons is-layout-flex wp-block-buttons-is-layout-flex\">\n<div class=\"wp-block-button\"><a class=\"wp-block-button__link wp-element-button\" href=\"https:\/\/iwhiteinstant.com\/fi\/iwhite-hoitorutiini\/\">Tutustu iWhite-hoitorutiiniin<\/a><\/div>\n<\/div>\n<\/div><\/div>\n\n\n<div class=\"product-list wp-block-karopharma-product-list is-style-primary\" data-testid=\"product-list\">\n      <div class=\"swiper-container\">\n      <div class=\"swiper\">\n        <div class=\"swiper-wrapper\">\n                      <div class=\"swiper-slide\">\n              <div class=\"product-card\" data-testid=\"product-card\">\n  <a\n    href=https:\/\/iwhiteinstant.com\/fi\/tuote\/iwhite-instant-valkaiseva-suuvesi\/\n    class=\"product-card-link\"\n    title=\"iWhite Instant valkaiseva suuvesi\"\n  >\n  <figure class=\"product-card-image\" data-testid=\"product-image\">\n                          <img decoding=\"async\" src=\"https:\/\/iwhiteinstant.com\/cdn-cgi\/image\/width=700,format=auto\/app\/uploads\/sites\/6\/2024\/08\/iWhite-Instant-Whitening-Mouthwash.png\"\n        srcset=\"https:\/\/iwhiteinstant.com\/cdn-cgi\/image\/width=250,format=auto\/app\/uploads\/sites\/6\/2024\/08\/iWhite-Instant-Whitening-Mouthwash.png 250w,\n                https:\/\/iwhiteinstant.com\/cdn-cgi\/image\/width=500,format=auto\/app\/uploads\/sites\/6\/2024\/08\/iWhite-Instant-Whitening-Mouthwash.png 500w,\n                https:\/\/iwhiteinstant.com\/cdn-cgi\/image\/width=700,format=auto\/app\/uploads\/sites\/6\/2024\/08\/iWhite-Instant-Whitening-Mouthwash.png 700w\"\n        sizes=\"(max-width: 400px) 250px, (max-width: 800px) 500px, 700px\"\n        alt=\"iWhite-Instant-Whitening-Mouthwash\"\n        class=\"img\">\n            <\/figure>\n    <div class=\"product-card-content\">\n      <div class=\"heading-wrapper\">\n        <h2 class=\"heading\">iWhite Instant valkaiseva suuvesi<\/h2>\n      <\/div>\n      <div class=\"product-card-description\">Valkaiseva suuvesi p\u00e4ivitt\u00e4iseen k\u00e4ytt\u00f6\u00f6n. Liuottaa hampaiden v\u00e4rj\u00e4ymi\u00e4.<\/div>\n                      <\/div>\n  <\/a>\n          <div class=\"button-wrapper buy-now \" data-testid=\"buy-now\">\n      <div class=\"buy-now-container dropdown-container\">\n      <div class=\"theme-button button-primary-color dropdown-link\" aria-label=\"Osta heti\">\n          Osta heti <i class=\"dropdown\"><\/i>\n      <\/div>\n      <ul class=\"reseller-list submenu\">\n                    <li>\n              <a\n                href=\"https:\/\/apteekki360.fi\/collections\/iwhite-instant\/products\/iwhite-instant-valkaiseva-suuvesi\" onclick=\"dataLayer.push({'event':'ga_event', 'eventCategory':'Click on Reseller', 'eventAction':'Apteekki 360', 'eventLabel':'iWhite Instant valkaiseva suuvesi', 'eventValue': undefined})\" rel=\"noopener\" target=\"_blank\" title=\"Apteekki 360\"\n                data-testid=\"buy-now-reseller\">\n                <i class=\"fa-solid fa-arrow-right\"><\/i> Apteekki 360\n              <\/a>\n          <\/li>\n                    <li>\n              <a\n                href=\"https:\/\/www.apteekkiplus.fi\/products\/iwhite-instant-valkaiseva-suuvesi?_pos=6&amp;_sid=6ae7dde9e&amp;_ss=r\" onclick=\"dataLayer.push({'event':'ga_event', 'eventCategory':'Click on Reseller', 'eventAction':'ApteekkiPlus', 'eventLabel':'iWhite Instant valkaiseva suuvesi', 'eventValue': undefined})\" rel=\"noopener\" target=\"_blank\" title=\"ApteekkiPlus\"\n                data-testid=\"buy-now-reseller\">\n                <i class=\"fa-solid fa-arrow-right\"><\/i> ApteekkiPlus\n              <\/a>\n          <\/li>\n                    <li>\n              <a\n                href=\"https:\/\/www.apteekkishop.fi\/epages\/ApteekkiShop.sf\/fi_FI\/?ObjectPath=\/Shops\/ApteekkiShop\/Products\/2154144\" onclick=\"dataLayer.push({'event':'ga_event', 'eventCategory':'Click on Reseller', 'eventAction':'Apteekkishop', 'eventLabel':'iWhite Instant valkaiseva suuvesi', 'eventValue': undefined})\" rel=\"noopener\" target=\"_blank\" title=\"Apteekkishop\"\n                data-testid=\"buy-now-reseller\">\n                <i class=\"fa-solid fa-arrow-right\"><\/i> Apteekkishop\n              <\/a>\n          <\/li>\n                    <li>\n              <a\n                href=\"https:\/\/www.bonusapteekki.fi\/epages\/Bonusapteekki.sf\/fi_FI\/?ObjectPath=\/Shops\/Bonusapteekki\/Products\/2154144\" onclick=\"dataLayer.push({'event':'ga_event', 'eventCategory':'Click on Reseller', 'eventAction':'bonusapteekki', 'eventLabel':'iWhite Instant valkaiseva suuvesi', 'eventValue': undefined})\" rel=\"noopener\" target=\"_blank\" title=\"bonusapteekki\"\n                data-testid=\"buy-now-reseller\">\n                <i class=\"fa-solid fa-arrow-right\"><\/i> bonusapteekki\n              <\/a>\n          <\/li>\n                    <li>\n              <a\n                href=\"https:\/\/www.nettiapteekki.fi\/products\/iwhite-instant-valkaiseva-suuvesi-tamro\" onclick=\"dataLayer.push({'event':'ga_event', 'eventCategory':'Click on Reseller', 'eventAction':'Nettiapteekki', 'eventLabel':'iWhite Instant valkaiseva suuvesi', 'eventValue': undefined})\" rel=\"noopener\" target=\"_blank\" title=\"Nettiapteekki\"\n                data-testid=\"buy-now-reseller\">\n                <i class=\"fa-solid fa-arrow-right\"><\/i> Nettiapteekki\n              <\/a>\n          <\/li>\n                    <li>\n              <a\n                href=\"https:\/\/www.oloapteekki.fi\/iwhite-instant-valkaiseva-suuvesi-500-ml\" onclick=\"dataLayer.push({'event':'ga_event', 'eventCategory':'Click on Reseller', 'eventAction':'Olo Apteekki', 'eventLabel':'iWhite Instant valkaiseva suuvesi', 'eventValue': undefined})\" rel=\"noopener\" target=\"_blank\" title=\"Olo Apteekki\"\n                data-testid=\"buy-now-reseller\">\n                <i class=\"fa-solid fa-arrow-right\"><\/i> Olo Apteekki\n              <\/a>\n          <\/li>\n                    <li>\n              <a\n                href=\"https:\/\/verkkoapteekit.fi\/fi\/iwhite-instant-valkaiseva-suuvesi-500-ml.html\" onclick=\"dataLayer.push({'event':'ga_event', 'eventCategory':'Click on Reseller', 'eventAction':'Verkkoapteekit', 'eventLabel':'iWhite Instant valkaiseva suuvesi', 'eventValue': undefined})\" rel=\"noopener\" target=\"_blank\" title=\"Verkkoapteekit\"\n                data-testid=\"buy-now-reseller\">\n                <i class=\"fa-solid fa-arrow-right\"><\/i> Verkkoapteekit\n              <\/a>\n          <\/li>\n                    <li>\n              <a\n                href=\"https:\/\/www.verkkoapteekki.fi\/iWhite-Instant-valkaiseva-suuvesi-500-ml?utm_source=Karo&amp;utm_medium=Referral\" onclick=\"dataLayer.push({'event':'ga_event', 'eventCategory':'Click on Reseller', 'eventAction':'Verkkoapteekki', 'eventLabel':'iWhite Instant valkaiseva suuvesi', 'eventValue': undefined})\" rel=\"noopener\" target=\"_blank\" title=\"Verkkoapteekki\"\n                data-testid=\"buy-now-reseller\">\n                <i class=\"fa-solid fa-arrow-right\"><\/i> Verkkoapteekki\n              <\/a>\n          <\/li>\n                    <li>\n              <a\n                href=\"https:\/\/www.yliopistonapteekki.fi\/iwhite-instant-valkaiseva-suuvesi-500-ml-79034\" onclick=\"dataLayer.push({'event':'ga_event', 'eventCategory':'Click on Reseller', 'eventAction':'Yliopiston Apteekki', 'eventLabel':'iWhite Instant valkaiseva suuvesi', 'eventValue': undefined})\" rel=\"noopener\" target=\"_blank\" title=\"Yliopiston Apteekki\"\n                data-testid=\"buy-now-reseller\">\n                <i class=\"fa-solid fa-arrow-right\"><\/i> Yliopiston Apteekki\n              <\/a>\n          <\/li>\n                    <li>\n              <a\n                href=\"https:\/\/www.yliopistonverkkoapteekki.fi\/epages\/KYA.sf\/fi_FI\/?ObjectPath=\/Shops\/KYA\/Products\/2154144\" onclick=\"dataLayer.push({'event':'ga_event', 'eventCategory':'Click on Reseller', 'eventAction':'Yliopistonverkkoapteekki', 'eventLabel':'iWhite Instant valkaiseva suuvesi', 'eventValue': undefined})\" rel=\"noopener\" target=\"_blank\" title=\"Yliopistonverkkoapteekki\"\n                data-testid=\"buy-now-reseller\">\n                <i class=\"fa-solid fa-arrow-right\"><\/i> Yliopistonverkkoapteekki\n              <\/a>\n          <\/li>\n                <\/ul>\n    <\/div>\n  <\/div>\n  <\/div>\n            <\/div>\n                  <\/div>\n        <div class=\"swiper-scrollbar\"><\/div>\n      <\/div>\n    <\/div>\n  <\/div>\n\n\n\n<div class=\"wp-block-karopharma-free-text pt-large pb-none bg-center bg-cover bg-no-repeat\" style=\"background-image:url()\"><div class=\"free-text-wrapper container max-w-medium text-center\">\n<h3 class=\"wp-block-heading is-style-heading-h2 has-primary-color has-text-color\">Saatat my\u00f6s pit\u00e4\u00e4<\/h3>\n<\/div><\/div>\n","protected":false},"excerpt":{"rendered":"<p>Hammastahna, joka est\u00e4\u00e4 hermosignaalien v\u00e4littymist\u00e4 v\u00e4hent\u00e4en hampaiden vihlomista.<\/p>\n","protected":false},"featured_media":140,"comment_status":"closed","ping_status":"closed","template":"","meta":{"_acf_changed":false,"footnotes":""},"product_brand":[],"product_cat":[22],"product_tag":[],"class_list":{"0":"post-94","1":"product","2":"type-product","3":"status-publish","4":"has-post-thumbnail","6":"product_cat-hammastahna","8":"first","9":"instock","10":"shipping-taxable","11":"product-type-simple"},"acf":[],"yoast_head":"<!-- This site is optimized with the Yoast SEO plugin v26.6 - https:\/\/yoast.com\/wordpress\/plugins\/seo\/ -->\n<title>iWhite Sensitive valkaiseva hammastahna - iWhite<\/title>\n<meta name=\"description\" content=\"Hampaiden herkkyyden vuoksi hampaissa voi tuntua kipua tai ep\u00e4mukavuutta, jonka \u00e4rsykkeen\u00e4 toimii esimerkiksi kuuma tai kylm\u00e4 l\u00e4mp\u00f6tila.\" \/>\n<meta name=\"robots\" content=\"index, follow, max-snippet:-1, max-image-preview:large, max-video-preview:-1\" \/>\n<link rel=\"canonical\" href=\"https:\/\/iwhiteinstant.com\/fi\/tuote\/iwhite-sensitive-valkaiseva-hammastahna\/\" \/>\n<meta property=\"og:locale\" content=\"fi_FI\" \/>\n<meta property=\"og:type\" content=\"article\" \/>\n<meta property=\"og:title\" content=\"iWhite Sensitive valkaiseva hammastahna - iWhite\" \/>\n<meta property=\"og:description\" content=\"Hampaiden herkkyyden vuoksi hampaissa voi tuntua kipua tai ep\u00e4mukavuutta, jonka \u00e4rsykkeen\u00e4 toimii esimerkiksi kuuma tai kylm\u00e4 l\u00e4mp\u00f6tila.\" \/>\n<meta property=\"og:url\" content=\"https:\/\/iwhiteinstant.com\/fi\/tuote\/iwhite-sensitive-valkaiseva-hammastahna\/\" \/>\n<meta property=\"og:site_name\" content=\"iWhite\" \/>\n<meta property=\"article:modified_time\" content=\"2026-04-17T12:46:12+00:00\" \/>\n<meta property=\"og:image\" content=\"https:\/\/iwhiteinstant.com\/app\/uploads\/sites\/6\/2024\/08\/iWhite-Sensitive-Toothpaste.png\" \/>\n\t<meta property=\"og:image:width\" content=\"800\" \/>\n\t<meta property=\"og:image:height\" content=\"800\" \/>\n\t<meta property=\"og:image:type\" content=\"image\/png\" \/>\n<meta name=\"twitter:card\" content=\"summary_large_image\" \/>\n<meta name=\"twitter:label1\" content=\"Est. reading time\" \/>\n\t<meta name=\"twitter:data1\" content=\"3 minutes\" \/>\n<script type=\"application\/ld+json\" class=\"yoast-schema-graph\">{\"@context\":\"https:\/\/schema.org\",\"@graph\":[{\"@type\":\"WebPage\",\"@id\":\"https:\/\/iwhiteinstant.com\/fi\/tuote\/iwhite-sensitive-valkaiseva-hammastahna\/\",\"url\":\"https:\/\/iwhiteinstant.com\/fi\/tuote\/iwhite-sensitive-valkaiseva-hammastahna\/\",\"name\":\"iWhite Sensitive valkaiseva hammastahna - iWhite\",\"isPartOf\":{\"@id\":\"https:\/\/iwhiteinstant.com\/fi\/#website\"},\"primaryImageOfPage\":{\"@id\":\"https:\/\/iwhiteinstant.com\/fi\/tuote\/iwhite-sensitive-valkaiseva-hammastahna\/#primaryimage\"},\"image\":{\"@id\":\"https:\/\/iwhiteinstant.com\/fi\/tuote\/iwhite-sensitive-valkaiseva-hammastahna\/#primaryimage\"},\"thumbnailUrl\":\"https:\/\/iwhiteinstant.com\/app\/uploads\/sites\/6\/2024\/08\/iWhite-Sensitive-Toothpaste.png\",\"datePublished\":\"2024-08-19T08:29:39+00:00\",\"dateModified\":\"2026-04-17T12:46:12+00:00\",\"description\":\"Hampaiden herkkyyden vuoksi hampaissa voi tuntua kipua tai ep\u00e4mukavuutta, jonka \u00e4rsykkeen\u00e4 toimii esimerkiksi kuuma tai kylm\u00e4 l\u00e4mp\u00f6tila.\",\"breadcrumb\":{\"@id\":\"https:\/\/iwhiteinstant.com\/fi\/tuote\/iwhite-sensitive-valkaiseva-hammastahna\/#breadcrumb\"},\"inLanguage\":\"fi-FI\",\"potentialAction\":[{\"@type\":\"ReadAction\",\"target\":[\"https:\/\/iwhiteinstant.com\/fi\/tuote\/iwhite-sensitive-valkaiseva-hammastahna\/\"]}]},{\"@type\":\"ImageObject\",\"inLanguage\":\"fi-FI\",\"@id\":\"https:\/\/iwhiteinstant.com\/fi\/tuote\/iwhite-sensitive-valkaiseva-hammastahna\/#primaryimage\",\"url\":\"https:\/\/iwhiteinstant.com\/app\/uploads\/sites\/6\/2024\/08\/iWhite-Sensitive-Toothpaste.png\",\"contentUrl\":\"https:\/\/iwhiteinstant.com\/app\/uploads\/sites\/6\/2024\/08\/iWhite-Sensitive-Toothpaste.png\",\"width\":800,\"height\":800,\"caption\":\"iWhite-Sensitive-Toothpaste\"},{\"@type\":\"BreadcrumbList\",\"@id\":\"https:\/\/iwhiteinstant.com\/fi\/tuote\/iwhite-sensitive-valkaiseva-hammastahna\/#breadcrumb\",\"itemListElement\":[{\"@type\":\"ListItem\",\"position\":1,\"name\":\"Home\",\"item\":\"https:\/\/iwhiteinstant.com\/fi\/\"},{\"@type\":\"ListItem\",\"position\":2,\"name\":\"Tuotevalikoima\",\"item\":\"https:\/\/iwhiteinstant.com\/fi\/iwhite-tuotevalikoima\/\"},{\"@type\":\"ListItem\",\"position\":3,\"name\":\"iWhite Sensitive valkaiseva hammastahna\"}]},{\"@type\":\"WebSite\",\"@id\":\"https:\/\/iwhiteinstant.com\/fi\/#website\",\"url\":\"https:\/\/iwhiteinstant.com\/fi\/\",\"name\":\"iWhite\",\"description\":\"\",\"publisher\":{\"@id\":\"https:\/\/iwhiteinstant.com\/fi\/#organization\"},\"potentialAction\":[{\"@type\":\"SearchAction\",\"target\":{\"@type\":\"EntryPoint\",\"urlTemplate\":\"https:\/\/iwhiteinstant.com\/fi\/?s={search_term_string}\"},\"query-input\":{\"@type\":\"PropertyValueSpecification\",\"valueRequired\":true,\"valueName\":\"search_term_string\"}}],\"inLanguage\":\"fi-FI\"},{\"@type\":\"Organization\",\"@id\":\"https:\/\/iwhiteinstant.com\/fi\/#organization\",\"name\":\"iWhite\",\"url\":\"https:\/\/iwhiteinstant.com\/fi\/\",\"logo\":{\"@type\":\"ImageObject\",\"inLanguage\":\"fi-FI\",\"@id\":\"https:\/\/iwhiteinstant.com\/fi\/#\/schema\/logo\/image\/\",\"url\":\"https:\/\/iwhiteinstant.com\/app\/uploads\/sites\/6\/2024\/08\/Iwhite-logo.png\",\"contentUrl\":\"https:\/\/iwhiteinstant.com\/app\/uploads\/sites\/6\/2024\/08\/Iwhite-logo.png\",\"width\":160,\"height\":40,\"caption\":\"iWhite\"},\"image\":{\"@id\":\"https:\/\/iwhiteinstant.com\/fi\/#\/schema\/logo\/image\/\"}}]}<\/script>\n<!-- \/ Yoast SEO plugin. -->","yoast_head_json":{"title":"iWhite Sensitive valkaiseva hammastahna - iWhite","description":"Hampaiden herkkyyden vuoksi hampaissa voi tuntua kipua tai ep\u00e4mukavuutta, jonka \u00e4rsykkeen\u00e4 toimii esimerkiksi kuuma tai kylm\u00e4 l\u00e4mp\u00f6tila.","robots":{"index":"index","follow":"follow","max-snippet":"max-snippet:-1","max-image-preview":"max-image-preview:large","max-video-preview":"max-video-preview:-1"},"canonical":"https:\/\/iwhiteinstant.com\/fi\/tuote\/iwhite-sensitive-valkaiseva-hammastahna\/","og_locale":"fi_FI","og_type":"article","og_title":"iWhite Sensitive valkaiseva hammastahna - iWhite","og_description":"Hampaiden herkkyyden vuoksi hampaissa voi tuntua kipua tai ep\u00e4mukavuutta, jonka \u00e4rsykkeen\u00e4 toimii esimerkiksi kuuma tai kylm\u00e4 l\u00e4mp\u00f6tila.","og_url":"https:\/\/iwhiteinstant.com\/fi\/tuote\/iwhite-sensitive-valkaiseva-hammastahna\/","og_site_name":"iWhite","article_modified_time":"2026-04-17T12:46:12+00:00","og_image":[{"width":800,"height":800,"url":"https:\/\/iwhiteinstant.com\/app\/uploads\/sites\/6\/2024\/08\/iWhite-Sensitive-Toothpaste.png","type":"image\/png"}],"twitter_card":"summary_large_image","twitter_misc":{"Est. reading time":"3 minutes"},"schema":{"@context":"https:\/\/schema.org","@graph":[{"@type":"WebPage","@id":"https:\/\/iwhiteinstant.com\/fi\/tuote\/iwhite-sensitive-valkaiseva-hammastahna\/","url":"https:\/\/iwhiteinstant.com\/fi\/tuote\/iwhite-sensitive-valkaiseva-hammastahna\/","name":"iWhite Sensitive valkaiseva hammastahna - iWhite","isPartOf":{"@id":"https:\/\/iwhiteinstant.com\/fi\/#website"},"primaryImageOfPage":{"@id":"https:\/\/iwhiteinstant.com\/fi\/tuote\/iwhite-sensitive-valkaiseva-hammastahna\/#primaryimage"},"image":{"@id":"https:\/\/iwhiteinstant.com\/fi\/tuote\/iwhite-sensitive-valkaiseva-hammastahna\/#primaryimage"},"thumbnailUrl":"https:\/\/iwhiteinstant.com\/app\/uploads\/sites\/6\/2024\/08\/iWhite-Sensitive-Toothpaste.png","datePublished":"2024-08-19T08:29:39+00:00","dateModified":"2026-04-17T12:46:12+00:00","description":"Hampaiden herkkyyden vuoksi hampaissa voi tuntua kipua tai ep\u00e4mukavuutta, jonka \u00e4rsykkeen\u00e4 toimii esimerkiksi kuuma tai kylm\u00e4 l\u00e4mp\u00f6tila.","breadcrumb":{"@id":"https:\/\/iwhiteinstant.com\/fi\/tuote\/iwhite-sensitive-valkaiseva-hammastahna\/#breadcrumb"},"inLanguage":"fi-FI","potentialAction":[{"@type":"ReadAction","target":["https:\/\/iwhiteinstant.com\/fi\/tuote\/iwhite-sensitive-valkaiseva-hammastahna\/"]}]},{"@type":"ImageObject","inLanguage":"fi-FI","@id":"https:\/\/iwhiteinstant.com\/fi\/tuote\/iwhite-sensitive-valkaiseva-hammastahna\/#primaryimage","url":"https:\/\/iwhiteinstant.com\/app\/uploads\/sites\/6\/2024\/08\/iWhite-Sensitive-Toothpaste.png","contentUrl":"https:\/\/iwhiteinstant.com\/app\/uploads\/sites\/6\/2024\/08\/iWhite-Sensitive-Toothpaste.png","width":800,"height":800,"caption":"iWhite-Sensitive-Toothpaste"},{"@type":"BreadcrumbList","@id":"https:\/\/iwhiteinstant.com\/fi\/tuote\/iwhite-sensitive-valkaiseva-hammastahna\/#breadcrumb","itemListElement":[{"@type":"ListItem","position":1,"name":"Home","item":"https:\/\/iwhiteinstant.com\/fi\/"},{"@type":"ListItem","position":2,"name":"Tuotevalikoima","item":"https:\/\/iwhiteinstant.com\/fi\/iwhite-tuotevalikoima\/"},{"@type":"ListItem","position":3,"name":"iWhite Sensitive valkaiseva hammastahna"}]},{"@type":"WebSite","@id":"https:\/\/iwhiteinstant.com\/fi\/#website","url":"https:\/\/iwhiteinstant.com\/fi\/","name":"iWhite","description":"","publisher":{"@id":"https:\/\/iwhiteinstant.com\/fi\/#organization"},"potentialAction":[{"@type":"SearchAction","target":{"@type":"EntryPoint","urlTemplate":"https:\/\/iwhiteinstant.com\/fi\/?s={search_term_string}"},"query-input":{"@type":"PropertyValueSpecification","valueRequired":true,"valueName":"search_term_string"}}],"inLanguage":"fi-FI"},{"@type":"Organization","@id":"https:\/\/iwhiteinstant.com\/fi\/#organization","name":"iWhite","url":"https:\/\/iwhiteinstant.com\/fi\/","logo":{"@type":"ImageObject","inLanguage":"fi-FI","@id":"https:\/\/iwhiteinstant.com\/fi\/#\/schema\/logo\/image\/","url":"https:\/\/iwhiteinstant.com\/app\/uploads\/sites\/6\/2024\/08\/Iwhite-logo.png","contentUrl":"https:\/\/iwhiteinstant.com\/app\/uploads\/sites\/6\/2024\/08\/Iwhite-logo.png","width":160,"height":40,"caption":"iWhite"},"image":{"@id":"https:\/\/iwhiteinstant.com\/fi\/#\/schema\/logo\/image\/"}}]}},"_links":{"self":[{"href":"https:\/\/iwhiteinstant.com\/fi\/wp-json\/wp\/v2\/product\/94","targetHints":{"allow":["GET"]}}],"collection":[{"href":"https:\/\/iwhiteinstant.com\/fi\/wp-json\/wp\/v2\/product"}],"about":[{"href":"https:\/\/iwhiteinstant.com\/fi\/wp-json\/wp\/v2\/types\/product"}],"replies":[{"embeddable":true,"href":"https:\/\/iwhiteinstant.com\/fi\/wp-json\/wp\/v2\/comments?post=94"}],"version-history":[{"count":10,"href":"https:\/\/iwhiteinstant.com\/fi\/wp-json\/wp\/v2\/product\/94\/revisions"}],"predecessor-version":[{"id":359,"href":"https:\/\/iwhiteinstant.com\/fi\/wp-json\/wp\/v2\/product\/94\/revisions\/359"}],"wp:featuredmedia":[{"embeddable":true,"href":"https:\/\/iwhiteinstant.com\/fi\/wp-json\/wp\/v2\/media\/140"}],"wp:attachment":[{"href":"https:\/\/iwhiteinstant.com\/fi\/wp-json\/wp\/v2\/media?parent=94"}],"wp:term":[{"taxonomy":"product_brand","embeddable":true,"href":"https:\/\/iwhiteinstant.com\/fi\/wp-json\/wp\/v2\/product_brand?post=94"},{"taxonomy":"product_cat","embeddable":true,"href":"https:\/\/iwhiteinstant.com\/fi\/wp-json\/wp\/v2\/product_cat?post=94"},{"taxonomy":"product_tag","embeddable":true,"href":"https:\/\/iwhiteinstant.com\/fi\/wp-json\/wp\/v2\/product_tag?post=94"}],"curies":[{"name":"wp","href":"https:\/\/api.w.org\/{rel}","templated":true}]}}