{"id":98,"date":"2024-08-19T11:30:25","date_gmt":"2024-08-19T08:30:25","guid":{"rendered":"https:\/\/iwhiteinstant.com\/fi\/?post_type=product&#038;p=98"},"modified":"2026-02-20T11:06:54","modified_gmt":"2026-02-20T09:06:54","slug":"iwhite-instant-valkaiseva-suuvesi","status":"publish","type":"product","link":"https:\/\/iwhiteinstant.com\/fi\/tuote\/iwhite-instant-valkaiseva-suuvesi\/","title":{"rendered":"iWhite Instant valkaiseva suuvesi"},"content":{"rendered":"\n<section class=\"wp-block-karopharma-image-with-text image-with-text image-with-text__not-full-width is-style-primary\"><div class=\"image-with-text-container \"><div class=\"image-with-text-container-image-container\"><img decoding=\"async\" loading=\"lazy\" src=\"https:\/\/iwhiteinstant.com\/cdn-cgi\/image\/format=auto\/app\/uploads\/sites\/2\/2024\/03\/mouthwash.jpg\" alt=\"mouthwash\"\/><\/div><div class=\"image-with-text-container-content\" style=\"text-align:left\" data-test=\"content\"><div class=\"content\"><h2>Mietitk\u00f6, miksi suuvett\u00e4 kannattaa k\u00e4ytt\u00e4\u00e4 p\u00e4ivitt\u00e4in? T\u00e4ss\u00e4 muutama hyv\u00e4 syy aloittaa k\u00e4ytt\u00f6 heti.<\/h2><p class=\"body\" data-test=\"body\">1. Se valkaisee hampaita heti.<br>2. Se irrottaa plakkia hampaista ja ehk\u00e4isee uuden plakin muodostumista.<br>3. Se vahvistaa ja mineralisoi hampaita.<\/p>\n<div class=\"wp-block-buttons is-layout-flex wp-block-buttons-is-layout-flex\">\n<div class=\"wp-block-button\"><a class=\"wp-block-button__link wp-element-button\" href=\"https:\/\/iwhiteinstant.com\/fi\/iwhite-hoitorutiini\/\">L\u00f6yd\u00e4 sinulle sopiva hampaiden valkaisurutiini<\/a><\/div>\n<\/div>\n<\/div><\/div><\/div><\/section>\n\n\n\n<div class=\"wp-block-karopharma-free-text pt-large pb-large bg-center bg-cover bg-no-repeat  is-style-secondary\" style=\"background-image:url()\"><div class=\"free-text-wrapper container max-w-medium text-center\">\n<h3 class=\"wp-block-heading is-style-heading-h2\">S\u00e4ilyt\u00e4 rutiini<\/h3>\n\n\n\n<p class=\"has-text-align-center is-style-paragraph-preamble\">S\u00e4\u00e4nn\u00f6llisell\u00e4 rutiinilla p\u00e4\u00e4set parhaisiin valkaisutuloksiin. Suuvett\u00e4 voi k\u00e4ytt\u00e4\u00e4 p\u00e4ivitt\u00e4isen\u00e4 valkaisuhoitona muiden tuotteiden rinnalla.<\/p>\n<\/div><\/div>\n\n\n\n<div class=\"wp-block-karopharma-free-text pt-large pb-none bg-center bg-cover bg-no-repeat\" style=\"background-image:url()\"><div class=\"free-text-wrapper container max-w-medium text-center\">\n<h3 class=\"wp-block-heading is-style-heading-h2 has-primary-color has-text-color\">Saatat my\u00f6s pit\u00e4\u00e4<\/h3>\n<\/div><\/div>\n","protected":false},"excerpt":{"rendered":"<p>Valkaiseva suuvesi p\u00e4ivitt\u00e4iseen k\u00e4ytt\u00f6\u00f6n. Liuottaa hampaiden v\u00e4rj\u00e4ymi\u00e4.<\/p>\n","protected":false},"featured_media":138,"comment_status":"closed","ping_status":"closed","template":"","meta":{"_acf_changed":false,"footnotes":""},"product_brand":[],"product_cat":[21],"product_tag":[],"class_list":{"0":"post-98","1":"product","2":"type-product","3":"status-publish","4":"has-post-thumbnail","6":"product_cat-suuvesi","8":"first","9":"instock","10":"shipping-taxable","11":"product-type-simple"},"acf":[],"yoast_head":"<!-- This site is optimized with the Yoast SEO plugin v26.6 - https:\/\/yoast.com\/wordpress\/plugins\/seo\/ -->\n<title>iWhite Instant valkaiseva suuvesi - iWhite<\/title>\n<meta name=\"description\" content=\"Suuvesi, jolla saat s\u00e4ihkyv\u00e4mm\u00e4t ja valkoisemmat hampaat heti ensimm\u00e4isen k\u00e4yt\u00f6n j\u00e4lkeen. Kuinka se on edes mahdollista? Kolmitehoisen iWhite-valkaisumenetelm\u00e4n ansiosta.\" \/>\n<meta name=\"robots\" content=\"index, follow, max-snippet:-1, max-image-preview:large, max-video-preview:-1\" \/>\n<link rel=\"canonical\" href=\"https:\/\/iwhiteinstant.com\/fi\/tuote\/iwhite-instant-valkaiseva-suuvesi\/\" \/>\n<meta property=\"og:locale\" content=\"fi_FI\" \/>\n<meta property=\"og:type\" content=\"article\" \/>\n<meta property=\"og:title\" content=\"iWhite Instant valkaiseva suuvesi - iWhite\" \/>\n<meta property=\"og:description\" content=\"Suuvesi, jolla saat s\u00e4ihkyv\u00e4mm\u00e4t ja valkoisemmat hampaat heti ensimm\u00e4isen k\u00e4yt\u00f6n j\u00e4lkeen. Kuinka se on edes mahdollista? Kolmitehoisen iWhite-valkaisumenetelm\u00e4n ansiosta.\" \/>\n<meta property=\"og:url\" content=\"https:\/\/iwhiteinstant.com\/fi\/tuote\/iwhite-instant-valkaiseva-suuvesi\/\" \/>\n<meta property=\"og:site_name\" content=\"iWhite\" \/>\n<meta property=\"article:modified_time\" content=\"2026-02-20T09:06:54+00:00\" \/>\n<meta property=\"og:image\" content=\"https:\/\/iwhiteinstant.com\/app\/uploads\/sites\/6\/2024\/08\/iWhite-Instant-Whitening-Mouthwash.png\" \/>\n\t<meta property=\"og:image:width\" content=\"800\" \/>\n\t<meta property=\"og:image:height\" content=\"800\" \/>\n\t<meta property=\"og:image:type\" content=\"image\/png\" \/>\n<meta name=\"twitter:card\" content=\"summary_large_image\" \/>\n<meta name=\"twitter:label1\" content=\"Est. reading time\" \/>\n\t<meta name=\"twitter:data1\" content=\"2 minutes\" \/>\n<script type=\"application\/ld+json\" class=\"yoast-schema-graph\">{\"@context\":\"https:\/\/schema.org\",\"@graph\":[{\"@type\":\"WebPage\",\"@id\":\"https:\/\/iwhiteinstant.com\/fi\/tuote\/iwhite-instant-valkaiseva-suuvesi\/\",\"url\":\"https:\/\/iwhiteinstant.com\/fi\/tuote\/iwhite-instant-valkaiseva-suuvesi\/\",\"name\":\"iWhite Instant valkaiseva suuvesi - iWhite\",\"isPartOf\":{\"@id\":\"https:\/\/iwhiteinstant.com\/fi\/#website\"},\"primaryImageOfPage\":{\"@id\":\"https:\/\/iwhiteinstant.com\/fi\/tuote\/iwhite-instant-valkaiseva-suuvesi\/#primaryimage\"},\"image\":{\"@id\":\"https:\/\/iwhiteinstant.com\/fi\/tuote\/iwhite-instant-valkaiseva-suuvesi\/#primaryimage\"},\"thumbnailUrl\":\"https:\/\/iwhiteinstant.com\/app\/uploads\/sites\/6\/2024\/08\/iWhite-Instant-Whitening-Mouthwash.png\",\"datePublished\":\"2024-08-19T08:30:25+00:00\",\"dateModified\":\"2026-02-20T09:06:54+00:00\",\"description\":\"Suuvesi, jolla saat s\u00e4ihkyv\u00e4mm\u00e4t ja valkoisemmat hampaat heti ensimm\u00e4isen k\u00e4yt\u00f6n j\u00e4lkeen. Kuinka se on edes mahdollista? Kolmitehoisen iWhite-valkaisumenetelm\u00e4n ansiosta.\",\"breadcrumb\":{\"@id\":\"https:\/\/iwhiteinstant.com\/fi\/tuote\/iwhite-instant-valkaiseva-suuvesi\/#breadcrumb\"},\"inLanguage\":\"fi-FI\",\"potentialAction\":[{\"@type\":\"ReadAction\",\"target\":[\"https:\/\/iwhiteinstant.com\/fi\/tuote\/iwhite-instant-valkaiseva-suuvesi\/\"]}]},{\"@type\":\"ImageObject\",\"inLanguage\":\"fi-FI\",\"@id\":\"https:\/\/iwhiteinstant.com\/fi\/tuote\/iwhite-instant-valkaiseva-suuvesi\/#primaryimage\",\"url\":\"https:\/\/iwhiteinstant.com\/app\/uploads\/sites\/6\/2024\/08\/iWhite-Instant-Whitening-Mouthwash.png\",\"contentUrl\":\"https:\/\/iwhiteinstant.com\/app\/uploads\/sites\/6\/2024\/08\/iWhite-Instant-Whitening-Mouthwash.png\",\"width\":800,\"height\":800,\"caption\":\"iWhite-Instant-Whitening-Mouthwash\"},{\"@type\":\"BreadcrumbList\",\"@id\":\"https:\/\/iwhiteinstant.com\/fi\/tuote\/iwhite-instant-valkaiseva-suuvesi\/#breadcrumb\",\"itemListElement\":[{\"@type\":\"ListItem\",\"position\":1,\"name\":\"Home\",\"item\":\"https:\/\/iwhiteinstant.com\/fi\/\"},{\"@type\":\"ListItem\",\"position\":2,\"name\":\"Tuotevalikoima\",\"item\":\"https:\/\/iwhiteinstant.com\/fi\/iwhite-tuotevalikoima\/\"},{\"@type\":\"ListItem\",\"position\":3,\"name\":\"iWhite Instant valkaiseva suuvesi\"}]},{\"@type\":\"WebSite\",\"@id\":\"https:\/\/iwhiteinstant.com\/fi\/#website\",\"url\":\"https:\/\/iwhiteinstant.com\/fi\/\",\"name\":\"iWhite\",\"description\":\"\",\"publisher\":{\"@id\":\"https:\/\/iwhiteinstant.com\/fi\/#organization\"},\"potentialAction\":[{\"@type\":\"SearchAction\",\"target\":{\"@type\":\"EntryPoint\",\"urlTemplate\":\"https:\/\/iwhiteinstant.com\/fi\/?s={search_term_string}\"},\"query-input\":{\"@type\":\"PropertyValueSpecification\",\"valueRequired\":true,\"valueName\":\"search_term_string\"}}],\"inLanguage\":\"fi-FI\"},{\"@type\":\"Organization\",\"@id\":\"https:\/\/iwhiteinstant.com\/fi\/#organization\",\"name\":\"iWhite\",\"url\":\"https:\/\/iwhiteinstant.com\/fi\/\",\"logo\":{\"@type\":\"ImageObject\",\"inLanguage\":\"fi-FI\",\"@id\":\"https:\/\/iwhiteinstant.com\/fi\/#\/schema\/logo\/image\/\",\"url\":\"https:\/\/iwhiteinstant.com\/app\/uploads\/sites\/6\/2024\/08\/Iwhite-logo.png\",\"contentUrl\":\"https:\/\/iwhiteinstant.com\/app\/uploads\/sites\/6\/2024\/08\/Iwhite-logo.png\",\"width\":160,\"height\":40,\"caption\":\"iWhite\"},\"image\":{\"@id\":\"https:\/\/iwhiteinstant.com\/fi\/#\/schema\/logo\/image\/\"}}]}<\/script>\n<!-- \/ Yoast SEO plugin. -->","yoast_head_json":{"title":"iWhite Instant valkaiseva suuvesi - iWhite","description":"Suuvesi, jolla saat s\u00e4ihkyv\u00e4mm\u00e4t ja valkoisemmat hampaat heti ensimm\u00e4isen k\u00e4yt\u00f6n j\u00e4lkeen. Kuinka se on edes mahdollista? Kolmitehoisen iWhite-valkaisumenetelm\u00e4n ansiosta.","robots":{"index":"index","follow":"follow","max-snippet":"max-snippet:-1","max-image-preview":"max-image-preview:large","max-video-preview":"max-video-preview:-1"},"canonical":"https:\/\/iwhiteinstant.com\/fi\/tuote\/iwhite-instant-valkaiseva-suuvesi\/","og_locale":"fi_FI","og_type":"article","og_title":"iWhite Instant valkaiseva suuvesi - iWhite","og_description":"Suuvesi, jolla saat s\u00e4ihkyv\u00e4mm\u00e4t ja valkoisemmat hampaat heti ensimm\u00e4isen k\u00e4yt\u00f6n j\u00e4lkeen. Kuinka se on edes mahdollista? Kolmitehoisen iWhite-valkaisumenetelm\u00e4n ansiosta.","og_url":"https:\/\/iwhiteinstant.com\/fi\/tuote\/iwhite-instant-valkaiseva-suuvesi\/","og_site_name":"iWhite","article_modified_time":"2026-02-20T09:06:54+00:00","og_image":[{"width":800,"height":800,"url":"https:\/\/iwhiteinstant.com\/app\/uploads\/sites\/6\/2024\/08\/iWhite-Instant-Whitening-Mouthwash.png","type":"image\/png"}],"twitter_card":"summary_large_image","twitter_misc":{"Est. reading time":"2 minutes"},"schema":{"@context":"https:\/\/schema.org","@graph":[{"@type":"WebPage","@id":"https:\/\/iwhiteinstant.com\/fi\/tuote\/iwhite-instant-valkaiseva-suuvesi\/","url":"https:\/\/iwhiteinstant.com\/fi\/tuote\/iwhite-instant-valkaiseva-suuvesi\/","name":"iWhite Instant valkaiseva suuvesi - iWhite","isPartOf":{"@id":"https:\/\/iwhiteinstant.com\/fi\/#website"},"primaryImageOfPage":{"@id":"https:\/\/iwhiteinstant.com\/fi\/tuote\/iwhite-instant-valkaiseva-suuvesi\/#primaryimage"},"image":{"@id":"https:\/\/iwhiteinstant.com\/fi\/tuote\/iwhite-instant-valkaiseva-suuvesi\/#primaryimage"},"thumbnailUrl":"https:\/\/iwhiteinstant.com\/app\/uploads\/sites\/6\/2024\/08\/iWhite-Instant-Whitening-Mouthwash.png","datePublished":"2024-08-19T08:30:25+00:00","dateModified":"2026-02-20T09:06:54+00:00","description":"Suuvesi, jolla saat s\u00e4ihkyv\u00e4mm\u00e4t ja valkoisemmat hampaat heti ensimm\u00e4isen k\u00e4yt\u00f6n j\u00e4lkeen. Kuinka se on edes mahdollista? Kolmitehoisen iWhite-valkaisumenetelm\u00e4n ansiosta.","breadcrumb":{"@id":"https:\/\/iwhiteinstant.com\/fi\/tuote\/iwhite-instant-valkaiseva-suuvesi\/#breadcrumb"},"inLanguage":"fi-FI","potentialAction":[{"@type":"ReadAction","target":["https:\/\/iwhiteinstant.com\/fi\/tuote\/iwhite-instant-valkaiseva-suuvesi\/"]}]},{"@type":"ImageObject","inLanguage":"fi-FI","@id":"https:\/\/iwhiteinstant.com\/fi\/tuote\/iwhite-instant-valkaiseva-suuvesi\/#primaryimage","url":"https:\/\/iwhiteinstant.com\/app\/uploads\/sites\/6\/2024\/08\/iWhite-Instant-Whitening-Mouthwash.png","contentUrl":"https:\/\/iwhiteinstant.com\/app\/uploads\/sites\/6\/2024\/08\/iWhite-Instant-Whitening-Mouthwash.png","width":800,"height":800,"caption":"iWhite-Instant-Whitening-Mouthwash"},{"@type":"BreadcrumbList","@id":"https:\/\/iwhiteinstant.com\/fi\/tuote\/iwhite-instant-valkaiseva-suuvesi\/#breadcrumb","itemListElement":[{"@type":"ListItem","position":1,"name":"Home","item":"https:\/\/iwhiteinstant.com\/fi\/"},{"@type":"ListItem","position":2,"name":"Tuotevalikoima","item":"https:\/\/iwhiteinstant.com\/fi\/iwhite-tuotevalikoima\/"},{"@type":"ListItem","position":3,"name":"iWhite Instant valkaiseva suuvesi"}]},{"@type":"WebSite","@id":"https:\/\/iwhiteinstant.com\/fi\/#website","url":"https:\/\/iwhiteinstant.com\/fi\/","name":"iWhite","description":"","publisher":{"@id":"https:\/\/iwhiteinstant.com\/fi\/#organization"},"potentialAction":[{"@type":"SearchAction","target":{"@type":"EntryPoint","urlTemplate":"https:\/\/iwhiteinstant.com\/fi\/?s={search_term_string}"},"query-input":{"@type":"PropertyValueSpecification","valueRequired":true,"valueName":"search_term_string"}}],"inLanguage":"fi-FI"},{"@type":"Organization","@id":"https:\/\/iwhiteinstant.com\/fi\/#organization","name":"iWhite","url":"https:\/\/iwhiteinstant.com\/fi\/","logo":{"@type":"ImageObject","inLanguage":"fi-FI","@id":"https:\/\/iwhiteinstant.com\/fi\/#\/schema\/logo\/image\/","url":"https:\/\/iwhiteinstant.com\/app\/uploads\/sites\/6\/2024\/08\/Iwhite-logo.png","contentUrl":"https:\/\/iwhiteinstant.com\/app\/uploads\/sites\/6\/2024\/08\/Iwhite-logo.png","width":160,"height":40,"caption":"iWhite"},"image":{"@id":"https:\/\/iwhiteinstant.com\/fi\/#\/schema\/logo\/image\/"}}]}},"_links":{"self":[{"href":"https:\/\/iwhiteinstant.com\/fi\/wp-json\/wp\/v2\/product\/98","targetHints":{"allow":["GET"]}}],"collection":[{"href":"https:\/\/iwhiteinstant.com\/fi\/wp-json\/wp\/v2\/product"}],"about":[{"href":"https:\/\/iwhiteinstant.com\/fi\/wp-json\/wp\/v2\/types\/product"}],"replies":[{"embeddable":true,"href":"https:\/\/iwhiteinstant.com\/fi\/wp-json\/wp\/v2\/comments?post=98"}],"version-history":[{"count":9,"href":"https:\/\/iwhiteinstant.com\/fi\/wp-json\/wp\/v2\/product\/98\/revisions"}],"predecessor-version":[{"id":356,"href":"https:\/\/iwhiteinstant.com\/fi\/wp-json\/wp\/v2\/product\/98\/revisions\/356"}],"wp:featuredmedia":[{"embeddable":true,"href":"https:\/\/iwhiteinstant.com\/fi\/wp-json\/wp\/v2\/media\/138"}],"wp:attachment":[{"href":"https:\/\/iwhiteinstant.com\/fi\/wp-json\/wp\/v2\/media?parent=98"}],"wp:term":[{"taxonomy":"product_brand","embeddable":true,"href":"https:\/\/iwhiteinstant.com\/fi\/wp-json\/wp\/v2\/product_brand?post=98"},{"taxonomy":"product_cat","embeddable":true,"href":"https:\/\/iwhiteinstant.com\/fi\/wp-json\/wp\/v2\/product_cat?post=98"},{"taxonomy":"product_tag","embeddable":true,"href":"https:\/\/iwhiteinstant.com\/fi\/wp-json\/wp\/v2\/product_tag?post=98"}],"curies":[{"name":"wp","href":"https:\/\/api.w.org\/{rel}","templated":true}]}}