{"id":80,"date":"2024-11-22T09:57:50","date_gmt":"2024-11-22T07:57:50","guid":{"rendered":"https:\/\/iwhiteinstant.com\/gr\/?post_type=product&#038;p=80"},"modified":"2024-12-20T16:22:16","modified_gmt":"2024-12-20T14:22:16","slug":"iwhite-natural-dialyomenes-tainies-lefkansis","status":"publish","type":"product","link":"https:\/\/iwhiteinstant.com\/gr\/proion\/iwhite-natural-dialyomenes-tainies-lefkansis\/","title":{"rendered":"iWhite Natural \u0394\u03b9\u03b1\u03bb\u03c5\u03cc\u03bc\u03b5\u03bd\u03b5\u03c2 \u03a4\u03b1\u03b9\u03bd\u03af\u03b5\u03c2 \u039b\u03b5\u03cd\u03ba\u03b1\u03bd\u03c3\u03b7\u03c2"},"content":{"rendered":"\n<div class=\"wp-block-karopharma-accordions is-style-secondary\"><div class=\"container\">\n<details class=\"wp-block-karopharma-accordion\"><summary><h2 class=\"accordion-title\">\u03a0\u03b9\u03bf \u03bb\u03b1\u03bc\u03c0\u03b5\u03c1\u03ac \u03ba\u03b1\u03b9 \u03c0\u03b9\u03bf \u03bb\u03b5\u03c5\u03ba\u03ac \u03b4\u03cc\u03bd\u03c4\u03b9\u03b1 \u03c7\u03ac\u03c1\u03b7 \u03c3\u03c4\u03b7\u03bd \u03a0\u03c1\u03c9\u03c4\u03bf\u03c0\u03bf\u03c1\u03b9\u03b1\u03ba\u03ae \u03a4\u03b5\u03c7\u03bd\u03bf\u03bb\u03bf\u03b3\u03af\u03b1 \u03a4\u03c1\u03b9\u03c0\u03bb\u03ae\u03c2 \u0394\u03c1\u03ac\u03c3\u03b7\u03c2 iWhite:<\/h2><\/summary><div class=\"accordion-content\">\n<p><strong>\u0388\u03c9\u03c2 \u03ba\u03b1\u03b9 7 \u03c4\u03cc\u03bd\u03bf\u03c5\u03c2 \u03bb\u03b5\u03c5\u03ba\u03cc\u03c4\u03b5\u03c1\u03b1 \u03b4\u03cc\u03bd\u03c4\u03b9\u03b1<\/strong><br>\u0397 <strong>iWhite<\/strong> \u03c3\u03c5\u03bd\u03b5\u03c7\u03af\u03b6\u03b5\u03b9 \u03bd\u03b1 \u03b7\u03b3\u03b5\u03af\u03c4\u03b1\u03b9 \u03c3\u03c4\u03bf\u03bd \u03c4\u03bf\u03bc\u03ad\u03b1 \u03c4\u03b7\u03c2 \u03bb\u03b5\u03cd\u03ba\u03b1\u03bd\u03c3\u03b7\u03c2 \u03b4\u03bf\u03bd\u03c4\u03b9\u03ce\u03bd \u03c7\u03c9\u03c1\u03af\u03c2 \u03c5\u03c0\u03b5\u03c1\u03bf\u03be\u03b5\u03af\u03b4\u03b9\u03bf \u03c4\u03bf\u03c5 \u03c5\u03b4\u03c1\u03bf\u03b3\u03cc\u03bd\u03bf\u03c5.\u039f\u03b9 \u03b4\u03b9\u03b1\u03bb\u03c5\u03cc\u03bc\u03b5\u03bd\u03b5\u03c2 \u03c4\u03b1\u03b9\u03bd\u03af\u03b5\u03c2 \u03bb\u03b5\u03cd\u03ba\u03b1\u03bd\u03c3\u03b7\u03c2 <strong>iWhite Natural<\/strong> \u03b1\u03be\u03b9\u03bf\u03c0\u03bf\u03b9\u03bf\u03cd\u03bd \u03c4\u03b7\u03bd \u03ba\u03b1\u03b9\u03bd\u03bf\u03c4\u03cc\u03bc\u03bf \u03c4\u03b5\u03c7\u03bd\u03bf\u03bb\u03bf\u03b3\u03af\u03b1 \u03c4\u03b7\u03c2 <strong>iWhite<\/strong>, \u03b7 \u03bf\u03c0\u03bf\u03af\u03b1 \u03c7\u03c1\u03b7\u03c3\u03b9\u03bc\u03bf\u03c0\u03bf\u03b9\u03b5\u03af\u03c4\u03b1\u03b9 \u03c3\u03c4\u03b1 \u03ba\u03bf\u03c1\u03c5\u03c6\u03b1\u03af\u03b1 \u03c3\u03c5\u03c3\u03c4\u03ae\u03bc\u03b1\u03c4\u03b1 \u03bb\u03b5\u03cd\u03ba\u03b1\u03bd\u03c3\u03b7\u03c2 \u03c7\u03c9\u03c1\u03af\u03c2 \u03c5\u03c0\u03b5\u03c1\u03bf\u03be\u03b5\u03af\u03b4\u03b9\u03bf \u03c4\u03bf\u03c5 \u03c5\u03b4\u03c1\u03bf\u03b3\u03cc\u03bd\u03bf\u03c5, \u03b5\u03be\u03b1\u03c3\u03c6\u03b1\u03bb\u03af\u03b6\u03bf\u03bd\u03c4\u03b1\u03c2 \u03ba\u03bb\u03b9\u03bd\u03b9\u03ba\u03ac \u03b1\u03c0\u03bf\u03b4\u03b5\u03b4\u03b5\u03b9\u03b3\u03bc\u03ad\u03bd\u03b1 \u03b1\u03c0\u03bf\u03c4\u03b5\u03bb\u03ad\u03c3\u03bc\u03b1\u03c4\u03b1 \u03bc\u03b5 \u03b1\u03c3\u03c6\u03ac\u03bb\u03b5\u03b9\u03b1. \u03a4\u03bf \u03b1\u03c0\u03bf\u03c4\u03ad\u03bb\u03b5\u03c3\u03bc\u03b1; \u0388\u03bd\u03b1 \u03bb\u03b1\u03bc\u03c0\u03b5\u03c1\u03cc, \u03bb\u03b5\u03c5\u03ba\u03cc \u03c7\u03b1\u03bc\u03cc\u03b3\u03b5\u03bb\u03bf \u03bc\u03b5 \u03b4\u03cc\u03bd\u03c4\u03b9\u03b1 \u03ad\u03c9\u03c2 \u03ba\u03b1\u03b9 <strong>7 \u03c4\u03cc\u03bd\u03bf\u03c5\u03c2 \u03c0\u03b9\u03bf \u03bb\u03b5\u03c5\u03ba\u03ac<\/strong>!<\/p>\n\n\n\n<p><strong>\u0395\u03bc\u03c0\u03bb\u03bf\u03c5\u03c4\u03b9\u03c3\u03bc\u03ad\u03bd\u03b5\u03c2 \u03bc\u03b5 100% \u03c6\u03c5\u03c3\u03b9\u03ba\u03ac \u03b5\u03bd\u03b5\u03c1\u03b3\u03ac \u03c3\u03c5\u03c3\u03c4\u03b1\u03c4\u03b9\u03ba\u03ac \u03bb\u03b5\u03cd\u03ba\u03b1\u03bd\u03c3\u03b7\u03c2<\/strong><br>\u039f\u03c1\u03b9\u03c3\u03bc\u03ad\u03bd\u03b1 \u03c6\u03c1\u03bf\u03cd\u03c4\u03b1, \u03cc\u03c0\u03c9\u03c2 \u03b7 \u03c0\u03b1\u03c0\u03ac\u03b3\u03b9\u03b1 \u03ba\u03b1\u03b9 \u03bf\u03b9 \u03c6\u03c1\u03ac\u03bf\u03c5\u03bb\u03b5\u03c2, \u03ad\u03c7\u03bf\u03c5\u03bd \u03c4\u03b7 \u03b4\u03cd\u03bd\u03b1\u03bc\u03b7 \u03bd\u03b1 \u03bb\u03b5\u03c5\u03ba\u03b1\u03af\u03bd\u03bf\u03c5\u03bd \u03c4\u03b1 \u03b4\u03cc\u03bd\u03c4\u03b9\u03b1! \u03a0\u03b1\u03c1\u03b1\u03ba\u03ac\u03c4\u03c9 \u03b8\u03b1 \u03b2\u03c1\u03b5\u03af\u03c4\u03b5 \u03c0\u03bb\u03b7\u03c1\u03bf\u03c6\u03bf\u03c1\u03af\u03b5\u03c2 \u03b3\u03b9\u03b1 \u03b1\u03c5\u03c4\u03ac \u03c4\u03b1 \u03bc\u03bf\u03bd\u03b1\u03b4\u03b9\u03ba\u03ac \u03c6\u03c1\u03bf\u03cd\u03c4\u03b1 \u03c0\u03bf\u03c5 \u03c0\u03c1\u03bf\u03c3\u03c6\u03ad\u03c1\u03bf\u03c5\u03bd \u03ad\u03bd\u03b1 \u03c5\u03c0\u03ad\u03c1\u03bf\u03c7\u03bf \u03bb\u03b1\u03bc\u03c0\u03b5\u03c1\u03cc \u03c7\u03b1\u03bc\u03cc\u03b3\u03b5\u03bb\u03bf:<\/p>\n\n\n\n<p><strong><mark style=\"background-color:rgba(0, 0, 0, 0)\" class=\"has-inline-color has-secondary-color\">\u0397 \u03a0\u03b1\u03c0\u03b1\u0390\u03bd\u03b7<\/mark><\/strong> \u03b4\u03b9\u03b1\u03c3\u03c0\u03ac \u03c4\u03b9\u03c2 \u03c0\u03c1\u03c9\u03c4\u03b5\u0390\u03bd\u03b5\u03c2 \u03c4\u03b7\u03c2 \u03c0\u03bb\u03ac\u03ba\u03b1\u03c2, \u03b1\u03c0\u03bf\u03bc\u03b1\u03ba\u03c1\u03cd\u03bd\u03bf\u03bd\u03c4\u03b1\u03c2 \u03c4\u03bf\u03c5\u03c2 \u03bb\u03b5\u03ba\u03ad\u03b4\u03b5\u03c2 \u03c0\u03bf\u03c5 \u03c3\u03c7\u03b5\u03c4\u03af\u03b6\u03bf\u03bd\u03c4\u03b1\u03b9 \u03bc\u03b5 \u03b1\u03c5\u03c4\u03ad\u03c2. \u039a\u03bb\u03b9\u03bd\u03b9\u03ba\u03ad\u03c2 \u03bc\u03b5\u03bb\u03ad\u03c4\u03b5\u03c2 \u03ad\u03c7\u03bf\u03c5\u03bd \u03b1\u03c0\u03bf\u03b4\u03b5\u03af\u03be\u03b5\u03b9 \u03c4\u03b7\u03bd \u03b1\u03c0\u03bf\u03c4\u03b5\u03bb\u03b5\u03c3\u03bc\u03b1\u03c4\u03b9\u03ba\u03cc\u03c4\u03b7\u03c4\u03ac \u03c4\u03b7\u03c2 \u03c3\u03c4\u03b7 \u03bb\u03b5\u03cd\u03ba\u03b1\u03bd\u03c3\u03b7 \u03bc\u03b5\u03c4\u03ac \u03b1\u03c0\u03cc \u03bc\u03af\u03b1 \u03bc\u03cc\u03bd\u03bf \u03b5\u03c6\u03b1\u03c1\u03bc\u03bf\u03b3\u03ae.<\/p>\n\n\n\n<p><strong><mark style=\"background-color:rgba(0, 0, 0, 0)\" class=\"has-inline-color has-secondary-color\">\u039f\u03b9 \u03a6\u03c1\u03ac\u03bf\u03c5\u03bb\u03b5\u03c2<\/mark><\/strong> \u03b5\u03af\u03bd\u03b1\u03b9 \u03b5\u03c0\u03af\u03c3\u03b7\u03c2 \u03b3\u03bd\u03c9\u03c3\u03c4\u03ad\u03c2 \u03c9\u03c2 \u03ad\u03bd\u03b1\u03c2 \u03c6\u03c5\u03c3\u03b9\u03ba\u03cc\u03c2 \u03c0\u03b1\u03c1\u03ac\u03b3\u03bf\u03bd\u03c4\u03b1\u03c2 \u03bb\u03b5\u03cd\u03ba\u03b1\u03bd\u03c3\u03b7\u03c2. \u039a\u03bb\u03b9\u03bd\u03b9\u03ba\u03ad\u03c2 \u03ad\u03c1\u03b5\u03c5\u03bd\u03b5\u03c2 \u03ad\u03c7\u03bf\u03c5\u03bd \u03b4\u03b5\u03af\u03be\u03b5\u03b9 \u03cc\u03c4\u03b9 \u03bf\u03b9 \u03c6\u03c1\u03ac\u03bf\u03c5\u03bb\u03b5\u03c2 \u03ad\u03c7\u03bf\u03c5\u03bd \u03bb\u03b5\u03c5\u03ba\u03b1\u03bd\u03c4\u03b9\u03ba\u03ae \u03ba\u03b1\u03b9 \u03ba\u03b1\u03b8\u03b1\u03c1\u03b9\u03c3\u03c4\u03b9\u03ba\u03ae \u03b4\u03c1\u03ac\u03c3\u03b7 \u03c3\u03c4\u03b1 \u03b4\u03cc\u03bd\u03c4\u03b9\u03b1, \u03b2\u03bf\u03b7\u03b8\u03ce\u03bd\u03c4\u03b1\u03c2 \u03c3\u03c4\u03b7 \u03b4\u03b9\u03ac\u03bb\u03c5\u03c3\u03b7 \u03c4\u03c9\u03bd \u03bb\u03b5\u03ba\u03ad\u03b4\u03c9\u03bd.<\/p>\n<\/div><\/details>\n\n\n\n<details class=\"wp-block-karopharma-accordion\"><summary><h2 class=\"accordion-title\">\u0397 \u03bb\u03b5\u03cd\u03ba\u03b1\u03bd\u03c3\u03b7 \u03c4\u03c9\u03bd \u03b4\u03bf\u03bd\u03c4\u03b9\u03ce\u03bd \u03b3\u03af\u03bd\u03b5\u03c4\u03b1\u03b9 \u03c7\u03c9\u03c1\u03af\u03c2 \u03ba\u03cc\u03c0\u03bf!<\/h2><\/summary><div class=\"accordion-content\">\n<p>\u0391\u03c0\u03bb\u03ac \u03c4\u03bf\u03c0\u03bf\u03b8\u03b5\u03c4\u03ae\u03c3\u03c4\u03b5 \u03c4\u03b9\u03c2 \u03c4\u03b1\u03b9\u03bd\u03af\u03b5\u03c2 \u03bb\u03b5\u03cd\u03ba\u03b1\u03bd\u03c3\u03b7\u03c2 \u03c3\u03c4\u03b1 \u03b4\u03cc\u03bd\u03c4\u03b9\u03b1 \u03c3\u03b1\u03c2 \u03ba\u03b1\u03b9 \u03b1\u03c6\u03ae\u03c3\u03c4\u03b5 \u03bd\u03b1 \u03ba\u03ac\u03bd\u03bf\u03c5\u03bd \u03cc\u03bb\u03b7 \u03c4\u03b7 \u03b4\u03bf\u03c5\u03bb\u03b5\u03b9\u03ac \u03b3\u03b9\u03b1 \u03b5\u03c3\u03ac\u03c2. \u03a3\u03b5 \u03bc\u03cc\u03bb\u03b9\u03c2 \u03bb\u03af\u03b3\u03b1 \u03bb\u03b5\u03c0\u03c4\u03ac \u03b8\u03b1 \u03b4\u03b9\u03b1\u03bb\u03c5\u03b8\u03bf\u03cd\u03bd \u03ba\u03b1\u03b9 \u03b8\u03b1 \u03c3\u03b1\u03c2 \u03c7\u03b1\u03c1\u03af\u03c3\u03bf\u03c5\u03bd \u03ad\u03bd\u03b1 \u03bb\u03b5\u03c5\u03ba\u03cc\u03c4\u03b5\u03c1\u03bf \u03c7\u03b1\u03bc\u03cc\u03b3\u03b5\u03bb\u03bf. \u03a7\u03c9\u03c1\u03af\u03c2 \u03ba\u03cc\u03c0\u03bf \u03ae \u03b1\u03bd\u03b1\u03c3\u03c4\u03ac\u03c4\u03c9\u03c3\u03b7, \u03bc\u03c0\u03bf\u03c1\u03b5\u03af\u03c4\u03b5 \u03bd\u03b1 \u03c7\u03c1\u03b7\u03c3\u03b9\u03bc\u03bf\u03c0\u03bf\u03b9\u03b5\u03af\u03c4\u03b5 \u03c4\u03b9\u03c2 \u03c4\u03b1\u03b9\u03bd\u03af\u03b5\u03c2 \u03cc\u03c0\u03bf\u03c4\u03b5 \u03ba\u03b1\u03b9 \u03cc\u03c0\u03bf\u03c5 \u03b8\u03ad\u03bb\u03b5\u03c4\u03b5 \u03b3\u03b9\u03b1 \u03bd\u03b1 \u03bb\u03b5\u03c5\u03ba\u03ac\u03bd\u03b5\u03c4\u03b5 \u03c4\u03b1 \u03b4\u03cc\u03bd\u03c4\u03b9\u03b1 \u03c3\u03b1\u03c2!<\/p>\n\n\n\n<p>\u039e\u03b5\u03ba\u03b9\u03bd\u03ae\u03c3\u03c4\u03b5 \u03c4\u03ce\u03c1\u03b1 \u03ba\u03b1\u03b9 \u03c7\u03c1\u03b7\u03c3\u03b9\u03bc\u03bf\u03c0\u03bf\u03b9\u03ae\u03c3\u03c4\u03b5 \u03c4\u03bf \u03b3\u03b9\u03b1 14 \u03c3\u03c5\u03bd\u03b5\u03c7\u03cc\u03bc\u03b5\u03bd\u03b5\u03c2 \u03b7\u03bc\u03ad\u03c1\u03b5\u03c2 \u03b3\u03b9\u03b1 \u03b1\u03ba\u03cc\u03bc\u03b1 \u03c0\u03b9\u03bf \u03b5\u03bd\u03c4\u03c5\u03c0\u03c9\u03c3\u03b9\u03b1\u03ba\u03ac \u03b1\u03c0\u03bf\u03c4\u03b5\u03bb\u03ad\u03c3\u03bc\u03b1\u03c4\u03b1.<\/p>\n<\/div><\/details>\n<\/div><\/div>\n","protected":false},"excerpt":{"rendered":"<p>&#8216;\u0391\u03bc\u03b5\u03c3\u03b7 \u03c6\u03c5\u03c3\u03b9\u03ba\u03ae \u03bb\u03b5\u03cd\u03ba\u03b1\u03bd\u03c3\u03b7 \u03b3\u03c1\u03ae\u03b3\u03bf\u03c1\u03b1 \u03ba\u03b1\u03b9 \u03b5\u03cd\u03ba\u03bf\u03bb\u03b1!<\/p>\n","protected":false},"featured_media":81,"comment_status":"closed","ping_status":"closed","template":"","meta":{"_acf_changed":false,"footnotes":""},"product_brand":[],"product_cat":[21],"product_tag":[],"class_list":{"0":"post-80","1":"product","2":"type-product","3":"status-publish","4":"has-post-thumbnail","6":"product_cat-fysiki-lefkansi","8":"first","9":"instock","10":"shipping-taxable","11":"product-type-simple"},"acf":[],"yoast_head":"<!-- This site is optimized with the Yoast SEO plugin v26.6 - https:\/\/yoast.com\/wordpress\/plugins\/seo\/ -->\n<title>iWhite Natural \u0394\u03b9\u03b1\u03bb\u03c5\u03cc\u03bc\u03b5\u03bd\u03b5\u03c2 \u03a4\u03b1\u03b9\u03bd\u03af\u03b5\u03c2 \u039b\u03b5\u03cd\u03ba\u03b1\u03bd\u03c3\u03b7\u03c2 - iWhite<\/title>\n<meta name=\"description\" content=\"\u039f\u03b9 \u03b4\u03b9\u03b1\u03bb\u03c5\u03cc\u03bc\u03b5\u03bd\u03b5\u03c2 \u03c4\u03b1\u03b9\u03bd\u03af\u03b5\u03c2 \u03bb\u03b5\u03cd\u03ba\u03b1\u03bd\u03c3\u03b7\u03c2 iWhite Natural \u03bb\u03b5\u03c5\u03ba\u03b1\u03af\u03bd\u03bf\u03c5\u03bd \u03bc\u03b5 \u03b1\u03c3\u03c6\u03ac\u03bb\u03b5\u03b9\u03b1 \u03c4\u03b1 \u03b4\u03cc\u03bd\u03c4\u03b9\u03b1 \u03c3\u03b1\u03c2, \u03c0\u03c1\u03bf\u03c3\u03c6\u03ad\u03c1\u03bf\u03bd\u03c4\u03b1\u03c2 \u03ac\u03bc\u03b5\u03c3\u03b7 \u03b5\u03c6\u03b1\u03c1\u03bc\u03bf\u03b3\u03ae \u03bf\u03c0\u03bf\u03b9\u03b1\u03b4\u03ae\u03c0\u03bf\u03c4\u03b5 \u03c3\u03c4\u03b9\u03b3\u03bc\u03ae \u03ba\u03b1\u03b9 \u03c3\u03b5 \u03bf\u03c0\u03bf\u03b9\u03bf\u03b4\u03ae\u03c0\u03bf\u03c4\u03b5 \u03bc\u03ad\u03c1\u03bf\u03c2, \u03c7\u03c9\u03c1\u03af\u03c2 \u03bd\u03b1 \u03c7\u03c1\u03b5\u03b9\u03ac\u03b6\u03b5\u03c4\u03b1\u03b9 \u03b1\u03c6\u03b1\u03af\u03c1\u03b5\u03c3\u03b7.\" \/>\n<meta name=\"robots\" content=\"index, follow, max-snippet:-1, max-image-preview:large, max-video-preview:-1\" \/>\n<link rel=\"canonical\" href=\"https:\/\/iwhiteinstant.com\/gr\/proion\/iwhite-natural-dialyomenes-tainies-lefkansis\/\" \/>\n<meta property=\"og:locale\" content=\"el_GR\" \/>\n<meta property=\"og:type\" content=\"article\" \/>\n<meta property=\"og:title\" content=\"iWhite Natural \u0394\u03b9\u03b1\u03bb\u03c5\u03cc\u03bc\u03b5\u03bd\u03b5\u03c2 \u03a4\u03b1\u03b9\u03bd\u03af\u03b5\u03c2 \u039b\u03b5\u03cd\u03ba\u03b1\u03bd\u03c3\u03b7\u03c2 - iWhite\" \/>\n<meta property=\"og:description\" content=\"\u039f\u03b9 \u03b4\u03b9\u03b1\u03bb\u03c5\u03cc\u03bc\u03b5\u03bd\u03b5\u03c2 \u03c4\u03b1\u03b9\u03bd\u03af\u03b5\u03c2 \u03bb\u03b5\u03cd\u03ba\u03b1\u03bd\u03c3\u03b7\u03c2 iWhite Natural \u03bb\u03b5\u03c5\u03ba\u03b1\u03af\u03bd\u03bf\u03c5\u03bd \u03bc\u03b5 \u03b1\u03c3\u03c6\u03ac\u03bb\u03b5\u03b9\u03b1 \u03c4\u03b1 \u03b4\u03cc\u03bd\u03c4\u03b9\u03b1 \u03c3\u03b1\u03c2, \u03c0\u03c1\u03bf\u03c3\u03c6\u03ad\u03c1\u03bf\u03bd\u03c4\u03b1\u03c2 \u03ac\u03bc\u03b5\u03c3\u03b7 \u03b5\u03c6\u03b1\u03c1\u03bc\u03bf\u03b3\u03ae \u03bf\u03c0\u03bf\u03b9\u03b1\u03b4\u03ae\u03c0\u03bf\u03c4\u03b5 \u03c3\u03c4\u03b9\u03b3\u03bc\u03ae \u03ba\u03b1\u03b9 \u03c3\u03b5 \u03bf\u03c0\u03bf\u03b9\u03bf\u03b4\u03ae\u03c0\u03bf\u03c4\u03b5 \u03bc\u03ad\u03c1\u03bf\u03c2, \u03c7\u03c9\u03c1\u03af\u03c2 \u03bd\u03b1 \u03c7\u03c1\u03b5\u03b9\u03ac\u03b6\u03b5\u03c4\u03b1\u03b9 \u03b1\u03c6\u03b1\u03af\u03c1\u03b5\u03c3\u03b7.\" \/>\n<meta property=\"og:url\" content=\"https:\/\/iwhiteinstant.com\/gr\/proion\/iwhite-natural-dialyomenes-tainies-lefkansis\/\" \/>\n<meta property=\"og:site_name\" content=\"iWhite\" \/>\n<meta property=\"article:modified_time\" content=\"2024-12-20T14:22:16+00:00\" \/>\n<meta property=\"og:image\" content=\"https:\/\/iwhiteinstant.com\/app\/uploads\/sites\/16\/2024\/11\/iWhite-Natural-Dissolving-Whitening-Strips.png\" \/>\n\t<meta property=\"og:image:width\" content=\"800\" \/>\n\t<meta property=\"og:image:height\" content=\"800\" \/>\n\t<meta property=\"og:image:type\" content=\"image\/png\" \/>\n<meta name=\"twitter:card\" content=\"summary_large_image\" \/>\n<meta name=\"twitter:label1\" content=\"Est. reading time\" \/>\n\t<meta name=\"twitter:data1\" content=\"2 minutes\" \/>\n<script type=\"application\/ld+json\" class=\"yoast-schema-graph\">{\"@context\":\"https:\/\/schema.org\",\"@graph\":[{\"@type\":\"WebPage\",\"@id\":\"https:\/\/iwhiteinstant.com\/gr\/proion\/iwhite-natural-dialyomenes-tainies-lefkansis\/\",\"url\":\"https:\/\/iwhiteinstant.com\/gr\/proion\/iwhite-natural-dialyomenes-tainies-lefkansis\/\",\"name\":\"iWhite Natural \u0394\u03b9\u03b1\u03bb\u03c5\u03cc\u03bc\u03b5\u03bd\u03b5\u03c2 \u03a4\u03b1\u03b9\u03bd\u03af\u03b5\u03c2 \u039b\u03b5\u03cd\u03ba\u03b1\u03bd\u03c3\u03b7\u03c2 - iWhite\",\"isPartOf\":{\"@id\":\"https:\/\/iwhiteinstant.com\/gr\/#website\"},\"primaryImageOfPage\":{\"@id\":\"https:\/\/iwhiteinstant.com\/gr\/proion\/iwhite-natural-dialyomenes-tainies-lefkansis\/#primaryimage\"},\"image\":{\"@id\":\"https:\/\/iwhiteinstant.com\/gr\/proion\/iwhite-natural-dialyomenes-tainies-lefkansis\/#primaryimage\"},\"thumbnailUrl\":\"https:\/\/iwhiteinstant.com\/app\/uploads\/sites\/16\/2024\/11\/iWhite-Natural-Dissolving-Whitening-Strips.png\",\"datePublished\":\"2024-11-22T07:57:50+00:00\",\"dateModified\":\"2024-12-20T14:22:16+00:00\",\"description\":\"\u039f\u03b9 \u03b4\u03b9\u03b1\u03bb\u03c5\u03cc\u03bc\u03b5\u03bd\u03b5\u03c2 \u03c4\u03b1\u03b9\u03bd\u03af\u03b5\u03c2 \u03bb\u03b5\u03cd\u03ba\u03b1\u03bd\u03c3\u03b7\u03c2 iWhite Natural \u03bb\u03b5\u03c5\u03ba\u03b1\u03af\u03bd\u03bf\u03c5\u03bd \u03bc\u03b5 \u03b1\u03c3\u03c6\u03ac\u03bb\u03b5\u03b9\u03b1 \u03c4\u03b1 \u03b4\u03cc\u03bd\u03c4\u03b9\u03b1 \u03c3\u03b1\u03c2, \u03c0\u03c1\u03bf\u03c3\u03c6\u03ad\u03c1\u03bf\u03bd\u03c4\u03b1\u03c2 \u03ac\u03bc\u03b5\u03c3\u03b7 \u03b5\u03c6\u03b1\u03c1\u03bc\u03bf\u03b3\u03ae \u03bf\u03c0\u03bf\u03b9\u03b1\u03b4\u03ae\u03c0\u03bf\u03c4\u03b5 \u03c3\u03c4\u03b9\u03b3\u03bc\u03ae \u03ba\u03b1\u03b9 \u03c3\u03b5 \u03bf\u03c0\u03bf\u03b9\u03bf\u03b4\u03ae\u03c0\u03bf\u03c4\u03b5 \u03bc\u03ad\u03c1\u03bf\u03c2, \u03c7\u03c9\u03c1\u03af\u03c2 \u03bd\u03b1 \u03c7\u03c1\u03b5\u03b9\u03ac\u03b6\u03b5\u03c4\u03b1\u03b9 \u03b1\u03c6\u03b1\u03af\u03c1\u03b5\u03c3\u03b7.\",\"breadcrumb\":{\"@id\":\"https:\/\/iwhiteinstant.com\/gr\/proion\/iwhite-natural-dialyomenes-tainies-lefkansis\/#breadcrumb\"},\"inLanguage\":\"el-GR\",\"potentialAction\":[{\"@type\":\"ReadAction\",\"target\":[\"https:\/\/iwhiteinstant.com\/gr\/proion\/iwhite-natural-dialyomenes-tainies-lefkansis\/\"]}]},{\"@type\":\"ImageObject\",\"inLanguage\":\"el-GR\",\"@id\":\"https:\/\/iwhiteinstant.com\/gr\/proion\/iwhite-natural-dialyomenes-tainies-lefkansis\/#primaryimage\",\"url\":\"https:\/\/iwhiteinstant.com\/app\/uploads\/sites\/16\/2024\/11\/iWhite-Natural-Dissolving-Whitening-Strips.png\",\"contentUrl\":\"https:\/\/iwhiteinstant.com\/app\/uploads\/sites\/16\/2024\/11\/iWhite-Natural-Dissolving-Whitening-Strips.png\",\"width\":800,\"height\":800,\"caption\":\"iWhite Natural Dialy\u00f3menes Tain\u00edes L\u00e9fkansis\"},{\"@type\":\"BreadcrumbList\",\"@id\":\"https:\/\/iwhiteinstant.com\/gr\/proion\/iwhite-natural-dialyomenes-tainies-lefkansis\/#breadcrumb\",\"itemListElement\":[{\"@type\":\"ListItem\",\"position\":1,\"name\":\"Home\",\"item\":\"https:\/\/iwhiteinstant.com\/gr\/\"},{\"@type\":\"ListItem\",\"position\":2,\"name\":\"iWhite \u03a0\u03c1\u03bf\u03ca\u03cc\u03bd\u03c4\u03b1\",\"item\":\"https:\/\/iwhiteinstant.com\/gr\/iwhite-proionta\/\"},{\"@type\":\"ListItem\",\"position\":3,\"name\":\"iWhite Natural \u0394\u03b9\u03b1\u03bb\u03c5\u03cc\u03bc\u03b5\u03bd\u03b5\u03c2 \u03a4\u03b1\u03b9\u03bd\u03af\u03b5\u03c2 \u039b\u03b5\u03cd\u03ba\u03b1\u03bd\u03c3\u03b7\u03c2\"}]},{\"@type\":\"WebSite\",\"@id\":\"https:\/\/iwhiteinstant.com\/gr\/#website\",\"url\":\"https:\/\/iwhiteinstant.com\/gr\/\",\"name\":\"iWhite\",\"description\":\"\",\"publisher\":{\"@id\":\"https:\/\/iwhiteinstant.com\/gr\/#organization\"},\"potentialAction\":[{\"@type\":\"SearchAction\",\"target\":{\"@type\":\"EntryPoint\",\"urlTemplate\":\"https:\/\/iwhiteinstant.com\/gr\/?s={search_term_string}\"},\"query-input\":{\"@type\":\"PropertyValueSpecification\",\"valueRequired\":true,\"valueName\":\"search_term_string\"}}],\"inLanguage\":\"el-GR\"},{\"@type\":\"Organization\",\"@id\":\"https:\/\/iwhiteinstant.com\/gr\/#organization\",\"name\":\"iWhite\",\"url\":\"https:\/\/iwhiteinstant.com\/gr\/\",\"logo\":{\"@type\":\"ImageObject\",\"inLanguage\":\"el-GR\",\"@id\":\"https:\/\/iwhiteinstant.com\/gr\/#\/schema\/logo\/image\/\",\"url\":\"https:\/\/iwhiteinstant.com\/app\/uploads\/sites\/16\/2024\/11\/Iwhite-logo.png\",\"contentUrl\":\"https:\/\/iwhiteinstant.com\/app\/uploads\/sites\/16\/2024\/11\/Iwhite-logo.png\",\"width\":160,\"height\":40,\"caption\":\"iWhite\"},\"image\":{\"@id\":\"https:\/\/iwhiteinstant.com\/gr\/#\/schema\/logo\/image\/\"}}]}<\/script>\n<!-- \/ Yoast SEO plugin. -->","yoast_head_json":{"title":"iWhite Natural \u0394\u03b9\u03b1\u03bb\u03c5\u03cc\u03bc\u03b5\u03bd\u03b5\u03c2 \u03a4\u03b1\u03b9\u03bd\u03af\u03b5\u03c2 \u039b\u03b5\u03cd\u03ba\u03b1\u03bd\u03c3\u03b7\u03c2 - iWhite","description":"\u039f\u03b9 \u03b4\u03b9\u03b1\u03bb\u03c5\u03cc\u03bc\u03b5\u03bd\u03b5\u03c2 \u03c4\u03b1\u03b9\u03bd\u03af\u03b5\u03c2 \u03bb\u03b5\u03cd\u03ba\u03b1\u03bd\u03c3\u03b7\u03c2 iWhite Natural \u03bb\u03b5\u03c5\u03ba\u03b1\u03af\u03bd\u03bf\u03c5\u03bd \u03bc\u03b5 \u03b1\u03c3\u03c6\u03ac\u03bb\u03b5\u03b9\u03b1 \u03c4\u03b1 \u03b4\u03cc\u03bd\u03c4\u03b9\u03b1 \u03c3\u03b1\u03c2, \u03c0\u03c1\u03bf\u03c3\u03c6\u03ad\u03c1\u03bf\u03bd\u03c4\u03b1\u03c2 \u03ac\u03bc\u03b5\u03c3\u03b7 \u03b5\u03c6\u03b1\u03c1\u03bc\u03bf\u03b3\u03ae \u03bf\u03c0\u03bf\u03b9\u03b1\u03b4\u03ae\u03c0\u03bf\u03c4\u03b5 \u03c3\u03c4\u03b9\u03b3\u03bc\u03ae \u03ba\u03b1\u03b9 \u03c3\u03b5 \u03bf\u03c0\u03bf\u03b9\u03bf\u03b4\u03ae\u03c0\u03bf\u03c4\u03b5 \u03bc\u03ad\u03c1\u03bf\u03c2, \u03c7\u03c9\u03c1\u03af\u03c2 \u03bd\u03b1 \u03c7\u03c1\u03b5\u03b9\u03ac\u03b6\u03b5\u03c4\u03b1\u03b9 \u03b1\u03c6\u03b1\u03af\u03c1\u03b5\u03c3\u03b7.","robots":{"index":"index","follow":"follow","max-snippet":"max-snippet:-1","max-image-preview":"max-image-preview:large","max-video-preview":"max-video-preview:-1"},"canonical":"https:\/\/iwhiteinstant.com\/gr\/proion\/iwhite-natural-dialyomenes-tainies-lefkansis\/","og_locale":"el_GR","og_type":"article","og_title":"iWhite Natural \u0394\u03b9\u03b1\u03bb\u03c5\u03cc\u03bc\u03b5\u03bd\u03b5\u03c2 \u03a4\u03b1\u03b9\u03bd\u03af\u03b5\u03c2 \u039b\u03b5\u03cd\u03ba\u03b1\u03bd\u03c3\u03b7\u03c2 - iWhite","og_description":"\u039f\u03b9 \u03b4\u03b9\u03b1\u03bb\u03c5\u03cc\u03bc\u03b5\u03bd\u03b5\u03c2 \u03c4\u03b1\u03b9\u03bd\u03af\u03b5\u03c2 \u03bb\u03b5\u03cd\u03ba\u03b1\u03bd\u03c3\u03b7\u03c2 iWhite Natural \u03bb\u03b5\u03c5\u03ba\u03b1\u03af\u03bd\u03bf\u03c5\u03bd \u03bc\u03b5 \u03b1\u03c3\u03c6\u03ac\u03bb\u03b5\u03b9\u03b1 \u03c4\u03b1 \u03b4\u03cc\u03bd\u03c4\u03b9\u03b1 \u03c3\u03b1\u03c2, \u03c0\u03c1\u03bf\u03c3\u03c6\u03ad\u03c1\u03bf\u03bd\u03c4\u03b1\u03c2 \u03ac\u03bc\u03b5\u03c3\u03b7 \u03b5\u03c6\u03b1\u03c1\u03bc\u03bf\u03b3\u03ae \u03bf\u03c0\u03bf\u03b9\u03b1\u03b4\u03ae\u03c0\u03bf\u03c4\u03b5 \u03c3\u03c4\u03b9\u03b3\u03bc\u03ae \u03ba\u03b1\u03b9 \u03c3\u03b5 \u03bf\u03c0\u03bf\u03b9\u03bf\u03b4\u03ae\u03c0\u03bf\u03c4\u03b5 \u03bc\u03ad\u03c1\u03bf\u03c2, \u03c7\u03c9\u03c1\u03af\u03c2 \u03bd\u03b1 \u03c7\u03c1\u03b5\u03b9\u03ac\u03b6\u03b5\u03c4\u03b1\u03b9 \u03b1\u03c6\u03b1\u03af\u03c1\u03b5\u03c3\u03b7.","og_url":"https:\/\/iwhiteinstant.com\/gr\/proion\/iwhite-natural-dialyomenes-tainies-lefkansis\/","og_site_name":"iWhite","article_modified_time":"2024-12-20T14:22:16+00:00","og_image":[{"width":800,"height":800,"url":"https:\/\/iwhiteinstant.com\/app\/uploads\/sites\/16\/2024\/11\/iWhite-Natural-Dissolving-Whitening-Strips.png","type":"image\/png"}],"twitter_card":"summary_large_image","twitter_misc":{"Est. reading time":"2 minutes"},"schema":{"@context":"https:\/\/schema.org","@graph":[{"@type":"WebPage","@id":"https:\/\/iwhiteinstant.com\/gr\/proion\/iwhite-natural-dialyomenes-tainies-lefkansis\/","url":"https:\/\/iwhiteinstant.com\/gr\/proion\/iwhite-natural-dialyomenes-tainies-lefkansis\/","name":"iWhite Natural \u0394\u03b9\u03b1\u03bb\u03c5\u03cc\u03bc\u03b5\u03bd\u03b5\u03c2 \u03a4\u03b1\u03b9\u03bd\u03af\u03b5\u03c2 \u039b\u03b5\u03cd\u03ba\u03b1\u03bd\u03c3\u03b7\u03c2 - iWhite","isPartOf":{"@id":"https:\/\/iwhiteinstant.com\/gr\/#website"},"primaryImageOfPage":{"@id":"https:\/\/iwhiteinstant.com\/gr\/proion\/iwhite-natural-dialyomenes-tainies-lefkansis\/#primaryimage"},"image":{"@id":"https:\/\/iwhiteinstant.com\/gr\/proion\/iwhite-natural-dialyomenes-tainies-lefkansis\/#primaryimage"},"thumbnailUrl":"https:\/\/iwhiteinstant.com\/app\/uploads\/sites\/16\/2024\/11\/iWhite-Natural-Dissolving-Whitening-Strips.png","datePublished":"2024-11-22T07:57:50+00:00","dateModified":"2024-12-20T14:22:16+00:00","description":"\u039f\u03b9 \u03b4\u03b9\u03b1\u03bb\u03c5\u03cc\u03bc\u03b5\u03bd\u03b5\u03c2 \u03c4\u03b1\u03b9\u03bd\u03af\u03b5\u03c2 \u03bb\u03b5\u03cd\u03ba\u03b1\u03bd\u03c3\u03b7\u03c2 iWhite Natural \u03bb\u03b5\u03c5\u03ba\u03b1\u03af\u03bd\u03bf\u03c5\u03bd \u03bc\u03b5 \u03b1\u03c3\u03c6\u03ac\u03bb\u03b5\u03b9\u03b1 \u03c4\u03b1 \u03b4\u03cc\u03bd\u03c4\u03b9\u03b1 \u03c3\u03b1\u03c2, \u03c0\u03c1\u03bf\u03c3\u03c6\u03ad\u03c1\u03bf\u03bd\u03c4\u03b1\u03c2 \u03ac\u03bc\u03b5\u03c3\u03b7 \u03b5\u03c6\u03b1\u03c1\u03bc\u03bf\u03b3\u03ae \u03bf\u03c0\u03bf\u03b9\u03b1\u03b4\u03ae\u03c0\u03bf\u03c4\u03b5 \u03c3\u03c4\u03b9\u03b3\u03bc\u03ae \u03ba\u03b1\u03b9 \u03c3\u03b5 \u03bf\u03c0\u03bf\u03b9\u03bf\u03b4\u03ae\u03c0\u03bf\u03c4\u03b5 \u03bc\u03ad\u03c1\u03bf\u03c2, \u03c7\u03c9\u03c1\u03af\u03c2 \u03bd\u03b1 \u03c7\u03c1\u03b5\u03b9\u03ac\u03b6\u03b5\u03c4\u03b1\u03b9 \u03b1\u03c6\u03b1\u03af\u03c1\u03b5\u03c3\u03b7.","breadcrumb":{"@id":"https:\/\/iwhiteinstant.com\/gr\/proion\/iwhite-natural-dialyomenes-tainies-lefkansis\/#breadcrumb"},"inLanguage":"el-GR","potentialAction":[{"@type":"ReadAction","target":["https:\/\/iwhiteinstant.com\/gr\/proion\/iwhite-natural-dialyomenes-tainies-lefkansis\/"]}]},{"@type":"ImageObject","inLanguage":"el-GR","@id":"https:\/\/iwhiteinstant.com\/gr\/proion\/iwhite-natural-dialyomenes-tainies-lefkansis\/#primaryimage","url":"https:\/\/iwhiteinstant.com\/app\/uploads\/sites\/16\/2024\/11\/iWhite-Natural-Dissolving-Whitening-Strips.png","contentUrl":"https:\/\/iwhiteinstant.com\/app\/uploads\/sites\/16\/2024\/11\/iWhite-Natural-Dissolving-Whitening-Strips.png","width":800,"height":800,"caption":"iWhite Natural Dialy\u00f3menes Tain\u00edes L\u00e9fkansis"},{"@type":"BreadcrumbList","@id":"https:\/\/iwhiteinstant.com\/gr\/proion\/iwhite-natural-dialyomenes-tainies-lefkansis\/#breadcrumb","itemListElement":[{"@type":"ListItem","position":1,"name":"Home","item":"https:\/\/iwhiteinstant.com\/gr\/"},{"@type":"ListItem","position":2,"name":"iWhite \u03a0\u03c1\u03bf\u03ca\u03cc\u03bd\u03c4\u03b1","item":"https:\/\/iwhiteinstant.com\/gr\/iwhite-proionta\/"},{"@type":"ListItem","position":3,"name":"iWhite Natural \u0394\u03b9\u03b1\u03bb\u03c5\u03cc\u03bc\u03b5\u03bd\u03b5\u03c2 \u03a4\u03b1\u03b9\u03bd\u03af\u03b5\u03c2 \u039b\u03b5\u03cd\u03ba\u03b1\u03bd\u03c3\u03b7\u03c2"}]},{"@type":"WebSite","@id":"https:\/\/iwhiteinstant.com\/gr\/#website","url":"https:\/\/iwhiteinstant.com\/gr\/","name":"iWhite","description":"","publisher":{"@id":"https:\/\/iwhiteinstant.com\/gr\/#organization"},"potentialAction":[{"@type":"SearchAction","target":{"@type":"EntryPoint","urlTemplate":"https:\/\/iwhiteinstant.com\/gr\/?s={search_term_string}"},"query-input":{"@type":"PropertyValueSpecification","valueRequired":true,"valueName":"search_term_string"}}],"inLanguage":"el-GR"},{"@type":"Organization","@id":"https:\/\/iwhiteinstant.com\/gr\/#organization","name":"iWhite","url":"https:\/\/iwhiteinstant.com\/gr\/","logo":{"@type":"ImageObject","inLanguage":"el-GR","@id":"https:\/\/iwhiteinstant.com\/gr\/#\/schema\/logo\/image\/","url":"https:\/\/iwhiteinstant.com\/app\/uploads\/sites\/16\/2024\/11\/Iwhite-logo.png","contentUrl":"https:\/\/iwhiteinstant.com\/app\/uploads\/sites\/16\/2024\/11\/Iwhite-logo.png","width":160,"height":40,"caption":"iWhite"},"image":{"@id":"https:\/\/iwhiteinstant.com\/gr\/#\/schema\/logo\/image\/"}}]}},"_links":{"self":[{"href":"https:\/\/iwhiteinstant.com\/gr\/wp-json\/wp\/v2\/product\/80","targetHints":{"allow":["GET"]}}],"collection":[{"href":"https:\/\/iwhiteinstant.com\/gr\/wp-json\/wp\/v2\/product"}],"about":[{"href":"https:\/\/iwhiteinstant.com\/gr\/wp-json\/wp\/v2\/types\/product"}],"replies":[{"embeddable":true,"href":"https:\/\/iwhiteinstant.com\/gr\/wp-json\/wp\/v2\/comments?post=80"}],"version-history":[{"count":10,"href":"https:\/\/iwhiteinstant.com\/gr\/wp-json\/wp\/v2\/product\/80\/revisions"}],"predecessor-version":[{"id":230,"href":"https:\/\/iwhiteinstant.com\/gr\/wp-json\/wp\/v2\/product\/80\/revisions\/230"}],"wp:featuredmedia":[{"embeddable":true,"href":"https:\/\/iwhiteinstant.com\/gr\/wp-json\/wp\/v2\/media\/81"}],"wp:attachment":[{"href":"https:\/\/iwhiteinstant.com\/gr\/wp-json\/wp\/v2\/media?parent=80"}],"wp:term":[{"taxonomy":"product_brand","embeddable":true,"href":"https:\/\/iwhiteinstant.com\/gr\/wp-json\/wp\/v2\/product_brand?post=80"},{"taxonomy":"product_cat","embeddable":true,"href":"https:\/\/iwhiteinstant.com\/gr\/wp-json\/wp\/v2\/product_cat?post=80"},{"taxonomy":"product_tag","embeddable":true,"href":"https:\/\/iwhiteinstant.com\/gr\/wp-json\/wp\/v2\/product_tag?post=80"}],"curies":[{"name":"wp","href":"https:\/\/api.w.org\/{rel}","templated":true}]}}