{"id":29,"date":"2024-09-11T13:58:17","date_gmt":"2024-09-11T11:58:17","guid":{"rendered":"https:\/\/iwhiteinstant.com\/hr\/?page_id=29"},"modified":"2024-12-20T15:10:17","modified_gmt":"2024-12-20T14:10:17","slug":"iwhite-technology","status":"publish","type":"page","link":"https:\/\/iwhiteinstant.com\/hr\/iwhite-technology\/","title":{"rendered":"iWhite Technology"},"content":{"rendered":"\n<div class=\"wp-block-karopharma-free-text pt-large pb-large bg-center bg-cover bg-no-repeat\" style=\"background-image:url()\"><div class=\"free-text-wrapper container max-w-medium text-left\">\n<h1 class=\"wp-block-heading is-style-heading-huge has-primary-color has-text-color\">iWhite Technology<sup>\u00a9<\/sup><\/h1>\n\n\n\n<p>Izumili smo tretman za izbjeljivanje zubi koji je bez <strong>vodikovog peroksida<\/strong> ali jo\u0161 u\u010dinkovitiji, temeljen na jedinstvenoj FCC (Film-Crystallized Calcium) tehnologiji.<\/p>\n\n\n\n<p>Mali bijeli bioaktivni kristali koriste se u kombinaciji s jakim polimernim sredstvom koje stvara film. Zahvaljuju\u0107i ovoj inovativnoj tehnologiji bijeli bioaktivni kristali \u0107e se fizi\u010dki fiksirati na povr\u0161inu zuba. Fizi\u010dka fiksacija bijelih kristala dovodi do opti\u010dkog u\u010dinka izbjeljivanja. Ova FCC tehnologija poja\u010dana je inovativnim novitetom za izbjeljivanje zubi: P.A.P. koja je sna\u017ena molekula za uklanjanje mrlja koja razgra\u0111uje diskoloracije na zubima u male komadi\u0107e bez utjecaja na strukturu zuba.<\/p>\n\n\n\n<p><strong>Klini\u010dke studije su dokazale da je iWhite Instant siguran za zube<\/strong> i daje vam <strong>trenutni u\u010dinak izbjeljivanja<\/strong> nakon prve primjene. Neki su pacijenti imali pobolj\u0161anje do 8 nijansi nakon jednog tretmana. Me\u0111utim, svaka je osoba druga\u010dija i rezultati se mogu razlikovati od osobe do osobe.<\/p>\n<\/div><\/div>\n\n\n\n<div class=\"wp-block-karopharma-free-text pt-large pb-large bg-center bg-cover bg-no-repeat  is-style-primary\" style=\"background-image:url()\"><div class=\"free-text-wrapper container max-w-medium text-left\">\n<h2 class=\"wp-block-heading is-style-heading-h2\">Trenuta\u010dni rezultati<sup>****<\/sup><\/h2>\n\n\n\n<p>Klini\u010dka studija provedena je u uredima neovisnog, cijenjenog stru\u010dnjaka. Ovaj stomatolog bio je biv\u0161i predsjednik Belgijske akademije za estetsku stomatologiju (BAED) i \u010dlan nekoliko akademija za estetska istra\u017eivanja te izvodi postupke izbjeljivanja vi\u0161e od 20 godina. Rezultati ove studije o u\u010dinkovitosti iWhite Instanta pokazali su prosje\u010dno 4,8 nijansi, dok su neki pacijenti nakon jednog tretmana od 20 minuta imali rezultate od 8 nijansi!<\/p>\n<\/div><\/div>\n\n\n\n<div class=\"wp-block-karopharma-free-text pt-large pb-large bg-center bg-cover bg-no-repeat\" style=\"background-image:url()\"><div class=\"free-text-wrapper container max-w-medium text-left\">\n<figure class=\"wp-block-table is-style-secondary-stripes\"><table><thead><tr><th>Pobolj\u0161anje nijanse (SH)<\/th><th>Postotak pacijenata (%)<\/th><\/tr><\/thead><tbody><tr><td>SH 0<\/td><td>4%<\/td><\/tr><tr><td>SH 1<\/td><td>0%<\/td><\/tr><tr><td>SH 2<\/td><td>4%<\/td><\/tr><tr><td>SH 3<\/td><td>24%<\/td><\/tr><tr><td>SH 4<\/td><td>16%<\/td><\/tr><tr><td>SH 5<\/td><td>8%<\/td><\/tr><tr><td>SH 6<\/td><td>12%<\/td><\/tr><tr><td>SH 7<\/td><td>24%<\/td><\/tr><tr><td>SH 8<\/td><td>8%<\/td><\/tr><\/tbody><\/table><figcaption class=\"wp-element-caption\"><small>Tablica 1: Distribucija pobolj\u0161anja nijanse<\/small><\/figcaption><\/figure>\n<\/div><\/div>\n\n\n\n<div class=\"wp-block-karopharma-free-text pt-large pb-large bg-center bg-cover bg-no-repeat  is-style-primary\" style=\"background-image:url()\"><div class=\"free-text-wrapper container max-w-medium text-left\">\n<h2 class=\"wp-block-heading is-style-heading-h2\">Sigurno i u\u010dinkovito<\/h2>\n\n\n\n<p>Niti jedan pacijent nije patio od problema s desnima ili osjetljivosti nakon tretmana i svi su bili zadovoljni cjelokupnom prakti\u010dno\u0161\u0107u udlaga koje su jednostavne za kori\u0161tenje.<\/p>\n<\/div><\/div>\n\n\n\n<div class=\"wp-block-karopharma-free-text pt-large pb-large bg-center bg-cover bg-no-repeat\" style=\"background-image:url()\"><div class=\"free-text-wrapper container max-w-medium text-left\">\n<figure class=\"wp-block-table is-style-secondary-stripes\"><table><thead><tr><th>Pitanja<\/th><th>Odgovor<\/th><th>T1 (n)<\/th><th>T2 (n)<\/th><\/tr><\/thead><tbody><tr><td>Ima li pacijent afte?<\/td><td>No<br>Yes<\/td><td>100%<br>0<\/td><td>100%<br>0<\/td><\/tr><tr><td>Ima li pacijent bijele mrlje na mekim tkivima?<\/td><td>No<br>Yes<\/td><td>100%<br>0<\/td><td>100%<br>0<\/td><\/tr><tr><td>Osje\u0107ate li osjetljivost zuba?<\/td><td>No<br>Yes<\/td><td>100%<br>0<\/td><td>100%<br>0<\/td><\/tr><\/tbody><\/table><figcaption class=\"wp-element-caption\"><small>Tablica 2: Distribucija podataka o prihvatljivosti<\/small><\/figcaption><\/figure>\n\n\n\n<p class=\"is-style-paragraph-small\">**** Klini\u010dka studija (dvostruko slijepo randomizirano klini\u010dko ispitivanje proizvoda za izbjeljivanje zubi u odnosu na placebo).<\/p>\n<\/div><\/div>\n","protected":false},"excerpt":{"rendered":"","protected":false},"author":2,"featured_media":0,"parent":0,"menu_order":0,"comment_status":"closed","ping_status":"closed","template":"","meta":{"_acf_changed":false,"footnotes":""},"from-article-database":[],"class_list":["post-29","page","type-page","status-publish","hentry"],"acf":[],"yoast_head":"<!-- This site is optimized with the Yoast SEO plugin v26.6 - https:\/\/yoast.com\/wordpress\/plugins\/seo\/ -->\n<title>iWhite Technology - iWhite<\/title>\n<meta name=\"description\" content=\"Izumili smo tretman za izbjeljivanje zubi koji je bez vodikovog peroksida ali jo\u0161 u\u010dinkovitiji, temeljen na jedinstvenoj FCC (Film-Crystallized Calcium) tehnologiji.\" \/>\n<meta name=\"robots\" content=\"index, follow, max-snippet:-1, max-image-preview:large, max-video-preview:-1\" \/>\n<link rel=\"canonical\" href=\"https:\/\/iwhiteinstant.com\/hr\/iwhite-technology\/\" \/>\n<meta property=\"og:locale\" content=\"hr_HR\" \/>\n<meta property=\"og:type\" content=\"article\" \/>\n<meta property=\"og:title\" content=\"iWhite Technology - iWhite\" \/>\n<meta property=\"og:description\" content=\"Izumili smo tretman za izbjeljivanje zubi koji je bez vodikovog peroksida ali jo\u0161 u\u010dinkovitiji, temeljen na jedinstvenoj FCC (Film-Crystallized Calcium) tehnologiji.\" \/>\n<meta property=\"og:url\" content=\"https:\/\/iwhiteinstant.com\/hr\/iwhite-technology\/\" \/>\n<meta property=\"og:site_name\" content=\"iWhite\" \/>\n<meta property=\"article:modified_time\" content=\"2024-12-20T14:10:17+00:00\" \/>\n<meta name=\"twitter:card\" content=\"summary_large_image\" \/>\n<meta name=\"twitter:label1\" content=\"Est. reading time\" \/>\n\t<meta name=\"twitter:data1\" content=\"2 minutes\" \/>\n<script type=\"application\/ld+json\" class=\"yoast-schema-graph\">{\"@context\":\"https:\/\/schema.org\",\"@graph\":[{\"@type\":\"WebPage\",\"@id\":\"https:\/\/iwhiteinstant.com\/hr\/iwhite-technology\/\",\"url\":\"https:\/\/iwhiteinstant.com\/hr\/iwhite-technology\/\",\"name\":\"iWhite Technology - iWhite\",\"isPartOf\":{\"@id\":\"https:\/\/iwhiteinstant.com\/hr\/#website\"},\"datePublished\":\"2024-09-11T11:58:17+00:00\",\"dateModified\":\"2024-12-20T14:10:17+00:00\",\"description\":\"Izumili smo tretman za izbjeljivanje zubi koji je bez vodikovog peroksida ali jo\u0161 u\u010dinkovitiji, temeljen na jedinstvenoj FCC (Film-Crystallized Calcium) tehnologiji.\",\"breadcrumb\":{\"@id\":\"https:\/\/iwhiteinstant.com\/hr\/iwhite-technology\/#breadcrumb\"},\"inLanguage\":\"hr-HR\",\"potentialAction\":[{\"@type\":\"ReadAction\",\"target\":[\"https:\/\/iwhiteinstant.com\/hr\/iwhite-technology\/\"]}]},{\"@type\":\"BreadcrumbList\",\"@id\":\"https:\/\/iwhiteinstant.com\/hr\/iwhite-technology\/#breadcrumb\",\"itemListElement\":[{\"@type\":\"ListItem\",\"position\":1,\"name\":\"Home\",\"item\":\"https:\/\/iwhiteinstant.com\/hr\/\"},{\"@type\":\"ListItem\",\"position\":2,\"name\":\"iWhite Technology\"}]},{\"@type\":\"WebSite\",\"@id\":\"https:\/\/iwhiteinstant.com\/hr\/#website\",\"url\":\"https:\/\/iwhiteinstant.com\/hr\/\",\"name\":\"iWhite\",\"description\":\"\",\"publisher\":{\"@id\":\"https:\/\/iwhiteinstant.com\/hr\/#organization\"},\"potentialAction\":[{\"@type\":\"SearchAction\",\"target\":{\"@type\":\"EntryPoint\",\"urlTemplate\":\"https:\/\/iwhiteinstant.com\/hr\/?s={search_term_string}\"},\"query-input\":{\"@type\":\"PropertyValueSpecification\",\"valueRequired\":true,\"valueName\":\"search_term_string\"}}],\"inLanguage\":\"hr-HR\"},{\"@type\":\"Organization\",\"@id\":\"https:\/\/iwhiteinstant.com\/hr\/#organization\",\"name\":\"iWhite\",\"url\":\"https:\/\/iwhiteinstant.com\/hr\/\",\"logo\":{\"@type\":\"ImageObject\",\"inLanguage\":\"hr-HR\",\"@id\":\"https:\/\/iwhiteinstant.com\/hr\/#\/schema\/logo\/image\/\",\"url\":\"https:\/\/iwhiteinstant.com\/app\/uploads\/sites\/12\/2024\/09\/Iwhite-logo.png\",\"contentUrl\":\"https:\/\/iwhiteinstant.com\/app\/uploads\/sites\/12\/2024\/09\/Iwhite-logo.png\",\"width\":160,\"height\":40,\"caption\":\"iWhite\"},\"image\":{\"@id\":\"https:\/\/iwhiteinstant.com\/hr\/#\/schema\/logo\/image\/\"}}]}<\/script>\n<!-- \/ Yoast SEO plugin. -->","yoast_head_json":{"title":"iWhite Technology - iWhite","description":"Izumili smo tretman za izbjeljivanje zubi koji je bez vodikovog peroksida ali jo\u0161 u\u010dinkovitiji, temeljen na jedinstvenoj FCC (Film-Crystallized Calcium) tehnologiji.","robots":{"index":"index","follow":"follow","max-snippet":"max-snippet:-1","max-image-preview":"max-image-preview:large","max-video-preview":"max-video-preview:-1"},"canonical":"https:\/\/iwhiteinstant.com\/hr\/iwhite-technology\/","og_locale":"hr_HR","og_type":"article","og_title":"iWhite Technology - iWhite","og_description":"Izumili smo tretman za izbjeljivanje zubi koji je bez vodikovog peroksida ali jo\u0161 u\u010dinkovitiji, temeljen na jedinstvenoj FCC (Film-Crystallized Calcium) tehnologiji.","og_url":"https:\/\/iwhiteinstant.com\/hr\/iwhite-technology\/","og_site_name":"iWhite","article_modified_time":"2024-12-20T14:10:17+00:00","twitter_card":"summary_large_image","twitter_misc":{"Est. reading time":"2 minutes"},"schema":{"@context":"https:\/\/schema.org","@graph":[{"@type":"WebPage","@id":"https:\/\/iwhiteinstant.com\/hr\/iwhite-technology\/","url":"https:\/\/iwhiteinstant.com\/hr\/iwhite-technology\/","name":"iWhite Technology - iWhite","isPartOf":{"@id":"https:\/\/iwhiteinstant.com\/hr\/#website"},"datePublished":"2024-09-11T11:58:17+00:00","dateModified":"2024-12-20T14:10:17+00:00","description":"Izumili smo tretman za izbjeljivanje zubi koji je bez vodikovog peroksida ali jo\u0161 u\u010dinkovitiji, temeljen na jedinstvenoj FCC (Film-Crystallized Calcium) tehnologiji.","breadcrumb":{"@id":"https:\/\/iwhiteinstant.com\/hr\/iwhite-technology\/#breadcrumb"},"inLanguage":"hr-HR","potentialAction":[{"@type":"ReadAction","target":["https:\/\/iwhiteinstant.com\/hr\/iwhite-technology\/"]}]},{"@type":"BreadcrumbList","@id":"https:\/\/iwhiteinstant.com\/hr\/iwhite-technology\/#breadcrumb","itemListElement":[{"@type":"ListItem","position":1,"name":"Home","item":"https:\/\/iwhiteinstant.com\/hr\/"},{"@type":"ListItem","position":2,"name":"iWhite Technology"}]},{"@type":"WebSite","@id":"https:\/\/iwhiteinstant.com\/hr\/#website","url":"https:\/\/iwhiteinstant.com\/hr\/","name":"iWhite","description":"","publisher":{"@id":"https:\/\/iwhiteinstant.com\/hr\/#organization"},"potentialAction":[{"@type":"SearchAction","target":{"@type":"EntryPoint","urlTemplate":"https:\/\/iwhiteinstant.com\/hr\/?s={search_term_string}"},"query-input":{"@type":"PropertyValueSpecification","valueRequired":true,"valueName":"search_term_string"}}],"inLanguage":"hr-HR"},{"@type":"Organization","@id":"https:\/\/iwhiteinstant.com\/hr\/#organization","name":"iWhite","url":"https:\/\/iwhiteinstant.com\/hr\/","logo":{"@type":"ImageObject","inLanguage":"hr-HR","@id":"https:\/\/iwhiteinstant.com\/hr\/#\/schema\/logo\/image\/","url":"https:\/\/iwhiteinstant.com\/app\/uploads\/sites\/12\/2024\/09\/Iwhite-logo.png","contentUrl":"https:\/\/iwhiteinstant.com\/app\/uploads\/sites\/12\/2024\/09\/Iwhite-logo.png","width":160,"height":40,"caption":"iWhite"},"image":{"@id":"https:\/\/iwhiteinstant.com\/hr\/#\/schema\/logo\/image\/"}}]}},"_links":{"self":[{"href":"https:\/\/iwhiteinstant.com\/hr\/wp-json\/wp\/v2\/pages\/29","targetHints":{"allow":["GET"]}}],"collection":[{"href":"https:\/\/iwhiteinstant.com\/hr\/wp-json\/wp\/v2\/pages"}],"about":[{"href":"https:\/\/iwhiteinstant.com\/hr\/wp-json\/wp\/v2\/types\/page"}],"author":[{"embeddable":true,"href":"https:\/\/iwhiteinstant.com\/hr\/wp-json\/wp\/v2\/users\/2"}],"replies":[{"embeddable":true,"href":"https:\/\/iwhiteinstant.com\/hr\/wp-json\/wp\/v2\/comments?post=29"}],"version-history":[{"count":4,"href":"https:\/\/iwhiteinstant.com\/hr\/wp-json\/wp\/v2\/pages\/29\/revisions"}],"predecessor-version":[{"id":126,"href":"https:\/\/iwhiteinstant.com\/hr\/wp-json\/wp\/v2\/pages\/29\/revisions\/126"}],"wp:attachment":[{"href":"https:\/\/iwhiteinstant.com\/hr\/wp-json\/wp\/v2\/media?parent=29"}],"wp:term":[{"taxonomy":"from-article-database","embeddable":true,"href":"https:\/\/iwhiteinstant.com\/hr\/wp-json\/wp\/v2\/from-article-database?post=29"}],"curies":[{"name":"wp","href":"https:\/\/api.w.org\/{rel}","templated":true}]}}