{"id":31,"date":"2024-09-11T14:03:53","date_gmt":"2024-09-11T12:03:53","guid":{"rendered":"https:\/\/iwhiteinstant.com\/hr\/?page_id=31"},"modified":"2024-12-20T15:10:15","modified_gmt":"2024-12-20T14:10:15","slug":"savjeti-trikovi","status":"publish","type":"page","link":"https:\/\/iwhiteinstant.com\/hr\/savjeti-trikovi\/","title":{"rendered":"Savjeti &#038; trikovi"},"content":{"rendered":"\n<div class=\"wp-block-karopharma-free-text pt-large pb-large bg-bottom bg-cover bg-no-repeat bg-box is-style-primary\" style=\"background-image:url(https:\/\/iwhiteinstant.com\/cdn-cgi\/image\/format=auto\/app\/uploads\/sites\/12\/2024\/09\/tips-tricks.jpg)\"><div class=\"free-text-wrapper container max-w-small text-center\">\n<h1 class=\"wp-block-heading is-style-heading-huge has-primary-color has-text-color\">Savjeti &amp; trikovi<\/h1>\n\n\n\n<h2 class=\"wp-block-heading is-style-heading-h3\">iWhite je predan va\u0161em oralnom zdravlju. Otkrijte na\u0161e savjete i trikove koji \u0107e vam pomo\u0107i da pobolj\u0161ate svoje oralno zdravlje.<\/h2>\n<\/div><\/div>\n\n\n\n<div class=\"wp-block-karopharma-accordions\"><div class=\"container\">\n<details class=\"wp-block-karopharma-accordion\"><summary><h2 class=\"accordion-title\">Koliko dugo trebate prati zube?<\/h2><\/summary><div class=\"accordion-content\">\n<p>\u010cetkajte najmanje 2 minute za optimalan rezultat i uklanjanje plaka, hrane, ostataka i bakterija. \u010cetkajte svaku od 4 zone najmanje 30 sekundi.<\/p>\n\n\n\n<figure class=\"wp-block-image size-large is-resized\"><img loading=\"lazy\" decoding=\"async\" width=\"1024\" height=\"1024\" src=\"https:\/\/iwhiteinstant.com\/app\/uploads\/sites\/12\/2024\/09\/how-long-1024x1024.jpg\" alt=\"Koliko \u010desto trebate mijenjati \u010detkicu?\" class=\"wp-image-77\" style=\"width:512px;height:512px\" srcset=\"https:\/\/iwhiteinstant.com\/app\/uploads\/sites\/12\/2024\/09\/how-long-1024x1024.jpg 1024w, https:\/\/iwhiteinstant.com\/app\/uploads\/sites\/12\/2024\/09\/how-long-320x320.jpg 320w, https:\/\/iwhiteinstant.com\/app\/uploads\/sites\/12\/2024\/09\/how-long-150x150.jpg 150w, https:\/\/iwhiteinstant.com\/app\/uploads\/sites\/12\/2024\/09\/how-long-768x768.jpg 768w, https:\/\/iwhiteinstant.com\/app\/uploads\/sites\/12\/2024\/09\/how-long-300x300.jpg 300w, https:\/\/iwhiteinstant.com\/app\/uploads\/sites\/12\/2024\/09\/how-long-600x600.jpg 600w, https:\/\/iwhiteinstant.com\/app\/uploads\/sites\/12\/2024\/09\/how-long-100x100.jpg 100w, https:\/\/iwhiteinstant.com\/app\/uploads\/sites\/12\/2024\/09\/how-long.jpg 1200w\" sizes=\"auto, (max-width: 1024px) 100vw, 1024px\" \/><\/figure>\n<\/div><\/details>\n\n\n\n<details class=\"wp-block-karopharma-accordion\"><summary><h2 class=\"accordion-title\">Koliko \u010desto trebate mijenjati \u010detkicu?<\/h2><\/summary><div class=\"accordion-content\">\n<p>Zamijenite \u010detkicu za zube svaka 3 mjeseca. Zamijenite je ranije ako ste bili bolesni, posebno ako je \u010detkica za zube pohranjena blizu drugih \u010detkica za zube.<\/p>\n\n\n\n<figure class=\"wp-block-image size-full is-resized\"><img loading=\"lazy\" decoding=\"async\" width=\"720\" height=\"720\" src=\"https:\/\/iwhiteinstant.com\/app\/uploads\/sites\/12\/2024\/09\/how-often.jpg\" alt=\"Koliko \u010desto trebate mijenjati \u010detkicu?\" class=\"wp-image-79\" style=\"width:360px;height:360px\" srcset=\"https:\/\/iwhiteinstant.com\/app\/uploads\/sites\/12\/2024\/09\/how-often.jpg 720w, https:\/\/iwhiteinstant.com\/app\/uploads\/sites\/12\/2024\/09\/how-often-320x320.jpg 320w, https:\/\/iwhiteinstant.com\/app\/uploads\/sites\/12\/2024\/09\/how-often-150x150.jpg 150w, https:\/\/iwhiteinstant.com\/app\/uploads\/sites\/12\/2024\/09\/how-often-300x300.jpg 300w, https:\/\/iwhiteinstant.com\/app\/uploads\/sites\/12\/2024\/09\/how-often-600x600.jpg 600w, https:\/\/iwhiteinstant.com\/app\/uploads\/sites\/12\/2024\/09\/how-often-100x100.jpg 100w\" sizes=\"auto, (max-width: 720px) 100vw, 720px\" \/><\/figure>\n<\/div><\/details>\n\n\n\n<details class=\"wp-block-karopharma-accordion\"><summary><h2 class=\"accordion-title\">Kada treba prati zube?<\/h2><\/summary><div class=\"accordion-content\">\n<p>Najbolje je prati zube prije doru\u010dka. Mo\u017eda \u0107ete zapravo biti bolji u sprje\u010davanju karijesa ako \u010detkate prije doru\u010dka jer \u0107ete tada ukloniti \u0161to je mogu\u0107e vi\u0161e bakterija umjesto da ih &#8220;nahranite&#8221;. Preporu\u010dujemo pranje zuba dva puta dnevno po 2 minute.<\/p>\n\n\n\n<figure class=\"wp-block-image size-large is-resized\"><img loading=\"lazy\" decoding=\"async\" width=\"1024\" height=\"1024\" src=\"https:\/\/iwhiteinstant.com\/app\/uploads\/sites\/12\/2024\/09\/when-should-you-1024x1024.jpg\" alt=\"Kada treba prati zube?\" class=\"wp-image-81\" style=\"width:512px;height:512px\" srcset=\"https:\/\/iwhiteinstant.com\/app\/uploads\/sites\/12\/2024\/09\/when-should-you-1024x1024.jpg 1024w, https:\/\/iwhiteinstant.com\/app\/uploads\/sites\/12\/2024\/09\/when-should-you-320x320.jpg 320w, https:\/\/iwhiteinstant.com\/app\/uploads\/sites\/12\/2024\/09\/when-should-you-150x150.jpg 150w, https:\/\/iwhiteinstant.com\/app\/uploads\/sites\/12\/2024\/09\/when-should-you-768x768.jpg 768w, https:\/\/iwhiteinstant.com\/app\/uploads\/sites\/12\/2024\/09\/when-should-you-300x300.jpg 300w, https:\/\/iwhiteinstant.com\/app\/uploads\/sites\/12\/2024\/09\/when-should-you-600x600.jpg 600w, https:\/\/iwhiteinstant.com\/app\/uploads\/sites\/12\/2024\/09\/when-should-you-100x100.jpg 100w, https:\/\/iwhiteinstant.com\/app\/uploads\/sites\/12\/2024\/09\/when-should-you.jpg 1200w\" sizes=\"auto, (max-width: 1024px) 100vw, 1024px\" \/><\/figure>\n<\/div><\/details>\n\n\n\n<details class=\"wp-block-karopharma-accordion\"><summary><h2 class=\"accordion-title\">3 razloga za\u0161to biste trebali koristiti vodicu za ispiranje usta<\/h2><\/summary><div class=\"accordion-content\">\n<p>Trenuta\u010dno izbjeljuje va\u0161e zube, uklanja i sprje\u010dava plak, ja\u010da i remineralizira va\u0161e zube. U\u017eivajte u svom intenzivnom blistavom osmijehu!<\/p>\n\n\n\n<figure class=\"wp-block-image size-large is-resized\"><img loading=\"lazy\" decoding=\"async\" width=\"1024\" height=\"1024\" src=\"https:\/\/iwhiteinstant.com\/app\/uploads\/sites\/12\/2024\/09\/three-reasons-1024x1024.jpg\" alt=\"three-reasons\" class=\"wp-image-75\" style=\"width:512px;height:512px\" srcset=\"https:\/\/iwhiteinstant.com\/app\/uploads\/sites\/12\/2024\/09\/three-reasons-1024x1024.jpg 1024w, https:\/\/iwhiteinstant.com\/app\/uploads\/sites\/12\/2024\/09\/three-reasons-320x320.jpg 320w, https:\/\/iwhiteinstant.com\/app\/uploads\/sites\/12\/2024\/09\/three-reasons-150x150.jpg 150w, https:\/\/iwhiteinstant.com\/app\/uploads\/sites\/12\/2024\/09\/three-reasons-768x768.jpg 768w, https:\/\/iwhiteinstant.com\/app\/uploads\/sites\/12\/2024\/09\/three-reasons-300x300.jpg 300w, https:\/\/iwhiteinstant.com\/app\/uploads\/sites\/12\/2024\/09\/three-reasons-600x600.jpg 600w, https:\/\/iwhiteinstant.com\/app\/uploads\/sites\/12\/2024\/09\/three-reasons-100x100.jpg 100w, https:\/\/iwhiteinstant.com\/app\/uploads\/sites\/12\/2024\/09\/three-reasons.jpg 1080w\" sizes=\"auto, (max-width: 1024px) 100vw, 1024px\" \/><\/figure>\n<\/div><\/details>\n\n\n\n<details class=\"wp-block-karopharma-accordion\"><summary><h2 class=\"accordion-title\">\u0160to u\u010diniti nakon \u0161to pojedete ili popijete kiselo vo\u0107e?<\/h2><\/summary><div class=\"accordion-content\">\n<p>Najbolje je isprati usta vodom nakon konzumacije ovih plodova i ne \u010detkati ih. Prirodna kiselina u vo\u0107u koja ostane u ustima nakon \u0161to ga pojedete mo\u017ee privremeno omek\u0161ati vanjski sloj zuba. Ovo privremeno omek\u0161avanje moglo bi omogu\u0107iti va\u0161oj \u010detkici za zube da izriba va\u0161u zubnu caklinu. Stoga je bolje da prvo isperete usta vodom.<\/p>\n\n\n\n<figure class=\"wp-block-image size-large is-resized\"><img loading=\"lazy\" decoding=\"async\" width=\"1024\" height=\"1024\" src=\"https:\/\/iwhiteinstant.com\/app\/uploads\/sites\/12\/2024\/09\/what-to-do-after-1024x1024.jpg\" alt=\"\u0160to u\u010diniti nakon \u0161to pojedete ili popijete kiselo vo\u0107e?\" class=\"wp-image-83\" style=\"width:512px;height:512px\" srcset=\"https:\/\/iwhiteinstant.com\/app\/uploads\/sites\/12\/2024\/09\/what-to-do-after-1024x1024.jpg 1024w, https:\/\/iwhiteinstant.com\/app\/uploads\/sites\/12\/2024\/09\/what-to-do-after-320x320.jpg 320w, https:\/\/iwhiteinstant.com\/app\/uploads\/sites\/12\/2024\/09\/what-to-do-after-150x150.jpg 150w, https:\/\/iwhiteinstant.com\/app\/uploads\/sites\/12\/2024\/09\/what-to-do-after-768x768.jpg 768w, https:\/\/iwhiteinstant.com\/app\/uploads\/sites\/12\/2024\/09\/what-to-do-after-300x300.jpg 300w, https:\/\/iwhiteinstant.com\/app\/uploads\/sites\/12\/2024\/09\/what-to-do-after-600x600.jpg 600w, https:\/\/iwhiteinstant.com\/app\/uploads\/sites\/12\/2024\/09\/what-to-do-after-100x100.jpg 100w, https:\/\/iwhiteinstant.com\/app\/uploads\/sites\/12\/2024\/09\/what-to-do-after.jpg 1200w\" sizes=\"auto, (max-width: 1024px) 100vw, 1024px\" \/><\/figure>\n<\/div><\/details>\n\n\n\n<details class=\"wp-block-karopharma-accordion\"><summary><h2 class=\"accordion-title\">Za\u0161to su jagode dobre za zube?<\/h2><\/summary><div class=\"accordion-content\">\n<p>Jagode poma\u017eu u otapanju mrlja i sadr\u017ee vitamin C koji ja\u010da va\u0161e zube.<\/p>\n\n\n\n<figure class=\"wp-block-image size-large is-resized\"><img loading=\"lazy\" decoding=\"async\" width=\"1024\" height=\"1024\" src=\"https:\/\/iwhiteinstant.com\/app\/uploads\/sites\/12\/2024\/09\/why-are-strawberries-1024x1024.jpg\" alt=\"why-are-strawberries\" class=\"wp-image-74\" style=\"width:512px;height:512px\" srcset=\"https:\/\/iwhiteinstant.com\/app\/uploads\/sites\/12\/2024\/09\/why-are-strawberries-1024x1024.jpg 1024w, https:\/\/iwhiteinstant.com\/app\/uploads\/sites\/12\/2024\/09\/why-are-strawberries-320x320.jpg 320w, https:\/\/iwhiteinstant.com\/app\/uploads\/sites\/12\/2024\/09\/why-are-strawberries-150x150.jpg 150w, https:\/\/iwhiteinstant.com\/app\/uploads\/sites\/12\/2024\/09\/why-are-strawberries-768x768.jpg 768w, https:\/\/iwhiteinstant.com\/app\/uploads\/sites\/12\/2024\/09\/why-are-strawberries-300x300.jpg 300w, https:\/\/iwhiteinstant.com\/app\/uploads\/sites\/12\/2024\/09\/why-are-strawberries-600x600.jpg 600w, https:\/\/iwhiteinstant.com\/app\/uploads\/sites\/12\/2024\/09\/why-are-strawberries-100x100.jpg 100w, https:\/\/iwhiteinstant.com\/app\/uploads\/sites\/12\/2024\/09\/why-are-strawberries.jpg 1099w\" sizes=\"auto, (max-width: 1024px) 100vw, 1024px\" \/><\/figure>\n<\/div><\/details>\n\n\n\n<details class=\"wp-block-karopharma-accordion\"><summary><h2 class=\"accordion-title\">Jeste li znali da crna \u010dokolada poma\u017ee u za\u0161titi va\u0161ih zuba?<\/h2><\/summary><div class=\"accordion-content\">\n<p>Tamna \u010dokolada sadr\u017ei teobromin koji poma\u017ee u ja\u010danju va\u0161e cakline.<\/p>\n\n\n\n<figure class=\"wp-block-image size-full is-resized\"><img loading=\"lazy\" decoding=\"async\" width=\"991\" height=\"991\" src=\"https:\/\/iwhiteinstant.com\/app\/uploads\/sites\/12\/2024\/09\/dark-chocolate.jpg\" alt=\"dark-chocolate\" class=\"wp-image-73\" style=\"width:496px;height:496px\" srcset=\"https:\/\/iwhiteinstant.com\/app\/uploads\/sites\/12\/2024\/09\/dark-chocolate.jpg 991w, https:\/\/iwhiteinstant.com\/app\/uploads\/sites\/12\/2024\/09\/dark-chocolate-320x320.jpg 320w, https:\/\/iwhiteinstant.com\/app\/uploads\/sites\/12\/2024\/09\/dark-chocolate-150x150.jpg 150w, https:\/\/iwhiteinstant.com\/app\/uploads\/sites\/12\/2024\/09\/dark-chocolate-768x768.jpg 768w, https:\/\/iwhiteinstant.com\/app\/uploads\/sites\/12\/2024\/09\/dark-chocolate-300x300.jpg 300w, https:\/\/iwhiteinstant.com\/app\/uploads\/sites\/12\/2024\/09\/dark-chocolate-600x600.jpg 600w, https:\/\/iwhiteinstant.com\/app\/uploads\/sites\/12\/2024\/09\/dark-chocolate-100x100.jpg 100w\" sizes=\"auto, (max-width: 991px) 100vw, 991px\" \/><\/figure>\n<\/div><\/details>\n\n\n\n<details class=\"wp-block-karopharma-accordion\"><summary><h2 class=\"accordion-title\">Regenerira li se caklina?<\/h2><\/summary><div class=\"accordion-content\">\n<p>Ne, iako je to najtvr\u0111i &#8220;materijal&#8221; u tijelu, ponekad je pod pritiskom kisele hrane, pi\u0107a ili pretjeranog \u010detkanja. iWhite Instant ne samo da \u0107e izbijeliti va\u0161e zube, ve\u0107 \u0107e i va\u0161u caklinu u\u010diniti ja\u010dom i obnoviti je, vra\u0107aju\u0107i joj prirodnu bijelu boju.<\/p>\n\n\n\n<figure class=\"wp-block-image size-full is-resized\"><img loading=\"lazy\" decoding=\"async\" width=\"860\" height=\"608\" src=\"https:\/\/iwhiteinstant.com\/app\/uploads\/sites\/12\/2024\/09\/instant-whitening-kits.jpg\" alt=\"instant-whitening-kits\" class=\"wp-image-72\" style=\"width:430px;height:304px\" srcset=\"https:\/\/iwhiteinstant.com\/app\/uploads\/sites\/12\/2024\/09\/instant-whitening-kits.jpg 860w, https:\/\/iwhiteinstant.com\/app\/uploads\/sites\/12\/2024\/09\/instant-whitening-kits-320x226.jpg 320w, https:\/\/iwhiteinstant.com\/app\/uploads\/sites\/12\/2024\/09\/instant-whitening-kits-768x543.jpg 768w, https:\/\/iwhiteinstant.com\/app\/uploads\/sites\/12\/2024\/09\/instant-whitening-kits-600x424.jpg 600w\" sizes=\"auto, (max-width: 860px) 100vw, 860px\" \/><\/figure>\n<\/div><\/details>\n\n\n\n<details class=\"wp-block-karopharma-accordion\"><summary><h2 class=\"accordion-title\">Jeste li znali da je bolje oprati zube prije nano\u0161enja iWhite Dark Stains?<\/h2><\/summary><div class=\"accordion-content\">\n<p>\u010cetkanje uklanja biofilm sa zuba. Uklanjanjem ovog prirodnog sloja lubrikanta, proizvod mo\u017ee u\u010dinkovitije djelovati na povr\u0161inu zuba.<\/p>\n\n\n\n<figure class=\"wp-block-image size-large is-resized\"><img loading=\"lazy\" decoding=\"async\" width=\"1024\" height=\"1024\" src=\"https:\/\/iwhiteinstant.com\/app\/uploads\/sites\/12\/2024\/09\/darkstains-new-1024x1024.jpg\" alt=\"darkstains\" class=\"wp-image-71\" style=\"width:512px;height:512px\" srcset=\"https:\/\/iwhiteinstant.com\/app\/uploads\/sites\/12\/2024\/09\/darkstains-new-1024x1024.jpg 1024w, https:\/\/iwhiteinstant.com\/app\/uploads\/sites\/12\/2024\/09\/darkstains-new-320x320.jpg 320w, https:\/\/iwhiteinstant.com\/app\/uploads\/sites\/12\/2024\/09\/darkstains-new-150x150.jpg 150w, https:\/\/iwhiteinstant.com\/app\/uploads\/sites\/12\/2024\/09\/darkstains-new-768x768.jpg 768w, https:\/\/iwhiteinstant.com\/app\/uploads\/sites\/12\/2024\/09\/darkstains-new-300x300.jpg 300w, https:\/\/iwhiteinstant.com\/app\/uploads\/sites\/12\/2024\/09\/darkstains-new-600x600.jpg 600w, https:\/\/iwhiteinstant.com\/app\/uploads\/sites\/12\/2024\/09\/darkstains-new-100x100.jpg 100w, https:\/\/iwhiteinstant.com\/app\/uploads\/sites\/12\/2024\/09\/darkstains-new.jpg 1418w\" sizes=\"auto, (max-width: 1024px) 100vw, 1024px\" \/><\/figure>\n<\/div><\/details>\n\n\n\n<details class=\"wp-block-karopharma-accordion\"><summary><h2 class=\"accordion-title\">Je li bundeva dobra za zube?<\/h2><\/summary><div class=\"accordion-content\">\n<p>Da! Bundeva je bogata cinkom, magnezijem, vitaminom A i vitaminom C: svi su korisni za va\u0161e desni, caklinu i cjelokupno oralno zdravlje.<\/p>\n\n\n\n<figure class=\"wp-block-image size-large is-resized\"><img loading=\"lazy\" decoding=\"async\" width=\"1024\" height=\"1024\" src=\"https:\/\/iwhiteinstant.com\/app\/uploads\/sites\/12\/2024\/09\/pumpkin-1024x1024.jpg\" alt=\"bundeva\" class=\"wp-image-84\" style=\"width:512px;height:512px\" srcset=\"https:\/\/iwhiteinstant.com\/app\/uploads\/sites\/12\/2024\/09\/pumpkin-1024x1024.jpg 1024w, https:\/\/iwhiteinstant.com\/app\/uploads\/sites\/12\/2024\/09\/pumpkin-320x320.jpg 320w, https:\/\/iwhiteinstant.com\/app\/uploads\/sites\/12\/2024\/09\/pumpkin-150x150.jpg 150w, https:\/\/iwhiteinstant.com\/app\/uploads\/sites\/12\/2024\/09\/pumpkin-768x768.jpg 768w, https:\/\/iwhiteinstant.com\/app\/uploads\/sites\/12\/2024\/09\/pumpkin-300x300.jpg 300w, https:\/\/iwhiteinstant.com\/app\/uploads\/sites\/12\/2024\/09\/pumpkin-600x600.jpg 600w, https:\/\/iwhiteinstant.com\/app\/uploads\/sites\/12\/2024\/09\/pumpkin-100x100.jpg 100w, https:\/\/iwhiteinstant.com\/app\/uploads\/sites\/12\/2024\/09\/pumpkin.jpg 1080w\" sizes=\"auto, (max-width: 1024px) 100vw, 1024px\" \/><\/figure>\n<\/div><\/details>\n<\/div><\/div>\n","protected":false},"excerpt":{"rendered":"","protected":false},"author":2,"featured_media":0,"parent":0,"menu_order":0,"comment_status":"closed","ping_status":"closed","template":"","meta":{"_acf_changed":false,"footnotes":""},"from-article-database":[],"class_list":["post-31","page","type-page","status-publish","hentry"],"acf":[],"yoast_head":"<!-- This site is optimized with the Yoast SEO plugin v26.6 - https:\/\/yoast.com\/wordpress\/plugins\/seo\/ -->\n<title>Savjeti &amp; trikovi - iWhite<\/title>\n<meta name=\"description\" content=\"iWhite je predan va\u0161em oralnom zdravlju. Otkrijte na\u0161e savjete i trikove koji \u0107e vam pomo\u0107i da pobolj\u0161ate svoje oralno zdravlje.\" \/>\n<meta name=\"robots\" content=\"index, follow, max-snippet:-1, max-image-preview:large, max-video-preview:-1\" \/>\n<link rel=\"canonical\" href=\"https:\/\/iwhiteinstant.com\/hr\/savjeti-trikovi\/\" \/>\n<meta property=\"og:locale\" content=\"hr_HR\" \/>\n<meta property=\"og:type\" content=\"article\" \/>\n<meta property=\"og:title\" content=\"Savjeti &amp; trikovi - iWhite\" \/>\n<meta property=\"og:description\" content=\"iWhite je predan va\u0161em oralnom zdravlju. Otkrijte na\u0161e savjete i trikove koji \u0107e vam pomo\u0107i da pobolj\u0161ate svoje oralno zdravlje.\" \/>\n<meta property=\"og:url\" content=\"https:\/\/iwhiteinstant.com\/hr\/savjeti-trikovi\/\" \/>\n<meta property=\"og:site_name\" content=\"iWhite\" \/>\n<meta property=\"article:modified_time\" content=\"2024-12-20T14:10:15+00:00\" \/>\n<meta property=\"og:image\" content=\"https:\/\/iwhiteinstant.com\/app\/uploads\/sites\/12\/2024\/09\/how-long.jpg\" \/>\n\t<meta property=\"og:image:width\" content=\"1200\" \/>\n\t<meta property=\"og:image:height\" content=\"1200\" \/>\n\t<meta property=\"og:image:type\" content=\"image\/jpeg\" \/>\n<meta name=\"twitter:card\" content=\"summary_large_image\" \/>\n<meta name=\"twitter:label1\" content=\"Est. reading time\" \/>\n\t<meta name=\"twitter:data1\" content=\"4 minutes\" \/>\n<script type=\"application\/ld+json\" class=\"yoast-schema-graph\">{\"@context\":\"https:\/\/schema.org\",\"@graph\":[{\"@type\":\"WebPage\",\"@id\":\"https:\/\/iwhiteinstant.com\/hr\/savjeti-trikovi\/\",\"url\":\"https:\/\/iwhiteinstant.com\/hr\/savjeti-trikovi\/\",\"name\":\"Savjeti & trikovi - iWhite\",\"isPartOf\":{\"@id\":\"https:\/\/iwhiteinstant.com\/hr\/#website\"},\"primaryImageOfPage\":{\"@id\":\"https:\/\/iwhiteinstant.com\/hr\/savjeti-trikovi\/#primaryimage\"},\"image\":{\"@id\":\"https:\/\/iwhiteinstant.com\/hr\/savjeti-trikovi\/#primaryimage\"},\"thumbnailUrl\":\"https:\/\/iwhiteinstant.com\/app\/uploads\/sites\/12\/2024\/09\/how-long-1024x1024.jpg\",\"datePublished\":\"2024-09-11T12:03:53+00:00\",\"dateModified\":\"2024-12-20T14:10:15+00:00\",\"description\":\"iWhite je predan va\u0161em oralnom zdravlju. Otkrijte na\u0161e savjete i trikove koji \u0107e vam pomo\u0107i da pobolj\u0161ate svoje oralno zdravlje.\",\"breadcrumb\":{\"@id\":\"https:\/\/iwhiteinstant.com\/hr\/savjeti-trikovi\/#breadcrumb\"},\"inLanguage\":\"hr-HR\",\"potentialAction\":[{\"@type\":\"ReadAction\",\"target\":[\"https:\/\/iwhiteinstant.com\/hr\/savjeti-trikovi\/\"]}]},{\"@type\":\"ImageObject\",\"inLanguage\":\"hr-HR\",\"@id\":\"https:\/\/iwhiteinstant.com\/hr\/savjeti-trikovi\/#primaryimage\",\"url\":\"https:\/\/iwhiteinstant.com\/app\/uploads\/sites\/12\/2024\/09\/how-long-1024x1024.jpg\",\"contentUrl\":\"https:\/\/iwhiteinstant.com\/app\/uploads\/sites\/12\/2024\/09\/how-long-1024x1024.jpg\"},{\"@type\":\"BreadcrumbList\",\"@id\":\"https:\/\/iwhiteinstant.com\/hr\/savjeti-trikovi\/#breadcrumb\",\"itemListElement\":[{\"@type\":\"ListItem\",\"position\":1,\"name\":\"Home\",\"item\":\"https:\/\/iwhiteinstant.com\/hr\/\"},{\"@type\":\"ListItem\",\"position\":2,\"name\":\"Savjeti &#038; trikovi\"}]},{\"@type\":\"WebSite\",\"@id\":\"https:\/\/iwhiteinstant.com\/hr\/#website\",\"url\":\"https:\/\/iwhiteinstant.com\/hr\/\",\"name\":\"iWhite\",\"description\":\"\",\"publisher\":{\"@id\":\"https:\/\/iwhiteinstant.com\/hr\/#organization\"},\"potentialAction\":[{\"@type\":\"SearchAction\",\"target\":{\"@type\":\"EntryPoint\",\"urlTemplate\":\"https:\/\/iwhiteinstant.com\/hr\/?s={search_term_string}\"},\"query-input\":{\"@type\":\"PropertyValueSpecification\",\"valueRequired\":true,\"valueName\":\"search_term_string\"}}],\"inLanguage\":\"hr-HR\"},{\"@type\":\"Organization\",\"@id\":\"https:\/\/iwhiteinstant.com\/hr\/#organization\",\"name\":\"iWhite\",\"url\":\"https:\/\/iwhiteinstant.com\/hr\/\",\"logo\":{\"@type\":\"ImageObject\",\"inLanguage\":\"hr-HR\",\"@id\":\"https:\/\/iwhiteinstant.com\/hr\/#\/schema\/logo\/image\/\",\"url\":\"https:\/\/iwhiteinstant.com\/app\/uploads\/sites\/12\/2024\/09\/Iwhite-logo.png\",\"contentUrl\":\"https:\/\/iwhiteinstant.com\/app\/uploads\/sites\/12\/2024\/09\/Iwhite-logo.png\",\"width\":160,\"height\":40,\"caption\":\"iWhite\"},\"image\":{\"@id\":\"https:\/\/iwhiteinstant.com\/hr\/#\/schema\/logo\/image\/\"}}]}<\/script>\n<!-- \/ Yoast SEO plugin. -->","yoast_head_json":{"title":"Savjeti & trikovi - iWhite","description":"iWhite je predan va\u0161em oralnom zdravlju. Otkrijte na\u0161e savjete i trikove koji \u0107e vam pomo\u0107i da pobolj\u0161ate svoje oralno zdravlje.","robots":{"index":"index","follow":"follow","max-snippet":"max-snippet:-1","max-image-preview":"max-image-preview:large","max-video-preview":"max-video-preview:-1"},"canonical":"https:\/\/iwhiteinstant.com\/hr\/savjeti-trikovi\/","og_locale":"hr_HR","og_type":"article","og_title":"Savjeti & trikovi - iWhite","og_description":"iWhite je predan va\u0161em oralnom zdravlju. Otkrijte na\u0161e savjete i trikove koji \u0107e vam pomo\u0107i da pobolj\u0161ate svoje oralno zdravlje.","og_url":"https:\/\/iwhiteinstant.com\/hr\/savjeti-trikovi\/","og_site_name":"iWhite","article_modified_time":"2024-12-20T14:10:15+00:00","og_image":[{"width":1200,"height":1200,"url":"https:\/\/iwhiteinstant.com\/app\/uploads\/sites\/12\/2024\/09\/how-long.jpg","type":"image\/jpeg"}],"twitter_card":"summary_large_image","twitter_misc":{"Est. reading time":"4 minutes"},"schema":{"@context":"https:\/\/schema.org","@graph":[{"@type":"WebPage","@id":"https:\/\/iwhiteinstant.com\/hr\/savjeti-trikovi\/","url":"https:\/\/iwhiteinstant.com\/hr\/savjeti-trikovi\/","name":"Savjeti & trikovi - iWhite","isPartOf":{"@id":"https:\/\/iwhiteinstant.com\/hr\/#website"},"primaryImageOfPage":{"@id":"https:\/\/iwhiteinstant.com\/hr\/savjeti-trikovi\/#primaryimage"},"image":{"@id":"https:\/\/iwhiteinstant.com\/hr\/savjeti-trikovi\/#primaryimage"},"thumbnailUrl":"https:\/\/iwhiteinstant.com\/app\/uploads\/sites\/12\/2024\/09\/how-long-1024x1024.jpg","datePublished":"2024-09-11T12:03:53+00:00","dateModified":"2024-12-20T14:10:15+00:00","description":"iWhite je predan va\u0161em oralnom zdravlju. Otkrijte na\u0161e savjete i trikove koji \u0107e vam pomo\u0107i da pobolj\u0161ate svoje oralno zdravlje.","breadcrumb":{"@id":"https:\/\/iwhiteinstant.com\/hr\/savjeti-trikovi\/#breadcrumb"},"inLanguage":"hr-HR","potentialAction":[{"@type":"ReadAction","target":["https:\/\/iwhiteinstant.com\/hr\/savjeti-trikovi\/"]}]},{"@type":"ImageObject","inLanguage":"hr-HR","@id":"https:\/\/iwhiteinstant.com\/hr\/savjeti-trikovi\/#primaryimage","url":"https:\/\/iwhiteinstant.com\/app\/uploads\/sites\/12\/2024\/09\/how-long-1024x1024.jpg","contentUrl":"https:\/\/iwhiteinstant.com\/app\/uploads\/sites\/12\/2024\/09\/how-long-1024x1024.jpg"},{"@type":"BreadcrumbList","@id":"https:\/\/iwhiteinstant.com\/hr\/savjeti-trikovi\/#breadcrumb","itemListElement":[{"@type":"ListItem","position":1,"name":"Home","item":"https:\/\/iwhiteinstant.com\/hr\/"},{"@type":"ListItem","position":2,"name":"Savjeti &#038; trikovi"}]},{"@type":"WebSite","@id":"https:\/\/iwhiteinstant.com\/hr\/#website","url":"https:\/\/iwhiteinstant.com\/hr\/","name":"iWhite","description":"","publisher":{"@id":"https:\/\/iwhiteinstant.com\/hr\/#organization"},"potentialAction":[{"@type":"SearchAction","target":{"@type":"EntryPoint","urlTemplate":"https:\/\/iwhiteinstant.com\/hr\/?s={search_term_string}"},"query-input":{"@type":"PropertyValueSpecification","valueRequired":true,"valueName":"search_term_string"}}],"inLanguage":"hr-HR"},{"@type":"Organization","@id":"https:\/\/iwhiteinstant.com\/hr\/#organization","name":"iWhite","url":"https:\/\/iwhiteinstant.com\/hr\/","logo":{"@type":"ImageObject","inLanguage":"hr-HR","@id":"https:\/\/iwhiteinstant.com\/hr\/#\/schema\/logo\/image\/","url":"https:\/\/iwhiteinstant.com\/app\/uploads\/sites\/12\/2024\/09\/Iwhite-logo.png","contentUrl":"https:\/\/iwhiteinstant.com\/app\/uploads\/sites\/12\/2024\/09\/Iwhite-logo.png","width":160,"height":40,"caption":"iWhite"},"image":{"@id":"https:\/\/iwhiteinstant.com\/hr\/#\/schema\/logo\/image\/"}}]}},"_links":{"self":[{"href":"https:\/\/iwhiteinstant.com\/hr\/wp-json\/wp\/v2\/pages\/31","targetHints":{"allow":["GET"]}}],"collection":[{"href":"https:\/\/iwhiteinstant.com\/hr\/wp-json\/wp\/v2\/pages"}],"about":[{"href":"https:\/\/iwhiteinstant.com\/hr\/wp-json\/wp\/v2\/types\/page"}],"author":[{"embeddable":true,"href":"https:\/\/iwhiteinstant.com\/hr\/wp-json\/wp\/v2\/users\/2"}],"replies":[{"embeddable":true,"href":"https:\/\/iwhiteinstant.com\/hr\/wp-json\/wp\/v2\/comments?post=31"}],"version-history":[{"count":7,"href":"https:\/\/iwhiteinstant.com\/hr\/wp-json\/wp\/v2\/pages\/31\/revisions"}],"predecessor-version":[{"id":123,"href":"https:\/\/iwhiteinstant.com\/hr\/wp-json\/wp\/v2\/pages\/31\/revisions\/123"}],"wp:attachment":[{"href":"https:\/\/iwhiteinstant.com\/hr\/wp-json\/wp\/v2\/media?parent=31"}],"wp:term":[{"taxonomy":"from-article-database","embeddable":true,"href":"https:\/\/iwhiteinstant.com\/hr\/wp-json\/wp\/v2\/from-article-database?post=31"}],"curies":[{"name":"wp","href":"https:\/\/api.w.org\/{rel}","templated":true}]}}