{"id":33,"date":"2024-09-11T14:04:31","date_gmt":"2024-09-11T12:04:31","guid":{"rendered":"https:\/\/iwhiteinstant.com\/hr\/?page_id=33"},"modified":"2025-06-23T14:35:06","modified_gmt":"2025-06-23T12:35:06","slug":"faq","status":"publish","type":"page","link":"https:\/\/iwhiteinstant.com\/hr\/faq\/","title":{"rendered":"FAQ"},"content":{"rendered":"\n<div class=\"wp-block-karopharma-free-text pt-large pb-large bg-center bg-cover bg-no-repeat bg-box is-style-primary\" style=\"background-image:url(https:\/\/iwhiteinstant.com\/cdn-cgi\/image\/format=auto\/app\/uploads\/sites\/12\/2024\/09\/faq.jpg)\"><div class=\"free-text-wrapper container max-w-small text-center\">\n<h1 class=\"wp-block-heading is-style-heading-huge has-primary-color has-text-color\">\u010cesto postavljana pitanja<\/h1>\n\n\n\n<h2 class=\"wp-block-heading is-style-heading-h3\">Saznajte odgovore na uobi\u010dajena pitanja<\/h2>\n<\/div><\/div>\n\n\n\n<div class=\"wp-block-karopharma-accordions\"><div class=\"container\">\n<details class=\"wp-block-karopharma-accordion\"><summary><h2 class=\"accordion-title\">Koliko \u0107e moji zubi postati bjelji?<\/h2><\/summary><div class=\"accordion-content\">\n<p>Rezultati izbjeljivanja mogu se razlikovati od osobe do osobe i mogu ovisiti o podrijetlu i ozbiljnosti diskoloracije zuba ili o prirodi va\u0161e zubne strukture. Me\u0111utim, nekoliko neovisnih testova u\u010dinkovitosti pokazuje zna\u010dajne zadovoljavaju\u0107e rezultate s iWhite tehnologijom. Ova tehnologija dokazano izbjeljuje va\u0161e zube do 8 nijansi u samo jednom nano\u0161enju od 20 minuta.<\/p>\n<\/div><\/details>\n\n\n\n<details class=\"wp-block-karopharma-accordion\"><summary><h2 class=\"accordion-title\">Koliko dugo \u0107e trajati rezultati izbjeljivanja?<\/h2><\/summary><div class=\"accordion-content\">\n<p>To \u0107e ovisiti o va\u0161oj osobnoj oralnoj higijeni i po\u010detnoj diskoloraciji. Proizvodi kao \u0161to su duhan, crno vino, \u010daj i kava mogu izazvati nove promjene boje. Za optimalne rezultate preporu\u010dljivo je koristiti na\u0161e iWhite proizvode na dnevnoj, tjednoj i\/ili mjese\u010dnoj bazi.<\/p>\n<\/div><\/details>\n\n\n\n<details class=\"wp-block-karopharma-accordion\"><summary><h2 class=\"accordion-title\">Koliko \u010desto mogu koristiti iWhite proizvode za izbjeljivanje zubi?<\/h2><\/summary><div class=\"accordion-content\">\n<p>Ovisi o tome koji iWhite proizvod koristite. Na primjer, setovi za izbjeljivanje (iWhite Instant Whitening Kit, iWhite Instant2 Whitening Kit i iWhite Dark Stains Whitening Kit) mogu se koristiti svaki dan 5 uzastopnih dana, ali iWhite Express kit mo\u017ee se koristiti samo jednom tjedno. Preporu\u010dljivo je prije nano\u0161enja provjeriti upute za uporabu svakog proizvoda.<\/p>\n<\/div><\/details>\n\n\n\n<details class=\"wp-block-karopharma-accordion\"><summary><h2 class=\"accordion-title\">Jesu li iWhite proizvodi za izbjeljivanje zubi sigurni?<\/h2><\/summary><div class=\"accordion-content\">\n<p>Da, apsolutno, iWhite asortiman za izbjeljivanje zuba registrirani su kozmeti\u010dki proizvodi i sadr\u017ee odobrene europske kozmeti\u010dke sastojke. Budu\u0107i da iWhite proizvodi za izbjeljivanje zubi ne sadr\u017ee vodikov peroksid, ne\u0107e do\u0107i do o\u0161te\u0107enja i\/ili osjetljivosti zubi i\/ili desni.<\/p>\n<\/div><\/details>\n\n\n\n<details class=\"wp-block-karopharma-accordion\"><summary><h2 class=\"accordion-title\">Mogu li koristiti iWhite proizvode za izbjeljivanje zubi ako imam problema s desnima?<\/h2><\/summary><div class=\"accordion-content\">\n<p>Na\u0161a linija iWhite osjetljiva mogla bi biti savr\u0161eno rje\u0161enje za vas, no ipak je preporu\u010dljivo konzultirati se sa stomatologom prije uporabe proizvoda.<\/p>\n<\/div><\/details>\n\n\n\n<details class=\"wp-block-karopharma-accordion\"><summary><h2 class=\"accordion-title\">Mogu li koristiti iWhite proizvode za izbjeljivanje zubi ako sam imao\/imao stomatolo\u0161ke i\/ili ortodontske tretmane?<\/h2><\/summary><div class=\"accordion-content\">\n<p>Nemojte koristiti ovaj proizvod unutar 2 tjedna u slu\u010daju stomatolo\u0161kih i\/ili ortodontskih tretmana (plombe, krunice, implantati, otvoreni kanal, \u2026)<\/p>\n<\/div><\/details>\n\n\n\n<details class=\"wp-block-karopharma-accordion\"><summary><h2 class=\"accordion-title\">Ho\u0107e li iWhite proizvodi za izbjeljivanje zubi imati ikakav u\u010dinak na ispune, krunice i ljuskice?<\/h2><\/summary><div class=\"accordion-content\">\n<p>Krunice, ljuskice i ispune ne izbjeljuju, ali na njih ne\u0107e utjecati tretman.<\/p>\n<\/div><\/details>\n\n\n\n<details class=\"wp-block-karopharma-accordion\"><summary><h2 class=\"accordion-title\">Mo\u017ee li se linija za izbjeljivanje zubi iWhite koristiti tijekom trudno\u0107e i\/ili dojenja?<\/h2><\/summary><div class=\"accordion-content\">\n<p>Ne preporu\u010damo kori\u0161tenje iWhite asortimana za izbjeljivanje zubi dok ste trudni ili dojite.<\/p>\n<\/div><\/details>\n<\/div><\/div>\n","protected":false},"excerpt":{"rendered":"","protected":false},"author":2,"featured_media":0,"parent":0,"menu_order":0,"comment_status":"closed","ping_status":"closed","template":"","meta":{"_acf_changed":false,"footnotes":""},"from-article-database":[],"class_list":["post-33","page","type-page","status-publish","hentry"],"acf":[],"yoast_head":"<!-- This site is optimized with the Yoast SEO plugin v26.6 - https:\/\/yoast.com\/wordpress\/plugins\/seo\/ -->\n<title>FAQ - iWhite<\/title>\n<meta name=\"description\" content=\"Saznajte odgovore na uobi\u010dajena pitanja: Koliko \u0107e moji zubi postati bjelji? Koliko dugo \u0107e trajati rezultati izbjeljivanja?\" \/>\n<meta name=\"robots\" content=\"index, follow, max-snippet:-1, max-image-preview:large, max-video-preview:-1\" \/>\n<link rel=\"canonical\" href=\"https:\/\/iwhiteinstant.com\/hr\/faq\/\" \/>\n<meta property=\"og:locale\" content=\"hr_HR\" \/>\n<meta property=\"og:type\" content=\"article\" \/>\n<meta property=\"og:title\" content=\"FAQ - iWhite\" \/>\n<meta property=\"og:description\" content=\"Saznajte odgovore na uobi\u010dajena pitanja: Koliko \u0107e moji zubi postati bjelji? Koliko dugo \u0107e trajati rezultati izbjeljivanja?\" \/>\n<meta property=\"og:url\" content=\"https:\/\/iwhiteinstant.com\/hr\/faq\/\" \/>\n<meta property=\"og:site_name\" content=\"iWhite\" \/>\n<meta property=\"article:modified_time\" content=\"2025-06-23T12:35:06+00:00\" \/>\n<meta name=\"twitter:card\" content=\"summary_large_image\" \/>\n<meta name=\"twitter:label1\" content=\"Est. reading time\" \/>\n\t<meta name=\"twitter:data1\" content=\"2 minutes\" \/>\n<script type=\"application\/ld+json\" class=\"yoast-schema-graph\">{\"@context\":\"https:\/\/schema.org\",\"@graph\":[{\"@type\":\"WebPage\",\"@id\":\"https:\/\/iwhiteinstant.com\/hr\/faq\/\",\"url\":\"https:\/\/iwhiteinstant.com\/hr\/faq\/\",\"name\":\"FAQ - iWhite\",\"isPartOf\":{\"@id\":\"https:\/\/iwhiteinstant.com\/hr\/#website\"},\"datePublished\":\"2024-09-11T12:04:31+00:00\",\"dateModified\":\"2025-06-23T12:35:06+00:00\",\"description\":\"Saznajte odgovore na uobi\u010dajena pitanja: Koliko \u0107e moji zubi postati bjelji? Koliko dugo \u0107e trajati rezultati izbjeljivanja?\",\"breadcrumb\":{\"@id\":\"https:\/\/iwhiteinstant.com\/hr\/faq\/#breadcrumb\"},\"inLanguage\":\"hr-HR\",\"potentialAction\":[{\"@type\":\"ReadAction\",\"target\":[\"https:\/\/iwhiteinstant.com\/hr\/faq\/\"]}]},{\"@type\":\"BreadcrumbList\",\"@id\":\"https:\/\/iwhiteinstant.com\/hr\/faq\/#breadcrumb\",\"itemListElement\":[{\"@type\":\"ListItem\",\"position\":1,\"name\":\"Home\",\"item\":\"https:\/\/iwhiteinstant.com\/hr\/\"},{\"@type\":\"ListItem\",\"position\":2,\"name\":\"FAQ\"}]},{\"@type\":\"WebSite\",\"@id\":\"https:\/\/iwhiteinstant.com\/hr\/#website\",\"url\":\"https:\/\/iwhiteinstant.com\/hr\/\",\"name\":\"iWhite\",\"description\":\"\",\"publisher\":{\"@id\":\"https:\/\/iwhiteinstant.com\/hr\/#organization\"},\"potentialAction\":[{\"@type\":\"SearchAction\",\"target\":{\"@type\":\"EntryPoint\",\"urlTemplate\":\"https:\/\/iwhiteinstant.com\/hr\/?s={search_term_string}\"},\"query-input\":{\"@type\":\"PropertyValueSpecification\",\"valueRequired\":true,\"valueName\":\"search_term_string\"}}],\"inLanguage\":\"hr-HR\"},{\"@type\":\"Organization\",\"@id\":\"https:\/\/iwhiteinstant.com\/hr\/#organization\",\"name\":\"iWhite\",\"url\":\"https:\/\/iwhiteinstant.com\/hr\/\",\"logo\":{\"@type\":\"ImageObject\",\"inLanguage\":\"hr-HR\",\"@id\":\"https:\/\/iwhiteinstant.com\/hr\/#\/schema\/logo\/image\/\",\"url\":\"https:\/\/iwhiteinstant.com\/app\/uploads\/sites\/12\/2024\/09\/Iwhite-logo.png\",\"contentUrl\":\"https:\/\/iwhiteinstant.com\/app\/uploads\/sites\/12\/2024\/09\/Iwhite-logo.png\",\"width\":160,\"height\":40,\"caption\":\"iWhite\"},\"image\":{\"@id\":\"https:\/\/iwhiteinstant.com\/hr\/#\/schema\/logo\/image\/\"}}]}<\/script>\n<!-- \/ Yoast SEO plugin. -->","yoast_head_json":{"title":"FAQ - iWhite","description":"Saznajte odgovore na uobi\u010dajena pitanja: Koliko \u0107e moji zubi postati bjelji? Koliko dugo \u0107e trajati rezultati izbjeljivanja?","robots":{"index":"index","follow":"follow","max-snippet":"max-snippet:-1","max-image-preview":"max-image-preview:large","max-video-preview":"max-video-preview:-1"},"canonical":"https:\/\/iwhiteinstant.com\/hr\/faq\/","og_locale":"hr_HR","og_type":"article","og_title":"FAQ - iWhite","og_description":"Saznajte odgovore na uobi\u010dajena pitanja: Koliko \u0107e moji zubi postati bjelji? Koliko dugo \u0107e trajati rezultati izbjeljivanja?","og_url":"https:\/\/iwhiteinstant.com\/hr\/faq\/","og_site_name":"iWhite","article_modified_time":"2025-06-23T12:35:06+00:00","twitter_card":"summary_large_image","twitter_misc":{"Est. reading time":"2 minutes"},"schema":{"@context":"https:\/\/schema.org","@graph":[{"@type":"WebPage","@id":"https:\/\/iwhiteinstant.com\/hr\/faq\/","url":"https:\/\/iwhiteinstant.com\/hr\/faq\/","name":"FAQ - iWhite","isPartOf":{"@id":"https:\/\/iwhiteinstant.com\/hr\/#website"},"datePublished":"2024-09-11T12:04:31+00:00","dateModified":"2025-06-23T12:35:06+00:00","description":"Saznajte odgovore na uobi\u010dajena pitanja: Koliko \u0107e moji zubi postati bjelji? Koliko dugo \u0107e trajati rezultati izbjeljivanja?","breadcrumb":{"@id":"https:\/\/iwhiteinstant.com\/hr\/faq\/#breadcrumb"},"inLanguage":"hr-HR","potentialAction":[{"@type":"ReadAction","target":["https:\/\/iwhiteinstant.com\/hr\/faq\/"]}]},{"@type":"BreadcrumbList","@id":"https:\/\/iwhiteinstant.com\/hr\/faq\/#breadcrumb","itemListElement":[{"@type":"ListItem","position":1,"name":"Home","item":"https:\/\/iwhiteinstant.com\/hr\/"},{"@type":"ListItem","position":2,"name":"FAQ"}]},{"@type":"WebSite","@id":"https:\/\/iwhiteinstant.com\/hr\/#website","url":"https:\/\/iwhiteinstant.com\/hr\/","name":"iWhite","description":"","publisher":{"@id":"https:\/\/iwhiteinstant.com\/hr\/#organization"},"potentialAction":[{"@type":"SearchAction","target":{"@type":"EntryPoint","urlTemplate":"https:\/\/iwhiteinstant.com\/hr\/?s={search_term_string}"},"query-input":{"@type":"PropertyValueSpecification","valueRequired":true,"valueName":"search_term_string"}}],"inLanguage":"hr-HR"},{"@type":"Organization","@id":"https:\/\/iwhiteinstant.com\/hr\/#organization","name":"iWhite","url":"https:\/\/iwhiteinstant.com\/hr\/","logo":{"@type":"ImageObject","inLanguage":"hr-HR","@id":"https:\/\/iwhiteinstant.com\/hr\/#\/schema\/logo\/image\/","url":"https:\/\/iwhiteinstant.com\/app\/uploads\/sites\/12\/2024\/09\/Iwhite-logo.png","contentUrl":"https:\/\/iwhiteinstant.com\/app\/uploads\/sites\/12\/2024\/09\/Iwhite-logo.png","width":160,"height":40,"caption":"iWhite"},"image":{"@id":"https:\/\/iwhiteinstant.com\/hr\/#\/schema\/logo\/image\/"}}]}},"_links":{"self":[{"href":"https:\/\/iwhiteinstant.com\/hr\/wp-json\/wp\/v2\/pages\/33","targetHints":{"allow":["GET"]}}],"collection":[{"href":"https:\/\/iwhiteinstant.com\/hr\/wp-json\/wp\/v2\/pages"}],"about":[{"href":"https:\/\/iwhiteinstant.com\/hr\/wp-json\/wp\/v2\/types\/page"}],"author":[{"embeddable":true,"href":"https:\/\/iwhiteinstant.com\/hr\/wp-json\/wp\/v2\/users\/2"}],"replies":[{"embeddable":true,"href":"https:\/\/iwhiteinstant.com\/hr\/wp-json\/wp\/v2\/comments?post=33"}],"version-history":[{"count":4,"href":"https:\/\/iwhiteinstant.com\/hr\/wp-json\/wp\/v2\/pages\/33\/revisions"}],"predecessor-version":[{"id":133,"href":"https:\/\/iwhiteinstant.com\/hr\/wp-json\/wp\/v2\/pages\/33\/revisions\/133"}],"wp:attachment":[{"href":"https:\/\/iwhiteinstant.com\/hr\/wp-json\/wp\/v2\/media?parent=33"}],"wp:term":[{"taxonomy":"from-article-database","embeddable":true,"href":"https:\/\/iwhiteinstant.com\/hr\/wp-json\/wp\/v2\/from-article-database?post=33"}],"curies":[{"name":"wp","href":"https:\/\/api.w.org\/{rel}","templated":true}]}}