{"id":35,"date":"2024-09-11T14:05:47","date_gmt":"2024-09-11T12:05:47","guid":{"rendered":"https:\/\/iwhiteinstant.com\/hr\/?page_id=35"},"modified":"2024-12-20T15:10:12","modified_gmt":"2024-12-20T14:10:12","slug":"iwhite-rutina","status":"publish","type":"page","link":"https:\/\/iwhiteinstant.com\/hr\/iwhite-rutina\/","title":{"rendered":"iWhite rutina"},"content":{"rendered":"\n<div class=\"wp-block-karopharma-free-text pt-large pb-large bg-center bg-cover bg-no-repeat bg-box is-style-primary\" style=\"background-image:url(https:\/\/iwhiteinstant.com\/cdn-cgi\/image\/format=auto\/app\/uploads\/sites\/12\/2024\/09\/iwhite-routine.jpg)\"><div class=\"free-text-wrapper container max-w-small text-center\">\n<h1 class=\"wp-block-heading is-style-heading-huge has-primary-color has-text-color\">iWhite rutina<\/h1>\n\n\n\n<h2 class=\"wp-block-heading is-style-heading-h3\">Do trenuta\u010dno blistavog bijelog osmijeha zahvaljuju\u0107i na\u0161oj rutini izbjeljivanja u 2 koraka<\/h2>\n\n\n\n<p>iWhite stvarno vjeruje u va\u017enost stomatolo\u0161ke rutine. Zato iWhite nudi proizvode za svakodnevnu, tjednu i mjese\u010dnu upotrebu. Rutina izbjeljivanja zubi iWhite ne samo da \u0107e izbijeliti va\u0161e zube, ve\u0107 \u0107e ih i oja\u010dati.<\/p>\n<\/div><\/div>\n\n\n\n<div class=\"wp-block-karopharma-free-text pt-large pb-none bg-center bg-cover bg-no-repeat\" style=\"background-image:url()\"><div class=\"free-text-wrapper container max-w-medium text-center\">\n<h2 class=\"wp-block-heading\">Korak 1: mjese\u010dni tretman izbjeljivanja<\/h2>\n\n\n\n<p>Setovi za izbjeljivanje iWhite bitan su dio va\u0161e mjese\u010dne rutine izbjeljivanja. Klini\u010dki dokazani proizvodi jednostavni za kori\u0161tenje mogu se koristiti kao petodnevni tretman izbjeljivanja i izbijelit \u0107e va\u0161e zube do 8 nijansi.<\/p>\n<\/div><\/div>\n\n\n<div class=\"product-list wp-block-karopharma-product-list\" data-testid=\"product-list\">\n      <div class=\"swiper-container\">\n      <div class=\"swiper\">\n        <div class=\"swiper-wrapper\">\n                      <div class=\"swiper-slide\">\n              <div class=\"product-card\" data-testid=\"product-card\">\n  <a\n    href=https:\/\/iwhiteinstant.com\/hr\/proizvod\/iwhite-superior-set-za-izbjeljivanje\/\n    class=\"product-card-link\"\n    title=\"iWhite Superior set za izbjeljivanje\"\n  >\n  <figure class=\"product-card-image\" data-testid=\"product-image\">\n                          <img decoding=\"async\" src=\"https:\/\/iwhiteinstant.com\/cdn-cgi\/image\/width=700,format=auto\/app\/uploads\/sites\/12\/2024\/09\/iWhite-Superior-whitening-kit.png\"\n        srcset=\"https:\/\/iwhiteinstant.com\/cdn-cgi\/image\/width=250,format=auto\/app\/uploads\/sites\/12\/2024\/09\/iWhite-Superior-whitening-kit.png 250w,\n                https:\/\/iwhiteinstant.com\/cdn-cgi\/image\/width=500,format=auto\/app\/uploads\/sites\/12\/2024\/09\/iWhite-Superior-whitening-kit.png 500w,\n                https:\/\/iwhiteinstant.com\/cdn-cgi\/image\/width=700,format=auto\/app\/uploads\/sites\/12\/2024\/09\/iWhite-Superior-whitening-kit.png 700w\"\n        sizes=\"(max-width: 400px) 250px, (max-width: 800px) 500px, 700px\"\n        alt=\"iWhite Superior set za izbjeljivanje\"\n        class=\"img\">\n            <\/figure>\n    <div class=\"product-card-content\">\n      <div class=\"heading-wrapper\">\n        <h2 class=\"heading\">iWhite Superior set za izbjeljivanje<\/h2>\n      <\/div>\n      <div class=\"product-card-description\">Trenuta\u010dno izbjeljuje i ja\u010da va\u0161e zube.<\/div>\n                      <\/div>\n  <\/a>\n      <div class=\"button-wrapper\">\n    <a\n      href=https:\/\/iwhiteinstant.com\/hr\/proizvod\/iwhite-superior-set-za-izbjeljivanje\/\n      target=_self\n      class=\"theme-button button-primary-color rounded-button\"\n      rel=\"noopener\"\n      title=\"Pro\u010ditajte jo\u0161\"\n    >\n       Pro\u010ditajte jo\u0161\n    <\/a>\n<\/div>  <\/div>\n            <\/div>\n                  <\/div>\n        <div class=\"swiper-scrollbar\"><\/div>\n      <\/div>\n    <\/div>\n  <\/div>\n\n\n\n<div class=\"wp-block-karopharma-free-text pt-large pb-none bg-center bg-cover bg-no-repeat  is-style-primary\" style=\"background-image:url()\"><div class=\"free-text-wrapper container max-w-medium text-center\">\n<h2 class=\"wp-block-heading\">Korak 2: dnevna njega<\/h2>\n\n\n\n<p>Va\u017eno je prati zube dva puta dnevno kako bi bili zdravi i oja\u010dani. Zubne paste iWhite va\u0161 su savr\u0161en partner u izbjeljivanju i ja\u010danju va\u0161ih zubi.<\/p>\n<\/div><\/div>\n\n\n<div class=\"product-list wp-block-karopharma-product-list is-style-primary\" data-testid=\"product-list\">\n      <div class=\"swiper-container\">\n      <div class=\"swiper\">\n        <div class=\"swiper-wrapper\">\n                      <div class=\"swiper-slide\">\n              <div class=\"product-card\" data-testid=\"product-card\">\n  <a\n    href=https:\/\/iwhiteinstant.com\/hr\/proizvod\/iwhite-supreme-zubna-pasta-za-izbjeljivanje\/\n    class=\"product-card-link\"\n    title=\"iWhite Supreme zubna pasta za izbjeljivanje\"\n  >\n  <figure class=\"product-card-image\" data-testid=\"product-image\">\n                          <img decoding=\"async\" src=\"https:\/\/iwhiteinstant.com\/cdn-cgi\/image\/width=700,format=auto\/app\/uploads\/sites\/12\/2024\/09\/iWhite-Supreme-toothpaste.png\"\n        srcset=\"https:\/\/iwhiteinstant.com\/cdn-cgi\/image\/width=250,format=auto\/app\/uploads\/sites\/12\/2024\/09\/iWhite-Supreme-toothpaste.png 250w,\n                https:\/\/iwhiteinstant.com\/cdn-cgi\/image\/width=500,format=auto\/app\/uploads\/sites\/12\/2024\/09\/iWhite-Supreme-toothpaste.png 500w,\n                https:\/\/iwhiteinstant.com\/cdn-cgi\/image\/width=700,format=auto\/app\/uploads\/sites\/12\/2024\/09\/iWhite-Supreme-toothpaste.png 700w\"\n        sizes=\"(max-width: 400px) 250px, (max-width: 800px) 500px, 700px\"\n        alt=\"iWhite-Supreme-toothpaste\"\n        class=\"img\">\n            <\/figure>\n    <div class=\"product-card-content\">\n      <div class=\"heading-wrapper\">\n        <h2 class=\"heading\">iWhite Supreme zubna pasta za izbjeljivanje<\/h2>\n      <\/div>\n      <div class=\"product-card-description\">Izbjeljuje i \u0161titi va\u0161e zube stvaraju\u0107i za\u0161titni sloj na zubima.<\/div>\n                      <\/div>\n  <\/a>\n      <div class=\"button-wrapper\">\n    <a\n      href=https:\/\/iwhiteinstant.com\/hr\/proizvod\/iwhite-supreme-zubna-pasta-za-izbjeljivanje\/\n      target=_self\n      class=\"theme-button button-primary-color rounded-button\"\n      rel=\"noopener\"\n      title=\"Pro\u010ditajte jo\u0161\"\n    >\n       Pro\u010ditajte jo\u0161\n    <\/a>\n<\/div>  <\/div>\n            <\/div>\n                  <\/div>\n        <div class=\"swiper-scrollbar\"><\/div>\n      <\/div>\n    <\/div>\n  <\/div>\n\n\n\n<div class=\"wp-block-karopharma-free-text pt-large pb-none bg-center bg-cover bg-no-repeat\" style=\"background-image:url()\"><div class=\"free-text-wrapper container max-w-medium text-center\">\n<h3 class=\"wp-block-heading is-style-heading-h3\">Asortiman iWhite tako\u0111er nudi dodatne proizvode za ja\u010danje u\u010dinka va\u0161e dnevne rutine zubne higijene.<\/h3>\n<\/div><\/div>\n\n\n<div class=\"product-list wp-block-karopharma-product-list\" data-testid=\"product-list\">\n      <div class=\"swiper-container\">\n      <div class=\"swiper\">\n        <div class=\"swiper-wrapper\">\n                      <div class=\"swiper-slide\">\n              <div class=\"product-card\" data-testid=\"product-card\">\n  <a\n    href=https:\/\/iwhiteinstant.com\/hr\/proizvod\/iwhite-otapajuce-trakice-za-izbjeljivanje\/\n    class=\"product-card-link\"\n    title=\"iWhite otapaju\u0107e trakice za izbjeljivanje\"\n  >\n  <figure class=\"product-card-image\" data-testid=\"product-image\">\n                          <img decoding=\"async\" src=\"https:\/\/iwhiteinstant.com\/cdn-cgi\/image\/width=700,format=auto\/app\/uploads\/sites\/12\/2024\/09\/iWhite-Natural-Dissolving-Whitening-Strips.png\"\n        srcset=\"https:\/\/iwhiteinstant.com\/cdn-cgi\/image\/width=250,format=auto\/app\/uploads\/sites\/12\/2024\/09\/iWhite-Natural-Dissolving-Whitening-Strips.png 250w,\n                https:\/\/iwhiteinstant.com\/cdn-cgi\/image\/width=500,format=auto\/app\/uploads\/sites\/12\/2024\/09\/iWhite-Natural-Dissolving-Whitening-Strips.png 500w,\n                https:\/\/iwhiteinstant.com\/cdn-cgi\/image\/width=700,format=auto\/app\/uploads\/sites\/12\/2024\/09\/iWhite-Natural-Dissolving-Whitening-Strips.png 700w\"\n        sizes=\"(max-width: 400px) 250px, (max-width: 800px) 500px, 700px\"\n        alt=\"iWhite otapaju\u0107e trakice za izbjeljivanje\"\n        class=\"img\">\n            <\/figure>\n    <div class=\"product-card-content\">\n      <div class=\"heading-wrapper\">\n        <h2 class=\"heading\">iWhite otapaju\u0107e trakice za izbjeljivanje<\/h2>\n      <\/div>\n      <div class=\"product-card-description\">Sigurno izbjeljuju va\u0161e zube, bilo gdje i bilo kada<\/div>\n                      <\/div>\n  <\/a>\n      <div class=\"button-wrapper\">\n    <a\n      href=https:\/\/iwhiteinstant.com\/hr\/proizvod\/iwhite-otapajuce-trakice-za-izbjeljivanje\/\n      target=_self\n      class=\"theme-button button-primary-color rounded-button\"\n      rel=\"noopener\"\n      title=\"Pro\u010ditajte jo\u0161\"\n    >\n       Pro\u010ditajte jo\u0161\n    <\/a>\n<\/div>  <\/div>\n            <\/div>\n                  <\/div>\n        <div class=\"swiper-scrollbar\"><\/div>\n      <\/div>\n    <\/div>\n  <\/div>\n\n\n\n<div class=\"wp-block-karopharma-free-text pt-large pb-large bg-center bg-cover bg-no-repeat  is-style-secondary\" style=\"background-image:url()\"><div class=\"free-text-wrapper container max-w-medium text-center\">\n<h2 class=\"wp-block-heading is-style-heading-h2\">iWhite je predan va\u0161em oralnom zdravlju. Otkrijte na\u0161e savjete i trikove koji \u0107e vam pomo\u0107i da pobolj\u0161ate svoje oralno zdravlje.<\/h2>\n\n\n\n<div class=\"wp-block-buttons is-layout-flex wp-block-buttons-is-layout-flex\">\n<div class=\"wp-block-button\"><a class=\"wp-block-button__link wp-element-button\" href=\"https:\/\/iwhiteinstant.com\/hr\/savjeti-trikovi\/\">Savjeti &amp; trikovi<\/a><\/div>\n<\/div>\n<\/div><\/div>\n","protected":false},"excerpt":{"rendered":"","protected":false},"author":2,"featured_media":0,"parent":0,"menu_order":0,"comment_status":"closed","ping_status":"closed","template":"","meta":{"_acf_changed":false,"footnotes":""},"from-article-database":[],"class_list":["post-35","page","type-page","status-publish","hentry"],"acf":[],"yoast_head":"<!-- This site is optimized with the Yoast SEO plugin v26.6 - https:\/\/yoast.com\/wordpress\/plugins\/seo\/ -->\n<title>iWhite rutina - iWhite<\/title>\n<meta name=\"description\" content=\"iWhite stvarno vjeruje u va\u017enost stomatolo\u0161ke rutine. Zato iWhite nudi proizvode za svakodnevnu, tjednu i mjese\u010dnu upotrebu. Rutina izbjeljivanja zubi iWhite ne samo da \u0107e izbijeliti va\u0161e zube, ve\u0107 \u0107e ih i oja\u010dati.\" \/>\n<meta name=\"robots\" content=\"index, follow, max-snippet:-1, max-image-preview:large, max-video-preview:-1\" \/>\n<link rel=\"canonical\" href=\"https:\/\/iwhiteinstant.com\/hr\/iwhite-rutina\/\" \/>\n<meta property=\"og:locale\" content=\"hr_HR\" \/>\n<meta property=\"og:type\" content=\"article\" \/>\n<meta property=\"og:title\" content=\"iWhite rutina - iWhite\" \/>\n<meta property=\"og:description\" content=\"iWhite stvarno vjeruje u va\u017enost stomatolo\u0161ke rutine. Zato iWhite nudi proizvode za svakodnevnu, tjednu i mjese\u010dnu upotrebu. Rutina izbjeljivanja zubi iWhite ne samo da \u0107e izbijeliti va\u0161e zube, ve\u0107 \u0107e ih i oja\u010dati.\" \/>\n<meta property=\"og:url\" content=\"https:\/\/iwhiteinstant.com\/hr\/iwhite-rutina\/\" \/>\n<meta property=\"og:site_name\" content=\"iWhite\" \/>\n<meta property=\"article:modified_time\" content=\"2024-12-20T14:10:12+00:00\" \/>\n<meta name=\"twitter:card\" content=\"summary_large_image\" \/>\n<meta name=\"twitter:label1\" content=\"Est. reading time\" \/>\n\t<meta name=\"twitter:data1\" content=\"1 minute\" \/>\n<script type=\"application\/ld+json\" class=\"yoast-schema-graph\">{\"@context\":\"https:\/\/schema.org\",\"@graph\":[{\"@type\":\"WebPage\",\"@id\":\"https:\/\/iwhiteinstant.com\/hr\/iwhite-rutina\/\",\"url\":\"https:\/\/iwhiteinstant.com\/hr\/iwhite-rutina\/\",\"name\":\"iWhite rutina - iWhite\",\"isPartOf\":{\"@id\":\"https:\/\/iwhiteinstant.com\/hr\/#website\"},\"datePublished\":\"2024-09-11T12:05:47+00:00\",\"dateModified\":\"2024-12-20T14:10:12+00:00\",\"description\":\"iWhite stvarno vjeruje u va\u017enost stomatolo\u0161ke rutine. Zato iWhite nudi proizvode za svakodnevnu, tjednu i mjese\u010dnu upotrebu. Rutina izbjeljivanja zubi iWhite ne samo da \u0107e izbijeliti va\u0161e zube, ve\u0107 \u0107e ih i oja\u010dati.\",\"breadcrumb\":{\"@id\":\"https:\/\/iwhiteinstant.com\/hr\/iwhite-rutina\/#breadcrumb\"},\"inLanguage\":\"hr-HR\",\"potentialAction\":[{\"@type\":\"ReadAction\",\"target\":[\"https:\/\/iwhiteinstant.com\/hr\/iwhite-rutina\/\"]}]},{\"@type\":\"BreadcrumbList\",\"@id\":\"https:\/\/iwhiteinstant.com\/hr\/iwhite-rutina\/#breadcrumb\",\"itemListElement\":[{\"@type\":\"ListItem\",\"position\":1,\"name\":\"Home\",\"item\":\"https:\/\/iwhiteinstant.com\/hr\/\"},{\"@type\":\"ListItem\",\"position\":2,\"name\":\"iWhite rutina\"}]},{\"@type\":\"WebSite\",\"@id\":\"https:\/\/iwhiteinstant.com\/hr\/#website\",\"url\":\"https:\/\/iwhiteinstant.com\/hr\/\",\"name\":\"iWhite\",\"description\":\"\",\"publisher\":{\"@id\":\"https:\/\/iwhiteinstant.com\/hr\/#organization\"},\"potentialAction\":[{\"@type\":\"SearchAction\",\"target\":{\"@type\":\"EntryPoint\",\"urlTemplate\":\"https:\/\/iwhiteinstant.com\/hr\/?s={search_term_string}\"},\"query-input\":{\"@type\":\"PropertyValueSpecification\",\"valueRequired\":true,\"valueName\":\"search_term_string\"}}],\"inLanguage\":\"hr-HR\"},{\"@type\":\"Organization\",\"@id\":\"https:\/\/iwhiteinstant.com\/hr\/#organization\",\"name\":\"iWhite\",\"url\":\"https:\/\/iwhiteinstant.com\/hr\/\",\"logo\":{\"@type\":\"ImageObject\",\"inLanguage\":\"hr-HR\",\"@id\":\"https:\/\/iwhiteinstant.com\/hr\/#\/schema\/logo\/image\/\",\"url\":\"https:\/\/iwhiteinstant.com\/app\/uploads\/sites\/12\/2024\/09\/Iwhite-logo.png\",\"contentUrl\":\"https:\/\/iwhiteinstant.com\/app\/uploads\/sites\/12\/2024\/09\/Iwhite-logo.png\",\"width\":160,\"height\":40,\"caption\":\"iWhite\"},\"image\":{\"@id\":\"https:\/\/iwhiteinstant.com\/hr\/#\/schema\/logo\/image\/\"}}]}<\/script>\n<!-- \/ Yoast SEO plugin. -->","yoast_head_json":{"title":"iWhite rutina - iWhite","description":"iWhite stvarno vjeruje u va\u017enost stomatolo\u0161ke rutine. Zato iWhite nudi proizvode za svakodnevnu, tjednu i mjese\u010dnu upotrebu. Rutina izbjeljivanja zubi iWhite ne samo da \u0107e izbijeliti va\u0161e zube, ve\u0107 \u0107e ih i oja\u010dati.","robots":{"index":"index","follow":"follow","max-snippet":"max-snippet:-1","max-image-preview":"max-image-preview:large","max-video-preview":"max-video-preview:-1"},"canonical":"https:\/\/iwhiteinstant.com\/hr\/iwhite-rutina\/","og_locale":"hr_HR","og_type":"article","og_title":"iWhite rutina - iWhite","og_description":"iWhite stvarno vjeruje u va\u017enost stomatolo\u0161ke rutine. Zato iWhite nudi proizvode za svakodnevnu, tjednu i mjese\u010dnu upotrebu. Rutina izbjeljivanja zubi iWhite ne samo da \u0107e izbijeliti va\u0161e zube, ve\u0107 \u0107e ih i oja\u010dati.","og_url":"https:\/\/iwhiteinstant.com\/hr\/iwhite-rutina\/","og_site_name":"iWhite","article_modified_time":"2024-12-20T14:10:12+00:00","twitter_card":"summary_large_image","twitter_misc":{"Est. reading time":"1 minute"},"schema":{"@context":"https:\/\/schema.org","@graph":[{"@type":"WebPage","@id":"https:\/\/iwhiteinstant.com\/hr\/iwhite-rutina\/","url":"https:\/\/iwhiteinstant.com\/hr\/iwhite-rutina\/","name":"iWhite rutina - iWhite","isPartOf":{"@id":"https:\/\/iwhiteinstant.com\/hr\/#website"},"datePublished":"2024-09-11T12:05:47+00:00","dateModified":"2024-12-20T14:10:12+00:00","description":"iWhite stvarno vjeruje u va\u017enost stomatolo\u0161ke rutine. Zato iWhite nudi proizvode za svakodnevnu, tjednu i mjese\u010dnu upotrebu. Rutina izbjeljivanja zubi iWhite ne samo da \u0107e izbijeliti va\u0161e zube, ve\u0107 \u0107e ih i oja\u010dati.","breadcrumb":{"@id":"https:\/\/iwhiteinstant.com\/hr\/iwhite-rutina\/#breadcrumb"},"inLanguage":"hr-HR","potentialAction":[{"@type":"ReadAction","target":["https:\/\/iwhiteinstant.com\/hr\/iwhite-rutina\/"]}]},{"@type":"BreadcrumbList","@id":"https:\/\/iwhiteinstant.com\/hr\/iwhite-rutina\/#breadcrumb","itemListElement":[{"@type":"ListItem","position":1,"name":"Home","item":"https:\/\/iwhiteinstant.com\/hr\/"},{"@type":"ListItem","position":2,"name":"iWhite rutina"}]},{"@type":"WebSite","@id":"https:\/\/iwhiteinstant.com\/hr\/#website","url":"https:\/\/iwhiteinstant.com\/hr\/","name":"iWhite","description":"","publisher":{"@id":"https:\/\/iwhiteinstant.com\/hr\/#organization"},"potentialAction":[{"@type":"SearchAction","target":{"@type":"EntryPoint","urlTemplate":"https:\/\/iwhiteinstant.com\/hr\/?s={search_term_string}"},"query-input":{"@type":"PropertyValueSpecification","valueRequired":true,"valueName":"search_term_string"}}],"inLanguage":"hr-HR"},{"@type":"Organization","@id":"https:\/\/iwhiteinstant.com\/hr\/#organization","name":"iWhite","url":"https:\/\/iwhiteinstant.com\/hr\/","logo":{"@type":"ImageObject","inLanguage":"hr-HR","@id":"https:\/\/iwhiteinstant.com\/hr\/#\/schema\/logo\/image\/","url":"https:\/\/iwhiteinstant.com\/app\/uploads\/sites\/12\/2024\/09\/Iwhite-logo.png","contentUrl":"https:\/\/iwhiteinstant.com\/app\/uploads\/sites\/12\/2024\/09\/Iwhite-logo.png","width":160,"height":40,"caption":"iWhite"},"image":{"@id":"https:\/\/iwhiteinstant.com\/hr\/#\/schema\/logo\/image\/"}}]}},"_links":{"self":[{"href":"https:\/\/iwhiteinstant.com\/hr\/wp-json\/wp\/v2\/pages\/35","targetHints":{"allow":["GET"]}}],"collection":[{"href":"https:\/\/iwhiteinstant.com\/hr\/wp-json\/wp\/v2\/pages"}],"about":[{"href":"https:\/\/iwhiteinstant.com\/hr\/wp-json\/wp\/v2\/types\/page"}],"author":[{"embeddable":true,"href":"https:\/\/iwhiteinstant.com\/hr\/wp-json\/wp\/v2\/users\/2"}],"replies":[{"embeddable":true,"href":"https:\/\/iwhiteinstant.com\/hr\/wp-json\/wp\/v2\/comments?post=35"}],"version-history":[{"count":2,"href":"https:\/\/iwhiteinstant.com\/hr\/wp-json\/wp\/v2\/pages\/35\/revisions"}],"predecessor-version":[{"id":66,"href":"https:\/\/iwhiteinstant.com\/hr\/wp-json\/wp\/v2\/pages\/35\/revisions\/66"}],"wp:attachment":[{"href":"https:\/\/iwhiteinstant.com\/hr\/wp-json\/wp\/v2\/media?parent=35"}],"wp:term":[{"taxonomy":"from-article-database","embeddable":true,"href":"https:\/\/iwhiteinstant.com\/hr\/wp-json\/wp\/v2\/from-article-database?post=35"}],"curies":[{"name":"wp","href":"https:\/\/api.w.org\/{rel}","templated":true}]}}