{"id":6,"date":"2024-09-11T11:42:19","date_gmt":"2024-09-11T11:42:19","guid":{"rendered":"https:\/\/iwhiteinstant.com\/hr\/?page_id=6"},"modified":"2024-12-20T15:10:23","modified_gmt":"2024-12-20T14:10:23","slug":"iwhite","status":"publish","type":"page","link":"https:\/\/iwhiteinstant.com\/hr\/","title":{"rendered":"iWhite"},"content":{"rendered":"\n<div class=\"wp-block-karopharma-product-promotion text-align-left pt-medium pb-medium bg-center bg-cover bg-no-repeat\" style=\"background-image:url(https:\/\/iwhiteinstant.com\/cdn-cgi\/image\/format=auto\/app\/uploads\/sites\/12\/2024\/09\/test-bg.jpg)\"><div class=\"container max-w-medium\">\n<div class=\"wp-block-group is-layout-flow wp-block-group-is-layout-flow\">\n<figure class=\"wp-block-karopharma-product-promotion-image product-promotion-image\"><img fetchpriority=\"high\" decoding=\"async\" datatest=\"image\" src=\"https:\/\/iwhiteinstant.com\/cdn-cgi\/image\/format=auto\/app\/uploads\/sites\/12\/2024\/09\/iWhite-Natural-Dissolving-Whitening-Strips-hero.png\" loading=\"eager\" alt=\"iWhite-Natural-Dissolving-Whitening-Strips-hero\" width=\"800\" height=\"800\" srcset=\"https:\/\/iwhiteinstant.com\/cdn-cgi\/image\/format=auto,width=584\/app\/uploads\/sites\/12\/2024\/09\/iWhite-Natural-Dissolving-Whitening-Strips-hero.png 584w, https:\/\/iwhiteinstant.com\/cdn-cgi\/image\/format=auto,width=272\/app\/uploads\/sites\/12\/2024\/09\/iWhite-Natural-Dissolving-Whitening-Strips-hero.png 272w\" sizes=\"(max-width: 584px) 100vw, 584px\"\/><\/figure>\n<\/div>\n\n\n\n<div class=\"wp-block-group is-layout-flow wp-block-group-is-layout-flow\">\n<h1 class=\"wp-block-heading title is-style-heading-huge\"><mark style=\"background-color:rgba(0, 0, 0, 0)\" class=\"has-inline-color has-white-color\">iWhite je va\u0161 dnevni razlog za osmijeh<\/mark><\/h1>\n\n\n\n<ul class=\"wp-block-list is-style-icon has-white-color has-text-color\">\n<li><strong>Profesionalno izbjeljivanje zubi<\/strong><\/li>\n\n\n\n<li><strong>Jednostavno za kori\u0161tenje<\/strong><\/li>\n\n\n\n<li><strong>Klini\u010dki dokazano<\/strong><\/li>\n\n\n\n<li><strong>Trenutni u\u010dinak<\/strong><\/li>\n<\/ul>\n\n\n\n<div class=\"wp-block-buttons is-layout-flex wp-block-buttons-is-layout-flex\">\n<div class=\"wp-block-button\"><a class=\"wp-block-button__link wp-element-button\" href=\"https:\/\/iwhiteinstant.com\/hr\/proizvodi-iwhite\/\">Na\u0161 asortiman<\/a><\/div>\n<\/div>\n<\/div>\n<\/div><\/div>\n\n\n\n<div class=\"wp-block-karopharma-free-text pt-large pb-large bg-center bg-cover bg-no-repeat\" style=\"background-image:url()\"><div class=\"free-text-wrapper container max-w-medium text-left\">\n<h2 class=\"wp-block-heading is-style-heading-h2\">Izbjeljivanje zubi prirodno i bez napora!<\/h2>\n\n\n\n<h3 class=\"wp-block-heading is-style-heading-h4 has-primary-color has-text-color\">Otkrijte na\u0161e nove iWhite otapaju\u0107e trakice za izbjeljivanje zubi. Kako djeluju?<\/h3>\n\n\n\n<p>Trakice za izbjeljivanje ispunjene su na\u0161om u\u010dinkovitom iWhite tehnologijom i prirodnim sastojcima.<\/p>\n\n\n\n<p>Revolucionarna kombinacija koja je nje\u017ena prema va\u0161oj caklini, ali nemilosrdna prema mrljama\u2026<\/p>\n\n\n\n<p>Pru\u017eaju\u0107i vam blistavo bijeli osmijeh!<\/p>\n\n\n\n<p>Osim toga, iWhite trake za izbjeljivanje su samorazgradive, \u0161to zna\u010di da ih mo\u017eete koristiti bilo kada i bilo gdje. Bez gnjava\u017ee i komplikacija\u2026 samo nanesite, otopite i nasmije\u0161ite se!<\/p>\n\n\n\n<div class=\"wp-block-buttons is-layout-flex wp-block-buttons-is-layout-flex\">\n<div class=\"wp-block-button\"><a class=\"wp-block-button__link wp-element-button\" href=\"https:\/\/iwhiteinstant.com\/hr\/proizvod\/iwhite-otapajuce-trakice-za-izbjeljivanje\/\">\u017delite saznati vi\u0161e?<\/a><\/div>\n<\/div>\n<\/div><\/div>\n\n\n\n<div class=\"wp-block-karopharma-free-text pt-medium pb-none bg-center bg-cover bg-no-repeat  is-style-primary\" style=\"background-image:url()\"><div class=\"free-text-wrapper container max-w-medium text-left\">\n<h2 class=\"wp-block-heading\"><\/h2>\n<\/div><\/div>\n\n\n\n<div class=\"wp-block-karopharma-several-images-with-text several-images-with-text is-style-primary\"><div class=\"container large col-1 content-align-center\" test-data=\"inner-content\">\n<section class=\"wp-block-karopharma-image-with-text image-with-text image-with-text__full-width\"><div class=\"image-with-text-container \"><div class=\"image-with-text-container-image-container\"><img decoding=\"async\" loading=\"lazy\" src=\"https:\/\/iwhiteinstant.com\/cdn-cgi\/image\/format=auto\/app\/uploads\/sites\/12\/2024\/09\/instant-whitening-kits.jpg\" alt=\"instant-whitening-kits\"\/><\/div><div class=\"image-with-text-container-content\" style=\"text-align:left\" data-test=\"content\"><div class=\"content\"><h2>Setovi za trenutno izbjeljivanje<\/h2><p class=\"body\" data-test=\"body\">Jedinstvena tehnologija izbjeljivanja koja vam nudi trenutne rezultate izbjeljivanja i do 8 nijansi bjelje zube.<\/p>\n<div class=\"wp-block-buttons is-layout-flex wp-block-buttons-is-layout-flex\">\n<div class=\"wp-block-button\"><a class=\"wp-block-button__link wp-element-button\" href=\"https:\/\/iwhiteinstant.com\/hr\/kategorija-proizvoda\/setovi-za-izbjeljivanje\/\">Pogledajte proizvode<\/a><\/div>\n<\/div>\n<\/div><\/div><\/div><\/section>\n\n\n\n<section class=\"wp-block-karopharma-image-with-text image-with-text image-with-text__full-width\"><div class=\"image-with-text-container \"><div class=\"image-with-text-container-image-container\"><img decoding=\"async\" loading=\"lazy\" src=\"https:\/\/iwhiteinstant.com\/cdn-cgi\/image\/format=auto\/app\/uploads\/sites\/12\/2024\/09\/daily-whitening-products.jpg\" alt=\"daily-whitening-products\"\/><\/div><div class=\"image-with-text-container-content\" style=\"text-align:left\" data-test=\"content\"><div class=\"content\"><h2>Proizvodi za dnevno izbjeljivanje<\/h2><p class=\"body\" data-test=\"body\">Otkrijte na\u0161e proizvode za dnevnu njegu koji vam nude najbolju oralnu njegu i bjelje zube.<\/p>\n<div class=\"wp-block-buttons is-layout-flex wp-block-buttons-is-layout-flex\">\n<div class=\"wp-block-button\"><a class=\"wp-block-button__link wp-element-button\" href=\"https:\/\/iwhiteinstant.com\/hr\/proizvod\/iwhite-supreme-zubna-pasta-za-izbjeljivanje\/\">Pogledajte proizvode<\/a><\/div>\n<\/div>\n<\/div><\/div><\/div><\/section>\n\n\n\n<section class=\"wp-block-karopharma-image-with-text image-with-text image-with-text__full-width\"><div class=\"image-with-text-container \"><div class=\"image-with-text-container-image-container\"><img decoding=\"async\" loading=\"lazy\" src=\"https:\/\/iwhiteinstant.com\/cdn-cgi\/image\/format=auto\/app\/uploads\/sites\/12\/2024\/09\/natural-whitening-hero.jpg\" alt=\"natural-whitening-hero\"\/><\/div><div class=\"image-with-text-container-content\" style=\"text-align:left\" data-test=\"content\"><div class=\"content\"><h2>Prirodno izbjeljivanje<\/h2><p class=\"body\" data-test=\"body\">Revolucionarni proizvod koji spaja rezultate izbjeljivanja I prirodnost u jednom!<\/p>\n<div class=\"wp-block-buttons is-layout-flex wp-block-buttons-is-layout-flex\">\n<div class=\"wp-block-button\"><a class=\"wp-block-button__link wp-element-button\" href=\"https:\/\/iwhiteinstant.com\/hr\/proizvod\/iwhite-otapajuce-trakice-za-izbjeljivanje\/\">Pogledajte proizvode<\/a><\/div>\n<\/div>\n<\/div><\/div><\/div><\/section>\n<\/div><\/div>\n\n\n\n<div class=\"wp-block-karopharma-free-text pt-large pb-none bg-center bg-cover bg-no-repeat  is-style-transparent\" style=\"background-image:url()\"><div class=\"free-text-wrapper container max-w-medium text-left\">\n<h2 class=\"wp-block-heading has-text-align-center is-style-heading-h2 has-primary-color has-text-color\">Prona\u0111ite svoje savr\u0161eno rje\u0161enje za izbjeljivanje zubi<\/h2>\n<\/div><\/div>\n\n\n<div class=\"product-list wp-block-karopharma-product-list is-style-transparent\" data-testid=\"product-list\">\n      <div class=\"swiper-container\">\n      <div class=\"swiper\">\n        <div class=\"swiper-wrapper\">\n                      <div class=\"swiper-slide\">\n              <div class=\"product-card\" data-testid=\"product-card\">\n  <a\n    href=https:\/\/iwhiteinstant.com\/hr\/proizvod\/iwhite-dark-stains-set-za-izbjeljivanje\/\n    class=\"product-card-link\"\n    title=\"iWhite Dark Stains set za izbjeljivanje\"\n  >\n  <figure class=\"product-card-image\" data-testid=\"product-image\">\n                          <img decoding=\"async\" src=\"https:\/\/iwhiteinstant.com\/cdn-cgi\/image\/width=700,format=auto\/app\/uploads\/sites\/12\/2024\/09\/iWhite-Dark-stains-whitening-kit.png\"\n        srcset=\"https:\/\/iwhiteinstant.com\/cdn-cgi\/image\/width=250,format=auto\/app\/uploads\/sites\/12\/2024\/09\/iWhite-Dark-stains-whitening-kit.png 250w,\n                https:\/\/iwhiteinstant.com\/cdn-cgi\/image\/width=500,format=auto\/app\/uploads\/sites\/12\/2024\/09\/iWhite-Dark-stains-whitening-kit.png 500w,\n                https:\/\/iwhiteinstant.com\/cdn-cgi\/image\/width=700,format=auto\/app\/uploads\/sites\/12\/2024\/09\/iWhite-Dark-stains-whitening-kit.png 700w\"\n        sizes=\"(max-width: 400px) 250px, (max-width: 800px) 500px, 700px\"\n        alt=\"iWhite-Dark-stains-whitening-kit\"\n        class=\"img\">\n            <\/figure>\n    <div class=\"product-card-content\">\n      <div class=\"heading-wrapper\">\n        <h2 class=\"heading\">iWhite Dark Stains set za izbjeljivanje<\/h2>\n      <\/div>\n      <div class=\"product-card-description\">Uklanja mrlje od kave, \u010daja, duhana i crnog vina<\/div>\n                      <\/div>\n  <\/a>\n      <div class=\"button-wrapper\">\n    <a\n      href=https:\/\/iwhiteinstant.com\/hr\/proizvod\/iwhite-dark-stains-set-za-izbjeljivanje\/\n      target=_self\n      class=\"theme-button button-primary-color rounded-button\"\n      rel=\"noopener\"\n      title=\"Pro\u010ditajte jo\u0161\"\n    >\n       Pro\u010ditajte jo\u0161\n    <\/a>\n<\/div>  <\/div>\n            <\/div>\n                      <div class=\"swiper-slide\">\n              <div class=\"product-card\" data-testid=\"product-card\">\n  <a\n    href=https:\/\/iwhiteinstant.com\/hr\/proizvod\/iwhite-otapajuce-trakice-za-izbjeljivanje\/\n    class=\"product-card-link\"\n    title=\"iWhite otapaju\u0107e trakice za izbjeljivanje\"\n  >\n  <figure class=\"product-card-image\" data-testid=\"product-image\">\n                          <img decoding=\"async\" src=\"https:\/\/iwhiteinstant.com\/cdn-cgi\/image\/width=700,format=auto\/app\/uploads\/sites\/12\/2024\/09\/iWhite-Natural-Dissolving-Whitening-Strips.png\"\n        srcset=\"https:\/\/iwhiteinstant.com\/cdn-cgi\/image\/width=250,format=auto\/app\/uploads\/sites\/12\/2024\/09\/iWhite-Natural-Dissolving-Whitening-Strips.png 250w,\n                https:\/\/iwhiteinstant.com\/cdn-cgi\/image\/width=500,format=auto\/app\/uploads\/sites\/12\/2024\/09\/iWhite-Natural-Dissolving-Whitening-Strips.png 500w,\n                https:\/\/iwhiteinstant.com\/cdn-cgi\/image\/width=700,format=auto\/app\/uploads\/sites\/12\/2024\/09\/iWhite-Natural-Dissolving-Whitening-Strips.png 700w\"\n        sizes=\"(max-width: 400px) 250px, (max-width: 800px) 500px, 700px\"\n        alt=\"iWhite otapaju\u0107e trakice za izbjeljivanje\"\n        class=\"img\">\n            <\/figure>\n    <div class=\"product-card-content\">\n      <div class=\"heading-wrapper\">\n        <h2 class=\"heading\">iWhite otapaju\u0107e trakice za izbjeljivanje<\/h2>\n      <\/div>\n      <div class=\"product-card-description\">Sigurno izbjeljuju va\u0161e zube, bilo gdje i bilo kada<\/div>\n                      <\/div>\n  <\/a>\n      <div class=\"button-wrapper\">\n    <a\n      href=https:\/\/iwhiteinstant.com\/hr\/proizvod\/iwhite-otapajuce-trakice-za-izbjeljivanje\/\n      target=_self\n      class=\"theme-button button-primary-color rounded-button\"\n      rel=\"noopener\"\n      title=\"Pro\u010ditajte jo\u0161\"\n    >\n       Pro\u010ditajte jo\u0161\n    <\/a>\n<\/div>  <\/div>\n            <\/div>\n                      <div class=\"swiper-slide\">\n              <div class=\"product-card\" data-testid=\"product-card\">\n  <a\n    href=https:\/\/iwhiteinstant.com\/hr\/proizvod\/iwhite-supreme-zubna-pasta-za-izbjeljivanje\/\n    class=\"product-card-link\"\n    title=\"iWhite Supreme zubna pasta za izbjeljivanje\"\n  >\n  <figure class=\"product-card-image\" data-testid=\"product-image\">\n                          <img decoding=\"async\" src=\"https:\/\/iwhiteinstant.com\/cdn-cgi\/image\/width=700,format=auto\/app\/uploads\/sites\/12\/2024\/09\/iWhite-Supreme-toothpaste.png\"\n        srcset=\"https:\/\/iwhiteinstant.com\/cdn-cgi\/image\/width=250,format=auto\/app\/uploads\/sites\/12\/2024\/09\/iWhite-Supreme-toothpaste.png 250w,\n                https:\/\/iwhiteinstant.com\/cdn-cgi\/image\/width=500,format=auto\/app\/uploads\/sites\/12\/2024\/09\/iWhite-Supreme-toothpaste.png 500w,\n                https:\/\/iwhiteinstant.com\/cdn-cgi\/image\/width=700,format=auto\/app\/uploads\/sites\/12\/2024\/09\/iWhite-Supreme-toothpaste.png 700w\"\n        sizes=\"(max-width: 400px) 250px, (max-width: 800px) 500px, 700px\"\n        alt=\"iWhite-Supreme-toothpaste\"\n        class=\"img\">\n            <\/figure>\n    <div class=\"product-card-content\">\n      <div class=\"heading-wrapper\">\n        <h2 class=\"heading\">iWhite Supreme zubna pasta za izbjeljivanje<\/h2>\n      <\/div>\n      <div class=\"product-card-description\">Izbjeljuje i \u0161titi va\u0161e zube stvaraju\u0107i za\u0161titni sloj na zubima.<\/div>\n                      <\/div>\n  <\/a>\n      <div class=\"button-wrapper\">\n    <a\n      href=https:\/\/iwhiteinstant.com\/hr\/proizvod\/iwhite-supreme-zubna-pasta-za-izbjeljivanje\/\n      target=_self\n      class=\"theme-button button-primary-color rounded-button\"\n      rel=\"noopener\"\n      title=\"Pro\u010ditajte jo\u0161\"\n    >\n       Pro\u010ditajte jo\u0161\n    <\/a>\n<\/div>  <\/div>\n            <\/div>\n                      <div class=\"swiper-slide\">\n              <div class=\"product-card\" data-testid=\"product-card\">\n  <a\n    href=https:\/\/iwhiteinstant.com\/hr\/proizvod\/iwhite-superior-set-za-izbjeljivanje\/\n    class=\"product-card-link\"\n    title=\"iWhite Superior set za izbjeljivanje\"\n  >\n  <figure class=\"product-card-image\" data-testid=\"product-image\">\n                          <img decoding=\"async\" src=\"https:\/\/iwhiteinstant.com\/cdn-cgi\/image\/width=700,format=auto\/app\/uploads\/sites\/12\/2024\/09\/iWhite-Superior-whitening-kit.png\"\n        srcset=\"https:\/\/iwhiteinstant.com\/cdn-cgi\/image\/width=250,format=auto\/app\/uploads\/sites\/12\/2024\/09\/iWhite-Superior-whitening-kit.png 250w,\n                https:\/\/iwhiteinstant.com\/cdn-cgi\/image\/width=500,format=auto\/app\/uploads\/sites\/12\/2024\/09\/iWhite-Superior-whitening-kit.png 500w,\n                https:\/\/iwhiteinstant.com\/cdn-cgi\/image\/width=700,format=auto\/app\/uploads\/sites\/12\/2024\/09\/iWhite-Superior-whitening-kit.png 700w\"\n        sizes=\"(max-width: 400px) 250px, (max-width: 800px) 500px, 700px\"\n        alt=\"iWhite Superior set za izbjeljivanje\"\n        class=\"img\">\n            <\/figure>\n    <div class=\"product-card-content\">\n      <div class=\"heading-wrapper\">\n        <h2 class=\"heading\">iWhite Superior set za izbjeljivanje<\/h2>\n      <\/div>\n      <div class=\"product-card-description\">Trenuta\u010dno izbjeljuje i ja\u010da va\u0161e zube.<\/div>\n                      <\/div>\n  <\/a>\n      <div class=\"button-wrapper\">\n    <a\n      href=https:\/\/iwhiteinstant.com\/hr\/proizvod\/iwhite-superior-set-za-izbjeljivanje\/\n      target=_self\n      class=\"theme-button button-primary-color rounded-button\"\n      rel=\"noopener\"\n      title=\"Pro\u010ditajte jo\u0161\"\n    >\n       Pro\u010ditajte jo\u0161\n    <\/a>\n<\/div>  <\/div>\n            <\/div>\n                  <\/div>\n        <div class=\"swiper-scrollbar\"><\/div>\n      <\/div>\n    <\/div>\n  <\/div>\n","protected":false},"excerpt":{"rendered":"","protected":false},"author":2,"featured_media":0,"parent":0,"menu_order":0,"comment_status":"closed","ping_status":"closed","template":"","meta":{"_acf_changed":false,"footnotes":""},"from-article-database":[],"class_list":["post-6","page","type-page","status-publish","hentry"],"acf":[],"yoast_head":"<!-- This site is optimized with the Yoast SEO plugin v26.6 - https:\/\/yoast.com\/wordpress\/plugins\/seo\/ -->\n<title>iWhite - iWhite<\/title>\n<meta name=\"description\" content=\"Prona\u0111ite svoje savr\u0161eno rje\u0161enje za izbjeljivanje zubi: Profesionalno izbjeljivanje zubi - Jednostavno za kori\u0161tenje - Klini\u010dki dokazano - Trenutni u\u010dinak\" \/>\n<meta name=\"robots\" content=\"index, follow, max-snippet:-1, max-image-preview:large, max-video-preview:-1\" \/>\n<link rel=\"canonical\" href=\"https:\/\/iwhiteinstant.com\/hr\/\" \/>\n<meta property=\"og:locale\" content=\"hr_HR\" \/>\n<meta property=\"og:type\" content=\"article\" \/>\n<meta property=\"og:title\" content=\"iWhite - iWhite\" \/>\n<meta property=\"og:description\" content=\"Prona\u0111ite svoje savr\u0161eno rje\u0161enje za izbjeljivanje zubi: Profesionalno izbjeljivanje zubi - Jednostavno za kori\u0161tenje - Klini\u010dki dokazano - Trenutni u\u010dinak\" \/>\n<meta property=\"og:url\" content=\"https:\/\/iwhiteinstant.com\/hr\/\" \/>\n<meta property=\"og:site_name\" content=\"iWhite\" \/>\n<meta property=\"article:modified_time\" content=\"2024-12-20T14:10:23+00:00\" \/>\n<meta property=\"og:image\" content=\"https:\/\/iwhiteinstant.com\/cdn-cgi\/image\/format=auto\/app\/uploads\/sites\/12\/2024\/09\/iWhite-Natural-Dissolving-Whitening-Strips-hero.png\" \/>\n<meta name=\"twitter:card\" content=\"summary_large_image\" \/>\n<meta name=\"twitter:label1\" content=\"Est. reading time\" \/>\n\t<meta name=\"twitter:data1\" content=\"2 minutes\" \/>\n<script type=\"application\/ld+json\" class=\"yoast-schema-graph\">{\"@context\":\"https:\/\/schema.org\",\"@graph\":[{\"@type\":\"WebPage\",\"@id\":\"https:\/\/iwhiteinstant.com\/hr\/\",\"url\":\"https:\/\/iwhiteinstant.com\/hr\/\",\"name\":\"iWhite - iWhite\",\"isPartOf\":{\"@id\":\"https:\/\/iwhiteinstant.com\/hr\/#website\"},\"primaryImageOfPage\":{\"@id\":\"https:\/\/iwhiteinstant.com\/hr\/#primaryimage\"},\"image\":{\"@id\":\"https:\/\/iwhiteinstant.com\/hr\/#primaryimage\"},\"thumbnailUrl\":\"https:\/\/iwhiteinstant.com\/cdn-cgi\/image\/format=auto\/app\/uploads\/sites\/12\/2024\/09\/iWhite-Natural-Dissolving-Whitening-Strips-hero.png\",\"datePublished\":\"2024-09-11T11:42:19+00:00\",\"dateModified\":\"2024-12-20T14:10:23+00:00\",\"description\":\"Prona\u0111ite svoje savr\u0161eno rje\u0161enje za izbjeljivanje zubi: Profesionalno izbjeljivanje zubi - Jednostavno za kori\u0161tenje - Klini\u010dki dokazano - Trenutni u\u010dinak\",\"breadcrumb\":{\"@id\":\"https:\/\/iwhiteinstant.com\/hr\/#breadcrumb\"},\"inLanguage\":\"hr-HR\",\"potentialAction\":[{\"@type\":\"ReadAction\",\"target\":[\"https:\/\/iwhiteinstant.com\/hr\/\"]}]},{\"@type\":\"ImageObject\",\"inLanguage\":\"hr-HR\",\"@id\":\"https:\/\/iwhiteinstant.com\/hr\/#primaryimage\",\"url\":\"https:\/\/iwhiteinstant.com\/cdn-cgi\/image\/format=auto\/app\/uploads\/sites\/12\/2024\/09\/iWhite-Natural-Dissolving-Whitening-Strips-hero.png\",\"contentUrl\":\"https:\/\/iwhiteinstant.com\/cdn-cgi\/image\/format=auto\/app\/uploads\/sites\/12\/2024\/09\/iWhite-Natural-Dissolving-Whitening-Strips-hero.png\"},{\"@type\":\"BreadcrumbList\",\"@id\":\"https:\/\/iwhiteinstant.com\/hr\/#breadcrumb\",\"itemListElement\":[{\"@type\":\"ListItem\",\"position\":1,\"name\":\"Home\",\"item\":\"https:\/\/iwhiteinstant.com\/hr\/\"},{\"@type\":\"ListItem\",\"position\":2,\"name\":\"iWhite\"}]},{\"@type\":\"WebSite\",\"@id\":\"https:\/\/iwhiteinstant.com\/hr\/#website\",\"url\":\"https:\/\/iwhiteinstant.com\/hr\/\",\"name\":\"iWhite\",\"description\":\"\",\"publisher\":{\"@id\":\"https:\/\/iwhiteinstant.com\/hr\/#organization\"},\"potentialAction\":[{\"@type\":\"SearchAction\",\"target\":{\"@type\":\"EntryPoint\",\"urlTemplate\":\"https:\/\/iwhiteinstant.com\/hr\/?s={search_term_string}\"},\"query-input\":{\"@type\":\"PropertyValueSpecification\",\"valueRequired\":true,\"valueName\":\"search_term_string\"}}],\"inLanguage\":\"hr-HR\"},{\"@type\":\"Organization\",\"@id\":\"https:\/\/iwhiteinstant.com\/hr\/#organization\",\"name\":\"iWhite\",\"url\":\"https:\/\/iwhiteinstant.com\/hr\/\",\"logo\":{\"@type\":\"ImageObject\",\"inLanguage\":\"hr-HR\",\"@id\":\"https:\/\/iwhiteinstant.com\/hr\/#\/schema\/logo\/image\/\",\"url\":\"https:\/\/iwhiteinstant.com\/app\/uploads\/sites\/12\/2024\/09\/Iwhite-logo.png\",\"contentUrl\":\"https:\/\/iwhiteinstant.com\/app\/uploads\/sites\/12\/2024\/09\/Iwhite-logo.png\",\"width\":160,\"height\":40,\"caption\":\"iWhite\"},\"image\":{\"@id\":\"https:\/\/iwhiteinstant.com\/hr\/#\/schema\/logo\/image\/\"}}]}<\/script>\n<!-- \/ Yoast SEO plugin. -->","yoast_head_json":{"title":"iWhite - iWhite","description":"Prona\u0111ite svoje savr\u0161eno rje\u0161enje za izbjeljivanje zubi: Profesionalno izbjeljivanje zubi - Jednostavno za kori\u0161tenje - Klini\u010dki dokazano - Trenutni u\u010dinak","robots":{"index":"index","follow":"follow","max-snippet":"max-snippet:-1","max-image-preview":"max-image-preview:large","max-video-preview":"max-video-preview:-1"},"canonical":"https:\/\/iwhiteinstant.com\/hr\/","og_locale":"hr_HR","og_type":"article","og_title":"iWhite - iWhite","og_description":"Prona\u0111ite svoje savr\u0161eno rje\u0161enje za izbjeljivanje zubi: Profesionalno izbjeljivanje zubi - Jednostavno za kori\u0161tenje - Klini\u010dki dokazano - Trenutni u\u010dinak","og_url":"https:\/\/iwhiteinstant.com\/hr\/","og_site_name":"iWhite","article_modified_time":"2024-12-20T14:10:23+00:00","og_image":[{"url":"https:\/\/iwhiteinstant.com\/cdn-cgi\/image\/format=auto\/app\/uploads\/sites\/12\/2024\/09\/iWhite-Natural-Dissolving-Whitening-Strips-hero.png","type":"","width":"","height":""}],"twitter_card":"summary_large_image","twitter_misc":{"Est. reading time":"2 minutes"},"schema":{"@context":"https:\/\/schema.org","@graph":[{"@type":"WebPage","@id":"https:\/\/iwhiteinstant.com\/hr\/","url":"https:\/\/iwhiteinstant.com\/hr\/","name":"iWhite - iWhite","isPartOf":{"@id":"https:\/\/iwhiteinstant.com\/hr\/#website"},"primaryImageOfPage":{"@id":"https:\/\/iwhiteinstant.com\/hr\/#primaryimage"},"image":{"@id":"https:\/\/iwhiteinstant.com\/hr\/#primaryimage"},"thumbnailUrl":"https:\/\/iwhiteinstant.com\/cdn-cgi\/image\/format=auto\/app\/uploads\/sites\/12\/2024\/09\/iWhite-Natural-Dissolving-Whitening-Strips-hero.png","datePublished":"2024-09-11T11:42:19+00:00","dateModified":"2024-12-20T14:10:23+00:00","description":"Prona\u0111ite svoje savr\u0161eno rje\u0161enje za izbjeljivanje zubi: Profesionalno izbjeljivanje zubi - Jednostavno za kori\u0161tenje - Klini\u010dki dokazano - Trenutni u\u010dinak","breadcrumb":{"@id":"https:\/\/iwhiteinstant.com\/hr\/#breadcrumb"},"inLanguage":"hr-HR","potentialAction":[{"@type":"ReadAction","target":["https:\/\/iwhiteinstant.com\/hr\/"]}]},{"@type":"ImageObject","inLanguage":"hr-HR","@id":"https:\/\/iwhiteinstant.com\/hr\/#primaryimage","url":"https:\/\/iwhiteinstant.com\/cdn-cgi\/image\/format=auto\/app\/uploads\/sites\/12\/2024\/09\/iWhite-Natural-Dissolving-Whitening-Strips-hero.png","contentUrl":"https:\/\/iwhiteinstant.com\/cdn-cgi\/image\/format=auto\/app\/uploads\/sites\/12\/2024\/09\/iWhite-Natural-Dissolving-Whitening-Strips-hero.png"},{"@type":"BreadcrumbList","@id":"https:\/\/iwhiteinstant.com\/hr\/#breadcrumb","itemListElement":[{"@type":"ListItem","position":1,"name":"Home","item":"https:\/\/iwhiteinstant.com\/hr\/"},{"@type":"ListItem","position":2,"name":"iWhite"}]},{"@type":"WebSite","@id":"https:\/\/iwhiteinstant.com\/hr\/#website","url":"https:\/\/iwhiteinstant.com\/hr\/","name":"iWhite","description":"","publisher":{"@id":"https:\/\/iwhiteinstant.com\/hr\/#organization"},"potentialAction":[{"@type":"SearchAction","target":{"@type":"EntryPoint","urlTemplate":"https:\/\/iwhiteinstant.com\/hr\/?s={search_term_string}"},"query-input":{"@type":"PropertyValueSpecification","valueRequired":true,"valueName":"search_term_string"}}],"inLanguage":"hr-HR"},{"@type":"Organization","@id":"https:\/\/iwhiteinstant.com\/hr\/#organization","name":"iWhite","url":"https:\/\/iwhiteinstant.com\/hr\/","logo":{"@type":"ImageObject","inLanguage":"hr-HR","@id":"https:\/\/iwhiteinstant.com\/hr\/#\/schema\/logo\/image\/","url":"https:\/\/iwhiteinstant.com\/app\/uploads\/sites\/12\/2024\/09\/Iwhite-logo.png","contentUrl":"https:\/\/iwhiteinstant.com\/app\/uploads\/sites\/12\/2024\/09\/Iwhite-logo.png","width":160,"height":40,"caption":"iWhite"},"image":{"@id":"https:\/\/iwhiteinstant.com\/hr\/#\/schema\/logo\/image\/"}}]}},"_links":{"self":[{"href":"https:\/\/iwhiteinstant.com\/hr\/wp-json\/wp\/v2\/pages\/6","targetHints":{"allow":["GET"]}}],"collection":[{"href":"https:\/\/iwhiteinstant.com\/hr\/wp-json\/wp\/v2\/pages"}],"about":[{"href":"https:\/\/iwhiteinstant.com\/hr\/wp-json\/wp\/v2\/types\/page"}],"author":[{"embeddable":true,"href":"https:\/\/iwhiteinstant.com\/hr\/wp-json\/wp\/v2\/users\/2"}],"replies":[{"embeddable":true,"href":"https:\/\/iwhiteinstant.com\/hr\/wp-json\/wp\/v2\/comments?post=6"}],"version-history":[{"count":8,"href":"https:\/\/iwhiteinstant.com\/hr\/wp-json\/wp\/v2\/pages\/6\/revisions"}],"predecessor-version":[{"id":128,"href":"https:\/\/iwhiteinstant.com\/hr\/wp-json\/wp\/v2\/pages\/6\/revisions\/128"}],"wp:attachment":[{"href":"https:\/\/iwhiteinstant.com\/hr\/wp-json\/wp\/v2\/media?parent=6"}],"wp:term":[{"taxonomy":"from-article-database","embeddable":true,"href":"https:\/\/iwhiteinstant.com\/hr\/wp-json\/wp\/v2\/from-article-database?post=6"}],"curies":[{"name":"wp","href":"https:\/\/api.w.org\/{rel}","templated":true}]}}