{"id":52,"date":"2024-09-11T14:23:14","date_gmt":"2024-09-11T12:23:14","guid":{"rendered":"https:\/\/iwhiteinstant.com\/hr\/?post_type=product&#038;p=52"},"modified":"2024-12-20T15:10:09","modified_gmt":"2024-12-20T14:10:09","slug":"iwhite-superior-set-za-izbjeljivanje","status":"publish","type":"product","link":"https:\/\/iwhiteinstant.com\/hr\/proizvod\/iwhite-superior-set-za-izbjeljivanje\/","title":{"rendered":"iWhite Superior set za izbjeljivanje"},"content":{"rendered":"\n<div style=\"height:100px\" aria-hidden=\"true\" class=\"wp-block-spacer is-style-responsive-small\"><\/div>\n\n\n\n<section class=\"wp-block-karopharma-image-with-text image-with-text image-with-text__not-full-width is-style-primary\"><div class=\"image-with-text-container \"><div class=\"image-with-text-container-image-container\"><img decoding=\"async\" loading=\"lazy\" src=\"https:\/\/iwhiteinstant.com\/cdn-cgi\/image\/format=auto\/app\/uploads\/sites\/12\/2024\/09\/superior-image.jpg\" alt=\"superior-image\"\/><\/div><div class=\"image-with-text-container-content\" style=\"text-align:left\" data-test=\"content\"><div class=\"content\"><h2>Jednostavan za kori\u0161tenje<\/h2><p class=\"body\" data-test=\"body\">Ovaj profesionalni ku\u0107ni tretman jednostavan je za upotrebu i kori\u0161tenje. Udlage za jednokratnu upotrebu iWhite tanke su i fleksibilne kako bi osigurali udobno prianjanje i maksimalnu u\u010dinkovitost. Udlage iWhite sadr\u017ee novi, mo\u0107ni gel za izbjeljivanje pro\u017eet sodom bikarbonom i mineralima za izbjeljivanje\u2026 daju\u0107i vam bijeli i blistavi osmijeh. Povrh toga, ova nova formula je poja\u010dana kalcijem i ksilitolom, esencijalnim aktivnim tvarima s dokazanim klini\u010dkim iskustvom u ja\u010danju va\u0161ih zuba.<\/p>\n<div class=\"wp-block-buttons is-layout-flex wp-block-buttons-is-layout-flex\"><\/div>\n<\/div><\/div><\/div><\/section>\n\n\n\n<div class=\"wp-block-karopharma-accordions is-style-secondary\"><div class=\"container\">\n<details class=\"wp-block-karopharma-accordion\"><summary><h2 class=\"accordion-title\">Kako koristiti?<\/h2><\/summary><div class=\"accordion-content\">\n<p>Ovaj ku\u0107ni tretman treba nositi samo 20 minuta dnevno s trenuta\u010dnim u\u010dinkom izbjeljivanja nakon prve primjene, \u010dak i do 8 nijansi bjeljim zubima! Koristite 5 uzastopnih dana za jo\u0161 nevjerojatnije i optimalnije rezultate.<\/p>\n<\/div><\/details>\n\n\n\n<details class=\"wp-block-karopharma-accordion\"><summary><h2 class=\"accordion-title\">Kako iWhite Superior izbjeljuje i ja\u010da va\u0161e zube?<\/h2><\/summary><div class=\"accordion-content\">\n<p><strong>Djelovanje 1:<\/strong> iWhite tehnologija je poja\u010dana sastojcima za poja\u010davanje izbjeljivanja:<\/p>\n\n\n\n<ul class=\"is-style-default wp-block-list\">\n<li>100% prirodna soda bikarbona: prirodna aktivna tvar za izbjeljivanje zubi, tako\u0111er u\u010dinkovita u uklanjanju mrlja i daje vam blistaviji osmijeh.<\/li>\n\n\n\n<li>Inovativni prirodni vulkanski mineral, posebno dizajniran za maksimiziranje u\u010dinkovitosti izbjeljivanja uz po\u0161tivanje cakline.<\/li>\n<\/ul>\n\n\n\n<p><strong>Radnja 2:<\/strong> Budu\u0107i da i va\u0161i zubi stare, tako\u0111er je va\u017eno oja\u010dati i pobolj\u0161ati svoju caklinu kako biste za\u0161titili bjelinu svojih zubi:<\/p>\n\n\n\n<ul class=\"is-style-default wp-block-list\">\n<li>Mikrogranule kalcija : gubitak kalcija zbog starenja utjecat \u0107e na boju va\u0161ih zubi. Dodavanjem kalcija na\u0161em tretmanu za izbjeljivanje, poti\u010de se, oja\u010dava i obnavlja caklina. Micropearl tehnologija omogu\u0107uje koncentrirano i ciljano osloba\u0111anje aktivnih tvari \u0161to zna\u010di da Vi odlu\u010dujete kada i gdje \u0107e se koncentrirane aktivne tvari osloba\u0111ati. Dakle, kada stavite udlage u usta: morat \u0107ete nje\u017eno gurnuti udlage na zube, mikrogranule \u0107e prsnuti i tek tada se koncentrirane aktivne tvari osloba\u0111aju izravno na caklinu.<\/li>\n\n\n\n<li>Ksilitol je va\u017ean aktivni sastojak koji jam\u010di dentalnu higijenu. Kako? Sprje\u010dava nakupljanje kamenca i razmno\u017eavanje bakterija koje uzrokuju karijes i sprje\u010dava o\u0161te\u0107enje cakline.<\/li>\n<\/ul>\n<\/div><\/details>\n\n\n\n<details class=\"wp-block-karopharma-accordion\"><summary><h2 class=\"accordion-title\">\u0160to je iWhite Micropearl tehnologija?<\/h2><\/summary><div class=\"accordion-content\">\n<p>Inovativna tehnologija koja omogu\u0107uje koncentrirano i ciljano osloba\u0111anje aktivnih tvari iznutra. To zna\u010di da vi odlu\u010dujete kada i gdje \u0107e se koncentrirane aktivne tvari otpustiti izravno na caklinu. U setu za izbjeljivanje iWhite Dark Stains, aktivni mikrobiseri puni su kalcija.<\/p>\n<\/div><\/details>\n<\/div><\/div>\n\n\n\n<div class=\"wp-block-karopharma-free-text pt-large pb-none bg-center bg-cover bg-no-repeat\" style=\"background-image:url()\"><div class=\"free-text-wrapper container max-w-medium text-center\">\n<h2 class=\"wp-block-heading\">3 koraka do blistavog, bijelog osmijeha..<\/h2>\n<\/div><\/div>\n\n\n\n<section class=\"wp-block-karopharma-usp usp undefined\"><div class=\"usp-wrapper\">\n<section class=\"wp-block-karopharma-usp-single usp-single undefined\"><div class=\"icon\"><svg width=\"21\" height=\"16\" viewBox=\"0 0 21 16\" fill=\"none\" xmlns=\"http:\/\/www.w3.org\/2000\/svg\"><path d=\"M19.2567 0.164742L6.13095 13.2905L1.49056 8.65006C1.2709 8.4304 0.914742 8.4304 0.695039 8.65006L0.164742 9.18036C-0.0549141 9.40001 -0.0549141 9.75617 0.164742 9.97587L5.73321 15.5443C5.95287 15.764 6.30903 15.764 6.52873 15.5443L20.5825 1.4906C20.8021 1.27095 20.8021 0.914789 20.5825 0.695086L20.0521 0.164742C19.8325 -0.0549141 19.4763 -0.0549141 19.2567 0.164742Z\" fill=\"white\"><\/path><\/svg><\/div>\n<h4 class=\"wp-block-heading has-text-align-center is-style-heading-h4\">1. PRITISNITE<\/h4>\n\n\n\n<p class=\"has-text-align-center is-style-body-text\">Laganim guranjem udlaga, mikrokristali \u0107e prsnuti.<\/p>\n<\/section>\n\n\n\n<section class=\"wp-block-karopharma-usp-single usp-single undefined\"><div class=\"icon\"><svg width=\"21\" height=\"16\" viewBox=\"0 0 21 16\" fill=\"none\" xmlns=\"http:\/\/www.w3.org\/2000\/svg\"><path d=\"M19.2567 0.164742L6.13095 13.2905L1.49056 8.65006C1.2709 8.4304 0.914742 8.4304 0.695039 8.65006L0.164742 9.18036C-0.0549141 9.40001 -0.0549141 9.75617 0.164742 9.97587L5.73321 15.5443C5.95287 15.764 6.30903 15.764 6.52873 15.5443L20.5825 1.4906C20.8021 1.27095 20.8021 0.914789 20.5825 0.695086L20.0521 0.164742C19.8325 -0.0549141 19.4763 -0.0549141 19.2567 0.164742Z\" fill=\"white\"><\/path><\/svg><\/div>\n<h4 class=\"wp-block-heading has-text-align-center is-style-heading-h4\">2. AKTIVIRAJTE<\/h4>\n\n\n\n<p class=\"has-text-align-center is-style-body-text\">Osloba\u0111aju se koncentrirane aktivne tvari u mikrokristalima.<\/p>\n<\/section>\n\n\n\n<section class=\"wp-block-karopharma-usp-single usp-single undefined\"><div class=\"icon\"><svg width=\"21\" height=\"16\" viewBox=\"0 0 21 16\" fill=\"none\" xmlns=\"http:\/\/www.w3.org\/2000\/svg\"><path d=\"M19.2567 0.164742L6.13095 13.2905L1.49056 8.65006C1.2709 8.4304 0.914742 8.4304 0.695039 8.65006L0.164742 9.18036C-0.0549141 9.40001 -0.0549141 9.75617 0.164742 9.97587L5.73321 15.5443C5.95287 15.764 6.30903 15.764 6.52873 15.5443L20.5825 1.4906C20.8021 1.27095 20.8021 0.914789 20.5825 0.695086L20.0521 0.164742C19.8325 -0.0549141 19.4763 -0.0549141 19.2567 0.164742Z\" fill=\"white\"><\/path><\/svg><\/div>\n<h4 class=\"wp-block-heading has-text-align-center is-style-heading-h4\">3. REZULTAT<\/h4>\n\n\n\n<p class=\"has-text-align-center is-style-body-text\">iWhite gel za izbjeljivanje + Mikrokristali= \u010cAROLIJA! Nosite ga 20 minuta i sami se uvjerite u trenutne rezultate!!<\/p>\n<\/section>\n<\/div><\/section>\n","protected":false},"excerpt":{"rendered":"<p>Trenuta\u010dno izbjeljuje i ja\u010da va\u0161e zube.<\/p>\n","protected":false},"featured_media":62,"comment_status":"closed","ping_status":"closed","template":"","meta":{"_acf_changed":false,"footnotes":""},"product_brand":[],"product_cat":[18],"product_tag":[],"class_list":{"0":"post-52","1":"product","2":"type-product","3":"status-publish","4":"has-post-thumbnail","6":"product_cat-setovi-za-izbjeljivanje","8":"first","9":"instock","10":"shipping-taxable","11":"product-type-simple"},"acf":[],"yoast_head":"<!-- This site is optimized with the Yoast SEO plugin v26.6 - https:\/\/yoast.com\/wordpress\/plugins\/seo\/ -->\n<title>iWhite Superior set za izbjeljivanje - iWhite<\/title>\n<meta name=\"description\" content=\"iWhite Superior Whitening set pokre\u0107e nova i jedinstvena tehnologija izbjeljivanja zubi koja trenutno izbjeljuje zube do 8 nijansi* i ja\u010da zube.\" \/>\n<meta name=\"robots\" content=\"index, follow, max-snippet:-1, max-image-preview:large, max-video-preview:-1\" \/>\n<link rel=\"canonical\" href=\"https:\/\/iwhiteinstant.com\/hr\/proizvod\/iwhite-superior-set-za-izbjeljivanje\/\" \/>\n<meta property=\"og:locale\" content=\"hr_HR\" \/>\n<meta property=\"og:type\" content=\"article\" \/>\n<meta property=\"og:title\" content=\"iWhite Superior set za izbjeljivanje - iWhite\" \/>\n<meta property=\"og:description\" content=\"iWhite Superior Whitening set pokre\u0107e nova i jedinstvena tehnologija izbjeljivanja zubi koja trenutno izbjeljuje zube do 8 nijansi* i ja\u010da zube.\" \/>\n<meta property=\"og:url\" content=\"https:\/\/iwhiteinstant.com\/hr\/proizvod\/iwhite-superior-set-za-izbjeljivanje\/\" \/>\n<meta property=\"og:site_name\" content=\"iWhite\" \/>\n<meta property=\"article:modified_time\" content=\"2024-12-20T14:10:09+00:00\" \/>\n<meta property=\"og:image\" content=\"https:\/\/iwhiteinstant.com\/app\/uploads\/sites\/12\/2024\/09\/iWhite-Superior-whitening-kit.png\" \/>\n\t<meta property=\"og:image:width\" content=\"800\" \/>\n\t<meta property=\"og:image:height\" content=\"800\" \/>\n\t<meta property=\"og:image:type\" content=\"image\/png\" \/>\n<meta name=\"twitter:card\" content=\"summary_large_image\" \/>\n<meta name=\"twitter:label1\" content=\"Est. reading time\" \/>\n\t<meta name=\"twitter:data1\" content=\"3 minutes\" \/>\n<script type=\"application\/ld+json\" class=\"yoast-schema-graph\">{\"@context\":\"https:\/\/schema.org\",\"@graph\":[{\"@type\":\"WebPage\",\"@id\":\"https:\/\/iwhiteinstant.com\/hr\/proizvod\/iwhite-superior-set-za-izbjeljivanje\/\",\"url\":\"https:\/\/iwhiteinstant.com\/hr\/proizvod\/iwhite-superior-set-za-izbjeljivanje\/\",\"name\":\"iWhite Superior set za izbjeljivanje - iWhite\",\"isPartOf\":{\"@id\":\"https:\/\/iwhiteinstant.com\/hr\/#website\"},\"primaryImageOfPage\":{\"@id\":\"https:\/\/iwhiteinstant.com\/hr\/proizvod\/iwhite-superior-set-za-izbjeljivanje\/#primaryimage\"},\"image\":{\"@id\":\"https:\/\/iwhiteinstant.com\/hr\/proizvod\/iwhite-superior-set-za-izbjeljivanje\/#primaryimage\"},\"thumbnailUrl\":\"https:\/\/iwhiteinstant.com\/app\/uploads\/sites\/12\/2024\/09\/iWhite-Superior-whitening-kit.png\",\"datePublished\":\"2024-09-11T12:23:14+00:00\",\"dateModified\":\"2024-12-20T14:10:09+00:00\",\"description\":\"iWhite Superior Whitening set pokre\u0107e nova i jedinstvena tehnologija izbjeljivanja zubi koja trenutno izbjeljuje zube do 8 nijansi* i ja\u010da zube.\",\"breadcrumb\":{\"@id\":\"https:\/\/iwhiteinstant.com\/hr\/proizvod\/iwhite-superior-set-za-izbjeljivanje\/#breadcrumb\"},\"inLanguage\":\"hr-HR\",\"potentialAction\":[{\"@type\":\"ReadAction\",\"target\":[\"https:\/\/iwhiteinstant.com\/hr\/proizvod\/iwhite-superior-set-za-izbjeljivanje\/\"]}]},{\"@type\":\"ImageObject\",\"inLanguage\":\"hr-HR\",\"@id\":\"https:\/\/iwhiteinstant.com\/hr\/proizvod\/iwhite-superior-set-za-izbjeljivanje\/#primaryimage\",\"url\":\"https:\/\/iwhiteinstant.com\/app\/uploads\/sites\/12\/2024\/09\/iWhite-Superior-whitening-kit.png\",\"contentUrl\":\"https:\/\/iwhiteinstant.com\/app\/uploads\/sites\/12\/2024\/09\/iWhite-Superior-whitening-kit.png\",\"width\":800,\"height\":800,\"caption\":\"iWhite Superior set za izbjeljivanje\"},{\"@type\":\"BreadcrumbList\",\"@id\":\"https:\/\/iwhiteinstant.com\/hr\/proizvod\/iwhite-superior-set-za-izbjeljivanje\/#breadcrumb\",\"itemListElement\":[{\"@type\":\"ListItem\",\"position\":1,\"name\":\"Home\",\"item\":\"https:\/\/iwhiteinstant.com\/hr\/\"},{\"@type\":\"ListItem\",\"position\":2,\"name\":\"Proizvodi iWhite\",\"item\":\"https:\/\/iwhiteinstant.com\/hr\/proizvodi-iwhite\/\"},{\"@type\":\"ListItem\",\"position\":3,\"name\":\"iWhite Superior set za izbjeljivanje\"}]},{\"@type\":\"WebSite\",\"@id\":\"https:\/\/iwhiteinstant.com\/hr\/#website\",\"url\":\"https:\/\/iwhiteinstant.com\/hr\/\",\"name\":\"iWhite\",\"description\":\"\",\"publisher\":{\"@id\":\"https:\/\/iwhiteinstant.com\/hr\/#organization\"},\"potentialAction\":[{\"@type\":\"SearchAction\",\"target\":{\"@type\":\"EntryPoint\",\"urlTemplate\":\"https:\/\/iwhiteinstant.com\/hr\/?s={search_term_string}\"},\"query-input\":{\"@type\":\"PropertyValueSpecification\",\"valueRequired\":true,\"valueName\":\"search_term_string\"}}],\"inLanguage\":\"hr-HR\"},{\"@type\":\"Organization\",\"@id\":\"https:\/\/iwhiteinstant.com\/hr\/#organization\",\"name\":\"iWhite\",\"url\":\"https:\/\/iwhiteinstant.com\/hr\/\",\"logo\":{\"@type\":\"ImageObject\",\"inLanguage\":\"hr-HR\",\"@id\":\"https:\/\/iwhiteinstant.com\/hr\/#\/schema\/logo\/image\/\",\"url\":\"https:\/\/iwhiteinstant.com\/app\/uploads\/sites\/12\/2024\/09\/Iwhite-logo.png\",\"contentUrl\":\"https:\/\/iwhiteinstant.com\/app\/uploads\/sites\/12\/2024\/09\/Iwhite-logo.png\",\"width\":160,\"height\":40,\"caption\":\"iWhite\"},\"image\":{\"@id\":\"https:\/\/iwhiteinstant.com\/hr\/#\/schema\/logo\/image\/\"}}]}<\/script>\n<!-- \/ Yoast SEO plugin. -->","yoast_head_json":{"title":"iWhite Superior set za izbjeljivanje - iWhite","description":"iWhite Superior Whitening set pokre\u0107e nova i jedinstvena tehnologija izbjeljivanja zubi koja trenutno izbjeljuje zube do 8 nijansi* i ja\u010da zube.","robots":{"index":"index","follow":"follow","max-snippet":"max-snippet:-1","max-image-preview":"max-image-preview:large","max-video-preview":"max-video-preview:-1"},"canonical":"https:\/\/iwhiteinstant.com\/hr\/proizvod\/iwhite-superior-set-za-izbjeljivanje\/","og_locale":"hr_HR","og_type":"article","og_title":"iWhite Superior set za izbjeljivanje - iWhite","og_description":"iWhite Superior Whitening set pokre\u0107e nova i jedinstvena tehnologija izbjeljivanja zubi koja trenutno izbjeljuje zube do 8 nijansi* i ja\u010da zube.","og_url":"https:\/\/iwhiteinstant.com\/hr\/proizvod\/iwhite-superior-set-za-izbjeljivanje\/","og_site_name":"iWhite","article_modified_time":"2024-12-20T14:10:09+00:00","og_image":[{"width":800,"height":800,"url":"https:\/\/iwhiteinstant.com\/app\/uploads\/sites\/12\/2024\/09\/iWhite-Superior-whitening-kit.png","type":"image\/png"}],"twitter_card":"summary_large_image","twitter_misc":{"Est. reading time":"3 minutes"},"schema":{"@context":"https:\/\/schema.org","@graph":[{"@type":"WebPage","@id":"https:\/\/iwhiteinstant.com\/hr\/proizvod\/iwhite-superior-set-za-izbjeljivanje\/","url":"https:\/\/iwhiteinstant.com\/hr\/proizvod\/iwhite-superior-set-za-izbjeljivanje\/","name":"iWhite Superior set za izbjeljivanje - iWhite","isPartOf":{"@id":"https:\/\/iwhiteinstant.com\/hr\/#website"},"primaryImageOfPage":{"@id":"https:\/\/iwhiteinstant.com\/hr\/proizvod\/iwhite-superior-set-za-izbjeljivanje\/#primaryimage"},"image":{"@id":"https:\/\/iwhiteinstant.com\/hr\/proizvod\/iwhite-superior-set-za-izbjeljivanje\/#primaryimage"},"thumbnailUrl":"https:\/\/iwhiteinstant.com\/app\/uploads\/sites\/12\/2024\/09\/iWhite-Superior-whitening-kit.png","datePublished":"2024-09-11T12:23:14+00:00","dateModified":"2024-12-20T14:10:09+00:00","description":"iWhite Superior Whitening set pokre\u0107e nova i jedinstvena tehnologija izbjeljivanja zubi koja trenutno izbjeljuje zube do 8 nijansi* i ja\u010da zube.","breadcrumb":{"@id":"https:\/\/iwhiteinstant.com\/hr\/proizvod\/iwhite-superior-set-za-izbjeljivanje\/#breadcrumb"},"inLanguage":"hr-HR","potentialAction":[{"@type":"ReadAction","target":["https:\/\/iwhiteinstant.com\/hr\/proizvod\/iwhite-superior-set-za-izbjeljivanje\/"]}]},{"@type":"ImageObject","inLanguage":"hr-HR","@id":"https:\/\/iwhiteinstant.com\/hr\/proizvod\/iwhite-superior-set-za-izbjeljivanje\/#primaryimage","url":"https:\/\/iwhiteinstant.com\/app\/uploads\/sites\/12\/2024\/09\/iWhite-Superior-whitening-kit.png","contentUrl":"https:\/\/iwhiteinstant.com\/app\/uploads\/sites\/12\/2024\/09\/iWhite-Superior-whitening-kit.png","width":800,"height":800,"caption":"iWhite Superior set za izbjeljivanje"},{"@type":"BreadcrumbList","@id":"https:\/\/iwhiteinstant.com\/hr\/proizvod\/iwhite-superior-set-za-izbjeljivanje\/#breadcrumb","itemListElement":[{"@type":"ListItem","position":1,"name":"Home","item":"https:\/\/iwhiteinstant.com\/hr\/"},{"@type":"ListItem","position":2,"name":"Proizvodi iWhite","item":"https:\/\/iwhiteinstant.com\/hr\/proizvodi-iwhite\/"},{"@type":"ListItem","position":3,"name":"iWhite Superior set za izbjeljivanje"}]},{"@type":"WebSite","@id":"https:\/\/iwhiteinstant.com\/hr\/#website","url":"https:\/\/iwhiteinstant.com\/hr\/","name":"iWhite","description":"","publisher":{"@id":"https:\/\/iwhiteinstant.com\/hr\/#organization"},"potentialAction":[{"@type":"SearchAction","target":{"@type":"EntryPoint","urlTemplate":"https:\/\/iwhiteinstant.com\/hr\/?s={search_term_string}"},"query-input":{"@type":"PropertyValueSpecification","valueRequired":true,"valueName":"search_term_string"}}],"inLanguage":"hr-HR"},{"@type":"Organization","@id":"https:\/\/iwhiteinstant.com\/hr\/#organization","name":"iWhite","url":"https:\/\/iwhiteinstant.com\/hr\/","logo":{"@type":"ImageObject","inLanguage":"hr-HR","@id":"https:\/\/iwhiteinstant.com\/hr\/#\/schema\/logo\/image\/","url":"https:\/\/iwhiteinstant.com\/app\/uploads\/sites\/12\/2024\/09\/Iwhite-logo.png","contentUrl":"https:\/\/iwhiteinstant.com\/app\/uploads\/sites\/12\/2024\/09\/Iwhite-logo.png","width":160,"height":40,"caption":"iWhite"},"image":{"@id":"https:\/\/iwhiteinstant.com\/hr\/#\/schema\/logo\/image\/"}}]}},"_links":{"self":[{"href":"https:\/\/iwhiteinstant.com\/hr\/wp-json\/wp\/v2\/product\/52","targetHints":{"allow":["GET"]}}],"collection":[{"href":"https:\/\/iwhiteinstant.com\/hr\/wp-json\/wp\/v2\/product"}],"about":[{"href":"https:\/\/iwhiteinstant.com\/hr\/wp-json\/wp\/v2\/types\/product"}],"replies":[{"embeddable":true,"href":"https:\/\/iwhiteinstant.com\/hr\/wp-json\/wp\/v2\/comments?post=52"}],"version-history":[{"count":3,"href":"https:\/\/iwhiteinstant.com\/hr\/wp-json\/wp\/v2\/product\/52\/revisions"}],"predecessor-version":[{"id":111,"href":"https:\/\/iwhiteinstant.com\/hr\/wp-json\/wp\/v2\/product\/52\/revisions\/111"}],"wp:featuredmedia":[{"embeddable":true,"href":"https:\/\/iwhiteinstant.com\/hr\/wp-json\/wp\/v2\/media\/62"}],"wp:attachment":[{"href":"https:\/\/iwhiteinstant.com\/hr\/wp-json\/wp\/v2\/media?parent=52"}],"wp:term":[{"taxonomy":"product_brand","embeddable":true,"href":"https:\/\/iwhiteinstant.com\/hr\/wp-json\/wp\/v2\/product_brand?post=52"},{"taxonomy":"product_cat","embeddable":true,"href":"https:\/\/iwhiteinstant.com\/hr\/wp-json\/wp\/v2\/product_cat?post=52"},{"taxonomy":"product_tag","embeddable":true,"href":"https:\/\/iwhiteinstant.com\/hr\/wp-json\/wp\/v2\/product_tag?post=52"}],"curies":[{"name":"wp","href":"https:\/\/api.w.org\/{rel}","templated":true}]}}